{"id":197487,"date":"2025-02-26T23:01:54","date_gmt":"2025-02-26T22:01:54","guid":{"rendered":"https:\/\/revolutionpadelstore.com\/joma-spin-lady-2502-blanco\/"},"modified":"2026-04-08T06:08:11","modified_gmt":"2026-04-08T04:08:11","slug":"joma-spin-lady-2502-blanco-4","status":"publish","type":"product","link":"https:\/\/revolutionpadelstore.com\/it\/prodotto\/joma-spin-lady-2502-blanco-4\/","title":{"rendered":"JOMA SPIN LADY 2502 BLANCO"},"content":{"rendered":"<h2> <strong> joma spin lady 2502 sneaker bianchi &#8211; massima prestazione e stile in pista <\/strong> <\/h2>\n<p>Il Joma Spin Lady 2502 in bianco \u00e8 stato progettato per i giocatori di paddle che cercano il perfetto equilibrio tra comfort, stabilit\u00e0 e design elegante. La sua costruzione incorpora tecnologie avanzate che garantiscono un aggiustamento ergonomico, un&#8217;ammortizzazione pi\u00f9 elevata e una traspirabilit\u00e0 ottimale per mantenere i piedi freschi durante il gioco.<\/p>\n<p>Questo modello si distingue per la sua leggerezza e flessibilit\u00e0, consentendo movimenti agili e sicuri in pista. Inoltre, il suo design vuoto non solo fornisce raffinatezza, ma si combina anche con qualsiasi outfit sportivo.<\/p>\n<h2> <strong> Caratteristiche e tecnologie di Joma Spin Lady 2502 <\/strong> <\/h2>\n<p>-VTS (ventilazione del sistema totale) -Favora la circolazione dell&#8217;aria per mantenere i piedi asciutti e comodi.<br \/>\n-Flexhield -Sinforzi sintetici senza cuciture che forniscono stabilit\u00e0 e regolazione ottimali.<br \/>\n-Full Dual Pulsor -Densit\u00e0 a doppia densit\u00e0 che assorbe gli impatti e migliora lo smorzamento.<br \/>\n-Attire sfera -reazione di energia migliorata per un maggiore impulso in ciascuna impronta.<br \/>\n-Exo Counter -Rinforzo a ruota che garantisce protezione e una regolazione sicura. <\/p>\n<h2> <strong> Chi sono Joma Spin Lady 2502?<br \/>\nQueste scarpe sono progettate per i giocatori di paddle che cercano calzature che offrano loro stabilit\u00e0, comfort e design moderno. Sono ideali per coloro che danno la priorit\u00e0 all&#8217;ammortizzazione e alla durata senza rinunciare allo stile in pista.<\/p>\n<p>Se stai cercando scarpe che ti accompagnano in ogni punto con la migliore combinazione di comfort e tecnologia, Joma Spin Lady 2502 White sono la tua scelta migliore.<\/p>\n<h2> <strong> Perch\u00e9 acquistare Joma Spin Lady 2502? <\/strong> <\/h2>\n<p style=\"padding-left: 40px\">-massimo comfort e freschezza grazie al suo sistema di ventilazione.<br \/>\n-Ligereza e stabilit\u00e0 che ti permetteranno di muoverti in sicurezza in ogni gioco.<br \/>\n-In design elegante e versatile, ideale per combinarsi con qualsiasi attrezzatura.<br \/>\n-La durata con materiali resistenti e traspiranti. <\/p>\n<p>Non aspettare pi\u00f9 e equipaggiati con <strong> Joma Spin Lady 2502 <\/strong> per fare il meglio in ogni partita. Acquistali ora nel nostro negozio online <a href=\"https:\/\/chatgpt.com\/g\/g-675432e0268888191b6ee6d6f2fdbbb15e-optimization-textos\/c\/www.revolutionpadelstore.com\"> www.revolution.com &lt;\/aughta a best di mercato!<\/p>\n<h2><strong>Zapatillas Joma Spin Lady 2502 Blancas \u2013 M\u00e1ximo rendimiento y estilo en la pista<\/strong><\/p>\n","protected":false},"excerpt":{"rendered":"<p>Questo modello si distingue per il suo peso leggero e la grande flessibilit\u00e0, che facilita movimenti veloci e sicuri sulla pista. Inoltre, il suo elegante design bianco non solo fornisce un tocco sofisticato, ma si adatta anche facilmente a qualsiasi squadra sportiva.<\/p>\n","protected":false},"featured_media":197445,"comment_status":"open","ping_status":"closed","template":"","meta":{"_acf_changed":false,"_joinchat":[]},"acabado":[],"balance":[],"dureza":[],"forma":[],"jugador":[1196],"marca":[1226],"nivel-de-juego":[],"superficie":[],"tipo-de-juego":[],"product_brand":[],"product_cat":[832],"product_tag":[],"class_list":{"0":"post-197487","1":"product","2":"type-product","3":"status-publish","4":"has-post-thumbnail","6":"jugador-mujer-it","7":"marca-joma-it","8":"product_cat-scarpe-da-ginnastica","10":"first","11":"outofstock","12":"sale","13":"taxable","14":"shipping-taxable","15":"purchasable","16":"product-type-variable"},"acf":[],"yoast_head":"<!-- This site is optimized with the Yoast SEO plugin v27.4 - https:\/\/yoast.com\/product\/yoast-seo-wordpress\/ -->\n<title>JOMA SPIN LADY 2502 BLANCO - Revolution Padel Store<\/title>\n<meta name=\"description\" content=\"Compra las Joma Spin Lady 2502 Blancas, unas zapatillas de p\u00e1del ligeras, transpirables y con tecnolog\u00edas avanzadas para m\u00e1ximo rendimiento. \u00a1Entra ya en Revolution Padel Store!\" \/>\n<meta name=\"robots\" content=\"index, follow, max-snippet:-1, max-image-preview:large, max-video-preview:-1\" \/>\n<link rel=\"canonical\" href=\"https:\/\/revolutionpadelstore.com\/it\/prodotto\/joma-spin-lady-2502-blanco-4\/\" \/>\n<meta property=\"og:locale\" content=\"it_IT\" \/>\n<meta property=\"og:type\" content=\"article\" \/>\n<meta property=\"og:title\" content=\"JOMA SPIN LADY 2502 BLANCO - Revolution Padel Store\" \/>\n<meta property=\"og:description\" content=\"Compra las Joma Spin Lady 2502 Blancas, unas zapatillas de p\u00e1del ligeras, transpirables y con tecnolog\u00edas avanzadas para m\u00e1ximo rendimiento. \u00a1Entra ya en Revolution Padel Store!\" \/>\n<meta property=\"og:url\" content=\"https:\/\/revolutionpadelstore.com\/it\/prodotto\/joma-spin-lady-2502-blanco-4\/\" \/>\n<meta property=\"og:site_name\" content=\"Revolution Padel Store\" \/>\n<meta property=\"article:modified_time\" content=\"2026-04-08T04:08:11+00:00\" \/>\n<meta property=\"og:image\" content=\"https:\/\/revolutionpadelstore.com\/wp-content\/uploads\/2025\/02\/136.png\" \/>\n\t<meta property=\"og:image:width\" content=\"1500\" \/>\n\t<meta property=\"og:image:height\" content=\"1500\" \/>\n\t<meta property=\"og:image:type\" content=\"image\/png\" \/>\n<meta name=\"twitter:card\" content=\"summary_large_image\" \/>\n<meta name=\"twitter:label1\" content=\"Tempo di lettura stimato\" \/>\n\t<meta name=\"twitter:data1\" content=\"2 minuti\" \/>\n<script type=\"application\/ld+json\" class=\"yoast-schema-graph\">{\"@context\":\"https:\\\/\\\/schema.org\",\"@graph\":[{\"@type\":\"WebPage\",\"@id\":\"https:\\\/\\\/revolutionpadelstore.com\\\/it\\\/prodotto\\\/joma-spin-lady-2502-blanco-4\\\/\",\"url\":\"https:\\\/\\\/revolutionpadelstore.com\\\/it\\\/prodotto\\\/joma-spin-lady-2502-blanco-4\\\/\",\"name\":\"JOMA SPIN LADY 2502 BLANCO - Revolution Padel Store\",\"isPartOf\":{\"@id\":\"https:\\\/\\\/revolutionpadelstore.com\\\/it\\\/#website\"},\"primaryImageOfPage\":{\"@id\":\"https:\\\/\\\/revolutionpadelstore.com\\\/it\\\/prodotto\\\/joma-spin-lady-2502-blanco-4\\\/#primaryimage\"},\"image\":{\"@id\":\"https:\\\/\\\/revolutionpadelstore.com\\\/it\\\/prodotto\\\/joma-spin-lady-2502-blanco-4\\\/#primaryimage\"},\"thumbnailUrl\":\"https:\\\/\\\/revolutionpadelstore.com\\\/wp-content\\\/uploads\\\/2025\\\/02\\\/136.png\",\"datePublished\":\"2025-02-26T22:01:54+00:00\",\"dateModified\":\"2026-04-08T04:08:11+00:00\",\"description\":\"Compra las Joma Spin Lady 2502 Blancas, unas zapatillas de p\u00e1del ligeras, transpirables y con tecnolog\u00edas avanzadas para m\u00e1ximo rendimiento. \u00a1Entra ya en Revolution Padel Store!\",\"breadcrumb\":{\"@id\":\"https:\\\/\\\/revolutionpadelstore.com\\\/it\\\/prodotto\\\/joma-spin-lady-2502-blanco-4\\\/#breadcrumb\"},\"inLanguage\":\"it-IT\",\"potentialAction\":[{\"@type\":\"ReadAction\",\"target\":[\"https:\\\/\\\/revolutionpadelstore.com\\\/it\\\/prodotto\\\/joma-spin-lady-2502-blanco-4\\\/\"]}]},{\"@type\":\"ImageObject\",\"inLanguage\":\"it-IT\",\"@id\":\"https:\\\/\\\/revolutionpadelstore.com\\\/it\\\/prodotto\\\/joma-spin-lady-2502-blanco-4\\\/#primaryimage\",\"url\":\"https:\\\/\\\/revolutionpadelstore.com\\\/wp-content\\\/uploads\\\/2025\\\/02\\\/136.png\",\"contentUrl\":\"https:\\\/\\\/revolutionpadelstore.com\\\/wp-content\\\/uploads\\\/2025\\\/02\\\/136.png\",\"width\":1500,\"height\":1500},{\"@type\":\"BreadcrumbList\",\"@id\":\"https:\\\/\\\/revolutionpadelstore.com\\\/it\\\/prodotto\\\/joma-spin-lady-2502-blanco-4\\\/#breadcrumb\",\"itemListElement\":[{\"@type\":\"ListItem\",\"position\":1,\"name\":\"Portada\",\"item\":\"https:\\\/\\\/revolutionpadelstore.com\\\/it\\\/\"},{\"@type\":\"ListItem\",\"position\":2,\"name\":\"Tienda\",\"item\":\"https:\\\/\\\/revolutionpadelstore.com\\\/it\\\/tienda\\\/\"},{\"@type\":\"ListItem\",\"position\":3,\"name\":\"JOMA SPIN LADY 2502 BLANCO\"}]},{\"@type\":\"WebSite\",\"@id\":\"https:\\\/\\\/revolutionpadelstore.com\\\/it\\\/#website\",\"url\":\"https:\\\/\\\/revolutionpadelstore.com\\\/it\\\/\",\"name\":\"Revolution Padel Store\",\"description\":\"\",\"publisher\":{\"@id\":\"https:\\\/\\\/revolutionpadelstore.com\\\/it\\\/#organization\"},\"potentialAction\":[{\"@type\":\"SearchAction\",\"target\":{\"@type\":\"EntryPoint\",\"urlTemplate\":\"https:\\\/\\\/revolutionpadelstore.com\\\/it\\\/?s={search_term_string}\"},\"query-input\":{\"@type\":\"PropertyValueSpecification\",\"valueRequired\":true,\"valueName\":\"search_term_string\"}}],\"inLanguage\":\"it-IT\"},{\"@type\":\"Organization\",\"@id\":\"https:\\\/\\\/revolutionpadelstore.com\\\/it\\\/#organization\",\"name\":\"Revolution Padel Store\",\"url\":\"https:\\\/\\\/revolutionpadelstore.com\\\/it\\\/\",\"logo\":{\"@type\":\"ImageObject\",\"inLanguage\":\"it-IT\",\"@id\":\"https:\\\/\\\/revolutionpadelstore.com\\\/it\\\/#\\\/schema\\\/logo\\\/image\\\/\",\"url\":\"https:\\\/\\\/revolutionpadelstore.com\\\/wp-content\\\/uploads\\\/2026\\\/02\\\/revolution-padel-store.jpg\",\"contentUrl\":\"https:\\\/\\\/revolutionpadelstore.com\\\/wp-content\\\/uploads\\\/2026\\\/02\\\/revolution-padel-store.jpg\",\"width\":2000,\"height\":2000,\"caption\":\"Revolution Padel Store\"},\"image\":{\"@id\":\"https:\\\/\\\/revolutionpadelstore.com\\\/it\\\/#\\\/schema\\\/logo\\\/image\\\/\"},\"sameAs\":[\"https:\\\/\\\/www.instagram.com\\\/revolutionpadelstore\\\/\"]}]}<\/script>\n<!-- \/ Yoast SEO plugin. -->","yoast_head_json":{"title":"JOMA SPIN LADY 2502 BLANCO - Revolution Padel Store","description":"Compra las Joma Spin Lady 2502 Blancas, unas zapatillas de p\u00e1del ligeras, transpirables y con tecnolog\u00edas avanzadas para m\u00e1ximo rendimiento. \u00a1Entra ya en Revolution Padel Store!","robots":{"index":"index","follow":"follow","max-snippet":"max-snippet:-1","max-image-preview":"max-image-preview:large","max-video-preview":"max-video-preview:-1"},"canonical":"https:\/\/revolutionpadelstore.com\/it\/prodotto\/joma-spin-lady-2502-blanco-4\/","og_locale":"it_IT","og_type":"article","og_title":"JOMA SPIN LADY 2502 BLANCO - Revolution Padel Store","og_description":"Compra las Joma Spin Lady 2502 Blancas, unas zapatillas de p\u00e1del ligeras, transpirables y con tecnolog\u00edas avanzadas para m\u00e1ximo rendimiento. \u00a1Entra ya en Revolution Padel Store!","og_url":"https:\/\/revolutionpadelstore.com\/it\/prodotto\/joma-spin-lady-2502-blanco-4\/","og_site_name":"Revolution Padel Store","article_modified_time":"2026-04-08T04:08:11+00:00","og_image":[{"width":1500,"height":1500,"url":"https:\/\/revolutionpadelstore.com\/wp-content\/uploads\/2025\/02\/136.png","type":"image\/png"}],"twitter_card":"summary_large_image","twitter_misc":{"Tempo di lettura stimato":"2 minuti"},"schema":{"@context":"https:\/\/schema.org","@graph":[{"@type":"WebPage","@id":"https:\/\/revolutionpadelstore.com\/it\/prodotto\/joma-spin-lady-2502-blanco-4\/","url":"https:\/\/revolutionpadelstore.com\/it\/prodotto\/joma-spin-lady-2502-blanco-4\/","name":"JOMA SPIN LADY 2502 BLANCO - Revolution Padel Store","isPartOf":{"@id":"https:\/\/revolutionpadelstore.com\/it\/#website"},"primaryImageOfPage":{"@id":"https:\/\/revolutionpadelstore.com\/it\/prodotto\/joma-spin-lady-2502-blanco-4\/#primaryimage"},"image":{"@id":"https:\/\/revolutionpadelstore.com\/it\/prodotto\/joma-spin-lady-2502-blanco-4\/#primaryimage"},"thumbnailUrl":"https:\/\/revolutionpadelstore.com\/wp-content\/uploads\/2025\/02\/136.png","datePublished":"2025-02-26T22:01:54+00:00","dateModified":"2026-04-08T04:08:11+00:00","description":"Compra las Joma Spin Lady 2502 Blancas, unas zapatillas de p\u00e1del ligeras, transpirables y con tecnolog\u00edas avanzadas para m\u00e1ximo rendimiento. \u00a1Entra ya en Revolution Padel Store!","breadcrumb":{"@id":"https:\/\/revolutionpadelstore.com\/it\/prodotto\/joma-spin-lady-2502-blanco-4\/#breadcrumb"},"inLanguage":"it-IT","potentialAction":[{"@type":"ReadAction","target":["https:\/\/revolutionpadelstore.com\/it\/prodotto\/joma-spin-lady-2502-blanco-4\/"]}]},{"@type":"ImageObject","inLanguage":"it-IT","@id":"https:\/\/revolutionpadelstore.com\/it\/prodotto\/joma-spin-lady-2502-blanco-4\/#primaryimage","url":"https:\/\/revolutionpadelstore.com\/wp-content\/uploads\/2025\/02\/136.png","contentUrl":"https:\/\/revolutionpadelstore.com\/wp-content\/uploads\/2025\/02\/136.png","width":1500,"height":1500},{"@type":"BreadcrumbList","@id":"https:\/\/revolutionpadelstore.com\/it\/prodotto\/joma-spin-lady-2502-blanco-4\/#breadcrumb","itemListElement":[{"@type":"ListItem","position":1,"name":"Portada","item":"https:\/\/revolutionpadelstore.com\/it\/"},{"@type":"ListItem","position":2,"name":"Tienda","item":"https:\/\/revolutionpadelstore.com\/it\/tienda\/"},{"@type":"ListItem","position":3,"name":"JOMA SPIN LADY 2502 BLANCO"}]},{"@type":"WebSite","@id":"https:\/\/revolutionpadelstore.com\/it\/#website","url":"https:\/\/revolutionpadelstore.com\/it\/","name":"Revolution Padel Store","description":"","publisher":{"@id":"https:\/\/revolutionpadelstore.com\/it\/#organization"},"potentialAction":[{"@type":"SearchAction","target":{"@type":"EntryPoint","urlTemplate":"https:\/\/revolutionpadelstore.com\/it\/?s={search_term_string}"},"query-input":{"@type":"PropertyValueSpecification","valueRequired":true,"valueName":"search_term_string"}}],"inLanguage":"it-IT"},{"@type":"Organization","@id":"https:\/\/revolutionpadelstore.com\/it\/#organization","name":"Revolution Padel Store","url":"https:\/\/revolutionpadelstore.com\/it\/","logo":{"@type":"ImageObject","inLanguage":"it-IT","@id":"https:\/\/revolutionpadelstore.com\/it\/#\/schema\/logo\/image\/","url":"https:\/\/revolutionpadelstore.com\/wp-content\/uploads\/2026\/02\/revolution-padel-store.jpg","contentUrl":"https:\/\/revolutionpadelstore.com\/wp-content\/uploads\/2026\/02\/revolution-padel-store.jpg","width":2000,"height":2000,"caption":"Revolution Padel Store"},"image":{"@id":"https:\/\/revolutionpadelstore.com\/it\/#\/schema\/logo\/image\/"},"sameAs":["https:\/\/www.instagram.com\/revolutionpadelstore\/"]}]}},"_links":{"self":[{"href":"https:\/\/revolutionpadelstore.com\/it\/wp-json\/wp\/v2\/product\/197487","targetHints":{"allow":["GET"]}}],"collection":[{"href":"https:\/\/revolutionpadelstore.com\/it\/wp-json\/wp\/v2\/product"}],"about":[{"href":"https:\/\/revolutionpadelstore.com\/it\/wp-json\/wp\/v2\/types\/product"}],"replies":[{"embeddable":true,"href":"https:\/\/revolutionpadelstore.com\/it\/wp-json\/wp\/v2\/comments?post=197487"}],"wp:featuredmedia":[{"embeddable":true,"href":"https:\/\/revolutionpadelstore.com\/it\/wp-json\/wp\/v2\/media\/197445"}],"wp:attachment":[{"href":"https:\/\/revolutionpadelstore.com\/it\/wp-json\/wp\/v2\/media?parent=197487"}],"wp:term":[{"taxonomy":"acabado","embeddable":true,"href":"https:\/\/revolutionpadelstore.com\/it\/wp-json\/wp\/v2\/acabado?post=197487"},{"taxonomy":"balance","embeddable":true,"href":"https:\/\/revolutionpadelstore.com\/it\/wp-json\/wp\/v2\/balance?post=197487"},{"taxonomy":"dureza","embeddable":true,"href":"https:\/\/revolutionpadelstore.com\/it\/wp-json\/wp\/v2\/dureza?post=197487"},{"taxonomy":"forma","embeddable":true,"href":"https:\/\/revolutionpadelstore.com\/it\/wp-json\/wp\/v2\/forma?post=197487"},{"taxonomy":"jugador","embeddable":true,"href":"https:\/\/revolutionpadelstore.com\/it\/wp-json\/wp\/v2\/jugador?post=197487"},{"taxonomy":"marca","embeddable":true,"href":"https:\/\/revolutionpadelstore.com\/it\/wp-json\/wp\/v2\/marca?post=197487"},{"taxonomy":"nivel-de-juego","embeddable":true,"href":"https:\/\/revolutionpadelstore.com\/it\/wp-json\/wp\/v2\/nivel-de-juego?post=197487"},{"taxonomy":"superficie","embeddable":true,"href":"https:\/\/revolutionpadelstore.com\/it\/wp-json\/wp\/v2\/superficie?post=197487"},{"taxonomy":"tipo-de-juego","embeddable":true,"href":"https:\/\/revolutionpadelstore.com\/it\/wp-json\/wp\/v2\/tipo-de-juego?post=197487"},{"taxonomy":"product_brand","embeddable":true,"href":"https:\/\/revolutionpadelstore.com\/it\/wp-json\/wp\/v2\/product_brand?post=197487"},{"taxonomy":"product_cat","embeddable":true,"href":"https:\/\/revolutionpadelstore.com\/it\/wp-json\/wp\/v2\/product_cat?post=197487"},{"taxonomy":"product_tag","embeddable":true,"href":"https:\/\/revolutionpadelstore.com\/it\/wp-json\/wp\/v2\/product_tag?post=197487"}],"curies":[{"name":"wp","href":"https:\/\/api.w.org\/{rel}","templated":true}]}}