{"id":197414,"date":"2025-02-26T18:52:35","date_gmt":"2025-02-26T17:52:35","guid":{"rendered":"https:\/\/revolutionpadelstore.com\/joma-spin-men-2542-blanco-turquesa\/"},"modified":"2026-04-08T06:08:59","modified_gmt":"2026-04-08T04:08:59","slug":"joma-spin-men-2542-blanco-turquesa-4","status":"publish","type":"product","link":"https:\/\/revolutionpadelstore.com\/it\/prodotto\/joma-spin-men-2542-blanco-turquesa-4\/","title":{"rendered":"JOMA SPIN MEN 2542 BLANCO TURQUESA"},"content":{"rendered":"<h2> <strong> scarpe a pale ad alta end &#8211; massime prestazioni e durata <\/strong> <\/h2>\n<p>Progettati per giocatori professionisti che cercano le massime prestazioni in pista, questi canoisti combinano stabilit\u00e0, protezione e durata. Sostenuti da giocatori d&#8217;\u00e9lite come Juani Mieres e Alba Gal\u00e1n, sono la scelta perfetta per coloro che richiedono qualit\u00e0 e comfort in ogni partita.<\/p>\n<h2> <strong> caratteristiche prominenti <\/strong> <\/h2>\n<p>-tomaia minore: mesh tecnico con tecnologia VTS, che ottimizza la ventilazione e mantiene i piedi freschi.<br \/>\n-E perfetto: sistema termico Joma Sportch, che fornisce supporto leggero e preciso.<br \/>\n-Unfreement: tecnologia di protezione che rafforza le aree sensibili per una maggiore durata.<br \/>\n-Maximate Stabilit\u00e0: intersuole phylon flessibile con doppia stabilis, riducendo il rischio di lesioni.<br \/>\n-L&#8217;elevata prestazione: gomma durabilit\u00e0 con design omni e piccoli tacos circolari che facilitano lo scorrimento e la trazione. <\/p>\n<h2> <strong> tecnologie innovative <\/strong> <\/h2>\n<p style=\"padding-left: 40px\">-padonabilit\u00e0: gomma ad alta resistenza che ritarda l&#8217;usura e prolunga la vita utile della suola.<br \/>\n-Sportach: materiale iniettato senza cuciture che migliorano la leggerezza, la flessibilit\u00e0 e la regolazione.<br \/>\n-Protazione: rinforzo aggiuntivo nella punta per una maggiore resistenza all&#8217;usura.<br \/>\n-Stabilis: pezzo TPU nella suola che evita torsioni inappropriate e migliora la stabilit\u00e0.<br \/>\n-VT: sistema di ventilazione che regola la temperatura e favorisce il sudore.<\/p>\n<h2> <strong> Dettagli tecnici <\/strong> <\/h2>\n<p style=\"padding-left: 40px\">-taglio: nylon, micro pu e tpu. <\/p>\n<p style=\"padding-left: 40px\">-chiusura: cavi con adattamento perfetto<\/p>\n<p style=\"padding-left: 40px\">-mediasuela: phylon con stabili. <\/p>\n<p style=\"padding-left: 40px\">-suola: gomma vertiginosa. <\/p>\n<p>-lingua: cucito al taglio per una migliore regolazione. <\/p>\n<p style=\"padding-left: 40px\">-indicato per: giocatori di peso medio-alto. <\/p>\n<p style=\"padding-left: 40px\">-Usa: formazione e competizione. <\/p>\n<p style=\"padding-left: 40px\">-colore: bianco \/ turchese. <\/p>\n<p style=\"padding-left: 40px\">-genere: uomo. <\/p>\n<p style=\"padding-left: 40px\">-Riferimento: tspins2542om. <\/p>\n<h2> <strong> acquista ora al miglior prezzo <\/strong> <\/h2>\n<p>Se stai cercando alcune scarpe paddle <\/strong> <\/strong> <\/strong> <\/strong>, questo modello \u00e8 per te. Disponibile nel nostro negozio online <strong> <a href=\"https:\/\/www.revolutionpadelstore.com\/\"> Revolution Padel Store <\/a> <\/strong>, probabilmente <strong> al miglior prezzo di mercato <\/strong>.<\/p>\n<p><strong> Non aspettare pi\u00f9 e togli il meglio nelle calzature a pale! <\/strong><\/p>\n","protected":false},"excerpt":{"rendered":"<p>Pensati per i giocatori di alto livello che cercano le migliori prestazioni in campo, questi canoisti offrono stabilit\u00e0, resistenza e protezione. Supportati da personaggi eccezionali come Juani Mieres e Alba Gal\u00e1n, sono l&#8217;opzione ideale per coloro che danno la priorit\u00e0 alla qualit\u00e0 e al comfort in ogni gioco.<\/p>\n","protected":false},"featured_media":197361,"comment_status":"open","ping_status":"closed","template":"","meta":{"_acf_changed":false,"_joinchat":[]},"acabado":[],"balance":[],"dureza":[],"forma":[],"jugador":[1191],"marca":[1226],"nivel-de-juego":[],"superficie":[],"tipo-de-juego":[],"product_brand":[],"product_cat":[832],"product_tag":[],"class_list":{"0":"post-197414","1":"product","2":"type-product","3":"status-publish","4":"has-post-thumbnail","6":"jugador-uomo","7":"marca-joma-it","8":"product_cat-scarpe-da-ginnastica","10":"first","11":"outofstock","12":"sale","13":"taxable","14":"shipping-taxable","15":"purchasable","16":"product-type-variable"},"acf":[],"yoast_head":"<!-- This site is optimized with the Yoast SEO plugin v27.4 - https:\/\/yoast.com\/product\/yoast-seo-wordpress\/ -->\n<title>JOMA SPIN MEN 2542 BLANCO TURQUESA - Revolution Padel Store<\/title>\n<meta name=\"description\" content=\"Zapatillas de p\u00e1del de alta gama con tecnolog\u00edas avanzadas para estabilidad, protecci\u00f3n y durabilidad. Avaladas por profesionales. \u00a1C\u00f3mpralas en Revolution Padel Store!\" \/>\n<meta name=\"robots\" content=\"index, follow, max-snippet:-1, max-image-preview:large, max-video-preview:-1\" \/>\n<link rel=\"canonical\" href=\"https:\/\/revolutionpadelstore.com\/it\/prodotto\/joma-spin-men-2542-blanco-turquesa-4\/\" \/>\n<meta property=\"og:locale\" content=\"it_IT\" \/>\n<meta property=\"og:type\" content=\"article\" \/>\n<meta property=\"og:title\" content=\"JOMA SPIN MEN 2542 BLANCO TURQUESA - Revolution Padel Store\" \/>\n<meta property=\"og:description\" content=\"Zapatillas de p\u00e1del de alta gama con tecnolog\u00edas avanzadas para estabilidad, protecci\u00f3n y durabilidad. Avaladas por profesionales. \u00a1C\u00f3mpralas en Revolution Padel Store!\" \/>\n<meta property=\"og:url\" content=\"https:\/\/revolutionpadelstore.com\/it\/prodotto\/joma-spin-men-2542-blanco-turquesa-4\/\" \/>\n<meta property=\"og:site_name\" content=\"Revolution Padel Store\" \/>\n<meta property=\"article:modified_time\" content=\"2026-04-08T04:08:59+00:00\" \/>\n<meta property=\"og:image\" content=\"https:\/\/revolutionpadelstore.com\/wp-content\/uploads\/2025\/02\/131.png\" \/>\n\t<meta property=\"og:image:width\" content=\"1500\" \/>\n\t<meta property=\"og:image:height\" content=\"1500\" \/>\n\t<meta property=\"og:image:type\" content=\"image\/png\" \/>\n<meta name=\"twitter:card\" content=\"summary_large_image\" \/>\n<meta name=\"twitter:label1\" content=\"Tempo di lettura stimato\" \/>\n\t<meta name=\"twitter:data1\" content=\"2 minuti\" \/>\n<script type=\"application\/ld+json\" class=\"yoast-schema-graph\">{\"@context\":\"https:\\\/\\\/schema.org\",\"@graph\":[{\"@type\":\"WebPage\",\"@id\":\"https:\\\/\\\/revolutionpadelstore.com\\\/it\\\/prodotto\\\/joma-spin-men-2542-blanco-turquesa-4\\\/\",\"url\":\"https:\\\/\\\/revolutionpadelstore.com\\\/it\\\/prodotto\\\/joma-spin-men-2542-blanco-turquesa-4\\\/\",\"name\":\"JOMA SPIN MEN 2542 BLANCO TURQUESA - Revolution Padel Store\",\"isPartOf\":{\"@id\":\"https:\\\/\\\/revolutionpadelstore.com\\\/it\\\/#website\"},\"primaryImageOfPage\":{\"@id\":\"https:\\\/\\\/revolutionpadelstore.com\\\/it\\\/prodotto\\\/joma-spin-men-2542-blanco-turquesa-4\\\/#primaryimage\"},\"image\":{\"@id\":\"https:\\\/\\\/revolutionpadelstore.com\\\/it\\\/prodotto\\\/joma-spin-men-2542-blanco-turquesa-4\\\/#primaryimage\"},\"thumbnailUrl\":\"https:\\\/\\\/revolutionpadelstore.com\\\/wp-content\\\/uploads\\\/2025\\\/02\\\/131.png\",\"datePublished\":\"2025-02-26T17:52:35+00:00\",\"dateModified\":\"2026-04-08T04:08:59+00:00\",\"description\":\"Zapatillas de p\u00e1del de alta gama con tecnolog\u00edas avanzadas para estabilidad, protecci\u00f3n y durabilidad. Avaladas por profesionales. \u00a1C\u00f3mpralas en Revolution Padel Store!\",\"breadcrumb\":{\"@id\":\"https:\\\/\\\/revolutionpadelstore.com\\\/it\\\/prodotto\\\/joma-spin-men-2542-blanco-turquesa-4\\\/#breadcrumb\"},\"inLanguage\":\"it-IT\",\"potentialAction\":[{\"@type\":\"ReadAction\",\"target\":[\"https:\\\/\\\/revolutionpadelstore.com\\\/it\\\/prodotto\\\/joma-spin-men-2542-blanco-turquesa-4\\\/\"]}]},{\"@type\":\"ImageObject\",\"inLanguage\":\"it-IT\",\"@id\":\"https:\\\/\\\/revolutionpadelstore.com\\\/it\\\/prodotto\\\/joma-spin-men-2542-blanco-turquesa-4\\\/#primaryimage\",\"url\":\"https:\\\/\\\/revolutionpadelstore.com\\\/wp-content\\\/uploads\\\/2025\\\/02\\\/131.png\",\"contentUrl\":\"https:\\\/\\\/revolutionpadelstore.com\\\/wp-content\\\/uploads\\\/2025\\\/02\\\/131.png\",\"width\":1500,\"height\":1500},{\"@type\":\"BreadcrumbList\",\"@id\":\"https:\\\/\\\/revolutionpadelstore.com\\\/it\\\/prodotto\\\/joma-spin-men-2542-blanco-turquesa-4\\\/#breadcrumb\",\"itemListElement\":[{\"@type\":\"ListItem\",\"position\":1,\"name\":\"Portada\",\"item\":\"https:\\\/\\\/revolutionpadelstore.com\\\/it\\\/\"},{\"@type\":\"ListItem\",\"position\":2,\"name\":\"Tienda\",\"item\":\"https:\\\/\\\/revolutionpadelstore.com\\\/it\\\/tienda\\\/\"},{\"@type\":\"ListItem\",\"position\":3,\"name\":\"JOMA SPIN MEN 2542 BLANCO TURQUESA\"}]},{\"@type\":\"WebSite\",\"@id\":\"https:\\\/\\\/revolutionpadelstore.com\\\/it\\\/#website\",\"url\":\"https:\\\/\\\/revolutionpadelstore.com\\\/it\\\/\",\"name\":\"Revolution Padel Store\",\"description\":\"\",\"publisher\":{\"@id\":\"https:\\\/\\\/revolutionpadelstore.com\\\/it\\\/#organization\"},\"potentialAction\":[{\"@type\":\"SearchAction\",\"target\":{\"@type\":\"EntryPoint\",\"urlTemplate\":\"https:\\\/\\\/revolutionpadelstore.com\\\/it\\\/?s={search_term_string}\"},\"query-input\":{\"@type\":\"PropertyValueSpecification\",\"valueRequired\":true,\"valueName\":\"search_term_string\"}}],\"inLanguage\":\"it-IT\"},{\"@type\":\"Organization\",\"@id\":\"https:\\\/\\\/revolutionpadelstore.com\\\/it\\\/#organization\",\"name\":\"Revolution Padel Store\",\"url\":\"https:\\\/\\\/revolutionpadelstore.com\\\/it\\\/\",\"logo\":{\"@type\":\"ImageObject\",\"inLanguage\":\"it-IT\",\"@id\":\"https:\\\/\\\/revolutionpadelstore.com\\\/it\\\/#\\\/schema\\\/logo\\\/image\\\/\",\"url\":\"https:\\\/\\\/revolutionpadelstore.com\\\/wp-content\\\/uploads\\\/2026\\\/02\\\/revolution-padel-store.jpg\",\"contentUrl\":\"https:\\\/\\\/revolutionpadelstore.com\\\/wp-content\\\/uploads\\\/2026\\\/02\\\/revolution-padel-store.jpg\",\"width\":2000,\"height\":2000,\"caption\":\"Revolution Padel Store\"},\"image\":{\"@id\":\"https:\\\/\\\/revolutionpadelstore.com\\\/it\\\/#\\\/schema\\\/logo\\\/image\\\/\"},\"sameAs\":[\"https:\\\/\\\/www.instagram.com\\\/revolutionpadelstore\\\/\"]}]}<\/script>\n<!-- \/ Yoast SEO plugin. -->","yoast_head_json":{"title":"JOMA SPIN MEN 2542 BLANCO TURQUESA - Revolution Padel Store","description":"Zapatillas de p\u00e1del de alta gama con tecnolog\u00edas avanzadas para estabilidad, protecci\u00f3n y durabilidad. Avaladas por profesionales. \u00a1C\u00f3mpralas en Revolution Padel Store!","robots":{"index":"index","follow":"follow","max-snippet":"max-snippet:-1","max-image-preview":"max-image-preview:large","max-video-preview":"max-video-preview:-1"},"canonical":"https:\/\/revolutionpadelstore.com\/it\/prodotto\/joma-spin-men-2542-blanco-turquesa-4\/","og_locale":"it_IT","og_type":"article","og_title":"JOMA SPIN MEN 2542 BLANCO TURQUESA - Revolution Padel Store","og_description":"Zapatillas de p\u00e1del de alta gama con tecnolog\u00edas avanzadas para estabilidad, protecci\u00f3n y durabilidad. Avaladas por profesionales. \u00a1C\u00f3mpralas en Revolution Padel Store!","og_url":"https:\/\/revolutionpadelstore.com\/it\/prodotto\/joma-spin-men-2542-blanco-turquesa-4\/","og_site_name":"Revolution Padel Store","article_modified_time":"2026-04-08T04:08:59+00:00","og_image":[{"width":1500,"height":1500,"url":"https:\/\/revolutionpadelstore.com\/wp-content\/uploads\/2025\/02\/131.png","type":"image\/png"}],"twitter_card":"summary_large_image","twitter_misc":{"Tempo di lettura stimato":"2 minuti"},"schema":{"@context":"https:\/\/schema.org","@graph":[{"@type":"WebPage","@id":"https:\/\/revolutionpadelstore.com\/it\/prodotto\/joma-spin-men-2542-blanco-turquesa-4\/","url":"https:\/\/revolutionpadelstore.com\/it\/prodotto\/joma-spin-men-2542-blanco-turquesa-4\/","name":"JOMA SPIN MEN 2542 BLANCO TURQUESA - Revolution Padel Store","isPartOf":{"@id":"https:\/\/revolutionpadelstore.com\/it\/#website"},"primaryImageOfPage":{"@id":"https:\/\/revolutionpadelstore.com\/it\/prodotto\/joma-spin-men-2542-blanco-turquesa-4\/#primaryimage"},"image":{"@id":"https:\/\/revolutionpadelstore.com\/it\/prodotto\/joma-spin-men-2542-blanco-turquesa-4\/#primaryimage"},"thumbnailUrl":"https:\/\/revolutionpadelstore.com\/wp-content\/uploads\/2025\/02\/131.png","datePublished":"2025-02-26T17:52:35+00:00","dateModified":"2026-04-08T04:08:59+00:00","description":"Zapatillas de p\u00e1del de alta gama con tecnolog\u00edas avanzadas para estabilidad, protecci\u00f3n y durabilidad. Avaladas por profesionales. \u00a1C\u00f3mpralas en Revolution Padel Store!","breadcrumb":{"@id":"https:\/\/revolutionpadelstore.com\/it\/prodotto\/joma-spin-men-2542-blanco-turquesa-4\/#breadcrumb"},"inLanguage":"it-IT","potentialAction":[{"@type":"ReadAction","target":["https:\/\/revolutionpadelstore.com\/it\/prodotto\/joma-spin-men-2542-blanco-turquesa-4\/"]}]},{"@type":"ImageObject","inLanguage":"it-IT","@id":"https:\/\/revolutionpadelstore.com\/it\/prodotto\/joma-spin-men-2542-blanco-turquesa-4\/#primaryimage","url":"https:\/\/revolutionpadelstore.com\/wp-content\/uploads\/2025\/02\/131.png","contentUrl":"https:\/\/revolutionpadelstore.com\/wp-content\/uploads\/2025\/02\/131.png","width":1500,"height":1500},{"@type":"BreadcrumbList","@id":"https:\/\/revolutionpadelstore.com\/it\/prodotto\/joma-spin-men-2542-blanco-turquesa-4\/#breadcrumb","itemListElement":[{"@type":"ListItem","position":1,"name":"Portada","item":"https:\/\/revolutionpadelstore.com\/it\/"},{"@type":"ListItem","position":2,"name":"Tienda","item":"https:\/\/revolutionpadelstore.com\/it\/tienda\/"},{"@type":"ListItem","position":3,"name":"JOMA SPIN MEN 2542 BLANCO TURQUESA"}]},{"@type":"WebSite","@id":"https:\/\/revolutionpadelstore.com\/it\/#website","url":"https:\/\/revolutionpadelstore.com\/it\/","name":"Revolution Padel Store","description":"","publisher":{"@id":"https:\/\/revolutionpadelstore.com\/it\/#organization"},"potentialAction":[{"@type":"SearchAction","target":{"@type":"EntryPoint","urlTemplate":"https:\/\/revolutionpadelstore.com\/it\/?s={search_term_string}"},"query-input":{"@type":"PropertyValueSpecification","valueRequired":true,"valueName":"search_term_string"}}],"inLanguage":"it-IT"},{"@type":"Organization","@id":"https:\/\/revolutionpadelstore.com\/it\/#organization","name":"Revolution Padel Store","url":"https:\/\/revolutionpadelstore.com\/it\/","logo":{"@type":"ImageObject","inLanguage":"it-IT","@id":"https:\/\/revolutionpadelstore.com\/it\/#\/schema\/logo\/image\/","url":"https:\/\/revolutionpadelstore.com\/wp-content\/uploads\/2026\/02\/revolution-padel-store.jpg","contentUrl":"https:\/\/revolutionpadelstore.com\/wp-content\/uploads\/2026\/02\/revolution-padel-store.jpg","width":2000,"height":2000,"caption":"Revolution Padel Store"},"image":{"@id":"https:\/\/revolutionpadelstore.com\/it\/#\/schema\/logo\/image\/"},"sameAs":["https:\/\/www.instagram.com\/revolutionpadelstore\/"]}]}},"_links":{"self":[{"href":"https:\/\/revolutionpadelstore.com\/it\/wp-json\/wp\/v2\/product\/197414","targetHints":{"allow":["GET"]}}],"collection":[{"href":"https:\/\/revolutionpadelstore.com\/it\/wp-json\/wp\/v2\/product"}],"about":[{"href":"https:\/\/revolutionpadelstore.com\/it\/wp-json\/wp\/v2\/types\/product"}],"replies":[{"embeddable":true,"href":"https:\/\/revolutionpadelstore.com\/it\/wp-json\/wp\/v2\/comments?post=197414"}],"wp:featuredmedia":[{"embeddable":true,"href":"https:\/\/revolutionpadelstore.com\/it\/wp-json\/wp\/v2\/media\/197361"}],"wp:attachment":[{"href":"https:\/\/revolutionpadelstore.com\/it\/wp-json\/wp\/v2\/media?parent=197414"}],"wp:term":[{"taxonomy":"acabado","embeddable":true,"href":"https:\/\/revolutionpadelstore.com\/it\/wp-json\/wp\/v2\/acabado?post=197414"},{"taxonomy":"balance","embeddable":true,"href":"https:\/\/revolutionpadelstore.com\/it\/wp-json\/wp\/v2\/balance?post=197414"},{"taxonomy":"dureza","embeddable":true,"href":"https:\/\/revolutionpadelstore.com\/it\/wp-json\/wp\/v2\/dureza?post=197414"},{"taxonomy":"forma","embeddable":true,"href":"https:\/\/revolutionpadelstore.com\/it\/wp-json\/wp\/v2\/forma?post=197414"},{"taxonomy":"jugador","embeddable":true,"href":"https:\/\/revolutionpadelstore.com\/it\/wp-json\/wp\/v2\/jugador?post=197414"},{"taxonomy":"marca","embeddable":true,"href":"https:\/\/revolutionpadelstore.com\/it\/wp-json\/wp\/v2\/marca?post=197414"},{"taxonomy":"nivel-de-juego","embeddable":true,"href":"https:\/\/revolutionpadelstore.com\/it\/wp-json\/wp\/v2\/nivel-de-juego?post=197414"},{"taxonomy":"superficie","embeddable":true,"href":"https:\/\/revolutionpadelstore.com\/it\/wp-json\/wp\/v2\/superficie?post=197414"},{"taxonomy":"tipo-de-juego","embeddable":true,"href":"https:\/\/revolutionpadelstore.com\/it\/wp-json\/wp\/v2\/tipo-de-juego?post=197414"},{"taxonomy":"product_brand","embeddable":true,"href":"https:\/\/revolutionpadelstore.com\/it\/wp-json\/wp\/v2\/product_brand?post=197414"},{"taxonomy":"product_cat","embeddable":true,"href":"https:\/\/revolutionpadelstore.com\/it\/wp-json\/wp\/v2\/product_cat?post=197414"},{"taxonomy":"product_tag","embeddable":true,"href":"https:\/\/revolutionpadelstore.com\/it\/wp-json\/wp\/v2\/product_tag?post=197414"}],"curies":[{"name":"wp","href":"https:\/\/api.w.org\/{rel}","templated":true}]}}