{"id":19734,"date":"2024-04-09T19:47:03","date_gmt":"2024-04-09T17:47:03","guid":{"rendered":"https:\/\/revolutionpadelstore.com\/siux-electra-st3-go\/"},"modified":"2026-04-08T14:28:09","modified_gmt":"2026-04-08T12:28:09","slug":"siux-electra-st3-go","status":"publish","type":"product","link":"https:\/\/revolutionpadelstore.com\/it\/prodotto\/siux-electra-st3-go\/","title":{"rendered":"SIUX ELECTRA ST3 GO"},"content":{"rendered":"<h2>Siux Electra ST3 Go, racchetta ibrida per giocatori di livello intermedio<\/h2>\n<p>La racchetta da padel <strong>Siux Electra ST3 Go<\/strong> fa parte della gamma Go Series di Siux, progettata specificamente per <strong>giocatori di prestazioni medie<\/strong> che vogliono migliorare il proprio gioco e portarlo al livello successivo. Con un design elegante in nero e oro, questa racchetta si distingue in campo non solo per le sue prestazioni, ma anche per la sua estetica impeccabile.<\/p>\n<p>La racchetta presenta un corpo <strong>dalla forma ibrida<\/strong> che combina il meglio delle racchette rotonde e a goccia, rendendola un&#8217;alleata versatile in campo. Il suo bilanciamento medio fornisce un controllo eccezionale senza sacrificare la potenza dei colpi. La gamma di peso di questa racchetta varia tra 355 e 375 grammi<\/p>\n<h3>Racchetta padel ibrida con una sensazione di durezza media<\/h3>\n<p>La struttura <strong>tubolare<\/strong> della pala \u00e8 composta per il 5<strong>0% da carbonio 3K e per il 50% da <em>fibra di vetro<\/em><\/strong>, che garantisce una resistenza eccezionale e una lunga durata. Le facce sono realizzate in carbonio 3K, che fornisce maggiore flessibilit\u00e0 agli aerei. Il<strong>nucleo in gomma EVA dura offre una sensazione medio-dura, fornendo una sensazione di solidit\u00e0 e controllo ad ogni impatto.<\/p>\n<p>\u00c8 dotato di un sistema antivibrazione Shockout Dampeners, che riduce le vibrazioni durante i colpi, offrendo un&#8217;esperienza di gioco pi\u00f9 confortevole e riducendo al minimo il rischio di lesioni da sforzi ripetitivi. Le superfici con finitura lucida conferiscono un aspetto elegante e raffinato in campo.<\/p>\n<p>In breve, la Siux Electra ST3 Go \u00e8 la scelta perfetta per i giocatori di padel di medie prestazioni che cercano una racchetta con un equilibrio ideale tra controllo e potenza, una durata eccezionale e un&#8217;estetica impressionante. Con la sua tecnologia avanzata e il design accattivante, questa racchetta ti porter\u00e0 sempre pi\u00f9 vicino alla vittoria in ogni partita.<\/p>\n<h2>Siux Electra ST3 Go, pala h\u00edbrida para jugadores de nivel intermedio<\/h2>\n","protected":false},"excerpt":{"rendered":"<p>La racchetta da padel Siux Electra ST3 Go fa parte della gamma Go Series di Siux, progettata specificamente per i giocatori di prestazioni medie che vogliono migliorare il proprio gioco e portarlo al livello successivo. Con un design elegante in nero e oro, questa racchetta si distingue in campo non solo per le sue prestazioni, ma anche per la sua estetica impeccabile.<\/p>\n","protected":false},"featured_media":265995,"comment_status":"open","ping_status":"closed","template":"","meta":{"_acf_changed":false,"_joinchat":[]},"acabado":[1081],"balance":[1141],"dureza":[1156],"forma":[1176],"jugador":[1201,1191],"marca":[1306],"nivel-de-juego":[1351],"superficie":[1361],"tipo-de-juego":[1386],"product_brand":[],"product_cat":[301],"product_tag":[],"class_list":{"0":"post-19734","1":"product","2":"type-product","3":"status-publish","4":"has-post-thumbnail","6":"acabado-luminosita","7":"balance-medio-it","8":"dureza-media-it","9":"forma-ibrido","10":"jugador-multiuso","11":"jugador-uomo","12":"marca-siux-it","13":"superficie-rugosa-it","14":"tipo-de-juego-multiuso","15":"product_cat-palas-de-padel-it","17":"first","18":"instock","19":"sale","20":"taxable","21":"shipping-taxable","22":"purchasable","23":"product-type-simple"},"acf":[],"yoast_head":"<!-- This site is optimized with the Yoast SEO plugin v27.4 - https:\/\/yoast.com\/product\/yoast-seo-wordpress\/ -->\n<title>SIUX ELECTRA ST3 GO - Revolution Padel Store<\/title>\n<meta name=\"description\" content=\"La pala de p\u00e1del\u00a0Siux Electra ST3 Go\u00a0es de la gama Go Series de Siux, dise\u00f1ada espec\u00edficamente para\u00a0jugadores de rendimiento medio\u00a0que desean mejorar su juego y llevarlo al siguiente nivel. Con un dise\u00f1o elegante en negro y dorado, esta pala no solo destaca en la pista por su rendimiento, sino tambi\u00e9n por su est\u00e9tica impecable.\" \/>\n<meta name=\"robots\" content=\"index, follow, max-snippet:-1, max-image-preview:large, max-video-preview:-1\" \/>\n<link rel=\"canonical\" href=\"https:\/\/revolutionpadelstore.com\/it\/prodotto\/siux-electra-st3-go\/\" \/>\n<meta property=\"og:locale\" content=\"it_IT\" \/>\n<meta property=\"og:type\" content=\"article\" \/>\n<meta property=\"og:title\" content=\"COMPRAR SIUX ELECTRA ST3 GO\" \/>\n<meta property=\"og:description\" content=\"La pala de p\u00e1del\u00a0Siux Electra ST3 Go\u00a0es de la gama Go Series de Siux, dise\u00f1ada espec\u00edficamente para\u00a0jugadores de rendimiento medio\u00a0que desean mejorar su juego y llevarlo al siguiente nivel. Con un dise\u00f1o elegante en negro y dorado, esta pala no solo destaca en la pista por su rendimiento, sino tambi\u00e9n por su est\u00e9tica impecable.\" \/>\n<meta property=\"og:url\" content=\"https:\/\/revolutionpadelstore.com\/it\/prodotto\/siux-electra-st3-go\/\" \/>\n<meta property=\"og:site_name\" content=\"Revolution Padel Store\" \/>\n<meta property=\"article:modified_time\" content=\"2026-04-08T12:28:09+00:00\" \/>\n<meta property=\"og:image\" content=\"https:\/\/revolutionpadelstore.com\/wp-content\/uploads\/2024\/04\/109474_siux_electra_go_3_1500x1500_vista1_2c8b.webp\" \/>\n\t<meta property=\"og:image:width\" content=\"1500\" \/>\n\t<meta property=\"og:image:height\" content=\"1500\" \/>\n\t<meta property=\"og:image:type\" content=\"image\/webp\" \/>\n<meta name=\"twitter:card\" content=\"summary_large_image\" \/>\n<meta name=\"twitter:label1\" content=\"Tempo di lettura stimato\" \/>\n\t<meta name=\"twitter:data1\" content=\"2 minuti\" \/>\n<script type=\"application\/ld+json\" class=\"yoast-schema-graph\">{\"@context\":\"https:\\\/\\\/schema.org\",\"@graph\":[{\"@type\":\"WebPage\",\"@id\":\"https:\\\/\\\/revolutionpadelstore.com\\\/it\\\/prodotto\\\/siux-electra-st3-go\\\/\",\"url\":\"https:\\\/\\\/revolutionpadelstore.com\\\/it\\\/prodotto\\\/siux-electra-st3-go\\\/\",\"name\":\"SIUX ELECTRA ST3 GO - Revolution Padel Store\",\"isPartOf\":{\"@id\":\"https:\\\/\\\/revolutionpadelstore.com\\\/it\\\/#website\"},\"primaryImageOfPage\":{\"@id\":\"https:\\\/\\\/revolutionpadelstore.com\\\/it\\\/prodotto\\\/siux-electra-st3-go\\\/#primaryimage\"},\"image\":{\"@id\":\"https:\\\/\\\/revolutionpadelstore.com\\\/it\\\/prodotto\\\/siux-electra-st3-go\\\/#primaryimage\"},\"thumbnailUrl\":\"https:\\\/\\\/revolutionpadelstore.com\\\/wp-content\\\/uploads\\\/2024\\\/04\\\/109474_siux_electra_go_3_1500x1500_vista1_2c8b-2.webp\",\"datePublished\":\"2024-04-09T17:47:03+00:00\",\"dateModified\":\"2026-04-08T12:28:09+00:00\",\"description\":\"La pala de p\u00e1del\u00a0Siux Electra ST3 Go\u00a0es de la gama Go Series de Siux, dise\u00f1ada espec\u00edficamente para\u00a0jugadores de rendimiento medio\u00a0que desean mejorar su juego y llevarlo al siguiente nivel. Con un dise\u00f1o elegante en negro y dorado, esta pala no solo destaca en la pista por su rendimiento, sino tambi\u00e9n por su est\u00e9tica impecable.\",\"breadcrumb\":{\"@id\":\"https:\\\/\\\/revolutionpadelstore.com\\\/it\\\/prodotto\\\/siux-electra-st3-go\\\/#breadcrumb\"},\"inLanguage\":\"it-IT\",\"potentialAction\":[{\"@type\":\"ReadAction\",\"target\":[\"https:\\\/\\\/revolutionpadelstore.com\\\/it\\\/prodotto\\\/siux-electra-st3-go\\\/\"]}]},{\"@type\":\"ImageObject\",\"inLanguage\":\"it-IT\",\"@id\":\"https:\\\/\\\/revolutionpadelstore.com\\\/it\\\/prodotto\\\/siux-electra-st3-go\\\/#primaryimage\",\"url\":\"https:\\\/\\\/revolutionpadelstore.com\\\/wp-content\\\/uploads\\\/2024\\\/04\\\/109474_siux_electra_go_3_1500x1500_vista1_2c8b-2.webp\",\"contentUrl\":\"https:\\\/\\\/revolutionpadelstore.com\\\/wp-content\\\/uploads\\\/2024\\\/04\\\/109474_siux_electra_go_3_1500x1500_vista1_2c8b-2.webp\",\"width\":1500,\"height\":1500},{\"@type\":\"BreadcrumbList\",\"@id\":\"https:\\\/\\\/revolutionpadelstore.com\\\/it\\\/prodotto\\\/siux-electra-st3-go\\\/#breadcrumb\",\"itemListElement\":[{\"@type\":\"ListItem\",\"position\":1,\"name\":\"Portada\",\"item\":\"https:\\\/\\\/revolutionpadelstore.com\\\/it\\\/\"},{\"@type\":\"ListItem\",\"position\":2,\"name\":\"Tienda\",\"item\":\"https:\\\/\\\/revolutionpadelstore.com\\\/it\\\/tienda\\\/\"},{\"@type\":\"ListItem\",\"position\":3,\"name\":\"SIUX ELECTRA ST3 GO\"}]},{\"@type\":\"WebSite\",\"@id\":\"https:\\\/\\\/revolutionpadelstore.com\\\/it\\\/#website\",\"url\":\"https:\\\/\\\/revolutionpadelstore.com\\\/it\\\/\",\"name\":\"Revolution Padel Store\",\"description\":\"\",\"publisher\":{\"@id\":\"https:\\\/\\\/revolutionpadelstore.com\\\/it\\\/#organization\"},\"potentialAction\":[{\"@type\":\"SearchAction\",\"target\":{\"@type\":\"EntryPoint\",\"urlTemplate\":\"https:\\\/\\\/revolutionpadelstore.com\\\/it\\\/?s={search_term_string}\"},\"query-input\":{\"@type\":\"PropertyValueSpecification\",\"valueRequired\":true,\"valueName\":\"search_term_string\"}}],\"inLanguage\":\"it-IT\"},{\"@type\":\"Organization\",\"@id\":\"https:\\\/\\\/revolutionpadelstore.com\\\/it\\\/#organization\",\"name\":\"Revolution Padel Store\",\"url\":\"https:\\\/\\\/revolutionpadelstore.com\\\/it\\\/\",\"logo\":{\"@type\":\"ImageObject\",\"inLanguage\":\"it-IT\",\"@id\":\"https:\\\/\\\/revolutionpadelstore.com\\\/it\\\/#\\\/schema\\\/logo\\\/image\\\/\",\"url\":\"https:\\\/\\\/revolutionpadelstore.com\\\/wp-content\\\/uploads\\\/2026\\\/02\\\/revolution-padel-store.jpg\",\"contentUrl\":\"https:\\\/\\\/revolutionpadelstore.com\\\/wp-content\\\/uploads\\\/2026\\\/02\\\/revolution-padel-store.jpg\",\"width\":2000,\"height\":2000,\"caption\":\"Revolution Padel Store\"},\"image\":{\"@id\":\"https:\\\/\\\/revolutionpadelstore.com\\\/it\\\/#\\\/schema\\\/logo\\\/image\\\/\"},\"sameAs\":[\"https:\\\/\\\/www.instagram.com\\\/revolutionpadelstore\\\/\"]}]}<\/script>\n<!-- \/ Yoast SEO plugin. -->","yoast_head_json":{"title":"SIUX ELECTRA ST3 GO - Revolution Padel Store","description":"La pala de p\u00e1del\u00a0Siux Electra ST3 Go\u00a0es de la gama Go Series de Siux, dise\u00f1ada espec\u00edficamente para\u00a0jugadores de rendimiento medio\u00a0que desean mejorar su juego y llevarlo al siguiente nivel. Con un dise\u00f1o elegante en negro y dorado, esta pala no solo destaca en la pista por su rendimiento, sino tambi\u00e9n por su est\u00e9tica impecable.","robots":{"index":"index","follow":"follow","max-snippet":"max-snippet:-1","max-image-preview":"max-image-preview:large","max-video-preview":"max-video-preview:-1"},"canonical":"https:\/\/revolutionpadelstore.com\/it\/prodotto\/siux-electra-st3-go\/","og_locale":"it_IT","og_type":"article","og_title":"COMPRAR SIUX ELECTRA ST3 GO","og_description":"La pala de p\u00e1del\u00a0Siux Electra ST3 Go\u00a0es de la gama Go Series de Siux, dise\u00f1ada espec\u00edficamente para\u00a0jugadores de rendimiento medio\u00a0que desean mejorar su juego y llevarlo al siguiente nivel. Con un dise\u00f1o elegante en negro y dorado, esta pala no solo destaca en la pista por su rendimiento, sino tambi\u00e9n por su est\u00e9tica impecable.","og_url":"https:\/\/revolutionpadelstore.com\/it\/prodotto\/siux-electra-st3-go\/","og_site_name":"Revolution Padel Store","article_modified_time":"2026-04-08T12:28:09+00:00","og_image":[{"width":1500,"height":1500,"url":"https:\/\/revolutionpadelstore.com\/wp-content\/uploads\/2024\/04\/109474_siux_electra_go_3_1500x1500_vista1_2c8b.webp","type":"image\/webp"}],"twitter_card":"summary_large_image","twitter_misc":{"Tempo di lettura stimato":"2 minuti"},"schema":{"@context":"https:\/\/schema.org","@graph":[{"@type":"WebPage","@id":"https:\/\/revolutionpadelstore.com\/it\/prodotto\/siux-electra-st3-go\/","url":"https:\/\/revolutionpadelstore.com\/it\/prodotto\/siux-electra-st3-go\/","name":"SIUX ELECTRA ST3 GO - Revolution Padel Store","isPartOf":{"@id":"https:\/\/revolutionpadelstore.com\/it\/#website"},"primaryImageOfPage":{"@id":"https:\/\/revolutionpadelstore.com\/it\/prodotto\/siux-electra-st3-go\/#primaryimage"},"image":{"@id":"https:\/\/revolutionpadelstore.com\/it\/prodotto\/siux-electra-st3-go\/#primaryimage"},"thumbnailUrl":"https:\/\/revolutionpadelstore.com\/wp-content\/uploads\/2024\/04\/109474_siux_electra_go_3_1500x1500_vista1_2c8b-2.webp","datePublished":"2024-04-09T17:47:03+00:00","dateModified":"2026-04-08T12:28:09+00:00","description":"La pala de p\u00e1del\u00a0Siux Electra ST3 Go\u00a0es de la gama Go Series de Siux, dise\u00f1ada espec\u00edficamente para\u00a0jugadores de rendimiento medio\u00a0que desean mejorar su juego y llevarlo al siguiente nivel. Con un dise\u00f1o elegante en negro y dorado, esta pala no solo destaca en la pista por su rendimiento, sino tambi\u00e9n por su est\u00e9tica impecable.","breadcrumb":{"@id":"https:\/\/revolutionpadelstore.com\/it\/prodotto\/siux-electra-st3-go\/#breadcrumb"},"inLanguage":"it-IT","potentialAction":[{"@type":"ReadAction","target":["https:\/\/revolutionpadelstore.com\/it\/prodotto\/siux-electra-st3-go\/"]}]},{"@type":"ImageObject","inLanguage":"it-IT","@id":"https:\/\/revolutionpadelstore.com\/it\/prodotto\/siux-electra-st3-go\/#primaryimage","url":"https:\/\/revolutionpadelstore.com\/wp-content\/uploads\/2024\/04\/109474_siux_electra_go_3_1500x1500_vista1_2c8b-2.webp","contentUrl":"https:\/\/revolutionpadelstore.com\/wp-content\/uploads\/2024\/04\/109474_siux_electra_go_3_1500x1500_vista1_2c8b-2.webp","width":1500,"height":1500},{"@type":"BreadcrumbList","@id":"https:\/\/revolutionpadelstore.com\/it\/prodotto\/siux-electra-st3-go\/#breadcrumb","itemListElement":[{"@type":"ListItem","position":1,"name":"Portada","item":"https:\/\/revolutionpadelstore.com\/it\/"},{"@type":"ListItem","position":2,"name":"Tienda","item":"https:\/\/revolutionpadelstore.com\/it\/tienda\/"},{"@type":"ListItem","position":3,"name":"SIUX ELECTRA ST3 GO"}]},{"@type":"WebSite","@id":"https:\/\/revolutionpadelstore.com\/it\/#website","url":"https:\/\/revolutionpadelstore.com\/it\/","name":"Revolution Padel Store","description":"","publisher":{"@id":"https:\/\/revolutionpadelstore.com\/it\/#organization"},"potentialAction":[{"@type":"SearchAction","target":{"@type":"EntryPoint","urlTemplate":"https:\/\/revolutionpadelstore.com\/it\/?s={search_term_string}"},"query-input":{"@type":"PropertyValueSpecification","valueRequired":true,"valueName":"search_term_string"}}],"inLanguage":"it-IT"},{"@type":"Organization","@id":"https:\/\/revolutionpadelstore.com\/it\/#organization","name":"Revolution Padel Store","url":"https:\/\/revolutionpadelstore.com\/it\/","logo":{"@type":"ImageObject","inLanguage":"it-IT","@id":"https:\/\/revolutionpadelstore.com\/it\/#\/schema\/logo\/image\/","url":"https:\/\/revolutionpadelstore.com\/wp-content\/uploads\/2026\/02\/revolution-padel-store.jpg","contentUrl":"https:\/\/revolutionpadelstore.com\/wp-content\/uploads\/2026\/02\/revolution-padel-store.jpg","width":2000,"height":2000,"caption":"Revolution Padel Store"},"image":{"@id":"https:\/\/revolutionpadelstore.com\/it\/#\/schema\/logo\/image\/"},"sameAs":["https:\/\/www.instagram.com\/revolutionpadelstore\/"]}]}},"_links":{"self":[{"href":"https:\/\/revolutionpadelstore.com\/it\/wp-json\/wp\/v2\/product\/19734","targetHints":{"allow":["GET"]}}],"collection":[{"href":"https:\/\/revolutionpadelstore.com\/it\/wp-json\/wp\/v2\/product"}],"about":[{"href":"https:\/\/revolutionpadelstore.com\/it\/wp-json\/wp\/v2\/types\/product"}],"replies":[{"embeddable":true,"href":"https:\/\/revolutionpadelstore.com\/it\/wp-json\/wp\/v2\/comments?post=19734"}],"wp:featuredmedia":[{"embeddable":true,"href":"https:\/\/revolutionpadelstore.com\/it\/wp-json\/wp\/v2\/media\/265995"}],"wp:attachment":[{"href":"https:\/\/revolutionpadelstore.com\/it\/wp-json\/wp\/v2\/media?parent=19734"}],"wp:term":[{"taxonomy":"acabado","embeddable":true,"href":"https:\/\/revolutionpadelstore.com\/it\/wp-json\/wp\/v2\/acabado?post=19734"},{"taxonomy":"balance","embeddable":true,"href":"https:\/\/revolutionpadelstore.com\/it\/wp-json\/wp\/v2\/balance?post=19734"},{"taxonomy":"dureza","embeddable":true,"href":"https:\/\/revolutionpadelstore.com\/it\/wp-json\/wp\/v2\/dureza?post=19734"},{"taxonomy":"forma","embeddable":true,"href":"https:\/\/revolutionpadelstore.com\/it\/wp-json\/wp\/v2\/forma?post=19734"},{"taxonomy":"jugador","embeddable":true,"href":"https:\/\/revolutionpadelstore.com\/it\/wp-json\/wp\/v2\/jugador?post=19734"},{"taxonomy":"marca","embeddable":true,"href":"https:\/\/revolutionpadelstore.com\/it\/wp-json\/wp\/v2\/marca?post=19734"},{"taxonomy":"nivel-de-juego","embeddable":true,"href":"https:\/\/revolutionpadelstore.com\/it\/wp-json\/wp\/v2\/nivel-de-juego?post=19734"},{"taxonomy":"superficie","embeddable":true,"href":"https:\/\/revolutionpadelstore.com\/it\/wp-json\/wp\/v2\/superficie?post=19734"},{"taxonomy":"tipo-de-juego","embeddable":true,"href":"https:\/\/revolutionpadelstore.com\/it\/wp-json\/wp\/v2\/tipo-de-juego?post=19734"},{"taxonomy":"product_brand","embeddable":true,"href":"https:\/\/revolutionpadelstore.com\/it\/wp-json\/wp\/v2\/product_brand?post=19734"},{"taxonomy":"product_cat","embeddable":true,"href":"https:\/\/revolutionpadelstore.com\/it\/wp-json\/wp\/v2\/product_cat?post=19734"},{"taxonomy":"product_tag","embeddable":true,"href":"https:\/\/revolutionpadelstore.com\/it\/wp-json\/wp\/v2\/product_tag?post=19734"}],"curies":[{"name":"wp","href":"https:\/\/api.w.org\/{rel}","templated":true}]}}