{"id":197334,"date":"2025-02-26T18:37:10","date_gmt":"2025-02-26T17:37:10","guid":{"rendered":"https:\/\/revolutionpadelstore.com\/joma-slam-men-2542-blanco-negro\/"},"modified":"2026-04-08T06:10:19","modified_gmt":"2026-04-08T04:10:19","slug":"joma-slam-men-2542-blanco-negro-4","status":"publish","type":"product","link":"https:\/\/revolutionpadelstore.com\/it\/prodotto\/joma-slam-men-2542-blanco-negro-4\/","title":{"rendered":"JOMA SLAM MEN 2542 BLANCO NEGRO"},"content":{"rendered":"<h3> scarpe a pale ad alta end &#8211; massime prestazioni e tecnologia <\/h3>\n<p>Le scarpe da paddle ad alta end che rivoluzionano il gioco. Progettati per i giocatori esigenti che cercano la massima ammortizzazione, stabilit\u00e0 e protezione, sono stati testati da leggende come l&#8217;ex numero 1 del mondo Carolina Navarro e Juanlu Esbr\u00ed.<\/p>\n<h2> caratteristiche eccezionali <\/h2>\n<p><P>-tomaia di mesh transiribile con tecnologia VTS, che ottimizza la ventilazione e mantiene il piede asciutto.<br \/>\n-Leamente perfetto grazie al sistema di termaling di Joma Sportch, che elimina le cuciture e migliora il comfort.<br \/>\n-Ilte protezione rinforzata nelle aree chiave con il sistema di protezione, aumentando la durata e la resistenza. <\/p>\n<h2> ammortizzazione massima e stabilit\u00e0 <\/h2>\n<p>La doppia reattiva Mediauela si combina:<\/p>\n<p style=\"padding-left: 40px\">-phylon stabile, che assorbe gli impatti e riduce la fatica.<br \/>\n-Tecnologia Ball reattivo, che restituisce l&#8217;energia in ciascuna impronta.<br \/>\n-Pieza Stabilis sul Midf, che evita le torsioni e migliora la stabilit\u00e0. <\/p>\n<h2> omni durebley suola &#8211; impugnatura e slip ottimali<\/p>\n<p>-gomma ad alta resistenza che ritarda l&#8217;usura di abrasione.<br \/>\n-Design con piccoli tacos circolari, che facilita le frane controllate su superfici dure. <\/p>\n<h2> tecnologie innovative <\/h2>\n<p>-padonabilit\u00e0: gomma ultra resistente per una vita pi\u00f9 utile.<br \/>\n-Itle: linee di flessione ergonomiche che migliorano la transizione del tallone.<br \/>\n-Attive sfera: assorbe gli impatti e fornisce un ritorno ottimale di energia.<br \/>\n-Sportach: regolazione senza impostazione per una maggiore comfort e flessibilit\u00e0.<br \/>\n-Stabilis: rinforzo TPU per evitare torsioni indesiderate.<br \/>\n-Vts: sistema di ventilazione che mantiene la temperatura ideale del piede.<\/p>\n<h2> Specifiche tecniche <\/h2>\n<p> Usa: formazione e competizione. <\/p>\n<p style=\"padding-left: 40px\"> Performance: alto \/ professionale. <\/p>\n<p> suola: gomma durabilit\u00e0 con motivo omni.<br \/>\n&lt;p style = &quot;padding-left: 40px;&quot; Colori: bianco \/ nero \/ arancione. <\/p>\n<p style=\"padding-left: 40px\"> genere: uomo. <\/p>\n<p style=\"padding-left: 40px\"> Riferimento: tslams2542om. <\/p>\n<p> Ora disponibile nel nostro negozio online <strong> <a href=\"https:\/\/chatgpt.com\/g\/g-675432e026888191b6ee6d6f2fdbbb15e-optimization-textos\/c\/www.revolutionpadelstore.com\"> wwww.revolution.com. Prezzo di mercato <\/strong>. Non restare senza di loro!<\/p>\n<h4> <\/h4>\n<h3>Zapatillas de P\u00e1del de Alta Gama \u2013 M\u00e1ximo Rendimiento y Tecnolog\u00eda<\/h3>\n","protected":false},"excerpt":{"rendered":"<p>Scarpe da paddle d&#8217;\u00e9lite che trasformano il gioco. Creati per i giocatori esigenti che danno la priorit\u00e0 all&#8217;ammortizzazione, alla stabilit\u00e0 e alla protezione superiori, sono stati testati da grandi personaggi come l&#8217;ex numero mondiale Carolina Navarro e Juanlu Esbr\u00ed.<\/p>\n","protected":false},"featured_media":197287,"comment_status":"open","ping_status":"closed","template":"","meta":{"_acf_changed":false,"_joinchat":[]},"acabado":[],"balance":[],"dureza":[],"forma":[],"jugador":[1191],"marca":[1226],"nivel-de-juego":[],"superficie":[],"tipo-de-juego":[],"product_brand":[],"product_cat":[832],"product_tag":[],"class_list":{"0":"post-197334","1":"product","2":"type-product","3":"status-publish","4":"has-post-thumbnail","6":"jugador-uomo","7":"marca-joma-it","8":"product_cat-scarpe-da-ginnastica","10":"first","11":"outofstock","12":"sale","13":"taxable","14":"shipping-taxable","15":"purchasable","16":"product-type-variable"},"acf":[],"yoast_head":"<!-- This site is optimized with the Yoast SEO plugin v27.4 - https:\/\/yoast.com\/product\/yoast-seo-wordpress\/ -->\n<title>JOMA SLAM MEN 2542 BLANCO NEGRO - Revolution Padel Store<\/title>\n<meta name=\"description\" content=\"Descubre las zapatillas de p\u00e1del de alta gama con m\u00e1xima amortiguaci\u00f3n y estabilidad. Dise\u00f1adas para profesionales, testadas por leyendas del p\u00e1del. Compra online en Revolution Padel Store.\" \/>\n<meta name=\"robots\" content=\"index, follow, max-snippet:-1, max-image-preview:large, max-video-preview:-1\" \/>\n<link rel=\"canonical\" href=\"https:\/\/revolutionpadelstore.com\/it\/prodotto\/joma-slam-men-2542-blanco-negro-4\/\" \/>\n<meta property=\"og:locale\" content=\"it_IT\" \/>\n<meta property=\"og:type\" content=\"article\" \/>\n<meta property=\"og:title\" content=\"JOMA SLAM MEN 2542 BLANCO NEGRO - Revolution Padel Store\" \/>\n<meta property=\"og:description\" content=\"Descubre las zapatillas de p\u00e1del de alta gama con m\u00e1xima amortiguaci\u00f3n y estabilidad. Dise\u00f1adas para profesionales, testadas por leyendas del p\u00e1del. Compra online en Revolution Padel Store.\" \/>\n<meta property=\"og:url\" content=\"https:\/\/revolutionpadelstore.com\/it\/prodotto\/joma-slam-men-2542-blanco-negro-4\/\" \/>\n<meta property=\"og:site_name\" content=\"Revolution Padel Store\" \/>\n<meta property=\"article:modified_time\" content=\"2026-04-08T04:10:19+00:00\" \/>\n<meta property=\"og:image\" content=\"https:\/\/revolutionpadelstore.com\/wp-content\/uploads\/2025\/02\/126.png\" \/>\n\t<meta property=\"og:image:width\" content=\"1500\" \/>\n\t<meta property=\"og:image:height\" content=\"1500\" \/>\n\t<meta property=\"og:image:type\" content=\"image\/png\" \/>\n<meta name=\"twitter:card\" content=\"summary_large_image\" \/>\n<meta name=\"twitter:label1\" content=\"Tempo di lettura stimato\" \/>\n\t<meta name=\"twitter:data1\" content=\"2 minuti\" \/>\n<script type=\"application\/ld+json\" class=\"yoast-schema-graph\">{\"@context\":\"https:\\\/\\\/schema.org\",\"@graph\":[{\"@type\":\"WebPage\",\"@id\":\"https:\\\/\\\/revolutionpadelstore.com\\\/it\\\/prodotto\\\/joma-slam-men-2542-blanco-negro-4\\\/\",\"url\":\"https:\\\/\\\/revolutionpadelstore.com\\\/it\\\/prodotto\\\/joma-slam-men-2542-blanco-negro-4\\\/\",\"name\":\"JOMA SLAM MEN 2542 BLANCO NEGRO - Revolution Padel Store\",\"isPartOf\":{\"@id\":\"https:\\\/\\\/revolutionpadelstore.com\\\/it\\\/#website\"},\"primaryImageOfPage\":{\"@id\":\"https:\\\/\\\/revolutionpadelstore.com\\\/it\\\/prodotto\\\/joma-slam-men-2542-blanco-negro-4\\\/#primaryimage\"},\"image\":{\"@id\":\"https:\\\/\\\/revolutionpadelstore.com\\\/it\\\/prodotto\\\/joma-slam-men-2542-blanco-negro-4\\\/#primaryimage\"},\"thumbnailUrl\":\"https:\\\/\\\/revolutionpadelstore.com\\\/wp-content\\\/uploads\\\/2025\\\/02\\\/126.png\",\"datePublished\":\"2025-02-26T17:37:10+00:00\",\"dateModified\":\"2026-04-08T04:10:19+00:00\",\"description\":\"Descubre las zapatillas de p\u00e1del de alta gama con m\u00e1xima amortiguaci\u00f3n y estabilidad. Dise\u00f1adas para profesionales, testadas por leyendas del p\u00e1del. Compra online en Revolution Padel Store.\",\"breadcrumb\":{\"@id\":\"https:\\\/\\\/revolutionpadelstore.com\\\/it\\\/prodotto\\\/joma-slam-men-2542-blanco-negro-4\\\/#breadcrumb\"},\"inLanguage\":\"it-IT\",\"potentialAction\":[{\"@type\":\"ReadAction\",\"target\":[\"https:\\\/\\\/revolutionpadelstore.com\\\/it\\\/prodotto\\\/joma-slam-men-2542-blanco-negro-4\\\/\"]}]},{\"@type\":\"ImageObject\",\"inLanguage\":\"it-IT\",\"@id\":\"https:\\\/\\\/revolutionpadelstore.com\\\/it\\\/prodotto\\\/joma-slam-men-2542-blanco-negro-4\\\/#primaryimage\",\"url\":\"https:\\\/\\\/revolutionpadelstore.com\\\/wp-content\\\/uploads\\\/2025\\\/02\\\/126.png\",\"contentUrl\":\"https:\\\/\\\/revolutionpadelstore.com\\\/wp-content\\\/uploads\\\/2025\\\/02\\\/126.png\",\"width\":1500,\"height\":1500},{\"@type\":\"BreadcrumbList\",\"@id\":\"https:\\\/\\\/revolutionpadelstore.com\\\/it\\\/prodotto\\\/joma-slam-men-2542-blanco-negro-4\\\/#breadcrumb\",\"itemListElement\":[{\"@type\":\"ListItem\",\"position\":1,\"name\":\"Portada\",\"item\":\"https:\\\/\\\/revolutionpadelstore.com\\\/it\\\/\"},{\"@type\":\"ListItem\",\"position\":2,\"name\":\"Tienda\",\"item\":\"https:\\\/\\\/revolutionpadelstore.com\\\/it\\\/tienda\\\/\"},{\"@type\":\"ListItem\",\"position\":3,\"name\":\"JOMA SLAM MEN 2542 BLANCO NEGRO\"}]},{\"@type\":\"WebSite\",\"@id\":\"https:\\\/\\\/revolutionpadelstore.com\\\/it\\\/#website\",\"url\":\"https:\\\/\\\/revolutionpadelstore.com\\\/it\\\/\",\"name\":\"Revolution Padel Store\",\"description\":\"\",\"publisher\":{\"@id\":\"https:\\\/\\\/revolutionpadelstore.com\\\/it\\\/#organization\"},\"potentialAction\":[{\"@type\":\"SearchAction\",\"target\":{\"@type\":\"EntryPoint\",\"urlTemplate\":\"https:\\\/\\\/revolutionpadelstore.com\\\/it\\\/?s={search_term_string}\"},\"query-input\":{\"@type\":\"PropertyValueSpecification\",\"valueRequired\":true,\"valueName\":\"search_term_string\"}}],\"inLanguage\":\"it-IT\"},{\"@type\":\"Organization\",\"@id\":\"https:\\\/\\\/revolutionpadelstore.com\\\/it\\\/#organization\",\"name\":\"Revolution Padel Store\",\"url\":\"https:\\\/\\\/revolutionpadelstore.com\\\/it\\\/\",\"logo\":{\"@type\":\"ImageObject\",\"inLanguage\":\"it-IT\",\"@id\":\"https:\\\/\\\/revolutionpadelstore.com\\\/it\\\/#\\\/schema\\\/logo\\\/image\\\/\",\"url\":\"https:\\\/\\\/revolutionpadelstore.com\\\/wp-content\\\/uploads\\\/2026\\\/02\\\/revolution-padel-store.jpg\",\"contentUrl\":\"https:\\\/\\\/revolutionpadelstore.com\\\/wp-content\\\/uploads\\\/2026\\\/02\\\/revolution-padel-store.jpg\",\"width\":2000,\"height\":2000,\"caption\":\"Revolution Padel Store\"},\"image\":{\"@id\":\"https:\\\/\\\/revolutionpadelstore.com\\\/it\\\/#\\\/schema\\\/logo\\\/image\\\/\"},\"sameAs\":[\"https:\\\/\\\/www.instagram.com\\\/revolutionpadelstore\\\/\"]}]}<\/script>\n<!-- \/ Yoast SEO plugin. -->","yoast_head_json":{"title":"JOMA SLAM MEN 2542 BLANCO NEGRO - Revolution Padel Store","description":"Descubre las zapatillas de p\u00e1del de alta gama con m\u00e1xima amortiguaci\u00f3n y estabilidad. Dise\u00f1adas para profesionales, testadas por leyendas del p\u00e1del. Compra online en Revolution Padel Store.","robots":{"index":"index","follow":"follow","max-snippet":"max-snippet:-1","max-image-preview":"max-image-preview:large","max-video-preview":"max-video-preview:-1"},"canonical":"https:\/\/revolutionpadelstore.com\/it\/prodotto\/joma-slam-men-2542-blanco-negro-4\/","og_locale":"it_IT","og_type":"article","og_title":"JOMA SLAM MEN 2542 BLANCO NEGRO - Revolution Padel Store","og_description":"Descubre las zapatillas de p\u00e1del de alta gama con m\u00e1xima amortiguaci\u00f3n y estabilidad. Dise\u00f1adas para profesionales, testadas por leyendas del p\u00e1del. Compra online en Revolution Padel Store.","og_url":"https:\/\/revolutionpadelstore.com\/it\/prodotto\/joma-slam-men-2542-blanco-negro-4\/","og_site_name":"Revolution Padel Store","article_modified_time":"2026-04-08T04:10:19+00:00","og_image":[{"width":1500,"height":1500,"url":"https:\/\/revolutionpadelstore.com\/wp-content\/uploads\/2025\/02\/126.png","type":"image\/png"}],"twitter_card":"summary_large_image","twitter_misc":{"Tempo di lettura stimato":"2 minuti"},"schema":{"@context":"https:\/\/schema.org","@graph":[{"@type":"WebPage","@id":"https:\/\/revolutionpadelstore.com\/it\/prodotto\/joma-slam-men-2542-blanco-negro-4\/","url":"https:\/\/revolutionpadelstore.com\/it\/prodotto\/joma-slam-men-2542-blanco-negro-4\/","name":"JOMA SLAM MEN 2542 BLANCO NEGRO - Revolution Padel Store","isPartOf":{"@id":"https:\/\/revolutionpadelstore.com\/it\/#website"},"primaryImageOfPage":{"@id":"https:\/\/revolutionpadelstore.com\/it\/prodotto\/joma-slam-men-2542-blanco-negro-4\/#primaryimage"},"image":{"@id":"https:\/\/revolutionpadelstore.com\/it\/prodotto\/joma-slam-men-2542-blanco-negro-4\/#primaryimage"},"thumbnailUrl":"https:\/\/revolutionpadelstore.com\/wp-content\/uploads\/2025\/02\/126.png","datePublished":"2025-02-26T17:37:10+00:00","dateModified":"2026-04-08T04:10:19+00:00","description":"Descubre las zapatillas de p\u00e1del de alta gama con m\u00e1xima amortiguaci\u00f3n y estabilidad. Dise\u00f1adas para profesionales, testadas por leyendas del p\u00e1del. Compra online en Revolution Padel Store.","breadcrumb":{"@id":"https:\/\/revolutionpadelstore.com\/it\/prodotto\/joma-slam-men-2542-blanco-negro-4\/#breadcrumb"},"inLanguage":"it-IT","potentialAction":[{"@type":"ReadAction","target":["https:\/\/revolutionpadelstore.com\/it\/prodotto\/joma-slam-men-2542-blanco-negro-4\/"]}]},{"@type":"ImageObject","inLanguage":"it-IT","@id":"https:\/\/revolutionpadelstore.com\/it\/prodotto\/joma-slam-men-2542-blanco-negro-4\/#primaryimage","url":"https:\/\/revolutionpadelstore.com\/wp-content\/uploads\/2025\/02\/126.png","contentUrl":"https:\/\/revolutionpadelstore.com\/wp-content\/uploads\/2025\/02\/126.png","width":1500,"height":1500},{"@type":"BreadcrumbList","@id":"https:\/\/revolutionpadelstore.com\/it\/prodotto\/joma-slam-men-2542-blanco-negro-4\/#breadcrumb","itemListElement":[{"@type":"ListItem","position":1,"name":"Portada","item":"https:\/\/revolutionpadelstore.com\/it\/"},{"@type":"ListItem","position":2,"name":"Tienda","item":"https:\/\/revolutionpadelstore.com\/it\/tienda\/"},{"@type":"ListItem","position":3,"name":"JOMA SLAM MEN 2542 BLANCO NEGRO"}]},{"@type":"WebSite","@id":"https:\/\/revolutionpadelstore.com\/it\/#website","url":"https:\/\/revolutionpadelstore.com\/it\/","name":"Revolution Padel Store","description":"","publisher":{"@id":"https:\/\/revolutionpadelstore.com\/it\/#organization"},"potentialAction":[{"@type":"SearchAction","target":{"@type":"EntryPoint","urlTemplate":"https:\/\/revolutionpadelstore.com\/it\/?s={search_term_string}"},"query-input":{"@type":"PropertyValueSpecification","valueRequired":true,"valueName":"search_term_string"}}],"inLanguage":"it-IT"},{"@type":"Organization","@id":"https:\/\/revolutionpadelstore.com\/it\/#organization","name":"Revolution Padel Store","url":"https:\/\/revolutionpadelstore.com\/it\/","logo":{"@type":"ImageObject","inLanguage":"it-IT","@id":"https:\/\/revolutionpadelstore.com\/it\/#\/schema\/logo\/image\/","url":"https:\/\/revolutionpadelstore.com\/wp-content\/uploads\/2026\/02\/revolution-padel-store.jpg","contentUrl":"https:\/\/revolutionpadelstore.com\/wp-content\/uploads\/2026\/02\/revolution-padel-store.jpg","width":2000,"height":2000,"caption":"Revolution Padel Store"},"image":{"@id":"https:\/\/revolutionpadelstore.com\/it\/#\/schema\/logo\/image\/"},"sameAs":["https:\/\/www.instagram.com\/revolutionpadelstore\/"]}]}},"_links":{"self":[{"href":"https:\/\/revolutionpadelstore.com\/it\/wp-json\/wp\/v2\/product\/197334","targetHints":{"allow":["GET"]}}],"collection":[{"href":"https:\/\/revolutionpadelstore.com\/it\/wp-json\/wp\/v2\/product"}],"about":[{"href":"https:\/\/revolutionpadelstore.com\/it\/wp-json\/wp\/v2\/types\/product"}],"replies":[{"embeddable":true,"href":"https:\/\/revolutionpadelstore.com\/it\/wp-json\/wp\/v2\/comments?post=197334"}],"wp:featuredmedia":[{"embeddable":true,"href":"https:\/\/revolutionpadelstore.com\/it\/wp-json\/wp\/v2\/media\/197287"}],"wp:attachment":[{"href":"https:\/\/revolutionpadelstore.com\/it\/wp-json\/wp\/v2\/media?parent=197334"}],"wp:term":[{"taxonomy":"acabado","embeddable":true,"href":"https:\/\/revolutionpadelstore.com\/it\/wp-json\/wp\/v2\/acabado?post=197334"},{"taxonomy":"balance","embeddable":true,"href":"https:\/\/revolutionpadelstore.com\/it\/wp-json\/wp\/v2\/balance?post=197334"},{"taxonomy":"dureza","embeddable":true,"href":"https:\/\/revolutionpadelstore.com\/it\/wp-json\/wp\/v2\/dureza?post=197334"},{"taxonomy":"forma","embeddable":true,"href":"https:\/\/revolutionpadelstore.com\/it\/wp-json\/wp\/v2\/forma?post=197334"},{"taxonomy":"jugador","embeddable":true,"href":"https:\/\/revolutionpadelstore.com\/it\/wp-json\/wp\/v2\/jugador?post=197334"},{"taxonomy":"marca","embeddable":true,"href":"https:\/\/revolutionpadelstore.com\/it\/wp-json\/wp\/v2\/marca?post=197334"},{"taxonomy":"nivel-de-juego","embeddable":true,"href":"https:\/\/revolutionpadelstore.com\/it\/wp-json\/wp\/v2\/nivel-de-juego?post=197334"},{"taxonomy":"superficie","embeddable":true,"href":"https:\/\/revolutionpadelstore.com\/it\/wp-json\/wp\/v2\/superficie?post=197334"},{"taxonomy":"tipo-de-juego","embeddable":true,"href":"https:\/\/revolutionpadelstore.com\/it\/wp-json\/wp\/v2\/tipo-de-juego?post=197334"},{"taxonomy":"product_brand","embeddable":true,"href":"https:\/\/revolutionpadelstore.com\/it\/wp-json\/wp\/v2\/product_brand?post=197334"},{"taxonomy":"product_cat","embeddable":true,"href":"https:\/\/revolutionpadelstore.com\/it\/wp-json\/wp\/v2\/product_cat?post=197334"},{"taxonomy":"product_tag","embeddable":true,"href":"https:\/\/revolutionpadelstore.com\/it\/wp-json\/wp\/v2\/product_tag?post=197334"}],"curies":[{"name":"wp","href":"https:\/\/api.w.org\/{rel}","templated":true}]}}