{"id":19729,"date":"2024-04-09T19:56:58","date_gmt":"2024-04-09T17:56:58","guid":{"rendered":"https:\/\/revolutionpadelstore.com\/siux-diablo-revolution-pro-3\/"},"modified":"2026-04-08T14:27:34","modified_gmt":"2026-04-08T12:27:34","slug":"siux-diablo-revolution-pro-3-4","status":"publish","type":"product","link":"https:\/\/revolutionpadelstore.com\/it\/prodotto\/siux-diablo-revolution-pro-3-4\/","title":{"rendered":"SIUX DIABLO REVOLUTION PRO 3"},"content":{"rendered":"<h2>Siux Diablo Revolution 3 Sanyo Pro, funzionalit\u00e0 incredibili<\/h2>\n<p>La <strong>Siux Diablo Revolution Pro 3<\/strong> \u00e8 la racchetta ufficiale Sanyo Guti\u00e9rrez. \u00c8 stata progettata per giocatori di padel avanzati o professionisti che cercano versatilit\u00e0 in ogni gioco. Ha una sensazione di durezza e un peso leggero di 355-375 grammi che consente grande libert\u00e0 di movimento, agilit\u00e0 e comfort in ogni momento.<\/p>\n<p>Presenta una <strong>forma ibrida e un bilanciamento medio<\/strong>, che lo rendono ideale sia per colpi aggressivi che richiedono maggiore potenza, sia per colpi difensivi che richiedono grande precisione e controllo.<\/p>\n<h3>Durata e resistenza all&#8217;usura<\/h3>\n<p>Per quanto riguarda la sua composizione, possiamo evidenziare il nucleo in gomma EVA, che offre una grande sensazione durante i colpi e fornisce feedback, fornendo allo stesso tempo stabilit\u00e0 e leggerezza.<\/p>\n<p>Il telaio tubolare \u00e8 costituito da una combinazione di <strong>carbonio 3K e aramide<\/strong>, motivo per cui si distingue per la sua leggerezza, grande resistenza e durata, nonch\u00e9 una piacevole sensazione all&#8217;impatto grazie alle vibrazioni ridotte .<\/p>\n<p>D&#8217;altro canto, le facce di questa <strong>racchetta Siux<\/strong> sono realizzate in <strong>carbonio 15K 45\u00ba<\/strong>, che si traduce in <strong>alta resistenza, qualit\u00e0 e rigidit\u00e0<\/strong> , che offre un&#8217;eccellente combinazione di controllo e potenza che si traduce in una racchetta ad alte prestazioni.<\/p>\n<p>Inoltre, i piani hanno una finitura lucida e incorporano la tecnologia <strong><em><\/em>3D Decal<\/em><\/strong>, un rilievo che favorisce l&#8217;aderenza della pallina alla superficie e fa s\u00ec che giri con <strong>pi\u00f9 velocit\u00e0 ed effetto.<\/strong><\/p>\n<h3>Estetica moderna e sportiva<\/h3>\n<p>Allo stesso modo, questo modello \u00e8 molto ben equipaggiato in termini di tecnologia, poich\u00e9 incorpora <strong><em>ammortizzatori<\/em><\/strong>. Si tratta di elementi che hanno il compito di ridurre le vibrazioni prodotte dopo l&#8217;impatto della palla (fino al 60%) e quindi di ridurre la possibilit\u00e0 che il giocatore subisca un infortunio.<\/p>\n<p>Inoltre, grazie al <strong><em>Dual Pro Grip<\/em><\/strong>, un overgrip realizzato in gomma FOAM, la presa risulta molto <strong>pi\u00f9 piacevole, comoda e salda<\/strong> grazie al piccolo rilievo che si genera sulla superficie.<\/p>\n<h2>Siux Diablo Revolution 3 Sanyo Pro, incre\u00edbles prestaciones<\/h2>\n","protected":false},"excerpt":{"rendered":"<p>La Siux Diablo Revolution Pro 3 \u00e8 la racchetta ufficiale di Sanyo Guti\u00e9rrez. \u00c8 stato progettato per i giocatori di padel di livello avanzato o professionale che cercano versatilit\u00e0 in ogni gioco. Ha una sensazione dura e un peso leggero di 355-375 grammi che consente grande libert\u00e0 di movimento, agilit\u00e0 e comfort in ogni momento.<\/p>\n","protected":false},"featured_media":71451,"comment_status":"open","ping_status":"closed","template":"","meta":{"_acf_changed":false,"_joinchat":[]},"acabado":[1081,1091],"balance":[1141],"dureza":[1156],"forma":[1176],"jugador":[1201,1191],"marca":[1306],"nivel-de-juego":[1336],"superficie":[1361],"tipo-de-juego":[1386],"product_brand":[],"product_cat":[301],"product_tag":[],"class_list":{"0":"post-19729","1":"product","2":"type-product","3":"status-publish","4":"has-post-thumbnail","6":"acabado-luminosita","7":"acabado-relieve-3d-it","8":"balance-medio-it","9":"dureza-media-it","10":"forma-ibrido","11":"jugador-multiuso","12":"jugador-uomo","13":"marca-siux-it","14":"superficie-rugosa-it","15":"tipo-de-juego-multiuso","16":"product_cat-palas-de-padel-it","18":"first","19":"onbackorder","20":"sale","21":"taxable","22":"shipping-taxable","23":"purchasable","24":"product-type-simple"},"acf":[],"yoast_head":"<!-- This site is optimized with the Yoast SEO plugin v27.4 - https:\/\/yoast.com\/product\/yoast-seo-wordpress\/ -->\n<title>SIUX DIABLO REVOLUTION PRO 3 - Revolution Padel Store<\/title>\n<meta name=\"description\" content=\"La\u00a0Siux Diablo Revolution Pro 3,\u00a0es la\u00a0pala oficial de Sanyo Guti\u00e9rrez.\u00a0Ha sido dise\u00f1ada para jugadores de p\u00e1del de\u00a0nivel avanzado o profesional\u00a0que buscan polivalencia en cada jugada. Tiene un tacto duro y un \u00a0peso ligero de 355-375 gramos que posibilita una gran libertad de movimiento, agilidad y comodidad en todo momento.\" \/>\n<meta name=\"robots\" content=\"index, follow, max-snippet:-1, max-image-preview:large, max-video-preview:-1\" \/>\n<link rel=\"canonical\" href=\"https:\/\/revolutionpadelstore.com\/it\/prodotto\/siux-diablo-revolution-pro-3-4\/\" \/>\n<meta property=\"og:locale\" content=\"it_IT\" \/>\n<meta property=\"og:type\" content=\"article\" \/>\n<meta property=\"og:title\" content=\"COMPRAR SIUX DIABLO REVOLUTION PRO 3\" \/>\n<meta property=\"og:description\" content=\"La\u00a0Siux Diablo Revolution Pro 3,\u00a0es la\u00a0pala oficial de Sanyo Guti\u00e9rrez.\u00a0Ha sido dise\u00f1ada para jugadores de p\u00e1del de\u00a0nivel avanzado o profesional\u00a0que buscan polivalencia en cada jugada. Tiene un tacto duro y un \u00a0peso ligero de 355-375 gramos que posibilita una gran libertad de movimiento, agilidad y comodidad en todo momento.\" \/>\n<meta property=\"og:url\" content=\"https:\/\/revolutionpadelstore.com\/it\/prodotto\/siux-diablo-revolution-pro-3-4\/\" \/>\n<meta property=\"og:site_name\" content=\"Revolution Padel Store\" \/>\n<meta property=\"article:modified_time\" content=\"2026-04-08T12:27:34+00:00\" \/>\n<meta property=\"og:image\" content=\"https:\/\/revolutionpadelstore.com\/wp-content\/uploads\/2024\/04\/diablo_pro_3_1_1500x1500_f18e.webp\" \/>\n\t<meta property=\"og:image:width\" content=\"1500\" \/>\n\t<meta property=\"og:image:height\" content=\"1500\" \/>\n\t<meta property=\"og:image:type\" content=\"image\/webp\" \/>\n<meta name=\"twitter:card\" content=\"summary_large_image\" \/>\n<meta name=\"twitter:label1\" content=\"Tempo di lettura stimato\" \/>\n\t<meta name=\"twitter:data1\" content=\"2 minuti\" \/>\n<script type=\"application\/ld+json\" class=\"yoast-schema-graph\">{\"@context\":\"https:\\\/\\\/schema.org\",\"@graph\":[{\"@type\":\"WebPage\",\"@id\":\"https:\\\/\\\/revolutionpadelstore.com\\\/it\\\/prodotto\\\/siux-diablo-revolution-pro-3-4\\\/\",\"url\":\"https:\\\/\\\/revolutionpadelstore.com\\\/it\\\/prodotto\\\/siux-diablo-revolution-pro-3-4\\\/\",\"name\":\"SIUX DIABLO REVOLUTION PRO 3 - Revolution Padel Store\",\"isPartOf\":{\"@id\":\"https:\\\/\\\/revolutionpadelstore.com\\\/it\\\/#website\"},\"primaryImageOfPage\":{\"@id\":\"https:\\\/\\\/revolutionpadelstore.com\\\/it\\\/prodotto\\\/siux-diablo-revolution-pro-3-4\\\/#primaryimage\"},\"image\":{\"@id\":\"https:\\\/\\\/revolutionpadelstore.com\\\/it\\\/prodotto\\\/siux-diablo-revolution-pro-3-4\\\/#primaryimage\"},\"thumbnailUrl\":\"https:\\\/\\\/revolutionpadelstore.com\\\/wp-content\\\/uploads\\\/2024\\\/06\\\/29.png\",\"datePublished\":\"2024-04-09T17:56:58+00:00\",\"dateModified\":\"2026-04-08T12:27:34+00:00\",\"description\":\"La\u00a0Siux Diablo Revolution Pro 3,\u00a0es la\u00a0pala oficial de Sanyo Guti\u00e9rrez.\u00a0Ha sido dise\u00f1ada para jugadores de p\u00e1del de\u00a0nivel avanzado o profesional\u00a0que buscan polivalencia en cada jugada. Tiene un tacto duro y un \u00a0peso ligero de 355-375 gramos que posibilita una gran libertad de movimiento, agilidad y comodidad en todo momento.\",\"breadcrumb\":{\"@id\":\"https:\\\/\\\/revolutionpadelstore.com\\\/it\\\/prodotto\\\/siux-diablo-revolution-pro-3-4\\\/#breadcrumb\"},\"inLanguage\":\"it-IT\",\"potentialAction\":[{\"@type\":\"ReadAction\",\"target\":[\"https:\\\/\\\/revolutionpadelstore.com\\\/it\\\/prodotto\\\/siux-diablo-revolution-pro-3-4\\\/\"]}]},{\"@type\":\"ImageObject\",\"inLanguage\":\"it-IT\",\"@id\":\"https:\\\/\\\/revolutionpadelstore.com\\\/it\\\/prodotto\\\/siux-diablo-revolution-pro-3-4\\\/#primaryimage\",\"url\":\"https:\\\/\\\/revolutionpadelstore.com\\\/wp-content\\\/uploads\\\/2024\\\/06\\\/29.png\",\"contentUrl\":\"https:\\\/\\\/revolutionpadelstore.com\\\/wp-content\\\/uploads\\\/2024\\\/06\\\/29.png\",\"width\":1500,\"height\":1500},{\"@type\":\"BreadcrumbList\",\"@id\":\"https:\\\/\\\/revolutionpadelstore.com\\\/it\\\/prodotto\\\/siux-diablo-revolution-pro-3-4\\\/#breadcrumb\",\"itemListElement\":[{\"@type\":\"ListItem\",\"position\":1,\"name\":\"Portada\",\"item\":\"https:\\\/\\\/revolutionpadelstore.com\\\/it\\\/\"},{\"@type\":\"ListItem\",\"position\":2,\"name\":\"Tienda\",\"item\":\"https:\\\/\\\/revolutionpadelstore.com\\\/it\\\/tienda\\\/\"},{\"@type\":\"ListItem\",\"position\":3,\"name\":\"SIUX DIABLO REVOLUTION PRO 3\"}]},{\"@type\":\"WebSite\",\"@id\":\"https:\\\/\\\/revolutionpadelstore.com\\\/it\\\/#website\",\"url\":\"https:\\\/\\\/revolutionpadelstore.com\\\/it\\\/\",\"name\":\"Revolution Padel Store\",\"description\":\"\",\"publisher\":{\"@id\":\"https:\\\/\\\/revolutionpadelstore.com\\\/it\\\/#organization\"},\"potentialAction\":[{\"@type\":\"SearchAction\",\"target\":{\"@type\":\"EntryPoint\",\"urlTemplate\":\"https:\\\/\\\/revolutionpadelstore.com\\\/it\\\/?s={search_term_string}\"},\"query-input\":{\"@type\":\"PropertyValueSpecification\",\"valueRequired\":true,\"valueName\":\"search_term_string\"}}],\"inLanguage\":\"it-IT\"},{\"@type\":\"Organization\",\"@id\":\"https:\\\/\\\/revolutionpadelstore.com\\\/it\\\/#organization\",\"name\":\"Revolution Padel Store\",\"url\":\"https:\\\/\\\/revolutionpadelstore.com\\\/it\\\/\",\"logo\":{\"@type\":\"ImageObject\",\"inLanguage\":\"it-IT\",\"@id\":\"https:\\\/\\\/revolutionpadelstore.com\\\/it\\\/#\\\/schema\\\/logo\\\/image\\\/\",\"url\":\"https:\\\/\\\/revolutionpadelstore.com\\\/wp-content\\\/uploads\\\/2026\\\/02\\\/revolution-padel-store.jpg\",\"contentUrl\":\"https:\\\/\\\/revolutionpadelstore.com\\\/wp-content\\\/uploads\\\/2026\\\/02\\\/revolution-padel-store.jpg\",\"width\":2000,\"height\":2000,\"caption\":\"Revolution Padel Store\"},\"image\":{\"@id\":\"https:\\\/\\\/revolutionpadelstore.com\\\/it\\\/#\\\/schema\\\/logo\\\/image\\\/\"},\"sameAs\":[\"https:\\\/\\\/www.instagram.com\\\/revolutionpadelstore\\\/\"]}]}<\/script>\n<!-- \/ Yoast SEO plugin. -->","yoast_head_json":{"title":"SIUX DIABLO REVOLUTION PRO 3 - Revolution Padel Store","description":"La\u00a0Siux Diablo Revolution Pro 3,\u00a0es la\u00a0pala oficial de Sanyo Guti\u00e9rrez.\u00a0Ha sido dise\u00f1ada para jugadores de p\u00e1del de\u00a0nivel avanzado o profesional\u00a0que buscan polivalencia en cada jugada. Tiene un tacto duro y un \u00a0peso ligero de 355-375 gramos que posibilita una gran libertad de movimiento, agilidad y comodidad en todo momento.","robots":{"index":"index","follow":"follow","max-snippet":"max-snippet:-1","max-image-preview":"max-image-preview:large","max-video-preview":"max-video-preview:-1"},"canonical":"https:\/\/revolutionpadelstore.com\/it\/prodotto\/siux-diablo-revolution-pro-3-4\/","og_locale":"it_IT","og_type":"article","og_title":"COMPRAR SIUX DIABLO REVOLUTION PRO 3","og_description":"La\u00a0Siux Diablo Revolution Pro 3,\u00a0es la\u00a0pala oficial de Sanyo Guti\u00e9rrez.\u00a0Ha sido dise\u00f1ada para jugadores de p\u00e1del de\u00a0nivel avanzado o profesional\u00a0que buscan polivalencia en cada jugada. Tiene un tacto duro y un \u00a0peso ligero de 355-375 gramos que posibilita una gran libertad de movimiento, agilidad y comodidad en todo momento.","og_url":"https:\/\/revolutionpadelstore.com\/it\/prodotto\/siux-diablo-revolution-pro-3-4\/","og_site_name":"Revolution Padel Store","article_modified_time":"2026-04-08T12:27:34+00:00","og_image":[{"width":1500,"height":1500,"url":"https:\/\/revolutionpadelstore.com\/wp-content\/uploads\/2024\/04\/diablo_pro_3_1_1500x1500_f18e.webp","type":"image\/webp"}],"twitter_card":"summary_large_image","twitter_misc":{"Tempo di lettura stimato":"2 minuti"},"schema":{"@context":"https:\/\/schema.org","@graph":[{"@type":"WebPage","@id":"https:\/\/revolutionpadelstore.com\/it\/prodotto\/siux-diablo-revolution-pro-3-4\/","url":"https:\/\/revolutionpadelstore.com\/it\/prodotto\/siux-diablo-revolution-pro-3-4\/","name":"SIUX DIABLO REVOLUTION PRO 3 - Revolution Padel Store","isPartOf":{"@id":"https:\/\/revolutionpadelstore.com\/it\/#website"},"primaryImageOfPage":{"@id":"https:\/\/revolutionpadelstore.com\/it\/prodotto\/siux-diablo-revolution-pro-3-4\/#primaryimage"},"image":{"@id":"https:\/\/revolutionpadelstore.com\/it\/prodotto\/siux-diablo-revolution-pro-3-4\/#primaryimage"},"thumbnailUrl":"https:\/\/revolutionpadelstore.com\/wp-content\/uploads\/2024\/06\/29.png","datePublished":"2024-04-09T17:56:58+00:00","dateModified":"2026-04-08T12:27:34+00:00","description":"La\u00a0Siux Diablo Revolution Pro 3,\u00a0es la\u00a0pala oficial de Sanyo Guti\u00e9rrez.\u00a0Ha sido dise\u00f1ada para jugadores de p\u00e1del de\u00a0nivel avanzado o profesional\u00a0que buscan polivalencia en cada jugada. Tiene un tacto duro y un \u00a0peso ligero de 355-375 gramos que posibilita una gran libertad de movimiento, agilidad y comodidad en todo momento.","breadcrumb":{"@id":"https:\/\/revolutionpadelstore.com\/it\/prodotto\/siux-diablo-revolution-pro-3-4\/#breadcrumb"},"inLanguage":"it-IT","potentialAction":[{"@type":"ReadAction","target":["https:\/\/revolutionpadelstore.com\/it\/prodotto\/siux-diablo-revolution-pro-3-4\/"]}]},{"@type":"ImageObject","inLanguage":"it-IT","@id":"https:\/\/revolutionpadelstore.com\/it\/prodotto\/siux-diablo-revolution-pro-3-4\/#primaryimage","url":"https:\/\/revolutionpadelstore.com\/wp-content\/uploads\/2024\/06\/29.png","contentUrl":"https:\/\/revolutionpadelstore.com\/wp-content\/uploads\/2024\/06\/29.png","width":1500,"height":1500},{"@type":"BreadcrumbList","@id":"https:\/\/revolutionpadelstore.com\/it\/prodotto\/siux-diablo-revolution-pro-3-4\/#breadcrumb","itemListElement":[{"@type":"ListItem","position":1,"name":"Portada","item":"https:\/\/revolutionpadelstore.com\/it\/"},{"@type":"ListItem","position":2,"name":"Tienda","item":"https:\/\/revolutionpadelstore.com\/it\/tienda\/"},{"@type":"ListItem","position":3,"name":"SIUX DIABLO REVOLUTION PRO 3"}]},{"@type":"WebSite","@id":"https:\/\/revolutionpadelstore.com\/it\/#website","url":"https:\/\/revolutionpadelstore.com\/it\/","name":"Revolution Padel Store","description":"","publisher":{"@id":"https:\/\/revolutionpadelstore.com\/it\/#organization"},"potentialAction":[{"@type":"SearchAction","target":{"@type":"EntryPoint","urlTemplate":"https:\/\/revolutionpadelstore.com\/it\/?s={search_term_string}"},"query-input":{"@type":"PropertyValueSpecification","valueRequired":true,"valueName":"search_term_string"}}],"inLanguage":"it-IT"},{"@type":"Organization","@id":"https:\/\/revolutionpadelstore.com\/it\/#organization","name":"Revolution Padel Store","url":"https:\/\/revolutionpadelstore.com\/it\/","logo":{"@type":"ImageObject","inLanguage":"it-IT","@id":"https:\/\/revolutionpadelstore.com\/it\/#\/schema\/logo\/image\/","url":"https:\/\/revolutionpadelstore.com\/wp-content\/uploads\/2026\/02\/revolution-padel-store.jpg","contentUrl":"https:\/\/revolutionpadelstore.com\/wp-content\/uploads\/2026\/02\/revolution-padel-store.jpg","width":2000,"height":2000,"caption":"Revolution Padel Store"},"image":{"@id":"https:\/\/revolutionpadelstore.com\/it\/#\/schema\/logo\/image\/"},"sameAs":["https:\/\/www.instagram.com\/revolutionpadelstore\/"]}]}},"_links":{"self":[{"href":"https:\/\/revolutionpadelstore.com\/it\/wp-json\/wp\/v2\/product\/19729","targetHints":{"allow":["GET"]}}],"collection":[{"href":"https:\/\/revolutionpadelstore.com\/it\/wp-json\/wp\/v2\/product"}],"about":[{"href":"https:\/\/revolutionpadelstore.com\/it\/wp-json\/wp\/v2\/types\/product"}],"replies":[{"embeddable":true,"href":"https:\/\/revolutionpadelstore.com\/it\/wp-json\/wp\/v2\/comments?post=19729"}],"wp:featuredmedia":[{"embeddable":true,"href":"https:\/\/revolutionpadelstore.com\/it\/wp-json\/wp\/v2\/media\/71451"}],"wp:attachment":[{"href":"https:\/\/revolutionpadelstore.com\/it\/wp-json\/wp\/v2\/media?parent=19729"}],"wp:term":[{"taxonomy":"acabado","embeddable":true,"href":"https:\/\/revolutionpadelstore.com\/it\/wp-json\/wp\/v2\/acabado?post=19729"},{"taxonomy":"balance","embeddable":true,"href":"https:\/\/revolutionpadelstore.com\/it\/wp-json\/wp\/v2\/balance?post=19729"},{"taxonomy":"dureza","embeddable":true,"href":"https:\/\/revolutionpadelstore.com\/it\/wp-json\/wp\/v2\/dureza?post=19729"},{"taxonomy":"forma","embeddable":true,"href":"https:\/\/revolutionpadelstore.com\/it\/wp-json\/wp\/v2\/forma?post=19729"},{"taxonomy":"jugador","embeddable":true,"href":"https:\/\/revolutionpadelstore.com\/it\/wp-json\/wp\/v2\/jugador?post=19729"},{"taxonomy":"marca","embeddable":true,"href":"https:\/\/revolutionpadelstore.com\/it\/wp-json\/wp\/v2\/marca?post=19729"},{"taxonomy":"nivel-de-juego","embeddable":true,"href":"https:\/\/revolutionpadelstore.com\/it\/wp-json\/wp\/v2\/nivel-de-juego?post=19729"},{"taxonomy":"superficie","embeddable":true,"href":"https:\/\/revolutionpadelstore.com\/it\/wp-json\/wp\/v2\/superficie?post=19729"},{"taxonomy":"tipo-de-juego","embeddable":true,"href":"https:\/\/revolutionpadelstore.com\/it\/wp-json\/wp\/v2\/tipo-de-juego?post=19729"},{"taxonomy":"product_brand","embeddable":true,"href":"https:\/\/revolutionpadelstore.com\/it\/wp-json\/wp\/v2\/product_brand?post=19729"},{"taxonomy":"product_cat","embeddable":true,"href":"https:\/\/revolutionpadelstore.com\/it\/wp-json\/wp\/v2\/product_cat?post=19729"},{"taxonomy":"product_tag","embeddable":true,"href":"https:\/\/revolutionpadelstore.com\/it\/wp-json\/wp\/v2\/product_tag?post=19729"}],"curies":[{"name":"wp","href":"https:\/\/api.w.org\/{rel}","templated":true}]}}