{"id":197255,"date":"2025-02-26T18:11:00","date_gmt":"2025-02-26T17:11:00","guid":{"rendered":"https:\/\/revolutionpadelstore.com\/joma-slam-men-2508-mostaza\/"},"modified":"2026-04-01T03:04:26","modified_gmt":"2026-04-01T01:04:26","slug":"joma-slam-men-2508-mostaza-4","status":"publish","type":"product","link":"https:\/\/revolutionpadelstore.com\/it\/prodotto\/joma-slam-men-2508-mostaza-4\/","title":{"rendered":"JOMA SLAM MEN 2508 MOSTAZA"},"content":{"rendered":"<h2> Paddlers professionisti &#8211; Prestazioni massime in pista <\/h2>\n<p>Scopri le scarpe da paddle ad alta end progettate per i giocatori impegnativi in \u200b\u200bcerca di comfort, stabilit\u00e0 e durata. Testato da professionisti come l&#8217;ex World No. 1 Carolina Navarro e Juanlu Esbr\u00ed, questo modello incorpora la tecnologia avanzata per migliorare le tue prestazioni in ciascuna parte.<\/p>\n<h2> caratteristiche eccezionali <\/h2>\n<p><P>-superiore traspirante con tecnologia VTS: mantiene la ventilazione ottimale e controlla il sudore.<br \/>\n-C abitudine di precisione con Joma Sportch: Thermallado senza cuciture per un maggiore comfort e supporto.<br \/>\n-Il Rifertazione del esternione: aumento della resistenza nelle aree pi\u00f9 esposte all&#8217;usura.<br \/>\n-Dual Reactive Mediauela: combinare phylon e sfera reattiva per cuscino e ritorno di energia pi\u00f9 elevata.<br \/>\n-Suzuela Durabilit\u00e0: design omni che fornisce trazione, stabilit\u00e0 e frane controllate. <\/p>\n<h2> tecnologie innovative <\/h2>\n<p>&lt;p style = &quot;padding-left: 40px;&quot;<br \/>\nFlexo: linee di flessione che migliorano il passaggio dal battistrada.<br \/>\nProtezione: materiale iniettato nella punta per evitare l&#039;usura.<br \/>\nBalla reattiva: assorbe gli impatti e restituisce energia per un maggiore impulso.<br \/>\nSportch: tecnologia senza cuciture che riducono il peso e aumenta il comfort.<br \/>\nStabilis: pezzo TPU che evita torsioni indesiderate e migliora la stabilit\u00e0.<br \/>\nVT: sistema di ventilazione che mantiene una temperatura costante nel piede.<\/p>\n<h2> Specifiche <\/h2>\n<p>&lt;p style = &quot;padding-left: 40px;&quot;<br \/>\n&lt;p style = &quot;padding-left: 40px;&quot;<\/p>\n<p> Protezione: rinforzato con sistema di protezione. <\/p>\n<p><P> MediaSuela: Phylon con sfera reattiva e stabilis. <\/p>\n<p> suola: gomma durabilit\u00e0 con motivo omni.<\/p>\n<p style=\"padding-left: 40px\"> Uso consigliato: formazione e competizione. <\/p>\n<p>&lt;p style = &quot;padding-left: 40px;&quot; Colore: senape. <\/p>\n<p style=\"padding-left: 40px\"> genere: uomo. <\/p>\n<p style=\"padding-left: 40px\"> Riferimento: tslams2508om. <\/p>\n<p><strong> Migliora il tuo gioco con le scarpe da paletta pi\u00f9 avanzate sul mercato.<\/p>\n<h2>Zapatillas de P\u00e1del Profesionales \u2013 M\u00e1ximo Rendimiento en la Pista<\/h2>\n","protected":false},"excerpt":{"rendered":"<p>Esplora le scarpe da paddle ad alte prestazioni, create per i giocatori che danno la priorit\u00e0 al comfort, alla stabilit\u00e0 e alla resistenza. Supportato da esperti come l&#8217;ex numero uno dei World Carolina Navarro e Juanlu Esbr\u00ed, questo modello ha una tecnologia innovativa per ottimizzare le tue prestazioni in pista.<\/p>\n","protected":false},"featured_media":197274,"comment_status":"open","ping_status":"closed","template":"","meta":{"_acf_changed":false,"_joinchat":[]},"acabado":[],"balance":[],"dureza":[],"forma":[],"jugador":[1191],"marca":[1226],"nivel-de-juego":[],"superficie":[],"tipo-de-juego":[],"product_brand":[],"product_cat":[832],"product_tag":[],"class_list":{"0":"post-197255","1":"product","2":"type-product","3":"status-publish","4":"has-post-thumbnail","6":"jugador-uomo","7":"marca-joma-it","8":"product_cat-scarpe-da-ginnastica","10":"first","11":"outofstock","12":"sale","13":"taxable","14":"shipping-taxable","15":"purchasable","16":"product-type-variable"},"acf":[],"yoast_head":"<!-- This site is optimized with the Yoast SEO plugin v27.3 - https:\/\/yoast.com\/product\/yoast-seo-wordpress\/ -->\n<title>JOMA SLAM MEN 2508 MOSTAZA - Revolution Padel Store<\/title>\n<meta name=\"description\" content=\"Compra las zapatillas de p\u00e1del profesionales con tecnolog\u00edas avanzadas para m\u00e1xima estabilidad y amortiguaci\u00f3n. Disponibles en www.revolutionpadelstore.com al mejor precio\" \/>\n<meta name=\"robots\" content=\"index, follow, max-snippet:-1, max-image-preview:large, max-video-preview:-1\" \/>\n<link rel=\"canonical\" href=\"https:\/\/revolutionpadelstore.com\/it\/prodotto\/joma-slam-men-2508-mostaza-4\/\" \/>\n<meta property=\"og:locale\" content=\"it_IT\" \/>\n<meta property=\"og:type\" content=\"article\" \/>\n<meta property=\"og:title\" content=\"JOMA SLAM MEN 2508 MOSTAZA - Revolution Padel Store\" \/>\n<meta property=\"og:description\" content=\"Compra las zapatillas de p\u00e1del profesionales con tecnolog\u00edas avanzadas para m\u00e1xima estabilidad y amortiguaci\u00f3n. Disponibles en www.revolutionpadelstore.com al mejor precio\" \/>\n<meta property=\"og:url\" content=\"https:\/\/revolutionpadelstore.com\/it\/prodotto\/joma-slam-men-2508-mostaza-4\/\" \/>\n<meta property=\"og:site_name\" content=\"Revolution Padel Store\" \/>\n<meta property=\"article:modified_time\" content=\"2026-04-01T01:04:26+00:00\" \/>\n<meta property=\"og:image\" content=\"https:\/\/revolutionpadelstore.com\/wp-content\/uploads\/2025\/02\/FOTO-PALAS-6.png\" \/>\n\t<meta property=\"og:image:width\" content=\"1500\" \/>\n\t<meta property=\"og:image:height\" content=\"1500\" \/>\n\t<meta property=\"og:image:type\" content=\"image\/png\" \/>\n<meta name=\"twitter:card\" content=\"summary_large_image\" \/>\n<meta name=\"twitter:label1\" content=\"Tempo di lettura stimato\" \/>\n\t<meta name=\"twitter:data1\" content=\"2 minuti\" \/>\n<script type=\"application\/ld+json\" class=\"yoast-schema-graph\">{\"@context\":\"https:\\\/\\\/schema.org\",\"@graph\":[{\"@type\":\"WebPage\",\"@id\":\"https:\\\/\\\/revolutionpadelstore.com\\\/it\\\/prodotto\\\/joma-slam-men-2508-mostaza-4\\\/\",\"url\":\"https:\\\/\\\/revolutionpadelstore.com\\\/it\\\/prodotto\\\/joma-slam-men-2508-mostaza-4\\\/\",\"name\":\"JOMA SLAM MEN 2508 MOSTAZA - Revolution Padel Store\",\"isPartOf\":{\"@id\":\"https:\\\/\\\/revolutionpadelstore.com\\\/it\\\/#website\"},\"primaryImageOfPage\":{\"@id\":\"https:\\\/\\\/revolutionpadelstore.com\\\/it\\\/prodotto\\\/joma-slam-men-2508-mostaza-4\\\/#primaryimage\"},\"image\":{\"@id\":\"https:\\\/\\\/revolutionpadelstore.com\\\/it\\\/prodotto\\\/joma-slam-men-2508-mostaza-4\\\/#primaryimage\"},\"thumbnailUrl\":\"https:\\\/\\\/revolutionpadelstore.com\\\/wp-content\\\/uploads\\\/2025\\\/02\\\/FOTO-PALAS-6.png\",\"datePublished\":\"2025-02-26T17:11:00+00:00\",\"dateModified\":\"2026-04-01T01:04:26+00:00\",\"description\":\"Compra las zapatillas de p\u00e1del profesionales con tecnolog\u00edas avanzadas para m\u00e1xima estabilidad y amortiguaci\u00f3n. Disponibles en www.revolutionpadelstore.com al mejor precio\",\"breadcrumb\":{\"@id\":\"https:\\\/\\\/revolutionpadelstore.com\\\/it\\\/prodotto\\\/joma-slam-men-2508-mostaza-4\\\/#breadcrumb\"},\"inLanguage\":\"it-IT\",\"potentialAction\":[{\"@type\":\"ReadAction\",\"target\":[\"https:\\\/\\\/revolutionpadelstore.com\\\/it\\\/prodotto\\\/joma-slam-men-2508-mostaza-4\\\/\"]}]},{\"@type\":\"ImageObject\",\"inLanguage\":\"it-IT\",\"@id\":\"https:\\\/\\\/revolutionpadelstore.com\\\/it\\\/prodotto\\\/joma-slam-men-2508-mostaza-4\\\/#primaryimage\",\"url\":\"https:\\\/\\\/revolutionpadelstore.com\\\/wp-content\\\/uploads\\\/2025\\\/02\\\/FOTO-PALAS-6.png\",\"contentUrl\":\"https:\\\/\\\/revolutionpadelstore.com\\\/wp-content\\\/uploads\\\/2025\\\/02\\\/FOTO-PALAS-6.png\",\"width\":1500,\"height\":1500},{\"@type\":\"BreadcrumbList\",\"@id\":\"https:\\\/\\\/revolutionpadelstore.com\\\/it\\\/prodotto\\\/joma-slam-men-2508-mostaza-4\\\/#breadcrumb\",\"itemListElement\":[{\"@type\":\"ListItem\",\"position\":1,\"name\":\"Portada\",\"item\":\"https:\\\/\\\/revolutionpadelstore.com\\\/it\\\/\"},{\"@type\":\"ListItem\",\"position\":2,\"name\":\"Tienda\",\"item\":\"https:\\\/\\\/revolutionpadelstore.com\\\/it\\\/tienda\\\/\"},{\"@type\":\"ListItem\",\"position\":3,\"name\":\"JOMA SLAM MEN 2508 MOSTAZA\"}]},{\"@type\":\"WebSite\",\"@id\":\"https:\\\/\\\/revolutionpadelstore.com\\\/it\\\/#website\",\"url\":\"https:\\\/\\\/revolutionpadelstore.com\\\/it\\\/\",\"name\":\"Revolution Padel Store\",\"description\":\"\",\"publisher\":{\"@id\":\"https:\\\/\\\/revolutionpadelstore.com\\\/it\\\/#organization\"},\"potentialAction\":[{\"@type\":\"SearchAction\",\"target\":{\"@type\":\"EntryPoint\",\"urlTemplate\":\"https:\\\/\\\/revolutionpadelstore.com\\\/it\\\/?s={search_term_string}\"},\"query-input\":{\"@type\":\"PropertyValueSpecification\",\"valueRequired\":true,\"valueName\":\"search_term_string\"}}],\"inLanguage\":\"it-IT\"},{\"@type\":\"Organization\",\"@id\":\"https:\\\/\\\/revolutionpadelstore.com\\\/it\\\/#organization\",\"name\":\"Revolution Padel Store\",\"url\":\"https:\\\/\\\/revolutionpadelstore.com\\\/it\\\/\",\"logo\":{\"@type\":\"ImageObject\",\"inLanguage\":\"it-IT\",\"@id\":\"https:\\\/\\\/revolutionpadelstore.com\\\/it\\\/#\\\/schema\\\/logo\\\/image\\\/\",\"url\":\"https:\\\/\\\/revolutionpadelstore.com\\\/wp-content\\\/uploads\\\/2026\\\/02\\\/revolution-padel-store.jpg\",\"contentUrl\":\"https:\\\/\\\/revolutionpadelstore.com\\\/wp-content\\\/uploads\\\/2026\\\/02\\\/revolution-padel-store.jpg\",\"width\":2000,\"height\":2000,\"caption\":\"Revolution Padel Store\"},\"image\":{\"@id\":\"https:\\\/\\\/revolutionpadelstore.com\\\/it\\\/#\\\/schema\\\/logo\\\/image\\\/\"},\"sameAs\":[\"https:\\\/\\\/www.instagram.com\\\/revolutionpadelstore\\\/\"]}]}<\/script>\n<!-- \/ Yoast SEO plugin. -->","yoast_head_json":{"title":"JOMA SLAM MEN 2508 MOSTAZA - Revolution Padel Store","description":"Compra las zapatillas de p\u00e1del profesionales con tecnolog\u00edas avanzadas para m\u00e1xima estabilidad y amortiguaci\u00f3n. Disponibles en www.revolutionpadelstore.com al mejor precio","robots":{"index":"index","follow":"follow","max-snippet":"max-snippet:-1","max-image-preview":"max-image-preview:large","max-video-preview":"max-video-preview:-1"},"canonical":"https:\/\/revolutionpadelstore.com\/it\/prodotto\/joma-slam-men-2508-mostaza-4\/","og_locale":"it_IT","og_type":"article","og_title":"JOMA SLAM MEN 2508 MOSTAZA - Revolution Padel Store","og_description":"Compra las zapatillas de p\u00e1del profesionales con tecnolog\u00edas avanzadas para m\u00e1xima estabilidad y amortiguaci\u00f3n. Disponibles en www.revolutionpadelstore.com al mejor precio","og_url":"https:\/\/revolutionpadelstore.com\/it\/prodotto\/joma-slam-men-2508-mostaza-4\/","og_site_name":"Revolution Padel Store","article_modified_time":"2026-04-01T01:04:26+00:00","og_image":[{"width":1500,"height":1500,"url":"https:\/\/revolutionpadelstore.com\/wp-content\/uploads\/2025\/02\/FOTO-PALAS-6.png","type":"image\/png"}],"twitter_card":"summary_large_image","twitter_misc":{"Tempo di lettura stimato":"2 minuti"},"schema":{"@context":"https:\/\/schema.org","@graph":[{"@type":"WebPage","@id":"https:\/\/revolutionpadelstore.com\/it\/prodotto\/joma-slam-men-2508-mostaza-4\/","url":"https:\/\/revolutionpadelstore.com\/it\/prodotto\/joma-slam-men-2508-mostaza-4\/","name":"JOMA SLAM MEN 2508 MOSTAZA - Revolution Padel Store","isPartOf":{"@id":"https:\/\/revolutionpadelstore.com\/it\/#website"},"primaryImageOfPage":{"@id":"https:\/\/revolutionpadelstore.com\/it\/prodotto\/joma-slam-men-2508-mostaza-4\/#primaryimage"},"image":{"@id":"https:\/\/revolutionpadelstore.com\/it\/prodotto\/joma-slam-men-2508-mostaza-4\/#primaryimage"},"thumbnailUrl":"https:\/\/revolutionpadelstore.com\/wp-content\/uploads\/2025\/02\/FOTO-PALAS-6.png","datePublished":"2025-02-26T17:11:00+00:00","dateModified":"2026-04-01T01:04:26+00:00","description":"Compra las zapatillas de p\u00e1del profesionales con tecnolog\u00edas avanzadas para m\u00e1xima estabilidad y amortiguaci\u00f3n. Disponibles en www.revolutionpadelstore.com al mejor precio","breadcrumb":{"@id":"https:\/\/revolutionpadelstore.com\/it\/prodotto\/joma-slam-men-2508-mostaza-4\/#breadcrumb"},"inLanguage":"it-IT","potentialAction":[{"@type":"ReadAction","target":["https:\/\/revolutionpadelstore.com\/it\/prodotto\/joma-slam-men-2508-mostaza-4\/"]}]},{"@type":"ImageObject","inLanguage":"it-IT","@id":"https:\/\/revolutionpadelstore.com\/it\/prodotto\/joma-slam-men-2508-mostaza-4\/#primaryimage","url":"https:\/\/revolutionpadelstore.com\/wp-content\/uploads\/2025\/02\/FOTO-PALAS-6.png","contentUrl":"https:\/\/revolutionpadelstore.com\/wp-content\/uploads\/2025\/02\/FOTO-PALAS-6.png","width":1500,"height":1500},{"@type":"BreadcrumbList","@id":"https:\/\/revolutionpadelstore.com\/it\/prodotto\/joma-slam-men-2508-mostaza-4\/#breadcrumb","itemListElement":[{"@type":"ListItem","position":1,"name":"Portada","item":"https:\/\/revolutionpadelstore.com\/it\/"},{"@type":"ListItem","position":2,"name":"Tienda","item":"https:\/\/revolutionpadelstore.com\/it\/tienda\/"},{"@type":"ListItem","position":3,"name":"JOMA SLAM MEN 2508 MOSTAZA"}]},{"@type":"WebSite","@id":"https:\/\/revolutionpadelstore.com\/it\/#website","url":"https:\/\/revolutionpadelstore.com\/it\/","name":"Revolution Padel Store","description":"","publisher":{"@id":"https:\/\/revolutionpadelstore.com\/it\/#organization"},"potentialAction":[{"@type":"SearchAction","target":{"@type":"EntryPoint","urlTemplate":"https:\/\/revolutionpadelstore.com\/it\/?s={search_term_string}"},"query-input":{"@type":"PropertyValueSpecification","valueRequired":true,"valueName":"search_term_string"}}],"inLanguage":"it-IT"},{"@type":"Organization","@id":"https:\/\/revolutionpadelstore.com\/it\/#organization","name":"Revolution Padel Store","url":"https:\/\/revolutionpadelstore.com\/it\/","logo":{"@type":"ImageObject","inLanguage":"it-IT","@id":"https:\/\/revolutionpadelstore.com\/it\/#\/schema\/logo\/image\/","url":"https:\/\/revolutionpadelstore.com\/wp-content\/uploads\/2026\/02\/revolution-padel-store.jpg","contentUrl":"https:\/\/revolutionpadelstore.com\/wp-content\/uploads\/2026\/02\/revolution-padel-store.jpg","width":2000,"height":2000,"caption":"Revolution Padel Store"},"image":{"@id":"https:\/\/revolutionpadelstore.com\/it\/#\/schema\/logo\/image\/"},"sameAs":["https:\/\/www.instagram.com\/revolutionpadelstore\/"]}]}},"_links":{"self":[{"href":"https:\/\/revolutionpadelstore.com\/it\/wp-json\/wp\/v2\/product\/197255","targetHints":{"allow":["GET"]}}],"collection":[{"href":"https:\/\/revolutionpadelstore.com\/it\/wp-json\/wp\/v2\/product"}],"about":[{"href":"https:\/\/revolutionpadelstore.com\/it\/wp-json\/wp\/v2\/types\/product"}],"replies":[{"embeddable":true,"href":"https:\/\/revolutionpadelstore.com\/it\/wp-json\/wp\/v2\/comments?post=197255"}],"wp:featuredmedia":[{"embeddable":true,"href":"https:\/\/revolutionpadelstore.com\/it\/wp-json\/wp\/v2\/media\/197274"}],"wp:attachment":[{"href":"https:\/\/revolutionpadelstore.com\/it\/wp-json\/wp\/v2\/media?parent=197255"}],"wp:term":[{"taxonomy":"acabado","embeddable":true,"href":"https:\/\/revolutionpadelstore.com\/it\/wp-json\/wp\/v2\/acabado?post=197255"},{"taxonomy":"balance","embeddable":true,"href":"https:\/\/revolutionpadelstore.com\/it\/wp-json\/wp\/v2\/balance?post=197255"},{"taxonomy":"dureza","embeddable":true,"href":"https:\/\/revolutionpadelstore.com\/it\/wp-json\/wp\/v2\/dureza?post=197255"},{"taxonomy":"forma","embeddable":true,"href":"https:\/\/revolutionpadelstore.com\/it\/wp-json\/wp\/v2\/forma?post=197255"},{"taxonomy":"jugador","embeddable":true,"href":"https:\/\/revolutionpadelstore.com\/it\/wp-json\/wp\/v2\/jugador?post=197255"},{"taxonomy":"marca","embeddable":true,"href":"https:\/\/revolutionpadelstore.com\/it\/wp-json\/wp\/v2\/marca?post=197255"},{"taxonomy":"nivel-de-juego","embeddable":true,"href":"https:\/\/revolutionpadelstore.com\/it\/wp-json\/wp\/v2\/nivel-de-juego?post=197255"},{"taxonomy":"superficie","embeddable":true,"href":"https:\/\/revolutionpadelstore.com\/it\/wp-json\/wp\/v2\/superficie?post=197255"},{"taxonomy":"tipo-de-juego","embeddable":true,"href":"https:\/\/revolutionpadelstore.com\/it\/wp-json\/wp\/v2\/tipo-de-juego?post=197255"},{"taxonomy":"product_brand","embeddable":true,"href":"https:\/\/revolutionpadelstore.com\/it\/wp-json\/wp\/v2\/product_brand?post=197255"},{"taxonomy":"product_cat","embeddable":true,"href":"https:\/\/revolutionpadelstore.com\/it\/wp-json\/wp\/v2\/product_cat?post=197255"},{"taxonomy":"product_tag","embeddable":true,"href":"https:\/\/revolutionpadelstore.com\/it\/wp-json\/wp\/v2\/product_tag?post=197255"}],"curies":[{"name":"wp","href":"https:\/\/api.w.org\/{rel}","templated":true}]}}