{"id":19724,"date":"2024-04-09T20:05:11","date_gmt":"2024-04-09T18:05:11","guid":{"rendered":"https:\/\/revolutionpadelstore.com\/siux-diablo-revolution-lite-3\/"},"modified":"2026-04-21T02:02:29","modified_gmt":"2026-04-21T00:02:29","slug":"siux-diablo-revolution-lite-3-4","status":"publish","type":"product","link":"https:\/\/revolutionpadelstore.com\/it\/prodotto\/siux-diablo-revolution-lite-3-4\/","title":{"rendered":"SIUX DIABLO REVOLUTION LITE 3"},"content":{"rendered":"<h2>Siux Diablo Revolution Lite 3, versatilit\u00e0 in ogni gioco<\/h2>\n<p>La racchetta <strong>Siux Diablo Revolution Lite 3<\/strong>, che appartiene alla <em>Serie Lite<\/em> di Siux, \u00e8 la scelta perfetta per i giocatori di padel che cercano un equilibrio eccezionale tra potenza e controllo nel campo da tennis. traccia.<\/p>\n<p>Questa racchetta ha una forma ibrida (che combina forme a goccia e rotonde), che permette al giocatore di adattarsi a qualsiasi situazione di gioco fornendo potenza in attacco e precisione in difesa.<\/p>\n<p>Il <strong>bilanciamento medio<\/strong> e il range di peso compreso tra <strong>355 e 375 grammi<\/strong> favoriscono una buona versatilit\u00e0 e una grande adattabilit\u00e0 durante il gioco. Godrai di potere e controllo in parti uguali.<\/p>\n<h2>Buona resistenza agli urti intensi<\/h2>\n<p>Le facce della racchetta hanno una finitura opaca e sono realizzate in carbonio 12K, che garantisce resistenza e durata eccezionali, anche nei colpi pi\u00f9 intensi. Il telaio tubolare in Carbonio 3K aggiunge ancora pi\u00f9 rigidit\u00e0 e durata alla struttura, garantendo prestazioni affidabili nel tempo.<\/p>\n<p>Il nucleo in gomma EVA della Siux Diablo Revolution Lite 3 offre una sensazione media e garantisce una risposta confortevole e sensibile ad ogni colpo. Questo nucleo fornisce un&#8217;eccellente uscita della palla e aiuta a controllare i colpi con precisione.<\/p>\n<h3>Protezione ottimale contro gli infortuni<\/h3>\n<p>Per quanto riguarda le tecnologie, questo modello include il sistema <em><strong>Dual Pro Grip<\/strong><\/em>, un overgrip realizzato in gomma FOAM che assicura una presa salda, comoda e sicura. Mentre gli <em><strong>Shockout Dampeners<\/strong><\/em> riducono le vibrazioni indesiderate dopo l&#8217;impatto, proteggendo le articolazioni e riducendo al minimo il rischio di lesioni.<\/p>\n<p>E se ci concentriamo sul suo design, possiamo evidenziare la sua estetica moderna, attraente e potente, ottenuta combinando dettagli metallici del telaio rosso con carbonio nero e segni lineari.<\/p>\n<h2>Siux Diablo Revolution Lite 3, versatilidad en cada jugada<\/h2>\n","protected":false},"excerpt":{"rendered":"<p>Il Siux Diablo Revolution Lite 3 si distingue per la sua versatilit\u00e0 grazie alla sua forma ibrida e al bilanciamento medio. Resistente con carbonio 12K, fornisce potenza e controllo. Tecnologia Dual Pro Grip e Shockout Dampeners per una maggiore protezione.<\/p>\n","protected":false},"featured_media":266451,"comment_status":"open","ping_status":"closed","template":"","meta":{"_acf_changed":false,"_joinchat":[]},"acabado":[1086],"balance":[1141],"dureza":[1156],"forma":[1176],"jugador":[1201,1191],"marca":[1306],"nivel-de-juego":[1336],"superficie":[1356],"tipo-de-juego":[1386],"product_brand":[],"product_cat":[301],"product_tag":[],"class_list":{"0":"post-19724","1":"product","2":"type-product","3":"status-publish","4":"has-post-thumbnail","6":"acabado-amico","7":"balance-medio-it","8":"dureza-media-it","9":"forma-ibrido","10":"jugador-multiuso","11":"jugador-uomo","12":"marca-siux-it","13":"superficie-lisa-it","14":"tipo-de-juego-multiuso","15":"product_cat-palas-de-padel-it","17":"first","18":"instock","19":"sale","20":"taxable","21":"shipping-taxable","22":"purchasable","23":"product-type-simple"},"acf":[],"yoast_head":"<!-- This site is optimized with the Yoast SEO plugin v27.4 - https:\/\/yoast.com\/product\/yoast-seo-wordpress\/ -->\n<title>SIUX DIABLO REVOLUTION LITE 3 - Revolution Padel Store<\/title>\n<meta name=\"description\" content=\"La Siux Diablo Revolution Lite 3 destaca por su versatilidad gracias a su forma h\u00edbrida y balance medio. Resistente con Carbono 12K, brinda potencia y control. Tecnolog\u00eda Dual Pro Grip y Dampeners Shockout para mayor protecci\u00f3n.\" \/>\n<meta name=\"robots\" content=\"index, follow, max-snippet:-1, max-image-preview:large, max-video-preview:-1\" \/>\n<link rel=\"canonical\" href=\"https:\/\/revolutionpadelstore.com\/it\/prodotto\/siux-diablo-revolution-lite-3-4\/\" \/>\n<meta property=\"og:locale\" content=\"it_IT\" \/>\n<meta property=\"og:type\" content=\"article\" \/>\n<meta property=\"og:title\" content=\"COMPRAR SIUX DIABLO REVOLUTION LITE 3\" \/>\n<meta property=\"og:description\" content=\"La Siux Diablo Revolution Lite 3 destaca por su versatilidad gracias a su forma h\u00edbrida y balance medio. Resistente con Carbono 12K, brinda potencia y control. Tecnolog\u00eda Dual Pro Grip y Dampeners Shockout para mayor protecci\u00f3n.\" \/>\n<meta property=\"og:url\" content=\"https:\/\/revolutionpadelstore.com\/it\/prodotto\/siux-diablo-revolution-lite-3-4\/\" \/>\n<meta property=\"og:site_name\" content=\"Revolution Padel Store\" \/>\n<meta property=\"article:modified_time\" content=\"2026-04-21T00:02:29+00:00\" \/>\n<meta property=\"og:image\" content=\"https:\/\/revolutionpadelstore.com\/wp-content\/uploads\/2024\/04\/109472_siux_diablo_revolution_lite_3_1500x1500_vista1_9470.webp\" \/>\n\t<meta property=\"og:image:width\" content=\"1500\" \/>\n\t<meta property=\"og:image:height\" content=\"1500\" \/>\n\t<meta property=\"og:image:type\" content=\"image\/webp\" \/>\n<meta name=\"twitter:card\" content=\"summary_large_image\" \/>\n<meta name=\"twitter:label1\" content=\"Tempo di lettura stimato\" \/>\n\t<meta name=\"twitter:data1\" content=\"2 minuti\" \/>\n<script type=\"application\/ld+json\" class=\"yoast-schema-graph\">{\"@context\":\"https:\\\/\\\/schema.org\",\"@graph\":[{\"@type\":\"WebPage\",\"@id\":\"https:\\\/\\\/revolutionpadelstore.com\\\/it\\\/prodotto\\\/siux-diablo-revolution-lite-3-4\\\/\",\"url\":\"https:\\\/\\\/revolutionpadelstore.com\\\/it\\\/prodotto\\\/siux-diablo-revolution-lite-3-4\\\/\",\"name\":\"SIUX DIABLO REVOLUTION LITE 3 - Revolution Padel Store\",\"isPartOf\":{\"@id\":\"https:\\\/\\\/revolutionpadelstore.com\\\/it\\\/#website\"},\"primaryImageOfPage\":{\"@id\":\"https:\\\/\\\/revolutionpadelstore.com\\\/it\\\/prodotto\\\/siux-diablo-revolution-lite-3-4\\\/#primaryimage\"},\"image\":{\"@id\":\"https:\\\/\\\/revolutionpadelstore.com\\\/it\\\/prodotto\\\/siux-diablo-revolution-lite-3-4\\\/#primaryimage\"},\"thumbnailUrl\":\"https:\\\/\\\/revolutionpadelstore.com\\\/wp-content\\\/uploads\\\/2024\\\/04\\\/109472-diablo-3-lite-grip-regular-1500x1500-1.webp\",\"datePublished\":\"2024-04-09T18:05:11+00:00\",\"dateModified\":\"2026-04-21T00:02:29+00:00\",\"description\":\"La Siux Diablo Revolution Lite 3 destaca por su versatilidad gracias a su forma h\u00edbrida y balance medio. Resistente con Carbono 12K, brinda potencia y control. Tecnolog\u00eda Dual Pro Grip y Dampeners Shockout para mayor protecci\u00f3n.\",\"breadcrumb\":{\"@id\":\"https:\\\/\\\/revolutionpadelstore.com\\\/it\\\/prodotto\\\/siux-diablo-revolution-lite-3-4\\\/#breadcrumb\"},\"inLanguage\":\"it-IT\",\"potentialAction\":[{\"@type\":\"ReadAction\",\"target\":[\"https:\\\/\\\/revolutionpadelstore.com\\\/it\\\/prodotto\\\/siux-diablo-revolution-lite-3-4\\\/\"]}]},{\"@type\":\"ImageObject\",\"inLanguage\":\"it-IT\",\"@id\":\"https:\\\/\\\/revolutionpadelstore.com\\\/it\\\/prodotto\\\/siux-diablo-revolution-lite-3-4\\\/#primaryimage\",\"url\":\"https:\\\/\\\/revolutionpadelstore.com\\\/wp-content\\\/uploads\\\/2024\\\/04\\\/109472-diablo-3-lite-grip-regular-1500x1500-1.webp\",\"contentUrl\":\"https:\\\/\\\/revolutionpadelstore.com\\\/wp-content\\\/uploads\\\/2024\\\/04\\\/109472-diablo-3-lite-grip-regular-1500x1500-1.webp\",\"width\":1500,\"height\":1500},{\"@type\":\"BreadcrumbList\",\"@id\":\"https:\\\/\\\/revolutionpadelstore.com\\\/it\\\/prodotto\\\/siux-diablo-revolution-lite-3-4\\\/#breadcrumb\",\"itemListElement\":[{\"@type\":\"ListItem\",\"position\":1,\"name\":\"Portada\",\"item\":\"https:\\\/\\\/revolutionpadelstore.com\\\/it\\\/\"},{\"@type\":\"ListItem\",\"position\":2,\"name\":\"Tienda\",\"item\":\"https:\\\/\\\/revolutionpadelstore.com\\\/it\\\/tienda\\\/\"},{\"@type\":\"ListItem\",\"position\":3,\"name\":\"SIUX DIABLO REVOLUTION LITE 3\"}]},{\"@type\":\"WebSite\",\"@id\":\"https:\\\/\\\/revolutionpadelstore.com\\\/it\\\/#website\",\"url\":\"https:\\\/\\\/revolutionpadelstore.com\\\/it\\\/\",\"name\":\"Revolution Padel Store\",\"description\":\"\",\"publisher\":{\"@id\":\"https:\\\/\\\/revolutionpadelstore.com\\\/it\\\/#organization\"},\"potentialAction\":[{\"@type\":\"SearchAction\",\"target\":{\"@type\":\"EntryPoint\",\"urlTemplate\":\"https:\\\/\\\/revolutionpadelstore.com\\\/it\\\/?s={search_term_string}\"},\"query-input\":{\"@type\":\"PropertyValueSpecification\",\"valueRequired\":true,\"valueName\":\"search_term_string\"}}],\"inLanguage\":\"it-IT\"},{\"@type\":\"Organization\",\"@id\":\"https:\\\/\\\/revolutionpadelstore.com\\\/it\\\/#organization\",\"name\":\"Revolution Padel Store\",\"url\":\"https:\\\/\\\/revolutionpadelstore.com\\\/it\\\/\",\"logo\":{\"@type\":\"ImageObject\",\"inLanguage\":\"it-IT\",\"@id\":\"https:\\\/\\\/revolutionpadelstore.com\\\/it\\\/#\\\/schema\\\/logo\\\/image\\\/\",\"url\":\"https:\\\/\\\/revolutionpadelstore.com\\\/wp-content\\\/uploads\\\/2026\\\/02\\\/revolution-padel-store.jpg\",\"contentUrl\":\"https:\\\/\\\/revolutionpadelstore.com\\\/wp-content\\\/uploads\\\/2026\\\/02\\\/revolution-padel-store.jpg\",\"width\":2000,\"height\":2000,\"caption\":\"Revolution Padel Store\"},\"image\":{\"@id\":\"https:\\\/\\\/revolutionpadelstore.com\\\/it\\\/#\\\/schema\\\/logo\\\/image\\\/\"},\"sameAs\":[\"https:\\\/\\\/www.instagram.com\\\/revolutionpadelstore\\\/\"]}]}<\/script>\n<!-- \/ Yoast SEO plugin. -->","yoast_head_json":{"title":"SIUX DIABLO REVOLUTION LITE 3 - Revolution Padel Store","description":"La Siux Diablo Revolution Lite 3 destaca por su versatilidad gracias a su forma h\u00edbrida y balance medio. Resistente con Carbono 12K, brinda potencia y control. Tecnolog\u00eda Dual Pro Grip y Dampeners Shockout para mayor protecci\u00f3n.","robots":{"index":"index","follow":"follow","max-snippet":"max-snippet:-1","max-image-preview":"max-image-preview:large","max-video-preview":"max-video-preview:-1"},"canonical":"https:\/\/revolutionpadelstore.com\/it\/prodotto\/siux-diablo-revolution-lite-3-4\/","og_locale":"it_IT","og_type":"article","og_title":"COMPRAR SIUX DIABLO REVOLUTION LITE 3","og_description":"La Siux Diablo Revolution Lite 3 destaca por su versatilidad gracias a su forma h\u00edbrida y balance medio. Resistente con Carbono 12K, brinda potencia y control. Tecnolog\u00eda Dual Pro Grip y Dampeners Shockout para mayor protecci\u00f3n.","og_url":"https:\/\/revolutionpadelstore.com\/it\/prodotto\/siux-diablo-revolution-lite-3-4\/","og_site_name":"Revolution Padel Store","article_modified_time":"2026-04-21T00:02:29+00:00","og_image":[{"width":1500,"height":1500,"url":"https:\/\/revolutionpadelstore.com\/wp-content\/uploads\/2024\/04\/109472_siux_diablo_revolution_lite_3_1500x1500_vista1_9470.webp","type":"image\/webp"}],"twitter_card":"summary_large_image","twitter_misc":{"Tempo di lettura stimato":"2 minuti"},"schema":{"@context":"https:\/\/schema.org","@graph":[{"@type":"WebPage","@id":"https:\/\/revolutionpadelstore.com\/it\/prodotto\/siux-diablo-revolution-lite-3-4\/","url":"https:\/\/revolutionpadelstore.com\/it\/prodotto\/siux-diablo-revolution-lite-3-4\/","name":"SIUX DIABLO REVOLUTION LITE 3 - Revolution Padel Store","isPartOf":{"@id":"https:\/\/revolutionpadelstore.com\/it\/#website"},"primaryImageOfPage":{"@id":"https:\/\/revolutionpadelstore.com\/it\/prodotto\/siux-diablo-revolution-lite-3-4\/#primaryimage"},"image":{"@id":"https:\/\/revolutionpadelstore.com\/it\/prodotto\/siux-diablo-revolution-lite-3-4\/#primaryimage"},"thumbnailUrl":"https:\/\/revolutionpadelstore.com\/wp-content\/uploads\/2024\/04\/109472-diablo-3-lite-grip-regular-1500x1500-1.webp","datePublished":"2024-04-09T18:05:11+00:00","dateModified":"2026-04-21T00:02:29+00:00","description":"La Siux Diablo Revolution Lite 3 destaca por su versatilidad gracias a su forma h\u00edbrida y balance medio. Resistente con Carbono 12K, brinda potencia y control. Tecnolog\u00eda Dual Pro Grip y Dampeners Shockout para mayor protecci\u00f3n.","breadcrumb":{"@id":"https:\/\/revolutionpadelstore.com\/it\/prodotto\/siux-diablo-revolution-lite-3-4\/#breadcrumb"},"inLanguage":"it-IT","potentialAction":[{"@type":"ReadAction","target":["https:\/\/revolutionpadelstore.com\/it\/prodotto\/siux-diablo-revolution-lite-3-4\/"]}]},{"@type":"ImageObject","inLanguage":"it-IT","@id":"https:\/\/revolutionpadelstore.com\/it\/prodotto\/siux-diablo-revolution-lite-3-4\/#primaryimage","url":"https:\/\/revolutionpadelstore.com\/wp-content\/uploads\/2024\/04\/109472-diablo-3-lite-grip-regular-1500x1500-1.webp","contentUrl":"https:\/\/revolutionpadelstore.com\/wp-content\/uploads\/2024\/04\/109472-diablo-3-lite-grip-regular-1500x1500-1.webp","width":1500,"height":1500},{"@type":"BreadcrumbList","@id":"https:\/\/revolutionpadelstore.com\/it\/prodotto\/siux-diablo-revolution-lite-3-4\/#breadcrumb","itemListElement":[{"@type":"ListItem","position":1,"name":"Portada","item":"https:\/\/revolutionpadelstore.com\/it\/"},{"@type":"ListItem","position":2,"name":"Tienda","item":"https:\/\/revolutionpadelstore.com\/it\/tienda\/"},{"@type":"ListItem","position":3,"name":"SIUX DIABLO REVOLUTION LITE 3"}]},{"@type":"WebSite","@id":"https:\/\/revolutionpadelstore.com\/it\/#website","url":"https:\/\/revolutionpadelstore.com\/it\/","name":"Revolution Padel Store","description":"","publisher":{"@id":"https:\/\/revolutionpadelstore.com\/it\/#organization"},"potentialAction":[{"@type":"SearchAction","target":{"@type":"EntryPoint","urlTemplate":"https:\/\/revolutionpadelstore.com\/it\/?s={search_term_string}"},"query-input":{"@type":"PropertyValueSpecification","valueRequired":true,"valueName":"search_term_string"}}],"inLanguage":"it-IT"},{"@type":"Organization","@id":"https:\/\/revolutionpadelstore.com\/it\/#organization","name":"Revolution Padel Store","url":"https:\/\/revolutionpadelstore.com\/it\/","logo":{"@type":"ImageObject","inLanguage":"it-IT","@id":"https:\/\/revolutionpadelstore.com\/it\/#\/schema\/logo\/image\/","url":"https:\/\/revolutionpadelstore.com\/wp-content\/uploads\/2026\/02\/revolution-padel-store.jpg","contentUrl":"https:\/\/revolutionpadelstore.com\/wp-content\/uploads\/2026\/02\/revolution-padel-store.jpg","width":2000,"height":2000,"caption":"Revolution Padel Store"},"image":{"@id":"https:\/\/revolutionpadelstore.com\/it\/#\/schema\/logo\/image\/"},"sameAs":["https:\/\/www.instagram.com\/revolutionpadelstore\/"]}]}},"_links":{"self":[{"href":"https:\/\/revolutionpadelstore.com\/it\/wp-json\/wp\/v2\/product\/19724","targetHints":{"allow":["GET"]}}],"collection":[{"href":"https:\/\/revolutionpadelstore.com\/it\/wp-json\/wp\/v2\/product"}],"about":[{"href":"https:\/\/revolutionpadelstore.com\/it\/wp-json\/wp\/v2\/types\/product"}],"replies":[{"embeddable":true,"href":"https:\/\/revolutionpadelstore.com\/it\/wp-json\/wp\/v2\/comments?post=19724"}],"wp:featuredmedia":[{"embeddable":true,"href":"https:\/\/revolutionpadelstore.com\/it\/wp-json\/wp\/v2\/media\/266451"}],"wp:attachment":[{"href":"https:\/\/revolutionpadelstore.com\/it\/wp-json\/wp\/v2\/media?parent=19724"}],"wp:term":[{"taxonomy":"acabado","embeddable":true,"href":"https:\/\/revolutionpadelstore.com\/it\/wp-json\/wp\/v2\/acabado?post=19724"},{"taxonomy":"balance","embeddable":true,"href":"https:\/\/revolutionpadelstore.com\/it\/wp-json\/wp\/v2\/balance?post=19724"},{"taxonomy":"dureza","embeddable":true,"href":"https:\/\/revolutionpadelstore.com\/it\/wp-json\/wp\/v2\/dureza?post=19724"},{"taxonomy":"forma","embeddable":true,"href":"https:\/\/revolutionpadelstore.com\/it\/wp-json\/wp\/v2\/forma?post=19724"},{"taxonomy":"jugador","embeddable":true,"href":"https:\/\/revolutionpadelstore.com\/it\/wp-json\/wp\/v2\/jugador?post=19724"},{"taxonomy":"marca","embeddable":true,"href":"https:\/\/revolutionpadelstore.com\/it\/wp-json\/wp\/v2\/marca?post=19724"},{"taxonomy":"nivel-de-juego","embeddable":true,"href":"https:\/\/revolutionpadelstore.com\/it\/wp-json\/wp\/v2\/nivel-de-juego?post=19724"},{"taxonomy":"superficie","embeddable":true,"href":"https:\/\/revolutionpadelstore.com\/it\/wp-json\/wp\/v2\/superficie?post=19724"},{"taxonomy":"tipo-de-juego","embeddable":true,"href":"https:\/\/revolutionpadelstore.com\/it\/wp-json\/wp\/v2\/tipo-de-juego?post=19724"},{"taxonomy":"product_brand","embeddable":true,"href":"https:\/\/revolutionpadelstore.com\/it\/wp-json\/wp\/v2\/product_brand?post=19724"},{"taxonomy":"product_cat","embeddable":true,"href":"https:\/\/revolutionpadelstore.com\/it\/wp-json\/wp\/v2\/product_cat?post=19724"},{"taxonomy":"product_tag","embeddable":true,"href":"https:\/\/revolutionpadelstore.com\/it\/wp-json\/wp\/v2\/product_tag?post=19724"}],"curies":[{"name":"wp","href":"https:\/\/api.w.org\/{rel}","templated":true}]}}