{"id":19709,"date":"2024-04-10T13:29:38","date_gmt":"2024-04-10T11:29:38","guid":{"rendered":"https:\/\/revolutionpadelstore.com\/lok-maxx-flow\/"},"modified":"2026-04-01T10:59:42","modified_gmt":"2026-04-01T08:59:42","slug":"lok-maxx-flow-4","status":"publish","type":"product","link":"https:\/\/revolutionpadelstore.com\/it\/prodotto\/lok-maxx-flow-4\/","title":{"rendered":"LOK MAXX FLOW"},"content":{"rendered":"<p>La Maxx Flow \u00e8 una racchetta innovativa progettata per fornire prestazioni eccezionali in campo.<br \/>\nUna delle caratteristiche principali del Maxx Flow \u00e8 il cuore asimmetrico, una struttura in carbonio, che fornisce eccellente rigidit\u00e0 e stabilit\u00e0.<br \/>\nCi\u00f2 consente un trasferimento ottimale dell&#8217;energia ad ogni colpo, massimizzando la potenza senza sacrificare il controllo.<br \/>\nInoltre, la racchetta ha uno strato di carbonio C18, che offre una maggiore durata e una risposta pi\u00f9 coerente ad ogni colpo.<br \/>\nInoltre, il sistema 3D Spin Lines aumenta la rotazione della pallina, aumentando cos\u00ec lo spin e migliorando la sensazione di controllo.<br \/>\nIl Maxx Flow \u00e8 progettato con un bilanciamento medio, che fornisce un perfetto equilibrio tra potenza e manovrabilit\u00e0.<br \/>\nDispone di Carbon Reinforcements &#8211; rinforzi in carbonio &#8211; che supportano la durabilit\u00e0 della struttura della racchetta e Dynamic Holes System con una disposizione progressiva di fori di diverse dimensioni che danno potenza al colpo.<br \/>\nHa il sistema Comfort Braccialetto, che \u00e8 un braccialetto regolabile.<\/p>\n<p>CUORE ASIMMETRICO<br \/>\nIl nostro cuore \u00e8 l&#8217;emblema delle nostre racchette e si caratterizza per il suo design asimmetrico pur mantenendo un equilibrio perfetto.<br \/>\nIl nostro segno distintivo pi\u00f9 riconoscibile.<br \/>\nLa sua forma unica e originale d\u00e0 origine a gradini laterali che formano i nervi del cuore, offrendo rigidit\u00e0 strutturale che fornisce stabilit\u00e0 ed \u00e8 fondamentale per raggiungere un equilibrio ottimale.<br \/>\nTra le altre caratteristiche, Asymmetric Heart ti consente di aumentare la velocit\u00e0 della palla nello swing di battuta, dando pi\u00f9 potenza al tiro.<\/p>\n<p>LINEE DI SPOT 3D<br \/>\nIl sistema 3D Spin Lines aumenta la rotazione della pallina quando colpisce la racchetta, aumentando cos\u00ec lo spin e migliorando la sensazione di controllo.<br \/>\n\u00c8 costituito da un sistema di linee diagonali parallele alla direzione dell&#8217;angolo del cuore e separate ad una distanza ottimale di 7 mm che migliora la sensazione di controllo.<\/p>\n<p>VOLTO GRADUALE<br \/>\nLe nostre lame hanno un sistema di strati sfalsati generati sulle parti superiore ed inferiore delle facce.<br \/>\nI Gradual Face sono gradini e rilievi che generano angoli che aiutano a ridurre le vibrazioni mentre avanza su tutta la superficie al momento dell&#8217;impatto.<br \/>\nQuesta vibrazione avviene dal punto di impatto, spostandosi sia nella parte superiore che in quella inferiore del viso, luoghi in cui \u00e8 presente la tecnologia.<\/p>\n<p>SISTEMA FORI DINAMICI<br \/>\nUna disposizione progressiva con due diverse dimensioni di foro -10 e 11 mm- nella parte centrale della faccia, per contribuire a dare potenza al colpo.<\/p>\n<p>RINFORZO IN CARBONIO<br \/>\nRinforzi in carbonio in diversi punti critici della pala come supporto strutturale per contribuire alla durata.<\/p>\n<p>SCANALATURA VIBRANTE<br \/>\nRail inserito nel telaio della racchetta che aiuta a dissipare le vibrazioni derivanti dall&#8217;impatto della palla.<br \/>\nIl binario incorpora una finitura in PU per massimizzare la sua funzione.<\/p>\n<p>POLSINO COMFORT<br \/>\nLe racchette hanno un cinturino da polso regolabile che accompagna la corda per offrire comfort nella presa, indipendentemente dalle esigenze e dai gusti del giocatore.<br \/>\nPresenta uno strato rinforzato e una parte interna ammorbidita per ottenere il massimo comfort, e un design con il slogan del marchio.<\/p>\n","protected":false},"excerpt":{"rendered":"<p>Racchetta Lok Maxx Flow 2024 per giocatori di livello avanzato dalla forma rotonda. La racchetta \u00e8 realizzata con superficie in carbonio C18, un materiale leggero ma estremamente rigido e molto resistente che offre grandi prestazioni nei colpi.<br \/>\nIl sistema 3D Spin Lines, presente su entrambi i lati della racchetta, fornisce i migliori effetti. La resistenza alla torsione \u00e8 rafforzata anche dai rinforzi in carbonio, presenti in tutta la struttura.<\/p>\n","protected":false},"featured_media":50191,"comment_status":"open","ping_status":"closed","template":"","meta":{"_acf_changed":false,"_joinchat":[]},"acabado":[1081,1091],"balance":[1141],"dureza":[1161,1156],"forma":[1181],"jugador":[1201,1191],"marca":[1316],"nivel-de-juego":[1336],"superficie":[1361],"tipo-de-juego":[1391,1386],"product_brand":[],"product_cat":[301],"product_tag":[],"class_list":{"0":"post-19709","1":"product","2":"type-product","3":"status-publish","4":"has-post-thumbnail","6":"acabado-luminosita","7":"acabado-relieve-3d-it","8":"balance-medio-it","9":"dureza-dura-it","10":"dureza-media-it","11":"forma-rotondo","12":"jugador-multiuso","13":"jugador-uomo","14":"marca-ok","15":"superficie-rugosa-it","16":"tipo-de-juego-avanzado-competicion-it","17":"tipo-de-juego-multiuso","18":"product_cat-palas-de-padel-it","20":"first","21":"instock","22":"taxable","23":"shipping-taxable","24":"purchasable","25":"product-type-simple"},"acf":[],"yoast_head":"<!-- This site is optimized with the Yoast SEO plugin v27.3 - https:\/\/yoast.com\/product\/yoast-seo-wordpress\/ -->\n<title>LOK MAXX FLOW - Revolution Padel Store<\/title>\n<meta name=\"description\" content=\"Pala Lok Maxx Flow 2024 para jugadores de nivel avanzado con forma redonda. La pala est\u00e1 compuesta en la superficie de carbono C18, un material ligero pero de alta rigidez, muy duradero y que ofrece grandes prestaciones en el golpeo. El sistema 3D Spin Lines, presente en las dos caras de la pala, proporciona los mejores efectos. La resistencia a la torsi\u00f3n se ve reforzada tambi\u00e9n por los Carbon Reinforcements, presentes en toda la estructura\" \/>\n<meta name=\"robots\" content=\"index, follow, max-snippet:-1, max-image-preview:large, max-video-preview:-1\" \/>\n<link rel=\"canonical\" href=\"https:\/\/revolutionpadelstore.com\/it\/prodotto\/lok-maxx-flow-4\/\" \/>\n<meta property=\"og:locale\" content=\"it_IT\" \/>\n<meta property=\"og:type\" content=\"article\" \/>\n<meta property=\"og:title\" content=\"COMPRAR LOK MAXX FLOW\" \/>\n<meta property=\"og:description\" content=\"Pala Lok Maxx Flow 2024 para jugadores de nivel avanzado con forma redonda. La pala est\u00e1 compuesta en la superficie de carbono C18, un material ligero pero de alta rigidez, muy duradero y que ofrece grandes prestaciones en el golpeo. El sistema 3D Spin Lines, presente en las dos caras de la pala, proporciona los mejores efectos. La resistencia a la torsi\u00f3n se ve reforzada tambi\u00e9n por los Carbon Reinforcements, presentes en toda la estructura\" \/>\n<meta property=\"og:url\" content=\"https:\/\/revolutionpadelstore.com\/it\/prodotto\/lok-maxx-flow-4\/\" \/>\n<meta property=\"og:site_name\" content=\"Revolution Padel Store\" \/>\n<meta property=\"article:modified_time\" content=\"2026-04-01T08:59:42+00:00\" \/>\n<meta property=\"og:image\" content=\"https:\/\/revolutionpadelstore.com\/wp-content\/uploads\/2024\/04\/pala-lok-maxx-flow-1_300x.webp\" \/>\n\t<meta property=\"og:image:width\" content=\"300\" \/>\n\t<meta property=\"og:image:height\" content=\"350\" \/>\n\t<meta property=\"og:image:type\" content=\"image\/webp\" \/>\n<meta name=\"twitter:card\" content=\"summary_large_image\" \/>\n<meta name=\"twitter:label1\" content=\"Tempo di lettura stimato\" \/>\n\t<meta name=\"twitter:data1\" content=\"3 minuti\" \/>\n<script type=\"application\/ld+json\" class=\"yoast-schema-graph\">{\"@context\":\"https:\\\/\\\/schema.org\",\"@graph\":[{\"@type\":\"WebPage\",\"@id\":\"https:\\\/\\\/revolutionpadelstore.com\\\/it\\\/prodotto\\\/lok-maxx-flow-4\\\/\",\"url\":\"https:\\\/\\\/revolutionpadelstore.com\\\/it\\\/prodotto\\\/lok-maxx-flow-4\\\/\",\"name\":\"LOK MAXX FLOW - Revolution Padel Store\",\"isPartOf\":{\"@id\":\"https:\\\/\\\/revolutionpadelstore.com\\\/it\\\/#website\"},\"primaryImageOfPage\":{\"@id\":\"https:\\\/\\\/revolutionpadelstore.com\\\/it\\\/prodotto\\\/lok-maxx-flow-4\\\/#primaryimage\"},\"image\":{\"@id\":\"https:\\\/\\\/revolutionpadelstore.com\\\/it\\\/prodotto\\\/lok-maxx-flow-4\\\/#primaryimage\"},\"thumbnailUrl\":\"https:\\\/\\\/revolutionpadelstore.com\\\/wp-content\\\/uploads\\\/2024\\\/04\\\/pala-lok-maxx-flow-1_300x.webp\",\"datePublished\":\"2024-04-10T11:29:38+00:00\",\"dateModified\":\"2026-04-01T08:59:42+00:00\",\"description\":\"Pala Lok Maxx Flow 2024 para jugadores de nivel avanzado con forma redonda. La pala est\u00e1 compuesta en la superficie de carbono C18, un material ligero pero de alta rigidez, muy duradero y que ofrece grandes prestaciones en el golpeo. El sistema 3D Spin Lines, presente en las dos caras de la pala, proporciona los mejores efectos. La resistencia a la torsi\u00f3n se ve reforzada tambi\u00e9n por los Carbon Reinforcements, presentes en toda la estructura\",\"breadcrumb\":{\"@id\":\"https:\\\/\\\/revolutionpadelstore.com\\\/it\\\/prodotto\\\/lok-maxx-flow-4\\\/#breadcrumb\"},\"inLanguage\":\"it-IT\",\"potentialAction\":[{\"@type\":\"ReadAction\",\"target\":[\"https:\\\/\\\/revolutionpadelstore.com\\\/it\\\/prodotto\\\/lok-maxx-flow-4\\\/\"]}]},{\"@type\":\"ImageObject\",\"inLanguage\":\"it-IT\",\"@id\":\"https:\\\/\\\/revolutionpadelstore.com\\\/it\\\/prodotto\\\/lok-maxx-flow-4\\\/#primaryimage\",\"url\":\"https:\\\/\\\/revolutionpadelstore.com\\\/wp-content\\\/uploads\\\/2024\\\/04\\\/pala-lok-maxx-flow-1_300x.webp\",\"contentUrl\":\"https:\\\/\\\/revolutionpadelstore.com\\\/wp-content\\\/uploads\\\/2024\\\/04\\\/pala-lok-maxx-flow-1_300x.webp\",\"width\":300,\"height\":350},{\"@type\":\"BreadcrumbList\",\"@id\":\"https:\\\/\\\/revolutionpadelstore.com\\\/it\\\/prodotto\\\/lok-maxx-flow-4\\\/#breadcrumb\",\"itemListElement\":[{\"@type\":\"ListItem\",\"position\":1,\"name\":\"Portada\",\"item\":\"https:\\\/\\\/revolutionpadelstore.com\\\/it\\\/\"},{\"@type\":\"ListItem\",\"position\":2,\"name\":\"Tienda\",\"item\":\"https:\\\/\\\/revolutionpadelstore.com\\\/it\\\/tienda\\\/\"},{\"@type\":\"ListItem\",\"position\":3,\"name\":\"LOK MAXX FLOW\"}]},{\"@type\":\"WebSite\",\"@id\":\"https:\\\/\\\/revolutionpadelstore.com\\\/it\\\/#website\",\"url\":\"https:\\\/\\\/revolutionpadelstore.com\\\/it\\\/\",\"name\":\"Revolution Padel Store\",\"description\":\"\",\"publisher\":{\"@id\":\"https:\\\/\\\/revolutionpadelstore.com\\\/it\\\/#organization\"},\"potentialAction\":[{\"@type\":\"SearchAction\",\"target\":{\"@type\":\"EntryPoint\",\"urlTemplate\":\"https:\\\/\\\/revolutionpadelstore.com\\\/it\\\/?s={search_term_string}\"},\"query-input\":{\"@type\":\"PropertyValueSpecification\",\"valueRequired\":true,\"valueName\":\"search_term_string\"}}],\"inLanguage\":\"it-IT\"},{\"@type\":\"Organization\",\"@id\":\"https:\\\/\\\/revolutionpadelstore.com\\\/it\\\/#organization\",\"name\":\"Revolution Padel Store\",\"url\":\"https:\\\/\\\/revolutionpadelstore.com\\\/it\\\/\",\"logo\":{\"@type\":\"ImageObject\",\"inLanguage\":\"it-IT\",\"@id\":\"https:\\\/\\\/revolutionpadelstore.com\\\/it\\\/#\\\/schema\\\/logo\\\/image\\\/\",\"url\":\"https:\\\/\\\/revolutionpadelstore.com\\\/wp-content\\\/uploads\\\/2026\\\/02\\\/revolution-padel-store.jpg\",\"contentUrl\":\"https:\\\/\\\/revolutionpadelstore.com\\\/wp-content\\\/uploads\\\/2026\\\/02\\\/revolution-padel-store.jpg\",\"width\":2000,\"height\":2000,\"caption\":\"Revolution Padel Store\"},\"image\":{\"@id\":\"https:\\\/\\\/revolutionpadelstore.com\\\/it\\\/#\\\/schema\\\/logo\\\/image\\\/\"},\"sameAs\":[\"https:\\\/\\\/www.instagram.com\\\/revolutionpadelstore\\\/\"]}]}<\/script>\n<!-- \/ Yoast SEO plugin. -->","yoast_head_json":{"title":"LOK MAXX FLOW - Revolution Padel Store","description":"Pala Lok Maxx Flow 2024 para jugadores de nivel avanzado con forma redonda. La pala est\u00e1 compuesta en la superficie de carbono C18, un material ligero pero de alta rigidez, muy duradero y que ofrece grandes prestaciones en el golpeo. El sistema 3D Spin Lines, presente en las dos caras de la pala, proporciona los mejores efectos. La resistencia a la torsi\u00f3n se ve reforzada tambi\u00e9n por los Carbon Reinforcements, presentes en toda la estructura","robots":{"index":"index","follow":"follow","max-snippet":"max-snippet:-1","max-image-preview":"max-image-preview:large","max-video-preview":"max-video-preview:-1"},"canonical":"https:\/\/revolutionpadelstore.com\/it\/prodotto\/lok-maxx-flow-4\/","og_locale":"it_IT","og_type":"article","og_title":"COMPRAR LOK MAXX FLOW","og_description":"Pala Lok Maxx Flow 2024 para jugadores de nivel avanzado con forma redonda. La pala est\u00e1 compuesta en la superficie de carbono C18, un material ligero pero de alta rigidez, muy duradero y que ofrece grandes prestaciones en el golpeo. El sistema 3D Spin Lines, presente en las dos caras de la pala, proporciona los mejores efectos. La resistencia a la torsi\u00f3n se ve reforzada tambi\u00e9n por los Carbon Reinforcements, presentes en toda la estructura","og_url":"https:\/\/revolutionpadelstore.com\/it\/prodotto\/lok-maxx-flow-4\/","og_site_name":"Revolution Padel Store","article_modified_time":"2026-04-01T08:59:42+00:00","og_image":[{"width":300,"height":350,"url":"https:\/\/revolutionpadelstore.com\/wp-content\/uploads\/2024\/04\/pala-lok-maxx-flow-1_300x.webp","type":"image\/webp"}],"twitter_card":"summary_large_image","twitter_misc":{"Tempo di lettura stimato":"3 minuti"},"schema":{"@context":"https:\/\/schema.org","@graph":[{"@type":"WebPage","@id":"https:\/\/revolutionpadelstore.com\/it\/prodotto\/lok-maxx-flow-4\/","url":"https:\/\/revolutionpadelstore.com\/it\/prodotto\/lok-maxx-flow-4\/","name":"LOK MAXX FLOW - Revolution Padel Store","isPartOf":{"@id":"https:\/\/revolutionpadelstore.com\/it\/#website"},"primaryImageOfPage":{"@id":"https:\/\/revolutionpadelstore.com\/it\/prodotto\/lok-maxx-flow-4\/#primaryimage"},"image":{"@id":"https:\/\/revolutionpadelstore.com\/it\/prodotto\/lok-maxx-flow-4\/#primaryimage"},"thumbnailUrl":"https:\/\/revolutionpadelstore.com\/wp-content\/uploads\/2024\/04\/pala-lok-maxx-flow-1_300x.webp","datePublished":"2024-04-10T11:29:38+00:00","dateModified":"2026-04-01T08:59:42+00:00","description":"Pala Lok Maxx Flow 2024 para jugadores de nivel avanzado con forma redonda. La pala est\u00e1 compuesta en la superficie de carbono C18, un material ligero pero de alta rigidez, muy duradero y que ofrece grandes prestaciones en el golpeo. El sistema 3D Spin Lines, presente en las dos caras de la pala, proporciona los mejores efectos. La resistencia a la torsi\u00f3n se ve reforzada tambi\u00e9n por los Carbon Reinforcements, presentes en toda la estructura","breadcrumb":{"@id":"https:\/\/revolutionpadelstore.com\/it\/prodotto\/lok-maxx-flow-4\/#breadcrumb"},"inLanguage":"it-IT","potentialAction":[{"@type":"ReadAction","target":["https:\/\/revolutionpadelstore.com\/it\/prodotto\/lok-maxx-flow-4\/"]}]},{"@type":"ImageObject","inLanguage":"it-IT","@id":"https:\/\/revolutionpadelstore.com\/it\/prodotto\/lok-maxx-flow-4\/#primaryimage","url":"https:\/\/revolutionpadelstore.com\/wp-content\/uploads\/2024\/04\/pala-lok-maxx-flow-1_300x.webp","contentUrl":"https:\/\/revolutionpadelstore.com\/wp-content\/uploads\/2024\/04\/pala-lok-maxx-flow-1_300x.webp","width":300,"height":350},{"@type":"BreadcrumbList","@id":"https:\/\/revolutionpadelstore.com\/it\/prodotto\/lok-maxx-flow-4\/#breadcrumb","itemListElement":[{"@type":"ListItem","position":1,"name":"Portada","item":"https:\/\/revolutionpadelstore.com\/it\/"},{"@type":"ListItem","position":2,"name":"Tienda","item":"https:\/\/revolutionpadelstore.com\/it\/tienda\/"},{"@type":"ListItem","position":3,"name":"LOK MAXX FLOW"}]},{"@type":"WebSite","@id":"https:\/\/revolutionpadelstore.com\/it\/#website","url":"https:\/\/revolutionpadelstore.com\/it\/","name":"Revolution Padel Store","description":"","publisher":{"@id":"https:\/\/revolutionpadelstore.com\/it\/#organization"},"potentialAction":[{"@type":"SearchAction","target":{"@type":"EntryPoint","urlTemplate":"https:\/\/revolutionpadelstore.com\/it\/?s={search_term_string}"},"query-input":{"@type":"PropertyValueSpecification","valueRequired":true,"valueName":"search_term_string"}}],"inLanguage":"it-IT"},{"@type":"Organization","@id":"https:\/\/revolutionpadelstore.com\/it\/#organization","name":"Revolution Padel Store","url":"https:\/\/revolutionpadelstore.com\/it\/","logo":{"@type":"ImageObject","inLanguage":"it-IT","@id":"https:\/\/revolutionpadelstore.com\/it\/#\/schema\/logo\/image\/","url":"https:\/\/revolutionpadelstore.com\/wp-content\/uploads\/2026\/02\/revolution-padel-store.jpg","contentUrl":"https:\/\/revolutionpadelstore.com\/wp-content\/uploads\/2026\/02\/revolution-padel-store.jpg","width":2000,"height":2000,"caption":"Revolution Padel Store"},"image":{"@id":"https:\/\/revolutionpadelstore.com\/it\/#\/schema\/logo\/image\/"},"sameAs":["https:\/\/www.instagram.com\/revolutionpadelstore\/"]}]}},"_links":{"self":[{"href":"https:\/\/revolutionpadelstore.com\/it\/wp-json\/wp\/v2\/product\/19709","targetHints":{"allow":["GET"]}}],"collection":[{"href":"https:\/\/revolutionpadelstore.com\/it\/wp-json\/wp\/v2\/product"}],"about":[{"href":"https:\/\/revolutionpadelstore.com\/it\/wp-json\/wp\/v2\/types\/product"}],"replies":[{"embeddable":true,"href":"https:\/\/revolutionpadelstore.com\/it\/wp-json\/wp\/v2\/comments?post=19709"}],"wp:featuredmedia":[{"embeddable":true,"href":"https:\/\/revolutionpadelstore.com\/it\/wp-json\/wp\/v2\/media\/50191"}],"wp:attachment":[{"href":"https:\/\/revolutionpadelstore.com\/it\/wp-json\/wp\/v2\/media?parent=19709"}],"wp:term":[{"taxonomy":"acabado","embeddable":true,"href":"https:\/\/revolutionpadelstore.com\/it\/wp-json\/wp\/v2\/acabado?post=19709"},{"taxonomy":"balance","embeddable":true,"href":"https:\/\/revolutionpadelstore.com\/it\/wp-json\/wp\/v2\/balance?post=19709"},{"taxonomy":"dureza","embeddable":true,"href":"https:\/\/revolutionpadelstore.com\/it\/wp-json\/wp\/v2\/dureza?post=19709"},{"taxonomy":"forma","embeddable":true,"href":"https:\/\/revolutionpadelstore.com\/it\/wp-json\/wp\/v2\/forma?post=19709"},{"taxonomy":"jugador","embeddable":true,"href":"https:\/\/revolutionpadelstore.com\/it\/wp-json\/wp\/v2\/jugador?post=19709"},{"taxonomy":"marca","embeddable":true,"href":"https:\/\/revolutionpadelstore.com\/it\/wp-json\/wp\/v2\/marca?post=19709"},{"taxonomy":"nivel-de-juego","embeddable":true,"href":"https:\/\/revolutionpadelstore.com\/it\/wp-json\/wp\/v2\/nivel-de-juego?post=19709"},{"taxonomy":"superficie","embeddable":true,"href":"https:\/\/revolutionpadelstore.com\/it\/wp-json\/wp\/v2\/superficie?post=19709"},{"taxonomy":"tipo-de-juego","embeddable":true,"href":"https:\/\/revolutionpadelstore.com\/it\/wp-json\/wp\/v2\/tipo-de-juego?post=19709"},{"taxonomy":"product_brand","embeddable":true,"href":"https:\/\/revolutionpadelstore.com\/it\/wp-json\/wp\/v2\/product_brand?post=19709"},{"taxonomy":"product_cat","embeddable":true,"href":"https:\/\/revolutionpadelstore.com\/it\/wp-json\/wp\/v2\/product_cat?post=19709"},{"taxonomy":"product_tag","embeddable":true,"href":"https:\/\/revolutionpadelstore.com\/it\/wp-json\/wp\/v2\/product_tag?post=19709"}],"curies":[{"name":"wp","href":"https:\/\/api.w.org\/{rel}","templated":true}]}}