{"id":19704,"date":"2024-04-10T15:22:41","date_gmt":"2024-04-10T13:22:41","guid":{"rendered":"https:\/\/revolutionpadelstore.com\/lok-maxx-hype\/"},"modified":"2026-04-01T10:59:06","modified_gmt":"2026-04-01T08:59:06","slug":"lok-maxx-hype","status":"publish","type":"product","link":"https:\/\/revolutionpadelstore.com\/it\/prodotto\/lok-maxx-hype\/","title":{"rendered":"LOK MAXX HYPE"},"content":{"rendered":"<p>La Maxx Hype \u00e8 la racchetta d&#8217;attacco pi\u00f9 tecnologica di L\u00d5K per giocatori di livello PRO.<br \/>\nIl suo cuore asimmetrico offre rigidit\u00e0 strutturale che fornisce stabilit\u00e0 ed \u00e8 fondamentale per raggiungere un equilibrio ottimale.<br \/>\nRealizzato in carbonio C18 su tre piani diversi e sistema Gradual Face e Vibration Groove che aiutano a ridurre le vibrazioni.<br \/>\nInoltre, il sistema 3D Spin Lines aumenta la rotazione della pallina quando colpisce la racchetta, aumentando cos\u00ec lo spin e migliorando la sensazione di controllo.<br \/>\nLa Maxx Hype \u00e8 dotata di Carbon Reinforcements &#8211; rinforzi in carbonio &#8211; che supportano la durabilit\u00e0 della struttura della racchetta e Dynamic Holes System con una disposizione progressiva di fori di diverse dimensioni che danno potenza al colpo.<br \/>\nHa il sistema Comfort Wristband, che \u00e8 un cinturino regolabile e la forma a diamante della lama aiuta a sollevare il punto debole, contribuendo a migliorare il colpo e l&#8217;attacco.<\/p>\n<p>CUORE ASIMMETRICO<br \/>\nIl nostro cuore \u00e8 l&#8217;emblema delle nostre racchette e si caratterizza per il suo design asimmetrico pur mantenendo un equilibrio perfetto.<br \/>\nIl nostro segno di identit\u00e0 pi\u00f9 riconoscibile.<br \/>\nLa sua forma unica e originale d\u00e0 origine a gradini laterali che formano i nervi del cuore, offrendo rigidit\u00e0 strutturale che fornisce stabilit\u00e0 ed \u00e8 fondamentale per raggiungere un equilibrio ottimale.<br \/>\nTra le altre caratteristiche, Asymmetric Heart ti consente di aumentare la velocit\u00e0 della palla nello swing di battuta, dando pi\u00f9 potenza al tiro.<\/p>\n<p>LINEE DI SPOT 3D<br \/>\nIl sistema 3D Spin Lines aumenta la rotazione della pallina quando colpisce la racchetta, aumentando cos\u00ec lo spin e migliorando la sensazione di controllo.<br \/>\n\u00c8 costituito da un sistema di linee diagonali parallele alla direzione dell&#8217;angolo del cuore e separate ad una distanza ottimale di 7 mm che migliora la sensazione di controllo.<\/p>\n<p>VOLTO GRADUALE<br \/>\nLe nostre lame hanno un sistema di strati sfalsati generati sulle parti superiore ed inferiore delle facce.<br \/>\nGradual Face sono gradini e rilievi che generano angoli che aiutano a ridurre le vibrazioni poich\u00e9 al momento dell&#8217;impatto avanza su tutta la superficie.<br \/>\nQuesta vibrazione avviene dal punto di impatto, spostandosi sia nella parte superiore che in quella inferiore del viso, luoghi in cui \u00e8 presente la tecnologia.<\/p>\n<p>SISTEMA FORI DINAMICI<br \/>\nUna disposizione progressiva con due diverse dimensioni di foro -10 e 11 mm- nella parte centrale della faccia, per contribuire a dare potenza al colpo.<\/p>\n<p>RINFORZO IN CARBONIO<br \/>\nRinforzi in carbonio in diversi punti critici della pala come supporto strutturale per contribuire alla durata.<\/p>\n<p>SCANALATURA VIBRANTE<br \/>\nRail inserito nel telaio della racchetta che aiuta a dissipare le vibrazioni derivanti dall&#8217;impatto della palla. Il binario incorpora una finitura in PU per massimizzare la sua funzione.<\/p>\n<p>POLSINO COMFORT<br \/>\nLe racchette sono dotate di un cinturino da polso regolabile che accompagna la corda per offrire comfort nella presa, qualunque siano le esigenze e i gusti del giocatore.<br \/>\nPresenta uno strato rinforzato e una parte interna ammorbidita per ottenere il massimo comfort, e un design con il slogan del marchio.<\/p>\n","protected":false},"excerpt":{"rendered":"<p>Racchetta Lok Maxx Hype 2024 per giocatori di livello professionale. La racchetta Mike Yanguas con sweet spot medio-alto e forma a diamante presenta due diversi design su ciascun lato. Il suo interno integra Custom Eva mentre i volti e il telaio sono stati realizzati in carbonio. \u00c8 composto da Carbonio C18, un materiale all&#8217;avanguardia, disposto su tre piani diversi. Inoltre, dispone della tecnologia Gradual Face e del Vibration Groove System che riducono al minimo le vibrazioni. Il sistema Dynamic Holes dispone i fori nella lama in dimensioni progressivamente per ottenere il massimo dalla potenza.<\/p>\n","protected":false},"featured_media":50167,"comment_status":"open","ping_status":"closed","template":"","meta":{"_acf_changed":false,"_joinchat":[]},"acabado":[1081,1091],"balance":[1136],"dureza":[1161],"forma":[1171],"jugador":[1201,1191],"marca":[1316],"nivel-de-juego":[1336,1346],"superficie":[1361],"tipo-de-juego":[1376],"product_brand":[],"product_cat":[301],"product_tag":[],"class_list":{"0":"post-19704","1":"product","2":"type-product","3":"status-publish","4":"has-post-thumbnail","6":"acabado-luminosita","7":"acabado-relieve-3d-it","8":"balance-alto-it","9":"dureza-dura-it","10":"forma-diamante-it","11":"jugador-multiuso","12":"jugador-uomo","13":"marca-ok","14":"superficie-rugosa-it","15":"tipo-de-juego-potenza","16":"product_cat-palas-de-padel-it","18":"first","19":"instock","20":"taxable","21":"shipping-taxable","22":"purchasable","23":"product-type-simple"},"acf":[],"yoast_head":"<!-- This site is optimized with the Yoast SEO plugin v27.3 - https:\/\/yoast.com\/product\/yoast-seo-wordpress\/ -->\n<title>LOK MAXX HYPE - Revolution Padel Store<\/title>\n<meta name=\"description\" content=\"Pala Lok Maxx Hype 2024 para jugadores de nivel profesional. La pala de Mike Yanguas con un punto dulce medio-alto y forma de diamante cuenta con dos dise\u00f1os distintitos en cada cara. En su interior integra Custom Eva mientras que las caras y el marco se han fabricado en carbono. Est\u00e1 compuesta por Carbono C18, un material de \u00faltima generaci\u00f3n, dispuesto en tres planos distintos. Adem\u00e1s, cuenta con la tecnolog\u00eda Gradual Face y el Vibration Groove System que minimizan la vibraci\u00f3n. El Dynamic Holes System dispone los orificios de la pala de forma progresiva en cuanto a tama\u00f1os para sacar el m\u00e1ximo partido a la potencia.\" \/>\n<meta name=\"robots\" content=\"index, follow, max-snippet:-1, max-image-preview:large, max-video-preview:-1\" \/>\n<link rel=\"canonical\" href=\"https:\/\/revolutionpadelstore.com\/it\/prodotto\/lok-maxx-hype\/\" \/>\n<meta property=\"og:locale\" content=\"it_IT\" \/>\n<meta property=\"og:type\" content=\"article\" \/>\n<meta property=\"og:title\" content=\"COMPRAR LOK MAXX HYPE\" \/>\n<meta property=\"og:description\" content=\"Pala Lok Maxx Hype 2024 para jugadores de nivel profesional. La pala de Mike Yanguas con un punto dulce medio-alto y forma de diamante cuenta con dos dise\u00f1os distintitos en cada cara. En su interior integra Custom Eva mientras que las caras y el marco se han fabricado en carbono. Est\u00e1 compuesta por Carbono C18, un material de \u00faltima generaci\u00f3n, dispuesto en tres planos distintos. Adem\u00e1s, cuenta con la tecnolog\u00eda Gradual Face y el Vibration Groove System que minimizan la vibraci\u00f3n. El Dynamic Holes System dispone los orificios de la pala de forma progresiva en cuanto a tama\u00f1os para sacar el m\u00e1ximo partido a la potencia.\" \/>\n<meta property=\"og:url\" content=\"https:\/\/revolutionpadelstore.com\/it\/prodotto\/lok-maxx-hype\/\" \/>\n<meta property=\"og:site_name\" content=\"Revolution Padel Store\" \/>\n<meta property=\"article:modified_time\" content=\"2026-04-01T08:59:06+00:00\" \/>\n<meta property=\"og:image\" content=\"https:\/\/revolutionpadelstore.com\/wp-content\/uploads\/2024\/04\/pala-lok-maxx-hype-1-800x800-1.jpg\" \/>\n\t<meta property=\"og:image:width\" content=\"800\" \/>\n\t<meta property=\"og:image:height\" content=\"800\" \/>\n\t<meta property=\"og:image:type\" content=\"image\/jpeg\" \/>\n<meta name=\"twitter:card\" content=\"summary_large_image\" \/>\n<meta name=\"twitter:label1\" content=\"Tempo di lettura stimato\" \/>\n\t<meta name=\"twitter:data1\" content=\"3 minuti\" \/>\n<script type=\"application\/ld+json\" class=\"yoast-schema-graph\">{\"@context\":\"https:\\\/\\\/schema.org\",\"@graph\":[{\"@type\":\"WebPage\",\"@id\":\"https:\\\/\\\/revolutionpadelstore.com\\\/it\\\/prodotto\\\/lok-maxx-hype\\\/\",\"url\":\"https:\\\/\\\/revolutionpadelstore.com\\\/it\\\/prodotto\\\/lok-maxx-hype\\\/\",\"name\":\"LOK MAXX HYPE - Revolution Padel Store\",\"isPartOf\":{\"@id\":\"https:\\\/\\\/revolutionpadelstore.com\\\/it\\\/#website\"},\"primaryImageOfPage\":{\"@id\":\"https:\\\/\\\/revolutionpadelstore.com\\\/it\\\/prodotto\\\/lok-maxx-hype\\\/#primaryimage\"},\"image\":{\"@id\":\"https:\\\/\\\/revolutionpadelstore.com\\\/it\\\/prodotto\\\/lok-maxx-hype\\\/#primaryimage\"},\"thumbnailUrl\":\"https:\\\/\\\/revolutionpadelstore.com\\\/wp-content\\\/uploads\\\/2024\\\/04\\\/pala-lok-maxx-hype-1-800x800-1.jpg\",\"datePublished\":\"2024-04-10T13:22:41+00:00\",\"dateModified\":\"2026-04-01T08:59:06+00:00\",\"description\":\"Pala Lok Maxx Hype 2024 para jugadores de nivel profesional. La pala de Mike Yanguas con un punto dulce medio-alto y forma de diamante cuenta con dos dise\u00f1os distintitos en cada cara. En su interior integra Custom Eva mientras que las caras y el marco se han fabricado en carbono. Est\u00e1 compuesta por Carbono C18, un material de \u00faltima generaci\u00f3n, dispuesto en tres planos distintos. Adem\u00e1s, cuenta con la tecnolog\u00eda Gradual Face y el Vibration Groove System que minimizan la vibraci\u00f3n. El Dynamic Holes System dispone los orificios de la pala de forma progresiva en cuanto a tama\u00f1os para sacar el m\u00e1ximo partido a la potencia.\",\"breadcrumb\":{\"@id\":\"https:\\\/\\\/revolutionpadelstore.com\\\/it\\\/prodotto\\\/lok-maxx-hype\\\/#breadcrumb\"},\"inLanguage\":\"it-IT\",\"potentialAction\":[{\"@type\":\"ReadAction\",\"target\":[\"https:\\\/\\\/revolutionpadelstore.com\\\/it\\\/prodotto\\\/lok-maxx-hype\\\/\"]}]},{\"@type\":\"ImageObject\",\"inLanguage\":\"it-IT\",\"@id\":\"https:\\\/\\\/revolutionpadelstore.com\\\/it\\\/prodotto\\\/lok-maxx-hype\\\/#primaryimage\",\"url\":\"https:\\\/\\\/revolutionpadelstore.com\\\/wp-content\\\/uploads\\\/2024\\\/04\\\/pala-lok-maxx-hype-1-800x800-1.jpg\",\"contentUrl\":\"https:\\\/\\\/revolutionpadelstore.com\\\/wp-content\\\/uploads\\\/2024\\\/04\\\/pala-lok-maxx-hype-1-800x800-1.jpg\",\"width\":800,\"height\":800},{\"@type\":\"BreadcrumbList\",\"@id\":\"https:\\\/\\\/revolutionpadelstore.com\\\/it\\\/prodotto\\\/lok-maxx-hype\\\/#breadcrumb\",\"itemListElement\":[{\"@type\":\"ListItem\",\"position\":1,\"name\":\"Portada\",\"item\":\"https:\\\/\\\/revolutionpadelstore.com\\\/it\\\/\"},{\"@type\":\"ListItem\",\"position\":2,\"name\":\"Tienda\",\"item\":\"https:\\\/\\\/revolutionpadelstore.com\\\/it\\\/tienda\\\/\"},{\"@type\":\"ListItem\",\"position\":3,\"name\":\"LOK MAXX HYPE\"}]},{\"@type\":\"WebSite\",\"@id\":\"https:\\\/\\\/revolutionpadelstore.com\\\/it\\\/#website\",\"url\":\"https:\\\/\\\/revolutionpadelstore.com\\\/it\\\/\",\"name\":\"Revolution Padel Store\",\"description\":\"\",\"publisher\":{\"@id\":\"https:\\\/\\\/revolutionpadelstore.com\\\/it\\\/#organization\"},\"potentialAction\":[{\"@type\":\"SearchAction\",\"target\":{\"@type\":\"EntryPoint\",\"urlTemplate\":\"https:\\\/\\\/revolutionpadelstore.com\\\/it\\\/?s={search_term_string}\"},\"query-input\":{\"@type\":\"PropertyValueSpecification\",\"valueRequired\":true,\"valueName\":\"search_term_string\"}}],\"inLanguage\":\"it-IT\"},{\"@type\":\"Organization\",\"@id\":\"https:\\\/\\\/revolutionpadelstore.com\\\/it\\\/#organization\",\"name\":\"Revolution Padel Store\",\"url\":\"https:\\\/\\\/revolutionpadelstore.com\\\/it\\\/\",\"logo\":{\"@type\":\"ImageObject\",\"inLanguage\":\"it-IT\",\"@id\":\"https:\\\/\\\/revolutionpadelstore.com\\\/it\\\/#\\\/schema\\\/logo\\\/image\\\/\",\"url\":\"https:\\\/\\\/revolutionpadelstore.com\\\/wp-content\\\/uploads\\\/2026\\\/02\\\/revolution-padel-store.jpg\",\"contentUrl\":\"https:\\\/\\\/revolutionpadelstore.com\\\/wp-content\\\/uploads\\\/2026\\\/02\\\/revolution-padel-store.jpg\",\"width\":2000,\"height\":2000,\"caption\":\"Revolution Padel Store\"},\"image\":{\"@id\":\"https:\\\/\\\/revolutionpadelstore.com\\\/it\\\/#\\\/schema\\\/logo\\\/image\\\/\"},\"sameAs\":[\"https:\\\/\\\/www.instagram.com\\\/revolutionpadelstore\\\/\"]}]}<\/script>\n<!-- \/ Yoast SEO plugin. -->","yoast_head_json":{"title":"LOK MAXX HYPE - Revolution Padel Store","description":"Pala Lok Maxx Hype 2024 para jugadores de nivel profesional. La pala de Mike Yanguas con un punto dulce medio-alto y forma de diamante cuenta con dos dise\u00f1os distintitos en cada cara. En su interior integra Custom Eva mientras que las caras y el marco se han fabricado en carbono. Est\u00e1 compuesta por Carbono C18, un material de \u00faltima generaci\u00f3n, dispuesto en tres planos distintos. Adem\u00e1s, cuenta con la tecnolog\u00eda Gradual Face y el Vibration Groove System que minimizan la vibraci\u00f3n. El Dynamic Holes System dispone los orificios de la pala de forma progresiva en cuanto a tama\u00f1os para sacar el m\u00e1ximo partido a la potencia.","robots":{"index":"index","follow":"follow","max-snippet":"max-snippet:-1","max-image-preview":"max-image-preview:large","max-video-preview":"max-video-preview:-1"},"canonical":"https:\/\/revolutionpadelstore.com\/it\/prodotto\/lok-maxx-hype\/","og_locale":"it_IT","og_type":"article","og_title":"COMPRAR LOK MAXX HYPE","og_description":"Pala Lok Maxx Hype 2024 para jugadores de nivel profesional. La pala de Mike Yanguas con un punto dulce medio-alto y forma de diamante cuenta con dos dise\u00f1os distintitos en cada cara. En su interior integra Custom Eva mientras que las caras y el marco se han fabricado en carbono. Est\u00e1 compuesta por Carbono C18, un material de \u00faltima generaci\u00f3n, dispuesto en tres planos distintos. Adem\u00e1s, cuenta con la tecnolog\u00eda Gradual Face y el Vibration Groove System que minimizan la vibraci\u00f3n. El Dynamic Holes System dispone los orificios de la pala de forma progresiva en cuanto a tama\u00f1os para sacar el m\u00e1ximo partido a la potencia.","og_url":"https:\/\/revolutionpadelstore.com\/it\/prodotto\/lok-maxx-hype\/","og_site_name":"Revolution Padel Store","article_modified_time":"2026-04-01T08:59:06+00:00","og_image":[{"width":800,"height":800,"url":"https:\/\/revolutionpadelstore.com\/wp-content\/uploads\/2024\/04\/pala-lok-maxx-hype-1-800x800-1.jpg","type":"image\/jpeg"}],"twitter_card":"summary_large_image","twitter_misc":{"Tempo di lettura stimato":"3 minuti"},"schema":{"@context":"https:\/\/schema.org","@graph":[{"@type":"WebPage","@id":"https:\/\/revolutionpadelstore.com\/it\/prodotto\/lok-maxx-hype\/","url":"https:\/\/revolutionpadelstore.com\/it\/prodotto\/lok-maxx-hype\/","name":"LOK MAXX HYPE - Revolution Padel Store","isPartOf":{"@id":"https:\/\/revolutionpadelstore.com\/it\/#website"},"primaryImageOfPage":{"@id":"https:\/\/revolutionpadelstore.com\/it\/prodotto\/lok-maxx-hype\/#primaryimage"},"image":{"@id":"https:\/\/revolutionpadelstore.com\/it\/prodotto\/lok-maxx-hype\/#primaryimage"},"thumbnailUrl":"https:\/\/revolutionpadelstore.com\/wp-content\/uploads\/2024\/04\/pala-lok-maxx-hype-1-800x800-1.jpg","datePublished":"2024-04-10T13:22:41+00:00","dateModified":"2026-04-01T08:59:06+00:00","description":"Pala Lok Maxx Hype 2024 para jugadores de nivel profesional. La pala de Mike Yanguas con un punto dulce medio-alto y forma de diamante cuenta con dos dise\u00f1os distintitos en cada cara. En su interior integra Custom Eva mientras que las caras y el marco se han fabricado en carbono. Est\u00e1 compuesta por Carbono C18, un material de \u00faltima generaci\u00f3n, dispuesto en tres planos distintos. Adem\u00e1s, cuenta con la tecnolog\u00eda Gradual Face y el Vibration Groove System que minimizan la vibraci\u00f3n. El Dynamic Holes System dispone los orificios de la pala de forma progresiva en cuanto a tama\u00f1os para sacar el m\u00e1ximo partido a la potencia.","breadcrumb":{"@id":"https:\/\/revolutionpadelstore.com\/it\/prodotto\/lok-maxx-hype\/#breadcrumb"},"inLanguage":"it-IT","potentialAction":[{"@type":"ReadAction","target":["https:\/\/revolutionpadelstore.com\/it\/prodotto\/lok-maxx-hype\/"]}]},{"@type":"ImageObject","inLanguage":"it-IT","@id":"https:\/\/revolutionpadelstore.com\/it\/prodotto\/lok-maxx-hype\/#primaryimage","url":"https:\/\/revolutionpadelstore.com\/wp-content\/uploads\/2024\/04\/pala-lok-maxx-hype-1-800x800-1.jpg","contentUrl":"https:\/\/revolutionpadelstore.com\/wp-content\/uploads\/2024\/04\/pala-lok-maxx-hype-1-800x800-1.jpg","width":800,"height":800},{"@type":"BreadcrumbList","@id":"https:\/\/revolutionpadelstore.com\/it\/prodotto\/lok-maxx-hype\/#breadcrumb","itemListElement":[{"@type":"ListItem","position":1,"name":"Portada","item":"https:\/\/revolutionpadelstore.com\/it\/"},{"@type":"ListItem","position":2,"name":"Tienda","item":"https:\/\/revolutionpadelstore.com\/it\/tienda\/"},{"@type":"ListItem","position":3,"name":"LOK MAXX HYPE"}]},{"@type":"WebSite","@id":"https:\/\/revolutionpadelstore.com\/it\/#website","url":"https:\/\/revolutionpadelstore.com\/it\/","name":"Revolution Padel Store","description":"","publisher":{"@id":"https:\/\/revolutionpadelstore.com\/it\/#organization"},"potentialAction":[{"@type":"SearchAction","target":{"@type":"EntryPoint","urlTemplate":"https:\/\/revolutionpadelstore.com\/it\/?s={search_term_string}"},"query-input":{"@type":"PropertyValueSpecification","valueRequired":true,"valueName":"search_term_string"}}],"inLanguage":"it-IT"},{"@type":"Organization","@id":"https:\/\/revolutionpadelstore.com\/it\/#organization","name":"Revolution Padel Store","url":"https:\/\/revolutionpadelstore.com\/it\/","logo":{"@type":"ImageObject","inLanguage":"it-IT","@id":"https:\/\/revolutionpadelstore.com\/it\/#\/schema\/logo\/image\/","url":"https:\/\/revolutionpadelstore.com\/wp-content\/uploads\/2026\/02\/revolution-padel-store.jpg","contentUrl":"https:\/\/revolutionpadelstore.com\/wp-content\/uploads\/2026\/02\/revolution-padel-store.jpg","width":2000,"height":2000,"caption":"Revolution Padel Store"},"image":{"@id":"https:\/\/revolutionpadelstore.com\/it\/#\/schema\/logo\/image\/"},"sameAs":["https:\/\/www.instagram.com\/revolutionpadelstore\/"]}]}},"_links":{"self":[{"href":"https:\/\/revolutionpadelstore.com\/it\/wp-json\/wp\/v2\/product\/19704","targetHints":{"allow":["GET"]}}],"collection":[{"href":"https:\/\/revolutionpadelstore.com\/it\/wp-json\/wp\/v2\/product"}],"about":[{"href":"https:\/\/revolutionpadelstore.com\/it\/wp-json\/wp\/v2\/types\/product"}],"replies":[{"embeddable":true,"href":"https:\/\/revolutionpadelstore.com\/it\/wp-json\/wp\/v2\/comments?post=19704"}],"wp:featuredmedia":[{"embeddable":true,"href":"https:\/\/revolutionpadelstore.com\/it\/wp-json\/wp\/v2\/media\/50167"}],"wp:attachment":[{"href":"https:\/\/revolutionpadelstore.com\/it\/wp-json\/wp\/v2\/media?parent=19704"}],"wp:term":[{"taxonomy":"acabado","embeddable":true,"href":"https:\/\/revolutionpadelstore.com\/it\/wp-json\/wp\/v2\/acabado?post=19704"},{"taxonomy":"balance","embeddable":true,"href":"https:\/\/revolutionpadelstore.com\/it\/wp-json\/wp\/v2\/balance?post=19704"},{"taxonomy":"dureza","embeddable":true,"href":"https:\/\/revolutionpadelstore.com\/it\/wp-json\/wp\/v2\/dureza?post=19704"},{"taxonomy":"forma","embeddable":true,"href":"https:\/\/revolutionpadelstore.com\/it\/wp-json\/wp\/v2\/forma?post=19704"},{"taxonomy":"jugador","embeddable":true,"href":"https:\/\/revolutionpadelstore.com\/it\/wp-json\/wp\/v2\/jugador?post=19704"},{"taxonomy":"marca","embeddable":true,"href":"https:\/\/revolutionpadelstore.com\/it\/wp-json\/wp\/v2\/marca?post=19704"},{"taxonomy":"nivel-de-juego","embeddable":true,"href":"https:\/\/revolutionpadelstore.com\/it\/wp-json\/wp\/v2\/nivel-de-juego?post=19704"},{"taxonomy":"superficie","embeddable":true,"href":"https:\/\/revolutionpadelstore.com\/it\/wp-json\/wp\/v2\/superficie?post=19704"},{"taxonomy":"tipo-de-juego","embeddable":true,"href":"https:\/\/revolutionpadelstore.com\/it\/wp-json\/wp\/v2\/tipo-de-juego?post=19704"},{"taxonomy":"product_brand","embeddable":true,"href":"https:\/\/revolutionpadelstore.com\/it\/wp-json\/wp\/v2\/product_brand?post=19704"},{"taxonomy":"product_cat","embeddable":true,"href":"https:\/\/revolutionpadelstore.com\/it\/wp-json\/wp\/v2\/product_cat?post=19704"},{"taxonomy":"product_tag","embeddable":true,"href":"https:\/\/revolutionpadelstore.com\/it\/wp-json\/wp\/v2\/product_tag?post=19704"}],"curies":[{"name":"wp","href":"https:\/\/api.w.org\/{rel}","templated":true}]}}