{"id":19699,"date":"2024-04-11T07:59:01","date_gmt":"2024-04-11T05:59:01","guid":{"rendered":"https:\/\/revolutionpadelstore.com\/lok-carb-on-flow\/"},"modified":"2026-04-01T10:58:31","modified_gmt":"2026-04-01T08:58:31","slug":"lok-carb-on-flow-4","status":"publish","type":"product","link":"https:\/\/revolutionpadelstore.com\/it\/prodotto\/lok-carb-on-flow-4\/","title":{"rendered":"LOK CARB-ON FLOW"},"content":{"rendered":"<p>La racchetta Carb-On Flow \u00e8 una racchetta con un equilibrio eccezionale tra potenza e controllo, supportato da tecnologie avanzate e un design innovativo.<br \/>\nUna delle caratteristiche eccezionali della Carbon-On Flow \u00e8 il suo cuore asimmetrico, una tecnologia che ottimizza la distribuzione del peso sulla racchetta per migliorare la manovrabilit\u00e0 e la stabilit\u00e0 ad ogni colpo.<br \/>\nCi\u00f2 consente una risposta pi\u00f9 rapida e precisa in campo, con conseguenti colpi pi\u00f9 efficaci e coerenti.<br \/>\nLa racchetta ha una superficie in carbonio C6 disposta su tre piani diversi creando una racchetta potente ma la sua forma rotonda rende il controllo molto elevato grazie allo sweetspot e all&#8217;equilibrio al centro.<br \/>\nInoltre, questa racchetta \u00e8 dotata delle esclusive 3D Spin Lines, linee strategicamente posizionate sulla superficie di battuta che aumentano la rotazione della pallina all&#8217;impatto.<br \/>\nUn altro aspetto \u00e8 il design Gradual Face, che consiste in una superficie battente con la funzione speciale di ridurre le vibrazioni durante i colpi.<br \/>\n\u00c8 una racchetta che si distingue per la sua tecnologia di rinforzo del carbonio, che consiste nell&#8217;incorporazione strategica di strati aggiuntivi di carbonio nei punti chiave del telaio.<br \/>\nQuesti rinforzi non solo aumentano la rigidit\u00e0 e la durata della racchetta, ma migliorano anche il trasferimento di energia ad ogni colpo, il che si traduce in maggiore potenza e stabilit\u00e0 in campo.<br \/>\nDispone inoltre di Dynamic Holes System, una disposizione progressiva di fori di diverse dimensioni che conferiscono potenza al colpo.<br \/>\nDispone inoltre di rinforzi in carbonio e di un cinturino regolabile chiamato Confort Wristband.<br \/>\nLa sua forma circolare significa che il suo equilibrio e il suo punto debole sono al top, rendendola una racchetta focalizzata sui colpi offensivi.<\/p>\n","protected":false},"excerpt":{"rendered":"<p>La racchetta Lok Carb-on Flow 2024 per giocatori di livello intermedio, una racchetta dalla forma rotonda e facile da maneggiare. \u00c8 realizzato in fibra di carbonio Carbon C6 sulla superficie. Sulla stessa superficie, questa racchetta incorpora il design Gradual Face, che riduce le vibrazioni e consente un maggiore trasferimento di forza durante i colpi. Come se ci\u00f2 non bastasse, \u00e8 dotato di rinforzi in carbonio su tutto il telaio per aumentare rigidit\u00e0 e resistenza<\/p>\n","protected":false},"featured_media":4301,"comment_status":"open","ping_status":"closed","template":"","meta":{"_acf_changed":false,"_joinchat":[]},"acabado":[1091],"balance":[1141],"dureza":[1156],"forma":[1181],"jugador":[1201,1191],"marca":[1316],"nivel-de-juego":[1336,1351],"superficie":[1361],"tipo-de-juego":[1371],"product_brand":[],"product_cat":[301],"product_tag":[],"class_list":{"0":"post-19699","1":"product","2":"type-product","3":"status-publish","4":"has-post-thumbnail","6":"acabado-relieve-3d-it","7":"balance-medio-it","8":"dureza-media-it","9":"forma-rotondo","10":"jugador-multiuso","11":"jugador-uomo","12":"marca-ok","13":"superficie-rugosa-it","14":"tipo-de-juego-controllo","15":"product_cat-palas-de-padel-it","17":"first","18":"instock","19":"taxable","20":"shipping-taxable","21":"purchasable","22":"product-type-simple"},"acf":[],"yoast_head":"<!-- This site is optimized with the Yoast SEO plugin v27.3 - https:\/\/yoast.com\/product\/yoast-seo-wordpress\/ -->\n<title>LOK CARB-ON FLOW - Revolution Padel Store<\/title>\n<meta name=\"description\" content=\"La pala Lok Carb-on Flow 2024 para jugadores de nivel intermedio una pala de forma redonda y de manejo f\u00e1cil. Est\u00e1 fabricada con fibra de carbono Carbon C6 en la superficie. En la misma superficie, esta pala incorpora el dise\u00f1o Gradual Face, que reduce las vibraciones y permite una mayor transferencia de fuerza en el golpeo. Por si fuera poco, presenta refuerzos de carbono por todo el marco para incrementar la rigidez y su resistencia\" \/>\n<meta name=\"robots\" content=\"index, follow, max-snippet:-1, max-image-preview:large, max-video-preview:-1\" \/>\n<link rel=\"canonical\" href=\"https:\/\/revolutionpadelstore.com\/it\/prodotto\/lok-carb-on-flow-4\/\" \/>\n<meta property=\"og:locale\" content=\"it_IT\" \/>\n<meta property=\"og:type\" content=\"article\" \/>\n<meta property=\"og:title\" content=\"COMPRAR LOK CARB-ON FLOW\" \/>\n<meta property=\"og:description\" content=\"La pala Lok Carb-on Flow 2024 para jugadores de nivel intermedio una pala de forma redonda y de manejo f\u00e1cil. Est\u00e1 fabricada con fibra de carbono Carbon C6 en la superficie. En la misma superficie, esta pala incorpora el dise\u00f1o Gradual Face, que reduce las vibraciones y permite una mayor transferencia de fuerza en el golpeo. Por si fuera poco, presenta refuerzos de carbono por todo el marco para incrementar la rigidez y su resistencia\" \/>\n<meta property=\"og:url\" content=\"https:\/\/revolutionpadelstore.com\/it\/prodotto\/lok-carb-on-flow-4\/\" \/>\n<meta property=\"og:site_name\" content=\"Revolution Padel Store\" \/>\n<meta property=\"article:modified_time\" content=\"2026-04-01T08:58:31+00:00\" \/>\n<meta property=\"og:image\" content=\"https:\/\/revolutionpadelstore.com\/wp-content\/uploads\/2024\/04\/pala-lok-carb-on-flow-1-800x800-2.webp\" \/>\n\t<meta property=\"og:image:width\" content=\"800\" \/>\n\t<meta property=\"og:image:height\" content=\"800\" \/>\n\t<meta property=\"og:image:type\" content=\"image\/webp\" \/>\n<meta name=\"twitter:card\" content=\"summary_large_image\" \/>\n<meta name=\"twitter:label1\" content=\"Tempo di lettura stimato\" \/>\n\t<meta name=\"twitter:data1\" content=\"2 minuti\" \/>\n<script type=\"application\/ld+json\" class=\"yoast-schema-graph\">{\"@context\":\"https:\\\/\\\/schema.org\",\"@graph\":[{\"@type\":\"WebPage\",\"@id\":\"https:\\\/\\\/revolutionpadelstore.com\\\/it\\\/prodotto\\\/lok-carb-on-flow-4\\\/\",\"url\":\"https:\\\/\\\/revolutionpadelstore.com\\\/it\\\/prodotto\\\/lok-carb-on-flow-4\\\/\",\"name\":\"LOK CARB-ON FLOW - Revolution Padel Store\",\"isPartOf\":{\"@id\":\"https:\\\/\\\/revolutionpadelstore.com\\\/it\\\/#website\"},\"primaryImageOfPage\":{\"@id\":\"https:\\\/\\\/revolutionpadelstore.com\\\/it\\\/prodotto\\\/lok-carb-on-flow-4\\\/#primaryimage\"},\"image\":{\"@id\":\"https:\\\/\\\/revolutionpadelstore.com\\\/it\\\/prodotto\\\/lok-carb-on-flow-4\\\/#primaryimage\"},\"thumbnailUrl\":\"https:\\\/\\\/revolutionpadelstore.com\\\/wp-content\\\/uploads\\\/2024\\\/04\\\/pala-lok-carb-on-flow-1-800x800-1.webp\",\"datePublished\":\"2024-04-11T05:59:01+00:00\",\"dateModified\":\"2026-04-01T08:58:31+00:00\",\"description\":\"La pala Lok Carb-on Flow 2024 para jugadores de nivel intermedio una pala de forma redonda y de manejo f\u00e1cil. Est\u00e1 fabricada con fibra de carbono Carbon C6 en la superficie. En la misma superficie, esta pala incorpora el dise\u00f1o Gradual Face, que reduce las vibraciones y permite una mayor transferencia de fuerza en el golpeo. Por si fuera poco, presenta refuerzos de carbono por todo el marco para incrementar la rigidez y su resistencia\",\"breadcrumb\":{\"@id\":\"https:\\\/\\\/revolutionpadelstore.com\\\/it\\\/prodotto\\\/lok-carb-on-flow-4\\\/#breadcrumb\"},\"inLanguage\":\"it-IT\",\"potentialAction\":[{\"@type\":\"ReadAction\",\"target\":[\"https:\\\/\\\/revolutionpadelstore.com\\\/it\\\/prodotto\\\/lok-carb-on-flow-4\\\/\"]}]},{\"@type\":\"ImageObject\",\"inLanguage\":\"it-IT\",\"@id\":\"https:\\\/\\\/revolutionpadelstore.com\\\/it\\\/prodotto\\\/lok-carb-on-flow-4\\\/#primaryimage\",\"url\":\"https:\\\/\\\/revolutionpadelstore.com\\\/wp-content\\\/uploads\\\/2024\\\/04\\\/pala-lok-carb-on-flow-1-800x800-1.webp\",\"contentUrl\":\"https:\\\/\\\/revolutionpadelstore.com\\\/wp-content\\\/uploads\\\/2024\\\/04\\\/pala-lok-carb-on-flow-1-800x800-1.webp\",\"width\":800,\"height\":800},{\"@type\":\"BreadcrumbList\",\"@id\":\"https:\\\/\\\/revolutionpadelstore.com\\\/it\\\/prodotto\\\/lok-carb-on-flow-4\\\/#breadcrumb\",\"itemListElement\":[{\"@type\":\"ListItem\",\"position\":1,\"name\":\"Portada\",\"item\":\"https:\\\/\\\/revolutionpadelstore.com\\\/it\\\/\"},{\"@type\":\"ListItem\",\"position\":2,\"name\":\"Tienda\",\"item\":\"https:\\\/\\\/revolutionpadelstore.com\\\/it\\\/tienda\\\/\"},{\"@type\":\"ListItem\",\"position\":3,\"name\":\"LOK CARB-ON FLOW\"}]},{\"@type\":\"WebSite\",\"@id\":\"https:\\\/\\\/revolutionpadelstore.com\\\/it\\\/#website\",\"url\":\"https:\\\/\\\/revolutionpadelstore.com\\\/it\\\/\",\"name\":\"Revolution Padel Store\",\"description\":\"\",\"publisher\":{\"@id\":\"https:\\\/\\\/revolutionpadelstore.com\\\/it\\\/#organization\"},\"potentialAction\":[{\"@type\":\"SearchAction\",\"target\":{\"@type\":\"EntryPoint\",\"urlTemplate\":\"https:\\\/\\\/revolutionpadelstore.com\\\/it\\\/?s={search_term_string}\"},\"query-input\":{\"@type\":\"PropertyValueSpecification\",\"valueRequired\":true,\"valueName\":\"search_term_string\"}}],\"inLanguage\":\"it-IT\"},{\"@type\":\"Organization\",\"@id\":\"https:\\\/\\\/revolutionpadelstore.com\\\/it\\\/#organization\",\"name\":\"Revolution Padel Store\",\"url\":\"https:\\\/\\\/revolutionpadelstore.com\\\/it\\\/\",\"logo\":{\"@type\":\"ImageObject\",\"inLanguage\":\"it-IT\",\"@id\":\"https:\\\/\\\/revolutionpadelstore.com\\\/it\\\/#\\\/schema\\\/logo\\\/image\\\/\",\"url\":\"https:\\\/\\\/revolutionpadelstore.com\\\/wp-content\\\/uploads\\\/2026\\\/02\\\/revolution-padel-store.jpg\",\"contentUrl\":\"https:\\\/\\\/revolutionpadelstore.com\\\/wp-content\\\/uploads\\\/2026\\\/02\\\/revolution-padel-store.jpg\",\"width\":2000,\"height\":2000,\"caption\":\"Revolution Padel Store\"},\"image\":{\"@id\":\"https:\\\/\\\/revolutionpadelstore.com\\\/it\\\/#\\\/schema\\\/logo\\\/image\\\/\"},\"sameAs\":[\"https:\\\/\\\/www.instagram.com\\\/revolutionpadelstore\\\/\"]}]}<\/script>\n<!-- \/ Yoast SEO plugin. -->","yoast_head_json":{"title":"LOK CARB-ON FLOW - Revolution Padel Store","description":"La pala Lok Carb-on Flow 2024 para jugadores de nivel intermedio una pala de forma redonda y de manejo f\u00e1cil. Est\u00e1 fabricada con fibra de carbono Carbon C6 en la superficie. En la misma superficie, esta pala incorpora el dise\u00f1o Gradual Face, que reduce las vibraciones y permite una mayor transferencia de fuerza en el golpeo. Por si fuera poco, presenta refuerzos de carbono por todo el marco para incrementar la rigidez y su resistencia","robots":{"index":"index","follow":"follow","max-snippet":"max-snippet:-1","max-image-preview":"max-image-preview:large","max-video-preview":"max-video-preview:-1"},"canonical":"https:\/\/revolutionpadelstore.com\/it\/prodotto\/lok-carb-on-flow-4\/","og_locale":"it_IT","og_type":"article","og_title":"COMPRAR LOK CARB-ON FLOW","og_description":"La pala Lok Carb-on Flow 2024 para jugadores de nivel intermedio una pala de forma redonda y de manejo f\u00e1cil. Est\u00e1 fabricada con fibra de carbono Carbon C6 en la superficie. En la misma superficie, esta pala incorpora el dise\u00f1o Gradual Face, que reduce las vibraciones y permite una mayor transferencia de fuerza en el golpeo. Por si fuera poco, presenta refuerzos de carbono por todo el marco para incrementar la rigidez y su resistencia","og_url":"https:\/\/revolutionpadelstore.com\/it\/prodotto\/lok-carb-on-flow-4\/","og_site_name":"Revolution Padel Store","article_modified_time":"2026-04-01T08:58:31+00:00","og_image":[{"width":800,"height":800,"url":"https:\/\/revolutionpadelstore.com\/wp-content\/uploads\/2024\/04\/pala-lok-carb-on-flow-1-800x800-2.webp","type":"image\/webp"}],"twitter_card":"summary_large_image","twitter_misc":{"Tempo di lettura stimato":"2 minuti"},"schema":{"@context":"https:\/\/schema.org","@graph":[{"@type":"WebPage","@id":"https:\/\/revolutionpadelstore.com\/it\/prodotto\/lok-carb-on-flow-4\/","url":"https:\/\/revolutionpadelstore.com\/it\/prodotto\/lok-carb-on-flow-4\/","name":"LOK CARB-ON FLOW - Revolution Padel Store","isPartOf":{"@id":"https:\/\/revolutionpadelstore.com\/it\/#website"},"primaryImageOfPage":{"@id":"https:\/\/revolutionpadelstore.com\/it\/prodotto\/lok-carb-on-flow-4\/#primaryimage"},"image":{"@id":"https:\/\/revolutionpadelstore.com\/it\/prodotto\/lok-carb-on-flow-4\/#primaryimage"},"thumbnailUrl":"https:\/\/revolutionpadelstore.com\/wp-content\/uploads\/2024\/04\/pala-lok-carb-on-flow-1-800x800-1.webp","datePublished":"2024-04-11T05:59:01+00:00","dateModified":"2026-04-01T08:58:31+00:00","description":"La pala Lok Carb-on Flow 2024 para jugadores de nivel intermedio una pala de forma redonda y de manejo f\u00e1cil. Est\u00e1 fabricada con fibra de carbono Carbon C6 en la superficie. En la misma superficie, esta pala incorpora el dise\u00f1o Gradual Face, que reduce las vibraciones y permite una mayor transferencia de fuerza en el golpeo. Por si fuera poco, presenta refuerzos de carbono por todo el marco para incrementar la rigidez y su resistencia","breadcrumb":{"@id":"https:\/\/revolutionpadelstore.com\/it\/prodotto\/lok-carb-on-flow-4\/#breadcrumb"},"inLanguage":"it-IT","potentialAction":[{"@type":"ReadAction","target":["https:\/\/revolutionpadelstore.com\/it\/prodotto\/lok-carb-on-flow-4\/"]}]},{"@type":"ImageObject","inLanguage":"it-IT","@id":"https:\/\/revolutionpadelstore.com\/it\/prodotto\/lok-carb-on-flow-4\/#primaryimage","url":"https:\/\/revolutionpadelstore.com\/wp-content\/uploads\/2024\/04\/pala-lok-carb-on-flow-1-800x800-1.webp","contentUrl":"https:\/\/revolutionpadelstore.com\/wp-content\/uploads\/2024\/04\/pala-lok-carb-on-flow-1-800x800-1.webp","width":800,"height":800},{"@type":"BreadcrumbList","@id":"https:\/\/revolutionpadelstore.com\/it\/prodotto\/lok-carb-on-flow-4\/#breadcrumb","itemListElement":[{"@type":"ListItem","position":1,"name":"Portada","item":"https:\/\/revolutionpadelstore.com\/it\/"},{"@type":"ListItem","position":2,"name":"Tienda","item":"https:\/\/revolutionpadelstore.com\/it\/tienda\/"},{"@type":"ListItem","position":3,"name":"LOK CARB-ON FLOW"}]},{"@type":"WebSite","@id":"https:\/\/revolutionpadelstore.com\/it\/#website","url":"https:\/\/revolutionpadelstore.com\/it\/","name":"Revolution Padel Store","description":"","publisher":{"@id":"https:\/\/revolutionpadelstore.com\/it\/#organization"},"potentialAction":[{"@type":"SearchAction","target":{"@type":"EntryPoint","urlTemplate":"https:\/\/revolutionpadelstore.com\/it\/?s={search_term_string}"},"query-input":{"@type":"PropertyValueSpecification","valueRequired":true,"valueName":"search_term_string"}}],"inLanguage":"it-IT"},{"@type":"Organization","@id":"https:\/\/revolutionpadelstore.com\/it\/#organization","name":"Revolution Padel Store","url":"https:\/\/revolutionpadelstore.com\/it\/","logo":{"@type":"ImageObject","inLanguage":"it-IT","@id":"https:\/\/revolutionpadelstore.com\/it\/#\/schema\/logo\/image\/","url":"https:\/\/revolutionpadelstore.com\/wp-content\/uploads\/2026\/02\/revolution-padel-store.jpg","contentUrl":"https:\/\/revolutionpadelstore.com\/wp-content\/uploads\/2026\/02\/revolution-padel-store.jpg","width":2000,"height":2000,"caption":"Revolution Padel Store"},"image":{"@id":"https:\/\/revolutionpadelstore.com\/it\/#\/schema\/logo\/image\/"},"sameAs":["https:\/\/www.instagram.com\/revolutionpadelstore\/"]}]}},"_links":{"self":[{"href":"https:\/\/revolutionpadelstore.com\/it\/wp-json\/wp\/v2\/product\/19699","targetHints":{"allow":["GET"]}}],"collection":[{"href":"https:\/\/revolutionpadelstore.com\/it\/wp-json\/wp\/v2\/product"}],"about":[{"href":"https:\/\/revolutionpadelstore.com\/it\/wp-json\/wp\/v2\/types\/product"}],"replies":[{"embeddable":true,"href":"https:\/\/revolutionpadelstore.com\/it\/wp-json\/wp\/v2\/comments?post=19699"}],"wp:featuredmedia":[{"embeddable":true,"href":"https:\/\/revolutionpadelstore.com\/it\/wp-json\/wp\/v2\/media\/4301"}],"wp:attachment":[{"href":"https:\/\/revolutionpadelstore.com\/it\/wp-json\/wp\/v2\/media?parent=19699"}],"wp:term":[{"taxonomy":"acabado","embeddable":true,"href":"https:\/\/revolutionpadelstore.com\/it\/wp-json\/wp\/v2\/acabado?post=19699"},{"taxonomy":"balance","embeddable":true,"href":"https:\/\/revolutionpadelstore.com\/it\/wp-json\/wp\/v2\/balance?post=19699"},{"taxonomy":"dureza","embeddable":true,"href":"https:\/\/revolutionpadelstore.com\/it\/wp-json\/wp\/v2\/dureza?post=19699"},{"taxonomy":"forma","embeddable":true,"href":"https:\/\/revolutionpadelstore.com\/it\/wp-json\/wp\/v2\/forma?post=19699"},{"taxonomy":"jugador","embeddable":true,"href":"https:\/\/revolutionpadelstore.com\/it\/wp-json\/wp\/v2\/jugador?post=19699"},{"taxonomy":"marca","embeddable":true,"href":"https:\/\/revolutionpadelstore.com\/it\/wp-json\/wp\/v2\/marca?post=19699"},{"taxonomy":"nivel-de-juego","embeddable":true,"href":"https:\/\/revolutionpadelstore.com\/it\/wp-json\/wp\/v2\/nivel-de-juego?post=19699"},{"taxonomy":"superficie","embeddable":true,"href":"https:\/\/revolutionpadelstore.com\/it\/wp-json\/wp\/v2\/superficie?post=19699"},{"taxonomy":"tipo-de-juego","embeddable":true,"href":"https:\/\/revolutionpadelstore.com\/it\/wp-json\/wp\/v2\/tipo-de-juego?post=19699"},{"taxonomy":"product_brand","embeddable":true,"href":"https:\/\/revolutionpadelstore.com\/it\/wp-json\/wp\/v2\/product_brand?post=19699"},{"taxonomy":"product_cat","embeddable":true,"href":"https:\/\/revolutionpadelstore.com\/it\/wp-json\/wp\/v2\/product_cat?post=19699"},{"taxonomy":"product_tag","embeddable":true,"href":"https:\/\/revolutionpadelstore.com\/it\/wp-json\/wp\/v2\/product_tag?post=19699"}],"curies":[{"name":"wp","href":"https:\/\/api.w.org\/{rel}","templated":true}]}}