{"id":19694,"date":"2024-04-11T08:17:24","date_gmt":"2024-04-11T06:17:24","guid":{"rendered":"https:\/\/revolutionpadelstore.com\/lok-carb-on-hype\/"},"modified":"2026-04-01T10:57:59","modified_gmt":"2026-04-01T08:57:59","slug":"lok-carb-on-hype","status":"publish","type":"product","link":"https:\/\/revolutionpadelstore.com\/it\/prodotto\/lok-carb-on-hype\/","title":{"rendered":"LOK CARB-ON HYPE"},"content":{"rendered":"<p>La racchetta Carbon-On Hype \u00e8 un&#8217;opzione all&#8217;avanguardia per i giocatori di padel di livello avanzato che cercano un perfetto equilibrio tra potenza e controllo, supportato da tecnologie innovative e un design meticoloso.<br \/>\nUna delle caratteristiche distintive della Carbon-On Hype \u00e8 il suo cuore asimmetrico, una tecnologia che ottimizza la distribuzione del peso sulla racchetta per migliorare la manovrabilit\u00e0 e la stabilit\u00e0 ad ogni colpo.<br \/>\nLa racchetta ha una superficie in carbonio C6 disposta su tre piani diversi che la rendono una racchetta potente.<br \/>\nDispone inoltre del sistema Gradual Face, che consiste in un design della superficie sorprendente con una forma a gradini all&#8217;esterno per ridurre le vibrazioni all&#8217;impatto della palla.<br \/>\nInoltre, la racchetta \u00e8 dotata delle esclusive 3D Spin Lines, linee strategicamente posizionate sulla superficie di battuta che aumentano la rotazione della pallina all&#8217;impatto.<br \/>\nDispone inoltre di Dynamic Holes System, una disposizione progressiva di fori di diverse dimensioni che conferiscono potenza al colpo.<br \/>\nDispone inoltre di rinforzi in carbonio e di un cinturino regolabile chiamato Confort Wristband.<br \/>\nLa sua forma a diamante significa che il suo equilibrio e il suo punto debole sono al top, rendendola una racchetta focalizzata sui colpi offensivi.<\/p>\n","protected":false},"excerpt":{"rendered":"<p>Racchetta Lok Carb-on Hype 2024 con formato diamante e sweet spot medio-alto. Quanto a<br \/>\ncomposizione, il materiale predominante \u00e8 il Carbonio C6 che ricopre l&#8217;intera superficie della pala attraverso tre piani differenti. Questa mescola, insieme alla tecnologia Gradual Face per la riduzione delle vibrazioni, completa una racchetta virtuosa per colpi potenti. Inoltre, la disposizione dei fori della tecnologia Dynamic Holes System funziona anche per incanalare la potenza nel gioco d&#8217;attacco.<\/p>\n","protected":false},"featured_media":50111,"comment_status":"open","ping_status":"closed","template":"","meta":{"_acf_changed":false,"_joinchat":[]},"acabado":[1081,1091],"balance":[1136,1141],"dureza":[1156],"forma":[1171],"jugador":[1201,1191],"marca":[1316],"nivel-de-juego":[1336,1351],"superficie":[1361],"tipo-de-juego":[1381,1376],"product_brand":[],"product_cat":[301],"product_tag":[],"class_list":{"0":"post-19694","1":"product","2":"type-product","3":"status-publish","4":"has-post-thumbnail","6":"acabado-luminosita","7":"acabado-relieve-3d-it","8":"balance-alto-it","9":"balance-medio-it","10":"dureza-media-it","11":"forma-diamante-it","12":"jugador-multiuso","13":"jugador-uomo","14":"marca-ok","15":"superficie-rugosa-it","16":"tipo-de-juego-attacca","17":"tipo-de-juego-potenza","18":"product_cat-palas-de-padel-it","20":"first","21":"instock","22":"taxable","23":"shipping-taxable","24":"purchasable","25":"product-type-simple"},"acf":[],"yoast_head":"<!-- This site is optimized with the Yoast SEO plugin v27.3 - https:\/\/yoast.com\/product\/yoast-seo-wordpress\/ -->\n<title>LOK CARB-ON HYPE - Revolution Padel Store<\/title>\n<meta name=\"description\" content=\"Pala Lok Carb-on Hype 2024 de formato diamante y punto dulce medio-alto. En cuanto acomposici\u00f3n, el material preponderante es el Carbono C6 que abarca toda la superficie de la pala mediante tres planos distintos. Este compuesto, junto con la tecnolog\u00eda Gradual Face para la reducci\u00f3n de la vibraci\u00f3n, completan una pala virtuosa en los golpes potentes. Adem\u00e1s, la disposici\u00f3n de los agujeros de la tecnolog\u00eda Dynamic Holes System trabaja tambi\u00e9n en la canalizaci\u00f3n de la potencia en el juego de ataque.\" \/>\n<meta name=\"robots\" content=\"index, follow, max-snippet:-1, max-image-preview:large, max-video-preview:-1\" \/>\n<link rel=\"canonical\" href=\"https:\/\/revolutionpadelstore.com\/it\/prodotto\/lok-carb-on-hype\/\" \/>\n<meta property=\"og:locale\" content=\"it_IT\" \/>\n<meta property=\"og:type\" content=\"article\" \/>\n<meta property=\"og:title\" content=\"COMPRAR LOK CARB-ON HYPE\" \/>\n<meta property=\"og:description\" content=\"Pala Lok Carb-on Hype 2024 de formato diamante y punto dulce medio-alto. En cuanto acomposici\u00f3n, el material preponderante es el Carbono C6 que abarca toda la superficie de la pala mediante tres planos distintos. Este compuesto, junto con la tecnolog\u00eda Gradual Face para la reducci\u00f3n de la vibraci\u00f3n, completan una pala virtuosa en los golpes potentes. Adem\u00e1s, la disposici\u00f3n de los agujeros de la tecnolog\u00eda Dynamic Holes System trabaja tambi\u00e9n en la canalizaci\u00f3n de la potencia en el juego de ataque.\" \/>\n<meta property=\"og:url\" content=\"https:\/\/revolutionpadelstore.com\/it\/prodotto\/lok-carb-on-hype\/\" \/>\n<meta property=\"og:site_name\" content=\"Revolution Padel Store\" \/>\n<meta property=\"article:modified_time\" content=\"2026-04-01T08:57:59+00:00\" \/>\n<meta property=\"og:image\" content=\"https:\/\/revolutionpadelstore.com\/wp-content\/uploads\/2024\/04\/pala-lok-carb-on-hype-1-800x800-1.jpg\" \/>\n\t<meta property=\"og:image:width\" content=\"800\" \/>\n\t<meta property=\"og:image:height\" content=\"800\" \/>\n\t<meta property=\"og:image:type\" content=\"image\/jpeg\" \/>\n<meta name=\"twitter:card\" content=\"summary_large_image\" \/>\n<meta name=\"twitter:label1\" content=\"Tempo di lettura stimato\" \/>\n\t<meta name=\"twitter:data1\" content=\"2 minuti\" \/>\n<script type=\"application\/ld+json\" class=\"yoast-schema-graph\">{\"@context\":\"https:\\\/\\\/schema.org\",\"@graph\":[{\"@type\":\"WebPage\",\"@id\":\"https:\\\/\\\/revolutionpadelstore.com\\\/it\\\/prodotto\\\/lok-carb-on-hype\\\/\",\"url\":\"https:\\\/\\\/revolutionpadelstore.com\\\/it\\\/prodotto\\\/lok-carb-on-hype\\\/\",\"name\":\"LOK CARB-ON HYPE - Revolution Padel Store\",\"isPartOf\":{\"@id\":\"https:\\\/\\\/revolutionpadelstore.com\\\/it\\\/#website\"},\"primaryImageOfPage\":{\"@id\":\"https:\\\/\\\/revolutionpadelstore.com\\\/it\\\/prodotto\\\/lok-carb-on-hype\\\/#primaryimage\"},\"image\":{\"@id\":\"https:\\\/\\\/revolutionpadelstore.com\\\/it\\\/prodotto\\\/lok-carb-on-hype\\\/#primaryimage\"},\"thumbnailUrl\":\"https:\\\/\\\/revolutionpadelstore.com\\\/wp-content\\\/uploads\\\/2024\\\/04\\\/pala-lok-carb-on-hype-1-800x800-1.jpg\",\"datePublished\":\"2024-04-11T06:17:24+00:00\",\"dateModified\":\"2026-04-01T08:57:59+00:00\",\"description\":\"Pala Lok Carb-on Hype 2024 de formato diamante y punto dulce medio-alto. En cuanto acomposici\u00f3n, el material preponderante es el Carbono C6 que abarca toda la superficie de la pala mediante tres planos distintos. Este compuesto, junto con la tecnolog\u00eda Gradual Face para la reducci\u00f3n de la vibraci\u00f3n, completan una pala virtuosa en los golpes potentes. Adem\u00e1s, la disposici\u00f3n de los agujeros de la tecnolog\u00eda Dynamic Holes System trabaja tambi\u00e9n en la canalizaci\u00f3n de la potencia en el juego de ataque.\",\"breadcrumb\":{\"@id\":\"https:\\\/\\\/revolutionpadelstore.com\\\/it\\\/prodotto\\\/lok-carb-on-hype\\\/#breadcrumb\"},\"inLanguage\":\"it-IT\",\"potentialAction\":[{\"@type\":\"ReadAction\",\"target\":[\"https:\\\/\\\/revolutionpadelstore.com\\\/it\\\/prodotto\\\/lok-carb-on-hype\\\/\"]}]},{\"@type\":\"ImageObject\",\"inLanguage\":\"it-IT\",\"@id\":\"https:\\\/\\\/revolutionpadelstore.com\\\/it\\\/prodotto\\\/lok-carb-on-hype\\\/#primaryimage\",\"url\":\"https:\\\/\\\/revolutionpadelstore.com\\\/wp-content\\\/uploads\\\/2024\\\/04\\\/pala-lok-carb-on-hype-1-800x800-1.jpg\",\"contentUrl\":\"https:\\\/\\\/revolutionpadelstore.com\\\/wp-content\\\/uploads\\\/2024\\\/04\\\/pala-lok-carb-on-hype-1-800x800-1.jpg\",\"width\":800,\"height\":800},{\"@type\":\"BreadcrumbList\",\"@id\":\"https:\\\/\\\/revolutionpadelstore.com\\\/it\\\/prodotto\\\/lok-carb-on-hype\\\/#breadcrumb\",\"itemListElement\":[{\"@type\":\"ListItem\",\"position\":1,\"name\":\"Portada\",\"item\":\"https:\\\/\\\/revolutionpadelstore.com\\\/it\\\/\"},{\"@type\":\"ListItem\",\"position\":2,\"name\":\"Tienda\",\"item\":\"https:\\\/\\\/revolutionpadelstore.com\\\/it\\\/tienda\\\/\"},{\"@type\":\"ListItem\",\"position\":3,\"name\":\"LOK CARB-ON HYPE\"}]},{\"@type\":\"WebSite\",\"@id\":\"https:\\\/\\\/revolutionpadelstore.com\\\/it\\\/#website\",\"url\":\"https:\\\/\\\/revolutionpadelstore.com\\\/it\\\/\",\"name\":\"Revolution Padel Store\",\"description\":\"\",\"publisher\":{\"@id\":\"https:\\\/\\\/revolutionpadelstore.com\\\/it\\\/#organization\"},\"potentialAction\":[{\"@type\":\"SearchAction\",\"target\":{\"@type\":\"EntryPoint\",\"urlTemplate\":\"https:\\\/\\\/revolutionpadelstore.com\\\/it\\\/?s={search_term_string}\"},\"query-input\":{\"@type\":\"PropertyValueSpecification\",\"valueRequired\":true,\"valueName\":\"search_term_string\"}}],\"inLanguage\":\"it-IT\"},{\"@type\":\"Organization\",\"@id\":\"https:\\\/\\\/revolutionpadelstore.com\\\/it\\\/#organization\",\"name\":\"Revolution Padel Store\",\"url\":\"https:\\\/\\\/revolutionpadelstore.com\\\/it\\\/\",\"logo\":{\"@type\":\"ImageObject\",\"inLanguage\":\"it-IT\",\"@id\":\"https:\\\/\\\/revolutionpadelstore.com\\\/it\\\/#\\\/schema\\\/logo\\\/image\\\/\",\"url\":\"https:\\\/\\\/revolutionpadelstore.com\\\/wp-content\\\/uploads\\\/2026\\\/02\\\/revolution-padel-store.jpg\",\"contentUrl\":\"https:\\\/\\\/revolutionpadelstore.com\\\/wp-content\\\/uploads\\\/2026\\\/02\\\/revolution-padel-store.jpg\",\"width\":2000,\"height\":2000,\"caption\":\"Revolution Padel Store\"},\"image\":{\"@id\":\"https:\\\/\\\/revolutionpadelstore.com\\\/it\\\/#\\\/schema\\\/logo\\\/image\\\/\"},\"sameAs\":[\"https:\\\/\\\/www.instagram.com\\\/revolutionpadelstore\\\/\"]}]}<\/script>\n<!-- \/ Yoast SEO plugin. -->","yoast_head_json":{"title":"LOK CARB-ON HYPE - Revolution Padel Store","description":"Pala Lok Carb-on Hype 2024 de formato diamante y punto dulce medio-alto. En cuanto acomposici\u00f3n, el material preponderante es el Carbono C6 que abarca toda la superficie de la pala mediante tres planos distintos. Este compuesto, junto con la tecnolog\u00eda Gradual Face para la reducci\u00f3n de la vibraci\u00f3n, completan una pala virtuosa en los golpes potentes. Adem\u00e1s, la disposici\u00f3n de los agujeros de la tecnolog\u00eda Dynamic Holes System trabaja tambi\u00e9n en la canalizaci\u00f3n de la potencia en el juego de ataque.","robots":{"index":"index","follow":"follow","max-snippet":"max-snippet:-1","max-image-preview":"max-image-preview:large","max-video-preview":"max-video-preview:-1"},"canonical":"https:\/\/revolutionpadelstore.com\/it\/prodotto\/lok-carb-on-hype\/","og_locale":"it_IT","og_type":"article","og_title":"COMPRAR LOK CARB-ON HYPE","og_description":"Pala Lok Carb-on Hype 2024 de formato diamante y punto dulce medio-alto. En cuanto acomposici\u00f3n, el material preponderante es el Carbono C6 que abarca toda la superficie de la pala mediante tres planos distintos. Este compuesto, junto con la tecnolog\u00eda Gradual Face para la reducci\u00f3n de la vibraci\u00f3n, completan una pala virtuosa en los golpes potentes. Adem\u00e1s, la disposici\u00f3n de los agujeros de la tecnolog\u00eda Dynamic Holes System trabaja tambi\u00e9n en la canalizaci\u00f3n de la potencia en el juego de ataque.","og_url":"https:\/\/revolutionpadelstore.com\/it\/prodotto\/lok-carb-on-hype\/","og_site_name":"Revolution Padel Store","article_modified_time":"2026-04-01T08:57:59+00:00","og_image":[{"width":800,"height":800,"url":"https:\/\/revolutionpadelstore.com\/wp-content\/uploads\/2024\/04\/pala-lok-carb-on-hype-1-800x800-1.jpg","type":"image\/jpeg"}],"twitter_card":"summary_large_image","twitter_misc":{"Tempo di lettura stimato":"2 minuti"},"schema":{"@context":"https:\/\/schema.org","@graph":[{"@type":"WebPage","@id":"https:\/\/revolutionpadelstore.com\/it\/prodotto\/lok-carb-on-hype\/","url":"https:\/\/revolutionpadelstore.com\/it\/prodotto\/lok-carb-on-hype\/","name":"LOK CARB-ON HYPE - Revolution Padel Store","isPartOf":{"@id":"https:\/\/revolutionpadelstore.com\/it\/#website"},"primaryImageOfPage":{"@id":"https:\/\/revolutionpadelstore.com\/it\/prodotto\/lok-carb-on-hype\/#primaryimage"},"image":{"@id":"https:\/\/revolutionpadelstore.com\/it\/prodotto\/lok-carb-on-hype\/#primaryimage"},"thumbnailUrl":"https:\/\/revolutionpadelstore.com\/wp-content\/uploads\/2024\/04\/pala-lok-carb-on-hype-1-800x800-1.jpg","datePublished":"2024-04-11T06:17:24+00:00","dateModified":"2026-04-01T08:57:59+00:00","description":"Pala Lok Carb-on Hype 2024 de formato diamante y punto dulce medio-alto. En cuanto acomposici\u00f3n, el material preponderante es el Carbono C6 que abarca toda la superficie de la pala mediante tres planos distintos. Este compuesto, junto con la tecnolog\u00eda Gradual Face para la reducci\u00f3n de la vibraci\u00f3n, completan una pala virtuosa en los golpes potentes. Adem\u00e1s, la disposici\u00f3n de los agujeros de la tecnolog\u00eda Dynamic Holes System trabaja tambi\u00e9n en la canalizaci\u00f3n de la potencia en el juego de ataque.","breadcrumb":{"@id":"https:\/\/revolutionpadelstore.com\/it\/prodotto\/lok-carb-on-hype\/#breadcrumb"},"inLanguage":"it-IT","potentialAction":[{"@type":"ReadAction","target":["https:\/\/revolutionpadelstore.com\/it\/prodotto\/lok-carb-on-hype\/"]}]},{"@type":"ImageObject","inLanguage":"it-IT","@id":"https:\/\/revolutionpadelstore.com\/it\/prodotto\/lok-carb-on-hype\/#primaryimage","url":"https:\/\/revolutionpadelstore.com\/wp-content\/uploads\/2024\/04\/pala-lok-carb-on-hype-1-800x800-1.jpg","contentUrl":"https:\/\/revolutionpadelstore.com\/wp-content\/uploads\/2024\/04\/pala-lok-carb-on-hype-1-800x800-1.jpg","width":800,"height":800},{"@type":"BreadcrumbList","@id":"https:\/\/revolutionpadelstore.com\/it\/prodotto\/lok-carb-on-hype\/#breadcrumb","itemListElement":[{"@type":"ListItem","position":1,"name":"Portada","item":"https:\/\/revolutionpadelstore.com\/it\/"},{"@type":"ListItem","position":2,"name":"Tienda","item":"https:\/\/revolutionpadelstore.com\/it\/tienda\/"},{"@type":"ListItem","position":3,"name":"LOK CARB-ON HYPE"}]},{"@type":"WebSite","@id":"https:\/\/revolutionpadelstore.com\/it\/#website","url":"https:\/\/revolutionpadelstore.com\/it\/","name":"Revolution Padel Store","description":"","publisher":{"@id":"https:\/\/revolutionpadelstore.com\/it\/#organization"},"potentialAction":[{"@type":"SearchAction","target":{"@type":"EntryPoint","urlTemplate":"https:\/\/revolutionpadelstore.com\/it\/?s={search_term_string}"},"query-input":{"@type":"PropertyValueSpecification","valueRequired":true,"valueName":"search_term_string"}}],"inLanguage":"it-IT"},{"@type":"Organization","@id":"https:\/\/revolutionpadelstore.com\/it\/#organization","name":"Revolution Padel Store","url":"https:\/\/revolutionpadelstore.com\/it\/","logo":{"@type":"ImageObject","inLanguage":"it-IT","@id":"https:\/\/revolutionpadelstore.com\/it\/#\/schema\/logo\/image\/","url":"https:\/\/revolutionpadelstore.com\/wp-content\/uploads\/2026\/02\/revolution-padel-store.jpg","contentUrl":"https:\/\/revolutionpadelstore.com\/wp-content\/uploads\/2026\/02\/revolution-padel-store.jpg","width":2000,"height":2000,"caption":"Revolution Padel Store"},"image":{"@id":"https:\/\/revolutionpadelstore.com\/it\/#\/schema\/logo\/image\/"},"sameAs":["https:\/\/www.instagram.com\/revolutionpadelstore\/"]}]}},"_links":{"self":[{"href":"https:\/\/revolutionpadelstore.com\/it\/wp-json\/wp\/v2\/product\/19694","targetHints":{"allow":["GET"]}}],"collection":[{"href":"https:\/\/revolutionpadelstore.com\/it\/wp-json\/wp\/v2\/product"}],"about":[{"href":"https:\/\/revolutionpadelstore.com\/it\/wp-json\/wp\/v2\/types\/product"}],"replies":[{"embeddable":true,"href":"https:\/\/revolutionpadelstore.com\/it\/wp-json\/wp\/v2\/comments?post=19694"}],"wp:featuredmedia":[{"embeddable":true,"href":"https:\/\/revolutionpadelstore.com\/it\/wp-json\/wp\/v2\/media\/50111"}],"wp:attachment":[{"href":"https:\/\/revolutionpadelstore.com\/it\/wp-json\/wp\/v2\/media?parent=19694"}],"wp:term":[{"taxonomy":"acabado","embeddable":true,"href":"https:\/\/revolutionpadelstore.com\/it\/wp-json\/wp\/v2\/acabado?post=19694"},{"taxonomy":"balance","embeddable":true,"href":"https:\/\/revolutionpadelstore.com\/it\/wp-json\/wp\/v2\/balance?post=19694"},{"taxonomy":"dureza","embeddable":true,"href":"https:\/\/revolutionpadelstore.com\/it\/wp-json\/wp\/v2\/dureza?post=19694"},{"taxonomy":"forma","embeddable":true,"href":"https:\/\/revolutionpadelstore.com\/it\/wp-json\/wp\/v2\/forma?post=19694"},{"taxonomy":"jugador","embeddable":true,"href":"https:\/\/revolutionpadelstore.com\/it\/wp-json\/wp\/v2\/jugador?post=19694"},{"taxonomy":"marca","embeddable":true,"href":"https:\/\/revolutionpadelstore.com\/it\/wp-json\/wp\/v2\/marca?post=19694"},{"taxonomy":"nivel-de-juego","embeddable":true,"href":"https:\/\/revolutionpadelstore.com\/it\/wp-json\/wp\/v2\/nivel-de-juego?post=19694"},{"taxonomy":"superficie","embeddable":true,"href":"https:\/\/revolutionpadelstore.com\/it\/wp-json\/wp\/v2\/superficie?post=19694"},{"taxonomy":"tipo-de-juego","embeddable":true,"href":"https:\/\/revolutionpadelstore.com\/it\/wp-json\/wp\/v2\/tipo-de-juego?post=19694"},{"taxonomy":"product_brand","embeddable":true,"href":"https:\/\/revolutionpadelstore.com\/it\/wp-json\/wp\/v2\/product_brand?post=19694"},{"taxonomy":"product_cat","embeddable":true,"href":"https:\/\/revolutionpadelstore.com\/it\/wp-json\/wp\/v2\/product_cat?post=19694"},{"taxonomy":"product_tag","embeddable":true,"href":"https:\/\/revolutionpadelstore.com\/it\/wp-json\/wp\/v2\/product_tag?post=19694"}],"curies":[{"name":"wp","href":"https:\/\/api.w.org\/{rel}","templated":true}]}}