{"id":19689,"date":"2024-04-11T08:42:45","date_gmt":"2024-04-11T06:42:45","guid":{"rendered":"https:\/\/revolutionpadelstore.com\/head-extreme-pro-2023\/"},"modified":"2026-04-08T14:22:49","modified_gmt":"2026-04-08T12:22:49","slug":"head-extreme-pro-2023-4","status":"publish","type":"product","link":"https:\/\/revolutionpadelstore.com\/it\/prodotto\/head-extreme-pro-2023-4\/","title":{"rendered":"HEAD EXTREME PRO 2023"},"content":{"rendered":"<p>La massima potenza va di pari passo con un tocco e sensazioni impressionanti nella RACCHETTA PADEL EXTREME PRO.<br \/>\nQuesta racchetta a forma di diamante, progettata per giocatori avanzati e professionisti, \u00e8 stata realizzata con un nuovo stampo e incorpora la nuova tecnologia soft plug alla base del manico, che fornisce una maggiore sensazione di morbidezza nel gioco e riduce le vibrazioni.<br \/>\nL&#8217;innovativa tecnologia Auxetic offre potenza superiore e sensazione di impatto eccezionale, mentre la superficie di impatto ibrida in carbonio e fibra di vetro migliora la potenza e la sensazione.<br \/>\nPorta il tuo gioco al massimo con una racchetta che incorpora la tecnologia Extreme Spin, che moltiplica l&#8217;effetto della palla, oltre a un design esclusivo con colori sorprendenti.<\/p>\n<p>&#8211; Potenza estrema per giocatori avanzati e professionisti<br \/>\n&#8211; Nuovo stampo a forma di diamante<br \/>\n&#8211; Nuova tecnologia soft plug alla base dell&#8217;impugnatura<br \/>\n&#8211; Tecnologia auxetica per una potenza superiore e un tocco eccezionale<br \/>\n&#8211; Materiale ibrido sulla faccia, mix di carbonio e fibra di vetro, per una potenza superiore<br \/>\n&#8211; Tecnologia Extreme Spin per uno spin estremo<br \/>\n&#8211; Design a colori esclusivo<\/p>\n","protected":false},"excerpt":{"rendered":"<p>Racchetta Head Extreme Pro 2024, la racchetta pi\u00f9 potente della collezione 2024. La racchetta a forma di diamante \u00e8 destinata ai giocatori di livello avanzato o professionale. Come novit\u00e0 \u00e8 stato aggiunto un soft plug alla base dell&#8217;impugnatura, in grado di fornire una maggiore sensazione di morbidezza e ridurre le vibrazioni. Inoltre, grazie alla tecnologia Auxetic, la racchetta fornisce una potenza superiore e un&#8217;eccellente sensibilit\u00e0 durante il punteggio.<\/p>\n<p>La superficie \u00e8 un mix di carbonio e fibra di vetro. Inoltre, per gli amanti dello spin, Extreme Pro incorpora la tecnologia Extreme Spin.<\/p>\n","protected":false},"featured_media":50091,"comment_status":"open","ping_status":"closed","template":"","meta":{"_acf_changed":false,"_joinchat":[]},"acabado":[1086,1091],"balance":[1136],"dureza":[1161,1156],"forma":[1171],"jugador":[1201,1191],"marca":[1221],"nivel-de-juego":[1336,1346],"superficie":[1361],"tipo-de-juego":[1381,1391,1376],"product_brand":[],"product_cat":[301],"product_tag":[],"class_list":{"0":"post-19689","1":"product","2":"type-product","3":"status-publish","4":"has-post-thumbnail","6":"acabado-amico","7":"acabado-relieve-3d-it","8":"balance-alto-it","9":"dureza-dura-it","10":"dureza-media-it","11":"forma-diamante-it","12":"jugador-multiuso","13":"jugador-uomo","14":"marca-testa","15":"superficie-rugosa-it","16":"tipo-de-juego-attacca","17":"tipo-de-juego-avanzado-competicion-it","18":"tipo-de-juego-potenza","19":"product_cat-palas-de-padel-it","21":"first","22":"instock","23":"sale","24":"taxable","25":"shipping-taxable","26":"purchasable","27":"product-type-simple"},"acf":[],"yoast_head":"<!-- This site is optimized with the Yoast SEO plugin v27.4 - https:\/\/yoast.com\/product\/yoast-seo-wordpress\/ -->\n<title>HEAD EXTREME PRO 2023 - Revolution Padel Store<\/title>\n<meta name=\"description\" content=\"Pala Head Extreme Pro 2024, la pala m\u00e1s potente de la colecci\u00f3n 2024. La pala con forma de diamante est\u00e1 destinada a jugadores con un nivel avanzado o profesional. Como novedad, en la base de la empu\u00f1adura se ha a\u00f1adido un tap\u00f3n blando capaz de aportar una mayor sensaci\u00f3n de suavidad y disminuir las vibraciones.\" \/>\n<meta name=\"robots\" content=\"index, follow, max-snippet:-1, max-image-preview:large, max-video-preview:-1\" \/>\n<link rel=\"canonical\" href=\"https:\/\/revolutionpadelstore.com\/it\/prodotto\/head-extreme-pro-2023-4\/\" \/>\n<meta property=\"og:locale\" content=\"it_IT\" \/>\n<meta property=\"og:type\" content=\"article\" \/>\n<meta property=\"og:title\" content=\"COMPRAR HEAD EXTREME PRO 2023\" \/>\n<meta property=\"og:description\" content=\"Pala Head Extreme Pro 2024, la pala m\u00e1s potente de la colecci\u00f3n 2024. La pala con forma de diamante est\u00e1 destinada a jugadores con un nivel avanzado o profesional. Como novedad, en la base de la empu\u00f1adura se ha a\u00f1adido un tap\u00f3n blando capaz de aportar una mayor sensaci\u00f3n de suavidad y disminuir las vibraciones. Tambi\u00e9n, gracias a la tecnolog\u00eda Auxetic, la pala confiere una potencia superior y una excelente sensaci\u00f3n durante el goleo.La superficie es una mezcla de carbono y fibra de vidrio. Adem\u00e1s, para los amantes de los efectos, la Extreme Pro incorpora la tecnolog\u00eda Extreme Spin.\" \/>\n<meta property=\"og:url\" content=\"https:\/\/revolutionpadelstore.com\/it\/prodotto\/head-extreme-pro-2023-4\/\" \/>\n<meta property=\"og:site_name\" content=\"Revolution Padel Store\" \/>\n<meta property=\"article:modified_time\" content=\"2026-04-08T12:22:49+00:00\" \/>\n<meta property=\"og:image\" content=\"https:\/\/revolutionpadelstore.com\/wp-content\/uploads\/2024\/04\/pala-head-extreme-pro-2023-800x800-1.webp\" \/>\n\t<meta property=\"og:image:width\" content=\"800\" \/>\n\t<meta property=\"og:image:height\" content=\"800\" \/>\n\t<meta property=\"og:image:type\" content=\"image\/webp\" \/>\n<meta name=\"twitter:card\" content=\"summary_large_image\" \/>\n<meta name=\"twitter:label1\" content=\"Tempo di lettura stimato\" \/>\n\t<meta name=\"twitter:data1\" content=\"2 minuti\" \/>\n<script type=\"application\/ld+json\" class=\"yoast-schema-graph\">{\"@context\":\"https:\\\/\\\/schema.org\",\"@graph\":[{\"@type\":\"WebPage\",\"@id\":\"https:\\\/\\\/revolutionpadelstore.com\\\/it\\\/prodotto\\\/head-extreme-pro-2023-4\\\/\",\"url\":\"https:\\\/\\\/revolutionpadelstore.com\\\/it\\\/prodotto\\\/head-extreme-pro-2023-4\\\/\",\"name\":\"HEAD EXTREME PRO 2023 - Revolution Padel Store\",\"isPartOf\":{\"@id\":\"https:\\\/\\\/revolutionpadelstore.com\\\/it\\\/#website\"},\"primaryImageOfPage\":{\"@id\":\"https:\\\/\\\/revolutionpadelstore.com\\\/it\\\/prodotto\\\/head-extreme-pro-2023-4\\\/#primaryimage\"},\"image\":{\"@id\":\"https:\\\/\\\/revolutionpadelstore.com\\\/it\\\/prodotto\\\/head-extreme-pro-2023-4\\\/#primaryimage\"},\"thumbnailUrl\":\"https:\\\/\\\/revolutionpadelstore.com\\\/wp-content\\\/uploads\\\/2024\\\/04\\\/pala-head-extreme-pro-2023-800x800-1.webp\",\"datePublished\":\"2024-04-11T06:42:45+00:00\",\"dateModified\":\"2026-04-08T12:22:49+00:00\",\"description\":\"Pala Head Extreme Pro 2024, la pala m\u00e1s potente de la colecci\u00f3n 2024. La pala con forma de diamante est\u00e1 destinada a jugadores con un nivel avanzado o profesional. Como novedad, en la base de la empu\u00f1adura se ha a\u00f1adido un tap\u00f3n blando capaz de aportar una mayor sensaci\u00f3n de suavidad y disminuir las vibraciones.\",\"breadcrumb\":{\"@id\":\"https:\\\/\\\/revolutionpadelstore.com\\\/it\\\/prodotto\\\/head-extreme-pro-2023-4\\\/#breadcrumb\"},\"inLanguage\":\"it-IT\",\"potentialAction\":[{\"@type\":\"ReadAction\",\"target\":[\"https:\\\/\\\/revolutionpadelstore.com\\\/it\\\/prodotto\\\/head-extreme-pro-2023-4\\\/\"]}]},{\"@type\":\"ImageObject\",\"inLanguage\":\"it-IT\",\"@id\":\"https:\\\/\\\/revolutionpadelstore.com\\\/it\\\/prodotto\\\/head-extreme-pro-2023-4\\\/#primaryimage\",\"url\":\"https:\\\/\\\/revolutionpadelstore.com\\\/wp-content\\\/uploads\\\/2024\\\/04\\\/pala-head-extreme-pro-2023-800x800-1.webp\",\"contentUrl\":\"https:\\\/\\\/revolutionpadelstore.com\\\/wp-content\\\/uploads\\\/2024\\\/04\\\/pala-head-extreme-pro-2023-800x800-1.webp\",\"width\":800,\"height\":800},{\"@type\":\"BreadcrumbList\",\"@id\":\"https:\\\/\\\/revolutionpadelstore.com\\\/it\\\/prodotto\\\/head-extreme-pro-2023-4\\\/#breadcrumb\",\"itemListElement\":[{\"@type\":\"ListItem\",\"position\":1,\"name\":\"Portada\",\"item\":\"https:\\\/\\\/revolutionpadelstore.com\\\/it\\\/\"},{\"@type\":\"ListItem\",\"position\":2,\"name\":\"Tienda\",\"item\":\"https:\\\/\\\/revolutionpadelstore.com\\\/it\\\/tienda\\\/\"},{\"@type\":\"ListItem\",\"position\":3,\"name\":\"HEAD EXTREME PRO 2023\"}]},{\"@type\":\"WebSite\",\"@id\":\"https:\\\/\\\/revolutionpadelstore.com\\\/it\\\/#website\",\"url\":\"https:\\\/\\\/revolutionpadelstore.com\\\/it\\\/\",\"name\":\"Revolution Padel Store\",\"description\":\"\",\"publisher\":{\"@id\":\"https:\\\/\\\/revolutionpadelstore.com\\\/it\\\/#organization\"},\"potentialAction\":[{\"@type\":\"SearchAction\",\"target\":{\"@type\":\"EntryPoint\",\"urlTemplate\":\"https:\\\/\\\/revolutionpadelstore.com\\\/it\\\/?s={search_term_string}\"},\"query-input\":{\"@type\":\"PropertyValueSpecification\",\"valueRequired\":true,\"valueName\":\"search_term_string\"}}],\"inLanguage\":\"it-IT\"},{\"@type\":\"Organization\",\"@id\":\"https:\\\/\\\/revolutionpadelstore.com\\\/it\\\/#organization\",\"name\":\"Revolution Padel Store\",\"url\":\"https:\\\/\\\/revolutionpadelstore.com\\\/it\\\/\",\"logo\":{\"@type\":\"ImageObject\",\"inLanguage\":\"it-IT\",\"@id\":\"https:\\\/\\\/revolutionpadelstore.com\\\/it\\\/#\\\/schema\\\/logo\\\/image\\\/\",\"url\":\"https:\\\/\\\/revolutionpadelstore.com\\\/wp-content\\\/uploads\\\/2026\\\/02\\\/revolution-padel-store.jpg\",\"contentUrl\":\"https:\\\/\\\/revolutionpadelstore.com\\\/wp-content\\\/uploads\\\/2026\\\/02\\\/revolution-padel-store.jpg\",\"width\":2000,\"height\":2000,\"caption\":\"Revolution Padel Store\"},\"image\":{\"@id\":\"https:\\\/\\\/revolutionpadelstore.com\\\/it\\\/#\\\/schema\\\/logo\\\/image\\\/\"},\"sameAs\":[\"https:\\\/\\\/www.instagram.com\\\/revolutionpadelstore\\\/\"]}]}<\/script>\n<!-- \/ Yoast SEO plugin. -->","yoast_head_json":{"title":"HEAD EXTREME PRO 2023 - Revolution Padel Store","description":"Pala Head Extreme Pro 2024, la pala m\u00e1s potente de la colecci\u00f3n 2024. La pala con forma de diamante est\u00e1 destinada a jugadores con un nivel avanzado o profesional. Como novedad, en la base de la empu\u00f1adura se ha a\u00f1adido un tap\u00f3n blando capaz de aportar una mayor sensaci\u00f3n de suavidad y disminuir las vibraciones.","robots":{"index":"index","follow":"follow","max-snippet":"max-snippet:-1","max-image-preview":"max-image-preview:large","max-video-preview":"max-video-preview:-1"},"canonical":"https:\/\/revolutionpadelstore.com\/it\/prodotto\/head-extreme-pro-2023-4\/","og_locale":"it_IT","og_type":"article","og_title":"COMPRAR HEAD EXTREME PRO 2023","og_description":"Pala Head Extreme Pro 2024, la pala m\u00e1s potente de la colecci\u00f3n 2024. La pala con forma de diamante est\u00e1 destinada a jugadores con un nivel avanzado o profesional. Como novedad, en la base de la empu\u00f1adura se ha a\u00f1adido un tap\u00f3n blando capaz de aportar una mayor sensaci\u00f3n de suavidad y disminuir las vibraciones. Tambi\u00e9n, gracias a la tecnolog\u00eda Auxetic, la pala confiere una potencia superior y una excelente sensaci\u00f3n durante el goleo.La superficie es una mezcla de carbono y fibra de vidrio. Adem\u00e1s, para los amantes de los efectos, la Extreme Pro incorpora la tecnolog\u00eda Extreme Spin.","og_url":"https:\/\/revolutionpadelstore.com\/it\/prodotto\/head-extreme-pro-2023-4\/","og_site_name":"Revolution Padel Store","article_modified_time":"2026-04-08T12:22:49+00:00","og_image":[{"width":800,"height":800,"url":"https:\/\/revolutionpadelstore.com\/wp-content\/uploads\/2024\/04\/pala-head-extreme-pro-2023-800x800-1.webp","type":"image\/webp"}],"twitter_card":"summary_large_image","twitter_misc":{"Tempo di lettura stimato":"2 minuti"},"schema":{"@context":"https:\/\/schema.org","@graph":[{"@type":"WebPage","@id":"https:\/\/revolutionpadelstore.com\/it\/prodotto\/head-extreme-pro-2023-4\/","url":"https:\/\/revolutionpadelstore.com\/it\/prodotto\/head-extreme-pro-2023-4\/","name":"HEAD EXTREME PRO 2023 - Revolution Padel Store","isPartOf":{"@id":"https:\/\/revolutionpadelstore.com\/it\/#website"},"primaryImageOfPage":{"@id":"https:\/\/revolutionpadelstore.com\/it\/prodotto\/head-extreme-pro-2023-4\/#primaryimage"},"image":{"@id":"https:\/\/revolutionpadelstore.com\/it\/prodotto\/head-extreme-pro-2023-4\/#primaryimage"},"thumbnailUrl":"https:\/\/revolutionpadelstore.com\/wp-content\/uploads\/2024\/04\/pala-head-extreme-pro-2023-800x800-1.webp","datePublished":"2024-04-11T06:42:45+00:00","dateModified":"2026-04-08T12:22:49+00:00","description":"Pala Head Extreme Pro 2024, la pala m\u00e1s potente de la colecci\u00f3n 2024. La pala con forma de diamante est\u00e1 destinada a jugadores con un nivel avanzado o profesional. Como novedad, en la base de la empu\u00f1adura se ha a\u00f1adido un tap\u00f3n blando capaz de aportar una mayor sensaci\u00f3n de suavidad y disminuir las vibraciones.","breadcrumb":{"@id":"https:\/\/revolutionpadelstore.com\/it\/prodotto\/head-extreme-pro-2023-4\/#breadcrumb"},"inLanguage":"it-IT","potentialAction":[{"@type":"ReadAction","target":["https:\/\/revolutionpadelstore.com\/it\/prodotto\/head-extreme-pro-2023-4\/"]}]},{"@type":"ImageObject","inLanguage":"it-IT","@id":"https:\/\/revolutionpadelstore.com\/it\/prodotto\/head-extreme-pro-2023-4\/#primaryimage","url":"https:\/\/revolutionpadelstore.com\/wp-content\/uploads\/2024\/04\/pala-head-extreme-pro-2023-800x800-1.webp","contentUrl":"https:\/\/revolutionpadelstore.com\/wp-content\/uploads\/2024\/04\/pala-head-extreme-pro-2023-800x800-1.webp","width":800,"height":800},{"@type":"BreadcrumbList","@id":"https:\/\/revolutionpadelstore.com\/it\/prodotto\/head-extreme-pro-2023-4\/#breadcrumb","itemListElement":[{"@type":"ListItem","position":1,"name":"Portada","item":"https:\/\/revolutionpadelstore.com\/it\/"},{"@type":"ListItem","position":2,"name":"Tienda","item":"https:\/\/revolutionpadelstore.com\/it\/tienda\/"},{"@type":"ListItem","position":3,"name":"HEAD EXTREME PRO 2023"}]},{"@type":"WebSite","@id":"https:\/\/revolutionpadelstore.com\/it\/#website","url":"https:\/\/revolutionpadelstore.com\/it\/","name":"Revolution Padel Store","description":"","publisher":{"@id":"https:\/\/revolutionpadelstore.com\/it\/#organization"},"potentialAction":[{"@type":"SearchAction","target":{"@type":"EntryPoint","urlTemplate":"https:\/\/revolutionpadelstore.com\/it\/?s={search_term_string}"},"query-input":{"@type":"PropertyValueSpecification","valueRequired":true,"valueName":"search_term_string"}}],"inLanguage":"it-IT"},{"@type":"Organization","@id":"https:\/\/revolutionpadelstore.com\/it\/#organization","name":"Revolution Padel Store","url":"https:\/\/revolutionpadelstore.com\/it\/","logo":{"@type":"ImageObject","inLanguage":"it-IT","@id":"https:\/\/revolutionpadelstore.com\/it\/#\/schema\/logo\/image\/","url":"https:\/\/revolutionpadelstore.com\/wp-content\/uploads\/2026\/02\/revolution-padel-store.jpg","contentUrl":"https:\/\/revolutionpadelstore.com\/wp-content\/uploads\/2026\/02\/revolution-padel-store.jpg","width":2000,"height":2000,"caption":"Revolution Padel Store"},"image":{"@id":"https:\/\/revolutionpadelstore.com\/it\/#\/schema\/logo\/image\/"},"sameAs":["https:\/\/www.instagram.com\/revolutionpadelstore\/"]}]}},"_links":{"self":[{"href":"https:\/\/revolutionpadelstore.com\/it\/wp-json\/wp\/v2\/product\/19689","targetHints":{"allow":["GET"]}}],"collection":[{"href":"https:\/\/revolutionpadelstore.com\/it\/wp-json\/wp\/v2\/product"}],"about":[{"href":"https:\/\/revolutionpadelstore.com\/it\/wp-json\/wp\/v2\/types\/product"}],"replies":[{"embeddable":true,"href":"https:\/\/revolutionpadelstore.com\/it\/wp-json\/wp\/v2\/comments?post=19689"}],"wp:featuredmedia":[{"embeddable":true,"href":"https:\/\/revolutionpadelstore.com\/it\/wp-json\/wp\/v2\/media\/50091"}],"wp:attachment":[{"href":"https:\/\/revolutionpadelstore.com\/it\/wp-json\/wp\/v2\/media?parent=19689"}],"wp:term":[{"taxonomy":"acabado","embeddable":true,"href":"https:\/\/revolutionpadelstore.com\/it\/wp-json\/wp\/v2\/acabado?post=19689"},{"taxonomy":"balance","embeddable":true,"href":"https:\/\/revolutionpadelstore.com\/it\/wp-json\/wp\/v2\/balance?post=19689"},{"taxonomy":"dureza","embeddable":true,"href":"https:\/\/revolutionpadelstore.com\/it\/wp-json\/wp\/v2\/dureza?post=19689"},{"taxonomy":"forma","embeddable":true,"href":"https:\/\/revolutionpadelstore.com\/it\/wp-json\/wp\/v2\/forma?post=19689"},{"taxonomy":"jugador","embeddable":true,"href":"https:\/\/revolutionpadelstore.com\/it\/wp-json\/wp\/v2\/jugador?post=19689"},{"taxonomy":"marca","embeddable":true,"href":"https:\/\/revolutionpadelstore.com\/it\/wp-json\/wp\/v2\/marca?post=19689"},{"taxonomy":"nivel-de-juego","embeddable":true,"href":"https:\/\/revolutionpadelstore.com\/it\/wp-json\/wp\/v2\/nivel-de-juego?post=19689"},{"taxonomy":"superficie","embeddable":true,"href":"https:\/\/revolutionpadelstore.com\/it\/wp-json\/wp\/v2\/superficie?post=19689"},{"taxonomy":"tipo-de-juego","embeddable":true,"href":"https:\/\/revolutionpadelstore.com\/it\/wp-json\/wp\/v2\/tipo-de-juego?post=19689"},{"taxonomy":"product_brand","embeddable":true,"href":"https:\/\/revolutionpadelstore.com\/it\/wp-json\/wp\/v2\/product_brand?post=19689"},{"taxonomy":"product_cat","embeddable":true,"href":"https:\/\/revolutionpadelstore.com\/it\/wp-json\/wp\/v2\/product_cat?post=19689"},{"taxonomy":"product_tag","embeddable":true,"href":"https:\/\/revolutionpadelstore.com\/it\/wp-json\/wp\/v2\/product_tag?post=19689"}],"curies":[{"name":"wp","href":"https:\/\/api.w.org\/{rel}","templated":true}]}}