{"id":19679,"date":"2024-04-11T12:15:00","date_gmt":"2024-04-11T10:15:00","guid":{"rendered":"https:\/\/revolutionpadelstore.com\/siux-diablo-go-3\/"},"modified":"2026-04-08T14:21:32","modified_gmt":"2026-04-08T12:21:32","slug":"siux-diablo-go-3-4","status":"publish","type":"product","link":"https:\/\/revolutionpadelstore.com\/it\/prodotto\/siux-diablo-go-3-4\/","title":{"rendered":"SIUX DIABLO GO 3"},"content":{"rendered":"<h2>Siux Diablo Go 3, buon controllo nel colpire<\/h2>\n<p>Fresca della serie Go di Siux, arriva la nuova Diablo Go 3, una racchetta ibrida per giocatori di padel avanzati che cercano versatilit\u00e0 e adattabilit\u00e0 in ogni colpo.<\/p>\n<p>Per quanto riguarda il suo formato, presenta uno stampo ibrido e un bilanciamento medio, cos\u00ec il giocatore pu\u00f2 godere in ogni momento di potenza, precisione e controllo superiori. Ci\u00f2 ti consentir\u00e0 di adattarti a qualsiasi stile di gioco e situazione.<\/p>\n<p>Il suo peso leggero, compreso tra <strong>355 e 375 grammi<\/strong>, garantisce un&#8217;eccellente libert\u00e0 di movimento, agilit\u00e0 e velocit\u00e0 senza precedenti. Risponderai a tutti i tiri smorzati, anche se sei sulla linea di fondo.<\/p>\n<h2>Movimenti pi\u00f9 rapidi e precisi<\/h2>\n<p>I piani di questa racchetta <strong>Siux 2024<\/strong> hanno una finitura opaca e sono realizzati in <strong>3K Carbon<\/strong>, un materiale noto per la sua grande durata e resistenza, che garantisce l&#8217;integrit\u00e0 della racchetta, anche con un uso intenso.<\/p>\n<p>D&#8217;altra parte, nel nucleo troviamo la <strong>gomma EVA<\/strong>, una schiuma che offre un tocco confortevole e morbido e un&#8217;ottima resa della palla in qualsiasi stile di gioco. Fornisce versatilit\u00e0 e adattabilit\u00e0, poich\u00e9 si adatta alle esigenze sia dei giocatori pi\u00f9 aggressivi alla ricerca di potenza, sia dei giocatori difensivi alla ricerca di controllo.<\/p>\n<p>Il telaio tubolare \u00e8 realizzato con una combinazione di <strong>50% carbonio 3K e 50% fibra di vetro<\/strong>. Ci\u00f2 fornisce rigidit\u00e0 e durata eccezionali che aumentano la vita utile della racchetta resistendo agli impatti e all&#8217;usura pi\u00f9 intensi. Inoltre, consente un buon controllo e riduce al minimo le vibrazioni.<\/p>\n<h3>Comfort eccezionale<\/h3>\n<p>Allo stesso modo, incorpora la tecnologia <em><strong>Dampeners Shockout<\/strong><\/em>, ammortizzatori antivibranti responsabili di ridurre le vibrazioni fino al 60%, proteggendo le articolazioni da lesioni indesiderate.<\/p>\n<p>Il suo design trasuda <strong>potenza, energia ed eleganza<\/strong>, poich\u00e9 combina i colori nero e rosso, con alcuni dettagli bianchi. Si ottiene un&#8217;estetica attraente e moderna che attirer\u00e0 l&#8217;attenzione.<\/p>\n<h2>Siux Diablo Go 3, buen control en el golpeo<\/h2>\n","protected":false},"excerpt":{"rendered":"<p>Racchetta ibrida con equilibrio intermedio per giocatori di padel avanzati Siux Diablo Go 3. Nucleo in gomma EVA e facce in carbonio 3K che forniscono una buona uscita della palla e resistenza.<\/p>\n","protected":false},"featured_media":265989,"comment_status":"open","ping_status":"closed","template":"","meta":{"_acf_changed":false,"_joinchat":[]},"acabado":[1086],"balance":[1141],"dureza":[1156],"forma":[1176],"jugador":[1201,1191],"marca":[1306],"nivel-de-juego":[1351],"superficie":[1356],"tipo-de-juego":[1386],"product_brand":[],"product_cat":[301],"product_tag":[],"class_list":{"0":"post-19679","1":"product","2":"type-product","3":"status-publish","4":"has-post-thumbnail","6":"acabado-amico","7":"balance-medio-it","8":"dureza-media-it","9":"forma-ibrido","10":"jugador-multiuso","11":"jugador-uomo","12":"marca-siux-it","13":"superficie-lisa-it","14":"tipo-de-juego-multiuso","15":"product_cat-palas-de-padel-it","17":"first","18":"instock","19":"sale","20":"taxable","21":"shipping-taxable","22":"purchasable","23":"product-type-simple"},"acf":[],"yoast_head":"<!-- This site is optimized with the Yoast SEO plugin v27.4 - https:\/\/yoast.com\/product\/yoast-seo-wordpress\/ -->\n<title>SIUX DIABLO GO 3 - Revolution Padel Store<\/title>\n<meta name=\"description\" content=\"Pala h\u00edbrida con balance intermedio para jugadores de p\u00e1del avanzados Siux Diablo Go 3. N\u00facleo de goma EVA y caras de Carbono 3K que aporta buena salida de bola y resistencia.\" \/>\n<meta name=\"robots\" content=\"index, follow, max-snippet:-1, max-image-preview:large, max-video-preview:-1\" \/>\n<link rel=\"canonical\" href=\"https:\/\/revolutionpadelstore.com\/it\/prodotto\/siux-diablo-go-3-4\/\" \/>\n<meta property=\"og:locale\" content=\"it_IT\" \/>\n<meta property=\"og:type\" content=\"article\" \/>\n<meta property=\"og:title\" content=\"COMPRAR SIUX DIABLO GO 3\" \/>\n<meta property=\"og:description\" content=\"Pala h\u00edbrida con balance intermedio para jugadores de p\u00e1del avanzados Siux Diablo Go 3. N\u00facleo de goma EVA y caras de Carbono 3K que aporta buena salida de bola y resistencia.\" \/>\n<meta property=\"og:url\" content=\"https:\/\/revolutionpadelstore.com\/it\/prodotto\/siux-diablo-go-3-4\/\" \/>\n<meta property=\"og:site_name\" content=\"Revolution Padel Store\" \/>\n<meta property=\"article:modified_time\" content=\"2026-04-08T12:21:32+00:00\" \/>\n<meta property=\"og:image\" content=\"https:\/\/revolutionpadelstore.com\/wp-content\/uploads\/2024\/04\/109470_siux_diablo_go_3_1500x1500_vista1_06bd.webp\" \/>\n\t<meta property=\"og:image:width\" content=\"1500\" \/>\n\t<meta property=\"og:image:height\" content=\"1500\" \/>\n\t<meta property=\"og:image:type\" content=\"image\/webp\" \/>\n<meta name=\"twitter:card\" content=\"summary_large_image\" \/>\n<meta name=\"twitter:label1\" content=\"Tempo di lettura stimato\" \/>\n\t<meta name=\"twitter:data1\" content=\"2 minuti\" \/>\n<script type=\"application\/ld+json\" class=\"yoast-schema-graph\">{\"@context\":\"https:\\\/\\\/schema.org\",\"@graph\":[{\"@type\":\"WebPage\",\"@id\":\"https:\\\/\\\/revolutionpadelstore.com\\\/it\\\/prodotto\\\/siux-diablo-go-3-4\\\/\",\"url\":\"https:\\\/\\\/revolutionpadelstore.com\\\/it\\\/prodotto\\\/siux-diablo-go-3-4\\\/\",\"name\":\"SIUX DIABLO GO 3 - Revolution Padel Store\",\"isPartOf\":{\"@id\":\"https:\\\/\\\/revolutionpadelstore.com\\\/it\\\/#website\"},\"primaryImageOfPage\":{\"@id\":\"https:\\\/\\\/revolutionpadelstore.com\\\/it\\\/prodotto\\\/siux-diablo-go-3-4\\\/#primaryimage\"},\"image\":{\"@id\":\"https:\\\/\\\/revolutionpadelstore.com\\\/it\\\/prodotto\\\/siux-diablo-go-3-4\\\/#primaryimage\"},\"thumbnailUrl\":\"https:\\\/\\\/revolutionpadelstore.com\\\/wp-content\\\/uploads\\\/2024\\\/04\\\/109470_siux_diablo_go_3_1500x1500_vista1_06bd-1.webp\",\"datePublished\":\"2024-04-11T10:15:00+00:00\",\"dateModified\":\"2026-04-08T12:21:32+00:00\",\"description\":\"Pala h\u00edbrida con balance intermedio para jugadores de p\u00e1del avanzados Siux Diablo Go 3. N\u00facleo de goma EVA y caras de Carbono 3K que aporta buena salida de bola y resistencia.\",\"breadcrumb\":{\"@id\":\"https:\\\/\\\/revolutionpadelstore.com\\\/it\\\/prodotto\\\/siux-diablo-go-3-4\\\/#breadcrumb\"},\"inLanguage\":\"it-IT\",\"potentialAction\":[{\"@type\":\"ReadAction\",\"target\":[\"https:\\\/\\\/revolutionpadelstore.com\\\/it\\\/prodotto\\\/siux-diablo-go-3-4\\\/\"]}]},{\"@type\":\"ImageObject\",\"inLanguage\":\"it-IT\",\"@id\":\"https:\\\/\\\/revolutionpadelstore.com\\\/it\\\/prodotto\\\/siux-diablo-go-3-4\\\/#primaryimage\",\"url\":\"https:\\\/\\\/revolutionpadelstore.com\\\/wp-content\\\/uploads\\\/2024\\\/04\\\/109470_siux_diablo_go_3_1500x1500_vista1_06bd-1.webp\",\"contentUrl\":\"https:\\\/\\\/revolutionpadelstore.com\\\/wp-content\\\/uploads\\\/2024\\\/04\\\/109470_siux_diablo_go_3_1500x1500_vista1_06bd-1.webp\",\"width\":1500,\"height\":1500},{\"@type\":\"BreadcrumbList\",\"@id\":\"https:\\\/\\\/revolutionpadelstore.com\\\/it\\\/prodotto\\\/siux-diablo-go-3-4\\\/#breadcrumb\",\"itemListElement\":[{\"@type\":\"ListItem\",\"position\":1,\"name\":\"Portada\",\"item\":\"https:\\\/\\\/revolutionpadelstore.com\\\/it\\\/\"},{\"@type\":\"ListItem\",\"position\":2,\"name\":\"Tienda\",\"item\":\"https:\\\/\\\/revolutionpadelstore.com\\\/it\\\/tienda\\\/\"},{\"@type\":\"ListItem\",\"position\":3,\"name\":\"SIUX DIABLO GO 3\"}]},{\"@type\":\"WebSite\",\"@id\":\"https:\\\/\\\/revolutionpadelstore.com\\\/it\\\/#website\",\"url\":\"https:\\\/\\\/revolutionpadelstore.com\\\/it\\\/\",\"name\":\"Revolution Padel Store\",\"description\":\"\",\"publisher\":{\"@id\":\"https:\\\/\\\/revolutionpadelstore.com\\\/it\\\/#organization\"},\"potentialAction\":[{\"@type\":\"SearchAction\",\"target\":{\"@type\":\"EntryPoint\",\"urlTemplate\":\"https:\\\/\\\/revolutionpadelstore.com\\\/it\\\/?s={search_term_string}\"},\"query-input\":{\"@type\":\"PropertyValueSpecification\",\"valueRequired\":true,\"valueName\":\"search_term_string\"}}],\"inLanguage\":\"it-IT\"},{\"@type\":\"Organization\",\"@id\":\"https:\\\/\\\/revolutionpadelstore.com\\\/it\\\/#organization\",\"name\":\"Revolution Padel Store\",\"url\":\"https:\\\/\\\/revolutionpadelstore.com\\\/it\\\/\",\"logo\":{\"@type\":\"ImageObject\",\"inLanguage\":\"it-IT\",\"@id\":\"https:\\\/\\\/revolutionpadelstore.com\\\/it\\\/#\\\/schema\\\/logo\\\/image\\\/\",\"url\":\"https:\\\/\\\/revolutionpadelstore.com\\\/wp-content\\\/uploads\\\/2026\\\/02\\\/revolution-padel-store.jpg\",\"contentUrl\":\"https:\\\/\\\/revolutionpadelstore.com\\\/wp-content\\\/uploads\\\/2026\\\/02\\\/revolution-padel-store.jpg\",\"width\":2000,\"height\":2000,\"caption\":\"Revolution Padel Store\"},\"image\":{\"@id\":\"https:\\\/\\\/revolutionpadelstore.com\\\/it\\\/#\\\/schema\\\/logo\\\/image\\\/\"},\"sameAs\":[\"https:\\\/\\\/www.instagram.com\\\/revolutionpadelstore\\\/\"]}]}<\/script>\n<!-- \/ Yoast SEO plugin. -->","yoast_head_json":{"title":"SIUX DIABLO GO 3 - Revolution Padel Store","description":"Pala h\u00edbrida con balance intermedio para jugadores de p\u00e1del avanzados Siux Diablo Go 3. N\u00facleo de goma EVA y caras de Carbono 3K que aporta buena salida de bola y resistencia.","robots":{"index":"index","follow":"follow","max-snippet":"max-snippet:-1","max-image-preview":"max-image-preview:large","max-video-preview":"max-video-preview:-1"},"canonical":"https:\/\/revolutionpadelstore.com\/it\/prodotto\/siux-diablo-go-3-4\/","og_locale":"it_IT","og_type":"article","og_title":"COMPRAR SIUX DIABLO GO 3","og_description":"Pala h\u00edbrida con balance intermedio para jugadores de p\u00e1del avanzados Siux Diablo Go 3. N\u00facleo de goma EVA y caras de Carbono 3K que aporta buena salida de bola y resistencia.","og_url":"https:\/\/revolutionpadelstore.com\/it\/prodotto\/siux-diablo-go-3-4\/","og_site_name":"Revolution Padel Store","article_modified_time":"2026-04-08T12:21:32+00:00","og_image":[{"width":1500,"height":1500,"url":"https:\/\/revolutionpadelstore.com\/wp-content\/uploads\/2024\/04\/109470_siux_diablo_go_3_1500x1500_vista1_06bd.webp","type":"image\/webp"}],"twitter_card":"summary_large_image","twitter_misc":{"Tempo di lettura stimato":"2 minuti"},"schema":{"@context":"https:\/\/schema.org","@graph":[{"@type":"WebPage","@id":"https:\/\/revolutionpadelstore.com\/it\/prodotto\/siux-diablo-go-3-4\/","url":"https:\/\/revolutionpadelstore.com\/it\/prodotto\/siux-diablo-go-3-4\/","name":"SIUX DIABLO GO 3 - Revolution Padel Store","isPartOf":{"@id":"https:\/\/revolutionpadelstore.com\/it\/#website"},"primaryImageOfPage":{"@id":"https:\/\/revolutionpadelstore.com\/it\/prodotto\/siux-diablo-go-3-4\/#primaryimage"},"image":{"@id":"https:\/\/revolutionpadelstore.com\/it\/prodotto\/siux-diablo-go-3-4\/#primaryimage"},"thumbnailUrl":"https:\/\/revolutionpadelstore.com\/wp-content\/uploads\/2024\/04\/109470_siux_diablo_go_3_1500x1500_vista1_06bd-1.webp","datePublished":"2024-04-11T10:15:00+00:00","dateModified":"2026-04-08T12:21:32+00:00","description":"Pala h\u00edbrida con balance intermedio para jugadores de p\u00e1del avanzados Siux Diablo Go 3. N\u00facleo de goma EVA y caras de Carbono 3K que aporta buena salida de bola y resistencia.","breadcrumb":{"@id":"https:\/\/revolutionpadelstore.com\/it\/prodotto\/siux-diablo-go-3-4\/#breadcrumb"},"inLanguage":"it-IT","potentialAction":[{"@type":"ReadAction","target":["https:\/\/revolutionpadelstore.com\/it\/prodotto\/siux-diablo-go-3-4\/"]}]},{"@type":"ImageObject","inLanguage":"it-IT","@id":"https:\/\/revolutionpadelstore.com\/it\/prodotto\/siux-diablo-go-3-4\/#primaryimage","url":"https:\/\/revolutionpadelstore.com\/wp-content\/uploads\/2024\/04\/109470_siux_diablo_go_3_1500x1500_vista1_06bd-1.webp","contentUrl":"https:\/\/revolutionpadelstore.com\/wp-content\/uploads\/2024\/04\/109470_siux_diablo_go_3_1500x1500_vista1_06bd-1.webp","width":1500,"height":1500},{"@type":"BreadcrumbList","@id":"https:\/\/revolutionpadelstore.com\/it\/prodotto\/siux-diablo-go-3-4\/#breadcrumb","itemListElement":[{"@type":"ListItem","position":1,"name":"Portada","item":"https:\/\/revolutionpadelstore.com\/it\/"},{"@type":"ListItem","position":2,"name":"Tienda","item":"https:\/\/revolutionpadelstore.com\/it\/tienda\/"},{"@type":"ListItem","position":3,"name":"SIUX DIABLO GO 3"}]},{"@type":"WebSite","@id":"https:\/\/revolutionpadelstore.com\/it\/#website","url":"https:\/\/revolutionpadelstore.com\/it\/","name":"Revolution Padel Store","description":"","publisher":{"@id":"https:\/\/revolutionpadelstore.com\/it\/#organization"},"potentialAction":[{"@type":"SearchAction","target":{"@type":"EntryPoint","urlTemplate":"https:\/\/revolutionpadelstore.com\/it\/?s={search_term_string}"},"query-input":{"@type":"PropertyValueSpecification","valueRequired":true,"valueName":"search_term_string"}}],"inLanguage":"it-IT"},{"@type":"Organization","@id":"https:\/\/revolutionpadelstore.com\/it\/#organization","name":"Revolution Padel Store","url":"https:\/\/revolutionpadelstore.com\/it\/","logo":{"@type":"ImageObject","inLanguage":"it-IT","@id":"https:\/\/revolutionpadelstore.com\/it\/#\/schema\/logo\/image\/","url":"https:\/\/revolutionpadelstore.com\/wp-content\/uploads\/2026\/02\/revolution-padel-store.jpg","contentUrl":"https:\/\/revolutionpadelstore.com\/wp-content\/uploads\/2026\/02\/revolution-padel-store.jpg","width":2000,"height":2000,"caption":"Revolution Padel Store"},"image":{"@id":"https:\/\/revolutionpadelstore.com\/it\/#\/schema\/logo\/image\/"},"sameAs":["https:\/\/www.instagram.com\/revolutionpadelstore\/"]}]}},"_links":{"self":[{"href":"https:\/\/revolutionpadelstore.com\/it\/wp-json\/wp\/v2\/product\/19679","targetHints":{"allow":["GET"]}}],"collection":[{"href":"https:\/\/revolutionpadelstore.com\/it\/wp-json\/wp\/v2\/product"}],"about":[{"href":"https:\/\/revolutionpadelstore.com\/it\/wp-json\/wp\/v2\/types\/product"}],"replies":[{"embeddable":true,"href":"https:\/\/revolutionpadelstore.com\/it\/wp-json\/wp\/v2\/comments?post=19679"}],"wp:featuredmedia":[{"embeddable":true,"href":"https:\/\/revolutionpadelstore.com\/it\/wp-json\/wp\/v2\/media\/265989"}],"wp:attachment":[{"href":"https:\/\/revolutionpadelstore.com\/it\/wp-json\/wp\/v2\/media?parent=19679"}],"wp:term":[{"taxonomy":"acabado","embeddable":true,"href":"https:\/\/revolutionpadelstore.com\/it\/wp-json\/wp\/v2\/acabado?post=19679"},{"taxonomy":"balance","embeddable":true,"href":"https:\/\/revolutionpadelstore.com\/it\/wp-json\/wp\/v2\/balance?post=19679"},{"taxonomy":"dureza","embeddable":true,"href":"https:\/\/revolutionpadelstore.com\/it\/wp-json\/wp\/v2\/dureza?post=19679"},{"taxonomy":"forma","embeddable":true,"href":"https:\/\/revolutionpadelstore.com\/it\/wp-json\/wp\/v2\/forma?post=19679"},{"taxonomy":"jugador","embeddable":true,"href":"https:\/\/revolutionpadelstore.com\/it\/wp-json\/wp\/v2\/jugador?post=19679"},{"taxonomy":"marca","embeddable":true,"href":"https:\/\/revolutionpadelstore.com\/it\/wp-json\/wp\/v2\/marca?post=19679"},{"taxonomy":"nivel-de-juego","embeddable":true,"href":"https:\/\/revolutionpadelstore.com\/it\/wp-json\/wp\/v2\/nivel-de-juego?post=19679"},{"taxonomy":"superficie","embeddable":true,"href":"https:\/\/revolutionpadelstore.com\/it\/wp-json\/wp\/v2\/superficie?post=19679"},{"taxonomy":"tipo-de-juego","embeddable":true,"href":"https:\/\/revolutionpadelstore.com\/it\/wp-json\/wp\/v2\/tipo-de-juego?post=19679"},{"taxonomy":"product_brand","embeddable":true,"href":"https:\/\/revolutionpadelstore.com\/it\/wp-json\/wp\/v2\/product_brand?post=19679"},{"taxonomy":"product_cat","embeddable":true,"href":"https:\/\/revolutionpadelstore.com\/it\/wp-json\/wp\/v2\/product_cat?post=19679"},{"taxonomy":"product_tag","embeddable":true,"href":"https:\/\/revolutionpadelstore.com\/it\/wp-json\/wp\/v2\/product_tag?post=19679"}],"curies":[{"name":"wp","href":"https:\/\/api.w.org\/{rel}","templated":true}]}}