{"id":19204,"date":"2024-04-22T15:22:51","date_gmt":"2024-04-22T13:22:51","guid":{"rendered":"https:\/\/revolutionpadelstore.com\/pala-royal-padel-whip-polietileno-2024\/"},"modified":"2026-04-01T10:33:09","modified_gmt":"2026-04-01T08:33:09","slug":"pala-royal-padel-whip-polietileno-2024-4","status":"publish","type":"product","link":"https:\/\/revolutionpadelstore.com\/it\/prodotto\/pala-royal-padel-whip-polietileno-2024-4\/","title":{"rendered":"Pala Royal Padel Whip Polietileno 2024"},"content":{"rendered":"<p>Acquista la racchetta Royal Padel Whip Polyetilene 2024 su Revolution Padel Store: la migliore opzione per giocatori e controller tecnici. Su Revolution Padel Store troverai la racchetta perfetta per migliorare il tuo gioco: la Royal Padel Whip Polymethyl 2024. Questa incredibile racchetta ha un nucleo in gomma di polietilene per un recupero rapido e comfort nel gioco, che ti permetter\u00e0 di avere maggiore controllo e precisione. in ogni colpo.<\/p>\n<p> Inoltre, il suo stampo progettato appositamente per i giocatori tecnici ti dar\u00e0 un&#8217;eccellente potenza, mentre il suo elevato assorbimento delle vibrazioni grazie al doppio pilastro centrale nel cuore della racchetta ti garantir\u00e0 un maggiore comfort durante il gioco. Ma non \u00e8 tutto, la sua superficie ad effetto carta vetrata ti permetter\u00e0 di aggiungere pi\u00f9 rotazione a tutti i tuoi colpi, il che ti dar\u00e0 un vantaggio sui tuoi avversari.<\/p>\n<p> La racchetta Royal Padel Whip Polyetilene 2024 ha anche un telaio tubolare bidirezionale in fibra di vetro con rinforzi in carbonio, che la rende resistente e durevole. Inoltre, il suo sistema di assorbimento degli urti Absorption Shock nel cuore aperto della racchetta ti dar\u00e0 maggiore stabilit\u00e0 e controllo ad ogni colpo.<\/p>\n<p> Per quanto riguarda il piano, questa racchetta ha un nucleo in gomma di polietilene ultra morbido e due strati di tessuto in fibra di vetro alluminato Fiber Tech, che le conferisce un&#8217;eccellente combinazione di potenza e controllo. E la sua superficie con sistema a superficie ruvida, testata nella stagione 2022 in competizione, ha dimostrato ottimi risultati nel controllo dei colpi.<\/p>\n<p> Non aspettare oltre e acquista la racchetta Royal Padel Whip Polyetilene 2024 su Revolution Padel Store, il negozio specializzato in prodotti da padel. Affidati a noi e porta il tuo gioco al livello successivo con questa incredibile racchetta. Effettua subito il tuo acquisto e diventa un giocatore inarrestabile in campo!<\/p>\n","protected":false},"excerpt":{"rendered":"<p>Scopri la racchetta Royal Padel Whip Polyetilene 2024 nel negozio Revolution Padel. Progettato per giocatori tecnici con grande controllo e potenza.<\/p>\n","protected":false},"featured_media":4855,"comment_status":"closed","ping_status":"open","template":"","meta":{"_acf_changed":false,"_joinchat":[]},"acabado":[],"balance":[],"dureza":[],"forma":[],"jugador":[1201,1191],"marca":[1321],"nivel-de-juego":[],"superficie":[],"tipo-de-juego":[],"product_brand":[],"product_cat":[301],"product_tag":[],"class_list":{"0":"post-19204","1":"product","2":"type-product","3":"status-publish","4":"has-post-thumbnail","6":"jugador-multiuso","7":"jugador-uomo","8":"marca-muro-reale","9":"product_cat-palas-de-padel-it","11":"first","12":"instock","13":"sale","14":"taxable","15":"shipping-taxable","16":"purchasable","17":"product-type-simple"},"acf":[],"yoast_head":"<!-- This site is optimized with the Yoast SEO plugin v27.3 - https:\/\/yoast.com\/product\/yoast-seo-wordpress\/ -->\n<title>Pala Royal Padel Whip Polietileno 2024 - Revolution Padel Store<\/title>\n<meta name=\"description\" content=\"Descubre la Pala Royal Padel Whip Polietileno 2024 en Revolution Padel Store. Dise\u00f1ada para jugadores t\u00e9cnicos con gran control y potencia.\" \/>\n<meta name=\"robots\" content=\"index, follow, max-snippet:-1, max-image-preview:large, max-video-preview:-1\" \/>\n<link rel=\"canonical\" href=\"https:\/\/revolutionpadelstore.com\/it\/prodotto\/pala-royal-padel-whip-polietileno-2024-4\/\" \/>\n<meta property=\"og:locale\" content=\"it_IT\" \/>\n<meta property=\"og:type\" content=\"article\" \/>\n<meta property=\"og:title\" content=\"Pala Royal Padel Whip Polietileno 2024 - Revolution Padel Store\" \/>\n<meta property=\"og:description\" content=\"Descubre la Pala Royal Padel Whip Polietileno 2024 en Revolution Padel Store. Dise\u00f1ada para jugadores t\u00e9cnicos con gran control y potencia.\" \/>\n<meta property=\"og:url\" content=\"https:\/\/revolutionpadelstore.com\/it\/prodotto\/pala-royal-padel-whip-polietileno-2024-4\/\" \/>\n<meta property=\"og:site_name\" content=\"Revolution Padel Store\" \/>\n<meta property=\"article:modified_time\" content=\"2026-04-01T08:33:09+00:00\" \/>\n<meta property=\"og:image\" content=\"https:\/\/revolutionpadelstore.com\/wp-content\/uploads\/2024\/04\/17945-0-4.jpg\" \/>\n\t<meta property=\"og:image:width\" content=\"800\" \/>\n\t<meta property=\"og:image:height\" content=\"800\" \/>\n\t<meta property=\"og:image:type\" content=\"image\/png\" \/>\n<meta name=\"twitter:card\" content=\"summary_large_image\" \/>\n<meta name=\"twitter:label1\" content=\"Tempo di lettura stimato\" \/>\n\t<meta name=\"twitter:data1\" content=\"1 minuto\" \/>\n<script type=\"application\/ld+json\" class=\"yoast-schema-graph\">{\"@context\":\"https:\\\/\\\/schema.org\",\"@graph\":[{\"@type\":\"WebPage\",\"@id\":\"https:\\\/\\\/revolutionpadelstore.com\\\/it\\\/prodotto\\\/pala-royal-padel-whip-polietileno-2024-4\\\/\",\"url\":\"https:\\\/\\\/revolutionpadelstore.com\\\/it\\\/prodotto\\\/pala-royal-padel-whip-polietileno-2024-4\\\/\",\"name\":\"Pala Royal Padel Whip Polietileno 2024 - Revolution Padel Store\",\"isPartOf\":{\"@id\":\"https:\\\/\\\/revolutionpadelstore.com\\\/it\\\/#website\"},\"primaryImageOfPage\":{\"@id\":\"https:\\\/\\\/revolutionpadelstore.com\\\/it\\\/prodotto\\\/pala-royal-padel-whip-polietileno-2024-4\\\/#primaryimage\"},\"image\":{\"@id\":\"https:\\\/\\\/revolutionpadelstore.com\\\/it\\\/prodotto\\\/pala-royal-padel-whip-polietileno-2024-4\\\/#primaryimage\"},\"thumbnailUrl\":\"https:\\\/\\\/revolutionpadelstore.com\\\/wp-content\\\/uploads\\\/2024\\\/04\\\/17945-0-4.jpg\",\"datePublished\":\"2024-04-22T13:22:51+00:00\",\"dateModified\":\"2026-04-01T08:33:09+00:00\",\"description\":\"Descubre la Pala Royal Padel Whip Polietileno 2024 en Revolution Padel Store. Dise\u00f1ada para jugadores t\u00e9cnicos con gran control y potencia.\",\"breadcrumb\":{\"@id\":\"https:\\\/\\\/revolutionpadelstore.com\\\/it\\\/prodotto\\\/pala-royal-padel-whip-polietileno-2024-4\\\/#breadcrumb\"},\"inLanguage\":\"it-IT\",\"potentialAction\":[{\"@type\":\"ReadAction\",\"target\":[\"https:\\\/\\\/revolutionpadelstore.com\\\/it\\\/prodotto\\\/pala-royal-padel-whip-polietileno-2024-4\\\/\"]}]},{\"@type\":\"ImageObject\",\"inLanguage\":\"it-IT\",\"@id\":\"https:\\\/\\\/revolutionpadelstore.com\\\/it\\\/prodotto\\\/pala-royal-padel-whip-polietileno-2024-4\\\/#primaryimage\",\"url\":\"https:\\\/\\\/revolutionpadelstore.com\\\/wp-content\\\/uploads\\\/2024\\\/04\\\/17945-0-4.jpg\",\"contentUrl\":\"https:\\\/\\\/revolutionpadelstore.com\\\/wp-content\\\/uploads\\\/2024\\\/04\\\/17945-0-4.jpg\",\"width\":800,\"height\":800},{\"@type\":\"BreadcrumbList\",\"@id\":\"https:\\\/\\\/revolutionpadelstore.com\\\/it\\\/prodotto\\\/pala-royal-padel-whip-polietileno-2024-4\\\/#breadcrumb\",\"itemListElement\":[{\"@type\":\"ListItem\",\"position\":1,\"name\":\"Portada\",\"item\":\"https:\\\/\\\/revolutionpadelstore.com\\\/it\\\/\"},{\"@type\":\"ListItem\",\"position\":2,\"name\":\"Tienda\",\"item\":\"https:\\\/\\\/revolutionpadelstore.com\\\/it\\\/tienda\\\/\"},{\"@type\":\"ListItem\",\"position\":3,\"name\":\"Pala Royal Padel Whip Polietileno 2024\"}]},{\"@type\":\"WebSite\",\"@id\":\"https:\\\/\\\/revolutionpadelstore.com\\\/it\\\/#website\",\"url\":\"https:\\\/\\\/revolutionpadelstore.com\\\/it\\\/\",\"name\":\"Revolution Padel Store\",\"description\":\"\",\"publisher\":{\"@id\":\"https:\\\/\\\/revolutionpadelstore.com\\\/it\\\/#organization\"},\"potentialAction\":[{\"@type\":\"SearchAction\",\"target\":{\"@type\":\"EntryPoint\",\"urlTemplate\":\"https:\\\/\\\/revolutionpadelstore.com\\\/it\\\/?s={search_term_string}\"},\"query-input\":{\"@type\":\"PropertyValueSpecification\",\"valueRequired\":true,\"valueName\":\"search_term_string\"}}],\"inLanguage\":\"it-IT\"},{\"@type\":\"Organization\",\"@id\":\"https:\\\/\\\/revolutionpadelstore.com\\\/it\\\/#organization\",\"name\":\"Revolution Padel Store\",\"url\":\"https:\\\/\\\/revolutionpadelstore.com\\\/it\\\/\",\"logo\":{\"@type\":\"ImageObject\",\"inLanguage\":\"it-IT\",\"@id\":\"https:\\\/\\\/revolutionpadelstore.com\\\/it\\\/#\\\/schema\\\/logo\\\/image\\\/\",\"url\":\"https:\\\/\\\/revolutionpadelstore.com\\\/wp-content\\\/uploads\\\/2026\\\/02\\\/revolution-padel-store.jpg\",\"contentUrl\":\"https:\\\/\\\/revolutionpadelstore.com\\\/wp-content\\\/uploads\\\/2026\\\/02\\\/revolution-padel-store.jpg\",\"width\":2000,\"height\":2000,\"caption\":\"Revolution Padel Store\"},\"image\":{\"@id\":\"https:\\\/\\\/revolutionpadelstore.com\\\/it\\\/#\\\/schema\\\/logo\\\/image\\\/\"},\"sameAs\":[\"https:\\\/\\\/www.instagram.com\\\/revolutionpadelstore\\\/\"]}]}<\/script>\n<!-- \/ Yoast SEO plugin. -->","yoast_head_json":{"title":"Pala Royal Padel Whip Polietileno 2024 - Revolution Padel Store","description":"Descubre la Pala Royal Padel Whip Polietileno 2024 en Revolution Padel Store. Dise\u00f1ada para jugadores t\u00e9cnicos con gran control y potencia.","robots":{"index":"index","follow":"follow","max-snippet":"max-snippet:-1","max-image-preview":"max-image-preview:large","max-video-preview":"max-video-preview:-1"},"canonical":"https:\/\/revolutionpadelstore.com\/it\/prodotto\/pala-royal-padel-whip-polietileno-2024-4\/","og_locale":"it_IT","og_type":"article","og_title":"Pala Royal Padel Whip Polietileno 2024 - Revolution Padel Store","og_description":"Descubre la Pala Royal Padel Whip Polietileno 2024 en Revolution Padel Store. Dise\u00f1ada para jugadores t\u00e9cnicos con gran control y potencia.","og_url":"https:\/\/revolutionpadelstore.com\/it\/prodotto\/pala-royal-padel-whip-polietileno-2024-4\/","og_site_name":"Revolution Padel Store","article_modified_time":"2026-04-01T08:33:09+00:00","og_image":[{"width":800,"height":800,"url":"https:\/\/revolutionpadelstore.com\/wp-content\/uploads\/2024\/04\/17945-0-4.jpg","type":"image\/png"}],"twitter_card":"summary_large_image","twitter_misc":{"Tempo di lettura stimato":"1 minuto"},"schema":{"@context":"https:\/\/schema.org","@graph":[{"@type":"WebPage","@id":"https:\/\/revolutionpadelstore.com\/it\/prodotto\/pala-royal-padel-whip-polietileno-2024-4\/","url":"https:\/\/revolutionpadelstore.com\/it\/prodotto\/pala-royal-padel-whip-polietileno-2024-4\/","name":"Pala Royal Padel Whip Polietileno 2024 - Revolution Padel Store","isPartOf":{"@id":"https:\/\/revolutionpadelstore.com\/it\/#website"},"primaryImageOfPage":{"@id":"https:\/\/revolutionpadelstore.com\/it\/prodotto\/pala-royal-padel-whip-polietileno-2024-4\/#primaryimage"},"image":{"@id":"https:\/\/revolutionpadelstore.com\/it\/prodotto\/pala-royal-padel-whip-polietileno-2024-4\/#primaryimage"},"thumbnailUrl":"https:\/\/revolutionpadelstore.com\/wp-content\/uploads\/2024\/04\/17945-0-4.jpg","datePublished":"2024-04-22T13:22:51+00:00","dateModified":"2026-04-01T08:33:09+00:00","description":"Descubre la Pala Royal Padel Whip Polietileno 2024 en Revolution Padel Store. Dise\u00f1ada para jugadores t\u00e9cnicos con gran control y potencia.","breadcrumb":{"@id":"https:\/\/revolutionpadelstore.com\/it\/prodotto\/pala-royal-padel-whip-polietileno-2024-4\/#breadcrumb"},"inLanguage":"it-IT","potentialAction":[{"@type":"ReadAction","target":["https:\/\/revolutionpadelstore.com\/it\/prodotto\/pala-royal-padel-whip-polietileno-2024-4\/"]}]},{"@type":"ImageObject","inLanguage":"it-IT","@id":"https:\/\/revolutionpadelstore.com\/it\/prodotto\/pala-royal-padel-whip-polietileno-2024-4\/#primaryimage","url":"https:\/\/revolutionpadelstore.com\/wp-content\/uploads\/2024\/04\/17945-0-4.jpg","contentUrl":"https:\/\/revolutionpadelstore.com\/wp-content\/uploads\/2024\/04\/17945-0-4.jpg","width":800,"height":800},{"@type":"BreadcrumbList","@id":"https:\/\/revolutionpadelstore.com\/it\/prodotto\/pala-royal-padel-whip-polietileno-2024-4\/#breadcrumb","itemListElement":[{"@type":"ListItem","position":1,"name":"Portada","item":"https:\/\/revolutionpadelstore.com\/it\/"},{"@type":"ListItem","position":2,"name":"Tienda","item":"https:\/\/revolutionpadelstore.com\/it\/tienda\/"},{"@type":"ListItem","position":3,"name":"Pala Royal Padel Whip Polietileno 2024"}]},{"@type":"WebSite","@id":"https:\/\/revolutionpadelstore.com\/it\/#website","url":"https:\/\/revolutionpadelstore.com\/it\/","name":"Revolution Padel Store","description":"","publisher":{"@id":"https:\/\/revolutionpadelstore.com\/it\/#organization"},"potentialAction":[{"@type":"SearchAction","target":{"@type":"EntryPoint","urlTemplate":"https:\/\/revolutionpadelstore.com\/it\/?s={search_term_string}"},"query-input":{"@type":"PropertyValueSpecification","valueRequired":true,"valueName":"search_term_string"}}],"inLanguage":"it-IT"},{"@type":"Organization","@id":"https:\/\/revolutionpadelstore.com\/it\/#organization","name":"Revolution Padel Store","url":"https:\/\/revolutionpadelstore.com\/it\/","logo":{"@type":"ImageObject","inLanguage":"it-IT","@id":"https:\/\/revolutionpadelstore.com\/it\/#\/schema\/logo\/image\/","url":"https:\/\/revolutionpadelstore.com\/wp-content\/uploads\/2026\/02\/revolution-padel-store.jpg","contentUrl":"https:\/\/revolutionpadelstore.com\/wp-content\/uploads\/2026\/02\/revolution-padel-store.jpg","width":2000,"height":2000,"caption":"Revolution Padel Store"},"image":{"@id":"https:\/\/revolutionpadelstore.com\/it\/#\/schema\/logo\/image\/"},"sameAs":["https:\/\/www.instagram.com\/revolutionpadelstore\/"]}]}},"_links":{"self":[{"href":"https:\/\/revolutionpadelstore.com\/it\/wp-json\/wp\/v2\/product\/19204","targetHints":{"allow":["GET"]}}],"collection":[{"href":"https:\/\/revolutionpadelstore.com\/it\/wp-json\/wp\/v2\/product"}],"about":[{"href":"https:\/\/revolutionpadelstore.com\/it\/wp-json\/wp\/v2\/types\/product"}],"replies":[{"embeddable":true,"href":"https:\/\/revolutionpadelstore.com\/it\/wp-json\/wp\/v2\/comments?post=19204"}],"wp:featuredmedia":[{"embeddable":true,"href":"https:\/\/revolutionpadelstore.com\/it\/wp-json\/wp\/v2\/media\/4855"}],"wp:attachment":[{"href":"https:\/\/revolutionpadelstore.com\/it\/wp-json\/wp\/v2\/media?parent=19204"}],"wp:term":[{"taxonomy":"acabado","embeddable":true,"href":"https:\/\/revolutionpadelstore.com\/it\/wp-json\/wp\/v2\/acabado?post=19204"},{"taxonomy":"balance","embeddable":true,"href":"https:\/\/revolutionpadelstore.com\/it\/wp-json\/wp\/v2\/balance?post=19204"},{"taxonomy":"dureza","embeddable":true,"href":"https:\/\/revolutionpadelstore.com\/it\/wp-json\/wp\/v2\/dureza?post=19204"},{"taxonomy":"forma","embeddable":true,"href":"https:\/\/revolutionpadelstore.com\/it\/wp-json\/wp\/v2\/forma?post=19204"},{"taxonomy":"jugador","embeddable":true,"href":"https:\/\/revolutionpadelstore.com\/it\/wp-json\/wp\/v2\/jugador?post=19204"},{"taxonomy":"marca","embeddable":true,"href":"https:\/\/revolutionpadelstore.com\/it\/wp-json\/wp\/v2\/marca?post=19204"},{"taxonomy":"nivel-de-juego","embeddable":true,"href":"https:\/\/revolutionpadelstore.com\/it\/wp-json\/wp\/v2\/nivel-de-juego?post=19204"},{"taxonomy":"superficie","embeddable":true,"href":"https:\/\/revolutionpadelstore.com\/it\/wp-json\/wp\/v2\/superficie?post=19204"},{"taxonomy":"tipo-de-juego","embeddable":true,"href":"https:\/\/revolutionpadelstore.com\/it\/wp-json\/wp\/v2\/tipo-de-juego?post=19204"},{"taxonomy":"product_brand","embeddable":true,"href":"https:\/\/revolutionpadelstore.com\/it\/wp-json\/wp\/v2\/product_brand?post=19204"},{"taxonomy":"product_cat","embeddable":true,"href":"https:\/\/revolutionpadelstore.com\/it\/wp-json\/wp\/v2\/product_cat?post=19204"},{"taxonomy":"product_tag","embeddable":true,"href":"https:\/\/revolutionpadelstore.com\/it\/wp-json\/wp\/v2\/product_tag?post=19204"}],"curies":[{"name":"wp","href":"https:\/\/api.w.org\/{rel}","templated":true}]}}