{"id":181485,"date":"2025-02-15T23:30:20","date_gmt":"2025-02-15T22:30:20","guid":{"rendered":"https:\/\/revolutionpadelstore.com\/paletero-bullpadel-tour-negro-005\/"},"modified":"2026-04-01T04:41:13","modified_gmt":"2026-04-01T02:41:13","slug":"paletero-bullpadel-tour-negro-005-4","status":"publish","type":"product","link":"https:\/\/revolutionpadelstore.com\/it\/prodotto\/paletero-bullpadel-tour-negro-005-4\/","title":{"rendered":"PALETERO BULLPADEL TOUR NEGRO 005"},"content":{"rendered":"<h2> Paletero Bullpadel BPP-25015 Resistenza e funzionalit\u00e0 neri per i giocatori esigenti <\/h2>\n<p>Il <strong> Paletero BullPadel BPP-2515 Black <\/strong> \u00e8 la scelta perfetta per coloro che cercano qualit\u00e0, praticit\u00e0 e un design moderno in un unico prodotto. Progettato con materiali durevoli e dimensioni compatte, questo paletero ti consente di trasportare tutto essenziale per la formazione e le competizioni con comfort e stile totali.<\/p>\n<h2> Caratteristiche principali: <\/h2>\n<p><strong> materiale resistente <\/strong>: prodotto con poliestere 600D, noto per la sua durata e leggerezza, ideale per l&#8217;uso quotidiano.<\/p>\n<p><strong> -Prattica Dimensions <\/strong>: con misure di 56x29x28 cm, offre una capacit\u00e0 intermedia che si adatta perfettamente alle esigenze di qualsiasi giocatore.<\/p>\n<p><strong> -funzionali compartimenti <\/strong>:<\/p>\n<p>-Amplio compartimento principale per abiti da negozio, asciugamani e accessori.<\/p>\n<p>-Coat cibo che protegge fino a <strong> 2 pale lame <\/strong> davanti a colpi e graffi.<\/p>\n<p>-Prest di accesso backbolsillo, perfetto per oggetti personali come mobili, chiavi o bottiglie d&#8217;acqua.<\/p>\n<p><strong> -Geromic Design <\/strong>: la sua struttura compatta e confortevole facilita il trasporto e garantisce un&#8217;esperienza funzionale.<\/p>\n<h2> Vantaggi chiave: <\/h2>\n<p><strong> -Douety e Premium Protection <\/strong>: materiali di alta qualit\u00e0 garantiscono resistenza all&#8217;usura, mentre il vano imbottito protegge le lame.<\/p>\n<p><strong> -comodity in ogni utilizzo <\/strong>: progettato per offrire un trasporto confortevole grazie alla sua leggerezza e distribuzione ottimale dello spazio.<\/p>\n<p><strong> -Modern e versatile stil <\/strong>: il suo elegante tono grigio scuro si combina con qualsiasi attrezzatura, rendendo questo paletero un complemento indispensabile a qualsiasi giocatore.<\/p>\n<p>Con il <strong> bullpadel BPP-25015 Black Tour <\/strong>, portare la tua squadra sar\u00e0 pi\u00f9 facile e pi\u00f9 sicuro che mai. Il suo design funzionale e i materiali premium lo rendono l&#8217;opzione migliore per i giocatori che cercano qualit\u00e0 e praticit\u00e0.<\/p>\n<p>Disponibile ora nel nostro negozio online <a href=\"http:\/\/www.revolutionpadelstore.com\/\"> www.revolutionpadelstore.com <\/a> <\/strong>, probabilmente al miglior prezzo di mercato. Ottieni il tuo e fai la differenza dentro e fuori dalla pista!<\/p>\n<h2>Paletero Bullpadel BPP-25015 Negro \u2013 Resistencia y funcionalidad para jugadores exigentes<\/h2>\n","protected":false},"excerpt":{"rendered":"<p>Il bullpadel Paletero BPP25015 in Navy Blue \u00e8 progettato per trasportare fino a due pale in modo comodo e sicuro grazie al suo scompartimento imbottito. Prodotto con poliestere nella sua composizione<\/p>\n","protected":false},"featured_media":170699,"comment_status":"open","ping_status":"closed","template":"","meta":{"_acf_changed":false,"_joinchat":[]},"acabado":[],"balance":[],"dureza":[],"forma":[],"jugador":[],"marca":[1256],"nivel-de-juego":[],"superficie":[],"tipo-de-juego":[],"product_brand":[],"product_cat":[318],"product_tag":[],"class_list":{"0":"post-181485","1":"product","2":"type-product","3":"status-publish","4":"has-post-thumbnail","6":"marca-bullpadel-it","7":"product_cat-borse","9":"first","10":"instock","11":"sale","12":"taxable","13":"shipping-taxable","14":"purchasable","15":"product-type-simple"},"acf":[],"yoast_head":"<!-- This site is optimized with the Yoast SEO plugin v27.3 - https:\/\/yoast.com\/product\/yoast-seo-wordpress\/ -->\n<title>PALETERO BULLPADEL TOUR NEGRO 005 - Revolution Padel Store<\/title>\n<meta name=\"description\" content=\"Disponible ahora en\u00a0nuestra tienda online\u00a0www.revolutionpadelstore.com, probablemente al mejor precio del mercado. \u00a1Hazte con el tuyo y marca la diferencia dentro y fuera de la pista!\" \/>\n<meta name=\"robots\" content=\"index, follow, max-snippet:-1, max-image-preview:large, max-video-preview:-1\" \/>\n<link rel=\"canonical\" href=\"https:\/\/revolutionpadelstore.com\/it\/prodotto\/paletero-bullpadel-tour-negro-005-4\/\" \/>\n<meta property=\"og:locale\" content=\"it_IT\" \/>\n<meta property=\"og:type\" content=\"article\" \/>\n<meta property=\"og:title\" content=\"PALETERO BULLPADEL TOUR NEGRO 005 - Revolution Padel Store\" \/>\n<meta property=\"og:description\" content=\"Disponible ahora en\u00a0nuestra tienda online\u00a0www.revolutionpadelstore.com, probablemente al mejor precio del mercado. \u00a1Hazte con el tuyo y marca la diferencia dentro y fuera de la pista!\" \/>\n<meta property=\"og:url\" content=\"https:\/\/revolutionpadelstore.com\/it\/prodotto\/paletero-bullpadel-tour-negro-005-4\/\" \/>\n<meta property=\"og:site_name\" content=\"Revolution Padel Store\" \/>\n<meta property=\"article:modified_time\" content=\"2026-04-01T02:41:13+00:00\" \/>\n<meta property=\"og:image\" content=\"https:\/\/revolutionpadelstore.com\/wp-content\/uploads\/2025\/02\/113814-paletero-bullpadel-bpp25015-tour-448157-_1500x1500-2.webp\" \/>\n\t<meta property=\"og:image:width\" content=\"1500\" \/>\n\t<meta property=\"og:image:height\" content=\"1500\" \/>\n\t<meta property=\"og:image:type\" content=\"image\/webp\" \/>\n<meta name=\"twitter:card\" content=\"summary_large_image\" \/>\n<meta name=\"twitter:label1\" content=\"Tempo di lettura stimato\" \/>\n\t<meta name=\"twitter:data1\" content=\"2 minuti\" \/>\n<script type=\"application\/ld+json\" class=\"yoast-schema-graph\">{\"@context\":\"https:\\\/\\\/schema.org\",\"@graph\":[{\"@type\":\"WebPage\",\"@id\":\"https:\\\/\\\/revolutionpadelstore.com\\\/it\\\/prodotto\\\/paletero-bullpadel-tour-negro-005-4\\\/\",\"url\":\"https:\\\/\\\/revolutionpadelstore.com\\\/it\\\/prodotto\\\/paletero-bullpadel-tour-negro-005-4\\\/\",\"name\":\"PALETERO BULLPADEL TOUR NEGRO 005 - Revolution Padel Store\",\"isPartOf\":{\"@id\":\"https:\\\/\\\/revolutionpadelstore.com\\\/it\\\/#website\"},\"primaryImageOfPage\":{\"@id\":\"https:\\\/\\\/revolutionpadelstore.com\\\/it\\\/prodotto\\\/paletero-bullpadel-tour-negro-005-4\\\/#primaryimage\"},\"image\":{\"@id\":\"https:\\\/\\\/revolutionpadelstore.com\\\/it\\\/prodotto\\\/paletero-bullpadel-tour-negro-005-4\\\/#primaryimage\"},\"thumbnailUrl\":\"https:\\\/\\\/revolutionpadelstore.com\\\/wp-content\\\/uploads\\\/2025\\\/02\\\/113814-paletero-bullpadel-bpp25015-tour-448157-_1500x1500-2.webp\",\"datePublished\":\"2025-02-15T22:30:20+00:00\",\"dateModified\":\"2026-04-01T02:41:13+00:00\",\"description\":\"Disponible ahora en\u00a0nuestra tienda online\u00a0www.revolutionpadelstore.com, probablemente al mejor precio del mercado. \u00a1Hazte con el tuyo y marca la diferencia dentro y fuera de la pista!\",\"breadcrumb\":{\"@id\":\"https:\\\/\\\/revolutionpadelstore.com\\\/it\\\/prodotto\\\/paletero-bullpadel-tour-negro-005-4\\\/#breadcrumb\"},\"inLanguage\":\"it-IT\",\"potentialAction\":[{\"@type\":\"ReadAction\",\"target\":[\"https:\\\/\\\/revolutionpadelstore.com\\\/it\\\/prodotto\\\/paletero-bullpadel-tour-negro-005-4\\\/\"]}]},{\"@type\":\"ImageObject\",\"inLanguage\":\"it-IT\",\"@id\":\"https:\\\/\\\/revolutionpadelstore.com\\\/it\\\/prodotto\\\/paletero-bullpadel-tour-negro-005-4\\\/#primaryimage\",\"url\":\"https:\\\/\\\/revolutionpadelstore.com\\\/wp-content\\\/uploads\\\/2025\\\/02\\\/113814-paletero-bullpadel-bpp25015-tour-448157-_1500x1500-2.webp\",\"contentUrl\":\"https:\\\/\\\/revolutionpadelstore.com\\\/wp-content\\\/uploads\\\/2025\\\/02\\\/113814-paletero-bullpadel-bpp25015-tour-448157-_1500x1500-2.webp\",\"width\":1500,\"height\":1500},{\"@type\":\"BreadcrumbList\",\"@id\":\"https:\\\/\\\/revolutionpadelstore.com\\\/it\\\/prodotto\\\/paletero-bullpadel-tour-negro-005-4\\\/#breadcrumb\",\"itemListElement\":[{\"@type\":\"ListItem\",\"position\":1,\"name\":\"Portada\",\"item\":\"https:\\\/\\\/revolutionpadelstore.com\\\/it\\\/\"},{\"@type\":\"ListItem\",\"position\":2,\"name\":\"Tienda\",\"item\":\"https:\\\/\\\/revolutionpadelstore.com\\\/it\\\/tienda\\\/\"},{\"@type\":\"ListItem\",\"position\":3,\"name\":\"PALETERO BULLPADEL TOUR NEGRO 005\"}]},{\"@type\":\"WebSite\",\"@id\":\"https:\\\/\\\/revolutionpadelstore.com\\\/it\\\/#website\",\"url\":\"https:\\\/\\\/revolutionpadelstore.com\\\/it\\\/\",\"name\":\"Revolution Padel Store\",\"description\":\"\",\"publisher\":{\"@id\":\"https:\\\/\\\/revolutionpadelstore.com\\\/it\\\/#organization\"},\"potentialAction\":[{\"@type\":\"SearchAction\",\"target\":{\"@type\":\"EntryPoint\",\"urlTemplate\":\"https:\\\/\\\/revolutionpadelstore.com\\\/it\\\/?s={search_term_string}\"},\"query-input\":{\"@type\":\"PropertyValueSpecification\",\"valueRequired\":true,\"valueName\":\"search_term_string\"}}],\"inLanguage\":\"it-IT\"},{\"@type\":\"Organization\",\"@id\":\"https:\\\/\\\/revolutionpadelstore.com\\\/it\\\/#organization\",\"name\":\"Revolution Padel Store\",\"url\":\"https:\\\/\\\/revolutionpadelstore.com\\\/it\\\/\",\"logo\":{\"@type\":\"ImageObject\",\"inLanguage\":\"it-IT\",\"@id\":\"https:\\\/\\\/revolutionpadelstore.com\\\/it\\\/#\\\/schema\\\/logo\\\/image\\\/\",\"url\":\"https:\\\/\\\/revolutionpadelstore.com\\\/wp-content\\\/uploads\\\/2026\\\/02\\\/revolution-padel-store.jpg\",\"contentUrl\":\"https:\\\/\\\/revolutionpadelstore.com\\\/wp-content\\\/uploads\\\/2026\\\/02\\\/revolution-padel-store.jpg\",\"width\":2000,\"height\":2000,\"caption\":\"Revolution Padel Store\"},\"image\":{\"@id\":\"https:\\\/\\\/revolutionpadelstore.com\\\/it\\\/#\\\/schema\\\/logo\\\/image\\\/\"},\"sameAs\":[\"https:\\\/\\\/www.instagram.com\\\/revolutionpadelstore\\\/\"]}]}<\/script>\n<!-- \/ Yoast SEO plugin. -->","yoast_head_json":{"title":"PALETERO BULLPADEL TOUR NEGRO 005 - Revolution Padel Store","description":"Disponible ahora en\u00a0nuestra tienda online\u00a0www.revolutionpadelstore.com, probablemente al mejor precio del mercado. \u00a1Hazte con el tuyo y marca la diferencia dentro y fuera de la pista!","robots":{"index":"index","follow":"follow","max-snippet":"max-snippet:-1","max-image-preview":"max-image-preview:large","max-video-preview":"max-video-preview:-1"},"canonical":"https:\/\/revolutionpadelstore.com\/it\/prodotto\/paletero-bullpadel-tour-negro-005-4\/","og_locale":"it_IT","og_type":"article","og_title":"PALETERO BULLPADEL TOUR NEGRO 005 - Revolution Padel Store","og_description":"Disponible ahora en\u00a0nuestra tienda online\u00a0www.revolutionpadelstore.com, probablemente al mejor precio del mercado. \u00a1Hazte con el tuyo y marca la diferencia dentro y fuera de la pista!","og_url":"https:\/\/revolutionpadelstore.com\/it\/prodotto\/paletero-bullpadel-tour-negro-005-4\/","og_site_name":"Revolution Padel Store","article_modified_time":"2026-04-01T02:41:13+00:00","og_image":[{"width":1500,"height":1500,"url":"https:\/\/revolutionpadelstore.com\/wp-content\/uploads\/2025\/02\/113814-paletero-bullpadel-bpp25015-tour-448157-_1500x1500-2.webp","type":"image\/webp"}],"twitter_card":"summary_large_image","twitter_misc":{"Tempo di lettura stimato":"2 minuti"},"schema":{"@context":"https:\/\/schema.org","@graph":[{"@type":"WebPage","@id":"https:\/\/revolutionpadelstore.com\/it\/prodotto\/paletero-bullpadel-tour-negro-005-4\/","url":"https:\/\/revolutionpadelstore.com\/it\/prodotto\/paletero-bullpadel-tour-negro-005-4\/","name":"PALETERO BULLPADEL TOUR NEGRO 005 - Revolution Padel Store","isPartOf":{"@id":"https:\/\/revolutionpadelstore.com\/it\/#website"},"primaryImageOfPage":{"@id":"https:\/\/revolutionpadelstore.com\/it\/prodotto\/paletero-bullpadel-tour-negro-005-4\/#primaryimage"},"image":{"@id":"https:\/\/revolutionpadelstore.com\/it\/prodotto\/paletero-bullpadel-tour-negro-005-4\/#primaryimage"},"thumbnailUrl":"https:\/\/revolutionpadelstore.com\/wp-content\/uploads\/2025\/02\/113814-paletero-bullpadel-bpp25015-tour-448157-_1500x1500-2.webp","datePublished":"2025-02-15T22:30:20+00:00","dateModified":"2026-04-01T02:41:13+00:00","description":"Disponible ahora en\u00a0nuestra tienda online\u00a0www.revolutionpadelstore.com, probablemente al mejor precio del mercado. \u00a1Hazte con el tuyo y marca la diferencia dentro y fuera de la pista!","breadcrumb":{"@id":"https:\/\/revolutionpadelstore.com\/it\/prodotto\/paletero-bullpadel-tour-negro-005-4\/#breadcrumb"},"inLanguage":"it-IT","potentialAction":[{"@type":"ReadAction","target":["https:\/\/revolutionpadelstore.com\/it\/prodotto\/paletero-bullpadel-tour-negro-005-4\/"]}]},{"@type":"ImageObject","inLanguage":"it-IT","@id":"https:\/\/revolutionpadelstore.com\/it\/prodotto\/paletero-bullpadel-tour-negro-005-4\/#primaryimage","url":"https:\/\/revolutionpadelstore.com\/wp-content\/uploads\/2025\/02\/113814-paletero-bullpadel-bpp25015-tour-448157-_1500x1500-2.webp","contentUrl":"https:\/\/revolutionpadelstore.com\/wp-content\/uploads\/2025\/02\/113814-paletero-bullpadel-bpp25015-tour-448157-_1500x1500-2.webp","width":1500,"height":1500},{"@type":"BreadcrumbList","@id":"https:\/\/revolutionpadelstore.com\/it\/prodotto\/paletero-bullpadel-tour-negro-005-4\/#breadcrumb","itemListElement":[{"@type":"ListItem","position":1,"name":"Portada","item":"https:\/\/revolutionpadelstore.com\/it\/"},{"@type":"ListItem","position":2,"name":"Tienda","item":"https:\/\/revolutionpadelstore.com\/it\/tienda\/"},{"@type":"ListItem","position":3,"name":"PALETERO BULLPADEL TOUR NEGRO 005"}]},{"@type":"WebSite","@id":"https:\/\/revolutionpadelstore.com\/it\/#website","url":"https:\/\/revolutionpadelstore.com\/it\/","name":"Revolution Padel Store","description":"","publisher":{"@id":"https:\/\/revolutionpadelstore.com\/it\/#organization"},"potentialAction":[{"@type":"SearchAction","target":{"@type":"EntryPoint","urlTemplate":"https:\/\/revolutionpadelstore.com\/it\/?s={search_term_string}"},"query-input":{"@type":"PropertyValueSpecification","valueRequired":true,"valueName":"search_term_string"}}],"inLanguage":"it-IT"},{"@type":"Organization","@id":"https:\/\/revolutionpadelstore.com\/it\/#organization","name":"Revolution Padel Store","url":"https:\/\/revolutionpadelstore.com\/it\/","logo":{"@type":"ImageObject","inLanguage":"it-IT","@id":"https:\/\/revolutionpadelstore.com\/it\/#\/schema\/logo\/image\/","url":"https:\/\/revolutionpadelstore.com\/wp-content\/uploads\/2026\/02\/revolution-padel-store.jpg","contentUrl":"https:\/\/revolutionpadelstore.com\/wp-content\/uploads\/2026\/02\/revolution-padel-store.jpg","width":2000,"height":2000,"caption":"Revolution Padel Store"},"image":{"@id":"https:\/\/revolutionpadelstore.com\/it\/#\/schema\/logo\/image\/"},"sameAs":["https:\/\/www.instagram.com\/revolutionpadelstore\/"]}]}},"_links":{"self":[{"href":"https:\/\/revolutionpadelstore.com\/it\/wp-json\/wp\/v2\/product\/181485","targetHints":{"allow":["GET"]}}],"collection":[{"href":"https:\/\/revolutionpadelstore.com\/it\/wp-json\/wp\/v2\/product"}],"about":[{"href":"https:\/\/revolutionpadelstore.com\/it\/wp-json\/wp\/v2\/types\/product"}],"replies":[{"embeddable":true,"href":"https:\/\/revolutionpadelstore.com\/it\/wp-json\/wp\/v2\/comments?post=181485"}],"wp:featuredmedia":[{"embeddable":true,"href":"https:\/\/revolutionpadelstore.com\/it\/wp-json\/wp\/v2\/media\/170699"}],"wp:attachment":[{"href":"https:\/\/revolutionpadelstore.com\/it\/wp-json\/wp\/v2\/media?parent=181485"}],"wp:term":[{"taxonomy":"acabado","embeddable":true,"href":"https:\/\/revolutionpadelstore.com\/it\/wp-json\/wp\/v2\/acabado?post=181485"},{"taxonomy":"balance","embeddable":true,"href":"https:\/\/revolutionpadelstore.com\/it\/wp-json\/wp\/v2\/balance?post=181485"},{"taxonomy":"dureza","embeddable":true,"href":"https:\/\/revolutionpadelstore.com\/it\/wp-json\/wp\/v2\/dureza?post=181485"},{"taxonomy":"forma","embeddable":true,"href":"https:\/\/revolutionpadelstore.com\/it\/wp-json\/wp\/v2\/forma?post=181485"},{"taxonomy":"jugador","embeddable":true,"href":"https:\/\/revolutionpadelstore.com\/it\/wp-json\/wp\/v2\/jugador?post=181485"},{"taxonomy":"marca","embeddable":true,"href":"https:\/\/revolutionpadelstore.com\/it\/wp-json\/wp\/v2\/marca?post=181485"},{"taxonomy":"nivel-de-juego","embeddable":true,"href":"https:\/\/revolutionpadelstore.com\/it\/wp-json\/wp\/v2\/nivel-de-juego?post=181485"},{"taxonomy":"superficie","embeddable":true,"href":"https:\/\/revolutionpadelstore.com\/it\/wp-json\/wp\/v2\/superficie?post=181485"},{"taxonomy":"tipo-de-juego","embeddable":true,"href":"https:\/\/revolutionpadelstore.com\/it\/wp-json\/wp\/v2\/tipo-de-juego?post=181485"},{"taxonomy":"product_brand","embeddable":true,"href":"https:\/\/revolutionpadelstore.com\/it\/wp-json\/wp\/v2\/product_brand?post=181485"},{"taxonomy":"product_cat","embeddable":true,"href":"https:\/\/revolutionpadelstore.com\/it\/wp-json\/wp\/v2\/product_cat?post=181485"},{"taxonomy":"product_tag","embeddable":true,"href":"https:\/\/revolutionpadelstore.com\/it\/wp-json\/wp\/v2\/product_tag?post=181485"}],"curies":[{"name":"wp","href":"https:\/\/api.w.org\/{rel}","templated":true}]}}