{"id":17839,"date":"2024-04-22T15:23:14","date_gmt":"2024-04-22T13:23:14","guid":{"rendered":"https:\/\/revolutionpadelstore.com\/zapatillas-bullpadel-performance-grip-24v-blanco\/"},"modified":"2026-04-08T13:07:28","modified_gmt":"2026-04-08T11:07:28","slug":"zapatillas-bullpadel-performance-grip-24v-blanco-4","status":"publish","type":"product","link":"https:\/\/revolutionpadelstore.com\/it\/prodotto\/zapatillas-bullpadel-performance-grip-24v-blanco-4\/","title":{"rendered":"Zapatillas Bullpadel Performance Grip 24V Blanco"},"content":{"rendered":"<p>Acquista le migliori scarpe Bullpadel Performance Grip nel negozio Revolution Padel. Se sei un appassionato giocatore di paddle e stai cercando calzature che ti diano un&#8217;eccellente presa sul campo, allora le scarpe bianche Bullpadel Performance Grip 24V sono l&#8217;opzione perfetta per te. Pensate per giocatori di ogni livello, queste scarpe si distinguono per la suola in pura spina di pesce che garantisce un grip eccezionale su ogni tipo di superficie.<\/p>\n<p> Ma non \u00e8 tutto, queste scarpe sono dotate anche del sistema ROTOX, che ti permetter\u00e0 di effettuare curve in modo pi\u00f9 fluido ed efficiente, raggiungendo un perfetto equilibrio tra aderenza e mobilit\u00e0. Ideali per i campi con pi\u00f9 sabbia, le scarpe bianche Bullpadel Performance Grip 24V ti daranno la stabilit\u00e0 e la trazione necessarie per scivolare con sicurezza sul campo.<\/p>\n<p> Su Revolution Padel Store, il nostro negozio specializzato in articoli da padel, puoi trovare le scarpe Bullpadel Performance Grip 24V White e tanti altri prodotti della marca Bullpadel, riconosciuta per la sua qualit\u00e0 e performance nel mondo del padel. Non aspettare oltre e acquista subito le tue scarpe Bullpadel Performance Grip su Revolution Padel Store, dove troverai i migliori prezzi e un&#8217;ampia variet\u00e0 di prodotti per goderti al massimo questo sport. Acquistali e senti la differenza nel tuo gioco!<\/p>\n","protected":false},"excerpt":{"rendered":"<p>Scopri le scarpe Bullpadel Performance Grip 24V White nel Revolution Padel Store, ideali per una presa ottimale in campo.<\/p>\n","protected":false},"featured_media":45257,"comment_status":"closed","ping_status":"closed","template":"","meta":{"_acf_changed":false,"_joinchat":[]},"acabado":[],"balance":[],"dureza":[],"forma":[],"jugador":[1191],"marca":[1256],"nivel-de-juego":[1336,1341,1346],"superficie":[],"tipo-de-juego":[1371,1376],"product_brand":[],"product_cat":[404],"product_tag":[],"class_list":{"0":"post-17839","1":"product","2":"type-product","3":"status-publish","4":"has-post-thumbnail","6":"jugador-uomo","7":"marca-bullpadel-it","8":"tipo-de-juego-controllo","9":"tipo-de-juego-potenza","10":"product_cat-sneakers-da-uomo","12":"first","13":"outofstock","14":"taxable","15":"shipping-taxable","16":"purchasable","17":"product-type-variable"},"acf":[],"yoast_head":"<!-- This site is optimized with the Yoast SEO plugin v27.4 - https:\/\/yoast.com\/product\/yoast-seo-wordpress\/ -->\n<title>Zapatillas Bullpadel Performance Grip 24V Blanco - Revolution Padel Store<\/title>\n<meta name=\"description\" content=\"Descubre las zapatillas Bullpadel Performance Grip 24V Blanco en Revolution Padel Store, ideales para un \u00f3ptimo agarre en la pista.\" \/>\n<meta name=\"robots\" content=\"index, follow, max-snippet:-1, max-image-preview:large, max-video-preview:-1\" \/>\n<link rel=\"canonical\" href=\"https:\/\/revolutionpadelstore.com\/it\/prodotto\/zapatillas-bullpadel-performance-grip-24v-blanco-4\/\" \/>\n<meta property=\"og:locale\" content=\"it_IT\" \/>\n<meta property=\"og:type\" content=\"article\" \/>\n<meta property=\"og:title\" content=\"Zapatillas Bullpadel Performance Grip 24V Blanco - Revolution Padel Store\" \/>\n<meta property=\"og:description\" content=\"Descubre las zapatillas Bullpadel Performance Grip 24V Blanco en Revolution Padel Store, ideales para un \u00f3ptimo agarre en la pista.\" \/>\n<meta property=\"og:url\" content=\"https:\/\/revolutionpadelstore.com\/it\/prodotto\/zapatillas-bullpadel-performance-grip-24v-blanco-4\/\" \/>\n<meta property=\"og:site_name\" content=\"Revolution Padel Store\" \/>\n<meta property=\"article:modified_time\" content=\"2026-04-08T11:07:28+00:00\" \/>\n<meta property=\"og:image\" content=\"https:\/\/revolutionpadelstore.com\/wp-content\/uploads\/2024\/04\/18974-0-4.jpg\" \/>\n\t<meta property=\"og:image:width\" content=\"800\" \/>\n\t<meta property=\"og:image:height\" content=\"800\" \/>\n\t<meta property=\"og:image:type\" content=\"image\/png\" \/>\n<meta name=\"twitter:card\" content=\"summary_large_image\" \/>\n<meta name=\"twitter:label1\" content=\"Tempo di lettura stimato\" \/>\n\t<meta name=\"twitter:data1\" content=\"1 minuto\" \/>\n<script type=\"application\/ld+json\" class=\"yoast-schema-graph\">{\"@context\":\"https:\\\/\\\/schema.org\",\"@graph\":[{\"@type\":\"WebPage\",\"@id\":\"https:\\\/\\\/revolutionpadelstore.com\\\/it\\\/prodotto\\\/zapatillas-bullpadel-performance-grip-24v-blanco-4\\\/\",\"url\":\"https:\\\/\\\/revolutionpadelstore.com\\\/it\\\/prodotto\\\/zapatillas-bullpadel-performance-grip-24v-blanco-4\\\/\",\"name\":\"Zapatillas Bullpadel Performance Grip 24V Blanco - Revolution Padel Store\",\"isPartOf\":{\"@id\":\"https:\\\/\\\/revolutionpadelstore.com\\\/it\\\/#website\"},\"primaryImageOfPage\":{\"@id\":\"https:\\\/\\\/revolutionpadelstore.com\\\/it\\\/prodotto\\\/zapatillas-bullpadel-performance-grip-24v-blanco-4\\\/#primaryimage\"},\"image\":{\"@id\":\"https:\\\/\\\/revolutionpadelstore.com\\\/it\\\/prodotto\\\/zapatillas-bullpadel-performance-grip-24v-blanco-4\\\/#primaryimage\"},\"thumbnailUrl\":\"https:\\\/\\\/revolutionpadelstore.com\\\/wp-content\\\/uploads\\\/2024\\\/04\\\/18974-0-4.jpg\",\"datePublished\":\"2024-04-22T13:23:14+00:00\",\"dateModified\":\"2026-04-08T11:07:28+00:00\",\"description\":\"Descubre las zapatillas Bullpadel Performance Grip 24V Blanco en Revolution Padel Store, ideales para un \u00f3ptimo agarre en la pista.\",\"breadcrumb\":{\"@id\":\"https:\\\/\\\/revolutionpadelstore.com\\\/it\\\/prodotto\\\/zapatillas-bullpadel-performance-grip-24v-blanco-4\\\/#breadcrumb\"},\"inLanguage\":\"it-IT\",\"potentialAction\":[{\"@type\":\"ReadAction\",\"target\":[\"https:\\\/\\\/revolutionpadelstore.com\\\/it\\\/prodotto\\\/zapatillas-bullpadel-performance-grip-24v-blanco-4\\\/\"]}]},{\"@type\":\"ImageObject\",\"inLanguage\":\"it-IT\",\"@id\":\"https:\\\/\\\/revolutionpadelstore.com\\\/it\\\/prodotto\\\/zapatillas-bullpadel-performance-grip-24v-blanco-4\\\/#primaryimage\",\"url\":\"https:\\\/\\\/revolutionpadelstore.com\\\/wp-content\\\/uploads\\\/2024\\\/04\\\/18974-0-4.jpg\",\"contentUrl\":\"https:\\\/\\\/revolutionpadelstore.com\\\/wp-content\\\/uploads\\\/2024\\\/04\\\/18974-0-4.jpg\",\"width\":800,\"height\":800},{\"@type\":\"BreadcrumbList\",\"@id\":\"https:\\\/\\\/revolutionpadelstore.com\\\/it\\\/prodotto\\\/zapatillas-bullpadel-performance-grip-24v-blanco-4\\\/#breadcrumb\",\"itemListElement\":[{\"@type\":\"ListItem\",\"position\":1,\"name\":\"Portada\",\"item\":\"https:\\\/\\\/revolutionpadelstore.com\\\/it\\\/\"},{\"@type\":\"ListItem\",\"position\":2,\"name\":\"Tienda\",\"item\":\"https:\\\/\\\/revolutionpadelstore.com\\\/it\\\/tienda\\\/\"},{\"@type\":\"ListItem\",\"position\":3,\"name\":\"Zapatillas Bullpadel Performance Grip 24V Blanco\"}]},{\"@type\":\"WebSite\",\"@id\":\"https:\\\/\\\/revolutionpadelstore.com\\\/it\\\/#website\",\"url\":\"https:\\\/\\\/revolutionpadelstore.com\\\/it\\\/\",\"name\":\"Revolution Padel Store\",\"description\":\"\",\"publisher\":{\"@id\":\"https:\\\/\\\/revolutionpadelstore.com\\\/it\\\/#organization\"},\"potentialAction\":[{\"@type\":\"SearchAction\",\"target\":{\"@type\":\"EntryPoint\",\"urlTemplate\":\"https:\\\/\\\/revolutionpadelstore.com\\\/it\\\/?s={search_term_string}\"},\"query-input\":{\"@type\":\"PropertyValueSpecification\",\"valueRequired\":true,\"valueName\":\"search_term_string\"}}],\"inLanguage\":\"it-IT\"},{\"@type\":\"Organization\",\"@id\":\"https:\\\/\\\/revolutionpadelstore.com\\\/it\\\/#organization\",\"name\":\"Revolution Padel Store\",\"url\":\"https:\\\/\\\/revolutionpadelstore.com\\\/it\\\/\",\"logo\":{\"@type\":\"ImageObject\",\"inLanguage\":\"it-IT\",\"@id\":\"https:\\\/\\\/revolutionpadelstore.com\\\/it\\\/#\\\/schema\\\/logo\\\/image\\\/\",\"url\":\"https:\\\/\\\/revolutionpadelstore.com\\\/wp-content\\\/uploads\\\/2026\\\/02\\\/revolution-padel-store.jpg\",\"contentUrl\":\"https:\\\/\\\/revolutionpadelstore.com\\\/wp-content\\\/uploads\\\/2026\\\/02\\\/revolution-padel-store.jpg\",\"width\":2000,\"height\":2000,\"caption\":\"Revolution Padel Store\"},\"image\":{\"@id\":\"https:\\\/\\\/revolutionpadelstore.com\\\/it\\\/#\\\/schema\\\/logo\\\/image\\\/\"},\"sameAs\":[\"https:\\\/\\\/www.instagram.com\\\/revolutionpadelstore\\\/\"]}]}<\/script>\n<!-- \/ Yoast SEO plugin. -->","yoast_head_json":{"title":"Zapatillas Bullpadel Performance Grip 24V Blanco - Revolution Padel Store","description":"Descubre las zapatillas Bullpadel Performance Grip 24V Blanco en Revolution Padel Store, ideales para un \u00f3ptimo agarre en la pista.","robots":{"index":"index","follow":"follow","max-snippet":"max-snippet:-1","max-image-preview":"max-image-preview:large","max-video-preview":"max-video-preview:-1"},"canonical":"https:\/\/revolutionpadelstore.com\/it\/prodotto\/zapatillas-bullpadel-performance-grip-24v-blanco-4\/","og_locale":"it_IT","og_type":"article","og_title":"Zapatillas Bullpadel Performance Grip 24V Blanco - Revolution Padel Store","og_description":"Descubre las zapatillas Bullpadel Performance Grip 24V Blanco en Revolution Padel Store, ideales para un \u00f3ptimo agarre en la pista.","og_url":"https:\/\/revolutionpadelstore.com\/it\/prodotto\/zapatillas-bullpadel-performance-grip-24v-blanco-4\/","og_site_name":"Revolution Padel Store","article_modified_time":"2026-04-08T11:07:28+00:00","og_image":[{"width":800,"height":800,"url":"https:\/\/revolutionpadelstore.com\/wp-content\/uploads\/2024\/04\/18974-0-4.jpg","type":"image\/png"}],"twitter_card":"summary_large_image","twitter_misc":{"Tempo di lettura stimato":"1 minuto"},"schema":{"@context":"https:\/\/schema.org","@graph":[{"@type":"WebPage","@id":"https:\/\/revolutionpadelstore.com\/it\/prodotto\/zapatillas-bullpadel-performance-grip-24v-blanco-4\/","url":"https:\/\/revolutionpadelstore.com\/it\/prodotto\/zapatillas-bullpadel-performance-grip-24v-blanco-4\/","name":"Zapatillas Bullpadel Performance Grip 24V Blanco - Revolution Padel Store","isPartOf":{"@id":"https:\/\/revolutionpadelstore.com\/it\/#website"},"primaryImageOfPage":{"@id":"https:\/\/revolutionpadelstore.com\/it\/prodotto\/zapatillas-bullpadel-performance-grip-24v-blanco-4\/#primaryimage"},"image":{"@id":"https:\/\/revolutionpadelstore.com\/it\/prodotto\/zapatillas-bullpadel-performance-grip-24v-blanco-4\/#primaryimage"},"thumbnailUrl":"https:\/\/revolutionpadelstore.com\/wp-content\/uploads\/2024\/04\/18974-0-4.jpg","datePublished":"2024-04-22T13:23:14+00:00","dateModified":"2026-04-08T11:07:28+00:00","description":"Descubre las zapatillas Bullpadel Performance Grip 24V Blanco en Revolution Padel Store, ideales para un \u00f3ptimo agarre en la pista.","breadcrumb":{"@id":"https:\/\/revolutionpadelstore.com\/it\/prodotto\/zapatillas-bullpadel-performance-grip-24v-blanco-4\/#breadcrumb"},"inLanguage":"it-IT","potentialAction":[{"@type":"ReadAction","target":["https:\/\/revolutionpadelstore.com\/it\/prodotto\/zapatillas-bullpadel-performance-grip-24v-blanco-4\/"]}]},{"@type":"ImageObject","inLanguage":"it-IT","@id":"https:\/\/revolutionpadelstore.com\/it\/prodotto\/zapatillas-bullpadel-performance-grip-24v-blanco-4\/#primaryimage","url":"https:\/\/revolutionpadelstore.com\/wp-content\/uploads\/2024\/04\/18974-0-4.jpg","contentUrl":"https:\/\/revolutionpadelstore.com\/wp-content\/uploads\/2024\/04\/18974-0-4.jpg","width":800,"height":800},{"@type":"BreadcrumbList","@id":"https:\/\/revolutionpadelstore.com\/it\/prodotto\/zapatillas-bullpadel-performance-grip-24v-blanco-4\/#breadcrumb","itemListElement":[{"@type":"ListItem","position":1,"name":"Portada","item":"https:\/\/revolutionpadelstore.com\/it\/"},{"@type":"ListItem","position":2,"name":"Tienda","item":"https:\/\/revolutionpadelstore.com\/it\/tienda\/"},{"@type":"ListItem","position":3,"name":"Zapatillas Bullpadel Performance Grip 24V Blanco"}]},{"@type":"WebSite","@id":"https:\/\/revolutionpadelstore.com\/it\/#website","url":"https:\/\/revolutionpadelstore.com\/it\/","name":"Revolution Padel Store","description":"","publisher":{"@id":"https:\/\/revolutionpadelstore.com\/it\/#organization"},"potentialAction":[{"@type":"SearchAction","target":{"@type":"EntryPoint","urlTemplate":"https:\/\/revolutionpadelstore.com\/it\/?s={search_term_string}"},"query-input":{"@type":"PropertyValueSpecification","valueRequired":true,"valueName":"search_term_string"}}],"inLanguage":"it-IT"},{"@type":"Organization","@id":"https:\/\/revolutionpadelstore.com\/it\/#organization","name":"Revolution Padel Store","url":"https:\/\/revolutionpadelstore.com\/it\/","logo":{"@type":"ImageObject","inLanguage":"it-IT","@id":"https:\/\/revolutionpadelstore.com\/it\/#\/schema\/logo\/image\/","url":"https:\/\/revolutionpadelstore.com\/wp-content\/uploads\/2026\/02\/revolution-padel-store.jpg","contentUrl":"https:\/\/revolutionpadelstore.com\/wp-content\/uploads\/2026\/02\/revolution-padel-store.jpg","width":2000,"height":2000,"caption":"Revolution Padel Store"},"image":{"@id":"https:\/\/revolutionpadelstore.com\/it\/#\/schema\/logo\/image\/"},"sameAs":["https:\/\/www.instagram.com\/revolutionpadelstore\/"]}]}},"_links":{"self":[{"href":"https:\/\/revolutionpadelstore.com\/it\/wp-json\/wp\/v2\/product\/17839","targetHints":{"allow":["GET"]}}],"collection":[{"href":"https:\/\/revolutionpadelstore.com\/it\/wp-json\/wp\/v2\/product"}],"about":[{"href":"https:\/\/revolutionpadelstore.com\/it\/wp-json\/wp\/v2\/types\/product"}],"replies":[{"embeddable":true,"href":"https:\/\/revolutionpadelstore.com\/it\/wp-json\/wp\/v2\/comments?post=17839"}],"wp:featuredmedia":[{"embeddable":true,"href":"https:\/\/revolutionpadelstore.com\/it\/wp-json\/wp\/v2\/media\/45257"}],"wp:attachment":[{"href":"https:\/\/revolutionpadelstore.com\/it\/wp-json\/wp\/v2\/media?parent=17839"}],"wp:term":[{"taxonomy":"acabado","embeddable":true,"href":"https:\/\/revolutionpadelstore.com\/it\/wp-json\/wp\/v2\/acabado?post=17839"},{"taxonomy":"balance","embeddable":true,"href":"https:\/\/revolutionpadelstore.com\/it\/wp-json\/wp\/v2\/balance?post=17839"},{"taxonomy":"dureza","embeddable":true,"href":"https:\/\/revolutionpadelstore.com\/it\/wp-json\/wp\/v2\/dureza?post=17839"},{"taxonomy":"forma","embeddable":true,"href":"https:\/\/revolutionpadelstore.com\/it\/wp-json\/wp\/v2\/forma?post=17839"},{"taxonomy":"jugador","embeddable":true,"href":"https:\/\/revolutionpadelstore.com\/it\/wp-json\/wp\/v2\/jugador?post=17839"},{"taxonomy":"marca","embeddable":true,"href":"https:\/\/revolutionpadelstore.com\/it\/wp-json\/wp\/v2\/marca?post=17839"},{"taxonomy":"nivel-de-juego","embeddable":true,"href":"https:\/\/revolutionpadelstore.com\/it\/wp-json\/wp\/v2\/nivel-de-juego?post=17839"},{"taxonomy":"superficie","embeddable":true,"href":"https:\/\/revolutionpadelstore.com\/it\/wp-json\/wp\/v2\/superficie?post=17839"},{"taxonomy":"tipo-de-juego","embeddable":true,"href":"https:\/\/revolutionpadelstore.com\/it\/wp-json\/wp\/v2\/tipo-de-juego?post=17839"},{"taxonomy":"product_brand","embeddable":true,"href":"https:\/\/revolutionpadelstore.com\/it\/wp-json\/wp\/v2\/product_brand?post=17839"},{"taxonomy":"product_cat","embeddable":true,"href":"https:\/\/revolutionpadelstore.com\/it\/wp-json\/wp\/v2\/product_cat?post=17839"},{"taxonomy":"product_tag","embeddable":true,"href":"https:\/\/revolutionpadelstore.com\/it\/wp-json\/wp\/v2\/product_tag?post=17839"}],"curies":[{"name":"wp","href":"https:\/\/api.w.org\/{rel}","templated":true}]}}