{"id":177632,"date":"2025-02-19T00:07:11","date_gmt":"2025-02-18T23:07:11","guid":{"rendered":"https:\/\/revolutionpadelstore.com\/polo-bullpadel-balto-012-blanco\/"},"modified":"2026-04-08T06:49:56","modified_gmt":"2026-04-08T04:49:56","slug":"polo-bullpadel-balto-012-blanco-4","status":"publish","type":"product","link":"https:\/\/revolutionpadelstore.com\/it\/prodotto\/polo-bullpadel-balto-012-blanco-4\/","title":{"rendered":"POLO BULLPADEL BALTO 012 BLANCO"},"content":{"rendered":"<p>&lt;Il<br \/>\nBullpadel Balto \u00e8 un palo tecnico progettato da uomo per offrire il massimo comfort e le prestazioni di binari. Prodotto con tessuto Jacquard Jacquard al 100%in poliestere, questo indumento si distingue per la sua morbidezza, traspirabilit\u00e0 e capacit\u00e0 di mantenere la pelle asciutta in ogni momento. Grazie alla tecnologia QuickerDry, che incorpora microfilamenti avanzati, il sudore \u00e8 ottimale, facilitando l&#039;evaporazione rapida ed efficiente.<\/p>\n<h2> Caratteristiche del polo Bullpadel Balto <\/h2>\n<p>&lt;P Style = &quot;Padding-Left: 40px;&quot;-Materiale: poliestere Jacquard Ultralight 100%<br \/>\n<P>-Tecnologia QuickerDry: migliora la traspirabilit\u00e0 e assorbe l&#8217;umidit\u00e0<br \/>\n&lt;P Style = &quot;Padding-Left: 40px;&quot;-Design moderno e sportivo: I VIGO con tre pezzi di contrasto<br \/>\n<P>-Comfort e regolazione ottimale: collo a costola e pulsante frontale per una migliore regolazione<br \/>\n&lt;P Style = &quot;Padding-Left: 40px;&quot;-Ideale per la competizione e l&#039;addestramento: luce e flessibile per una maggiore libert\u00e0 di movimento<br \/>\nQuesto <strong> bullpadel paddle pole <\/strong> non \u00e8 solo un capo funzionale, ma si distingue anche per il suo design moderno e sportivo, perfetto per i giocatori che cercano uno stile elegante senza rinunciare alle prestazioni. La sua struttura ergonomica ti consente di muoverti con la libert\u00e0 totale, facilitando gli spostamenti in pista.<\/p>\n<p><strong> Ottieni il palo Bullpadel Balto al miglior prezzo nel nostro negozio online &lt;a href = &quot;https:\/\/chatgpt.com\/g\/g-675432e02688888191b6ee6d6f2fdbb15e-optimization-textos\/c\/www.revolutionpadelstore.com&quot; Festa. <\/strong><\/p>\n","protected":false},"excerpt":{"rendered":"<p>Il palo Bullpadel Balto \u00e8 prodotto interamente in poliestere e ha una finitura pi\u00f9 rapida, che offre eccezionale freschezza, comfort e leggerezza.<\/p>\n","protected":false},"featured_media":177750,"comment_status":"open","ping_status":"closed","template":"","meta":{"_acf_changed":false,"_joinchat":[]},"acabado":[],"balance":[],"dureza":[],"forma":[],"jugador":[1191],"marca":[],"nivel-de-juego":[],"superficie":[],"tipo-de-juego":[],"product_brand":[],"product_cat":[337],"product_tag":[],"class_list":{"0":"post-177632","1":"product","2":"type-product","3":"status-publish","4":"has-post-thumbnail","6":"jugador-uomo","7":"product_cat-ropa-it","9":"first","10":"outofstock","11":"sale","12":"taxable","13":"shipping-taxable","14":"purchasable","15":"product-type-variable"},"acf":[],"yoast_head":"<!-- This site is optimized with the Yoast SEO plugin v27.4 - https:\/\/yoast.com\/product\/yoast-seo-wordpress\/ -->\n<title>POLO BULLPADEL BALTO 012 BLANCO - Revolution Padel Store<\/title>\n<meta name=\"description\" content=\"Compra el polo Bullpadel Balto en nuestra tienda online. Tejido ultraligero, tecnolog\u00eda Quickerdry y dise\u00f1o deportivo para un m\u00e1ximo confort en la pista. \u00a1Mejor precio garantizado!\" \/>\n<meta name=\"robots\" content=\"index, follow, max-snippet:-1, max-image-preview:large, max-video-preview:-1\" \/>\n<link rel=\"canonical\" href=\"https:\/\/revolutionpadelstore.com\/it\/prodotto\/polo-bullpadel-balto-012-blanco-4\/\" \/>\n<meta property=\"og:locale\" content=\"it_IT\" \/>\n<meta property=\"og:type\" content=\"article\" \/>\n<meta property=\"og:title\" content=\"POLO BULLPADEL BALTO 012 BLANCO - Revolution Padel Store\" \/>\n<meta property=\"og:description\" content=\"Compra el polo Bullpadel Balto en nuestra tienda online. Tejido ultraligero, tecnolog\u00eda Quickerdry y dise\u00f1o deportivo para un m\u00e1ximo confort en la pista. \u00a1Mejor precio garantizado!\" \/>\n<meta property=\"og:url\" content=\"https:\/\/revolutionpadelstore.com\/it\/prodotto\/polo-bullpadel-balto-012-blanco-4\/\" \/>\n<meta property=\"og:site_name\" content=\"Revolution Padel Store\" \/>\n<meta property=\"article:modified_time\" content=\"2026-04-08T04:49:56+00:00\" \/>\n<meta property=\"og:image\" content=\"https:\/\/revolutionpadelstore.com\/wp-content\/uploads\/2025\/02\/polo-bullpadel-balto-blanco-4.jpg\" \/>\n\t<meta property=\"og:image:width\" content=\"1000\" \/>\n\t<meta property=\"og:image:height\" content=\"1188\" \/>\n\t<meta property=\"og:image:type\" content=\"image\/jpeg\" \/>\n<meta name=\"twitter:card\" content=\"summary_large_image\" \/>\n<meta name=\"twitter:label1\" content=\"Tempo di lettura stimato\" \/>\n\t<meta name=\"twitter:data1\" content=\"1 minuto\" \/>\n<script type=\"application\/ld+json\" class=\"yoast-schema-graph\">{\"@context\":\"https:\\\/\\\/schema.org\",\"@graph\":[{\"@type\":\"WebPage\",\"@id\":\"https:\\\/\\\/revolutionpadelstore.com\\\/it\\\/prodotto\\\/polo-bullpadel-balto-012-blanco-4\\\/\",\"url\":\"https:\\\/\\\/revolutionpadelstore.com\\\/it\\\/prodotto\\\/polo-bullpadel-balto-012-blanco-4\\\/\",\"name\":\"POLO BULLPADEL BALTO 012 BLANCO - Revolution Padel Store\",\"isPartOf\":{\"@id\":\"https:\\\/\\\/revolutionpadelstore.com\\\/it\\\/#website\"},\"primaryImageOfPage\":{\"@id\":\"https:\\\/\\\/revolutionpadelstore.com\\\/it\\\/prodotto\\\/polo-bullpadel-balto-012-blanco-4\\\/#primaryimage\"},\"image\":{\"@id\":\"https:\\\/\\\/revolutionpadelstore.com\\\/it\\\/prodotto\\\/polo-bullpadel-balto-012-blanco-4\\\/#primaryimage\"},\"thumbnailUrl\":\"https:\\\/\\\/revolutionpadelstore.com\\\/wp-content\\\/uploads\\\/2025\\\/02\\\/polo-bullpadel-balto-blanco-4.jpg\",\"datePublished\":\"2025-02-18T23:07:11+00:00\",\"dateModified\":\"2026-04-08T04:49:56+00:00\",\"description\":\"Compra el polo Bullpadel Balto en nuestra tienda online. Tejido ultraligero, tecnolog\u00eda Quickerdry y dise\u00f1o deportivo para un m\u00e1ximo confort en la pista. \u00a1Mejor precio garantizado!\",\"breadcrumb\":{\"@id\":\"https:\\\/\\\/revolutionpadelstore.com\\\/it\\\/prodotto\\\/polo-bullpadel-balto-012-blanco-4\\\/#breadcrumb\"},\"inLanguage\":\"it-IT\",\"potentialAction\":[{\"@type\":\"ReadAction\",\"target\":[\"https:\\\/\\\/revolutionpadelstore.com\\\/it\\\/prodotto\\\/polo-bullpadel-balto-012-blanco-4\\\/\"]}]},{\"@type\":\"ImageObject\",\"inLanguage\":\"it-IT\",\"@id\":\"https:\\\/\\\/revolutionpadelstore.com\\\/it\\\/prodotto\\\/polo-bullpadel-balto-012-blanco-4\\\/#primaryimage\",\"url\":\"https:\\\/\\\/revolutionpadelstore.com\\\/wp-content\\\/uploads\\\/2025\\\/02\\\/polo-bullpadel-balto-blanco-4.jpg\",\"contentUrl\":\"https:\\\/\\\/revolutionpadelstore.com\\\/wp-content\\\/uploads\\\/2025\\\/02\\\/polo-bullpadel-balto-blanco-4.jpg\",\"width\":1000,\"height\":1188},{\"@type\":\"BreadcrumbList\",\"@id\":\"https:\\\/\\\/revolutionpadelstore.com\\\/it\\\/prodotto\\\/polo-bullpadel-balto-012-blanco-4\\\/#breadcrumb\",\"itemListElement\":[{\"@type\":\"ListItem\",\"position\":1,\"name\":\"Portada\",\"item\":\"https:\\\/\\\/revolutionpadelstore.com\\\/it\\\/\"},{\"@type\":\"ListItem\",\"position\":2,\"name\":\"Tienda\",\"item\":\"https:\\\/\\\/revolutionpadelstore.com\\\/it\\\/tienda\\\/\"},{\"@type\":\"ListItem\",\"position\":3,\"name\":\"POLO BULLPADEL BALTO 012 BLANCO\"}]},{\"@type\":\"WebSite\",\"@id\":\"https:\\\/\\\/revolutionpadelstore.com\\\/it\\\/#website\",\"url\":\"https:\\\/\\\/revolutionpadelstore.com\\\/it\\\/\",\"name\":\"Revolution Padel Store\",\"description\":\"\",\"publisher\":{\"@id\":\"https:\\\/\\\/revolutionpadelstore.com\\\/it\\\/#organization\"},\"potentialAction\":[{\"@type\":\"SearchAction\",\"target\":{\"@type\":\"EntryPoint\",\"urlTemplate\":\"https:\\\/\\\/revolutionpadelstore.com\\\/it\\\/?s={search_term_string}\"},\"query-input\":{\"@type\":\"PropertyValueSpecification\",\"valueRequired\":true,\"valueName\":\"search_term_string\"}}],\"inLanguage\":\"it-IT\"},{\"@type\":\"Organization\",\"@id\":\"https:\\\/\\\/revolutionpadelstore.com\\\/it\\\/#organization\",\"name\":\"Revolution Padel Store\",\"url\":\"https:\\\/\\\/revolutionpadelstore.com\\\/it\\\/\",\"logo\":{\"@type\":\"ImageObject\",\"inLanguage\":\"it-IT\",\"@id\":\"https:\\\/\\\/revolutionpadelstore.com\\\/it\\\/#\\\/schema\\\/logo\\\/image\\\/\",\"url\":\"https:\\\/\\\/revolutionpadelstore.com\\\/wp-content\\\/uploads\\\/2026\\\/02\\\/revolution-padel-store.jpg\",\"contentUrl\":\"https:\\\/\\\/revolutionpadelstore.com\\\/wp-content\\\/uploads\\\/2026\\\/02\\\/revolution-padel-store.jpg\",\"width\":2000,\"height\":2000,\"caption\":\"Revolution Padel Store\"},\"image\":{\"@id\":\"https:\\\/\\\/revolutionpadelstore.com\\\/it\\\/#\\\/schema\\\/logo\\\/image\\\/\"},\"sameAs\":[\"https:\\\/\\\/www.instagram.com\\\/revolutionpadelstore\\\/\"]}]}<\/script>\n<!-- \/ Yoast SEO plugin. -->","yoast_head_json":{"title":"POLO BULLPADEL BALTO 012 BLANCO - Revolution Padel Store","description":"Compra el polo Bullpadel Balto en nuestra tienda online. Tejido ultraligero, tecnolog\u00eda Quickerdry y dise\u00f1o deportivo para un m\u00e1ximo confort en la pista. \u00a1Mejor precio garantizado!","robots":{"index":"index","follow":"follow","max-snippet":"max-snippet:-1","max-image-preview":"max-image-preview:large","max-video-preview":"max-video-preview:-1"},"canonical":"https:\/\/revolutionpadelstore.com\/it\/prodotto\/polo-bullpadel-balto-012-blanco-4\/","og_locale":"it_IT","og_type":"article","og_title":"POLO BULLPADEL BALTO 012 BLANCO - Revolution Padel Store","og_description":"Compra el polo Bullpadel Balto en nuestra tienda online. Tejido ultraligero, tecnolog\u00eda Quickerdry y dise\u00f1o deportivo para un m\u00e1ximo confort en la pista. \u00a1Mejor precio garantizado!","og_url":"https:\/\/revolutionpadelstore.com\/it\/prodotto\/polo-bullpadel-balto-012-blanco-4\/","og_site_name":"Revolution Padel Store","article_modified_time":"2026-04-08T04:49:56+00:00","og_image":[{"width":1000,"height":1188,"url":"https:\/\/revolutionpadelstore.com\/wp-content\/uploads\/2025\/02\/polo-bullpadel-balto-blanco-4.jpg","type":"image\/jpeg"}],"twitter_card":"summary_large_image","twitter_misc":{"Tempo di lettura stimato":"1 minuto"},"schema":{"@context":"https:\/\/schema.org","@graph":[{"@type":"WebPage","@id":"https:\/\/revolutionpadelstore.com\/it\/prodotto\/polo-bullpadel-balto-012-blanco-4\/","url":"https:\/\/revolutionpadelstore.com\/it\/prodotto\/polo-bullpadel-balto-012-blanco-4\/","name":"POLO BULLPADEL BALTO 012 BLANCO - Revolution Padel Store","isPartOf":{"@id":"https:\/\/revolutionpadelstore.com\/it\/#website"},"primaryImageOfPage":{"@id":"https:\/\/revolutionpadelstore.com\/it\/prodotto\/polo-bullpadel-balto-012-blanco-4\/#primaryimage"},"image":{"@id":"https:\/\/revolutionpadelstore.com\/it\/prodotto\/polo-bullpadel-balto-012-blanco-4\/#primaryimage"},"thumbnailUrl":"https:\/\/revolutionpadelstore.com\/wp-content\/uploads\/2025\/02\/polo-bullpadel-balto-blanco-4.jpg","datePublished":"2025-02-18T23:07:11+00:00","dateModified":"2026-04-08T04:49:56+00:00","description":"Compra el polo Bullpadel Balto en nuestra tienda online. Tejido ultraligero, tecnolog\u00eda Quickerdry y dise\u00f1o deportivo para un m\u00e1ximo confort en la pista. \u00a1Mejor precio garantizado!","breadcrumb":{"@id":"https:\/\/revolutionpadelstore.com\/it\/prodotto\/polo-bullpadel-balto-012-blanco-4\/#breadcrumb"},"inLanguage":"it-IT","potentialAction":[{"@type":"ReadAction","target":["https:\/\/revolutionpadelstore.com\/it\/prodotto\/polo-bullpadel-balto-012-blanco-4\/"]}]},{"@type":"ImageObject","inLanguage":"it-IT","@id":"https:\/\/revolutionpadelstore.com\/it\/prodotto\/polo-bullpadel-balto-012-blanco-4\/#primaryimage","url":"https:\/\/revolutionpadelstore.com\/wp-content\/uploads\/2025\/02\/polo-bullpadel-balto-blanco-4.jpg","contentUrl":"https:\/\/revolutionpadelstore.com\/wp-content\/uploads\/2025\/02\/polo-bullpadel-balto-blanco-4.jpg","width":1000,"height":1188},{"@type":"BreadcrumbList","@id":"https:\/\/revolutionpadelstore.com\/it\/prodotto\/polo-bullpadel-balto-012-blanco-4\/#breadcrumb","itemListElement":[{"@type":"ListItem","position":1,"name":"Portada","item":"https:\/\/revolutionpadelstore.com\/it\/"},{"@type":"ListItem","position":2,"name":"Tienda","item":"https:\/\/revolutionpadelstore.com\/it\/tienda\/"},{"@type":"ListItem","position":3,"name":"POLO BULLPADEL BALTO 012 BLANCO"}]},{"@type":"WebSite","@id":"https:\/\/revolutionpadelstore.com\/it\/#website","url":"https:\/\/revolutionpadelstore.com\/it\/","name":"Revolution Padel Store","description":"","publisher":{"@id":"https:\/\/revolutionpadelstore.com\/it\/#organization"},"potentialAction":[{"@type":"SearchAction","target":{"@type":"EntryPoint","urlTemplate":"https:\/\/revolutionpadelstore.com\/it\/?s={search_term_string}"},"query-input":{"@type":"PropertyValueSpecification","valueRequired":true,"valueName":"search_term_string"}}],"inLanguage":"it-IT"},{"@type":"Organization","@id":"https:\/\/revolutionpadelstore.com\/it\/#organization","name":"Revolution Padel Store","url":"https:\/\/revolutionpadelstore.com\/it\/","logo":{"@type":"ImageObject","inLanguage":"it-IT","@id":"https:\/\/revolutionpadelstore.com\/it\/#\/schema\/logo\/image\/","url":"https:\/\/revolutionpadelstore.com\/wp-content\/uploads\/2026\/02\/revolution-padel-store.jpg","contentUrl":"https:\/\/revolutionpadelstore.com\/wp-content\/uploads\/2026\/02\/revolution-padel-store.jpg","width":2000,"height":2000,"caption":"Revolution Padel Store"},"image":{"@id":"https:\/\/revolutionpadelstore.com\/it\/#\/schema\/logo\/image\/"},"sameAs":["https:\/\/www.instagram.com\/revolutionpadelstore\/"]}]}},"_links":{"self":[{"href":"https:\/\/revolutionpadelstore.com\/it\/wp-json\/wp\/v2\/product\/177632","targetHints":{"allow":["GET"]}}],"collection":[{"href":"https:\/\/revolutionpadelstore.com\/it\/wp-json\/wp\/v2\/product"}],"about":[{"href":"https:\/\/revolutionpadelstore.com\/it\/wp-json\/wp\/v2\/types\/product"}],"replies":[{"embeddable":true,"href":"https:\/\/revolutionpadelstore.com\/it\/wp-json\/wp\/v2\/comments?post=177632"}],"wp:featuredmedia":[{"embeddable":true,"href":"https:\/\/revolutionpadelstore.com\/it\/wp-json\/wp\/v2\/media\/177750"}],"wp:attachment":[{"href":"https:\/\/revolutionpadelstore.com\/it\/wp-json\/wp\/v2\/media?parent=177632"}],"wp:term":[{"taxonomy":"acabado","embeddable":true,"href":"https:\/\/revolutionpadelstore.com\/it\/wp-json\/wp\/v2\/acabado?post=177632"},{"taxonomy":"balance","embeddable":true,"href":"https:\/\/revolutionpadelstore.com\/it\/wp-json\/wp\/v2\/balance?post=177632"},{"taxonomy":"dureza","embeddable":true,"href":"https:\/\/revolutionpadelstore.com\/it\/wp-json\/wp\/v2\/dureza?post=177632"},{"taxonomy":"forma","embeddable":true,"href":"https:\/\/revolutionpadelstore.com\/it\/wp-json\/wp\/v2\/forma?post=177632"},{"taxonomy":"jugador","embeddable":true,"href":"https:\/\/revolutionpadelstore.com\/it\/wp-json\/wp\/v2\/jugador?post=177632"},{"taxonomy":"marca","embeddable":true,"href":"https:\/\/revolutionpadelstore.com\/it\/wp-json\/wp\/v2\/marca?post=177632"},{"taxonomy":"nivel-de-juego","embeddable":true,"href":"https:\/\/revolutionpadelstore.com\/it\/wp-json\/wp\/v2\/nivel-de-juego?post=177632"},{"taxonomy":"superficie","embeddable":true,"href":"https:\/\/revolutionpadelstore.com\/it\/wp-json\/wp\/v2\/superficie?post=177632"},{"taxonomy":"tipo-de-juego","embeddable":true,"href":"https:\/\/revolutionpadelstore.com\/it\/wp-json\/wp\/v2\/tipo-de-juego?post=177632"},{"taxonomy":"product_brand","embeddable":true,"href":"https:\/\/revolutionpadelstore.com\/it\/wp-json\/wp\/v2\/product_brand?post=177632"},{"taxonomy":"product_cat","embeddable":true,"href":"https:\/\/revolutionpadelstore.com\/it\/wp-json\/wp\/v2\/product_cat?post=177632"},{"taxonomy":"product_tag","embeddable":true,"href":"https:\/\/revolutionpadelstore.com\/it\/wp-json\/wp\/v2\/product_tag?post=177632"}],"curies":[{"name":"wp","href":"https:\/\/api.w.org\/{rel}","templated":true}]}}