{"id":17714,"date":"2024-04-22T15:23:14","date_gmt":"2024-04-22T13:23:14","guid":{"rendered":"https:\/\/revolutionpadelstore.com\/zapatillas-mizuno-wave-exceed-tour-5-azul-oscuro-turquesa\/"},"modified":"2026-04-01T09:46:11","modified_gmt":"2026-04-01T07:46:11","slug":"zapatillas-mizuno-wave-exceed-tour-5-azul-oscuro-turquesa-4","status":"publish","type":"product","link":"https:\/\/revolutionpadelstore.com\/it\/prodotto\/zapatillas-mizuno-wave-exceed-tour-5-azul-oscuro-turquesa-4\/","title":{"rendered":"Zapatillas Mizuno Wave Exceed Tour 5 Azul Oscuro Turquesa"},"content":{"rendered":"<p>Trova le scarpe Mizuno Wave Exceed Tour 5 nel Revolution Padel Store e porta il tuo gioco al livello successivo. Progettate per il giocatore avanzato che cerca la massima risposta esplosiva, queste scarpe ti offrono una perfetta combinazione di velocit\u00e0, leggerezza e flessibilit\u00e0. Con una nuovissima costruzione della scarpetta e un design della tomaia 3D-SOLID rimodellato, sentirai maggiore flessibilit\u00e0 e comfort ad ogni movimento.<\/p>\n<p> La tecnologia MIZUNO WAVE\u00ae aumenta la stabilit\u00e0 della caviglia e ridistribuisce gli impatti, offrendoti maggiore controllo e precisione in ogni colpo. Inoltre, la suola DuRubber garantisce resistenza e longevit\u00e0, cos\u00ec potrai esibirti al meglio in ogni partita.<\/p>\n<p> Non aspettare oltre e acquista le scarpe Mizuno Wave Exceed Tour 5 su Revolution Padel Store, il negozio specializzato in articoli da padel di alta qualit\u00e0. Nella nostra ampia selezione di prodotti puoi trovare tutto ci\u00f2 di cui hai bisogno per migliorare il tuo gioco e raggiungere i tuoi obiettivi in \u200b\u200bcampo. Ottieni le scarpe migliori e diventa un giocatore inarrestabile!<\/p>\n","protected":false},"excerpt":{"rendered":"<p>Acquista le nuove scarpe Mizuno Wave Exceed Tour 5 nel Revolution Padel Store. Pi\u00f9 veloce, pi\u00f9 leggero e pi\u00f9 flessibile che mai.<\/p>\n","protected":false},"featured_media":5437,"comment_status":"closed","ping_status":"open","template":"","meta":{"_acf_changed":false,"_joinchat":[]},"acabado":[],"balance":[],"dureza":[],"forma":[],"jugador":[],"marca":[1331],"nivel-de-juego":[],"superficie":[],"tipo-de-juego":[],"product_brand":[],"product_cat":[404],"product_tag":[],"class_list":{"0":"post-17714","1":"product","2":"type-product","3":"status-publish","4":"has-post-thumbnail","6":"marca-mizuno-it","7":"product_cat-sneakers-da-uomo","9":"first","10":"outofstock","11":"sale","12":"taxable","13":"shipping-taxable","14":"purchasable","15":"product-type-simple"},"acf":[],"yoast_head":"<!-- This site is optimized with the Yoast SEO plugin v27.3 - https:\/\/yoast.com\/product\/yoast-seo-wordpress\/ -->\n<title>Zapatillas Mizuno Wave Exceed Tour 5 Azul Oscuro Turquesa - Revolution Padel Store<\/title>\n<meta name=\"description\" content=\"Consigue las nuevas Zapatillas Mizuno Wave Exceed Tour 5 en Revolution Padel Store. M\u00e1s r\u00e1pidas, ligeras y flexibles que nunca.\" \/>\n<meta name=\"robots\" content=\"index, follow, max-snippet:-1, max-image-preview:large, max-video-preview:-1\" \/>\n<link rel=\"canonical\" href=\"https:\/\/revolutionpadelstore.com\/it\/prodotto\/zapatillas-mizuno-wave-exceed-tour-5-azul-oscuro-turquesa-4\/\" \/>\n<meta property=\"og:locale\" content=\"it_IT\" \/>\n<meta property=\"og:type\" content=\"article\" \/>\n<meta property=\"og:title\" content=\"Zapatillas Mizuno Wave Exceed Tour 5 Azul Oscuro Turquesa - Revolution Padel Store\" \/>\n<meta property=\"og:description\" content=\"Consigue las nuevas Zapatillas Mizuno Wave Exceed Tour 5 en Revolution Padel Store. M\u00e1s r\u00e1pidas, ligeras y flexibles que nunca.\" \/>\n<meta property=\"og:url\" content=\"https:\/\/revolutionpadelstore.com\/it\/prodotto\/zapatillas-mizuno-wave-exceed-tour-5-azul-oscuro-turquesa-4\/\" \/>\n<meta property=\"og:site_name\" content=\"Revolution Padel Store\" \/>\n<meta property=\"article:modified_time\" content=\"2026-04-01T07:46:11+00:00\" \/>\n<meta property=\"og:image\" content=\"https:\/\/revolutionpadelstore.com\/wp-content\/uploads\/2024\/04\/16161-0-4.jpg\" \/>\n\t<meta property=\"og:image:width\" content=\"800\" \/>\n\t<meta property=\"og:image:height\" content=\"800\" \/>\n\t<meta property=\"og:image:type\" content=\"image\/png\" \/>\n<meta name=\"twitter:card\" content=\"summary_large_image\" \/>\n<meta name=\"twitter:label1\" content=\"Tempo di lettura stimato\" \/>\n\t<meta name=\"twitter:data1\" content=\"1 minuto\" \/>\n<script type=\"application\/ld+json\" class=\"yoast-schema-graph\">{\"@context\":\"https:\\\/\\\/schema.org\",\"@graph\":[{\"@type\":\"WebPage\",\"@id\":\"https:\\\/\\\/revolutionpadelstore.com\\\/it\\\/prodotto\\\/zapatillas-mizuno-wave-exceed-tour-5-azul-oscuro-turquesa-4\\\/\",\"url\":\"https:\\\/\\\/revolutionpadelstore.com\\\/it\\\/prodotto\\\/zapatillas-mizuno-wave-exceed-tour-5-azul-oscuro-turquesa-4\\\/\",\"name\":\"Zapatillas Mizuno Wave Exceed Tour 5 Azul Oscuro Turquesa - Revolution Padel Store\",\"isPartOf\":{\"@id\":\"https:\\\/\\\/revolutionpadelstore.com\\\/it\\\/#website\"},\"primaryImageOfPage\":{\"@id\":\"https:\\\/\\\/revolutionpadelstore.com\\\/it\\\/prodotto\\\/zapatillas-mizuno-wave-exceed-tour-5-azul-oscuro-turquesa-4\\\/#primaryimage\"},\"image\":{\"@id\":\"https:\\\/\\\/revolutionpadelstore.com\\\/it\\\/prodotto\\\/zapatillas-mizuno-wave-exceed-tour-5-azul-oscuro-turquesa-4\\\/#primaryimage\"},\"thumbnailUrl\":\"https:\\\/\\\/revolutionpadelstore.com\\\/wp-content\\\/uploads\\\/2024\\\/04\\\/16161-0-4.jpg\",\"datePublished\":\"2024-04-22T13:23:14+00:00\",\"dateModified\":\"2026-04-01T07:46:11+00:00\",\"description\":\"Consigue las nuevas Zapatillas Mizuno Wave Exceed Tour 5 en Revolution Padel Store. M\u00e1s r\u00e1pidas, ligeras y flexibles que nunca.\",\"breadcrumb\":{\"@id\":\"https:\\\/\\\/revolutionpadelstore.com\\\/it\\\/prodotto\\\/zapatillas-mizuno-wave-exceed-tour-5-azul-oscuro-turquesa-4\\\/#breadcrumb\"},\"inLanguage\":\"it-IT\",\"potentialAction\":[{\"@type\":\"ReadAction\",\"target\":[\"https:\\\/\\\/revolutionpadelstore.com\\\/it\\\/prodotto\\\/zapatillas-mizuno-wave-exceed-tour-5-azul-oscuro-turquesa-4\\\/\"]}]},{\"@type\":\"ImageObject\",\"inLanguage\":\"it-IT\",\"@id\":\"https:\\\/\\\/revolutionpadelstore.com\\\/it\\\/prodotto\\\/zapatillas-mizuno-wave-exceed-tour-5-azul-oscuro-turquesa-4\\\/#primaryimage\",\"url\":\"https:\\\/\\\/revolutionpadelstore.com\\\/wp-content\\\/uploads\\\/2024\\\/04\\\/16161-0-4.jpg\",\"contentUrl\":\"https:\\\/\\\/revolutionpadelstore.com\\\/wp-content\\\/uploads\\\/2024\\\/04\\\/16161-0-4.jpg\",\"width\":800,\"height\":800},{\"@type\":\"BreadcrumbList\",\"@id\":\"https:\\\/\\\/revolutionpadelstore.com\\\/it\\\/prodotto\\\/zapatillas-mizuno-wave-exceed-tour-5-azul-oscuro-turquesa-4\\\/#breadcrumb\",\"itemListElement\":[{\"@type\":\"ListItem\",\"position\":1,\"name\":\"Portada\",\"item\":\"https:\\\/\\\/revolutionpadelstore.com\\\/it\\\/\"},{\"@type\":\"ListItem\",\"position\":2,\"name\":\"Tienda\",\"item\":\"https:\\\/\\\/revolutionpadelstore.com\\\/it\\\/tienda\\\/\"},{\"@type\":\"ListItem\",\"position\":3,\"name\":\"Zapatillas Mizuno Wave Exceed Tour 5 Azul Oscuro Turquesa\"}]},{\"@type\":\"WebSite\",\"@id\":\"https:\\\/\\\/revolutionpadelstore.com\\\/it\\\/#website\",\"url\":\"https:\\\/\\\/revolutionpadelstore.com\\\/it\\\/\",\"name\":\"Revolution Padel Store\",\"description\":\"\",\"publisher\":{\"@id\":\"https:\\\/\\\/revolutionpadelstore.com\\\/it\\\/#organization\"},\"potentialAction\":[{\"@type\":\"SearchAction\",\"target\":{\"@type\":\"EntryPoint\",\"urlTemplate\":\"https:\\\/\\\/revolutionpadelstore.com\\\/it\\\/?s={search_term_string}\"},\"query-input\":{\"@type\":\"PropertyValueSpecification\",\"valueRequired\":true,\"valueName\":\"search_term_string\"}}],\"inLanguage\":\"it-IT\"},{\"@type\":\"Organization\",\"@id\":\"https:\\\/\\\/revolutionpadelstore.com\\\/it\\\/#organization\",\"name\":\"Revolution Padel Store\",\"url\":\"https:\\\/\\\/revolutionpadelstore.com\\\/it\\\/\",\"logo\":{\"@type\":\"ImageObject\",\"inLanguage\":\"it-IT\",\"@id\":\"https:\\\/\\\/revolutionpadelstore.com\\\/it\\\/#\\\/schema\\\/logo\\\/image\\\/\",\"url\":\"https:\\\/\\\/revolutionpadelstore.com\\\/wp-content\\\/uploads\\\/2026\\\/02\\\/revolution-padel-store.jpg\",\"contentUrl\":\"https:\\\/\\\/revolutionpadelstore.com\\\/wp-content\\\/uploads\\\/2026\\\/02\\\/revolution-padel-store.jpg\",\"width\":2000,\"height\":2000,\"caption\":\"Revolution Padel Store\"},\"image\":{\"@id\":\"https:\\\/\\\/revolutionpadelstore.com\\\/it\\\/#\\\/schema\\\/logo\\\/image\\\/\"},\"sameAs\":[\"https:\\\/\\\/www.instagram.com\\\/revolutionpadelstore\\\/\"]}]}<\/script>\n<!-- \/ Yoast SEO plugin. -->","yoast_head_json":{"title":"Zapatillas Mizuno Wave Exceed Tour 5 Azul Oscuro Turquesa - Revolution Padel Store","description":"Consigue las nuevas Zapatillas Mizuno Wave Exceed Tour 5 en Revolution Padel Store. M\u00e1s r\u00e1pidas, ligeras y flexibles que nunca.","robots":{"index":"index","follow":"follow","max-snippet":"max-snippet:-1","max-image-preview":"max-image-preview:large","max-video-preview":"max-video-preview:-1"},"canonical":"https:\/\/revolutionpadelstore.com\/it\/prodotto\/zapatillas-mizuno-wave-exceed-tour-5-azul-oscuro-turquesa-4\/","og_locale":"it_IT","og_type":"article","og_title":"Zapatillas Mizuno Wave Exceed Tour 5 Azul Oscuro Turquesa - Revolution Padel Store","og_description":"Consigue las nuevas Zapatillas Mizuno Wave Exceed Tour 5 en Revolution Padel Store. M\u00e1s r\u00e1pidas, ligeras y flexibles que nunca.","og_url":"https:\/\/revolutionpadelstore.com\/it\/prodotto\/zapatillas-mizuno-wave-exceed-tour-5-azul-oscuro-turquesa-4\/","og_site_name":"Revolution Padel Store","article_modified_time":"2026-04-01T07:46:11+00:00","og_image":[{"width":800,"height":800,"url":"https:\/\/revolutionpadelstore.com\/wp-content\/uploads\/2024\/04\/16161-0-4.jpg","type":"image\/png"}],"twitter_card":"summary_large_image","twitter_misc":{"Tempo di lettura stimato":"1 minuto"},"schema":{"@context":"https:\/\/schema.org","@graph":[{"@type":"WebPage","@id":"https:\/\/revolutionpadelstore.com\/it\/prodotto\/zapatillas-mizuno-wave-exceed-tour-5-azul-oscuro-turquesa-4\/","url":"https:\/\/revolutionpadelstore.com\/it\/prodotto\/zapatillas-mizuno-wave-exceed-tour-5-azul-oscuro-turquesa-4\/","name":"Zapatillas Mizuno Wave Exceed Tour 5 Azul Oscuro Turquesa - Revolution Padel Store","isPartOf":{"@id":"https:\/\/revolutionpadelstore.com\/it\/#website"},"primaryImageOfPage":{"@id":"https:\/\/revolutionpadelstore.com\/it\/prodotto\/zapatillas-mizuno-wave-exceed-tour-5-azul-oscuro-turquesa-4\/#primaryimage"},"image":{"@id":"https:\/\/revolutionpadelstore.com\/it\/prodotto\/zapatillas-mizuno-wave-exceed-tour-5-azul-oscuro-turquesa-4\/#primaryimage"},"thumbnailUrl":"https:\/\/revolutionpadelstore.com\/wp-content\/uploads\/2024\/04\/16161-0-4.jpg","datePublished":"2024-04-22T13:23:14+00:00","dateModified":"2026-04-01T07:46:11+00:00","description":"Consigue las nuevas Zapatillas Mizuno Wave Exceed Tour 5 en Revolution Padel Store. M\u00e1s r\u00e1pidas, ligeras y flexibles que nunca.","breadcrumb":{"@id":"https:\/\/revolutionpadelstore.com\/it\/prodotto\/zapatillas-mizuno-wave-exceed-tour-5-azul-oscuro-turquesa-4\/#breadcrumb"},"inLanguage":"it-IT","potentialAction":[{"@type":"ReadAction","target":["https:\/\/revolutionpadelstore.com\/it\/prodotto\/zapatillas-mizuno-wave-exceed-tour-5-azul-oscuro-turquesa-4\/"]}]},{"@type":"ImageObject","inLanguage":"it-IT","@id":"https:\/\/revolutionpadelstore.com\/it\/prodotto\/zapatillas-mizuno-wave-exceed-tour-5-azul-oscuro-turquesa-4\/#primaryimage","url":"https:\/\/revolutionpadelstore.com\/wp-content\/uploads\/2024\/04\/16161-0-4.jpg","contentUrl":"https:\/\/revolutionpadelstore.com\/wp-content\/uploads\/2024\/04\/16161-0-4.jpg","width":800,"height":800},{"@type":"BreadcrumbList","@id":"https:\/\/revolutionpadelstore.com\/it\/prodotto\/zapatillas-mizuno-wave-exceed-tour-5-azul-oscuro-turquesa-4\/#breadcrumb","itemListElement":[{"@type":"ListItem","position":1,"name":"Portada","item":"https:\/\/revolutionpadelstore.com\/it\/"},{"@type":"ListItem","position":2,"name":"Tienda","item":"https:\/\/revolutionpadelstore.com\/it\/tienda\/"},{"@type":"ListItem","position":3,"name":"Zapatillas Mizuno Wave Exceed Tour 5 Azul Oscuro Turquesa"}]},{"@type":"WebSite","@id":"https:\/\/revolutionpadelstore.com\/it\/#website","url":"https:\/\/revolutionpadelstore.com\/it\/","name":"Revolution Padel Store","description":"","publisher":{"@id":"https:\/\/revolutionpadelstore.com\/it\/#organization"},"potentialAction":[{"@type":"SearchAction","target":{"@type":"EntryPoint","urlTemplate":"https:\/\/revolutionpadelstore.com\/it\/?s={search_term_string}"},"query-input":{"@type":"PropertyValueSpecification","valueRequired":true,"valueName":"search_term_string"}}],"inLanguage":"it-IT"},{"@type":"Organization","@id":"https:\/\/revolutionpadelstore.com\/it\/#organization","name":"Revolution Padel Store","url":"https:\/\/revolutionpadelstore.com\/it\/","logo":{"@type":"ImageObject","inLanguage":"it-IT","@id":"https:\/\/revolutionpadelstore.com\/it\/#\/schema\/logo\/image\/","url":"https:\/\/revolutionpadelstore.com\/wp-content\/uploads\/2026\/02\/revolution-padel-store.jpg","contentUrl":"https:\/\/revolutionpadelstore.com\/wp-content\/uploads\/2026\/02\/revolution-padel-store.jpg","width":2000,"height":2000,"caption":"Revolution Padel Store"},"image":{"@id":"https:\/\/revolutionpadelstore.com\/it\/#\/schema\/logo\/image\/"},"sameAs":["https:\/\/www.instagram.com\/revolutionpadelstore\/"]}]}},"_links":{"self":[{"href":"https:\/\/revolutionpadelstore.com\/it\/wp-json\/wp\/v2\/product\/17714","targetHints":{"allow":["GET"]}}],"collection":[{"href":"https:\/\/revolutionpadelstore.com\/it\/wp-json\/wp\/v2\/product"}],"about":[{"href":"https:\/\/revolutionpadelstore.com\/it\/wp-json\/wp\/v2\/types\/product"}],"replies":[{"embeddable":true,"href":"https:\/\/revolutionpadelstore.com\/it\/wp-json\/wp\/v2\/comments?post=17714"}],"wp:featuredmedia":[{"embeddable":true,"href":"https:\/\/revolutionpadelstore.com\/it\/wp-json\/wp\/v2\/media\/5437"}],"wp:attachment":[{"href":"https:\/\/revolutionpadelstore.com\/it\/wp-json\/wp\/v2\/media?parent=17714"}],"wp:term":[{"taxonomy":"acabado","embeddable":true,"href":"https:\/\/revolutionpadelstore.com\/it\/wp-json\/wp\/v2\/acabado?post=17714"},{"taxonomy":"balance","embeddable":true,"href":"https:\/\/revolutionpadelstore.com\/it\/wp-json\/wp\/v2\/balance?post=17714"},{"taxonomy":"dureza","embeddable":true,"href":"https:\/\/revolutionpadelstore.com\/it\/wp-json\/wp\/v2\/dureza?post=17714"},{"taxonomy":"forma","embeddable":true,"href":"https:\/\/revolutionpadelstore.com\/it\/wp-json\/wp\/v2\/forma?post=17714"},{"taxonomy":"jugador","embeddable":true,"href":"https:\/\/revolutionpadelstore.com\/it\/wp-json\/wp\/v2\/jugador?post=17714"},{"taxonomy":"marca","embeddable":true,"href":"https:\/\/revolutionpadelstore.com\/it\/wp-json\/wp\/v2\/marca?post=17714"},{"taxonomy":"nivel-de-juego","embeddable":true,"href":"https:\/\/revolutionpadelstore.com\/it\/wp-json\/wp\/v2\/nivel-de-juego?post=17714"},{"taxonomy":"superficie","embeddable":true,"href":"https:\/\/revolutionpadelstore.com\/it\/wp-json\/wp\/v2\/superficie?post=17714"},{"taxonomy":"tipo-de-juego","embeddable":true,"href":"https:\/\/revolutionpadelstore.com\/it\/wp-json\/wp\/v2\/tipo-de-juego?post=17714"},{"taxonomy":"product_brand","embeddable":true,"href":"https:\/\/revolutionpadelstore.com\/it\/wp-json\/wp\/v2\/product_brand?post=17714"},{"taxonomy":"product_cat","embeddable":true,"href":"https:\/\/revolutionpadelstore.com\/it\/wp-json\/wp\/v2\/product_cat?post=17714"},{"taxonomy":"product_tag","embeddable":true,"href":"https:\/\/revolutionpadelstore.com\/it\/wp-json\/wp\/v2\/product_tag?post=17714"}],"curies":[{"name":"wp","href":"https:\/\/api.w.org\/{rel}","templated":true}]}}