{"id":17564,"date":"2024-04-22T15:23:18","date_gmt":"2024-04-22T13:23:18","guid":{"rendered":"https:\/\/revolutionpadelstore.com\/zapatillas-bullpadel-paquito-navarro-hack-vibram-24v-negro\/"},"modified":"2026-04-08T13:01:04","modified_gmt":"2026-04-08T11:01:04","slug":"zapatillas-bullpadel-paquito-navarro-hack-vibram-24v-negro-4","status":"publish","type":"product","link":"https:\/\/revolutionpadelstore.com\/it\/prodotto\/zapatillas-bullpadel-paquito-navarro-hack-vibram-24v-negro-4\/","title":{"rendered":"Zapatillas Bullpadel Paquito Navarro Hack Vibram 24V Negro"},"content":{"rendered":"<p>Sei un appassionato giocatore di padel e cerchi le calzature perfette per le tue partite intense? Allora non cercare oltre! Revolution Padel Store ha per te le incredibili scarpe Bullpadel Paquito Navarro Hack Vibram 24V, la scelta ideale per i giocatori pi\u00f9 esigenti. <\/p>\n<p> Approvate dal famoso giocatore Paquito Navarro, queste scarpe sono la combinazione perfetta di prestazioni e durata. Grazie alla suola VIBRAM di alta qualit\u00e0 e alla protezione in gomma iniettata sulla punta, sarai pronto ad affrontare qualsiasi sfida in campo senza preoccuparti dell&#8217;usura delle tue calzature. <\/p>\n<p> Ma non \u00e8 tutto, queste scarpe si distinguono anche per l&#8217;innovativo mesh tecnico che garantisce un&#8217;ottima traspirabilit\u00e0 e leggerezza, che ti permetter\u00e0 di muoverti con agilit\u00e0 e comfort in ogni movimento. Inoltre, il suo stabilizzatore posteriore nella zona del tallone ti dar\u00e0 maggiore sostegno e stabilit\u00e0 ad ogni passo. <\/p>\n<p> E come se ci\u00f2 non bastasse, queste scarpe hanno una soletta ORTHOLITE che ti garantir\u00e0 un passo morbido e ammortizzato, proteggendo i tuoi piedi da possibili infortuni. <\/p>\n<p> Non perdere altro tempo e acquista subito le scarpe Bullpadel Paquito Navarro Hack Vibram 24V su Revolution Padel Store, il negozio specializzato in padel dove troverai i migliori prodotti per il tuo gioco. Fai come Paquito Navarro e scegli l&#8217;opzione migliore per le tue partite intense!<\/p>\n","protected":false},"excerpt":{"rendered":"<p>Scarpe Bullpadel Paquito Navarro Hack Vibram 24V nere nel negozio Revolution Padel. Progettato per i giocatori intensivi con una suola resistente.<\/p>\n","protected":false},"featured_media":5492,"comment_status":"closed","ping_status":"open","template":"","meta":{"_acf_changed":false,"_joinchat":[]},"acabado":[],"balance":[],"dureza":[],"forma":[],"jugador":[1191],"marca":[1256],"nivel-de-juego":[1336,1346],"superficie":[],"tipo-de-juego":[1371,1376],"product_brand":[],"product_cat":[404],"product_tag":[],"class_list":{"0":"post-17564","1":"product","2":"type-product","3":"status-publish","4":"has-post-thumbnail","6":"jugador-uomo","7":"marca-bullpadel-it","8":"tipo-de-juego-controllo","9":"tipo-de-juego-potenza","10":"product_cat-sneakers-da-uomo","12":"first","13":"outofstock","14":"sale","15":"taxable","16":"shipping-taxable","17":"purchasable","18":"product-type-variable"},"acf":[],"yoast_head":"<!-- This site is optimized with the Yoast SEO plugin v27.4 - https:\/\/yoast.com\/product\/yoast-seo-wordpress\/ -->\n<title>Zapatillas Bullpadel Paquito Navarro Hack Vibram 24V Negro - Revolution Padel Store<\/title>\n<meta name=\"description\" content=\"Zapatillas Bullpadel Paquito Navarro Hack Vibram 24V Negro en Revolution Padel Store. Dise\u00f1adas para jugadores intensivos con suela duradera.\" \/>\n<meta name=\"robots\" content=\"index, follow, max-snippet:-1, max-image-preview:large, max-video-preview:-1\" \/>\n<link rel=\"canonical\" href=\"https:\/\/revolutionpadelstore.com\/it\/prodotto\/zapatillas-bullpadel-paquito-navarro-hack-vibram-24v-negro-4\/\" \/>\n<meta property=\"og:locale\" content=\"it_IT\" \/>\n<meta property=\"og:type\" content=\"article\" \/>\n<meta property=\"og:title\" content=\"Zapatillas Bullpadel Paquito Navarro Hack Vibram 24V Negro - Revolution Padel Store\" \/>\n<meta property=\"og:description\" content=\"Zapatillas Bullpadel Paquito Navarro Hack Vibram 24V Negro en Revolution Padel Store. Dise\u00f1adas para jugadores intensivos con suela duradera.\" \/>\n<meta property=\"og:url\" content=\"https:\/\/revolutionpadelstore.com\/it\/prodotto\/zapatillas-bullpadel-paquito-navarro-hack-vibram-24v-negro-4\/\" \/>\n<meta property=\"og:site_name\" content=\"Revolution Padel Store\" \/>\n<meta property=\"article:modified_time\" content=\"2026-04-08T11:01:04+00:00\" \/>\n<meta property=\"og:image\" content=\"https:\/\/revolutionpadelstore.com\/wp-content\/uploads\/2024\/04\/18385-0-4.jpg\" \/>\n\t<meta property=\"og:image:width\" content=\"800\" \/>\n\t<meta property=\"og:image:height\" content=\"800\" \/>\n\t<meta property=\"og:image:type\" content=\"image\/png\" \/>\n<meta name=\"twitter:card\" content=\"summary_large_image\" \/>\n<meta name=\"twitter:label1\" content=\"Tempo di lettura stimato\" \/>\n\t<meta name=\"twitter:data1\" content=\"1 minuto\" \/>\n<script type=\"application\/ld+json\" class=\"yoast-schema-graph\">{\"@context\":\"https:\\\/\\\/schema.org\",\"@graph\":[{\"@type\":\"WebPage\",\"@id\":\"https:\\\/\\\/revolutionpadelstore.com\\\/it\\\/prodotto\\\/zapatillas-bullpadel-paquito-navarro-hack-vibram-24v-negro-4\\\/\",\"url\":\"https:\\\/\\\/revolutionpadelstore.com\\\/it\\\/prodotto\\\/zapatillas-bullpadel-paquito-navarro-hack-vibram-24v-negro-4\\\/\",\"name\":\"Zapatillas Bullpadel Paquito Navarro Hack Vibram 24V Negro - Revolution Padel Store\",\"isPartOf\":{\"@id\":\"https:\\\/\\\/revolutionpadelstore.com\\\/it\\\/#website\"},\"primaryImageOfPage\":{\"@id\":\"https:\\\/\\\/revolutionpadelstore.com\\\/it\\\/prodotto\\\/zapatillas-bullpadel-paquito-navarro-hack-vibram-24v-negro-4\\\/#primaryimage\"},\"image\":{\"@id\":\"https:\\\/\\\/revolutionpadelstore.com\\\/it\\\/prodotto\\\/zapatillas-bullpadel-paquito-navarro-hack-vibram-24v-negro-4\\\/#primaryimage\"},\"thumbnailUrl\":\"https:\\\/\\\/revolutionpadelstore.com\\\/wp-content\\\/uploads\\\/2024\\\/04\\\/18385-0-4.jpg\",\"datePublished\":\"2024-04-22T13:23:18+00:00\",\"dateModified\":\"2026-04-08T11:01:04+00:00\",\"description\":\"Zapatillas Bullpadel Paquito Navarro Hack Vibram 24V Negro en Revolution Padel Store. Dise\u00f1adas para jugadores intensivos con suela duradera.\",\"breadcrumb\":{\"@id\":\"https:\\\/\\\/revolutionpadelstore.com\\\/it\\\/prodotto\\\/zapatillas-bullpadel-paquito-navarro-hack-vibram-24v-negro-4\\\/#breadcrumb\"},\"inLanguage\":\"it-IT\",\"potentialAction\":[{\"@type\":\"ReadAction\",\"target\":[\"https:\\\/\\\/revolutionpadelstore.com\\\/it\\\/prodotto\\\/zapatillas-bullpadel-paquito-navarro-hack-vibram-24v-negro-4\\\/\"]}]},{\"@type\":\"ImageObject\",\"inLanguage\":\"it-IT\",\"@id\":\"https:\\\/\\\/revolutionpadelstore.com\\\/it\\\/prodotto\\\/zapatillas-bullpadel-paquito-navarro-hack-vibram-24v-negro-4\\\/#primaryimage\",\"url\":\"https:\\\/\\\/revolutionpadelstore.com\\\/wp-content\\\/uploads\\\/2024\\\/04\\\/18385-0-4.jpg\",\"contentUrl\":\"https:\\\/\\\/revolutionpadelstore.com\\\/wp-content\\\/uploads\\\/2024\\\/04\\\/18385-0-4.jpg\",\"width\":800,\"height\":800},{\"@type\":\"BreadcrumbList\",\"@id\":\"https:\\\/\\\/revolutionpadelstore.com\\\/it\\\/prodotto\\\/zapatillas-bullpadel-paquito-navarro-hack-vibram-24v-negro-4\\\/#breadcrumb\",\"itemListElement\":[{\"@type\":\"ListItem\",\"position\":1,\"name\":\"Portada\",\"item\":\"https:\\\/\\\/revolutionpadelstore.com\\\/it\\\/\"},{\"@type\":\"ListItem\",\"position\":2,\"name\":\"Tienda\",\"item\":\"https:\\\/\\\/revolutionpadelstore.com\\\/it\\\/tienda\\\/\"},{\"@type\":\"ListItem\",\"position\":3,\"name\":\"Zapatillas Bullpadel Paquito Navarro Hack Vibram 24V Negro\"}]},{\"@type\":\"WebSite\",\"@id\":\"https:\\\/\\\/revolutionpadelstore.com\\\/it\\\/#website\",\"url\":\"https:\\\/\\\/revolutionpadelstore.com\\\/it\\\/\",\"name\":\"Revolution Padel Store\",\"description\":\"\",\"publisher\":{\"@id\":\"https:\\\/\\\/revolutionpadelstore.com\\\/it\\\/#organization\"},\"potentialAction\":[{\"@type\":\"SearchAction\",\"target\":{\"@type\":\"EntryPoint\",\"urlTemplate\":\"https:\\\/\\\/revolutionpadelstore.com\\\/it\\\/?s={search_term_string}\"},\"query-input\":{\"@type\":\"PropertyValueSpecification\",\"valueRequired\":true,\"valueName\":\"search_term_string\"}}],\"inLanguage\":\"it-IT\"},{\"@type\":\"Organization\",\"@id\":\"https:\\\/\\\/revolutionpadelstore.com\\\/it\\\/#organization\",\"name\":\"Revolution Padel Store\",\"url\":\"https:\\\/\\\/revolutionpadelstore.com\\\/it\\\/\",\"logo\":{\"@type\":\"ImageObject\",\"inLanguage\":\"it-IT\",\"@id\":\"https:\\\/\\\/revolutionpadelstore.com\\\/it\\\/#\\\/schema\\\/logo\\\/image\\\/\",\"url\":\"https:\\\/\\\/revolutionpadelstore.com\\\/wp-content\\\/uploads\\\/2026\\\/02\\\/revolution-padel-store.jpg\",\"contentUrl\":\"https:\\\/\\\/revolutionpadelstore.com\\\/wp-content\\\/uploads\\\/2026\\\/02\\\/revolution-padel-store.jpg\",\"width\":2000,\"height\":2000,\"caption\":\"Revolution Padel Store\"},\"image\":{\"@id\":\"https:\\\/\\\/revolutionpadelstore.com\\\/it\\\/#\\\/schema\\\/logo\\\/image\\\/\"},\"sameAs\":[\"https:\\\/\\\/www.instagram.com\\\/revolutionpadelstore\\\/\"]}]}<\/script>\n<!-- \/ Yoast SEO plugin. -->","yoast_head_json":{"title":"Zapatillas Bullpadel Paquito Navarro Hack Vibram 24V Negro - Revolution Padel Store","description":"Zapatillas Bullpadel Paquito Navarro Hack Vibram 24V Negro en Revolution Padel Store. Dise\u00f1adas para jugadores intensivos con suela duradera.","robots":{"index":"index","follow":"follow","max-snippet":"max-snippet:-1","max-image-preview":"max-image-preview:large","max-video-preview":"max-video-preview:-1"},"canonical":"https:\/\/revolutionpadelstore.com\/it\/prodotto\/zapatillas-bullpadel-paquito-navarro-hack-vibram-24v-negro-4\/","og_locale":"it_IT","og_type":"article","og_title":"Zapatillas Bullpadel Paquito Navarro Hack Vibram 24V Negro - Revolution Padel Store","og_description":"Zapatillas Bullpadel Paquito Navarro Hack Vibram 24V Negro en Revolution Padel Store. Dise\u00f1adas para jugadores intensivos con suela duradera.","og_url":"https:\/\/revolutionpadelstore.com\/it\/prodotto\/zapatillas-bullpadel-paquito-navarro-hack-vibram-24v-negro-4\/","og_site_name":"Revolution Padel Store","article_modified_time":"2026-04-08T11:01:04+00:00","og_image":[{"width":800,"height":800,"url":"https:\/\/revolutionpadelstore.com\/wp-content\/uploads\/2024\/04\/18385-0-4.jpg","type":"image\/png"}],"twitter_card":"summary_large_image","twitter_misc":{"Tempo di lettura stimato":"1 minuto"},"schema":{"@context":"https:\/\/schema.org","@graph":[{"@type":"WebPage","@id":"https:\/\/revolutionpadelstore.com\/it\/prodotto\/zapatillas-bullpadel-paquito-navarro-hack-vibram-24v-negro-4\/","url":"https:\/\/revolutionpadelstore.com\/it\/prodotto\/zapatillas-bullpadel-paquito-navarro-hack-vibram-24v-negro-4\/","name":"Zapatillas Bullpadel Paquito Navarro Hack Vibram 24V Negro - Revolution Padel Store","isPartOf":{"@id":"https:\/\/revolutionpadelstore.com\/it\/#website"},"primaryImageOfPage":{"@id":"https:\/\/revolutionpadelstore.com\/it\/prodotto\/zapatillas-bullpadel-paquito-navarro-hack-vibram-24v-negro-4\/#primaryimage"},"image":{"@id":"https:\/\/revolutionpadelstore.com\/it\/prodotto\/zapatillas-bullpadel-paquito-navarro-hack-vibram-24v-negro-4\/#primaryimage"},"thumbnailUrl":"https:\/\/revolutionpadelstore.com\/wp-content\/uploads\/2024\/04\/18385-0-4.jpg","datePublished":"2024-04-22T13:23:18+00:00","dateModified":"2026-04-08T11:01:04+00:00","description":"Zapatillas Bullpadel Paquito Navarro Hack Vibram 24V Negro en Revolution Padel Store. Dise\u00f1adas para jugadores intensivos con suela duradera.","breadcrumb":{"@id":"https:\/\/revolutionpadelstore.com\/it\/prodotto\/zapatillas-bullpadel-paquito-navarro-hack-vibram-24v-negro-4\/#breadcrumb"},"inLanguage":"it-IT","potentialAction":[{"@type":"ReadAction","target":["https:\/\/revolutionpadelstore.com\/it\/prodotto\/zapatillas-bullpadel-paquito-navarro-hack-vibram-24v-negro-4\/"]}]},{"@type":"ImageObject","inLanguage":"it-IT","@id":"https:\/\/revolutionpadelstore.com\/it\/prodotto\/zapatillas-bullpadel-paquito-navarro-hack-vibram-24v-negro-4\/#primaryimage","url":"https:\/\/revolutionpadelstore.com\/wp-content\/uploads\/2024\/04\/18385-0-4.jpg","contentUrl":"https:\/\/revolutionpadelstore.com\/wp-content\/uploads\/2024\/04\/18385-0-4.jpg","width":800,"height":800},{"@type":"BreadcrumbList","@id":"https:\/\/revolutionpadelstore.com\/it\/prodotto\/zapatillas-bullpadel-paquito-navarro-hack-vibram-24v-negro-4\/#breadcrumb","itemListElement":[{"@type":"ListItem","position":1,"name":"Portada","item":"https:\/\/revolutionpadelstore.com\/it\/"},{"@type":"ListItem","position":2,"name":"Tienda","item":"https:\/\/revolutionpadelstore.com\/it\/tienda\/"},{"@type":"ListItem","position":3,"name":"Zapatillas Bullpadel Paquito Navarro Hack Vibram 24V Negro"}]},{"@type":"WebSite","@id":"https:\/\/revolutionpadelstore.com\/it\/#website","url":"https:\/\/revolutionpadelstore.com\/it\/","name":"Revolution Padel Store","description":"","publisher":{"@id":"https:\/\/revolutionpadelstore.com\/it\/#organization"},"potentialAction":[{"@type":"SearchAction","target":{"@type":"EntryPoint","urlTemplate":"https:\/\/revolutionpadelstore.com\/it\/?s={search_term_string}"},"query-input":{"@type":"PropertyValueSpecification","valueRequired":true,"valueName":"search_term_string"}}],"inLanguage":"it-IT"},{"@type":"Organization","@id":"https:\/\/revolutionpadelstore.com\/it\/#organization","name":"Revolution Padel Store","url":"https:\/\/revolutionpadelstore.com\/it\/","logo":{"@type":"ImageObject","inLanguage":"it-IT","@id":"https:\/\/revolutionpadelstore.com\/it\/#\/schema\/logo\/image\/","url":"https:\/\/revolutionpadelstore.com\/wp-content\/uploads\/2026\/02\/revolution-padel-store.jpg","contentUrl":"https:\/\/revolutionpadelstore.com\/wp-content\/uploads\/2026\/02\/revolution-padel-store.jpg","width":2000,"height":2000,"caption":"Revolution Padel Store"},"image":{"@id":"https:\/\/revolutionpadelstore.com\/it\/#\/schema\/logo\/image\/"},"sameAs":["https:\/\/www.instagram.com\/revolutionpadelstore\/"]}]}},"_links":{"self":[{"href":"https:\/\/revolutionpadelstore.com\/it\/wp-json\/wp\/v2\/product\/17564","targetHints":{"allow":["GET"]}}],"collection":[{"href":"https:\/\/revolutionpadelstore.com\/it\/wp-json\/wp\/v2\/product"}],"about":[{"href":"https:\/\/revolutionpadelstore.com\/it\/wp-json\/wp\/v2\/types\/product"}],"replies":[{"embeddable":true,"href":"https:\/\/revolutionpadelstore.com\/it\/wp-json\/wp\/v2\/comments?post=17564"}],"wp:featuredmedia":[{"embeddable":true,"href":"https:\/\/revolutionpadelstore.com\/it\/wp-json\/wp\/v2\/media\/5492"}],"wp:attachment":[{"href":"https:\/\/revolutionpadelstore.com\/it\/wp-json\/wp\/v2\/media?parent=17564"}],"wp:term":[{"taxonomy":"acabado","embeddable":true,"href":"https:\/\/revolutionpadelstore.com\/it\/wp-json\/wp\/v2\/acabado?post=17564"},{"taxonomy":"balance","embeddable":true,"href":"https:\/\/revolutionpadelstore.com\/it\/wp-json\/wp\/v2\/balance?post=17564"},{"taxonomy":"dureza","embeddable":true,"href":"https:\/\/revolutionpadelstore.com\/it\/wp-json\/wp\/v2\/dureza?post=17564"},{"taxonomy":"forma","embeddable":true,"href":"https:\/\/revolutionpadelstore.com\/it\/wp-json\/wp\/v2\/forma?post=17564"},{"taxonomy":"jugador","embeddable":true,"href":"https:\/\/revolutionpadelstore.com\/it\/wp-json\/wp\/v2\/jugador?post=17564"},{"taxonomy":"marca","embeddable":true,"href":"https:\/\/revolutionpadelstore.com\/it\/wp-json\/wp\/v2\/marca?post=17564"},{"taxonomy":"nivel-de-juego","embeddable":true,"href":"https:\/\/revolutionpadelstore.com\/it\/wp-json\/wp\/v2\/nivel-de-juego?post=17564"},{"taxonomy":"superficie","embeddable":true,"href":"https:\/\/revolutionpadelstore.com\/it\/wp-json\/wp\/v2\/superficie?post=17564"},{"taxonomy":"tipo-de-juego","embeddable":true,"href":"https:\/\/revolutionpadelstore.com\/it\/wp-json\/wp\/v2\/tipo-de-juego?post=17564"},{"taxonomy":"product_brand","embeddable":true,"href":"https:\/\/revolutionpadelstore.com\/it\/wp-json\/wp\/v2\/product_brand?post=17564"},{"taxonomy":"product_cat","embeddable":true,"href":"https:\/\/revolutionpadelstore.com\/it\/wp-json\/wp\/v2\/product_cat?post=17564"},{"taxonomy":"product_tag","embeddable":true,"href":"https:\/\/revolutionpadelstore.com\/it\/wp-json\/wp\/v2\/product_tag?post=17564"}],"curies":[{"name":"wp","href":"https:\/\/api.w.org\/{rel}","templated":true}]}}