{"id":173801,"date":"2025-02-19T02:03:18","date_gmt":"2025-02-19T01:03:18","guid":{"rendered":"https:\/\/revolutionpadelstore.com\/camiseta-bullpadel-paquito-25v-420-lima\/"},"modified":"2026-04-08T06:21:29","modified_gmt":"2026-04-08T04:21:29","slug":"camiseta-bullpadel-paquito-25v-420-lima-4","status":"publish","type":"product","link":"https:\/\/revolutionpadelstore.com\/it\/prodotto\/camiseta-bullpadel-paquito-25v-420-lima-4\/","title":{"rendered":"CAMISETA BULLPADEL PAQUITO 25V 420 LIMA"},"content":{"rendered":"<h2> Bullpadel Paquito 25V Man &#8211; Performance and Style in pista<br \/>\nLa camicia da paddle da 25v Bullpadel Paquito 25V \u00e8 la scelta ideale per i giocatori che cercano comfort, traspirabilit\u00e0 e un design moderno. Progettato con la tecnologia Drynamic, questo capo offre asciugatura rapida e massima traspirabilit\u00e0, mantenendoti fresco anche nelle partite pi\u00f9 intense.<\/p>\n<p>La sua preparazione in poliestere dell&#8217;82% e il 18% di elastano forniscono un&#8217;eccezionale elasticit\u00e0, consentendo la totale libert\u00e0 di movimenti. Con un design a maniche corte e un vibrante colore lime, questa camicia combina funzionalit\u00e0 e stile per distinguersi in pista.<\/p>\n<h2> <strong> Caratteristiche del bullpadel paquito 25v <\/strong> <\/h2>\n<p>-Drynamic tecnico per una migliore traspirabilit\u00e0 e asciugatura rapida.<br \/>\n-Cognizione: 82% poliestere, 18% elastano.<br \/>\n-Corte Sports con regolazione comoda e leggera.<br \/>\n-Manga abbreviazione per una maggiore libert\u00e0 di movimento.<br \/>\n-Modern Lima Dise\u00f1o, ideale per la formazione e le competizioni.<\/p>\n<h2> <strong> Prestazioni massime e comfort <\/strong> <\/h2>\n<p>Questa maglietta \u00e8 stata progettata per i giocatori impegnativi alla ricerca di prestazioni e comfort in ogni partita. Il tuo tessuto tecnico aiuta a mantenere la pelle secca, mentre la regolazione ergonomica ti consente di muoverti con naturale naturale.<\/p>\n<p><strong> Ottieni la camicia Bullpadel Paquito 25V al miglior prezzo nel nostro negozio online <a href=\"https:\/\/chatgpt.com\/g\/g-675432e0268888191b6ee6d6f2fdbb15e-optimization-textos\/c\/www.revolutionpadelstore.com\"> ww.revolutionpadelstore.com Livello. <\/strong><\/p>\n","protected":false},"excerpt":{"rendered":"<p>La camicia da paddle Bullpadel Paquito 25V per uomini \u00e8 un indumento ideale per i giocatori che cercano comfort e prestazioni in campo. Realizzata con tessuto tecnico Drynamic, questa camicia offre una grande traspirabilit\u00e0 e asciugatura rapida, mantenendo il giocatore fresco durante il gioco.<\/p>\n","protected":false},"featured_media":173823,"comment_status":"open","ping_status":"closed","template":"","meta":{"_acf_changed":false,"_joinchat":[]},"acabado":[],"balance":[],"dureza":[],"forma":[],"jugador":[1191],"marca":[1256],"nivel-de-juego":[],"superficie":[],"tipo-de-juego":[],"product_brand":[],"product_cat":[338,337],"product_tag":[],"class_list":{"0":"post-173801","1":"product","2":"type-product","3":"status-publish","4":"has-post-thumbnail","6":"jugador-uomo","7":"marca-bullpadel-it","8":"product_cat-abbigliamento-dei-giocatori-premier","9":"product_cat-ropa-it","11":"first","12":"outofstock","13":"sale","14":"taxable","15":"shipping-taxable","16":"purchasable","17":"product-type-variable","18":"has-default-attributes"},"acf":[],"yoast_head":"<!-- This site is optimized with the Yoast SEO plugin v27.4 - https:\/\/yoast.com\/product\/yoast-seo-wordpress\/ -->\n<title>CAMISETA BULLPADEL PAQUITO 25V 420 LIMA - Revolution Padel Store<\/title>\n<meta name=\"description\" content=\"La camiseta de p\u00e1del Bullpadel Paquito 25V es la elecci\u00f3n ideal para jugadores que buscan comodidad, transpirabilidad y un dise\u00f1o moderno. Dise\u00f1ada con tecnolog\u00eda Drynamic, esta prenda ofrece secado r\u00e1pido y m\u00e1xima transpirabilidad, manteni\u00e9ndote fresco incluso en los partidos m\u00e1s intensos.\" \/>\n<meta name=\"robots\" content=\"index, follow, max-snippet:-1, max-image-preview:large, max-video-preview:-1\" \/>\n<link rel=\"canonical\" href=\"https:\/\/revolutionpadelstore.com\/it\/prodotto\/camiseta-bullpadel-paquito-25v-420-lima-4\/\" \/>\n<meta property=\"og:locale\" content=\"it_IT\" \/>\n<meta property=\"og:type\" content=\"article\" \/>\n<meta property=\"og:title\" content=\"CAMISETA BULLPADEL PAQUITO 25V 420 LIMA - Revolution Padel Store\" \/>\n<meta property=\"og:description\" content=\"La camiseta de p\u00e1del Bullpadel Paquito 25V es la elecci\u00f3n ideal para jugadores que buscan comodidad, transpirabilidad y un dise\u00f1o moderno. Dise\u00f1ada con tecnolog\u00eda Drynamic, esta prenda ofrece secado r\u00e1pido y m\u00e1xima transpirabilidad, manteni\u00e9ndote fresco incluso en los partidos m\u00e1s intensos.\" \/>\n<meta property=\"og:url\" content=\"https:\/\/revolutionpadelstore.com\/it\/prodotto\/camiseta-bullpadel-paquito-25v-420-lima-4\/\" \/>\n<meta property=\"og:site_name\" content=\"Revolution Padel Store\" \/>\n<meta property=\"article:modified_time\" content=\"2026-04-08T04:21:29+00:00\" \/>\n<meta property=\"og:image\" content=\"https:\/\/revolutionpadelstore.com\/wp-content\/uploads\/2025\/02\/FOTO-PALAS-3-1.png\" \/>\n\t<meta property=\"og:image:width\" content=\"1500\" \/>\n\t<meta property=\"og:image:height\" content=\"1500\" \/>\n\t<meta property=\"og:image:type\" content=\"image\/png\" \/>\n<meta name=\"twitter:card\" content=\"summary_large_image\" \/>\n<meta name=\"twitter:label1\" content=\"Tempo di lettura stimato\" \/>\n\t<meta name=\"twitter:data1\" content=\"1 minuto\" \/>\n<script type=\"application\/ld+json\" class=\"yoast-schema-graph\">{\"@context\":\"https:\\\/\\\/schema.org\",\"@graph\":[{\"@type\":\"WebPage\",\"@id\":\"https:\\\/\\\/revolutionpadelstore.com\\\/it\\\/prodotto\\\/camiseta-bullpadel-paquito-25v-420-lima-4\\\/\",\"url\":\"https:\\\/\\\/revolutionpadelstore.com\\\/it\\\/prodotto\\\/camiseta-bullpadel-paquito-25v-420-lima-4\\\/\",\"name\":\"CAMISETA BULLPADEL PAQUITO 25V 420 LIMA - Revolution Padel Store\",\"isPartOf\":{\"@id\":\"https:\\\/\\\/revolutionpadelstore.com\\\/it\\\/#website\"},\"primaryImageOfPage\":{\"@id\":\"https:\\\/\\\/revolutionpadelstore.com\\\/it\\\/prodotto\\\/camiseta-bullpadel-paquito-25v-420-lima-4\\\/#primaryimage\"},\"image\":{\"@id\":\"https:\\\/\\\/revolutionpadelstore.com\\\/it\\\/prodotto\\\/camiseta-bullpadel-paquito-25v-420-lima-4\\\/#primaryimage\"},\"thumbnailUrl\":\"https:\\\/\\\/revolutionpadelstore.com\\\/wp-content\\\/uploads\\\/2025\\\/02\\\/FOTO-PALAS-3-1.png\",\"datePublished\":\"2025-02-19T01:03:18+00:00\",\"dateModified\":\"2026-04-08T04:21:29+00:00\",\"description\":\"La camiseta de p\u00e1del Bullpadel Paquito 25V es la elecci\u00f3n ideal para jugadores que buscan comodidad, transpirabilidad y un dise\u00f1o moderno. Dise\u00f1ada con tecnolog\u00eda Drynamic, esta prenda ofrece secado r\u00e1pido y m\u00e1xima transpirabilidad, manteni\u00e9ndote fresco incluso en los partidos m\u00e1s intensos.\",\"breadcrumb\":{\"@id\":\"https:\\\/\\\/revolutionpadelstore.com\\\/it\\\/prodotto\\\/camiseta-bullpadel-paquito-25v-420-lima-4\\\/#breadcrumb\"},\"inLanguage\":\"it-IT\",\"potentialAction\":[{\"@type\":\"ReadAction\",\"target\":[\"https:\\\/\\\/revolutionpadelstore.com\\\/it\\\/prodotto\\\/camiseta-bullpadel-paquito-25v-420-lima-4\\\/\"]}]},{\"@type\":\"ImageObject\",\"inLanguage\":\"it-IT\",\"@id\":\"https:\\\/\\\/revolutionpadelstore.com\\\/it\\\/prodotto\\\/camiseta-bullpadel-paquito-25v-420-lima-4\\\/#primaryimage\",\"url\":\"https:\\\/\\\/revolutionpadelstore.com\\\/wp-content\\\/uploads\\\/2025\\\/02\\\/FOTO-PALAS-3-1.png\",\"contentUrl\":\"https:\\\/\\\/revolutionpadelstore.com\\\/wp-content\\\/uploads\\\/2025\\\/02\\\/FOTO-PALAS-3-1.png\",\"width\":1500,\"height\":1500},{\"@type\":\"BreadcrumbList\",\"@id\":\"https:\\\/\\\/revolutionpadelstore.com\\\/it\\\/prodotto\\\/camiseta-bullpadel-paquito-25v-420-lima-4\\\/#breadcrumb\",\"itemListElement\":[{\"@type\":\"ListItem\",\"position\":1,\"name\":\"Portada\",\"item\":\"https:\\\/\\\/revolutionpadelstore.com\\\/it\\\/\"},{\"@type\":\"ListItem\",\"position\":2,\"name\":\"Tienda\",\"item\":\"https:\\\/\\\/revolutionpadelstore.com\\\/it\\\/tienda\\\/\"},{\"@type\":\"ListItem\",\"position\":3,\"name\":\"CAMISETA BULLPADEL PAQUITO 25V 420 LIMA\"}]},{\"@type\":\"WebSite\",\"@id\":\"https:\\\/\\\/revolutionpadelstore.com\\\/it\\\/#website\",\"url\":\"https:\\\/\\\/revolutionpadelstore.com\\\/it\\\/\",\"name\":\"Revolution Padel Store\",\"description\":\"\",\"publisher\":{\"@id\":\"https:\\\/\\\/revolutionpadelstore.com\\\/it\\\/#organization\"},\"potentialAction\":[{\"@type\":\"SearchAction\",\"target\":{\"@type\":\"EntryPoint\",\"urlTemplate\":\"https:\\\/\\\/revolutionpadelstore.com\\\/it\\\/?s={search_term_string}\"},\"query-input\":{\"@type\":\"PropertyValueSpecification\",\"valueRequired\":true,\"valueName\":\"search_term_string\"}}],\"inLanguage\":\"it-IT\"},{\"@type\":\"Organization\",\"@id\":\"https:\\\/\\\/revolutionpadelstore.com\\\/it\\\/#organization\",\"name\":\"Revolution Padel Store\",\"url\":\"https:\\\/\\\/revolutionpadelstore.com\\\/it\\\/\",\"logo\":{\"@type\":\"ImageObject\",\"inLanguage\":\"it-IT\",\"@id\":\"https:\\\/\\\/revolutionpadelstore.com\\\/it\\\/#\\\/schema\\\/logo\\\/image\\\/\",\"url\":\"https:\\\/\\\/revolutionpadelstore.com\\\/wp-content\\\/uploads\\\/2026\\\/02\\\/revolution-padel-store.jpg\",\"contentUrl\":\"https:\\\/\\\/revolutionpadelstore.com\\\/wp-content\\\/uploads\\\/2026\\\/02\\\/revolution-padel-store.jpg\",\"width\":2000,\"height\":2000,\"caption\":\"Revolution Padel Store\"},\"image\":{\"@id\":\"https:\\\/\\\/revolutionpadelstore.com\\\/it\\\/#\\\/schema\\\/logo\\\/image\\\/\"},\"sameAs\":[\"https:\\\/\\\/www.instagram.com\\\/revolutionpadelstore\\\/\"]}]}<\/script>\n<!-- \/ Yoast SEO plugin. -->","yoast_head_json":{"title":"CAMISETA BULLPADEL PAQUITO 25V 420 LIMA - Revolution Padel Store","description":"La camiseta de p\u00e1del Bullpadel Paquito 25V es la elecci\u00f3n ideal para jugadores que buscan comodidad, transpirabilidad y un dise\u00f1o moderno. Dise\u00f1ada con tecnolog\u00eda Drynamic, esta prenda ofrece secado r\u00e1pido y m\u00e1xima transpirabilidad, manteni\u00e9ndote fresco incluso en los partidos m\u00e1s intensos.","robots":{"index":"index","follow":"follow","max-snippet":"max-snippet:-1","max-image-preview":"max-image-preview:large","max-video-preview":"max-video-preview:-1"},"canonical":"https:\/\/revolutionpadelstore.com\/it\/prodotto\/camiseta-bullpadel-paquito-25v-420-lima-4\/","og_locale":"it_IT","og_type":"article","og_title":"CAMISETA BULLPADEL PAQUITO 25V 420 LIMA - Revolution Padel Store","og_description":"La camiseta de p\u00e1del Bullpadel Paquito 25V es la elecci\u00f3n ideal para jugadores que buscan comodidad, transpirabilidad y un dise\u00f1o moderno. Dise\u00f1ada con tecnolog\u00eda Drynamic, esta prenda ofrece secado r\u00e1pido y m\u00e1xima transpirabilidad, manteni\u00e9ndote fresco incluso en los partidos m\u00e1s intensos.","og_url":"https:\/\/revolutionpadelstore.com\/it\/prodotto\/camiseta-bullpadel-paquito-25v-420-lima-4\/","og_site_name":"Revolution Padel Store","article_modified_time":"2026-04-08T04:21:29+00:00","og_image":[{"width":1500,"height":1500,"url":"https:\/\/revolutionpadelstore.com\/wp-content\/uploads\/2025\/02\/FOTO-PALAS-3-1.png","type":"image\/png"}],"twitter_card":"summary_large_image","twitter_misc":{"Tempo di lettura stimato":"1 minuto"},"schema":{"@context":"https:\/\/schema.org","@graph":[{"@type":"WebPage","@id":"https:\/\/revolutionpadelstore.com\/it\/prodotto\/camiseta-bullpadel-paquito-25v-420-lima-4\/","url":"https:\/\/revolutionpadelstore.com\/it\/prodotto\/camiseta-bullpadel-paquito-25v-420-lima-4\/","name":"CAMISETA BULLPADEL PAQUITO 25V 420 LIMA - Revolution Padel Store","isPartOf":{"@id":"https:\/\/revolutionpadelstore.com\/it\/#website"},"primaryImageOfPage":{"@id":"https:\/\/revolutionpadelstore.com\/it\/prodotto\/camiseta-bullpadel-paquito-25v-420-lima-4\/#primaryimage"},"image":{"@id":"https:\/\/revolutionpadelstore.com\/it\/prodotto\/camiseta-bullpadel-paquito-25v-420-lima-4\/#primaryimage"},"thumbnailUrl":"https:\/\/revolutionpadelstore.com\/wp-content\/uploads\/2025\/02\/FOTO-PALAS-3-1.png","datePublished":"2025-02-19T01:03:18+00:00","dateModified":"2026-04-08T04:21:29+00:00","description":"La camiseta de p\u00e1del Bullpadel Paquito 25V es la elecci\u00f3n ideal para jugadores que buscan comodidad, transpirabilidad y un dise\u00f1o moderno. Dise\u00f1ada con tecnolog\u00eda Drynamic, esta prenda ofrece secado r\u00e1pido y m\u00e1xima transpirabilidad, manteni\u00e9ndote fresco incluso en los partidos m\u00e1s intensos.","breadcrumb":{"@id":"https:\/\/revolutionpadelstore.com\/it\/prodotto\/camiseta-bullpadel-paquito-25v-420-lima-4\/#breadcrumb"},"inLanguage":"it-IT","potentialAction":[{"@type":"ReadAction","target":["https:\/\/revolutionpadelstore.com\/it\/prodotto\/camiseta-bullpadel-paquito-25v-420-lima-4\/"]}]},{"@type":"ImageObject","inLanguage":"it-IT","@id":"https:\/\/revolutionpadelstore.com\/it\/prodotto\/camiseta-bullpadel-paquito-25v-420-lima-4\/#primaryimage","url":"https:\/\/revolutionpadelstore.com\/wp-content\/uploads\/2025\/02\/FOTO-PALAS-3-1.png","contentUrl":"https:\/\/revolutionpadelstore.com\/wp-content\/uploads\/2025\/02\/FOTO-PALAS-3-1.png","width":1500,"height":1500},{"@type":"BreadcrumbList","@id":"https:\/\/revolutionpadelstore.com\/it\/prodotto\/camiseta-bullpadel-paquito-25v-420-lima-4\/#breadcrumb","itemListElement":[{"@type":"ListItem","position":1,"name":"Portada","item":"https:\/\/revolutionpadelstore.com\/it\/"},{"@type":"ListItem","position":2,"name":"Tienda","item":"https:\/\/revolutionpadelstore.com\/it\/tienda\/"},{"@type":"ListItem","position":3,"name":"CAMISETA BULLPADEL PAQUITO 25V 420 LIMA"}]},{"@type":"WebSite","@id":"https:\/\/revolutionpadelstore.com\/it\/#website","url":"https:\/\/revolutionpadelstore.com\/it\/","name":"Revolution Padel Store","description":"","publisher":{"@id":"https:\/\/revolutionpadelstore.com\/it\/#organization"},"potentialAction":[{"@type":"SearchAction","target":{"@type":"EntryPoint","urlTemplate":"https:\/\/revolutionpadelstore.com\/it\/?s={search_term_string}"},"query-input":{"@type":"PropertyValueSpecification","valueRequired":true,"valueName":"search_term_string"}}],"inLanguage":"it-IT"},{"@type":"Organization","@id":"https:\/\/revolutionpadelstore.com\/it\/#organization","name":"Revolution Padel Store","url":"https:\/\/revolutionpadelstore.com\/it\/","logo":{"@type":"ImageObject","inLanguage":"it-IT","@id":"https:\/\/revolutionpadelstore.com\/it\/#\/schema\/logo\/image\/","url":"https:\/\/revolutionpadelstore.com\/wp-content\/uploads\/2026\/02\/revolution-padel-store.jpg","contentUrl":"https:\/\/revolutionpadelstore.com\/wp-content\/uploads\/2026\/02\/revolution-padel-store.jpg","width":2000,"height":2000,"caption":"Revolution Padel Store"},"image":{"@id":"https:\/\/revolutionpadelstore.com\/it\/#\/schema\/logo\/image\/"},"sameAs":["https:\/\/www.instagram.com\/revolutionpadelstore\/"]}]}},"_links":{"self":[{"href":"https:\/\/revolutionpadelstore.com\/it\/wp-json\/wp\/v2\/product\/173801","targetHints":{"allow":["GET"]}}],"collection":[{"href":"https:\/\/revolutionpadelstore.com\/it\/wp-json\/wp\/v2\/product"}],"about":[{"href":"https:\/\/revolutionpadelstore.com\/it\/wp-json\/wp\/v2\/types\/product"}],"replies":[{"embeddable":true,"href":"https:\/\/revolutionpadelstore.com\/it\/wp-json\/wp\/v2\/comments?post=173801"}],"wp:featuredmedia":[{"embeddable":true,"href":"https:\/\/revolutionpadelstore.com\/it\/wp-json\/wp\/v2\/media\/173823"}],"wp:attachment":[{"href":"https:\/\/revolutionpadelstore.com\/it\/wp-json\/wp\/v2\/media?parent=173801"}],"wp:term":[{"taxonomy":"acabado","embeddable":true,"href":"https:\/\/revolutionpadelstore.com\/it\/wp-json\/wp\/v2\/acabado?post=173801"},{"taxonomy":"balance","embeddable":true,"href":"https:\/\/revolutionpadelstore.com\/it\/wp-json\/wp\/v2\/balance?post=173801"},{"taxonomy":"dureza","embeddable":true,"href":"https:\/\/revolutionpadelstore.com\/it\/wp-json\/wp\/v2\/dureza?post=173801"},{"taxonomy":"forma","embeddable":true,"href":"https:\/\/revolutionpadelstore.com\/it\/wp-json\/wp\/v2\/forma?post=173801"},{"taxonomy":"jugador","embeddable":true,"href":"https:\/\/revolutionpadelstore.com\/it\/wp-json\/wp\/v2\/jugador?post=173801"},{"taxonomy":"marca","embeddable":true,"href":"https:\/\/revolutionpadelstore.com\/it\/wp-json\/wp\/v2\/marca?post=173801"},{"taxonomy":"nivel-de-juego","embeddable":true,"href":"https:\/\/revolutionpadelstore.com\/it\/wp-json\/wp\/v2\/nivel-de-juego?post=173801"},{"taxonomy":"superficie","embeddable":true,"href":"https:\/\/revolutionpadelstore.com\/it\/wp-json\/wp\/v2\/superficie?post=173801"},{"taxonomy":"tipo-de-juego","embeddable":true,"href":"https:\/\/revolutionpadelstore.com\/it\/wp-json\/wp\/v2\/tipo-de-juego?post=173801"},{"taxonomy":"product_brand","embeddable":true,"href":"https:\/\/revolutionpadelstore.com\/it\/wp-json\/wp\/v2\/product_brand?post=173801"},{"taxonomy":"product_cat","embeddable":true,"href":"https:\/\/revolutionpadelstore.com\/it\/wp-json\/wp\/v2\/product_cat?post=173801"},{"taxonomy":"product_tag","embeddable":true,"href":"https:\/\/revolutionpadelstore.com\/it\/wp-json\/wp\/v2\/product_tag?post=173801"}],"curies":[{"name":"wp","href":"https:\/\/api.w.org\/{rel}","templated":true}]}}