{"id":173764,"date":"2025-02-19T02:05:51","date_gmt":"2025-02-19T01:05:51","guid":{"rendered":"https:\/\/revolutionpadelstore.com\/camiseta-bullpadel-paquito-25v-624-topo\/"},"modified":"2026-04-08T06:20:30","modified_gmt":"2026-04-08T04:20:30","slug":"camiseta-bullpadel-paquito-25v-624-topo-4","status":"publish","type":"product","link":"https:\/\/revolutionpadelstore.com\/it\/prodotto\/camiseta-bullpadel-paquito-25v-624-topo-4\/","title":{"rendered":"CAMISETA BULLPADEL PAQUITO 25V 624 TOPO"},"content":{"rendered":"<br \/>\n<h2>T-shirt da uomo Bullpadel Paquito 25V \u2013 Prestazioni e stile in campo<\/h2>\n<p>La maglietta da padel Bullpadel Paquito 25V \u00e8 la scelta ideale per i giocatori che cercano comfort, traspirabilit\u00e0 e un design moderno. Progettato con la tecnologia Drynamic, questo capo offre un&#8217;asciugatura rapida e la massima traspirabilit\u00e0, mantenendoti fresco anche nelle partite pi\u00f9 intense.<\/p>\n<p>La sua costruzione in 82% poliestere e 18% elastan fornisce un&#8217;elasticit\u00e0 eccezionale, consentendo una totale libert\u00e0 di movimento. Con un design a maniche corte e un vivace colore lime, questa t-shirt unisce funzionalit\u00e0 e stile per distinguersi in campo.<\/p>\n<h2><strong>Caratteristiche della maglietta Bullpadel Paquito 25V<\/strong><\/h2>\n<p>-Tessuto tecnico Drynamic per una migliore traspirabilit\u00e0 e una rapida asciugatura.<br \/>\n-Composizione: 82% poliestere, 18% elastan.<br \/>\n-Taglio sportivo con vestibilit\u00e0 comoda e leggera.<br \/>\n-Maniche corte per una maggiore libert\u00e0 di movimento.<br \/>\n-Design moderno in colore lime, ideale per allenamenti e gare.<\/p>\n<h2><strong>Massime prestazioni e comfort<\/strong><\/h2>\n<p>Questa maglia \u00e8 stata pensata per i giocatori esigenti che cercano prestazione e comfort in ogni partita. Il suo tessuto tecnico aiuta a mantenere la pelle asciutta, mentre la sua vestibilit\u00e0 ergonomica ti consente di muoverti in modo naturale.<\/p>\n<p><strong>Acquista la maglietta Bullpadel Paquito 25V al miglior prezzo nel nostro negozio online <a href=\"https:\/\/chatgpt.com\/g\/g-675432e026888191b6ee6d6f2fdbb15e-optimizacion-textos\/c\/www.revolutionpadelstore.com\">www.revolutionpadelstore.com<\/a> e porta il tuo gioco al prossimo livello.<\/strong><\/p>\n","protected":false},"excerpt":{"rendered":"<p>La camicia da paddle Bullpadel Paquito 25V per uomini \u00e8 un indumento ideale per i giocatori che cercano comfort e prestazioni in campo. Realizzata con tessuto tecnico Drynamic, questa camicia offre una grande traspirabilit\u00e0 e asciugatura rapida, mantenendo il giocatore fresco durante il gioco.<\/p>\n","protected":false},"featured_media":173780,"comment_status":"open","ping_status":"closed","template":"","meta":{"_acf_changed":false,"_joinchat":[]},"acabado":[],"balance":[],"dureza":[],"forma":[],"jugador":[1191],"marca":[1256],"nivel-de-juego":[],"superficie":[],"tipo-de-juego":[],"product_brand":[],"product_cat":[338,337],"product_tag":[],"class_list":{"0":"post-173764","1":"product","2":"type-product","3":"status-publish","4":"has-post-thumbnail","6":"jugador-uomo","7":"marca-bullpadel-it","8":"product_cat-abbigliamento-dei-giocatori-premier","9":"product_cat-ropa-it","11":"first","12":"outofstock","13":"sale","14":"taxable","15":"shipping-taxable","16":"purchasable","17":"product-type-variable","18":"has-default-attributes"},"acf":[],"yoast_head":"<!-- This site is optimized with the Yoast SEO plugin v27.4 - https:\/\/yoast.com\/product\/yoast-seo-wordpress\/ -->\n<title>CAMISETA BULLPADEL PAQUITO 25V 624 TOPO - Revolution Padel Store<\/title>\n<meta name=\"description\" content=\"Esta camiseta ha sido dise\u00f1ada para jugadores exigentes que buscan rendimiento y comodidad en cada partido. Su tejido t\u00e9cnico ayuda a mantener la piel seca, mientras que su ajuste ergon\u00f3mico te permite moverte con total naturalidad.\" \/>\n<meta name=\"robots\" content=\"index, follow, max-snippet:-1, max-image-preview:large, max-video-preview:-1\" \/>\n<link rel=\"canonical\" href=\"https:\/\/revolutionpadelstore.com\/it\/prodotto\/camiseta-bullpadel-paquito-25v-624-topo-4\/\" \/>\n<meta property=\"og:locale\" content=\"it_IT\" \/>\n<meta property=\"og:type\" content=\"article\" \/>\n<meta property=\"og:title\" content=\"CAMISETA BULLPADEL PAQUITO 25V 624 TOPO - Revolution Padel Store\" \/>\n<meta property=\"og:description\" content=\"Esta camiseta ha sido dise\u00f1ada para jugadores exigentes que buscan rendimiento y comodidad en cada partido. Su tejido t\u00e9cnico ayuda a mantener la piel seca, mientras que su ajuste ergon\u00f3mico te permite moverte con total naturalidad.\" \/>\n<meta property=\"og:url\" content=\"https:\/\/revolutionpadelstore.com\/it\/prodotto\/camiseta-bullpadel-paquito-25v-624-topo-4\/\" \/>\n<meta property=\"og:site_name\" content=\"Revolution Padel Store\" \/>\n<meta property=\"article:modified_time\" content=\"2026-04-08T04:20:30+00:00\" \/>\n<meta property=\"og:image\" content=\"https:\/\/revolutionpadelstore.com\/wp-content\/uploads\/2025\/02\/FOTO-PALAS-4.png\" \/>\n\t<meta property=\"og:image:width\" content=\"1500\" \/>\n\t<meta property=\"og:image:height\" content=\"1500\" \/>\n\t<meta property=\"og:image:type\" content=\"image\/png\" \/>\n<meta name=\"twitter:card\" content=\"summary_large_image\" \/>\n<meta name=\"twitter:label1\" content=\"Tempo di lettura stimato\" \/>\n\t<meta name=\"twitter:data1\" content=\"2 minuti\" \/>\n<script type=\"application\/ld+json\" class=\"yoast-schema-graph\">{\"@context\":\"https:\\\/\\\/schema.org\",\"@graph\":[{\"@type\":\"WebPage\",\"@id\":\"https:\\\/\\\/revolutionpadelstore.com\\\/it\\\/prodotto\\\/camiseta-bullpadel-paquito-25v-624-topo-4\\\/\",\"url\":\"https:\\\/\\\/revolutionpadelstore.com\\\/it\\\/prodotto\\\/camiseta-bullpadel-paquito-25v-624-topo-4\\\/\",\"name\":\"CAMISETA BULLPADEL PAQUITO 25V 624 TOPO - Revolution Padel Store\",\"isPartOf\":{\"@id\":\"https:\\\/\\\/revolutionpadelstore.com\\\/it\\\/#website\"},\"primaryImageOfPage\":{\"@id\":\"https:\\\/\\\/revolutionpadelstore.com\\\/it\\\/prodotto\\\/camiseta-bullpadel-paquito-25v-624-topo-4\\\/#primaryimage\"},\"image\":{\"@id\":\"https:\\\/\\\/revolutionpadelstore.com\\\/it\\\/prodotto\\\/camiseta-bullpadel-paquito-25v-624-topo-4\\\/#primaryimage\"},\"thumbnailUrl\":\"https:\\\/\\\/revolutionpadelstore.com\\\/wp-content\\\/uploads\\\/2025\\\/02\\\/FOTO-PALAS-4.png\",\"datePublished\":\"2025-02-19T01:05:51+00:00\",\"dateModified\":\"2026-04-08T04:20:30+00:00\",\"description\":\"Esta camiseta ha sido dise\u00f1ada para jugadores exigentes que buscan rendimiento y comodidad en cada partido. Su tejido t\u00e9cnico ayuda a mantener la piel seca, mientras que su ajuste ergon\u00f3mico te permite moverte con total naturalidad.\",\"breadcrumb\":{\"@id\":\"https:\\\/\\\/revolutionpadelstore.com\\\/it\\\/prodotto\\\/camiseta-bullpadel-paquito-25v-624-topo-4\\\/#breadcrumb\"},\"inLanguage\":\"it-IT\",\"potentialAction\":[{\"@type\":\"ReadAction\",\"target\":[\"https:\\\/\\\/revolutionpadelstore.com\\\/it\\\/prodotto\\\/camiseta-bullpadel-paquito-25v-624-topo-4\\\/\"]}]},{\"@type\":\"ImageObject\",\"inLanguage\":\"it-IT\",\"@id\":\"https:\\\/\\\/revolutionpadelstore.com\\\/it\\\/prodotto\\\/camiseta-bullpadel-paquito-25v-624-topo-4\\\/#primaryimage\",\"url\":\"https:\\\/\\\/revolutionpadelstore.com\\\/wp-content\\\/uploads\\\/2025\\\/02\\\/FOTO-PALAS-4.png\",\"contentUrl\":\"https:\\\/\\\/revolutionpadelstore.com\\\/wp-content\\\/uploads\\\/2025\\\/02\\\/FOTO-PALAS-4.png\",\"width\":1500,\"height\":1500},{\"@type\":\"BreadcrumbList\",\"@id\":\"https:\\\/\\\/revolutionpadelstore.com\\\/it\\\/prodotto\\\/camiseta-bullpadel-paquito-25v-624-topo-4\\\/#breadcrumb\",\"itemListElement\":[{\"@type\":\"ListItem\",\"position\":1,\"name\":\"Portada\",\"item\":\"https:\\\/\\\/revolutionpadelstore.com\\\/it\\\/\"},{\"@type\":\"ListItem\",\"position\":2,\"name\":\"Tienda\",\"item\":\"https:\\\/\\\/revolutionpadelstore.com\\\/it\\\/tienda\\\/\"},{\"@type\":\"ListItem\",\"position\":3,\"name\":\"CAMISETA BULLPADEL PAQUITO 25V 624 TOPO\"}]},{\"@type\":\"WebSite\",\"@id\":\"https:\\\/\\\/revolutionpadelstore.com\\\/it\\\/#website\",\"url\":\"https:\\\/\\\/revolutionpadelstore.com\\\/it\\\/\",\"name\":\"Revolution Padel Store\",\"description\":\"\",\"publisher\":{\"@id\":\"https:\\\/\\\/revolutionpadelstore.com\\\/it\\\/#organization\"},\"potentialAction\":[{\"@type\":\"SearchAction\",\"target\":{\"@type\":\"EntryPoint\",\"urlTemplate\":\"https:\\\/\\\/revolutionpadelstore.com\\\/it\\\/?s={search_term_string}\"},\"query-input\":{\"@type\":\"PropertyValueSpecification\",\"valueRequired\":true,\"valueName\":\"search_term_string\"}}],\"inLanguage\":\"it-IT\"},{\"@type\":\"Organization\",\"@id\":\"https:\\\/\\\/revolutionpadelstore.com\\\/it\\\/#organization\",\"name\":\"Revolution Padel Store\",\"url\":\"https:\\\/\\\/revolutionpadelstore.com\\\/it\\\/\",\"logo\":{\"@type\":\"ImageObject\",\"inLanguage\":\"it-IT\",\"@id\":\"https:\\\/\\\/revolutionpadelstore.com\\\/it\\\/#\\\/schema\\\/logo\\\/image\\\/\",\"url\":\"https:\\\/\\\/revolutionpadelstore.com\\\/wp-content\\\/uploads\\\/2026\\\/02\\\/revolution-padel-store.jpg\",\"contentUrl\":\"https:\\\/\\\/revolutionpadelstore.com\\\/wp-content\\\/uploads\\\/2026\\\/02\\\/revolution-padel-store.jpg\",\"width\":2000,\"height\":2000,\"caption\":\"Revolution Padel Store\"},\"image\":{\"@id\":\"https:\\\/\\\/revolutionpadelstore.com\\\/it\\\/#\\\/schema\\\/logo\\\/image\\\/\"},\"sameAs\":[\"https:\\\/\\\/www.instagram.com\\\/revolutionpadelstore\\\/\"]}]}<\/script>\n<!-- \/ Yoast SEO plugin. -->","yoast_head_json":{"title":"CAMISETA BULLPADEL PAQUITO 25V 624 TOPO - Revolution Padel Store","description":"Esta camiseta ha sido dise\u00f1ada para jugadores exigentes que buscan rendimiento y comodidad en cada partido. Su tejido t\u00e9cnico ayuda a mantener la piel seca, mientras que su ajuste ergon\u00f3mico te permite moverte con total naturalidad.","robots":{"index":"index","follow":"follow","max-snippet":"max-snippet:-1","max-image-preview":"max-image-preview:large","max-video-preview":"max-video-preview:-1"},"canonical":"https:\/\/revolutionpadelstore.com\/it\/prodotto\/camiseta-bullpadel-paquito-25v-624-topo-4\/","og_locale":"it_IT","og_type":"article","og_title":"CAMISETA BULLPADEL PAQUITO 25V 624 TOPO - Revolution Padel Store","og_description":"Esta camiseta ha sido dise\u00f1ada para jugadores exigentes que buscan rendimiento y comodidad en cada partido. Su tejido t\u00e9cnico ayuda a mantener la piel seca, mientras que su ajuste ergon\u00f3mico te permite moverte con total naturalidad.","og_url":"https:\/\/revolutionpadelstore.com\/it\/prodotto\/camiseta-bullpadel-paquito-25v-624-topo-4\/","og_site_name":"Revolution Padel Store","article_modified_time":"2026-04-08T04:20:30+00:00","og_image":[{"width":1500,"height":1500,"url":"https:\/\/revolutionpadelstore.com\/wp-content\/uploads\/2025\/02\/FOTO-PALAS-4.png","type":"image\/png"}],"twitter_card":"summary_large_image","twitter_misc":{"Tempo di lettura stimato":"2 minuti"},"schema":{"@context":"https:\/\/schema.org","@graph":[{"@type":"WebPage","@id":"https:\/\/revolutionpadelstore.com\/it\/prodotto\/camiseta-bullpadel-paquito-25v-624-topo-4\/","url":"https:\/\/revolutionpadelstore.com\/it\/prodotto\/camiseta-bullpadel-paquito-25v-624-topo-4\/","name":"CAMISETA BULLPADEL PAQUITO 25V 624 TOPO - Revolution Padel Store","isPartOf":{"@id":"https:\/\/revolutionpadelstore.com\/it\/#website"},"primaryImageOfPage":{"@id":"https:\/\/revolutionpadelstore.com\/it\/prodotto\/camiseta-bullpadel-paquito-25v-624-topo-4\/#primaryimage"},"image":{"@id":"https:\/\/revolutionpadelstore.com\/it\/prodotto\/camiseta-bullpadel-paquito-25v-624-topo-4\/#primaryimage"},"thumbnailUrl":"https:\/\/revolutionpadelstore.com\/wp-content\/uploads\/2025\/02\/FOTO-PALAS-4.png","datePublished":"2025-02-19T01:05:51+00:00","dateModified":"2026-04-08T04:20:30+00:00","description":"Esta camiseta ha sido dise\u00f1ada para jugadores exigentes que buscan rendimiento y comodidad en cada partido. Su tejido t\u00e9cnico ayuda a mantener la piel seca, mientras que su ajuste ergon\u00f3mico te permite moverte con total naturalidad.","breadcrumb":{"@id":"https:\/\/revolutionpadelstore.com\/it\/prodotto\/camiseta-bullpadel-paquito-25v-624-topo-4\/#breadcrumb"},"inLanguage":"it-IT","potentialAction":[{"@type":"ReadAction","target":["https:\/\/revolutionpadelstore.com\/it\/prodotto\/camiseta-bullpadel-paquito-25v-624-topo-4\/"]}]},{"@type":"ImageObject","inLanguage":"it-IT","@id":"https:\/\/revolutionpadelstore.com\/it\/prodotto\/camiseta-bullpadel-paquito-25v-624-topo-4\/#primaryimage","url":"https:\/\/revolutionpadelstore.com\/wp-content\/uploads\/2025\/02\/FOTO-PALAS-4.png","contentUrl":"https:\/\/revolutionpadelstore.com\/wp-content\/uploads\/2025\/02\/FOTO-PALAS-4.png","width":1500,"height":1500},{"@type":"BreadcrumbList","@id":"https:\/\/revolutionpadelstore.com\/it\/prodotto\/camiseta-bullpadel-paquito-25v-624-topo-4\/#breadcrumb","itemListElement":[{"@type":"ListItem","position":1,"name":"Portada","item":"https:\/\/revolutionpadelstore.com\/it\/"},{"@type":"ListItem","position":2,"name":"Tienda","item":"https:\/\/revolutionpadelstore.com\/it\/tienda\/"},{"@type":"ListItem","position":3,"name":"CAMISETA BULLPADEL PAQUITO 25V 624 TOPO"}]},{"@type":"WebSite","@id":"https:\/\/revolutionpadelstore.com\/it\/#website","url":"https:\/\/revolutionpadelstore.com\/it\/","name":"Revolution Padel Store","description":"","publisher":{"@id":"https:\/\/revolutionpadelstore.com\/it\/#organization"},"potentialAction":[{"@type":"SearchAction","target":{"@type":"EntryPoint","urlTemplate":"https:\/\/revolutionpadelstore.com\/it\/?s={search_term_string}"},"query-input":{"@type":"PropertyValueSpecification","valueRequired":true,"valueName":"search_term_string"}}],"inLanguage":"it-IT"},{"@type":"Organization","@id":"https:\/\/revolutionpadelstore.com\/it\/#organization","name":"Revolution Padel Store","url":"https:\/\/revolutionpadelstore.com\/it\/","logo":{"@type":"ImageObject","inLanguage":"it-IT","@id":"https:\/\/revolutionpadelstore.com\/it\/#\/schema\/logo\/image\/","url":"https:\/\/revolutionpadelstore.com\/wp-content\/uploads\/2026\/02\/revolution-padel-store.jpg","contentUrl":"https:\/\/revolutionpadelstore.com\/wp-content\/uploads\/2026\/02\/revolution-padel-store.jpg","width":2000,"height":2000,"caption":"Revolution Padel Store"},"image":{"@id":"https:\/\/revolutionpadelstore.com\/it\/#\/schema\/logo\/image\/"},"sameAs":["https:\/\/www.instagram.com\/revolutionpadelstore\/"]}]}},"_links":{"self":[{"href":"https:\/\/revolutionpadelstore.com\/it\/wp-json\/wp\/v2\/product\/173764","targetHints":{"allow":["GET"]}}],"collection":[{"href":"https:\/\/revolutionpadelstore.com\/it\/wp-json\/wp\/v2\/product"}],"about":[{"href":"https:\/\/revolutionpadelstore.com\/it\/wp-json\/wp\/v2\/types\/product"}],"replies":[{"embeddable":true,"href":"https:\/\/revolutionpadelstore.com\/it\/wp-json\/wp\/v2\/comments?post=173764"}],"wp:featuredmedia":[{"embeddable":true,"href":"https:\/\/revolutionpadelstore.com\/it\/wp-json\/wp\/v2\/media\/173780"}],"wp:attachment":[{"href":"https:\/\/revolutionpadelstore.com\/it\/wp-json\/wp\/v2\/media?parent=173764"}],"wp:term":[{"taxonomy":"acabado","embeddable":true,"href":"https:\/\/revolutionpadelstore.com\/it\/wp-json\/wp\/v2\/acabado?post=173764"},{"taxonomy":"balance","embeddable":true,"href":"https:\/\/revolutionpadelstore.com\/it\/wp-json\/wp\/v2\/balance?post=173764"},{"taxonomy":"dureza","embeddable":true,"href":"https:\/\/revolutionpadelstore.com\/it\/wp-json\/wp\/v2\/dureza?post=173764"},{"taxonomy":"forma","embeddable":true,"href":"https:\/\/revolutionpadelstore.com\/it\/wp-json\/wp\/v2\/forma?post=173764"},{"taxonomy":"jugador","embeddable":true,"href":"https:\/\/revolutionpadelstore.com\/it\/wp-json\/wp\/v2\/jugador?post=173764"},{"taxonomy":"marca","embeddable":true,"href":"https:\/\/revolutionpadelstore.com\/it\/wp-json\/wp\/v2\/marca?post=173764"},{"taxonomy":"nivel-de-juego","embeddable":true,"href":"https:\/\/revolutionpadelstore.com\/it\/wp-json\/wp\/v2\/nivel-de-juego?post=173764"},{"taxonomy":"superficie","embeddable":true,"href":"https:\/\/revolutionpadelstore.com\/it\/wp-json\/wp\/v2\/superficie?post=173764"},{"taxonomy":"tipo-de-juego","embeddable":true,"href":"https:\/\/revolutionpadelstore.com\/it\/wp-json\/wp\/v2\/tipo-de-juego?post=173764"},{"taxonomy":"product_brand","embeddable":true,"href":"https:\/\/revolutionpadelstore.com\/it\/wp-json\/wp\/v2\/product_brand?post=173764"},{"taxonomy":"product_cat","embeddable":true,"href":"https:\/\/revolutionpadelstore.com\/it\/wp-json\/wp\/v2\/product_cat?post=173764"},{"taxonomy":"product_tag","embeddable":true,"href":"https:\/\/revolutionpadelstore.com\/it\/wp-json\/wp\/v2\/product_tag?post=173764"}],"curies":[{"name":"wp","href":"https:\/\/api.w.org\/{rel}","templated":true}]}}