{"id":173679,"date":"2025-02-19T02:08:10","date_gmt":"2025-02-19T01:08:10","guid":{"rendered":"https:\/\/revolutionpadelstore.com\/camiseta-bullpadel-chingotto-25v-531-papaya\/"},"modified":"2026-04-08T06:19:32","modified_gmt":"2026-04-08T04:19:32","slug":"camiseta-bullpadel-chingotto-25v-531-papaya-4","status":"publish","type":"product","link":"https:\/\/revolutionpadelstore.com\/it\/prodotto\/camiseta-bullpadel-chingotto-25v-531-papaya-4\/","title":{"rendered":"CAMISETA BULLPADEL CHINGOTTO 25V 531 PAPAYA"},"content":{"rendered":"<h2> <strong> bullpadel chingotto 25v uomo &#8211; comfort e stile per paddle <\/strong> <\/h2>\n<p>La camicia da 25v da 25 V Bullpadel Chingotto \u00e8 il vestito perfetto per i giocatori di paddle che cercano comfort, traspirabilit\u00e0 e un design innovativo.<\/p>\n<p>Realizzata in tessuto in poliestere elastico a singolo polyester, questa camicia incorpora la tecnologia Drynamic, che favorisce l&#8217;evaporazione del sudore e l&#8217;asciugatura rapida, mantenendoti fresco e asciutto durante il gioco. La sua composizione di poliestere al 90% e Elast\u00e1n al 10% garantisce un comodo aggiustamento e una grande libert\u00e0 di movimento in pista.<\/p>\n<p>Inoltre, il suo design sublimato degradato con stampe riflettenti e dettagli perforati laser non solo fornisce un tocco moderno, ma migliora anche la ventilazione per un maggiore comfort.<\/p>\n<h2> caratteristiche del chingotto bullpadel 25v<\/p>\n<p style=\"padding-left: 40px\">-tessuto tecnico: maglia in poliestere elastico singolo.<br \/>\n-Drynamic Technology: migliora la traspirabilit\u00e0 e l&#8217;asciugatura rapida.<br \/>\n-Design sublimato in dettagli riflettenti.<br \/>\n-La laser illuminato per una maggiore ventilazione.<br \/>\n-Cognizione: 90% di poliestere, 10% Elast\u00e1n.<br \/>\n-Corte Sports e comodo aggiustamento per una maggiore libert\u00e0 di movimento<\/p>\n<h2> paga al massimo con uno stile unico <\/h2>\n<p>Questa maglietta non \u00e8 solo funzionale, ma anche evidenzia per il suo design sorprendente e i dettagli premium, il che la rende un&#8217;opzione ideale sia per la formazione che per le competizioni.<\/p>\n<p>\ud83d\udce2 <strong> Ottieni la camicia da 25v da 25v al bullpadel al miglior prezzo nel nostro negozio online &lt;a href = &quot;https:\/\/chatgpt.com\/g\/g-675432e02688888191b6ee6d6f2fdbb15e-optimization-textos\/c\/www.revolutionpadelstore.com&quot; Traccia. <\/strong><\/p>\n","protected":false},"excerpt":{"rendered":"<p>La t-shirt <\/strong> T-shirt <\/strong> <\/strong> <\/strong> <\/strong> t-shirt <\/strong> <\/strong> <\/strong> in &gt;&gt;&gt;&gt;&gt; Papaya Color <\/strong> <\/strong> <\/strong> \u00c8 il vestito perfetto per i giocatori di paddle che guardano Data-end = &#8220;365&#8221;&gt; Comfort, traspirabilit\u00e0 e un design innovativo <\/strong>.<strong data-start=\"194\" data-end=\"230\">camiseta Bullpadel Chingotto 25V<\/strong><\/p>\n","protected":false},"featured_media":173701,"comment_status":"open","ping_status":"closed","template":"","meta":{"_acf_changed":false,"_joinchat":[]},"acabado":[],"balance":[],"dureza":[],"forma":[],"jugador":[1191],"marca":[1256],"nivel-de-juego":[],"superficie":[],"tipo-de-juego":[],"product_brand":[],"product_cat":[338,337],"product_tag":[],"class_list":{"0":"post-173679","1":"product","2":"type-product","3":"status-publish","4":"has-post-thumbnail","6":"jugador-uomo","7":"marca-bullpadel-it","8":"product_cat-abbigliamento-dei-giocatori-premier","9":"product_cat-ropa-it","11":"first","12":"outofstock","13":"sale","14":"taxable","15":"shipping-taxable","16":"purchasable","17":"product-type-variable","18":"has-default-attributes"},"acf":[],"yoast_head":"<!-- This site is optimized with the Yoast SEO plugin v27.4 - https:\/\/yoast.com\/product\/yoast-seo-wordpress\/ -->\n<title>CAMISETA BULLPADEL CHINGOTTO 25V 531 PAPAYA - Revolution Padel Store<\/title>\n<meta name=\"description\" content=\"Descubre la camiseta Bullpadel Chingotto 25V en color papaya, con tecnolog\u00eda Drynamic, dise\u00f1o sublimado y m\u00e1xima transpirabilidad. \u00a1Disponible en nuestra tienda online al mejor precio!\" \/>\n<meta name=\"robots\" content=\"index, follow, max-snippet:-1, max-image-preview:large, max-video-preview:-1\" \/>\n<link rel=\"canonical\" href=\"https:\/\/revolutionpadelstore.com\/it\/prodotto\/camiseta-bullpadel-chingotto-25v-531-papaya-4\/\" \/>\n<meta property=\"og:locale\" content=\"it_IT\" \/>\n<meta property=\"og:type\" content=\"article\" \/>\n<meta property=\"og:title\" content=\"CAMISETA BULLPADEL CHINGOTTO 25V 531 PAPAYA - Revolution Padel Store\" \/>\n<meta property=\"og:description\" content=\"Descubre la camiseta Bullpadel Chingotto 25V en color papaya, con tecnolog\u00eda Drynamic, dise\u00f1o sublimado y m\u00e1xima transpirabilidad. \u00a1Disponible en nuestra tienda online al mejor precio!\" \/>\n<meta property=\"og:url\" content=\"https:\/\/revolutionpadelstore.com\/it\/prodotto\/camiseta-bullpadel-chingotto-25v-531-papaya-4\/\" \/>\n<meta property=\"og:site_name\" content=\"Revolution Padel Store\" \/>\n<meta property=\"article:modified_time\" content=\"2026-04-08T04:19:32+00:00\" \/>\n<meta property=\"og:image\" content=\"https:\/\/revolutionpadelstore.com\/wp-content\/uploads\/2025\/02\/FOTO-PALAS-2.png\" \/>\n\t<meta property=\"og:image:width\" content=\"1500\" \/>\n\t<meta property=\"og:image:height\" content=\"1500\" \/>\n\t<meta property=\"og:image:type\" content=\"image\/png\" \/>\n<meta name=\"twitter:card\" content=\"summary_large_image\" \/>\n<meta name=\"twitter:label1\" content=\"Tempo di lettura stimato\" \/>\n\t<meta name=\"twitter:data1\" content=\"1 minuto\" \/>\n<script type=\"application\/ld+json\" class=\"yoast-schema-graph\">{\"@context\":\"https:\\\/\\\/schema.org\",\"@graph\":[{\"@type\":\"WebPage\",\"@id\":\"https:\\\/\\\/revolutionpadelstore.com\\\/it\\\/prodotto\\\/camiseta-bullpadel-chingotto-25v-531-papaya-4\\\/\",\"url\":\"https:\\\/\\\/revolutionpadelstore.com\\\/it\\\/prodotto\\\/camiseta-bullpadel-chingotto-25v-531-papaya-4\\\/\",\"name\":\"CAMISETA BULLPADEL CHINGOTTO 25V 531 PAPAYA - Revolution Padel Store\",\"isPartOf\":{\"@id\":\"https:\\\/\\\/revolutionpadelstore.com\\\/it\\\/#website\"},\"primaryImageOfPage\":{\"@id\":\"https:\\\/\\\/revolutionpadelstore.com\\\/it\\\/prodotto\\\/camiseta-bullpadel-chingotto-25v-531-papaya-4\\\/#primaryimage\"},\"image\":{\"@id\":\"https:\\\/\\\/revolutionpadelstore.com\\\/it\\\/prodotto\\\/camiseta-bullpadel-chingotto-25v-531-papaya-4\\\/#primaryimage\"},\"thumbnailUrl\":\"https:\\\/\\\/revolutionpadelstore.com\\\/wp-content\\\/uploads\\\/2025\\\/02\\\/FOTO-PALAS-2.png\",\"datePublished\":\"2025-02-19T01:08:10+00:00\",\"dateModified\":\"2026-04-08T04:19:32+00:00\",\"description\":\"Descubre la camiseta Bullpadel Chingotto 25V en color papaya, con tecnolog\u00eda Drynamic, dise\u00f1o sublimado y m\u00e1xima transpirabilidad. \u00a1Disponible en nuestra tienda online al mejor precio!\",\"breadcrumb\":{\"@id\":\"https:\\\/\\\/revolutionpadelstore.com\\\/it\\\/prodotto\\\/camiseta-bullpadel-chingotto-25v-531-papaya-4\\\/#breadcrumb\"},\"inLanguage\":\"it-IT\",\"potentialAction\":[{\"@type\":\"ReadAction\",\"target\":[\"https:\\\/\\\/revolutionpadelstore.com\\\/it\\\/prodotto\\\/camiseta-bullpadel-chingotto-25v-531-papaya-4\\\/\"]}]},{\"@type\":\"ImageObject\",\"inLanguage\":\"it-IT\",\"@id\":\"https:\\\/\\\/revolutionpadelstore.com\\\/it\\\/prodotto\\\/camiseta-bullpadel-chingotto-25v-531-papaya-4\\\/#primaryimage\",\"url\":\"https:\\\/\\\/revolutionpadelstore.com\\\/wp-content\\\/uploads\\\/2025\\\/02\\\/FOTO-PALAS-2.png\",\"contentUrl\":\"https:\\\/\\\/revolutionpadelstore.com\\\/wp-content\\\/uploads\\\/2025\\\/02\\\/FOTO-PALAS-2.png\",\"width\":1500,\"height\":1500},{\"@type\":\"BreadcrumbList\",\"@id\":\"https:\\\/\\\/revolutionpadelstore.com\\\/it\\\/prodotto\\\/camiseta-bullpadel-chingotto-25v-531-papaya-4\\\/#breadcrumb\",\"itemListElement\":[{\"@type\":\"ListItem\",\"position\":1,\"name\":\"Portada\",\"item\":\"https:\\\/\\\/revolutionpadelstore.com\\\/it\\\/\"},{\"@type\":\"ListItem\",\"position\":2,\"name\":\"Tienda\",\"item\":\"https:\\\/\\\/revolutionpadelstore.com\\\/it\\\/tienda\\\/\"},{\"@type\":\"ListItem\",\"position\":3,\"name\":\"CAMISETA BULLPADEL CHINGOTTO 25V 531 PAPAYA\"}]},{\"@type\":\"WebSite\",\"@id\":\"https:\\\/\\\/revolutionpadelstore.com\\\/it\\\/#website\",\"url\":\"https:\\\/\\\/revolutionpadelstore.com\\\/it\\\/\",\"name\":\"Revolution Padel Store\",\"description\":\"\",\"publisher\":{\"@id\":\"https:\\\/\\\/revolutionpadelstore.com\\\/it\\\/#organization\"},\"potentialAction\":[{\"@type\":\"SearchAction\",\"target\":{\"@type\":\"EntryPoint\",\"urlTemplate\":\"https:\\\/\\\/revolutionpadelstore.com\\\/it\\\/?s={search_term_string}\"},\"query-input\":{\"@type\":\"PropertyValueSpecification\",\"valueRequired\":true,\"valueName\":\"search_term_string\"}}],\"inLanguage\":\"it-IT\"},{\"@type\":\"Organization\",\"@id\":\"https:\\\/\\\/revolutionpadelstore.com\\\/it\\\/#organization\",\"name\":\"Revolution Padel Store\",\"url\":\"https:\\\/\\\/revolutionpadelstore.com\\\/it\\\/\",\"logo\":{\"@type\":\"ImageObject\",\"inLanguage\":\"it-IT\",\"@id\":\"https:\\\/\\\/revolutionpadelstore.com\\\/it\\\/#\\\/schema\\\/logo\\\/image\\\/\",\"url\":\"https:\\\/\\\/revolutionpadelstore.com\\\/wp-content\\\/uploads\\\/2026\\\/02\\\/revolution-padel-store.jpg\",\"contentUrl\":\"https:\\\/\\\/revolutionpadelstore.com\\\/wp-content\\\/uploads\\\/2026\\\/02\\\/revolution-padel-store.jpg\",\"width\":2000,\"height\":2000,\"caption\":\"Revolution Padel Store\"},\"image\":{\"@id\":\"https:\\\/\\\/revolutionpadelstore.com\\\/it\\\/#\\\/schema\\\/logo\\\/image\\\/\"},\"sameAs\":[\"https:\\\/\\\/www.instagram.com\\\/revolutionpadelstore\\\/\"]}]}<\/script>\n<!-- \/ Yoast SEO plugin. -->","yoast_head_json":{"title":"CAMISETA BULLPADEL CHINGOTTO 25V 531 PAPAYA - Revolution Padel Store","description":"Descubre la camiseta Bullpadel Chingotto 25V en color papaya, con tecnolog\u00eda Drynamic, dise\u00f1o sublimado y m\u00e1xima transpirabilidad. \u00a1Disponible en nuestra tienda online al mejor precio!","robots":{"index":"index","follow":"follow","max-snippet":"max-snippet:-1","max-image-preview":"max-image-preview:large","max-video-preview":"max-video-preview:-1"},"canonical":"https:\/\/revolutionpadelstore.com\/it\/prodotto\/camiseta-bullpadel-chingotto-25v-531-papaya-4\/","og_locale":"it_IT","og_type":"article","og_title":"CAMISETA BULLPADEL CHINGOTTO 25V 531 PAPAYA - Revolution Padel Store","og_description":"Descubre la camiseta Bullpadel Chingotto 25V en color papaya, con tecnolog\u00eda Drynamic, dise\u00f1o sublimado y m\u00e1xima transpirabilidad. \u00a1Disponible en nuestra tienda online al mejor precio!","og_url":"https:\/\/revolutionpadelstore.com\/it\/prodotto\/camiseta-bullpadel-chingotto-25v-531-papaya-4\/","og_site_name":"Revolution Padel Store","article_modified_time":"2026-04-08T04:19:32+00:00","og_image":[{"width":1500,"height":1500,"url":"https:\/\/revolutionpadelstore.com\/wp-content\/uploads\/2025\/02\/FOTO-PALAS-2.png","type":"image\/png"}],"twitter_card":"summary_large_image","twitter_misc":{"Tempo di lettura stimato":"1 minuto"},"schema":{"@context":"https:\/\/schema.org","@graph":[{"@type":"WebPage","@id":"https:\/\/revolutionpadelstore.com\/it\/prodotto\/camiseta-bullpadel-chingotto-25v-531-papaya-4\/","url":"https:\/\/revolutionpadelstore.com\/it\/prodotto\/camiseta-bullpadel-chingotto-25v-531-papaya-4\/","name":"CAMISETA BULLPADEL CHINGOTTO 25V 531 PAPAYA - Revolution Padel Store","isPartOf":{"@id":"https:\/\/revolutionpadelstore.com\/it\/#website"},"primaryImageOfPage":{"@id":"https:\/\/revolutionpadelstore.com\/it\/prodotto\/camiseta-bullpadel-chingotto-25v-531-papaya-4\/#primaryimage"},"image":{"@id":"https:\/\/revolutionpadelstore.com\/it\/prodotto\/camiseta-bullpadel-chingotto-25v-531-papaya-4\/#primaryimage"},"thumbnailUrl":"https:\/\/revolutionpadelstore.com\/wp-content\/uploads\/2025\/02\/FOTO-PALAS-2.png","datePublished":"2025-02-19T01:08:10+00:00","dateModified":"2026-04-08T04:19:32+00:00","description":"Descubre la camiseta Bullpadel Chingotto 25V en color papaya, con tecnolog\u00eda Drynamic, dise\u00f1o sublimado y m\u00e1xima transpirabilidad. \u00a1Disponible en nuestra tienda online al mejor precio!","breadcrumb":{"@id":"https:\/\/revolutionpadelstore.com\/it\/prodotto\/camiseta-bullpadel-chingotto-25v-531-papaya-4\/#breadcrumb"},"inLanguage":"it-IT","potentialAction":[{"@type":"ReadAction","target":["https:\/\/revolutionpadelstore.com\/it\/prodotto\/camiseta-bullpadel-chingotto-25v-531-papaya-4\/"]}]},{"@type":"ImageObject","inLanguage":"it-IT","@id":"https:\/\/revolutionpadelstore.com\/it\/prodotto\/camiseta-bullpadel-chingotto-25v-531-papaya-4\/#primaryimage","url":"https:\/\/revolutionpadelstore.com\/wp-content\/uploads\/2025\/02\/FOTO-PALAS-2.png","contentUrl":"https:\/\/revolutionpadelstore.com\/wp-content\/uploads\/2025\/02\/FOTO-PALAS-2.png","width":1500,"height":1500},{"@type":"BreadcrumbList","@id":"https:\/\/revolutionpadelstore.com\/it\/prodotto\/camiseta-bullpadel-chingotto-25v-531-papaya-4\/#breadcrumb","itemListElement":[{"@type":"ListItem","position":1,"name":"Portada","item":"https:\/\/revolutionpadelstore.com\/it\/"},{"@type":"ListItem","position":2,"name":"Tienda","item":"https:\/\/revolutionpadelstore.com\/it\/tienda\/"},{"@type":"ListItem","position":3,"name":"CAMISETA BULLPADEL CHINGOTTO 25V 531 PAPAYA"}]},{"@type":"WebSite","@id":"https:\/\/revolutionpadelstore.com\/it\/#website","url":"https:\/\/revolutionpadelstore.com\/it\/","name":"Revolution Padel Store","description":"","publisher":{"@id":"https:\/\/revolutionpadelstore.com\/it\/#organization"},"potentialAction":[{"@type":"SearchAction","target":{"@type":"EntryPoint","urlTemplate":"https:\/\/revolutionpadelstore.com\/it\/?s={search_term_string}"},"query-input":{"@type":"PropertyValueSpecification","valueRequired":true,"valueName":"search_term_string"}}],"inLanguage":"it-IT"},{"@type":"Organization","@id":"https:\/\/revolutionpadelstore.com\/it\/#organization","name":"Revolution Padel Store","url":"https:\/\/revolutionpadelstore.com\/it\/","logo":{"@type":"ImageObject","inLanguage":"it-IT","@id":"https:\/\/revolutionpadelstore.com\/it\/#\/schema\/logo\/image\/","url":"https:\/\/revolutionpadelstore.com\/wp-content\/uploads\/2026\/02\/revolution-padel-store.jpg","contentUrl":"https:\/\/revolutionpadelstore.com\/wp-content\/uploads\/2026\/02\/revolution-padel-store.jpg","width":2000,"height":2000,"caption":"Revolution Padel Store"},"image":{"@id":"https:\/\/revolutionpadelstore.com\/it\/#\/schema\/logo\/image\/"},"sameAs":["https:\/\/www.instagram.com\/revolutionpadelstore\/"]}]}},"_links":{"self":[{"href":"https:\/\/revolutionpadelstore.com\/it\/wp-json\/wp\/v2\/product\/173679","targetHints":{"allow":["GET"]}}],"collection":[{"href":"https:\/\/revolutionpadelstore.com\/it\/wp-json\/wp\/v2\/product"}],"about":[{"href":"https:\/\/revolutionpadelstore.com\/it\/wp-json\/wp\/v2\/types\/product"}],"replies":[{"embeddable":true,"href":"https:\/\/revolutionpadelstore.com\/it\/wp-json\/wp\/v2\/comments?post=173679"}],"wp:featuredmedia":[{"embeddable":true,"href":"https:\/\/revolutionpadelstore.com\/it\/wp-json\/wp\/v2\/media\/173701"}],"wp:attachment":[{"href":"https:\/\/revolutionpadelstore.com\/it\/wp-json\/wp\/v2\/media?parent=173679"}],"wp:term":[{"taxonomy":"acabado","embeddable":true,"href":"https:\/\/revolutionpadelstore.com\/it\/wp-json\/wp\/v2\/acabado?post=173679"},{"taxonomy":"balance","embeddable":true,"href":"https:\/\/revolutionpadelstore.com\/it\/wp-json\/wp\/v2\/balance?post=173679"},{"taxonomy":"dureza","embeddable":true,"href":"https:\/\/revolutionpadelstore.com\/it\/wp-json\/wp\/v2\/dureza?post=173679"},{"taxonomy":"forma","embeddable":true,"href":"https:\/\/revolutionpadelstore.com\/it\/wp-json\/wp\/v2\/forma?post=173679"},{"taxonomy":"jugador","embeddable":true,"href":"https:\/\/revolutionpadelstore.com\/it\/wp-json\/wp\/v2\/jugador?post=173679"},{"taxonomy":"marca","embeddable":true,"href":"https:\/\/revolutionpadelstore.com\/it\/wp-json\/wp\/v2\/marca?post=173679"},{"taxonomy":"nivel-de-juego","embeddable":true,"href":"https:\/\/revolutionpadelstore.com\/it\/wp-json\/wp\/v2\/nivel-de-juego?post=173679"},{"taxonomy":"superficie","embeddable":true,"href":"https:\/\/revolutionpadelstore.com\/it\/wp-json\/wp\/v2\/superficie?post=173679"},{"taxonomy":"tipo-de-juego","embeddable":true,"href":"https:\/\/revolutionpadelstore.com\/it\/wp-json\/wp\/v2\/tipo-de-juego?post=173679"},{"taxonomy":"product_brand","embeddable":true,"href":"https:\/\/revolutionpadelstore.com\/it\/wp-json\/wp\/v2\/product_brand?post=173679"},{"taxonomy":"product_cat","embeddable":true,"href":"https:\/\/revolutionpadelstore.com\/it\/wp-json\/wp\/v2\/product_cat?post=173679"},{"taxonomy":"product_tag","embeddable":true,"href":"https:\/\/revolutionpadelstore.com\/it\/wp-json\/wp\/v2\/product_tag?post=173679"}],"curies":[{"name":"wp","href":"https:\/\/api.w.org\/{rel}","templated":true}]}}