{"id":172739,"date":"2025-02-18T20:43:25","date_gmt":"2025-02-18T19:43:25","guid":{"rendered":"https:\/\/revolutionpadelstore.com\/bullpadel-pearl-vibram-25v-gris-oscuro-mujer\/"},"modified":"2026-04-01T04:05:29","modified_gmt":"2026-04-01T02:05:29","slug":"bullpadel-pearl-vibram-25v-gris-oscuro-mujer-4","status":"publish","type":"product","link":"https:\/\/revolutionpadelstore.com\/it\/prodotto\/bullpadel-pearl-vibram-25v-gris-oscuro-mujer-4\/","title":{"rendered":"BULLPADEL PEARL VIBRAM 25V GRIS OSCURO MUJER"},"content":{"rendered":"<h2> Bullpadel Pearl Vibram 25V Donna grigio scuro &#8211; Prestazioni massime in pista <\/h2>\n<p>La <strong> Bullpadel Pearl Vibram 25V Grigio scuro <\/strong> \u00e8 la scelta definitiva per i giocatori che cercano la leggerezza <strong>, la durata e un&#8217;impugnatura eccezionale <\/strong>. Grazie alla loro suola <strong> vibram <\/strong>, queste scarpe forniscono una trazione pi\u00f9 elevata, ideale per movimenti rapidi e aggressivi, garantendo stabilit\u00e0 in ogni spostamento. Il suo design, combinato con la tecnologia FastLab, migliora l&#8217;agilit\u00e0 e la velocit\u00e0, fornendo un vantaggio competitivo in ogni partita.<\/p>\n<h2> tecnologia e materiali ad alte prestazioni <\/h2>\n<p>Queste scarpe sono state progettate con una combinazione di <strong> jacquard e griglia <\/strong>, ottenendo una struttura <strong> traspirante e resistente <\/strong> che mantiene i piedi freschi in ogni momento. Inoltre, hanno:<\/p>\n<p>-punta iniettata, che rafforza la protezione dall&#8217;attrito con la pista.<br \/>\n-Il sistema anti-attacco nella suola, offrendo stabilit\u00e0 nei movimenti laterali.<br \/>\n-Sportazione nel tallone, che migliora il supporto e impedisce le lesioni.<\/p>\n<h2> Progettato per i giocatori impegnativi <\/h2>\n<p>Il <strong> bullpadel Pearl vibram 25v <\/strong> sono le scarpe preferite da giocatori professionisti come <strong> Bea Gonz\u00e1lez <\/strong>, che si fida del suo <strong> comfort e prestazioni <\/strong> per dare il massimo in L&#8217;indizio. Il suo design in <strong> elegante e moderno colore nero <\/strong> li rende un&#8217;opzione elegante senza compromettere le prestazioni.<\/p>\n<h2> Caratteristiche principali: <\/h2>\n<p style=\"padding-left: 40px\">-VIBRAM SOLE con tecnologia FastLab per la massima presa e velocit\u00e0.<br \/>\n-Spirable jacquard e griglia per maggiore comfort.<br \/>\n-Neference nella punta per una maggiore resistenza all&#8217;usura.<br \/>\n-Studio importato con supporto al tallone e sistema anti-attacco.<br \/>\n-La luce e design ergonomico, perfetto per i giocatori competitivi<br \/>\nNon rimanere senza la <strong> bullpadel Pearl Vibram 25V Grey Dark Grey <\/strong> e porta il tuo gioco al livello successivo. Disponibile ora nel nostro negozio online <a href=\"https:\/\/www.revolutionpadelstore.com\/\"> www.revolutionpadelstore.com <\/a>, probabilmente al miglior prezzo di mercato!<\/p>\n<h2>Bullpadel Pearl Vibram 25V Gris Oscuro Mujer \u2013 M\u00e1ximo rendimiento en la pista<\/h2>\n","protected":false},"excerpt":{"rendered":"<p>Il bullpadel Pearl Vibram 25V in grigio scuro per le donne sono scarpe progettate per alte prestazioni. Incorporano una suola vibram per una presa migliore, una maggiore traspirabilit\u00e0 e una punta rinforzata per una maggiore protezione. Sono ideali per giocatori di alto livello, come Bea Gonz\u00e1lez.<\/p>\n","protected":false},"featured_media":172686,"comment_status":"open","ping_status":"closed","template":"","meta":{"_acf_changed":false,"_joinchat":[]},"acabado":[],"balance":[],"dureza":[],"forma":[],"jugador":[1196],"marca":[1256],"nivel-de-juego":[],"superficie":[],"tipo-de-juego":[],"product_brand":[],"product_cat":[832],"product_tag":[],"class_list":{"0":"post-172739","1":"product","2":"type-product","3":"status-publish","4":"has-post-thumbnail","6":"jugador-mujer-it","7":"marca-bullpadel-it","8":"product_cat-scarpe-da-ginnastica","10":"first","11":"outofstock","12":"sale","13":"taxable","14":"shipping-taxable","15":"purchasable","16":"product-type-variable"},"acf":[],"yoast_head":"<!-- This site is optimized with the Yoast SEO plugin v27.3 - https:\/\/yoast.com\/product\/yoast-seo-wordpress\/ -->\n<title>BULLPADEL PEARL VIBRAM 25V GRIS OSCURO MUJER - Revolution Padel Store<\/title>\n<meta name=\"description\" content=\"Consigue las Bullpadel Pearl Vibram 25V Negro Mujer al mejor precio. Zapatillas ligeras, transpirables y con suela Vibram para m\u00e1ximo agarre y rendimiento en la pista. \u00a1Compra ahora!\" \/>\n<meta name=\"robots\" content=\"index, follow, max-snippet:-1, max-image-preview:large, max-video-preview:-1\" \/>\n<link rel=\"canonical\" href=\"https:\/\/revolutionpadelstore.com\/it\/prodotto\/bullpadel-pearl-vibram-25v-gris-oscuro-mujer-4\/\" \/>\n<meta property=\"og:locale\" content=\"it_IT\" \/>\n<meta property=\"og:type\" content=\"article\" \/>\n<meta property=\"og:title\" content=\"BULLPADEL PEARL VIBRAM 25V GRIS OSCURO MUJER - Revolution Padel Store\" \/>\n<meta property=\"og:description\" content=\"Consigue las Bullpadel Pearl Vibram 25V Negro Mujer al mejor precio. Zapatillas ligeras, transpirables y con suela Vibram para m\u00e1ximo agarre y rendimiento en la pista. \u00a1Compra ahora!\" \/>\n<meta property=\"og:url\" content=\"https:\/\/revolutionpadelstore.com\/it\/prodotto\/bullpadel-pearl-vibram-25v-gris-oscuro-mujer-4\/\" \/>\n<meta property=\"og:site_name\" content=\"Revolution Padel Store\" \/>\n<meta property=\"article:modified_time\" content=\"2026-04-01T02:05:29+00:00\" \/>\n<meta property=\"og:image\" content=\"https:\/\/revolutionpadelstore.com\/wp-content\/uploads\/2025\/02\/114343-zapatillas-bullpadel-pearl-vibram-25v-mujer-cm57006000-gris-oscuro-1200x1200-1.webp\" \/>\n\t<meta property=\"og:image:width\" content=\"1200\" \/>\n\t<meta property=\"og:image:height\" content=\"1200\" \/>\n\t<meta property=\"og:image:type\" content=\"image\/webp\" \/>\n<meta name=\"twitter:card\" content=\"summary_large_image\" \/>\n<meta name=\"twitter:label1\" content=\"Tempo di lettura stimato\" \/>\n\t<meta name=\"twitter:data1\" content=\"1 minuto\" \/>\n<script type=\"application\/ld+json\" class=\"yoast-schema-graph\">{\"@context\":\"https:\\\/\\\/schema.org\",\"@graph\":[{\"@type\":\"WebPage\",\"@id\":\"https:\\\/\\\/revolutionpadelstore.com\\\/it\\\/prodotto\\\/bullpadel-pearl-vibram-25v-gris-oscuro-mujer-4\\\/\",\"url\":\"https:\\\/\\\/revolutionpadelstore.com\\\/it\\\/prodotto\\\/bullpadel-pearl-vibram-25v-gris-oscuro-mujer-4\\\/\",\"name\":\"BULLPADEL PEARL VIBRAM 25V GRIS OSCURO MUJER - Revolution Padel Store\",\"isPartOf\":{\"@id\":\"https:\\\/\\\/revolutionpadelstore.com\\\/it\\\/#website\"},\"primaryImageOfPage\":{\"@id\":\"https:\\\/\\\/revolutionpadelstore.com\\\/it\\\/prodotto\\\/bullpadel-pearl-vibram-25v-gris-oscuro-mujer-4\\\/#primaryimage\"},\"image\":{\"@id\":\"https:\\\/\\\/revolutionpadelstore.com\\\/it\\\/prodotto\\\/bullpadel-pearl-vibram-25v-gris-oscuro-mujer-4\\\/#primaryimage\"},\"thumbnailUrl\":\"https:\\\/\\\/revolutionpadelstore.com\\\/wp-content\\\/uploads\\\/2025\\\/02\\\/114343-zapatillas-bullpadel-pearl-vibram-25v-mujer-cm57006000-gris-oscuro-1200x1200-1.webp\",\"datePublished\":\"2025-02-18T19:43:25+00:00\",\"dateModified\":\"2026-04-01T02:05:29+00:00\",\"description\":\"Consigue las Bullpadel Pearl Vibram 25V Negro Mujer al mejor precio. Zapatillas ligeras, transpirables y con suela Vibram para m\u00e1ximo agarre y rendimiento en la pista. \u00a1Compra ahora!\",\"breadcrumb\":{\"@id\":\"https:\\\/\\\/revolutionpadelstore.com\\\/it\\\/prodotto\\\/bullpadel-pearl-vibram-25v-gris-oscuro-mujer-4\\\/#breadcrumb\"},\"inLanguage\":\"it-IT\",\"potentialAction\":[{\"@type\":\"ReadAction\",\"target\":[\"https:\\\/\\\/revolutionpadelstore.com\\\/it\\\/prodotto\\\/bullpadel-pearl-vibram-25v-gris-oscuro-mujer-4\\\/\"]}]},{\"@type\":\"ImageObject\",\"inLanguage\":\"it-IT\",\"@id\":\"https:\\\/\\\/revolutionpadelstore.com\\\/it\\\/prodotto\\\/bullpadel-pearl-vibram-25v-gris-oscuro-mujer-4\\\/#primaryimage\",\"url\":\"https:\\\/\\\/revolutionpadelstore.com\\\/wp-content\\\/uploads\\\/2025\\\/02\\\/114343-zapatillas-bullpadel-pearl-vibram-25v-mujer-cm57006000-gris-oscuro-1200x1200-1.webp\",\"contentUrl\":\"https:\\\/\\\/revolutionpadelstore.com\\\/wp-content\\\/uploads\\\/2025\\\/02\\\/114343-zapatillas-bullpadel-pearl-vibram-25v-mujer-cm57006000-gris-oscuro-1200x1200-1.webp\",\"width\":1200,\"height\":1200},{\"@type\":\"BreadcrumbList\",\"@id\":\"https:\\\/\\\/revolutionpadelstore.com\\\/it\\\/prodotto\\\/bullpadel-pearl-vibram-25v-gris-oscuro-mujer-4\\\/#breadcrumb\",\"itemListElement\":[{\"@type\":\"ListItem\",\"position\":1,\"name\":\"Portada\",\"item\":\"https:\\\/\\\/revolutionpadelstore.com\\\/it\\\/\"},{\"@type\":\"ListItem\",\"position\":2,\"name\":\"Tienda\",\"item\":\"https:\\\/\\\/revolutionpadelstore.com\\\/it\\\/tienda\\\/\"},{\"@type\":\"ListItem\",\"position\":3,\"name\":\"BULLPADEL PEARL VIBRAM 25V GRIS OSCURO MUJER\"}]},{\"@type\":\"WebSite\",\"@id\":\"https:\\\/\\\/revolutionpadelstore.com\\\/it\\\/#website\",\"url\":\"https:\\\/\\\/revolutionpadelstore.com\\\/it\\\/\",\"name\":\"Revolution Padel Store\",\"description\":\"\",\"publisher\":{\"@id\":\"https:\\\/\\\/revolutionpadelstore.com\\\/it\\\/#organization\"},\"potentialAction\":[{\"@type\":\"SearchAction\",\"target\":{\"@type\":\"EntryPoint\",\"urlTemplate\":\"https:\\\/\\\/revolutionpadelstore.com\\\/it\\\/?s={search_term_string}\"},\"query-input\":{\"@type\":\"PropertyValueSpecification\",\"valueRequired\":true,\"valueName\":\"search_term_string\"}}],\"inLanguage\":\"it-IT\"},{\"@type\":\"Organization\",\"@id\":\"https:\\\/\\\/revolutionpadelstore.com\\\/it\\\/#organization\",\"name\":\"Revolution Padel Store\",\"url\":\"https:\\\/\\\/revolutionpadelstore.com\\\/it\\\/\",\"logo\":{\"@type\":\"ImageObject\",\"inLanguage\":\"it-IT\",\"@id\":\"https:\\\/\\\/revolutionpadelstore.com\\\/it\\\/#\\\/schema\\\/logo\\\/image\\\/\",\"url\":\"https:\\\/\\\/revolutionpadelstore.com\\\/wp-content\\\/uploads\\\/2026\\\/02\\\/revolution-padel-store.jpg\",\"contentUrl\":\"https:\\\/\\\/revolutionpadelstore.com\\\/wp-content\\\/uploads\\\/2026\\\/02\\\/revolution-padel-store.jpg\",\"width\":2000,\"height\":2000,\"caption\":\"Revolution Padel Store\"},\"image\":{\"@id\":\"https:\\\/\\\/revolutionpadelstore.com\\\/it\\\/#\\\/schema\\\/logo\\\/image\\\/\"},\"sameAs\":[\"https:\\\/\\\/www.instagram.com\\\/revolutionpadelstore\\\/\"]}]}<\/script>\n<!-- \/ Yoast SEO plugin. -->","yoast_head_json":{"title":"BULLPADEL PEARL VIBRAM 25V GRIS OSCURO MUJER - Revolution Padel Store","description":"Consigue las Bullpadel Pearl Vibram 25V Negro Mujer al mejor precio. Zapatillas ligeras, transpirables y con suela Vibram para m\u00e1ximo agarre y rendimiento en la pista. \u00a1Compra ahora!","robots":{"index":"index","follow":"follow","max-snippet":"max-snippet:-1","max-image-preview":"max-image-preview:large","max-video-preview":"max-video-preview:-1"},"canonical":"https:\/\/revolutionpadelstore.com\/it\/prodotto\/bullpadel-pearl-vibram-25v-gris-oscuro-mujer-4\/","og_locale":"it_IT","og_type":"article","og_title":"BULLPADEL PEARL VIBRAM 25V GRIS OSCURO MUJER - Revolution Padel Store","og_description":"Consigue las Bullpadel Pearl Vibram 25V Negro Mujer al mejor precio. Zapatillas ligeras, transpirables y con suela Vibram para m\u00e1ximo agarre y rendimiento en la pista. \u00a1Compra ahora!","og_url":"https:\/\/revolutionpadelstore.com\/it\/prodotto\/bullpadel-pearl-vibram-25v-gris-oscuro-mujer-4\/","og_site_name":"Revolution Padel Store","article_modified_time":"2026-04-01T02:05:29+00:00","og_image":[{"width":1200,"height":1200,"url":"https:\/\/revolutionpadelstore.com\/wp-content\/uploads\/2025\/02\/114343-zapatillas-bullpadel-pearl-vibram-25v-mujer-cm57006000-gris-oscuro-1200x1200-1.webp","type":"image\/webp"}],"twitter_card":"summary_large_image","twitter_misc":{"Tempo di lettura stimato":"1 minuto"},"schema":{"@context":"https:\/\/schema.org","@graph":[{"@type":"WebPage","@id":"https:\/\/revolutionpadelstore.com\/it\/prodotto\/bullpadel-pearl-vibram-25v-gris-oscuro-mujer-4\/","url":"https:\/\/revolutionpadelstore.com\/it\/prodotto\/bullpadel-pearl-vibram-25v-gris-oscuro-mujer-4\/","name":"BULLPADEL PEARL VIBRAM 25V GRIS OSCURO MUJER - Revolution Padel Store","isPartOf":{"@id":"https:\/\/revolutionpadelstore.com\/it\/#website"},"primaryImageOfPage":{"@id":"https:\/\/revolutionpadelstore.com\/it\/prodotto\/bullpadel-pearl-vibram-25v-gris-oscuro-mujer-4\/#primaryimage"},"image":{"@id":"https:\/\/revolutionpadelstore.com\/it\/prodotto\/bullpadel-pearl-vibram-25v-gris-oscuro-mujer-4\/#primaryimage"},"thumbnailUrl":"https:\/\/revolutionpadelstore.com\/wp-content\/uploads\/2025\/02\/114343-zapatillas-bullpadel-pearl-vibram-25v-mujer-cm57006000-gris-oscuro-1200x1200-1.webp","datePublished":"2025-02-18T19:43:25+00:00","dateModified":"2026-04-01T02:05:29+00:00","description":"Consigue las Bullpadel Pearl Vibram 25V Negro Mujer al mejor precio. Zapatillas ligeras, transpirables y con suela Vibram para m\u00e1ximo agarre y rendimiento en la pista. \u00a1Compra ahora!","breadcrumb":{"@id":"https:\/\/revolutionpadelstore.com\/it\/prodotto\/bullpadel-pearl-vibram-25v-gris-oscuro-mujer-4\/#breadcrumb"},"inLanguage":"it-IT","potentialAction":[{"@type":"ReadAction","target":["https:\/\/revolutionpadelstore.com\/it\/prodotto\/bullpadel-pearl-vibram-25v-gris-oscuro-mujer-4\/"]}]},{"@type":"ImageObject","inLanguage":"it-IT","@id":"https:\/\/revolutionpadelstore.com\/it\/prodotto\/bullpadel-pearl-vibram-25v-gris-oscuro-mujer-4\/#primaryimage","url":"https:\/\/revolutionpadelstore.com\/wp-content\/uploads\/2025\/02\/114343-zapatillas-bullpadel-pearl-vibram-25v-mujer-cm57006000-gris-oscuro-1200x1200-1.webp","contentUrl":"https:\/\/revolutionpadelstore.com\/wp-content\/uploads\/2025\/02\/114343-zapatillas-bullpadel-pearl-vibram-25v-mujer-cm57006000-gris-oscuro-1200x1200-1.webp","width":1200,"height":1200},{"@type":"BreadcrumbList","@id":"https:\/\/revolutionpadelstore.com\/it\/prodotto\/bullpadel-pearl-vibram-25v-gris-oscuro-mujer-4\/#breadcrumb","itemListElement":[{"@type":"ListItem","position":1,"name":"Portada","item":"https:\/\/revolutionpadelstore.com\/it\/"},{"@type":"ListItem","position":2,"name":"Tienda","item":"https:\/\/revolutionpadelstore.com\/it\/tienda\/"},{"@type":"ListItem","position":3,"name":"BULLPADEL PEARL VIBRAM 25V GRIS OSCURO MUJER"}]},{"@type":"WebSite","@id":"https:\/\/revolutionpadelstore.com\/it\/#website","url":"https:\/\/revolutionpadelstore.com\/it\/","name":"Revolution Padel Store","description":"","publisher":{"@id":"https:\/\/revolutionpadelstore.com\/it\/#organization"},"potentialAction":[{"@type":"SearchAction","target":{"@type":"EntryPoint","urlTemplate":"https:\/\/revolutionpadelstore.com\/it\/?s={search_term_string}"},"query-input":{"@type":"PropertyValueSpecification","valueRequired":true,"valueName":"search_term_string"}}],"inLanguage":"it-IT"},{"@type":"Organization","@id":"https:\/\/revolutionpadelstore.com\/it\/#organization","name":"Revolution Padel Store","url":"https:\/\/revolutionpadelstore.com\/it\/","logo":{"@type":"ImageObject","inLanguage":"it-IT","@id":"https:\/\/revolutionpadelstore.com\/it\/#\/schema\/logo\/image\/","url":"https:\/\/revolutionpadelstore.com\/wp-content\/uploads\/2026\/02\/revolution-padel-store.jpg","contentUrl":"https:\/\/revolutionpadelstore.com\/wp-content\/uploads\/2026\/02\/revolution-padel-store.jpg","width":2000,"height":2000,"caption":"Revolution Padel Store"},"image":{"@id":"https:\/\/revolutionpadelstore.com\/it\/#\/schema\/logo\/image\/"},"sameAs":["https:\/\/www.instagram.com\/revolutionpadelstore\/"]}]}},"_links":{"self":[{"href":"https:\/\/revolutionpadelstore.com\/it\/wp-json\/wp\/v2\/product\/172739","targetHints":{"allow":["GET"]}}],"collection":[{"href":"https:\/\/revolutionpadelstore.com\/it\/wp-json\/wp\/v2\/product"}],"about":[{"href":"https:\/\/revolutionpadelstore.com\/it\/wp-json\/wp\/v2\/types\/product"}],"replies":[{"embeddable":true,"href":"https:\/\/revolutionpadelstore.com\/it\/wp-json\/wp\/v2\/comments?post=172739"}],"wp:featuredmedia":[{"embeddable":true,"href":"https:\/\/revolutionpadelstore.com\/it\/wp-json\/wp\/v2\/media\/172686"}],"wp:attachment":[{"href":"https:\/\/revolutionpadelstore.com\/it\/wp-json\/wp\/v2\/media?parent=172739"}],"wp:term":[{"taxonomy":"acabado","embeddable":true,"href":"https:\/\/revolutionpadelstore.com\/it\/wp-json\/wp\/v2\/acabado?post=172739"},{"taxonomy":"balance","embeddable":true,"href":"https:\/\/revolutionpadelstore.com\/it\/wp-json\/wp\/v2\/balance?post=172739"},{"taxonomy":"dureza","embeddable":true,"href":"https:\/\/revolutionpadelstore.com\/it\/wp-json\/wp\/v2\/dureza?post=172739"},{"taxonomy":"forma","embeddable":true,"href":"https:\/\/revolutionpadelstore.com\/it\/wp-json\/wp\/v2\/forma?post=172739"},{"taxonomy":"jugador","embeddable":true,"href":"https:\/\/revolutionpadelstore.com\/it\/wp-json\/wp\/v2\/jugador?post=172739"},{"taxonomy":"marca","embeddable":true,"href":"https:\/\/revolutionpadelstore.com\/it\/wp-json\/wp\/v2\/marca?post=172739"},{"taxonomy":"nivel-de-juego","embeddable":true,"href":"https:\/\/revolutionpadelstore.com\/it\/wp-json\/wp\/v2\/nivel-de-juego?post=172739"},{"taxonomy":"superficie","embeddable":true,"href":"https:\/\/revolutionpadelstore.com\/it\/wp-json\/wp\/v2\/superficie?post=172739"},{"taxonomy":"tipo-de-juego","embeddable":true,"href":"https:\/\/revolutionpadelstore.com\/it\/wp-json\/wp\/v2\/tipo-de-juego?post=172739"},{"taxonomy":"product_brand","embeddable":true,"href":"https:\/\/revolutionpadelstore.com\/it\/wp-json\/wp\/v2\/product_brand?post=172739"},{"taxonomy":"product_cat","embeddable":true,"href":"https:\/\/revolutionpadelstore.com\/it\/wp-json\/wp\/v2\/product_cat?post=172739"},{"taxonomy":"product_tag","embeddable":true,"href":"https:\/\/revolutionpadelstore.com\/it\/wp-json\/wp\/v2\/product_tag?post=172739"}],"curies":[{"name":"wp","href":"https:\/\/api.w.org\/{rel}","templated":true}]}}