{"id":171332,"date":"2025-02-17T23:05:07","date_gmt":"2025-02-17T22:05:07","guid":{"rendered":"https:\/\/revolutionpadelstore.com\/head-coello-vibe\/"},"modified":"2026-04-08T07:42:29","modified_gmt":"2026-04-08T05:42:29","slug":"head-coello-vibe-4","status":"publish","type":"product","link":"https:\/\/revolutionpadelstore.com\/it\/prodotto\/head-coello-vibe-4\/","title":{"rendered":"HEAD COELLO VIBE"},"content":{"rendered":"<p>&lt;Il<br \/>\nProgettato in collaborazione con il <strong> re Arturo <\/strong>, il <strong> head Coello Vibe 2025 <\/strong> \u00e8 la pala perfetta per principianti e giocatori occasionali che cercano potere controllato, comfort e un punto pi\u00f9 ampio. Il suo design esclusivo, con dettagli come l&#8217;azienda di Arturo Coello e un logo Crown, lo rende un&#8217;opzione irresistibile per i follower del mondo numero 1.<\/p>\n<h2> <strong> Caratteristiche eccezionali della testa Coello Vibe 2025 <\/strong> <\/h2>\n<p style=\"padding-left: 40px\">-potenza facile e controllata: la sua forma di lacrima extragranden offre una maggiore tolleranza e flessibilit\u00e0 in ogni colpo.<br \/>\n-Peso ottimizzato per una maggiore potenza: pi\u00f9 pesante di altri modelli di vibrazione, che consente di stampare pi\u00f9 forza senza perdere la gestibilit\u00e0.<br \/>\n-Superficie della corsa in fibra di vetro: offre una maggiore rigidit\u00e0 e stabilit\u00e0, combinando il controllo e la potenza in modo equilibrato.<br \/>\n-Spuma Power schiuma: materiale ad alta reattivit\u00e0 che migliora la produzione di palla e migliora la sensazione nel colpo.<br \/>\n-Inter Protettore del sistema: maggiore durata e resistenza agli impatti e all&#8217;usura.<br \/>\n-Esclusiva Dise\u00f1o di Arturo Coello: finitura luminosa con dettagli unici, come la sua firma e un logo della corona, mettendo in evidenza il suo stile professionale<\/p>\n<h2> <strong> Chi \u00e8 la testa Coello Vibe 2025?<br \/>\nSe sei un giocatore occasionale o per principianti e cerca una pala che ti aiuti a migliorare il tuo gioco con maggiore controllo, potenza e stabilit\u00e0, Coello Vibe 2025 \u00e8 la scelta migliore. La sua combinazione di fibra di vetro, schiuma in schiuma di potenza e design extragrande garantisce un gioco confortevole ed efficace dal primo colpo.<\/p>\n<p><strong> Get the Head Coello Vibe 2025 now in our online store <a href=\"https:\/\/chatgpt.com\/g\/g-675432e026888191B6ee6d6f2fdbb15e-otimization-textos\/c\/www.revolutionpadelstore.com\"> Revolution Store <\/a>, probabilmente al miglior prezzo di mercato!<\/p>\n<h2><strong>HEAD Coello Vibe 2025 \u2013 La pala del n\u00famero 1<\/strong><\/p>\n","protected":false},"excerpt":{"rendered":"<p>La pala pala <strong> Head Coello Vibe 2025 <\/strong>, parte della collezione Arturo Coello, \u00e8 progettata per fornire facilit\u00e0 di potere e un grande punto dolce, ideale per i principianti e i giocatori occasionali.<strong>Head Coello Vibe 2025<\/strong><\/p>\n","protected":false},"featured_media":171303,"comment_status":"open","ping_status":"closed","template":"","meta":{"_acf_changed":false,"_joinchat":[]},"acabado":[1081],"balance":[1141],"dureza":[1151,1156],"forma":[1186],"jugador":[1201,1191],"marca":[1221],"nivel-de-juego":[1341,1351],"superficie":[1356],"tipo-de-juego":[1386],"product_brand":[],"product_cat":[301],"product_tag":[],"class_list":{"0":"post-171332","1":"product","2":"type-product","3":"status-publish","4":"has-post-thumbnail","6":"acabado-luminosita","7":"balance-medio-it","8":"dureza-blanda-it","9":"dureza-media-it","10":"forma-lagrima-it","11":"jugador-multiuso","12":"jugador-uomo","13":"marca-testa","14":"superficie-lisa-it","15":"tipo-de-juego-multiuso","16":"product_cat-palas-de-padel-it","18":"first","19":"instock","20":"sale","21":"taxable","22":"shipping-taxable","23":"purchasable","24":"product-type-simple"},"acf":[],"yoast_head":"<!-- This site is optimized with the Yoast SEO plugin v27.4 - https:\/\/yoast.com\/product\/yoast-seo-wordpress\/ -->\n<title>HEAD COELLO VIBE - Revolution Padel Store<\/title>\n<meta name=\"description\" content=\"Descubre la HEAD Coello Vibe 2025, la pala dise\u00f1ada con el n\u00famero 1 del mundo. Ideal para principiantes y jugadores ocasionales, con potencia controlada y un punto dulce amplio. \u00a1C\u00f3mprala en Revolution Padel Store!\" \/>\n<meta name=\"robots\" content=\"index, follow, max-snippet:-1, max-image-preview:large, max-video-preview:-1\" \/>\n<link rel=\"canonical\" href=\"https:\/\/revolutionpadelstore.com\/it\/prodotto\/head-coello-vibe-4\/\" \/>\n<meta property=\"og:locale\" content=\"it_IT\" \/>\n<meta property=\"og:type\" content=\"article\" \/>\n<meta property=\"og:title\" content=\"HEAD COELLO VIBE - Revolution Padel Store\" \/>\n<meta property=\"og:description\" content=\"Descubre la HEAD Coello Vibe 2025, la pala dise\u00f1ada con el n\u00famero 1 del mundo. Ideal para principiantes y jugadores ocasionales, con potencia controlada y un punto dulce amplio. \u00a1C\u00f3mprala en Revolution Padel Store!\" \/>\n<meta property=\"og:url\" content=\"https:\/\/revolutionpadelstore.com\/it\/prodotto\/head-coello-vibe-4\/\" \/>\n<meta property=\"og:site_name\" content=\"Revolution Padel Store\" \/>\n<meta property=\"article:modified_time\" content=\"2026-04-08T05:42:29+00:00\" \/>\n<meta property=\"og:image\" content=\"https:\/\/revolutionpadelstore.com\/wp-content\/uploads\/2025\/02\/coello-vibe-2025-1.png\" \/>\n\t<meta property=\"og:image:width\" content=\"1200\" \/>\n\t<meta property=\"og:image:height\" content=\"1200\" \/>\n\t<meta property=\"og:image:type\" content=\"image\/png\" \/>\n<meta name=\"twitter:card\" content=\"summary_large_image\" \/>\n<meta name=\"twitter:label1\" content=\"Tempo di lettura stimato\" \/>\n\t<meta name=\"twitter:data1\" content=\"1 minuto\" \/>\n<script type=\"application\/ld+json\" class=\"yoast-schema-graph\">{\"@context\":\"https:\\\/\\\/schema.org\",\"@graph\":[{\"@type\":\"WebPage\",\"@id\":\"https:\\\/\\\/revolutionpadelstore.com\\\/it\\\/prodotto\\\/head-coello-vibe-4\\\/\",\"url\":\"https:\\\/\\\/revolutionpadelstore.com\\\/it\\\/prodotto\\\/head-coello-vibe-4\\\/\",\"name\":\"HEAD COELLO VIBE - Revolution Padel Store\",\"isPartOf\":{\"@id\":\"https:\\\/\\\/revolutionpadelstore.com\\\/it\\\/#website\"},\"primaryImageOfPage\":{\"@id\":\"https:\\\/\\\/revolutionpadelstore.com\\\/it\\\/prodotto\\\/head-coello-vibe-4\\\/#primaryimage\"},\"image\":{\"@id\":\"https:\\\/\\\/revolutionpadelstore.com\\\/it\\\/prodotto\\\/head-coello-vibe-4\\\/#primaryimage\"},\"thumbnailUrl\":\"https:\\\/\\\/revolutionpadelstore.com\\\/wp-content\\\/uploads\\\/2025\\\/02\\\/coello-vibe-2025-1.png\",\"datePublished\":\"2025-02-17T22:05:07+00:00\",\"dateModified\":\"2026-04-08T05:42:29+00:00\",\"description\":\"Descubre la HEAD Coello Vibe 2025, la pala dise\u00f1ada con el n\u00famero 1 del mundo. Ideal para principiantes y jugadores ocasionales, con potencia controlada y un punto dulce amplio. \u00a1C\u00f3mprala en Revolution Padel Store!\",\"breadcrumb\":{\"@id\":\"https:\\\/\\\/revolutionpadelstore.com\\\/it\\\/prodotto\\\/head-coello-vibe-4\\\/#breadcrumb\"},\"inLanguage\":\"it-IT\",\"potentialAction\":[{\"@type\":\"ReadAction\",\"target\":[\"https:\\\/\\\/revolutionpadelstore.com\\\/it\\\/prodotto\\\/head-coello-vibe-4\\\/\"]}]},{\"@type\":\"ImageObject\",\"inLanguage\":\"it-IT\",\"@id\":\"https:\\\/\\\/revolutionpadelstore.com\\\/it\\\/prodotto\\\/head-coello-vibe-4\\\/#primaryimage\",\"url\":\"https:\\\/\\\/revolutionpadelstore.com\\\/wp-content\\\/uploads\\\/2025\\\/02\\\/coello-vibe-2025-1.png\",\"contentUrl\":\"https:\\\/\\\/revolutionpadelstore.com\\\/wp-content\\\/uploads\\\/2025\\\/02\\\/coello-vibe-2025-1.png\",\"width\":1200,\"height\":1200},{\"@type\":\"BreadcrumbList\",\"@id\":\"https:\\\/\\\/revolutionpadelstore.com\\\/it\\\/prodotto\\\/head-coello-vibe-4\\\/#breadcrumb\",\"itemListElement\":[{\"@type\":\"ListItem\",\"position\":1,\"name\":\"Portada\",\"item\":\"https:\\\/\\\/revolutionpadelstore.com\\\/it\\\/\"},{\"@type\":\"ListItem\",\"position\":2,\"name\":\"Tienda\",\"item\":\"https:\\\/\\\/revolutionpadelstore.com\\\/it\\\/tienda\\\/\"},{\"@type\":\"ListItem\",\"position\":3,\"name\":\"HEAD COELLO VIBE\"}]},{\"@type\":\"WebSite\",\"@id\":\"https:\\\/\\\/revolutionpadelstore.com\\\/it\\\/#website\",\"url\":\"https:\\\/\\\/revolutionpadelstore.com\\\/it\\\/\",\"name\":\"Revolution Padel Store\",\"description\":\"\",\"publisher\":{\"@id\":\"https:\\\/\\\/revolutionpadelstore.com\\\/it\\\/#organization\"},\"potentialAction\":[{\"@type\":\"SearchAction\",\"target\":{\"@type\":\"EntryPoint\",\"urlTemplate\":\"https:\\\/\\\/revolutionpadelstore.com\\\/it\\\/?s={search_term_string}\"},\"query-input\":{\"@type\":\"PropertyValueSpecification\",\"valueRequired\":true,\"valueName\":\"search_term_string\"}}],\"inLanguage\":\"it-IT\"},{\"@type\":\"Organization\",\"@id\":\"https:\\\/\\\/revolutionpadelstore.com\\\/it\\\/#organization\",\"name\":\"Revolution Padel Store\",\"url\":\"https:\\\/\\\/revolutionpadelstore.com\\\/it\\\/\",\"logo\":{\"@type\":\"ImageObject\",\"inLanguage\":\"it-IT\",\"@id\":\"https:\\\/\\\/revolutionpadelstore.com\\\/it\\\/#\\\/schema\\\/logo\\\/image\\\/\",\"url\":\"https:\\\/\\\/revolutionpadelstore.com\\\/wp-content\\\/uploads\\\/2026\\\/02\\\/revolution-padel-store.jpg\",\"contentUrl\":\"https:\\\/\\\/revolutionpadelstore.com\\\/wp-content\\\/uploads\\\/2026\\\/02\\\/revolution-padel-store.jpg\",\"width\":2000,\"height\":2000,\"caption\":\"Revolution Padel Store\"},\"image\":{\"@id\":\"https:\\\/\\\/revolutionpadelstore.com\\\/it\\\/#\\\/schema\\\/logo\\\/image\\\/\"},\"sameAs\":[\"https:\\\/\\\/www.instagram.com\\\/revolutionpadelstore\\\/\"]}]}<\/script>\n<!-- \/ Yoast SEO plugin. -->","yoast_head_json":{"title":"HEAD COELLO VIBE - Revolution Padel Store","description":"Descubre la HEAD Coello Vibe 2025, la pala dise\u00f1ada con el n\u00famero 1 del mundo. Ideal para principiantes y jugadores ocasionales, con potencia controlada y un punto dulce amplio. \u00a1C\u00f3mprala en Revolution Padel Store!","robots":{"index":"index","follow":"follow","max-snippet":"max-snippet:-1","max-image-preview":"max-image-preview:large","max-video-preview":"max-video-preview:-1"},"canonical":"https:\/\/revolutionpadelstore.com\/it\/prodotto\/head-coello-vibe-4\/","og_locale":"it_IT","og_type":"article","og_title":"HEAD COELLO VIBE - Revolution Padel Store","og_description":"Descubre la HEAD Coello Vibe 2025, la pala dise\u00f1ada con el n\u00famero 1 del mundo. Ideal para principiantes y jugadores ocasionales, con potencia controlada y un punto dulce amplio. \u00a1C\u00f3mprala en Revolution Padel Store!","og_url":"https:\/\/revolutionpadelstore.com\/it\/prodotto\/head-coello-vibe-4\/","og_site_name":"Revolution Padel Store","article_modified_time":"2026-04-08T05:42:29+00:00","og_image":[{"width":1200,"height":1200,"url":"https:\/\/revolutionpadelstore.com\/wp-content\/uploads\/2025\/02\/coello-vibe-2025-1.png","type":"image\/png"}],"twitter_card":"summary_large_image","twitter_misc":{"Tempo di lettura stimato":"1 minuto"},"schema":{"@context":"https:\/\/schema.org","@graph":[{"@type":"WebPage","@id":"https:\/\/revolutionpadelstore.com\/it\/prodotto\/head-coello-vibe-4\/","url":"https:\/\/revolutionpadelstore.com\/it\/prodotto\/head-coello-vibe-4\/","name":"HEAD COELLO VIBE - Revolution Padel Store","isPartOf":{"@id":"https:\/\/revolutionpadelstore.com\/it\/#website"},"primaryImageOfPage":{"@id":"https:\/\/revolutionpadelstore.com\/it\/prodotto\/head-coello-vibe-4\/#primaryimage"},"image":{"@id":"https:\/\/revolutionpadelstore.com\/it\/prodotto\/head-coello-vibe-4\/#primaryimage"},"thumbnailUrl":"https:\/\/revolutionpadelstore.com\/wp-content\/uploads\/2025\/02\/coello-vibe-2025-1.png","datePublished":"2025-02-17T22:05:07+00:00","dateModified":"2026-04-08T05:42:29+00:00","description":"Descubre la HEAD Coello Vibe 2025, la pala dise\u00f1ada con el n\u00famero 1 del mundo. Ideal para principiantes y jugadores ocasionales, con potencia controlada y un punto dulce amplio. \u00a1C\u00f3mprala en Revolution Padel Store!","breadcrumb":{"@id":"https:\/\/revolutionpadelstore.com\/it\/prodotto\/head-coello-vibe-4\/#breadcrumb"},"inLanguage":"it-IT","potentialAction":[{"@type":"ReadAction","target":["https:\/\/revolutionpadelstore.com\/it\/prodotto\/head-coello-vibe-4\/"]}]},{"@type":"ImageObject","inLanguage":"it-IT","@id":"https:\/\/revolutionpadelstore.com\/it\/prodotto\/head-coello-vibe-4\/#primaryimage","url":"https:\/\/revolutionpadelstore.com\/wp-content\/uploads\/2025\/02\/coello-vibe-2025-1.png","contentUrl":"https:\/\/revolutionpadelstore.com\/wp-content\/uploads\/2025\/02\/coello-vibe-2025-1.png","width":1200,"height":1200},{"@type":"BreadcrumbList","@id":"https:\/\/revolutionpadelstore.com\/it\/prodotto\/head-coello-vibe-4\/#breadcrumb","itemListElement":[{"@type":"ListItem","position":1,"name":"Portada","item":"https:\/\/revolutionpadelstore.com\/it\/"},{"@type":"ListItem","position":2,"name":"Tienda","item":"https:\/\/revolutionpadelstore.com\/it\/tienda\/"},{"@type":"ListItem","position":3,"name":"HEAD COELLO VIBE"}]},{"@type":"WebSite","@id":"https:\/\/revolutionpadelstore.com\/it\/#website","url":"https:\/\/revolutionpadelstore.com\/it\/","name":"Revolution Padel Store","description":"","publisher":{"@id":"https:\/\/revolutionpadelstore.com\/it\/#organization"},"potentialAction":[{"@type":"SearchAction","target":{"@type":"EntryPoint","urlTemplate":"https:\/\/revolutionpadelstore.com\/it\/?s={search_term_string}"},"query-input":{"@type":"PropertyValueSpecification","valueRequired":true,"valueName":"search_term_string"}}],"inLanguage":"it-IT"},{"@type":"Organization","@id":"https:\/\/revolutionpadelstore.com\/it\/#organization","name":"Revolution Padel Store","url":"https:\/\/revolutionpadelstore.com\/it\/","logo":{"@type":"ImageObject","inLanguage":"it-IT","@id":"https:\/\/revolutionpadelstore.com\/it\/#\/schema\/logo\/image\/","url":"https:\/\/revolutionpadelstore.com\/wp-content\/uploads\/2026\/02\/revolution-padel-store.jpg","contentUrl":"https:\/\/revolutionpadelstore.com\/wp-content\/uploads\/2026\/02\/revolution-padel-store.jpg","width":2000,"height":2000,"caption":"Revolution Padel Store"},"image":{"@id":"https:\/\/revolutionpadelstore.com\/it\/#\/schema\/logo\/image\/"},"sameAs":["https:\/\/www.instagram.com\/revolutionpadelstore\/"]}]}},"_links":{"self":[{"href":"https:\/\/revolutionpadelstore.com\/it\/wp-json\/wp\/v2\/product\/171332","targetHints":{"allow":["GET"]}}],"collection":[{"href":"https:\/\/revolutionpadelstore.com\/it\/wp-json\/wp\/v2\/product"}],"about":[{"href":"https:\/\/revolutionpadelstore.com\/it\/wp-json\/wp\/v2\/types\/product"}],"replies":[{"embeddable":true,"href":"https:\/\/revolutionpadelstore.com\/it\/wp-json\/wp\/v2\/comments?post=171332"}],"wp:featuredmedia":[{"embeddable":true,"href":"https:\/\/revolutionpadelstore.com\/it\/wp-json\/wp\/v2\/media\/171303"}],"wp:attachment":[{"href":"https:\/\/revolutionpadelstore.com\/it\/wp-json\/wp\/v2\/media?parent=171332"}],"wp:term":[{"taxonomy":"acabado","embeddable":true,"href":"https:\/\/revolutionpadelstore.com\/it\/wp-json\/wp\/v2\/acabado?post=171332"},{"taxonomy":"balance","embeddable":true,"href":"https:\/\/revolutionpadelstore.com\/it\/wp-json\/wp\/v2\/balance?post=171332"},{"taxonomy":"dureza","embeddable":true,"href":"https:\/\/revolutionpadelstore.com\/it\/wp-json\/wp\/v2\/dureza?post=171332"},{"taxonomy":"forma","embeddable":true,"href":"https:\/\/revolutionpadelstore.com\/it\/wp-json\/wp\/v2\/forma?post=171332"},{"taxonomy":"jugador","embeddable":true,"href":"https:\/\/revolutionpadelstore.com\/it\/wp-json\/wp\/v2\/jugador?post=171332"},{"taxonomy":"marca","embeddable":true,"href":"https:\/\/revolutionpadelstore.com\/it\/wp-json\/wp\/v2\/marca?post=171332"},{"taxonomy":"nivel-de-juego","embeddable":true,"href":"https:\/\/revolutionpadelstore.com\/it\/wp-json\/wp\/v2\/nivel-de-juego?post=171332"},{"taxonomy":"superficie","embeddable":true,"href":"https:\/\/revolutionpadelstore.com\/it\/wp-json\/wp\/v2\/superficie?post=171332"},{"taxonomy":"tipo-de-juego","embeddable":true,"href":"https:\/\/revolutionpadelstore.com\/it\/wp-json\/wp\/v2\/tipo-de-juego?post=171332"},{"taxonomy":"product_brand","embeddable":true,"href":"https:\/\/revolutionpadelstore.com\/it\/wp-json\/wp\/v2\/product_brand?post=171332"},{"taxonomy":"product_cat","embeddable":true,"href":"https:\/\/revolutionpadelstore.com\/it\/wp-json\/wp\/v2\/product_cat?post=171332"},{"taxonomy":"product_tag","embeddable":true,"href":"https:\/\/revolutionpadelstore.com\/it\/wp-json\/wp\/v2\/product_tag?post=171332"}],"curies":[{"name":"wp","href":"https:\/\/api.w.org\/{rel}","templated":true}]}}