{"id":17124,"date":"2024-04-22T15:23:21","date_gmt":"2024-04-22T13:23:21","guid":{"rendered":"https:\/\/revolutionpadelstore.com\/zapatillas-bullpadel-ionic-24v-naranja\/"},"modified":"2026-04-08T12:57:51","modified_gmt":"2026-04-08T10:57:51","slug":"zapatillas-bullpadel-ionic-24v-naranja-4","status":"publish","type":"product","link":"https:\/\/revolutionpadelstore.com\/it\/prodotto\/zapatillas-bullpadel-ionic-24v-naranja-4\/","title":{"rendered":"Zapatillas Bullpadel Ionic 24V Naranja"},"content":{"rendered":"<p>Su Revolution Padel Store troverai le scarpe perfette per portare il tuo gioco al livello successivo: le scarpe Bullpadel Ionic 24V Orange. Con un design innovativo e una tecnologia avanzata, questo modello \u00e8 quello scelto dalle giovani promesse del padel Alex Arroyo e Javier Leal. La sua suola, con una combinazione ideale di mobilit\u00e0 e presa, ti permetter\u00e0 di evolvere nel tuo gioco e ti fornir\u00e0 l&#8217;ammortizzazione necessaria per continuare a migliorare.<\/p>\n<p> Ma non \u00e8 tutto, queste sneakers hanno caratteristiche uniche che le distinguono nel mercato. La tecnologia STITCH INSOLE, con la soletta in gomma EVA e il rinforzo in tessuto, insieme all&#8217;intersuola in phylon, ti offrir\u00e0 maggiore ammortizzazione e comfort. Inoltre, il sistema BPS SYSTEM, con il suo stabilizzatore posteriore, previene torsioni e sostiene il piede nei supporti laterali.<\/p>\n<p> Con la tecnologia THERMO SEALED, queste scarpe diventano un guanto per i tuoi piedi, grazie al loro design senza cuciture che riduce anche il peso e aumenta flessibilit\u00e0 e resistenza. E per proteggerti dallo sfregamento contro i muri, hanno la tecnologia SOLE SHIELD, con maggiore altezza sui lati e sulla punta.<\/p>\n<p> Ma non \u00e8 tutto, queste scarpe sono progettate per regalarti un&#8217;esperienza completa in campo. Con MOVIMENTO LATERALE, un canale centrale che fornisce un&#8217;ammortizzazione extra nel tallone e un pezzo in TPU nel tallone che aiuta a recuperare la forma iniziale del phylon. E con FLEX RIFT, canali di gomma liberi nella suola che consentono una flessibilit\u00e0 ottimale del piede.<\/p>\n<p> E per una presa e una guida ottimali, queste scarpe sono dotate di HYBRID 360, una combinazione di spina di pesce e micro tacchetti sulla suola. La zona a spina di pesce garantisce un grip perfetto, mentre la zona dei micro tacchetti favorisce i movimenti laterali e le curve.<\/p>\n<p> Non aspettare oltre e prova le scarpe Bullpadel<\/p>\n","protected":false},"excerpt":{"rendered":"<p>Scopri le innovative scarpe Bullpadel Ionic 24V Orange nel Revolution Padel Store. Design innovativo e tecnologia avanzata per migliorare il tuo gioco.<\/p>\n","protected":false},"featured_media":43902,"comment_status":"closed","ping_status":"closed","template":"","meta":{"_acf_changed":false,"_joinchat":[]},"acabado":[],"balance":[],"dureza":[],"forma":[],"jugador":[1191],"marca":[1256],"nivel-de-juego":[1341,1346],"superficie":[],"tipo-de-juego":[1371,1376],"product_brand":[],"product_cat":[404],"product_tag":[],"class_list":{"0":"post-17124","1":"product","2":"type-product","3":"status-publish","4":"has-post-thumbnail","6":"jugador-uomo","7":"marca-bullpadel-it","8":"tipo-de-juego-controllo","9":"tipo-de-juego-potenza","10":"product_cat-sneakers-da-uomo","12":"first","13":"outofstock","14":"sale","15":"taxable","16":"shipping-taxable","17":"purchasable","18":"product-type-variable"},"acf":[],"yoast_head":"<!-- This site is optimized with the Yoast SEO plugin v27.4 - https:\/\/yoast.com\/product\/yoast-seo-wordpress\/ -->\n<title>Zapatillas Bullpadel Ionic 24V Naranja - Revolution Padel Store<\/title>\n<meta name=\"description\" content=\"Descubre las innovadoras zapatillas Bullpadel Ionic 24V Naranja en Revolution Padel Store. Dise\u00f1o rompedor y tecnolog\u00eda avanzada para mejorar tu juego.\" \/>\n<meta name=\"robots\" content=\"index, follow, max-snippet:-1, max-image-preview:large, max-video-preview:-1\" \/>\n<link rel=\"canonical\" href=\"https:\/\/revolutionpadelstore.com\/it\/prodotto\/zapatillas-bullpadel-ionic-24v-naranja-4\/\" \/>\n<meta property=\"og:locale\" content=\"it_IT\" \/>\n<meta property=\"og:type\" content=\"article\" \/>\n<meta property=\"og:title\" content=\"Zapatillas Bullpadel Ionic 24V Naranja - Revolution Padel Store\" \/>\n<meta property=\"og:description\" content=\"Descubre las innovadoras zapatillas Bullpadel Ionic 24V Naranja en Revolution Padel Store. Dise\u00f1o rompedor y tecnolog\u00eda avanzada para mejorar tu juego.\" \/>\n<meta property=\"og:url\" content=\"https:\/\/revolutionpadelstore.com\/it\/prodotto\/zapatillas-bullpadel-ionic-24v-naranja-4\/\" \/>\n<meta property=\"og:site_name\" content=\"Revolution Padel Store\" \/>\n<meta property=\"article:modified_time\" content=\"2026-04-08T10:57:51+00:00\" \/>\n<meta property=\"og:image\" content=\"https:\/\/revolutionpadelstore.com\/wp-content\/uploads\/2024\/04\/18387-0-4.jpg\" \/>\n\t<meta property=\"og:image:width\" content=\"800\" \/>\n\t<meta property=\"og:image:height\" content=\"800\" \/>\n\t<meta property=\"og:image:type\" content=\"image\/png\" \/>\n<meta name=\"twitter:card\" content=\"summary_large_image\" \/>\n<meta name=\"twitter:label1\" content=\"Tempo di lettura stimato\" \/>\n\t<meta name=\"twitter:data1\" content=\"1 minuto\" \/>\n<script type=\"application\/ld+json\" class=\"yoast-schema-graph\">{\"@context\":\"https:\\\/\\\/schema.org\",\"@graph\":[{\"@type\":\"WebPage\",\"@id\":\"https:\\\/\\\/revolutionpadelstore.com\\\/it\\\/prodotto\\\/zapatillas-bullpadel-ionic-24v-naranja-4\\\/\",\"url\":\"https:\\\/\\\/revolutionpadelstore.com\\\/it\\\/prodotto\\\/zapatillas-bullpadel-ionic-24v-naranja-4\\\/\",\"name\":\"Zapatillas Bullpadel Ionic 24V Naranja - Revolution Padel Store\",\"isPartOf\":{\"@id\":\"https:\\\/\\\/revolutionpadelstore.com\\\/it\\\/#website\"},\"primaryImageOfPage\":{\"@id\":\"https:\\\/\\\/revolutionpadelstore.com\\\/it\\\/prodotto\\\/zapatillas-bullpadel-ionic-24v-naranja-4\\\/#primaryimage\"},\"image\":{\"@id\":\"https:\\\/\\\/revolutionpadelstore.com\\\/it\\\/prodotto\\\/zapatillas-bullpadel-ionic-24v-naranja-4\\\/#primaryimage\"},\"thumbnailUrl\":\"https:\\\/\\\/revolutionpadelstore.com\\\/wp-content\\\/uploads\\\/2024\\\/04\\\/18387-0-4.jpg\",\"datePublished\":\"2024-04-22T13:23:21+00:00\",\"dateModified\":\"2026-04-08T10:57:51+00:00\",\"description\":\"Descubre las innovadoras zapatillas Bullpadel Ionic 24V Naranja en Revolution Padel Store. Dise\u00f1o rompedor y tecnolog\u00eda avanzada para mejorar tu juego.\",\"breadcrumb\":{\"@id\":\"https:\\\/\\\/revolutionpadelstore.com\\\/it\\\/prodotto\\\/zapatillas-bullpadel-ionic-24v-naranja-4\\\/#breadcrumb\"},\"inLanguage\":\"it-IT\",\"potentialAction\":[{\"@type\":\"ReadAction\",\"target\":[\"https:\\\/\\\/revolutionpadelstore.com\\\/it\\\/prodotto\\\/zapatillas-bullpadel-ionic-24v-naranja-4\\\/\"]}]},{\"@type\":\"ImageObject\",\"inLanguage\":\"it-IT\",\"@id\":\"https:\\\/\\\/revolutionpadelstore.com\\\/it\\\/prodotto\\\/zapatillas-bullpadel-ionic-24v-naranja-4\\\/#primaryimage\",\"url\":\"https:\\\/\\\/revolutionpadelstore.com\\\/wp-content\\\/uploads\\\/2024\\\/04\\\/18387-0-4.jpg\",\"contentUrl\":\"https:\\\/\\\/revolutionpadelstore.com\\\/wp-content\\\/uploads\\\/2024\\\/04\\\/18387-0-4.jpg\",\"width\":800,\"height\":800},{\"@type\":\"BreadcrumbList\",\"@id\":\"https:\\\/\\\/revolutionpadelstore.com\\\/it\\\/prodotto\\\/zapatillas-bullpadel-ionic-24v-naranja-4\\\/#breadcrumb\",\"itemListElement\":[{\"@type\":\"ListItem\",\"position\":1,\"name\":\"Portada\",\"item\":\"https:\\\/\\\/revolutionpadelstore.com\\\/it\\\/\"},{\"@type\":\"ListItem\",\"position\":2,\"name\":\"Tienda\",\"item\":\"https:\\\/\\\/revolutionpadelstore.com\\\/it\\\/tienda\\\/\"},{\"@type\":\"ListItem\",\"position\":3,\"name\":\"Zapatillas Bullpadel Ionic 24V Naranja\"}]},{\"@type\":\"WebSite\",\"@id\":\"https:\\\/\\\/revolutionpadelstore.com\\\/it\\\/#website\",\"url\":\"https:\\\/\\\/revolutionpadelstore.com\\\/it\\\/\",\"name\":\"Revolution Padel Store\",\"description\":\"\",\"publisher\":{\"@id\":\"https:\\\/\\\/revolutionpadelstore.com\\\/it\\\/#organization\"},\"potentialAction\":[{\"@type\":\"SearchAction\",\"target\":{\"@type\":\"EntryPoint\",\"urlTemplate\":\"https:\\\/\\\/revolutionpadelstore.com\\\/it\\\/?s={search_term_string}\"},\"query-input\":{\"@type\":\"PropertyValueSpecification\",\"valueRequired\":true,\"valueName\":\"search_term_string\"}}],\"inLanguage\":\"it-IT\"},{\"@type\":\"Organization\",\"@id\":\"https:\\\/\\\/revolutionpadelstore.com\\\/it\\\/#organization\",\"name\":\"Revolution Padel Store\",\"url\":\"https:\\\/\\\/revolutionpadelstore.com\\\/it\\\/\",\"logo\":{\"@type\":\"ImageObject\",\"inLanguage\":\"it-IT\",\"@id\":\"https:\\\/\\\/revolutionpadelstore.com\\\/it\\\/#\\\/schema\\\/logo\\\/image\\\/\",\"url\":\"https:\\\/\\\/revolutionpadelstore.com\\\/wp-content\\\/uploads\\\/2026\\\/02\\\/revolution-padel-store.jpg\",\"contentUrl\":\"https:\\\/\\\/revolutionpadelstore.com\\\/wp-content\\\/uploads\\\/2026\\\/02\\\/revolution-padel-store.jpg\",\"width\":2000,\"height\":2000,\"caption\":\"Revolution Padel Store\"},\"image\":{\"@id\":\"https:\\\/\\\/revolutionpadelstore.com\\\/it\\\/#\\\/schema\\\/logo\\\/image\\\/\"},\"sameAs\":[\"https:\\\/\\\/www.instagram.com\\\/revolutionpadelstore\\\/\"]}]}<\/script>\n<!-- \/ Yoast SEO plugin. -->","yoast_head_json":{"title":"Zapatillas Bullpadel Ionic 24V Naranja - Revolution Padel Store","description":"Descubre las innovadoras zapatillas Bullpadel Ionic 24V Naranja en Revolution Padel Store. Dise\u00f1o rompedor y tecnolog\u00eda avanzada para mejorar tu juego.","robots":{"index":"index","follow":"follow","max-snippet":"max-snippet:-1","max-image-preview":"max-image-preview:large","max-video-preview":"max-video-preview:-1"},"canonical":"https:\/\/revolutionpadelstore.com\/it\/prodotto\/zapatillas-bullpadel-ionic-24v-naranja-4\/","og_locale":"it_IT","og_type":"article","og_title":"Zapatillas Bullpadel Ionic 24V Naranja - Revolution Padel Store","og_description":"Descubre las innovadoras zapatillas Bullpadel Ionic 24V Naranja en Revolution Padel Store. Dise\u00f1o rompedor y tecnolog\u00eda avanzada para mejorar tu juego.","og_url":"https:\/\/revolutionpadelstore.com\/it\/prodotto\/zapatillas-bullpadel-ionic-24v-naranja-4\/","og_site_name":"Revolution Padel Store","article_modified_time":"2026-04-08T10:57:51+00:00","og_image":[{"width":800,"height":800,"url":"https:\/\/revolutionpadelstore.com\/wp-content\/uploads\/2024\/04\/18387-0-4.jpg","type":"image\/png"}],"twitter_card":"summary_large_image","twitter_misc":{"Tempo di lettura stimato":"1 minuto"},"schema":{"@context":"https:\/\/schema.org","@graph":[{"@type":"WebPage","@id":"https:\/\/revolutionpadelstore.com\/it\/prodotto\/zapatillas-bullpadel-ionic-24v-naranja-4\/","url":"https:\/\/revolutionpadelstore.com\/it\/prodotto\/zapatillas-bullpadel-ionic-24v-naranja-4\/","name":"Zapatillas Bullpadel Ionic 24V Naranja - Revolution Padel Store","isPartOf":{"@id":"https:\/\/revolutionpadelstore.com\/it\/#website"},"primaryImageOfPage":{"@id":"https:\/\/revolutionpadelstore.com\/it\/prodotto\/zapatillas-bullpadel-ionic-24v-naranja-4\/#primaryimage"},"image":{"@id":"https:\/\/revolutionpadelstore.com\/it\/prodotto\/zapatillas-bullpadel-ionic-24v-naranja-4\/#primaryimage"},"thumbnailUrl":"https:\/\/revolutionpadelstore.com\/wp-content\/uploads\/2024\/04\/18387-0-4.jpg","datePublished":"2024-04-22T13:23:21+00:00","dateModified":"2026-04-08T10:57:51+00:00","description":"Descubre las innovadoras zapatillas Bullpadel Ionic 24V Naranja en Revolution Padel Store. Dise\u00f1o rompedor y tecnolog\u00eda avanzada para mejorar tu juego.","breadcrumb":{"@id":"https:\/\/revolutionpadelstore.com\/it\/prodotto\/zapatillas-bullpadel-ionic-24v-naranja-4\/#breadcrumb"},"inLanguage":"it-IT","potentialAction":[{"@type":"ReadAction","target":["https:\/\/revolutionpadelstore.com\/it\/prodotto\/zapatillas-bullpadel-ionic-24v-naranja-4\/"]}]},{"@type":"ImageObject","inLanguage":"it-IT","@id":"https:\/\/revolutionpadelstore.com\/it\/prodotto\/zapatillas-bullpadel-ionic-24v-naranja-4\/#primaryimage","url":"https:\/\/revolutionpadelstore.com\/wp-content\/uploads\/2024\/04\/18387-0-4.jpg","contentUrl":"https:\/\/revolutionpadelstore.com\/wp-content\/uploads\/2024\/04\/18387-0-4.jpg","width":800,"height":800},{"@type":"BreadcrumbList","@id":"https:\/\/revolutionpadelstore.com\/it\/prodotto\/zapatillas-bullpadel-ionic-24v-naranja-4\/#breadcrumb","itemListElement":[{"@type":"ListItem","position":1,"name":"Portada","item":"https:\/\/revolutionpadelstore.com\/it\/"},{"@type":"ListItem","position":2,"name":"Tienda","item":"https:\/\/revolutionpadelstore.com\/it\/tienda\/"},{"@type":"ListItem","position":3,"name":"Zapatillas Bullpadel Ionic 24V Naranja"}]},{"@type":"WebSite","@id":"https:\/\/revolutionpadelstore.com\/it\/#website","url":"https:\/\/revolutionpadelstore.com\/it\/","name":"Revolution Padel Store","description":"","publisher":{"@id":"https:\/\/revolutionpadelstore.com\/it\/#organization"},"potentialAction":[{"@type":"SearchAction","target":{"@type":"EntryPoint","urlTemplate":"https:\/\/revolutionpadelstore.com\/it\/?s={search_term_string}"},"query-input":{"@type":"PropertyValueSpecification","valueRequired":true,"valueName":"search_term_string"}}],"inLanguage":"it-IT"},{"@type":"Organization","@id":"https:\/\/revolutionpadelstore.com\/it\/#organization","name":"Revolution Padel Store","url":"https:\/\/revolutionpadelstore.com\/it\/","logo":{"@type":"ImageObject","inLanguage":"it-IT","@id":"https:\/\/revolutionpadelstore.com\/it\/#\/schema\/logo\/image\/","url":"https:\/\/revolutionpadelstore.com\/wp-content\/uploads\/2026\/02\/revolution-padel-store.jpg","contentUrl":"https:\/\/revolutionpadelstore.com\/wp-content\/uploads\/2026\/02\/revolution-padel-store.jpg","width":2000,"height":2000,"caption":"Revolution Padel Store"},"image":{"@id":"https:\/\/revolutionpadelstore.com\/it\/#\/schema\/logo\/image\/"},"sameAs":["https:\/\/www.instagram.com\/revolutionpadelstore\/"]}]}},"_links":{"self":[{"href":"https:\/\/revolutionpadelstore.com\/it\/wp-json\/wp\/v2\/product\/17124","targetHints":{"allow":["GET"]}}],"collection":[{"href":"https:\/\/revolutionpadelstore.com\/it\/wp-json\/wp\/v2\/product"}],"about":[{"href":"https:\/\/revolutionpadelstore.com\/it\/wp-json\/wp\/v2\/types\/product"}],"replies":[{"embeddable":true,"href":"https:\/\/revolutionpadelstore.com\/it\/wp-json\/wp\/v2\/comments?post=17124"}],"wp:featuredmedia":[{"embeddable":true,"href":"https:\/\/revolutionpadelstore.com\/it\/wp-json\/wp\/v2\/media\/43902"}],"wp:attachment":[{"href":"https:\/\/revolutionpadelstore.com\/it\/wp-json\/wp\/v2\/media?parent=17124"}],"wp:term":[{"taxonomy":"acabado","embeddable":true,"href":"https:\/\/revolutionpadelstore.com\/it\/wp-json\/wp\/v2\/acabado?post=17124"},{"taxonomy":"balance","embeddable":true,"href":"https:\/\/revolutionpadelstore.com\/it\/wp-json\/wp\/v2\/balance?post=17124"},{"taxonomy":"dureza","embeddable":true,"href":"https:\/\/revolutionpadelstore.com\/it\/wp-json\/wp\/v2\/dureza?post=17124"},{"taxonomy":"forma","embeddable":true,"href":"https:\/\/revolutionpadelstore.com\/it\/wp-json\/wp\/v2\/forma?post=17124"},{"taxonomy":"jugador","embeddable":true,"href":"https:\/\/revolutionpadelstore.com\/it\/wp-json\/wp\/v2\/jugador?post=17124"},{"taxonomy":"marca","embeddable":true,"href":"https:\/\/revolutionpadelstore.com\/it\/wp-json\/wp\/v2\/marca?post=17124"},{"taxonomy":"nivel-de-juego","embeddable":true,"href":"https:\/\/revolutionpadelstore.com\/it\/wp-json\/wp\/v2\/nivel-de-juego?post=17124"},{"taxonomy":"superficie","embeddable":true,"href":"https:\/\/revolutionpadelstore.com\/it\/wp-json\/wp\/v2\/superficie?post=17124"},{"taxonomy":"tipo-de-juego","embeddable":true,"href":"https:\/\/revolutionpadelstore.com\/it\/wp-json\/wp\/v2\/tipo-de-juego?post=17124"},{"taxonomy":"product_brand","embeddable":true,"href":"https:\/\/revolutionpadelstore.com\/it\/wp-json\/wp\/v2\/product_brand?post=17124"},{"taxonomy":"product_cat","embeddable":true,"href":"https:\/\/revolutionpadelstore.com\/it\/wp-json\/wp\/v2\/product_cat?post=17124"},{"taxonomy":"product_tag","embeddable":true,"href":"https:\/\/revolutionpadelstore.com\/it\/wp-json\/wp\/v2\/product_tag?post=17124"}],"curies":[{"name":"wp","href":"https:\/\/api.w.org\/{rel}","templated":true}]}}