{"id":170784,"date":"2025-02-16T00:15:43","date_gmt":"2025-02-15T23:15:43","guid":{"rendered":"https:\/\/revolutionpadelstore.com\/paletero-bullpadel-icon-039\/"},"modified":"2026-04-08T07:50:33","modified_gmt":"2026-04-08T05:50:33","slug":"paletero-bullpadel-icon-039-4","status":"publish","type":"product","link":"https:\/\/revolutionpadelstore.com\/it\/prodotto\/paletero-bullpadel-icon-039-4\/","title":{"rendered":"PALETERO BULLPADEL ICON 039"},"content":{"rendered":"<h2> <strong> icona bullpadel Paletero Grafito BPP 25023 &#8211; Organizzazione e protezione premium <\/strong> <\/h2>\n<p>L&#8217;icona bullpadel Grafito BPP-25023 \u00e8 un paletero di fascia alta, progettato per i giocatori impegnativi alla ricerca di organizzazione, resistenza e stile massima. Prodotto in poliestere Polype e 1680D con tessuto gommoso, offre una combinazione perfetta di durata e leggerezza, ideale per l&#8217;uso quotidiano.<\/p>\n<p>Con un design <strong> esclusivo firmato da Juan Mart\u00edn D\u00edaz <\/strong>, questo paletero si distingue per la sua grande capacit\u00e0 e compartimenti specializzati che garantiscono la cura ottimale della tua attrezzatura.<\/p>\n<h2> <strong> spazio e funzionalit\u00e0 ottimizzati <\/strong> <\/h2>\n<p>-vasto scompartimento principale: mantieni comodamente i vestiti e gli accessori essenziali.<br \/>\n-Capacit\u00e0 per 4 lame: due compartimenti termo che proteggono dai colpi e variazioni di temperatura.<br \/>\n-Si ventilati: progettato soprattutto per calzature sporche o vestiti, evitando cattivi odori.<br \/>\n-A base laterale esterna: perfetta per piccoli oggetti ad accesso rapido.<br \/>\n-Mex: 60 \u00d7 28,5 \u00d7 40 cm, ideale per il trasporto dell&#8217;intera attrezzatura senza complicazioni.<\/p>\n<h2> <strong> design esclusivo e materiali premium <\/strong> <\/h2>\n<p>La <strong> icona bullpadel Grafite BPP-255023 <\/strong> non solo offre la massima protezione e l&#8217;organizzazione <\/strong>, ma si distingue anche per il suo design elegante in tono <strong> grafite con rifinito in polipiel <\/strong>, fornendo un tocco sofisticato alla tua attrezzatura.<br \/>\n<P style=\"padding-left: 40px\">-Scelta ufficiale di Juan Mart\u00edn D\u00edaz-A Paletero progettato per i giocatori pi\u00f9 esigenti.<br \/>\n-Aluta materiale di alta qualit\u00e0 -Commissione di resistenza e stile per un uso prolungato.<br \/>\n-Il Trasporto comodo e sicuro -Insolvendo manici imbottiti per una maggiore ergonomia<br \/>\n<strong> Ora disponibile nel nostro negozio online <a href=\"https:\/\/www.revolutionpadelstore.com\/\"> www.revolutionpadelstore.com <\/a>, probabilmente al miglior prezzo di mercato. Non rimanere senza il tuo!<\/p>\n<h2><strong>Paletero Bullpadel Icon Grafito BPP 25023 \u2013 Organizaci\u00f3n y protecci\u00f3n premium<\/strong><\/p>\n","protected":false},"excerpt":{"rendered":"<p>L&#8217;icona Bullpadel Paletero Grafito BPP25023, progettata in collaborazione con Juan Mart\u00edn D\u00edaz, offre una grande capacit\u00e0, resistenza e protezione per la tua squadra sportiva. Ha due scomparti Thermos, che consente di trasportare fino a quattro lame di paletta sicuramente.<\/p>\n","protected":false},"featured_media":170755,"comment_status":"open","ping_status":"closed","template":"","meta":{"_acf_changed":false,"_joinchat":[]},"acabado":[],"balance":[],"dureza":[],"forma":[],"jugador":[],"marca":[1256],"nivel-de-juego":[],"superficie":[],"tipo-de-juego":[],"product_brand":[],"product_cat":[318],"product_tag":[],"class_list":{"0":"post-170784","1":"product","2":"type-product","3":"status-publish","4":"has-post-thumbnail","6":"marca-bullpadel-it","7":"product_cat-borse","9":"first","10":"instock","11":"sale","12":"taxable","13":"shipping-taxable","14":"purchasable","15":"product-type-simple"},"acf":[],"yoast_head":"<!-- This site is optimized with the Yoast SEO plugin v27.4 - https:\/\/yoast.com\/product\/yoast-seo-wordpress\/ -->\n<title>PALETERO BULLPADEL ICON 039 - Revolution Padel Store<\/title>\n<meta name=\"description\" content=\"Descubre el Paletero Bullpadel Icon Grafito BPP-25023, usado por Juan Mart\u00edn D\u00edaz. M\u00e1xima protecci\u00f3n, compartimentos thermo y dise\u00f1o premium. \u00a1C\u00f3mpralo online ahora!\" \/>\n<meta name=\"robots\" content=\"index, follow, max-snippet:-1, max-image-preview:large, max-video-preview:-1\" \/>\n<link rel=\"canonical\" href=\"https:\/\/revolutionpadelstore.com\/it\/prodotto\/paletero-bullpadel-icon-039-4\/\" \/>\n<meta property=\"og:locale\" content=\"it_IT\" \/>\n<meta property=\"og:type\" content=\"article\" \/>\n<meta property=\"og:title\" content=\"PALETERO BULLPADEL ICON 039 - Revolution Padel Store\" \/>\n<meta property=\"og:description\" content=\"Descubre el Paletero Bullpadel Icon Grafito BPP-25023, usado por Juan Mart\u00edn D\u00edaz. M\u00e1xima protecci\u00f3n, compartimentos thermo y dise\u00f1o premium. \u00a1C\u00f3mpralo online ahora!\" \/>\n<meta property=\"og:url\" content=\"https:\/\/revolutionpadelstore.com\/it\/prodotto\/paletero-bullpadel-icon-039-4\/\" \/>\n<meta property=\"og:site_name\" content=\"Revolution Padel Store\" \/>\n<meta property=\"article:modified_time\" content=\"2026-04-08T05:50:33+00:00\" \/>\n<meta property=\"og:image\" content=\"https:\/\/revolutionpadelstore.com\/wp-content\/uploads\/2025\/02\/113824-paletero-bullpadel-bpp25023-icon-448152-1200x1200-1.webp\" \/>\n\t<meta property=\"og:image:width\" content=\"1200\" \/>\n\t<meta property=\"og:image:height\" content=\"1200\" \/>\n\t<meta property=\"og:image:type\" content=\"image\/webp\" \/>\n<meta name=\"twitter:card\" content=\"summary_large_image\" \/>\n<meta name=\"twitter:label1\" content=\"Tempo di lettura stimato\" \/>\n\t<meta name=\"twitter:data1\" content=\"2 minuti\" \/>\n<script type=\"application\/ld+json\" class=\"yoast-schema-graph\">{\"@context\":\"https:\\\/\\\/schema.org\",\"@graph\":[{\"@type\":\"WebPage\",\"@id\":\"https:\\\/\\\/revolutionpadelstore.com\\\/it\\\/prodotto\\\/paletero-bullpadel-icon-039-4\\\/\",\"url\":\"https:\\\/\\\/revolutionpadelstore.com\\\/it\\\/prodotto\\\/paletero-bullpadel-icon-039-4\\\/\",\"name\":\"PALETERO BULLPADEL ICON 039 - Revolution Padel Store\",\"isPartOf\":{\"@id\":\"https:\\\/\\\/revolutionpadelstore.com\\\/it\\\/#website\"},\"primaryImageOfPage\":{\"@id\":\"https:\\\/\\\/revolutionpadelstore.com\\\/it\\\/prodotto\\\/paletero-bullpadel-icon-039-4\\\/#primaryimage\"},\"image\":{\"@id\":\"https:\\\/\\\/revolutionpadelstore.com\\\/it\\\/prodotto\\\/paletero-bullpadel-icon-039-4\\\/#primaryimage\"},\"thumbnailUrl\":\"https:\\\/\\\/revolutionpadelstore.com\\\/wp-content\\\/uploads\\\/2025\\\/02\\\/113824-paletero-bullpadel-bpp25023-icon-448152-1200x1200-1.webp\",\"datePublished\":\"2025-02-15T23:15:43+00:00\",\"dateModified\":\"2026-04-08T05:50:33+00:00\",\"description\":\"Descubre el Paletero Bullpadel Icon Grafito BPP-25023, usado por Juan Mart\u00edn D\u00edaz. M\u00e1xima protecci\u00f3n, compartimentos thermo y dise\u00f1o premium. \u00a1C\u00f3mpralo online ahora!\",\"breadcrumb\":{\"@id\":\"https:\\\/\\\/revolutionpadelstore.com\\\/it\\\/prodotto\\\/paletero-bullpadel-icon-039-4\\\/#breadcrumb\"},\"inLanguage\":\"it-IT\",\"potentialAction\":[{\"@type\":\"ReadAction\",\"target\":[\"https:\\\/\\\/revolutionpadelstore.com\\\/it\\\/prodotto\\\/paletero-bullpadel-icon-039-4\\\/\"]}]},{\"@type\":\"ImageObject\",\"inLanguage\":\"it-IT\",\"@id\":\"https:\\\/\\\/revolutionpadelstore.com\\\/it\\\/prodotto\\\/paletero-bullpadel-icon-039-4\\\/#primaryimage\",\"url\":\"https:\\\/\\\/revolutionpadelstore.com\\\/wp-content\\\/uploads\\\/2025\\\/02\\\/113824-paletero-bullpadel-bpp25023-icon-448152-1200x1200-1.webp\",\"contentUrl\":\"https:\\\/\\\/revolutionpadelstore.com\\\/wp-content\\\/uploads\\\/2025\\\/02\\\/113824-paletero-bullpadel-bpp25023-icon-448152-1200x1200-1.webp\",\"width\":1200,\"height\":1200},{\"@type\":\"BreadcrumbList\",\"@id\":\"https:\\\/\\\/revolutionpadelstore.com\\\/it\\\/prodotto\\\/paletero-bullpadel-icon-039-4\\\/#breadcrumb\",\"itemListElement\":[{\"@type\":\"ListItem\",\"position\":1,\"name\":\"Portada\",\"item\":\"https:\\\/\\\/revolutionpadelstore.com\\\/it\\\/\"},{\"@type\":\"ListItem\",\"position\":2,\"name\":\"Tienda\",\"item\":\"https:\\\/\\\/revolutionpadelstore.com\\\/it\\\/tienda\\\/\"},{\"@type\":\"ListItem\",\"position\":3,\"name\":\"PALETERO BULLPADEL ICON 039\"}]},{\"@type\":\"WebSite\",\"@id\":\"https:\\\/\\\/revolutionpadelstore.com\\\/it\\\/#website\",\"url\":\"https:\\\/\\\/revolutionpadelstore.com\\\/it\\\/\",\"name\":\"Revolution Padel Store\",\"description\":\"\",\"publisher\":{\"@id\":\"https:\\\/\\\/revolutionpadelstore.com\\\/it\\\/#organization\"},\"potentialAction\":[{\"@type\":\"SearchAction\",\"target\":{\"@type\":\"EntryPoint\",\"urlTemplate\":\"https:\\\/\\\/revolutionpadelstore.com\\\/it\\\/?s={search_term_string}\"},\"query-input\":{\"@type\":\"PropertyValueSpecification\",\"valueRequired\":true,\"valueName\":\"search_term_string\"}}],\"inLanguage\":\"it-IT\"},{\"@type\":\"Organization\",\"@id\":\"https:\\\/\\\/revolutionpadelstore.com\\\/it\\\/#organization\",\"name\":\"Revolution Padel Store\",\"url\":\"https:\\\/\\\/revolutionpadelstore.com\\\/it\\\/\",\"logo\":{\"@type\":\"ImageObject\",\"inLanguage\":\"it-IT\",\"@id\":\"https:\\\/\\\/revolutionpadelstore.com\\\/it\\\/#\\\/schema\\\/logo\\\/image\\\/\",\"url\":\"https:\\\/\\\/revolutionpadelstore.com\\\/wp-content\\\/uploads\\\/2026\\\/02\\\/revolution-padel-store.jpg\",\"contentUrl\":\"https:\\\/\\\/revolutionpadelstore.com\\\/wp-content\\\/uploads\\\/2026\\\/02\\\/revolution-padel-store.jpg\",\"width\":2000,\"height\":2000,\"caption\":\"Revolution Padel Store\"},\"image\":{\"@id\":\"https:\\\/\\\/revolutionpadelstore.com\\\/it\\\/#\\\/schema\\\/logo\\\/image\\\/\"},\"sameAs\":[\"https:\\\/\\\/www.instagram.com\\\/revolutionpadelstore\\\/\"]}]}<\/script>\n<!-- \/ Yoast SEO plugin. -->","yoast_head_json":{"title":"PALETERO BULLPADEL ICON 039 - Revolution Padel Store","description":"Descubre el Paletero Bullpadel Icon Grafito BPP-25023, usado por Juan Mart\u00edn D\u00edaz. M\u00e1xima protecci\u00f3n, compartimentos thermo y dise\u00f1o premium. \u00a1C\u00f3mpralo online ahora!","robots":{"index":"index","follow":"follow","max-snippet":"max-snippet:-1","max-image-preview":"max-image-preview:large","max-video-preview":"max-video-preview:-1"},"canonical":"https:\/\/revolutionpadelstore.com\/it\/prodotto\/paletero-bullpadel-icon-039-4\/","og_locale":"it_IT","og_type":"article","og_title":"PALETERO BULLPADEL ICON 039 - Revolution Padel Store","og_description":"Descubre el Paletero Bullpadel Icon Grafito BPP-25023, usado por Juan Mart\u00edn D\u00edaz. M\u00e1xima protecci\u00f3n, compartimentos thermo y dise\u00f1o premium. \u00a1C\u00f3mpralo online ahora!","og_url":"https:\/\/revolutionpadelstore.com\/it\/prodotto\/paletero-bullpadel-icon-039-4\/","og_site_name":"Revolution Padel Store","article_modified_time":"2026-04-08T05:50:33+00:00","og_image":[{"width":1200,"height":1200,"url":"https:\/\/revolutionpadelstore.com\/wp-content\/uploads\/2025\/02\/113824-paletero-bullpadel-bpp25023-icon-448152-1200x1200-1.webp","type":"image\/webp"}],"twitter_card":"summary_large_image","twitter_misc":{"Tempo di lettura stimato":"2 minuti"},"schema":{"@context":"https:\/\/schema.org","@graph":[{"@type":"WebPage","@id":"https:\/\/revolutionpadelstore.com\/it\/prodotto\/paletero-bullpadel-icon-039-4\/","url":"https:\/\/revolutionpadelstore.com\/it\/prodotto\/paletero-bullpadel-icon-039-4\/","name":"PALETERO BULLPADEL ICON 039 - Revolution Padel Store","isPartOf":{"@id":"https:\/\/revolutionpadelstore.com\/it\/#website"},"primaryImageOfPage":{"@id":"https:\/\/revolutionpadelstore.com\/it\/prodotto\/paletero-bullpadel-icon-039-4\/#primaryimage"},"image":{"@id":"https:\/\/revolutionpadelstore.com\/it\/prodotto\/paletero-bullpadel-icon-039-4\/#primaryimage"},"thumbnailUrl":"https:\/\/revolutionpadelstore.com\/wp-content\/uploads\/2025\/02\/113824-paletero-bullpadel-bpp25023-icon-448152-1200x1200-1.webp","datePublished":"2025-02-15T23:15:43+00:00","dateModified":"2026-04-08T05:50:33+00:00","description":"Descubre el Paletero Bullpadel Icon Grafito BPP-25023, usado por Juan Mart\u00edn D\u00edaz. M\u00e1xima protecci\u00f3n, compartimentos thermo y dise\u00f1o premium. \u00a1C\u00f3mpralo online ahora!","breadcrumb":{"@id":"https:\/\/revolutionpadelstore.com\/it\/prodotto\/paletero-bullpadel-icon-039-4\/#breadcrumb"},"inLanguage":"it-IT","potentialAction":[{"@type":"ReadAction","target":["https:\/\/revolutionpadelstore.com\/it\/prodotto\/paletero-bullpadel-icon-039-4\/"]}]},{"@type":"ImageObject","inLanguage":"it-IT","@id":"https:\/\/revolutionpadelstore.com\/it\/prodotto\/paletero-bullpadel-icon-039-4\/#primaryimage","url":"https:\/\/revolutionpadelstore.com\/wp-content\/uploads\/2025\/02\/113824-paletero-bullpadel-bpp25023-icon-448152-1200x1200-1.webp","contentUrl":"https:\/\/revolutionpadelstore.com\/wp-content\/uploads\/2025\/02\/113824-paletero-bullpadel-bpp25023-icon-448152-1200x1200-1.webp","width":1200,"height":1200},{"@type":"BreadcrumbList","@id":"https:\/\/revolutionpadelstore.com\/it\/prodotto\/paletero-bullpadel-icon-039-4\/#breadcrumb","itemListElement":[{"@type":"ListItem","position":1,"name":"Portada","item":"https:\/\/revolutionpadelstore.com\/it\/"},{"@type":"ListItem","position":2,"name":"Tienda","item":"https:\/\/revolutionpadelstore.com\/it\/tienda\/"},{"@type":"ListItem","position":3,"name":"PALETERO BULLPADEL ICON 039"}]},{"@type":"WebSite","@id":"https:\/\/revolutionpadelstore.com\/it\/#website","url":"https:\/\/revolutionpadelstore.com\/it\/","name":"Revolution Padel Store","description":"","publisher":{"@id":"https:\/\/revolutionpadelstore.com\/it\/#organization"},"potentialAction":[{"@type":"SearchAction","target":{"@type":"EntryPoint","urlTemplate":"https:\/\/revolutionpadelstore.com\/it\/?s={search_term_string}"},"query-input":{"@type":"PropertyValueSpecification","valueRequired":true,"valueName":"search_term_string"}}],"inLanguage":"it-IT"},{"@type":"Organization","@id":"https:\/\/revolutionpadelstore.com\/it\/#organization","name":"Revolution Padel Store","url":"https:\/\/revolutionpadelstore.com\/it\/","logo":{"@type":"ImageObject","inLanguage":"it-IT","@id":"https:\/\/revolutionpadelstore.com\/it\/#\/schema\/logo\/image\/","url":"https:\/\/revolutionpadelstore.com\/wp-content\/uploads\/2026\/02\/revolution-padel-store.jpg","contentUrl":"https:\/\/revolutionpadelstore.com\/wp-content\/uploads\/2026\/02\/revolution-padel-store.jpg","width":2000,"height":2000,"caption":"Revolution Padel Store"},"image":{"@id":"https:\/\/revolutionpadelstore.com\/it\/#\/schema\/logo\/image\/"},"sameAs":["https:\/\/www.instagram.com\/revolutionpadelstore\/"]}]}},"_links":{"self":[{"href":"https:\/\/revolutionpadelstore.com\/it\/wp-json\/wp\/v2\/product\/170784","targetHints":{"allow":["GET"]}}],"collection":[{"href":"https:\/\/revolutionpadelstore.com\/it\/wp-json\/wp\/v2\/product"}],"about":[{"href":"https:\/\/revolutionpadelstore.com\/it\/wp-json\/wp\/v2\/types\/product"}],"replies":[{"embeddable":true,"href":"https:\/\/revolutionpadelstore.com\/it\/wp-json\/wp\/v2\/comments?post=170784"}],"wp:featuredmedia":[{"embeddable":true,"href":"https:\/\/revolutionpadelstore.com\/it\/wp-json\/wp\/v2\/media\/170755"}],"wp:attachment":[{"href":"https:\/\/revolutionpadelstore.com\/it\/wp-json\/wp\/v2\/media?parent=170784"}],"wp:term":[{"taxonomy":"acabado","embeddable":true,"href":"https:\/\/revolutionpadelstore.com\/it\/wp-json\/wp\/v2\/acabado?post=170784"},{"taxonomy":"balance","embeddable":true,"href":"https:\/\/revolutionpadelstore.com\/it\/wp-json\/wp\/v2\/balance?post=170784"},{"taxonomy":"dureza","embeddable":true,"href":"https:\/\/revolutionpadelstore.com\/it\/wp-json\/wp\/v2\/dureza?post=170784"},{"taxonomy":"forma","embeddable":true,"href":"https:\/\/revolutionpadelstore.com\/it\/wp-json\/wp\/v2\/forma?post=170784"},{"taxonomy":"jugador","embeddable":true,"href":"https:\/\/revolutionpadelstore.com\/it\/wp-json\/wp\/v2\/jugador?post=170784"},{"taxonomy":"marca","embeddable":true,"href":"https:\/\/revolutionpadelstore.com\/it\/wp-json\/wp\/v2\/marca?post=170784"},{"taxonomy":"nivel-de-juego","embeddable":true,"href":"https:\/\/revolutionpadelstore.com\/it\/wp-json\/wp\/v2\/nivel-de-juego?post=170784"},{"taxonomy":"superficie","embeddable":true,"href":"https:\/\/revolutionpadelstore.com\/it\/wp-json\/wp\/v2\/superficie?post=170784"},{"taxonomy":"tipo-de-juego","embeddable":true,"href":"https:\/\/revolutionpadelstore.com\/it\/wp-json\/wp\/v2\/tipo-de-juego?post=170784"},{"taxonomy":"product_brand","embeddable":true,"href":"https:\/\/revolutionpadelstore.com\/it\/wp-json\/wp\/v2\/product_brand?post=170784"},{"taxonomy":"product_cat","embeddable":true,"href":"https:\/\/revolutionpadelstore.com\/it\/wp-json\/wp\/v2\/product_cat?post=170784"},{"taxonomy":"product_tag","embeddable":true,"href":"https:\/\/revolutionpadelstore.com\/it\/wp-json\/wp\/v2\/product_tag?post=170784"}],"curies":[{"name":"wp","href":"https:\/\/api.w.org\/{rel}","templated":true}]}}