{"id":167981,"date":"2025-02-06T08:29:10","date_gmt":"2025-02-06T07:29:10","guid":{"rendered":"https:\/\/revolutionpadelstore.com\/siux-electra-elite-4-2025\/"},"modified":"2026-04-08T07:54:00","modified_gmt":"2026-04-08T05:54:00","slug":"siux-electra-elite-4-2025-4","status":"publish","type":"product","link":"https:\/\/revolutionpadelstore.com\/it\/prodotto\/siux-electra-elite-4-2025-4\/","title":{"rendered":"SIUX ELECTRA ELITE 4 2025"},"content":{"rendered":"<h2> <strong> Siux Electra Elite 4 2025 &#8211; Potenza e controllo in una pala ibrida <\/strong> <\/h2>\n<p>Scopri il <strong> Siux Electra Elite 4 2025 <\/strong>, una pala ad alta prestazione progettata per i giocatori avanzati che cercano un perfetto equilibrio tra energia e controllo. Grazie alla sua <strong> forma ibrida <\/strong> e al suo <strong> equilibrio medio-alto <\/strong>, si adatta a qualsiasi stile di gioco, permettendoti di padroneggiare la traccia sia in difesa che in attacco.<\/p>\n<h2> <strong> tecnologia e materiali di ultima generazione <\/strong> <\/h2>\n<p>Prodotto con una combinazione di carbonio <strong> 12k sulla superficie <\/strong> e un <strong> 3K tubolare di carbonio <\/strong>, questa pala offre una resistenza eccezionale e una grande durata. Il suo <strong> Hard Eva Rubber Core <\/strong> fornisce un tocco medio-duro, ideale per colpi precisi e potenti, senza perdere la sensibilit\u00e0 nel gioco.<\/p>\n<p>La finitura <strong> saby mate <\/strong> migliora gli effetti su ogni colpo, permettendoti di stampare pi\u00f9 rotazione nei colpi di taglio e sollevato. Il suo design elegante in <strong> nero e oro <\/strong> non solo si distingue visivamente, ma riflette la qualit\u00e0 e l&#8217;esclusivit\u00e0 della pala.<\/p>\n<h2> <strong> Siux Electra Elite 4 2025 <\/strong> <\/h2>\n<p style=\"padding-left: 40px\">-combinazione ibrida forma-ideale tra controllo e potenza.<br \/>\n-12k -resistenza del carbonio e una risposta ferma nel colpo.<br \/>\n-3k tubolare carbonio -solide e struttura stabile per prestazioni migliori.<br \/>\n-Hard Eva Noun-Medium-Dura Sensation per colpi schietti e precisi.<br \/>\n-Faffilance Medio-alto-PERFECT per i giocatori offensivi che cercano un potere extra.<br \/>\n-Ananoso Mate Built -Ingetta gli effetti su ogni colpo<br \/>\nSe sei un giocatore avanzato alla ricerca di <strong> massime prestazioni e versatilit\u00e0 <\/strong>, il <strong> Siux Electra Elite 4 2025 <\/strong> \u00e8 la pala perfetta per portare il tuo gioco al livello successivo. Ottieni ora nel nostro negozio online <a href=\"https:\/\/chatgpt.com\/g\/g-675432e02688191b6ee6d6f2fdbbb15e-optimization-textos\/c\/www.revolutionpadelstore.com\"> www.revolutionpadelstore.com <\/a> Probabilmente al miglior prezzo di mercato!<\/p>\n<h2><strong>Siux Electra Elite 4 2025 \u2013 Potencia y control en una pala h\u00edbrida<\/strong><\/p>\n","protected":false},"excerpt":{"rendered":"<p>Siux Electra Elite 4 2025 \u00e8 una pala di tipo ibrido progettato per i giocatori di livello avanzato. Prodotto con carbonio 12k, un nucleo in gomma EVA e un equilibrio medio-alto fornisce un equilibrio ideale tra potenza, controllo e effetti precisi su ciascun colpo.<\/p>\n","protected":false},"featured_media":167916,"comment_status":"open","ping_status":"closed","template":"","meta":{"_acf_changed":false,"_joinchat":[]},"acabado":[1086,1096],"balance":[1141],"dureza":[1156],"forma":[1176],"jugador":[1201,1191],"marca":[1306],"nivel-de-juego":[1336],"superficie":[1361],"tipo-de-juego":[1386],"product_brand":[],"product_cat":[301],"product_tag":[],"class_list":{"0":"post-167981","1":"product","2":"type-product","3":"status-publish","4":"has-post-thumbnail","6":"acabado-amico","7":"acabado-sabbioso","8":"balance-medio-it","9":"dureza-media-it","10":"forma-ibrido","11":"jugador-multiuso","12":"jugador-uomo","13":"marca-siux-it","14":"superficie-rugosa-it","15":"tipo-de-juego-multiuso","16":"product_cat-palas-de-padel-it","18":"first","19":"instock","20":"sale","21":"taxable","22":"shipping-taxable","23":"purchasable","24":"product-type-simple"},"acf":[],"yoast_head":"<!-- This site is optimized with the Yoast SEO plugin v27.4 - https:\/\/yoast.com\/product\/yoast-seo-wordpress\/ -->\n<title>SIUX ELECTRA ELITE 4 2025 - Revolution Padel Store<\/title>\n<meta name=\"description\" content=\"Siux Electra Elite 4 2025 \u2013 Pala de p\u00e1del h\u00edbrida para jugadores avanzados. Carbono 12K, n\u00facleo Hard EVA y acabado arenoso para potencia, control y efectos. \u00a1C\u00f3mprala en Revolution Padel Store!\" \/>\n<meta name=\"robots\" content=\"index, follow, max-snippet:-1, max-image-preview:large, max-video-preview:-1\" \/>\n<link rel=\"canonical\" href=\"https:\/\/revolutionpadelstore.com\/it\/prodotto\/siux-electra-elite-4-2025-4\/\" \/>\n<meta property=\"og:locale\" content=\"it_IT\" \/>\n<meta property=\"og:type\" content=\"article\" \/>\n<meta property=\"og:title\" content=\"SIUX ELECTRA ELITE 4 2025 - Revolution Padel Store\" \/>\n<meta property=\"og:description\" content=\"Siux Electra Elite 4 2025 \u2013 Pala de p\u00e1del h\u00edbrida para jugadores avanzados. Carbono 12K, n\u00facleo Hard EVA y acabado arenoso para potencia, control y efectos. \u00a1C\u00f3mprala en Revolution Padel Store!\" \/>\n<meta property=\"og:url\" content=\"https:\/\/revolutionpadelstore.com\/it\/prodotto\/siux-electra-elite-4-2025-4\/\" \/>\n<meta property=\"og:site_name\" content=\"Revolution Padel Store\" \/>\n<meta property=\"article:modified_time\" content=\"2026-04-08T05:54:00+00:00\" \/>\n<meta property=\"og:image\" content=\"https:\/\/revolutionpadelstore.com\/wp-content\/uploads\/2025\/02\/112637-siux-electra-elite-4-1500x1500-1.webp\" \/>\n\t<meta property=\"og:image:width\" content=\"1500\" \/>\n\t<meta property=\"og:image:height\" content=\"1500\" \/>\n\t<meta property=\"og:image:type\" content=\"image\/webp\" \/>\n<meta name=\"twitter:card\" content=\"summary_large_image\" \/>\n<meta name=\"twitter:label1\" content=\"Tempo di lettura stimato\" \/>\n\t<meta name=\"twitter:data1\" content=\"1 minuto\" \/>\n<script type=\"application\/ld+json\" class=\"yoast-schema-graph\">{\"@context\":\"https:\\\/\\\/schema.org\",\"@graph\":[{\"@type\":\"WebPage\",\"@id\":\"https:\\\/\\\/revolutionpadelstore.com\\\/it\\\/prodotto\\\/siux-electra-elite-4-2025-4\\\/\",\"url\":\"https:\\\/\\\/revolutionpadelstore.com\\\/it\\\/prodotto\\\/siux-electra-elite-4-2025-4\\\/\",\"name\":\"SIUX ELECTRA ELITE 4 2025 - Revolution Padel Store\",\"isPartOf\":{\"@id\":\"https:\\\/\\\/revolutionpadelstore.com\\\/it\\\/#website\"},\"primaryImageOfPage\":{\"@id\":\"https:\\\/\\\/revolutionpadelstore.com\\\/it\\\/prodotto\\\/siux-electra-elite-4-2025-4\\\/#primaryimage\"},\"image\":{\"@id\":\"https:\\\/\\\/revolutionpadelstore.com\\\/it\\\/prodotto\\\/siux-electra-elite-4-2025-4\\\/#primaryimage\"},\"thumbnailUrl\":\"https:\\\/\\\/revolutionpadelstore.com\\\/wp-content\\\/uploads\\\/2025\\\/02\\\/112637-siux-electra-elite-4-1500x1500-1.webp\",\"datePublished\":\"2025-02-06T07:29:10+00:00\",\"dateModified\":\"2026-04-08T05:54:00+00:00\",\"description\":\"Siux Electra Elite 4 2025 \u2013 Pala de p\u00e1del h\u00edbrida para jugadores avanzados. Carbono 12K, n\u00facleo Hard EVA y acabado arenoso para potencia, control y efectos. \u00a1C\u00f3mprala en Revolution Padel Store!\",\"breadcrumb\":{\"@id\":\"https:\\\/\\\/revolutionpadelstore.com\\\/it\\\/prodotto\\\/siux-electra-elite-4-2025-4\\\/#breadcrumb\"},\"inLanguage\":\"it-IT\",\"potentialAction\":[{\"@type\":\"ReadAction\",\"target\":[\"https:\\\/\\\/revolutionpadelstore.com\\\/it\\\/prodotto\\\/siux-electra-elite-4-2025-4\\\/\"]}]},{\"@type\":\"ImageObject\",\"inLanguage\":\"it-IT\",\"@id\":\"https:\\\/\\\/revolutionpadelstore.com\\\/it\\\/prodotto\\\/siux-electra-elite-4-2025-4\\\/#primaryimage\",\"url\":\"https:\\\/\\\/revolutionpadelstore.com\\\/wp-content\\\/uploads\\\/2025\\\/02\\\/112637-siux-electra-elite-4-1500x1500-1.webp\",\"contentUrl\":\"https:\\\/\\\/revolutionpadelstore.com\\\/wp-content\\\/uploads\\\/2025\\\/02\\\/112637-siux-electra-elite-4-1500x1500-1.webp\",\"width\":1500,\"height\":1500},{\"@type\":\"BreadcrumbList\",\"@id\":\"https:\\\/\\\/revolutionpadelstore.com\\\/it\\\/prodotto\\\/siux-electra-elite-4-2025-4\\\/#breadcrumb\",\"itemListElement\":[{\"@type\":\"ListItem\",\"position\":1,\"name\":\"Portada\",\"item\":\"https:\\\/\\\/revolutionpadelstore.com\\\/it\\\/\"},{\"@type\":\"ListItem\",\"position\":2,\"name\":\"Tienda\",\"item\":\"https:\\\/\\\/revolutionpadelstore.com\\\/it\\\/tienda\\\/\"},{\"@type\":\"ListItem\",\"position\":3,\"name\":\"SIUX ELECTRA ELITE 4 2025\"}]},{\"@type\":\"WebSite\",\"@id\":\"https:\\\/\\\/revolutionpadelstore.com\\\/it\\\/#website\",\"url\":\"https:\\\/\\\/revolutionpadelstore.com\\\/it\\\/\",\"name\":\"Revolution Padel Store\",\"description\":\"\",\"publisher\":{\"@id\":\"https:\\\/\\\/revolutionpadelstore.com\\\/it\\\/#organization\"},\"potentialAction\":[{\"@type\":\"SearchAction\",\"target\":{\"@type\":\"EntryPoint\",\"urlTemplate\":\"https:\\\/\\\/revolutionpadelstore.com\\\/it\\\/?s={search_term_string}\"},\"query-input\":{\"@type\":\"PropertyValueSpecification\",\"valueRequired\":true,\"valueName\":\"search_term_string\"}}],\"inLanguage\":\"it-IT\"},{\"@type\":\"Organization\",\"@id\":\"https:\\\/\\\/revolutionpadelstore.com\\\/it\\\/#organization\",\"name\":\"Revolution Padel Store\",\"url\":\"https:\\\/\\\/revolutionpadelstore.com\\\/it\\\/\",\"logo\":{\"@type\":\"ImageObject\",\"inLanguage\":\"it-IT\",\"@id\":\"https:\\\/\\\/revolutionpadelstore.com\\\/it\\\/#\\\/schema\\\/logo\\\/image\\\/\",\"url\":\"https:\\\/\\\/revolutionpadelstore.com\\\/wp-content\\\/uploads\\\/2026\\\/02\\\/revolution-padel-store.jpg\",\"contentUrl\":\"https:\\\/\\\/revolutionpadelstore.com\\\/wp-content\\\/uploads\\\/2026\\\/02\\\/revolution-padel-store.jpg\",\"width\":2000,\"height\":2000,\"caption\":\"Revolution Padel Store\"},\"image\":{\"@id\":\"https:\\\/\\\/revolutionpadelstore.com\\\/it\\\/#\\\/schema\\\/logo\\\/image\\\/\"},\"sameAs\":[\"https:\\\/\\\/www.instagram.com\\\/revolutionpadelstore\\\/\"]}]}<\/script>\n<!-- \/ Yoast SEO plugin. -->","yoast_head_json":{"title":"SIUX ELECTRA ELITE 4 2025 - Revolution Padel Store","description":"Siux Electra Elite 4 2025 \u2013 Pala de p\u00e1del h\u00edbrida para jugadores avanzados. Carbono 12K, n\u00facleo Hard EVA y acabado arenoso para potencia, control y efectos. \u00a1C\u00f3mprala en Revolution Padel Store!","robots":{"index":"index","follow":"follow","max-snippet":"max-snippet:-1","max-image-preview":"max-image-preview:large","max-video-preview":"max-video-preview:-1"},"canonical":"https:\/\/revolutionpadelstore.com\/it\/prodotto\/siux-electra-elite-4-2025-4\/","og_locale":"it_IT","og_type":"article","og_title":"SIUX ELECTRA ELITE 4 2025 - Revolution Padel Store","og_description":"Siux Electra Elite 4 2025 \u2013 Pala de p\u00e1del h\u00edbrida para jugadores avanzados. Carbono 12K, n\u00facleo Hard EVA y acabado arenoso para potencia, control y efectos. \u00a1C\u00f3mprala en Revolution Padel Store!","og_url":"https:\/\/revolutionpadelstore.com\/it\/prodotto\/siux-electra-elite-4-2025-4\/","og_site_name":"Revolution Padel Store","article_modified_time":"2026-04-08T05:54:00+00:00","og_image":[{"width":1500,"height":1500,"url":"https:\/\/revolutionpadelstore.com\/wp-content\/uploads\/2025\/02\/112637-siux-electra-elite-4-1500x1500-1.webp","type":"image\/webp"}],"twitter_card":"summary_large_image","twitter_misc":{"Tempo di lettura stimato":"1 minuto"},"schema":{"@context":"https:\/\/schema.org","@graph":[{"@type":"WebPage","@id":"https:\/\/revolutionpadelstore.com\/it\/prodotto\/siux-electra-elite-4-2025-4\/","url":"https:\/\/revolutionpadelstore.com\/it\/prodotto\/siux-electra-elite-4-2025-4\/","name":"SIUX ELECTRA ELITE 4 2025 - Revolution Padel Store","isPartOf":{"@id":"https:\/\/revolutionpadelstore.com\/it\/#website"},"primaryImageOfPage":{"@id":"https:\/\/revolutionpadelstore.com\/it\/prodotto\/siux-electra-elite-4-2025-4\/#primaryimage"},"image":{"@id":"https:\/\/revolutionpadelstore.com\/it\/prodotto\/siux-electra-elite-4-2025-4\/#primaryimage"},"thumbnailUrl":"https:\/\/revolutionpadelstore.com\/wp-content\/uploads\/2025\/02\/112637-siux-electra-elite-4-1500x1500-1.webp","datePublished":"2025-02-06T07:29:10+00:00","dateModified":"2026-04-08T05:54:00+00:00","description":"Siux Electra Elite 4 2025 \u2013 Pala de p\u00e1del h\u00edbrida para jugadores avanzados. Carbono 12K, n\u00facleo Hard EVA y acabado arenoso para potencia, control y efectos. \u00a1C\u00f3mprala en Revolution Padel Store!","breadcrumb":{"@id":"https:\/\/revolutionpadelstore.com\/it\/prodotto\/siux-electra-elite-4-2025-4\/#breadcrumb"},"inLanguage":"it-IT","potentialAction":[{"@type":"ReadAction","target":["https:\/\/revolutionpadelstore.com\/it\/prodotto\/siux-electra-elite-4-2025-4\/"]}]},{"@type":"ImageObject","inLanguage":"it-IT","@id":"https:\/\/revolutionpadelstore.com\/it\/prodotto\/siux-electra-elite-4-2025-4\/#primaryimage","url":"https:\/\/revolutionpadelstore.com\/wp-content\/uploads\/2025\/02\/112637-siux-electra-elite-4-1500x1500-1.webp","contentUrl":"https:\/\/revolutionpadelstore.com\/wp-content\/uploads\/2025\/02\/112637-siux-electra-elite-4-1500x1500-1.webp","width":1500,"height":1500},{"@type":"BreadcrumbList","@id":"https:\/\/revolutionpadelstore.com\/it\/prodotto\/siux-electra-elite-4-2025-4\/#breadcrumb","itemListElement":[{"@type":"ListItem","position":1,"name":"Portada","item":"https:\/\/revolutionpadelstore.com\/it\/"},{"@type":"ListItem","position":2,"name":"Tienda","item":"https:\/\/revolutionpadelstore.com\/it\/tienda\/"},{"@type":"ListItem","position":3,"name":"SIUX ELECTRA ELITE 4 2025"}]},{"@type":"WebSite","@id":"https:\/\/revolutionpadelstore.com\/it\/#website","url":"https:\/\/revolutionpadelstore.com\/it\/","name":"Revolution Padel Store","description":"","publisher":{"@id":"https:\/\/revolutionpadelstore.com\/it\/#organization"},"potentialAction":[{"@type":"SearchAction","target":{"@type":"EntryPoint","urlTemplate":"https:\/\/revolutionpadelstore.com\/it\/?s={search_term_string}"},"query-input":{"@type":"PropertyValueSpecification","valueRequired":true,"valueName":"search_term_string"}}],"inLanguage":"it-IT"},{"@type":"Organization","@id":"https:\/\/revolutionpadelstore.com\/it\/#organization","name":"Revolution Padel Store","url":"https:\/\/revolutionpadelstore.com\/it\/","logo":{"@type":"ImageObject","inLanguage":"it-IT","@id":"https:\/\/revolutionpadelstore.com\/it\/#\/schema\/logo\/image\/","url":"https:\/\/revolutionpadelstore.com\/wp-content\/uploads\/2026\/02\/revolution-padel-store.jpg","contentUrl":"https:\/\/revolutionpadelstore.com\/wp-content\/uploads\/2026\/02\/revolution-padel-store.jpg","width":2000,"height":2000,"caption":"Revolution Padel Store"},"image":{"@id":"https:\/\/revolutionpadelstore.com\/it\/#\/schema\/logo\/image\/"},"sameAs":["https:\/\/www.instagram.com\/revolutionpadelstore\/"]}]}},"_links":{"self":[{"href":"https:\/\/revolutionpadelstore.com\/it\/wp-json\/wp\/v2\/product\/167981","targetHints":{"allow":["GET"]}}],"collection":[{"href":"https:\/\/revolutionpadelstore.com\/it\/wp-json\/wp\/v2\/product"}],"about":[{"href":"https:\/\/revolutionpadelstore.com\/it\/wp-json\/wp\/v2\/types\/product"}],"replies":[{"embeddable":true,"href":"https:\/\/revolutionpadelstore.com\/it\/wp-json\/wp\/v2\/comments?post=167981"}],"wp:featuredmedia":[{"embeddable":true,"href":"https:\/\/revolutionpadelstore.com\/it\/wp-json\/wp\/v2\/media\/167916"}],"wp:attachment":[{"href":"https:\/\/revolutionpadelstore.com\/it\/wp-json\/wp\/v2\/media?parent=167981"}],"wp:term":[{"taxonomy":"acabado","embeddable":true,"href":"https:\/\/revolutionpadelstore.com\/it\/wp-json\/wp\/v2\/acabado?post=167981"},{"taxonomy":"balance","embeddable":true,"href":"https:\/\/revolutionpadelstore.com\/it\/wp-json\/wp\/v2\/balance?post=167981"},{"taxonomy":"dureza","embeddable":true,"href":"https:\/\/revolutionpadelstore.com\/it\/wp-json\/wp\/v2\/dureza?post=167981"},{"taxonomy":"forma","embeddable":true,"href":"https:\/\/revolutionpadelstore.com\/it\/wp-json\/wp\/v2\/forma?post=167981"},{"taxonomy":"jugador","embeddable":true,"href":"https:\/\/revolutionpadelstore.com\/it\/wp-json\/wp\/v2\/jugador?post=167981"},{"taxonomy":"marca","embeddable":true,"href":"https:\/\/revolutionpadelstore.com\/it\/wp-json\/wp\/v2\/marca?post=167981"},{"taxonomy":"nivel-de-juego","embeddable":true,"href":"https:\/\/revolutionpadelstore.com\/it\/wp-json\/wp\/v2\/nivel-de-juego?post=167981"},{"taxonomy":"superficie","embeddable":true,"href":"https:\/\/revolutionpadelstore.com\/it\/wp-json\/wp\/v2\/superficie?post=167981"},{"taxonomy":"tipo-de-juego","embeddable":true,"href":"https:\/\/revolutionpadelstore.com\/it\/wp-json\/wp\/v2\/tipo-de-juego?post=167981"},{"taxonomy":"product_brand","embeddable":true,"href":"https:\/\/revolutionpadelstore.com\/it\/wp-json\/wp\/v2\/product_brand?post=167981"},{"taxonomy":"product_cat","embeddable":true,"href":"https:\/\/revolutionpadelstore.com\/it\/wp-json\/wp\/v2\/product_cat?post=167981"},{"taxonomy":"product_tag","embeddable":true,"href":"https:\/\/revolutionpadelstore.com\/it\/wp-json\/wp\/v2\/product_tag?post=167981"}],"curies":[{"name":"wp","href":"https:\/\/api.w.org\/{rel}","templated":true}]}}