{"id":16624,"date":"2024-04-22T15:23:29","date_gmt":"2024-04-22T13:23:29","guid":{"rendered":"https:\/\/revolutionpadelstore.com\/zapatillas-bullpadel-performance-hybrid-24v-negro\/"},"modified":"2026-04-08T12:40:44","modified_gmt":"2026-04-08T10:40:44","slug":"zapatillas-bullpadel-performance-hybrid-24v-negro-4","status":"publish","type":"product","link":"https:\/\/revolutionpadelstore.com\/it\/prodotto\/zapatillas-bullpadel-performance-hybrid-24v-negro-4\/","title":{"rendered":"Zapatillas Bullpadel Performance Hybrid 24V Negro"},"content":{"rendered":"<p>Acquista le scarpe Bullpadel Performance Hybrid 24V Black nel Revolution Padel Store e migliora il tuo gioco in campo. Progettate per adattarsi a tutti i tipi di terreno, queste scarpe sono la scelta perfetta per gli amanti del padel. Grazie alla suola mista e al sistema ROTOX, potrai scivolare facilmente e controllare i tuoi movimenti su qualsiasi superficie, soprattutto sull&#8217;erba sintetica.<\/p>\n<p> Ma non \u00e8 tutto, il sistema XTRA BASE di queste scarpe ti d\u00e0 ulteriore stabilit\u00e0 grazie alla sua superficie extra sulla suola. Questo ti permetter\u00e0 di effettuare movimenti pi\u00f9 sicuri e precisi, senza preoccuparti di scivolare o scivolare.<\/p>\n<p> Inoltre, se sei un giocatore con una frequenza di gioco media e un&#8217;ammortizzazione di valore, le scarpe Bullpadel Performance Hybrid 24V Black sono l&#8217;ideale per te. Il suo design e i suoi materiali ti forniranno il comfort e la protezione necessari per goderti al massimo ogni partita.<\/p>\n<p> Non aspettare oltre e acquista le scarpe Bullpadel Performance Hybrid 24V nere su Revolution Padel Store, il tuo negozio di padel di fiducia. Non solo acquisterai un prodotto di alta qualit\u00e0, ma investirai anche nelle tue prestazioni in campo. Acquistali adesso e senti la differenza in ogni gioco!<\/p>\n","protected":false},"excerpt":{"rendered":"<p>Acquista le scarpe Bullpadel Performance Hybrid 24V Black nel Revolution Padel Store. Perfetto per erba sintetica e grande stabilit\u00e0.<\/p>\n","protected":false},"featured_media":42918,"comment_status":"closed","ping_status":"closed","template":"","meta":{"_acf_changed":false,"_joinchat":[]},"acabado":[],"balance":[],"dureza":[],"forma":[],"jugador":[1191],"marca":[1256],"nivel-de-juego":[1336,1341,1346],"superficie":[],"tipo-de-juego":[1371,1376],"product_brand":[],"product_cat":[404],"product_tag":[],"class_list":{"0":"post-16624","1":"product","2":"type-product","3":"status-publish","4":"has-post-thumbnail","6":"jugador-uomo","7":"marca-bullpadel-it","8":"tipo-de-juego-controllo","9":"tipo-de-juego-potenza","10":"product_cat-sneakers-da-uomo","12":"first","13":"outofstock","14":"sale","15":"taxable","16":"shipping-taxable","17":"purchasable","18":"product-type-variable"},"acf":[],"yoast_head":"<!-- This site is optimized with the Yoast SEO plugin v27.4 - https:\/\/yoast.com\/product\/yoast-seo-wordpress\/ -->\n<title>Zapatillas Bullpadel Performance Hybrid 24V Negro - Revolution Padel Store<\/title>\n<meta name=\"description\" content=\"Compra las zapatillas Bullpadel Performance Hybrid 24V Negro en Revolution Padel Store. Perfectas para c\u00e9sped sint\u00e9tico y gran estabilidad.\" \/>\n<meta name=\"robots\" content=\"index, follow, max-snippet:-1, max-image-preview:large, max-video-preview:-1\" \/>\n<link rel=\"canonical\" href=\"https:\/\/revolutionpadelstore.com\/it\/prodotto\/zapatillas-bullpadel-performance-hybrid-24v-negro-4\/\" \/>\n<meta property=\"og:locale\" content=\"it_IT\" \/>\n<meta property=\"og:type\" content=\"article\" \/>\n<meta property=\"og:title\" content=\"Zapatillas Bullpadel Performance Hybrid 24V Negro - Revolution Padel Store\" \/>\n<meta property=\"og:description\" content=\"Compra las zapatillas Bullpadel Performance Hybrid 24V Negro en Revolution Padel Store. Perfectas para c\u00e9sped sint\u00e9tico y gran estabilidad.\" \/>\n<meta property=\"og:url\" content=\"https:\/\/revolutionpadelstore.com\/it\/prodotto\/zapatillas-bullpadel-performance-hybrid-24v-negro-4\/\" \/>\n<meta property=\"og:site_name\" content=\"Revolution Padel Store\" \/>\n<meta property=\"article:modified_time\" content=\"2026-04-08T10:40:44+00:00\" \/>\n<meta property=\"og:image\" content=\"https:\/\/revolutionpadelstore.com\/wp-content\/uploads\/2024\/04\/18988-0-4.jpg\" \/>\n\t<meta property=\"og:image:width\" content=\"800\" \/>\n\t<meta property=\"og:image:height\" content=\"800\" \/>\n\t<meta property=\"og:image:type\" content=\"image\/png\" \/>\n<meta name=\"twitter:card\" content=\"summary_large_image\" \/>\n<meta name=\"twitter:label1\" content=\"Tempo di lettura stimato\" \/>\n\t<meta name=\"twitter:data1\" content=\"1 minuto\" \/>\n<script type=\"application\/ld+json\" class=\"yoast-schema-graph\">{\"@context\":\"https:\\\/\\\/schema.org\",\"@graph\":[{\"@type\":\"WebPage\",\"@id\":\"https:\\\/\\\/revolutionpadelstore.com\\\/it\\\/prodotto\\\/zapatillas-bullpadel-performance-hybrid-24v-negro-4\\\/\",\"url\":\"https:\\\/\\\/revolutionpadelstore.com\\\/it\\\/prodotto\\\/zapatillas-bullpadel-performance-hybrid-24v-negro-4\\\/\",\"name\":\"Zapatillas Bullpadel Performance Hybrid 24V Negro - Revolution Padel Store\",\"isPartOf\":{\"@id\":\"https:\\\/\\\/revolutionpadelstore.com\\\/it\\\/#website\"},\"primaryImageOfPage\":{\"@id\":\"https:\\\/\\\/revolutionpadelstore.com\\\/it\\\/prodotto\\\/zapatillas-bullpadel-performance-hybrid-24v-negro-4\\\/#primaryimage\"},\"image\":{\"@id\":\"https:\\\/\\\/revolutionpadelstore.com\\\/it\\\/prodotto\\\/zapatillas-bullpadel-performance-hybrid-24v-negro-4\\\/#primaryimage\"},\"thumbnailUrl\":\"https:\\\/\\\/revolutionpadelstore.com\\\/wp-content\\\/uploads\\\/2024\\\/04\\\/18988-0-4.jpg\",\"datePublished\":\"2024-04-22T13:23:29+00:00\",\"dateModified\":\"2026-04-08T10:40:44+00:00\",\"description\":\"Compra las zapatillas Bullpadel Performance Hybrid 24V Negro en Revolution Padel Store. Perfectas para c\u00e9sped sint\u00e9tico y gran estabilidad.\",\"breadcrumb\":{\"@id\":\"https:\\\/\\\/revolutionpadelstore.com\\\/it\\\/prodotto\\\/zapatillas-bullpadel-performance-hybrid-24v-negro-4\\\/#breadcrumb\"},\"inLanguage\":\"it-IT\",\"potentialAction\":[{\"@type\":\"ReadAction\",\"target\":[\"https:\\\/\\\/revolutionpadelstore.com\\\/it\\\/prodotto\\\/zapatillas-bullpadel-performance-hybrid-24v-negro-4\\\/\"]}]},{\"@type\":\"ImageObject\",\"inLanguage\":\"it-IT\",\"@id\":\"https:\\\/\\\/revolutionpadelstore.com\\\/it\\\/prodotto\\\/zapatillas-bullpadel-performance-hybrid-24v-negro-4\\\/#primaryimage\",\"url\":\"https:\\\/\\\/revolutionpadelstore.com\\\/wp-content\\\/uploads\\\/2024\\\/04\\\/18988-0-4.jpg\",\"contentUrl\":\"https:\\\/\\\/revolutionpadelstore.com\\\/wp-content\\\/uploads\\\/2024\\\/04\\\/18988-0-4.jpg\",\"width\":800,\"height\":800},{\"@type\":\"BreadcrumbList\",\"@id\":\"https:\\\/\\\/revolutionpadelstore.com\\\/it\\\/prodotto\\\/zapatillas-bullpadel-performance-hybrid-24v-negro-4\\\/#breadcrumb\",\"itemListElement\":[{\"@type\":\"ListItem\",\"position\":1,\"name\":\"Portada\",\"item\":\"https:\\\/\\\/revolutionpadelstore.com\\\/it\\\/\"},{\"@type\":\"ListItem\",\"position\":2,\"name\":\"Tienda\",\"item\":\"https:\\\/\\\/revolutionpadelstore.com\\\/it\\\/tienda\\\/\"},{\"@type\":\"ListItem\",\"position\":3,\"name\":\"Zapatillas Bullpadel Performance Hybrid 24V Negro\"}]},{\"@type\":\"WebSite\",\"@id\":\"https:\\\/\\\/revolutionpadelstore.com\\\/it\\\/#website\",\"url\":\"https:\\\/\\\/revolutionpadelstore.com\\\/it\\\/\",\"name\":\"Revolution Padel Store\",\"description\":\"\",\"publisher\":{\"@id\":\"https:\\\/\\\/revolutionpadelstore.com\\\/it\\\/#organization\"},\"potentialAction\":[{\"@type\":\"SearchAction\",\"target\":{\"@type\":\"EntryPoint\",\"urlTemplate\":\"https:\\\/\\\/revolutionpadelstore.com\\\/it\\\/?s={search_term_string}\"},\"query-input\":{\"@type\":\"PropertyValueSpecification\",\"valueRequired\":true,\"valueName\":\"search_term_string\"}}],\"inLanguage\":\"it-IT\"},{\"@type\":\"Organization\",\"@id\":\"https:\\\/\\\/revolutionpadelstore.com\\\/it\\\/#organization\",\"name\":\"Revolution Padel Store\",\"url\":\"https:\\\/\\\/revolutionpadelstore.com\\\/it\\\/\",\"logo\":{\"@type\":\"ImageObject\",\"inLanguage\":\"it-IT\",\"@id\":\"https:\\\/\\\/revolutionpadelstore.com\\\/it\\\/#\\\/schema\\\/logo\\\/image\\\/\",\"url\":\"https:\\\/\\\/revolutionpadelstore.com\\\/wp-content\\\/uploads\\\/2026\\\/02\\\/revolution-padel-store.jpg\",\"contentUrl\":\"https:\\\/\\\/revolutionpadelstore.com\\\/wp-content\\\/uploads\\\/2026\\\/02\\\/revolution-padel-store.jpg\",\"width\":2000,\"height\":2000,\"caption\":\"Revolution Padel Store\"},\"image\":{\"@id\":\"https:\\\/\\\/revolutionpadelstore.com\\\/it\\\/#\\\/schema\\\/logo\\\/image\\\/\"},\"sameAs\":[\"https:\\\/\\\/www.instagram.com\\\/revolutionpadelstore\\\/\"]}]}<\/script>\n<!-- \/ Yoast SEO plugin. -->","yoast_head_json":{"title":"Zapatillas Bullpadel Performance Hybrid 24V Negro - Revolution Padel Store","description":"Compra las zapatillas Bullpadel Performance Hybrid 24V Negro en Revolution Padel Store. Perfectas para c\u00e9sped sint\u00e9tico y gran estabilidad.","robots":{"index":"index","follow":"follow","max-snippet":"max-snippet:-1","max-image-preview":"max-image-preview:large","max-video-preview":"max-video-preview:-1"},"canonical":"https:\/\/revolutionpadelstore.com\/it\/prodotto\/zapatillas-bullpadel-performance-hybrid-24v-negro-4\/","og_locale":"it_IT","og_type":"article","og_title":"Zapatillas Bullpadel Performance Hybrid 24V Negro - Revolution Padel Store","og_description":"Compra las zapatillas Bullpadel Performance Hybrid 24V Negro en Revolution Padel Store. Perfectas para c\u00e9sped sint\u00e9tico y gran estabilidad.","og_url":"https:\/\/revolutionpadelstore.com\/it\/prodotto\/zapatillas-bullpadel-performance-hybrid-24v-negro-4\/","og_site_name":"Revolution Padel Store","article_modified_time":"2026-04-08T10:40:44+00:00","og_image":[{"width":800,"height":800,"url":"https:\/\/revolutionpadelstore.com\/wp-content\/uploads\/2024\/04\/18988-0-4.jpg","type":"image\/png"}],"twitter_card":"summary_large_image","twitter_misc":{"Tempo di lettura stimato":"1 minuto"},"schema":{"@context":"https:\/\/schema.org","@graph":[{"@type":"WebPage","@id":"https:\/\/revolutionpadelstore.com\/it\/prodotto\/zapatillas-bullpadel-performance-hybrid-24v-negro-4\/","url":"https:\/\/revolutionpadelstore.com\/it\/prodotto\/zapatillas-bullpadel-performance-hybrid-24v-negro-4\/","name":"Zapatillas Bullpadel Performance Hybrid 24V Negro - Revolution Padel Store","isPartOf":{"@id":"https:\/\/revolutionpadelstore.com\/it\/#website"},"primaryImageOfPage":{"@id":"https:\/\/revolutionpadelstore.com\/it\/prodotto\/zapatillas-bullpadel-performance-hybrid-24v-negro-4\/#primaryimage"},"image":{"@id":"https:\/\/revolutionpadelstore.com\/it\/prodotto\/zapatillas-bullpadel-performance-hybrid-24v-negro-4\/#primaryimage"},"thumbnailUrl":"https:\/\/revolutionpadelstore.com\/wp-content\/uploads\/2024\/04\/18988-0-4.jpg","datePublished":"2024-04-22T13:23:29+00:00","dateModified":"2026-04-08T10:40:44+00:00","description":"Compra las zapatillas Bullpadel Performance Hybrid 24V Negro en Revolution Padel Store. Perfectas para c\u00e9sped sint\u00e9tico y gran estabilidad.","breadcrumb":{"@id":"https:\/\/revolutionpadelstore.com\/it\/prodotto\/zapatillas-bullpadel-performance-hybrid-24v-negro-4\/#breadcrumb"},"inLanguage":"it-IT","potentialAction":[{"@type":"ReadAction","target":["https:\/\/revolutionpadelstore.com\/it\/prodotto\/zapatillas-bullpadel-performance-hybrid-24v-negro-4\/"]}]},{"@type":"ImageObject","inLanguage":"it-IT","@id":"https:\/\/revolutionpadelstore.com\/it\/prodotto\/zapatillas-bullpadel-performance-hybrid-24v-negro-4\/#primaryimage","url":"https:\/\/revolutionpadelstore.com\/wp-content\/uploads\/2024\/04\/18988-0-4.jpg","contentUrl":"https:\/\/revolutionpadelstore.com\/wp-content\/uploads\/2024\/04\/18988-0-4.jpg","width":800,"height":800},{"@type":"BreadcrumbList","@id":"https:\/\/revolutionpadelstore.com\/it\/prodotto\/zapatillas-bullpadel-performance-hybrid-24v-negro-4\/#breadcrumb","itemListElement":[{"@type":"ListItem","position":1,"name":"Portada","item":"https:\/\/revolutionpadelstore.com\/it\/"},{"@type":"ListItem","position":2,"name":"Tienda","item":"https:\/\/revolutionpadelstore.com\/it\/tienda\/"},{"@type":"ListItem","position":3,"name":"Zapatillas Bullpadel Performance Hybrid 24V Negro"}]},{"@type":"WebSite","@id":"https:\/\/revolutionpadelstore.com\/it\/#website","url":"https:\/\/revolutionpadelstore.com\/it\/","name":"Revolution Padel Store","description":"","publisher":{"@id":"https:\/\/revolutionpadelstore.com\/it\/#organization"},"potentialAction":[{"@type":"SearchAction","target":{"@type":"EntryPoint","urlTemplate":"https:\/\/revolutionpadelstore.com\/it\/?s={search_term_string}"},"query-input":{"@type":"PropertyValueSpecification","valueRequired":true,"valueName":"search_term_string"}}],"inLanguage":"it-IT"},{"@type":"Organization","@id":"https:\/\/revolutionpadelstore.com\/it\/#organization","name":"Revolution Padel Store","url":"https:\/\/revolutionpadelstore.com\/it\/","logo":{"@type":"ImageObject","inLanguage":"it-IT","@id":"https:\/\/revolutionpadelstore.com\/it\/#\/schema\/logo\/image\/","url":"https:\/\/revolutionpadelstore.com\/wp-content\/uploads\/2026\/02\/revolution-padel-store.jpg","contentUrl":"https:\/\/revolutionpadelstore.com\/wp-content\/uploads\/2026\/02\/revolution-padel-store.jpg","width":2000,"height":2000,"caption":"Revolution Padel Store"},"image":{"@id":"https:\/\/revolutionpadelstore.com\/it\/#\/schema\/logo\/image\/"},"sameAs":["https:\/\/www.instagram.com\/revolutionpadelstore\/"]}]}},"_links":{"self":[{"href":"https:\/\/revolutionpadelstore.com\/it\/wp-json\/wp\/v2\/product\/16624","targetHints":{"allow":["GET"]}}],"collection":[{"href":"https:\/\/revolutionpadelstore.com\/it\/wp-json\/wp\/v2\/product"}],"about":[{"href":"https:\/\/revolutionpadelstore.com\/it\/wp-json\/wp\/v2\/types\/product"}],"replies":[{"embeddable":true,"href":"https:\/\/revolutionpadelstore.com\/it\/wp-json\/wp\/v2\/comments?post=16624"}],"wp:featuredmedia":[{"embeddable":true,"href":"https:\/\/revolutionpadelstore.com\/it\/wp-json\/wp\/v2\/media\/42918"}],"wp:attachment":[{"href":"https:\/\/revolutionpadelstore.com\/it\/wp-json\/wp\/v2\/media?parent=16624"}],"wp:term":[{"taxonomy":"acabado","embeddable":true,"href":"https:\/\/revolutionpadelstore.com\/it\/wp-json\/wp\/v2\/acabado?post=16624"},{"taxonomy":"balance","embeddable":true,"href":"https:\/\/revolutionpadelstore.com\/it\/wp-json\/wp\/v2\/balance?post=16624"},{"taxonomy":"dureza","embeddable":true,"href":"https:\/\/revolutionpadelstore.com\/it\/wp-json\/wp\/v2\/dureza?post=16624"},{"taxonomy":"forma","embeddable":true,"href":"https:\/\/revolutionpadelstore.com\/it\/wp-json\/wp\/v2\/forma?post=16624"},{"taxonomy":"jugador","embeddable":true,"href":"https:\/\/revolutionpadelstore.com\/it\/wp-json\/wp\/v2\/jugador?post=16624"},{"taxonomy":"marca","embeddable":true,"href":"https:\/\/revolutionpadelstore.com\/it\/wp-json\/wp\/v2\/marca?post=16624"},{"taxonomy":"nivel-de-juego","embeddable":true,"href":"https:\/\/revolutionpadelstore.com\/it\/wp-json\/wp\/v2\/nivel-de-juego?post=16624"},{"taxonomy":"superficie","embeddable":true,"href":"https:\/\/revolutionpadelstore.com\/it\/wp-json\/wp\/v2\/superficie?post=16624"},{"taxonomy":"tipo-de-juego","embeddable":true,"href":"https:\/\/revolutionpadelstore.com\/it\/wp-json\/wp\/v2\/tipo-de-juego?post=16624"},{"taxonomy":"product_brand","embeddable":true,"href":"https:\/\/revolutionpadelstore.com\/it\/wp-json\/wp\/v2\/product_brand?post=16624"},{"taxonomy":"product_cat","embeddable":true,"href":"https:\/\/revolutionpadelstore.com\/it\/wp-json\/wp\/v2\/product_cat?post=16624"},{"taxonomy":"product_tag","embeddable":true,"href":"https:\/\/revolutionpadelstore.com\/it\/wp-json\/wp\/v2\/product_tag?post=16624"}],"curies":[{"name":"wp","href":"https:\/\/api.w.org\/{rel}","templated":true}]}}