{"id":162560,"date":"2024-12-19T23:46:48","date_gmt":"2024-12-19T22:46:48","guid":{"rendered":"https:\/\/revolutionpadelstore.com\/malla-bullpadel-lejos-negro-005\/"},"modified":"2026-04-08T09:12:15","modified_gmt":"2026-04-08T07:12:15","slug":"malla-bullpadel-lejos-negro-005-4","status":"publish","type":"product","link":"https:\/\/revolutionpadelstore.com\/it\/prodotto\/malla-bullpadel-lejos-negro-005-4\/","title":{"rendered":"MALLA BULLPADEL LEJOS NEGRO 005"},"content":{"rendered":"<h2> Gonompa<br \/>\n<strong> Design ottimizzato e comfort per i giocatori impegnativi <\/strong> La gonna a paletta della linea di prolina combina uno stile dinamico con prestazioni tecniche eccezionali. Prodotto con tessuto in poliestere elastico in poliestere, offre una regolazione comoda ed ergonomica, ideale per il movimento intensivo di binari.<\/p>\n<h2> <strong> caratteristiche prominenti <\/strong> <\/h2>\n<p><strong> -Premium Quality: <\/strong> realizzato in tessuto tecnico elastico in poliestere piquester, che garantisce la durata e la libert\u00e0 di movimento.<\/p>\n<p>Design <strong> -funzionale: <\/strong> GUILLA HALT con effetto di stampaggio per migliorare la silhouette e offrire comfort durante il gioco.<\/p>\n<p><strong> -Tecnica Detalli: <\/strong> laterale con consistenza semi-perforata per un aspetto moderno e ventilazione aggiuntiva.<\/p>\n<p><strong> -Pratticanticit\u00e0 garantita: <\/strong> tasche in due direzioni, perfette per conservare palline o altri piccoli oggetti.<\/p>\n<h2> <strong> Drynamic Technology <\/strong> <\/h2>\n<p>Questa gonna incorpora la tecnologia Advanced Drynamic, che utilizza microfilamenti specializzati per ottimizzare la gestione dell&#8217;umidit\u00e0. Questo sistema aiuta a rimanere asciutto e comodo riducendo l&#8217;accumulo di sudore e migliorando la traspirabilit\u00e0 durante le feste pi\u00f9 intense.<\/p>\n<p><strong> Rendi ogni festa un&#8217;esperienza di comfort e stile con questa gonna della linea di prolina, progettata per coloro che cercano qualit\u00e0 e prestazioni in ogni dettaglio<\/p>\n<p>Disponibile nel nostro negozio online <a href=\"http:\/\/www.revolutionpadelstore.com\/\"> www.revolutionpadelstore.com <\/a>, <strong> probabilmente al miglior prezzo di mercato.<\/p>\n<h2>Falda Proline Lejos con Tecnolog\u00eda Drynamic &#8211; Ropa de P\u00e1del de Alto Rendimiento<\/h2>\n","protected":false},"excerpt":{"rendered":"<p><strong> Design ottimizzato e comfort per i giocatori impegnativi <\/strong> La gonna a paletta della linea di prolina combina uno stile dinamico con prestazioni tecniche eccezionali. Prodotto con tessuto in poliestere elastico in poliestere, offre una regolazione comoda ed ergonomica, ideale per il movimento intensivo di binari.<strong>Dise\u00f1o y comodidad optimizados para jugadoras exigentes<\/strong><\/p>\n","protected":false},"featured_media":155914,"comment_status":"open","ping_status":"closed","template":"","meta":{"_acf_changed":false,"_joinchat":[]},"acabado":[],"balance":[],"dureza":[],"forma":[],"jugador":[1196],"marca":[1256],"nivel-de-juego":[],"superficie":[],"tipo-de-juego":[],"product_brand":[],"product_cat":[337],"product_tag":[],"class_list":{"0":"post-162560","1":"product","2":"type-product","3":"status-publish","4":"has-post-thumbnail","6":"jugador-mujer-it","7":"marca-bullpadel-it","8":"product_cat-ropa-it","10":"first","11":"outofstock","12":"sale","13":"taxable","14":"shipping-taxable","15":"purchasable","16":"product-type-variable"},"acf":[],"yoast_head":"<!-- This site is optimized with the Yoast SEO plugin v27.4 - https:\/\/yoast.com\/product\/yoast-seo-wordpress\/ -->\n<title>MALLA BULLPADEL LEJOS NEGRO 005 - Revolution Padel Store<\/title>\n<meta name=\"description\" content=\"Descubre la falda Proline con tecnolog\u00eda Drynamic, ideal para jugadoras de p\u00e1del. Dise\u00f1o ergon\u00f3mico, tejido t\u00e9cnico y confort superior. \u00a1Compra ahora en Revolution Padel Store!\" \/>\n<meta name=\"robots\" content=\"index, follow, max-snippet:-1, max-image-preview:large, max-video-preview:-1\" \/>\n<link rel=\"canonical\" href=\"https:\/\/revolutionpadelstore.com\/it\/prodotto\/malla-bullpadel-lejos-negro-005-4\/\" \/>\n<meta property=\"og:locale\" content=\"it_IT\" \/>\n<meta property=\"og:type\" content=\"article\" \/>\n<meta property=\"og:title\" content=\"MALLA BULLPADEL LEJOS NEGRO 005 - Revolution Padel Store\" \/>\n<meta property=\"og:description\" content=\"Descubre la falda Proline con tecnolog\u00eda Drynamic, ideal para jugadoras de p\u00e1del. Dise\u00f1o ergon\u00f3mico, tejido t\u00e9cnico y confort superior. \u00a1Compra ahora en Revolution Padel Store!\" \/>\n<meta property=\"og:url\" content=\"https:\/\/revolutionpadelstore.com\/it\/prodotto\/malla-bullpadel-lejos-negro-005-4\/\" \/>\n<meta property=\"og:site_name\" content=\"Revolution Padel Store\" \/>\n<meta property=\"article:modified_time\" content=\"2026-04-08T07:12:15+00:00\" \/>\n<meta property=\"og:image\" content=\"https:\/\/revolutionpadelstore.com\/wp-content\/uploads\/2024\/12\/malla-bullpadel-lejos-negro.jpg\" \/>\n\t<meta property=\"og:image:width\" content=\"1000\" \/>\n\t<meta property=\"og:image:height\" content=\"1188\" \/>\n\t<meta property=\"og:image:type\" content=\"image\/jpeg\" \/>\n<meta name=\"twitter:card\" content=\"summary_large_image\" \/>\n<meta name=\"twitter:label1\" content=\"Tempo di lettura stimato\" \/>\n\t<meta name=\"twitter:data1\" content=\"1 minuto\" \/>\n<script type=\"application\/ld+json\" class=\"yoast-schema-graph\">{\"@context\":\"https:\\\/\\\/schema.org\",\"@graph\":[{\"@type\":\"WebPage\",\"@id\":\"https:\\\/\\\/revolutionpadelstore.com\\\/it\\\/prodotto\\\/malla-bullpadel-lejos-negro-005-4\\\/\",\"url\":\"https:\\\/\\\/revolutionpadelstore.com\\\/it\\\/prodotto\\\/malla-bullpadel-lejos-negro-005-4\\\/\",\"name\":\"MALLA BULLPADEL LEJOS NEGRO 005 - Revolution Padel Store\",\"isPartOf\":{\"@id\":\"https:\\\/\\\/revolutionpadelstore.com\\\/it\\\/#website\"},\"primaryImageOfPage\":{\"@id\":\"https:\\\/\\\/revolutionpadelstore.com\\\/it\\\/prodotto\\\/malla-bullpadel-lejos-negro-005-4\\\/#primaryimage\"},\"image\":{\"@id\":\"https:\\\/\\\/revolutionpadelstore.com\\\/it\\\/prodotto\\\/malla-bullpadel-lejos-negro-005-4\\\/#primaryimage\"},\"thumbnailUrl\":\"https:\\\/\\\/revolutionpadelstore.com\\\/wp-content\\\/uploads\\\/2024\\\/12\\\/malla-bullpadel-lejos-negro.jpg\",\"datePublished\":\"2024-12-19T22:46:48+00:00\",\"dateModified\":\"2026-04-08T07:12:15+00:00\",\"description\":\"Descubre la falda Proline con tecnolog\u00eda Drynamic, ideal para jugadoras de p\u00e1del. Dise\u00f1o ergon\u00f3mico, tejido t\u00e9cnico y confort superior. \u00a1Compra ahora en Revolution Padel Store!\",\"breadcrumb\":{\"@id\":\"https:\\\/\\\/revolutionpadelstore.com\\\/it\\\/prodotto\\\/malla-bullpadel-lejos-negro-005-4\\\/#breadcrumb\"},\"inLanguage\":\"it-IT\",\"potentialAction\":[{\"@type\":\"ReadAction\",\"target\":[\"https:\\\/\\\/revolutionpadelstore.com\\\/it\\\/prodotto\\\/malla-bullpadel-lejos-negro-005-4\\\/\"]}]},{\"@type\":\"ImageObject\",\"inLanguage\":\"it-IT\",\"@id\":\"https:\\\/\\\/revolutionpadelstore.com\\\/it\\\/prodotto\\\/malla-bullpadel-lejos-negro-005-4\\\/#primaryimage\",\"url\":\"https:\\\/\\\/revolutionpadelstore.com\\\/wp-content\\\/uploads\\\/2024\\\/12\\\/malla-bullpadel-lejos-negro.jpg\",\"contentUrl\":\"https:\\\/\\\/revolutionpadelstore.com\\\/wp-content\\\/uploads\\\/2024\\\/12\\\/malla-bullpadel-lejos-negro.jpg\",\"width\":1000,\"height\":1188},{\"@type\":\"BreadcrumbList\",\"@id\":\"https:\\\/\\\/revolutionpadelstore.com\\\/it\\\/prodotto\\\/malla-bullpadel-lejos-negro-005-4\\\/#breadcrumb\",\"itemListElement\":[{\"@type\":\"ListItem\",\"position\":1,\"name\":\"Portada\",\"item\":\"https:\\\/\\\/revolutionpadelstore.com\\\/it\\\/\"},{\"@type\":\"ListItem\",\"position\":2,\"name\":\"Tienda\",\"item\":\"https:\\\/\\\/revolutionpadelstore.com\\\/it\\\/tienda\\\/\"},{\"@type\":\"ListItem\",\"position\":3,\"name\":\"MALLA BULLPADEL LEJOS NEGRO 005\"}]},{\"@type\":\"WebSite\",\"@id\":\"https:\\\/\\\/revolutionpadelstore.com\\\/it\\\/#website\",\"url\":\"https:\\\/\\\/revolutionpadelstore.com\\\/it\\\/\",\"name\":\"Revolution Padel Store\",\"description\":\"\",\"publisher\":{\"@id\":\"https:\\\/\\\/revolutionpadelstore.com\\\/it\\\/#organization\"},\"potentialAction\":[{\"@type\":\"SearchAction\",\"target\":{\"@type\":\"EntryPoint\",\"urlTemplate\":\"https:\\\/\\\/revolutionpadelstore.com\\\/it\\\/?s={search_term_string}\"},\"query-input\":{\"@type\":\"PropertyValueSpecification\",\"valueRequired\":true,\"valueName\":\"search_term_string\"}}],\"inLanguage\":\"it-IT\"},{\"@type\":\"Organization\",\"@id\":\"https:\\\/\\\/revolutionpadelstore.com\\\/it\\\/#organization\",\"name\":\"Revolution Padel Store\",\"url\":\"https:\\\/\\\/revolutionpadelstore.com\\\/it\\\/\",\"logo\":{\"@type\":\"ImageObject\",\"inLanguage\":\"it-IT\",\"@id\":\"https:\\\/\\\/revolutionpadelstore.com\\\/it\\\/#\\\/schema\\\/logo\\\/image\\\/\",\"url\":\"https:\\\/\\\/revolutionpadelstore.com\\\/wp-content\\\/uploads\\\/2026\\\/02\\\/revolution-padel-store.jpg\",\"contentUrl\":\"https:\\\/\\\/revolutionpadelstore.com\\\/wp-content\\\/uploads\\\/2026\\\/02\\\/revolution-padel-store.jpg\",\"width\":2000,\"height\":2000,\"caption\":\"Revolution Padel Store\"},\"image\":{\"@id\":\"https:\\\/\\\/revolutionpadelstore.com\\\/it\\\/#\\\/schema\\\/logo\\\/image\\\/\"},\"sameAs\":[\"https:\\\/\\\/www.instagram.com\\\/revolutionpadelstore\\\/\"]}]}<\/script>\n<!-- \/ Yoast SEO plugin. -->","yoast_head_json":{"title":"MALLA BULLPADEL LEJOS NEGRO 005 - Revolution Padel Store","description":"Descubre la falda Proline con tecnolog\u00eda Drynamic, ideal para jugadoras de p\u00e1del. Dise\u00f1o ergon\u00f3mico, tejido t\u00e9cnico y confort superior. \u00a1Compra ahora en Revolution Padel Store!","robots":{"index":"index","follow":"follow","max-snippet":"max-snippet:-1","max-image-preview":"max-image-preview:large","max-video-preview":"max-video-preview:-1"},"canonical":"https:\/\/revolutionpadelstore.com\/it\/prodotto\/malla-bullpadel-lejos-negro-005-4\/","og_locale":"it_IT","og_type":"article","og_title":"MALLA BULLPADEL LEJOS NEGRO 005 - Revolution Padel Store","og_description":"Descubre la falda Proline con tecnolog\u00eda Drynamic, ideal para jugadoras de p\u00e1del. Dise\u00f1o ergon\u00f3mico, tejido t\u00e9cnico y confort superior. \u00a1Compra ahora en Revolution Padel Store!","og_url":"https:\/\/revolutionpadelstore.com\/it\/prodotto\/malla-bullpadel-lejos-negro-005-4\/","og_site_name":"Revolution Padel Store","article_modified_time":"2026-04-08T07:12:15+00:00","og_image":[{"width":1000,"height":1188,"url":"https:\/\/revolutionpadelstore.com\/wp-content\/uploads\/2024\/12\/malla-bullpadel-lejos-negro.jpg","type":"image\/jpeg"}],"twitter_card":"summary_large_image","twitter_misc":{"Tempo di lettura stimato":"1 minuto"},"schema":{"@context":"https:\/\/schema.org","@graph":[{"@type":"WebPage","@id":"https:\/\/revolutionpadelstore.com\/it\/prodotto\/malla-bullpadel-lejos-negro-005-4\/","url":"https:\/\/revolutionpadelstore.com\/it\/prodotto\/malla-bullpadel-lejos-negro-005-4\/","name":"MALLA BULLPADEL LEJOS NEGRO 005 - Revolution Padel Store","isPartOf":{"@id":"https:\/\/revolutionpadelstore.com\/it\/#website"},"primaryImageOfPage":{"@id":"https:\/\/revolutionpadelstore.com\/it\/prodotto\/malla-bullpadel-lejos-negro-005-4\/#primaryimage"},"image":{"@id":"https:\/\/revolutionpadelstore.com\/it\/prodotto\/malla-bullpadel-lejos-negro-005-4\/#primaryimage"},"thumbnailUrl":"https:\/\/revolutionpadelstore.com\/wp-content\/uploads\/2024\/12\/malla-bullpadel-lejos-negro.jpg","datePublished":"2024-12-19T22:46:48+00:00","dateModified":"2026-04-08T07:12:15+00:00","description":"Descubre la falda Proline con tecnolog\u00eda Drynamic, ideal para jugadoras de p\u00e1del. Dise\u00f1o ergon\u00f3mico, tejido t\u00e9cnico y confort superior. \u00a1Compra ahora en Revolution Padel Store!","breadcrumb":{"@id":"https:\/\/revolutionpadelstore.com\/it\/prodotto\/malla-bullpadel-lejos-negro-005-4\/#breadcrumb"},"inLanguage":"it-IT","potentialAction":[{"@type":"ReadAction","target":["https:\/\/revolutionpadelstore.com\/it\/prodotto\/malla-bullpadel-lejos-negro-005-4\/"]}]},{"@type":"ImageObject","inLanguage":"it-IT","@id":"https:\/\/revolutionpadelstore.com\/it\/prodotto\/malla-bullpadel-lejos-negro-005-4\/#primaryimage","url":"https:\/\/revolutionpadelstore.com\/wp-content\/uploads\/2024\/12\/malla-bullpadel-lejos-negro.jpg","contentUrl":"https:\/\/revolutionpadelstore.com\/wp-content\/uploads\/2024\/12\/malla-bullpadel-lejos-negro.jpg","width":1000,"height":1188},{"@type":"BreadcrumbList","@id":"https:\/\/revolutionpadelstore.com\/it\/prodotto\/malla-bullpadel-lejos-negro-005-4\/#breadcrumb","itemListElement":[{"@type":"ListItem","position":1,"name":"Portada","item":"https:\/\/revolutionpadelstore.com\/it\/"},{"@type":"ListItem","position":2,"name":"Tienda","item":"https:\/\/revolutionpadelstore.com\/it\/tienda\/"},{"@type":"ListItem","position":3,"name":"MALLA BULLPADEL LEJOS NEGRO 005"}]},{"@type":"WebSite","@id":"https:\/\/revolutionpadelstore.com\/it\/#website","url":"https:\/\/revolutionpadelstore.com\/it\/","name":"Revolution Padel Store","description":"","publisher":{"@id":"https:\/\/revolutionpadelstore.com\/it\/#organization"},"potentialAction":[{"@type":"SearchAction","target":{"@type":"EntryPoint","urlTemplate":"https:\/\/revolutionpadelstore.com\/it\/?s={search_term_string}"},"query-input":{"@type":"PropertyValueSpecification","valueRequired":true,"valueName":"search_term_string"}}],"inLanguage":"it-IT"},{"@type":"Organization","@id":"https:\/\/revolutionpadelstore.com\/it\/#organization","name":"Revolution Padel Store","url":"https:\/\/revolutionpadelstore.com\/it\/","logo":{"@type":"ImageObject","inLanguage":"it-IT","@id":"https:\/\/revolutionpadelstore.com\/it\/#\/schema\/logo\/image\/","url":"https:\/\/revolutionpadelstore.com\/wp-content\/uploads\/2026\/02\/revolution-padel-store.jpg","contentUrl":"https:\/\/revolutionpadelstore.com\/wp-content\/uploads\/2026\/02\/revolution-padel-store.jpg","width":2000,"height":2000,"caption":"Revolution Padel Store"},"image":{"@id":"https:\/\/revolutionpadelstore.com\/it\/#\/schema\/logo\/image\/"},"sameAs":["https:\/\/www.instagram.com\/revolutionpadelstore\/"]}]}},"_links":{"self":[{"href":"https:\/\/revolutionpadelstore.com\/it\/wp-json\/wp\/v2\/product\/162560","targetHints":{"allow":["GET"]}}],"collection":[{"href":"https:\/\/revolutionpadelstore.com\/it\/wp-json\/wp\/v2\/product"}],"about":[{"href":"https:\/\/revolutionpadelstore.com\/it\/wp-json\/wp\/v2\/types\/product"}],"replies":[{"embeddable":true,"href":"https:\/\/revolutionpadelstore.com\/it\/wp-json\/wp\/v2\/comments?post=162560"}],"wp:featuredmedia":[{"embeddable":true,"href":"https:\/\/revolutionpadelstore.com\/it\/wp-json\/wp\/v2\/media\/155914"}],"wp:attachment":[{"href":"https:\/\/revolutionpadelstore.com\/it\/wp-json\/wp\/v2\/media?parent=162560"}],"wp:term":[{"taxonomy":"acabado","embeddable":true,"href":"https:\/\/revolutionpadelstore.com\/it\/wp-json\/wp\/v2\/acabado?post=162560"},{"taxonomy":"balance","embeddable":true,"href":"https:\/\/revolutionpadelstore.com\/it\/wp-json\/wp\/v2\/balance?post=162560"},{"taxonomy":"dureza","embeddable":true,"href":"https:\/\/revolutionpadelstore.com\/it\/wp-json\/wp\/v2\/dureza?post=162560"},{"taxonomy":"forma","embeddable":true,"href":"https:\/\/revolutionpadelstore.com\/it\/wp-json\/wp\/v2\/forma?post=162560"},{"taxonomy":"jugador","embeddable":true,"href":"https:\/\/revolutionpadelstore.com\/it\/wp-json\/wp\/v2\/jugador?post=162560"},{"taxonomy":"marca","embeddable":true,"href":"https:\/\/revolutionpadelstore.com\/it\/wp-json\/wp\/v2\/marca?post=162560"},{"taxonomy":"nivel-de-juego","embeddable":true,"href":"https:\/\/revolutionpadelstore.com\/it\/wp-json\/wp\/v2\/nivel-de-juego?post=162560"},{"taxonomy":"superficie","embeddable":true,"href":"https:\/\/revolutionpadelstore.com\/it\/wp-json\/wp\/v2\/superficie?post=162560"},{"taxonomy":"tipo-de-juego","embeddable":true,"href":"https:\/\/revolutionpadelstore.com\/it\/wp-json\/wp\/v2\/tipo-de-juego?post=162560"},{"taxonomy":"product_brand","embeddable":true,"href":"https:\/\/revolutionpadelstore.com\/it\/wp-json\/wp\/v2\/product_brand?post=162560"},{"taxonomy":"product_cat","embeddable":true,"href":"https:\/\/revolutionpadelstore.com\/it\/wp-json\/wp\/v2\/product_cat?post=162560"},{"taxonomy":"product_tag","embeddable":true,"href":"https:\/\/revolutionpadelstore.com\/it\/wp-json\/wp\/v2\/product_tag?post=162560"}],"curies":[{"name":"wp","href":"https:\/\/api.w.org\/{rel}","templated":true}]}}