{"id":162250,"date":"2024-12-29T11:47:20","date_gmt":"2024-12-29T10:47:20","guid":{"rendered":"https:\/\/revolutionpadelstore.com\/sudadera-bullpadel-gomese-151-gris-medio-vigore\/"},"modified":"2026-04-08T08:46:44","modified_gmt":"2026-04-08T06:46:44","slug":"sudadera-bullpadel-gomese-151-gris-medio-vigore-4","status":"publish","type":"product","link":"https:\/\/revolutionpadelstore.com\/it\/prodotto\/sudadera-bullpadel-gomese-151-gris-medio-vigore-4\/","title":{"rendered":"SUDADERA BULLPADEL GOMESE 151 GRIS MEDIO VIGORE"},"content":{"rendered":"<h2> Bullpadel Gomsee 151 Vigore medio grigio: stile e prestazioni <\/h2>\n<p>La felpa a bullpadel <strong> gomsee 151 grigio Vigore medio <\/strong> \u00e8 progettata per offrire un perfetto equilibrio tra comfort, funzionalit\u00e0 e stile. Ideale per gli amanti della paletta o qualsiasi attivit\u00e0 all&#8217;aperto, questo modello si distingue per il suo <strong> tessuto in poliestere con tecnologia termica <\/strong>, che garantisce una traspirabilit\u00e0 ottimale e un controllo della temperatura.<\/p>\n<h2> <strong> Caratteristiche principali <\/strong>: <\/h2>\n<p><strong> -tronglex <\/strong>: garantisce un eccellente isolamento termico e regola la temperatura corporea.<\/p>\n<p><strong> -djustable Host <\/strong>: con lacci per un regolazione personalizzata e una protezione aggiuntiva.<\/p>\n<p><strong> -relief <\/strong>: design moderno che fornisce un tocco distintivo al petto.<\/p>\n<p><strong> -kangaroo Tipo <\/strong>: spazioso e pratico per tenere le mani calde o salvare piccoli oggetti.<\/p>\n<p><strong> -ib nei pugni e bassi <\/strong>: consente un adattamento perfetto, offrendo comfort durante il giorno.<\/p>\n<p><strong> -MEDIUM Vigore Grey Colore <\/strong>: versatile e di tendenza, ideale per combinarsi con qualsiasi attrezzatura.<\/p>\n<p>Il tessuto \u00e8 <strong> morbido e resistente <\/strong>, progettato per resistere all&#8217;usura quotidiana, essendo perfetto per giorni freschi o sessioni sportive. Questa felpa \u00e8 pi\u00f9 di un indumento; \u00c8 un partner affidabile che ti terr\u00e0 a tuo agio migliorando le tue prestazioni o semplicemente goderti il \u200b\u200btempo libero.<\/p>\n<h2> Disponibile ora <\/h2>\n<p>Acquista il paesaggio grigio <strong> bullpadel 151 al miglior prezzo di mercato!<\/p>\n<h3> <\/h3>\n<h2>Sudadera Bullpadel Gomese 151 gris medio vigore: estilo y rendimiento<\/h2>\n","protected":false},"excerpt":{"rendered":"<p>La felpa grigia di Bullpadel Gomsee 151 combina comfort, funzionalit\u00e0 e stile in un design perfetto. \u00c8 ideale sia per gli appassionati di paddle che per qualsiasi attivit\u00e0 all&#8217;aperto. Prodotto con poliestere pertto e attrezzato con tecnologia termica, garantisce un&#8217;eccellente traspirabilit\u00e0 e un efficace controllo della temperatura corporea.<\/p>\n","protected":false},"featured_media":157487,"comment_status":"open","ping_status":"closed","template":"","meta":{"_acf_changed":false,"_joinchat":[]},"acabado":[],"balance":[],"dureza":[],"forma":[],"jugador":[1191],"marca":[1256],"nivel-de-juego":[],"superficie":[],"tipo-de-juego":[],"product_brand":[],"product_cat":[337],"product_tag":[],"class_list":{"0":"post-162250","1":"product","2":"type-product","3":"status-publish","4":"has-post-thumbnail","6":"jugador-uomo","7":"marca-bullpadel-it","8":"product_cat-ropa-it","10":"first","11":"outofstock","12":"sale","13":"taxable","14":"shipping-taxable","15":"purchasable","16":"product-type-variable"},"acf":[],"yoast_head":"<!-- This site is optimized with the Yoast SEO plugin v27.4 - https:\/\/yoast.com\/product\/yoast-seo-wordpress\/ -->\n<title>SUDADERA BULLPADEL GOMESE 151 GRIS MEDIO VIGORE - Revolution Padel Store<\/title>\n<meta name=\"description\" content=\"Descubre la sudadera Bullpadel Gomese 015 Kaki con tecnolog\u00eda Termalflex, dise\u00f1o moderno y confort total. Disponible en Revolution Padel Store al mejor precio.\" \/>\n<meta name=\"robots\" content=\"index, follow, max-snippet:-1, max-image-preview:large, max-video-preview:-1\" \/>\n<link rel=\"canonical\" href=\"https:\/\/revolutionpadelstore.com\/it\/prodotto\/sudadera-bullpadel-gomese-151-gris-medio-vigore-4\/\" \/>\n<meta property=\"og:locale\" content=\"it_IT\" \/>\n<meta property=\"og:type\" content=\"article\" \/>\n<meta property=\"og:title\" content=\"SUDADERA BULLPADEL GOMESE 151 GRIS MEDIO VIGORE - Revolution Padel Store\" \/>\n<meta property=\"og:description\" content=\"Descubre la sudadera Bullpadel Gomese 015 Kaki con tecnolog\u00eda Termalflex, dise\u00f1o moderno y confort total. Disponible en Revolution Padel Store al mejor precio.\" \/>\n<meta property=\"og:url\" content=\"https:\/\/revolutionpadelstore.com\/it\/prodotto\/sudadera-bullpadel-gomese-151-gris-medio-vigore-4\/\" \/>\n<meta property=\"og:site_name\" content=\"Revolution Padel Store\" \/>\n<meta property=\"article:modified_time\" content=\"2026-04-08T06:46:44+00:00\" \/>\n<meta property=\"og:image\" content=\"https:\/\/revolutionpadelstore.com\/wp-content\/uploads\/2024\/12\/179E-5.png\" \/>\n\t<meta property=\"og:image:width\" content=\"1500\" \/>\n\t<meta property=\"og:image:height\" content=\"1500\" \/>\n\t<meta property=\"og:image:type\" content=\"image\/png\" \/>\n<meta name=\"twitter:card\" content=\"summary_large_image\" \/>\n<meta name=\"twitter:label1\" content=\"Tempo di lettura stimato\" \/>\n\t<meta name=\"twitter:data1\" content=\"1 minuto\" \/>\n<script type=\"application\/ld+json\" class=\"yoast-schema-graph\">{\"@context\":\"https:\\\/\\\/schema.org\",\"@graph\":[{\"@type\":\"WebPage\",\"@id\":\"https:\\\/\\\/revolutionpadelstore.com\\\/it\\\/prodotto\\\/sudadera-bullpadel-gomese-151-gris-medio-vigore-4\\\/\",\"url\":\"https:\\\/\\\/revolutionpadelstore.com\\\/it\\\/prodotto\\\/sudadera-bullpadel-gomese-151-gris-medio-vigore-4\\\/\",\"name\":\"SUDADERA BULLPADEL GOMESE 151 GRIS MEDIO VIGORE - Revolution Padel Store\",\"isPartOf\":{\"@id\":\"https:\\\/\\\/revolutionpadelstore.com\\\/it\\\/#website\"},\"primaryImageOfPage\":{\"@id\":\"https:\\\/\\\/revolutionpadelstore.com\\\/it\\\/prodotto\\\/sudadera-bullpadel-gomese-151-gris-medio-vigore-4\\\/#primaryimage\"},\"image\":{\"@id\":\"https:\\\/\\\/revolutionpadelstore.com\\\/it\\\/prodotto\\\/sudadera-bullpadel-gomese-151-gris-medio-vigore-4\\\/#primaryimage\"},\"thumbnailUrl\":\"https:\\\/\\\/revolutionpadelstore.com\\\/wp-content\\\/uploads\\\/2024\\\/12\\\/179E-5.png\",\"datePublished\":\"2024-12-29T10:47:20+00:00\",\"dateModified\":\"2026-04-08T06:46:44+00:00\",\"description\":\"Descubre la sudadera Bullpadel Gomese 015 Kaki con tecnolog\u00eda Termalflex, dise\u00f1o moderno y confort total. Disponible en Revolution Padel Store al mejor precio.\",\"breadcrumb\":{\"@id\":\"https:\\\/\\\/revolutionpadelstore.com\\\/it\\\/prodotto\\\/sudadera-bullpadel-gomese-151-gris-medio-vigore-4\\\/#breadcrumb\"},\"inLanguage\":\"it-IT\",\"potentialAction\":[{\"@type\":\"ReadAction\",\"target\":[\"https:\\\/\\\/revolutionpadelstore.com\\\/it\\\/prodotto\\\/sudadera-bullpadel-gomese-151-gris-medio-vigore-4\\\/\"]}]},{\"@type\":\"ImageObject\",\"inLanguage\":\"it-IT\",\"@id\":\"https:\\\/\\\/revolutionpadelstore.com\\\/it\\\/prodotto\\\/sudadera-bullpadel-gomese-151-gris-medio-vigore-4\\\/#primaryimage\",\"url\":\"https:\\\/\\\/revolutionpadelstore.com\\\/wp-content\\\/uploads\\\/2024\\\/12\\\/179E-5.png\",\"contentUrl\":\"https:\\\/\\\/revolutionpadelstore.com\\\/wp-content\\\/uploads\\\/2024\\\/12\\\/179E-5.png\",\"width\":1500,\"height\":1500},{\"@type\":\"BreadcrumbList\",\"@id\":\"https:\\\/\\\/revolutionpadelstore.com\\\/it\\\/prodotto\\\/sudadera-bullpadel-gomese-151-gris-medio-vigore-4\\\/#breadcrumb\",\"itemListElement\":[{\"@type\":\"ListItem\",\"position\":1,\"name\":\"Portada\",\"item\":\"https:\\\/\\\/revolutionpadelstore.com\\\/it\\\/\"},{\"@type\":\"ListItem\",\"position\":2,\"name\":\"Tienda\",\"item\":\"https:\\\/\\\/revolutionpadelstore.com\\\/it\\\/tienda\\\/\"},{\"@type\":\"ListItem\",\"position\":3,\"name\":\"SUDADERA BULLPADEL GOMESE 151 GRIS MEDIO VIGORE\"}]},{\"@type\":\"WebSite\",\"@id\":\"https:\\\/\\\/revolutionpadelstore.com\\\/it\\\/#website\",\"url\":\"https:\\\/\\\/revolutionpadelstore.com\\\/it\\\/\",\"name\":\"Revolution Padel Store\",\"description\":\"\",\"publisher\":{\"@id\":\"https:\\\/\\\/revolutionpadelstore.com\\\/it\\\/#organization\"},\"potentialAction\":[{\"@type\":\"SearchAction\",\"target\":{\"@type\":\"EntryPoint\",\"urlTemplate\":\"https:\\\/\\\/revolutionpadelstore.com\\\/it\\\/?s={search_term_string}\"},\"query-input\":{\"@type\":\"PropertyValueSpecification\",\"valueRequired\":true,\"valueName\":\"search_term_string\"}}],\"inLanguage\":\"it-IT\"},{\"@type\":\"Organization\",\"@id\":\"https:\\\/\\\/revolutionpadelstore.com\\\/it\\\/#organization\",\"name\":\"Revolution Padel Store\",\"url\":\"https:\\\/\\\/revolutionpadelstore.com\\\/it\\\/\",\"logo\":{\"@type\":\"ImageObject\",\"inLanguage\":\"it-IT\",\"@id\":\"https:\\\/\\\/revolutionpadelstore.com\\\/it\\\/#\\\/schema\\\/logo\\\/image\\\/\",\"url\":\"https:\\\/\\\/revolutionpadelstore.com\\\/wp-content\\\/uploads\\\/2026\\\/02\\\/revolution-padel-store.jpg\",\"contentUrl\":\"https:\\\/\\\/revolutionpadelstore.com\\\/wp-content\\\/uploads\\\/2026\\\/02\\\/revolution-padel-store.jpg\",\"width\":2000,\"height\":2000,\"caption\":\"Revolution Padel Store\"},\"image\":{\"@id\":\"https:\\\/\\\/revolutionpadelstore.com\\\/it\\\/#\\\/schema\\\/logo\\\/image\\\/\"},\"sameAs\":[\"https:\\\/\\\/www.instagram.com\\\/revolutionpadelstore\\\/\"]}]}<\/script>\n<!-- \/ Yoast SEO plugin. -->","yoast_head_json":{"title":"SUDADERA BULLPADEL GOMESE 151 GRIS MEDIO VIGORE - Revolution Padel Store","description":"Descubre la sudadera Bullpadel Gomese 015 Kaki con tecnolog\u00eda Termalflex, dise\u00f1o moderno y confort total. Disponible en Revolution Padel Store al mejor precio.","robots":{"index":"index","follow":"follow","max-snippet":"max-snippet:-1","max-image-preview":"max-image-preview:large","max-video-preview":"max-video-preview:-1"},"canonical":"https:\/\/revolutionpadelstore.com\/it\/prodotto\/sudadera-bullpadel-gomese-151-gris-medio-vigore-4\/","og_locale":"it_IT","og_type":"article","og_title":"SUDADERA BULLPADEL GOMESE 151 GRIS MEDIO VIGORE - Revolution Padel Store","og_description":"Descubre la sudadera Bullpadel Gomese 015 Kaki con tecnolog\u00eda Termalflex, dise\u00f1o moderno y confort total. Disponible en Revolution Padel Store al mejor precio.","og_url":"https:\/\/revolutionpadelstore.com\/it\/prodotto\/sudadera-bullpadel-gomese-151-gris-medio-vigore-4\/","og_site_name":"Revolution Padel Store","article_modified_time":"2026-04-08T06:46:44+00:00","og_image":[{"width":1500,"height":1500,"url":"https:\/\/revolutionpadelstore.com\/wp-content\/uploads\/2024\/12\/179E-5.png","type":"image\/png"}],"twitter_card":"summary_large_image","twitter_misc":{"Tempo di lettura stimato":"1 minuto"},"schema":{"@context":"https:\/\/schema.org","@graph":[{"@type":"WebPage","@id":"https:\/\/revolutionpadelstore.com\/it\/prodotto\/sudadera-bullpadel-gomese-151-gris-medio-vigore-4\/","url":"https:\/\/revolutionpadelstore.com\/it\/prodotto\/sudadera-bullpadel-gomese-151-gris-medio-vigore-4\/","name":"SUDADERA BULLPADEL GOMESE 151 GRIS MEDIO VIGORE - Revolution Padel Store","isPartOf":{"@id":"https:\/\/revolutionpadelstore.com\/it\/#website"},"primaryImageOfPage":{"@id":"https:\/\/revolutionpadelstore.com\/it\/prodotto\/sudadera-bullpadel-gomese-151-gris-medio-vigore-4\/#primaryimage"},"image":{"@id":"https:\/\/revolutionpadelstore.com\/it\/prodotto\/sudadera-bullpadel-gomese-151-gris-medio-vigore-4\/#primaryimage"},"thumbnailUrl":"https:\/\/revolutionpadelstore.com\/wp-content\/uploads\/2024\/12\/179E-5.png","datePublished":"2024-12-29T10:47:20+00:00","dateModified":"2026-04-08T06:46:44+00:00","description":"Descubre la sudadera Bullpadel Gomese 015 Kaki con tecnolog\u00eda Termalflex, dise\u00f1o moderno y confort total. Disponible en Revolution Padel Store al mejor precio.","breadcrumb":{"@id":"https:\/\/revolutionpadelstore.com\/it\/prodotto\/sudadera-bullpadel-gomese-151-gris-medio-vigore-4\/#breadcrumb"},"inLanguage":"it-IT","potentialAction":[{"@type":"ReadAction","target":["https:\/\/revolutionpadelstore.com\/it\/prodotto\/sudadera-bullpadel-gomese-151-gris-medio-vigore-4\/"]}]},{"@type":"ImageObject","inLanguage":"it-IT","@id":"https:\/\/revolutionpadelstore.com\/it\/prodotto\/sudadera-bullpadel-gomese-151-gris-medio-vigore-4\/#primaryimage","url":"https:\/\/revolutionpadelstore.com\/wp-content\/uploads\/2024\/12\/179E-5.png","contentUrl":"https:\/\/revolutionpadelstore.com\/wp-content\/uploads\/2024\/12\/179E-5.png","width":1500,"height":1500},{"@type":"BreadcrumbList","@id":"https:\/\/revolutionpadelstore.com\/it\/prodotto\/sudadera-bullpadel-gomese-151-gris-medio-vigore-4\/#breadcrumb","itemListElement":[{"@type":"ListItem","position":1,"name":"Portada","item":"https:\/\/revolutionpadelstore.com\/it\/"},{"@type":"ListItem","position":2,"name":"Tienda","item":"https:\/\/revolutionpadelstore.com\/it\/tienda\/"},{"@type":"ListItem","position":3,"name":"SUDADERA BULLPADEL GOMESE 151 GRIS MEDIO VIGORE"}]},{"@type":"WebSite","@id":"https:\/\/revolutionpadelstore.com\/it\/#website","url":"https:\/\/revolutionpadelstore.com\/it\/","name":"Revolution Padel Store","description":"","publisher":{"@id":"https:\/\/revolutionpadelstore.com\/it\/#organization"},"potentialAction":[{"@type":"SearchAction","target":{"@type":"EntryPoint","urlTemplate":"https:\/\/revolutionpadelstore.com\/it\/?s={search_term_string}"},"query-input":{"@type":"PropertyValueSpecification","valueRequired":true,"valueName":"search_term_string"}}],"inLanguage":"it-IT"},{"@type":"Organization","@id":"https:\/\/revolutionpadelstore.com\/it\/#organization","name":"Revolution Padel Store","url":"https:\/\/revolutionpadelstore.com\/it\/","logo":{"@type":"ImageObject","inLanguage":"it-IT","@id":"https:\/\/revolutionpadelstore.com\/it\/#\/schema\/logo\/image\/","url":"https:\/\/revolutionpadelstore.com\/wp-content\/uploads\/2026\/02\/revolution-padel-store.jpg","contentUrl":"https:\/\/revolutionpadelstore.com\/wp-content\/uploads\/2026\/02\/revolution-padel-store.jpg","width":2000,"height":2000,"caption":"Revolution Padel Store"},"image":{"@id":"https:\/\/revolutionpadelstore.com\/it\/#\/schema\/logo\/image\/"},"sameAs":["https:\/\/www.instagram.com\/revolutionpadelstore\/"]}]}},"_links":{"self":[{"href":"https:\/\/revolutionpadelstore.com\/it\/wp-json\/wp\/v2\/product\/162250","targetHints":{"allow":["GET"]}}],"collection":[{"href":"https:\/\/revolutionpadelstore.com\/it\/wp-json\/wp\/v2\/product"}],"about":[{"href":"https:\/\/revolutionpadelstore.com\/it\/wp-json\/wp\/v2\/types\/product"}],"replies":[{"embeddable":true,"href":"https:\/\/revolutionpadelstore.com\/it\/wp-json\/wp\/v2\/comments?post=162250"}],"wp:featuredmedia":[{"embeddable":true,"href":"https:\/\/revolutionpadelstore.com\/it\/wp-json\/wp\/v2\/media\/157487"}],"wp:attachment":[{"href":"https:\/\/revolutionpadelstore.com\/it\/wp-json\/wp\/v2\/media?parent=162250"}],"wp:term":[{"taxonomy":"acabado","embeddable":true,"href":"https:\/\/revolutionpadelstore.com\/it\/wp-json\/wp\/v2\/acabado?post=162250"},{"taxonomy":"balance","embeddable":true,"href":"https:\/\/revolutionpadelstore.com\/it\/wp-json\/wp\/v2\/balance?post=162250"},{"taxonomy":"dureza","embeddable":true,"href":"https:\/\/revolutionpadelstore.com\/it\/wp-json\/wp\/v2\/dureza?post=162250"},{"taxonomy":"forma","embeddable":true,"href":"https:\/\/revolutionpadelstore.com\/it\/wp-json\/wp\/v2\/forma?post=162250"},{"taxonomy":"jugador","embeddable":true,"href":"https:\/\/revolutionpadelstore.com\/it\/wp-json\/wp\/v2\/jugador?post=162250"},{"taxonomy":"marca","embeddable":true,"href":"https:\/\/revolutionpadelstore.com\/it\/wp-json\/wp\/v2\/marca?post=162250"},{"taxonomy":"nivel-de-juego","embeddable":true,"href":"https:\/\/revolutionpadelstore.com\/it\/wp-json\/wp\/v2\/nivel-de-juego?post=162250"},{"taxonomy":"superficie","embeddable":true,"href":"https:\/\/revolutionpadelstore.com\/it\/wp-json\/wp\/v2\/superficie?post=162250"},{"taxonomy":"tipo-de-juego","embeddable":true,"href":"https:\/\/revolutionpadelstore.com\/it\/wp-json\/wp\/v2\/tipo-de-juego?post=162250"},{"taxonomy":"product_brand","embeddable":true,"href":"https:\/\/revolutionpadelstore.com\/it\/wp-json\/wp\/v2\/product_brand?post=162250"},{"taxonomy":"product_cat","embeddable":true,"href":"https:\/\/revolutionpadelstore.com\/it\/wp-json\/wp\/v2\/product_cat?post=162250"},{"taxonomy":"product_tag","embeddable":true,"href":"https:\/\/revolutionpadelstore.com\/it\/wp-json\/wp\/v2\/product_tag?post=162250"}],"curies":[{"name":"wp","href":"https:\/\/api.w.org\/{rel}","templated":true}]}}