{"id":161795,"date":"2025-01-29T00:22:21","date_gmt":"2025-01-28T23:22:21","guid":{"rendered":"https:\/\/revolutionpadelstore.com\/sudadera-bullpadel-enif\/"},"modified":"2026-04-01T04:45:52","modified_gmt":"2026-04-01T02:45:52","slug":"sudadera-bullpadel-enif-4","status":"publish","type":"product","link":"https:\/\/revolutionpadelstore.com\/it\/prodotto\/sudadera-bullpadel-enif-4\/","title":{"rendered":"SUDADERA BULLPADEL ENIF"},"content":{"rendered":"<h2> felpa da donna bullpadel<br \/>\nSolleva le tue prestazioni in pista e fuori con la felpa da donna <strong> Bullpadel Enif <\/strong>, un indumento progettato per i giocatori pi\u00f9 esigenti. Con un taglio <strong> entrallato <\/strong> che migliora la figura, questa felpa combina funzionalit\u00e0 e stile sportiva <\/strong>. La sua zip e tasche centrali con cerniere invisibili offrono un tocco moderno e pratico, mentre i pugni con le dita offrono un adattamento di convenienza perfetto e maggiore durante il gioco.<\/p>\n<p>Prodotta con <strong> poliestere riciclato <\/strong> ed elastan in tessuto cationico, questa felpa \u00e8 impegnata in <strong> sostenibilit\u00e0 senza compromettere le prestazioni <\/strong>. Gli inserti a rete strategicamente posizionati migliorano la traspirabilit\u00e0, fornendo una nuova sensazione anche nei momenti pi\u00f9 intensi. Inoltre, la tecnologia <strong> drynamic <\/strong> con microfilamenti aiuta a ridurre l&#8217;umidit\u00e0 e mantenere la pelle asciutta, massimizzando il comfort in ogni allenamento o festa.<\/p>\n<h2> Caratteristiche eccezionali: <\/h2>\n<p><P style=\"padding-left: 40px\"> <strong> -ergonomic e sostenibile design <\/strong>: tessuto poliestere di taglio e riciclato entrallato con Elastan.<\/p>\n<p style=\"padding-left: 40px\"> <strong> -drynamic Technology <\/strong>: favorisce il sudore e mantiene la pelle secca.<br \/>\n<P> <strong>-Invisibile Bit <\/strong>: archiviazione sicura e discreta<br \/>\n<P> <strong> -pu\u00f1os con foro del pollice <\/strong>: regolazione comoda e funzionale<br \/>\n<P> <strong> -insercioni di mesh <\/strong>: maggiore ventilazione per il comfort superiore<br \/>\nPerfetto per gli amanti della paletta che cercano <strong> funzionali, leggeri ed ecologici di abbigliamento sportivo <\/strong>. Ideale per allenamento, feste o attivit\u00e0 quotidiane, questa felpa ti garantisce <strong> mobilit\u00e0, traspirabilit\u00e0 e stile <\/strong>.<\/p>\n<p><strong> Ottieni le tue donne bullpadel enif nel nostro negozio online &lt;a href = &quot;https:\/\/chatgpt.com\/g\/g-675432e0268888191b6ee6d6f2fdbbb15e-optimization-textos\/c\/wwwwwwwwwwwwwwwwwwwwwwwwwwwwwwh Store <\/a>, probabilmente al miglior prezzo di mercato<\/p>\n<h4> <\/h4>\n<h2>Sudadera Bullpadel Mujer Enif<\/h2>\n","protected":false},"excerpt":{"rendered":"<p>La felpa per donna Bullpadel Enif, realizzata in tessuto riciclato e attrezzato con tecnologia namica secca, garantisce comfort, ventilazione e una regolazione ideale per il tuo allenamento.<\/p>\n","protected":false},"featured_media":161777,"comment_status":"open","ping_status":"closed","template":"","meta":{"_acf_changed":false,"_joinchat":[]},"acabado":[],"balance":[],"dureza":[],"forma":[],"jugador":[1196],"marca":[1256],"nivel-de-juego":[],"superficie":[],"tipo-de-juego":[],"product_brand":[],"product_cat":[337],"product_tag":[],"class_list":{"0":"post-161795","1":"product","2":"type-product","3":"status-publish","4":"has-post-thumbnail","6":"jugador-mujer-it","7":"marca-bullpadel-it","8":"product_cat-ropa-it","10":"first","11":"outofstock","12":"sale","13":"taxable","14":"shipping-taxable","15":"purchasable","16":"product-type-variable"},"acf":[],"yoast_head":"<!-- This site is optimized with the Yoast SEO plugin v27.3 - https:\/\/yoast.com\/product\/yoast-seo-wordpress\/ -->\n<title>SUDADERA BULLPADEL ENIF - Revolution Padel Store<\/title>\n<meta name=\"description\" content=\"Descubre la Sudadera Bullpadel Mujer Enif: dise\u00f1o entallado, tejido reciclado y tecnolog\u00eda Drynamic para m\u00e1xima comodidad y transpirabilidad. Disponible en Revolution Padel Store.\" \/>\n<meta name=\"robots\" content=\"index, follow, max-snippet:-1, max-image-preview:large, max-video-preview:-1\" \/>\n<link rel=\"canonical\" href=\"https:\/\/revolutionpadelstore.com\/it\/prodotto\/sudadera-bullpadel-enif-4\/\" \/>\n<meta property=\"og:locale\" content=\"it_IT\" \/>\n<meta property=\"og:type\" content=\"article\" \/>\n<meta property=\"og:title\" content=\"SUDADERA BULLPADEL ENIF - Revolution Padel Store\" \/>\n<meta property=\"og:description\" content=\"Descubre la Sudadera Bullpadel Mujer Enif: dise\u00f1o entallado, tejido reciclado y tecnolog\u00eda Drynamic para m\u00e1xima comodidad y transpirabilidad. Disponible en Revolution Padel Store.\" \/>\n<meta property=\"og:url\" content=\"https:\/\/revolutionpadelstore.com\/it\/prodotto\/sudadera-bullpadel-enif-4\/\" \/>\n<meta property=\"og:site_name\" content=\"Revolution Padel Store\" \/>\n<meta property=\"article:modified_time\" content=\"2026-04-01T02:45:52+00:00\" \/>\n<meta property=\"og:image\" content=\"https:\/\/revolutionpadelstore.com\/wp-content\/uploads\/2025\/01\/114449_sudadera_bullpadel_mujer_enif__105_negro_vigore_1200x1200_1_54d5.webp\" \/>\n\t<meta property=\"og:image:width\" content=\"1200\" \/>\n\t<meta property=\"og:image:height\" content=\"1200\" \/>\n\t<meta property=\"og:image:type\" content=\"image\/webp\" \/>\n<meta name=\"twitter:card\" content=\"summary_large_image\" \/>\n<meta name=\"twitter:label1\" content=\"Tempo di lettura stimato\" \/>\n\t<meta name=\"twitter:data1\" content=\"2 minuti\" \/>\n<script type=\"application\/ld+json\" class=\"yoast-schema-graph\">{\"@context\":\"https:\\\/\\\/schema.org\",\"@graph\":[{\"@type\":\"WebPage\",\"@id\":\"https:\\\/\\\/revolutionpadelstore.com\\\/it\\\/prodotto\\\/sudadera-bullpadel-enif-4\\\/\",\"url\":\"https:\\\/\\\/revolutionpadelstore.com\\\/it\\\/prodotto\\\/sudadera-bullpadel-enif-4\\\/\",\"name\":\"SUDADERA BULLPADEL ENIF - Revolution Padel Store\",\"isPartOf\":{\"@id\":\"https:\\\/\\\/revolutionpadelstore.com\\\/it\\\/#website\"},\"primaryImageOfPage\":{\"@id\":\"https:\\\/\\\/revolutionpadelstore.com\\\/it\\\/prodotto\\\/sudadera-bullpadel-enif-4\\\/#primaryimage\"},\"image\":{\"@id\":\"https:\\\/\\\/revolutionpadelstore.com\\\/it\\\/prodotto\\\/sudadera-bullpadel-enif-4\\\/#primaryimage\"},\"thumbnailUrl\":\"https:\\\/\\\/revolutionpadelstore.com\\\/wp-content\\\/uploads\\\/2025\\\/01\\\/114449_sudadera_bullpadel_mujer_enif__105_negro_vigore_1200x1200_1_54d5.webp\",\"datePublished\":\"2025-01-28T23:22:21+00:00\",\"dateModified\":\"2026-04-01T02:45:52+00:00\",\"description\":\"Descubre la Sudadera Bullpadel Mujer Enif: dise\u00f1o entallado, tejido reciclado y tecnolog\u00eda Drynamic para m\u00e1xima comodidad y transpirabilidad. Disponible en Revolution Padel Store.\",\"breadcrumb\":{\"@id\":\"https:\\\/\\\/revolutionpadelstore.com\\\/it\\\/prodotto\\\/sudadera-bullpadel-enif-4\\\/#breadcrumb\"},\"inLanguage\":\"it-IT\",\"potentialAction\":[{\"@type\":\"ReadAction\",\"target\":[\"https:\\\/\\\/revolutionpadelstore.com\\\/it\\\/prodotto\\\/sudadera-bullpadel-enif-4\\\/\"]}]},{\"@type\":\"ImageObject\",\"inLanguage\":\"it-IT\",\"@id\":\"https:\\\/\\\/revolutionpadelstore.com\\\/it\\\/prodotto\\\/sudadera-bullpadel-enif-4\\\/#primaryimage\",\"url\":\"https:\\\/\\\/revolutionpadelstore.com\\\/wp-content\\\/uploads\\\/2025\\\/01\\\/114449_sudadera_bullpadel_mujer_enif__105_negro_vigore_1200x1200_1_54d5.webp\",\"contentUrl\":\"https:\\\/\\\/revolutionpadelstore.com\\\/wp-content\\\/uploads\\\/2025\\\/01\\\/114449_sudadera_bullpadel_mujer_enif__105_negro_vigore_1200x1200_1_54d5.webp\",\"width\":1200,\"height\":1200},{\"@type\":\"BreadcrumbList\",\"@id\":\"https:\\\/\\\/revolutionpadelstore.com\\\/it\\\/prodotto\\\/sudadera-bullpadel-enif-4\\\/#breadcrumb\",\"itemListElement\":[{\"@type\":\"ListItem\",\"position\":1,\"name\":\"Portada\",\"item\":\"https:\\\/\\\/revolutionpadelstore.com\\\/it\\\/\"},{\"@type\":\"ListItem\",\"position\":2,\"name\":\"Tienda\",\"item\":\"https:\\\/\\\/revolutionpadelstore.com\\\/it\\\/tienda\\\/\"},{\"@type\":\"ListItem\",\"position\":3,\"name\":\"SUDADERA BULLPADEL ENIF\"}]},{\"@type\":\"WebSite\",\"@id\":\"https:\\\/\\\/revolutionpadelstore.com\\\/it\\\/#website\",\"url\":\"https:\\\/\\\/revolutionpadelstore.com\\\/it\\\/\",\"name\":\"Revolution Padel Store\",\"description\":\"\",\"publisher\":{\"@id\":\"https:\\\/\\\/revolutionpadelstore.com\\\/it\\\/#organization\"},\"potentialAction\":[{\"@type\":\"SearchAction\",\"target\":{\"@type\":\"EntryPoint\",\"urlTemplate\":\"https:\\\/\\\/revolutionpadelstore.com\\\/it\\\/?s={search_term_string}\"},\"query-input\":{\"@type\":\"PropertyValueSpecification\",\"valueRequired\":true,\"valueName\":\"search_term_string\"}}],\"inLanguage\":\"it-IT\"},{\"@type\":\"Organization\",\"@id\":\"https:\\\/\\\/revolutionpadelstore.com\\\/it\\\/#organization\",\"name\":\"Revolution Padel Store\",\"url\":\"https:\\\/\\\/revolutionpadelstore.com\\\/it\\\/\",\"logo\":{\"@type\":\"ImageObject\",\"inLanguage\":\"it-IT\",\"@id\":\"https:\\\/\\\/revolutionpadelstore.com\\\/it\\\/#\\\/schema\\\/logo\\\/image\\\/\",\"url\":\"https:\\\/\\\/revolutionpadelstore.com\\\/wp-content\\\/uploads\\\/2026\\\/02\\\/revolution-padel-store.jpg\",\"contentUrl\":\"https:\\\/\\\/revolutionpadelstore.com\\\/wp-content\\\/uploads\\\/2026\\\/02\\\/revolution-padel-store.jpg\",\"width\":2000,\"height\":2000,\"caption\":\"Revolution Padel Store\"},\"image\":{\"@id\":\"https:\\\/\\\/revolutionpadelstore.com\\\/it\\\/#\\\/schema\\\/logo\\\/image\\\/\"},\"sameAs\":[\"https:\\\/\\\/www.instagram.com\\\/revolutionpadelstore\\\/\"]}]}<\/script>\n<!-- \/ Yoast SEO plugin. -->","yoast_head_json":{"title":"SUDADERA BULLPADEL ENIF - Revolution Padel Store","description":"Descubre la Sudadera Bullpadel Mujer Enif: dise\u00f1o entallado, tejido reciclado y tecnolog\u00eda Drynamic para m\u00e1xima comodidad y transpirabilidad. Disponible en Revolution Padel Store.","robots":{"index":"index","follow":"follow","max-snippet":"max-snippet:-1","max-image-preview":"max-image-preview:large","max-video-preview":"max-video-preview:-1"},"canonical":"https:\/\/revolutionpadelstore.com\/it\/prodotto\/sudadera-bullpadel-enif-4\/","og_locale":"it_IT","og_type":"article","og_title":"SUDADERA BULLPADEL ENIF - Revolution Padel Store","og_description":"Descubre la Sudadera Bullpadel Mujer Enif: dise\u00f1o entallado, tejido reciclado y tecnolog\u00eda Drynamic para m\u00e1xima comodidad y transpirabilidad. Disponible en Revolution Padel Store.","og_url":"https:\/\/revolutionpadelstore.com\/it\/prodotto\/sudadera-bullpadel-enif-4\/","og_site_name":"Revolution Padel Store","article_modified_time":"2026-04-01T02:45:52+00:00","og_image":[{"width":1200,"height":1200,"url":"https:\/\/revolutionpadelstore.com\/wp-content\/uploads\/2025\/01\/114449_sudadera_bullpadel_mujer_enif__105_negro_vigore_1200x1200_1_54d5.webp","type":"image\/webp"}],"twitter_card":"summary_large_image","twitter_misc":{"Tempo di lettura stimato":"2 minuti"},"schema":{"@context":"https:\/\/schema.org","@graph":[{"@type":"WebPage","@id":"https:\/\/revolutionpadelstore.com\/it\/prodotto\/sudadera-bullpadel-enif-4\/","url":"https:\/\/revolutionpadelstore.com\/it\/prodotto\/sudadera-bullpadel-enif-4\/","name":"SUDADERA BULLPADEL ENIF - Revolution Padel Store","isPartOf":{"@id":"https:\/\/revolutionpadelstore.com\/it\/#website"},"primaryImageOfPage":{"@id":"https:\/\/revolutionpadelstore.com\/it\/prodotto\/sudadera-bullpadel-enif-4\/#primaryimage"},"image":{"@id":"https:\/\/revolutionpadelstore.com\/it\/prodotto\/sudadera-bullpadel-enif-4\/#primaryimage"},"thumbnailUrl":"https:\/\/revolutionpadelstore.com\/wp-content\/uploads\/2025\/01\/114449_sudadera_bullpadel_mujer_enif__105_negro_vigore_1200x1200_1_54d5.webp","datePublished":"2025-01-28T23:22:21+00:00","dateModified":"2026-04-01T02:45:52+00:00","description":"Descubre la Sudadera Bullpadel Mujer Enif: dise\u00f1o entallado, tejido reciclado y tecnolog\u00eda Drynamic para m\u00e1xima comodidad y transpirabilidad. Disponible en Revolution Padel Store.","breadcrumb":{"@id":"https:\/\/revolutionpadelstore.com\/it\/prodotto\/sudadera-bullpadel-enif-4\/#breadcrumb"},"inLanguage":"it-IT","potentialAction":[{"@type":"ReadAction","target":["https:\/\/revolutionpadelstore.com\/it\/prodotto\/sudadera-bullpadel-enif-4\/"]}]},{"@type":"ImageObject","inLanguage":"it-IT","@id":"https:\/\/revolutionpadelstore.com\/it\/prodotto\/sudadera-bullpadel-enif-4\/#primaryimage","url":"https:\/\/revolutionpadelstore.com\/wp-content\/uploads\/2025\/01\/114449_sudadera_bullpadel_mujer_enif__105_negro_vigore_1200x1200_1_54d5.webp","contentUrl":"https:\/\/revolutionpadelstore.com\/wp-content\/uploads\/2025\/01\/114449_sudadera_bullpadel_mujer_enif__105_negro_vigore_1200x1200_1_54d5.webp","width":1200,"height":1200},{"@type":"BreadcrumbList","@id":"https:\/\/revolutionpadelstore.com\/it\/prodotto\/sudadera-bullpadel-enif-4\/#breadcrumb","itemListElement":[{"@type":"ListItem","position":1,"name":"Portada","item":"https:\/\/revolutionpadelstore.com\/it\/"},{"@type":"ListItem","position":2,"name":"Tienda","item":"https:\/\/revolutionpadelstore.com\/it\/tienda\/"},{"@type":"ListItem","position":3,"name":"SUDADERA BULLPADEL ENIF"}]},{"@type":"WebSite","@id":"https:\/\/revolutionpadelstore.com\/it\/#website","url":"https:\/\/revolutionpadelstore.com\/it\/","name":"Revolution Padel Store","description":"","publisher":{"@id":"https:\/\/revolutionpadelstore.com\/it\/#organization"},"potentialAction":[{"@type":"SearchAction","target":{"@type":"EntryPoint","urlTemplate":"https:\/\/revolutionpadelstore.com\/it\/?s={search_term_string}"},"query-input":{"@type":"PropertyValueSpecification","valueRequired":true,"valueName":"search_term_string"}}],"inLanguage":"it-IT"},{"@type":"Organization","@id":"https:\/\/revolutionpadelstore.com\/it\/#organization","name":"Revolution Padel Store","url":"https:\/\/revolutionpadelstore.com\/it\/","logo":{"@type":"ImageObject","inLanguage":"it-IT","@id":"https:\/\/revolutionpadelstore.com\/it\/#\/schema\/logo\/image\/","url":"https:\/\/revolutionpadelstore.com\/wp-content\/uploads\/2026\/02\/revolution-padel-store.jpg","contentUrl":"https:\/\/revolutionpadelstore.com\/wp-content\/uploads\/2026\/02\/revolution-padel-store.jpg","width":2000,"height":2000,"caption":"Revolution Padel Store"},"image":{"@id":"https:\/\/revolutionpadelstore.com\/it\/#\/schema\/logo\/image\/"},"sameAs":["https:\/\/www.instagram.com\/revolutionpadelstore\/"]}]}},"_links":{"self":[{"href":"https:\/\/revolutionpadelstore.com\/it\/wp-json\/wp\/v2\/product\/161795","targetHints":{"allow":["GET"]}}],"collection":[{"href":"https:\/\/revolutionpadelstore.com\/it\/wp-json\/wp\/v2\/product"}],"about":[{"href":"https:\/\/revolutionpadelstore.com\/it\/wp-json\/wp\/v2\/types\/product"}],"replies":[{"embeddable":true,"href":"https:\/\/revolutionpadelstore.com\/it\/wp-json\/wp\/v2\/comments?post=161795"}],"wp:featuredmedia":[{"embeddable":true,"href":"https:\/\/revolutionpadelstore.com\/it\/wp-json\/wp\/v2\/media\/161777"}],"wp:attachment":[{"href":"https:\/\/revolutionpadelstore.com\/it\/wp-json\/wp\/v2\/media?parent=161795"}],"wp:term":[{"taxonomy":"acabado","embeddable":true,"href":"https:\/\/revolutionpadelstore.com\/it\/wp-json\/wp\/v2\/acabado?post=161795"},{"taxonomy":"balance","embeddable":true,"href":"https:\/\/revolutionpadelstore.com\/it\/wp-json\/wp\/v2\/balance?post=161795"},{"taxonomy":"dureza","embeddable":true,"href":"https:\/\/revolutionpadelstore.com\/it\/wp-json\/wp\/v2\/dureza?post=161795"},{"taxonomy":"forma","embeddable":true,"href":"https:\/\/revolutionpadelstore.com\/it\/wp-json\/wp\/v2\/forma?post=161795"},{"taxonomy":"jugador","embeddable":true,"href":"https:\/\/revolutionpadelstore.com\/it\/wp-json\/wp\/v2\/jugador?post=161795"},{"taxonomy":"marca","embeddable":true,"href":"https:\/\/revolutionpadelstore.com\/it\/wp-json\/wp\/v2\/marca?post=161795"},{"taxonomy":"nivel-de-juego","embeddable":true,"href":"https:\/\/revolutionpadelstore.com\/it\/wp-json\/wp\/v2\/nivel-de-juego?post=161795"},{"taxonomy":"superficie","embeddable":true,"href":"https:\/\/revolutionpadelstore.com\/it\/wp-json\/wp\/v2\/superficie?post=161795"},{"taxonomy":"tipo-de-juego","embeddable":true,"href":"https:\/\/revolutionpadelstore.com\/it\/wp-json\/wp\/v2\/tipo-de-juego?post=161795"},{"taxonomy":"product_brand","embeddable":true,"href":"https:\/\/revolutionpadelstore.com\/it\/wp-json\/wp\/v2\/product_brand?post=161795"},{"taxonomy":"product_cat","embeddable":true,"href":"https:\/\/revolutionpadelstore.com\/it\/wp-json\/wp\/v2\/product_cat?post=161795"},{"taxonomy":"product_tag","embeddable":true,"href":"https:\/\/revolutionpadelstore.com\/it\/wp-json\/wp\/v2\/product_tag?post=161795"}],"curies":[{"name":"wp","href":"https:\/\/api.w.org\/{rel}","templated":true}]}}