{"id":161603,"date":"2025-01-28T23:16:36","date_gmt":"2025-01-28T22:16:36","guid":{"rendered":"https:\/\/revolutionpadelstore.com\/bullpadel-hack-junior-2025\/"},"modified":"2026-04-08T07:58:52","modified_gmt":"2026-04-08T05:58:52","slug":"bullpadel-hack-junior-2025-3","status":"publish","type":"product","link":"https:\/\/revolutionpadelstore.com\/it\/prodotto\/bullpadel-hack-junior-2025-3\/","title":{"rendered":"BULLPADEL HACK JUNIOR 2025"},"content":{"rendered":"<p>&lt;Il<br \/>\nScopri il <strong> bullpadel Hack Junior 2025 <\/strong>, la versione adattata per i giocatori pi\u00f9 giovani della pala ufficiale di <strong> Paquito Navarro <\/strong>. Progettato per massimizzare le prestazioni dei futuri talenti della pagaia, questa lama combina una tecnologia ad alta end con caratteristiche che facilitano l&#8217;apprendimento e la progressione nel gioco.<\/p>\n<p>Grazie al suo design innovativo e alla costruzione robusta, \u00e8 la scelta ideale per i giovani con livello avanzato che cercano di dominare la pista con potenza, controllo e precisione.<\/p>\n<h2> <strong> Funzionalit\u00e0 eccezionali del BullPadel Hack Junior 2025 <\/strong> <\/h2>\n<p><P> <strong> -sx Light: <\/strong> 335-345 grammi, perfetto per adattarsi ai giocatori junior<br \/>\n<P> <strong> -Diamond Forma: <\/strong> Ideale per generare colpi potenti e precisi<br \/>\n<P> <strong> -Bilance Medium: <\/strong> offre un eccellente equilibrio tra controllo e potenza<br \/>\n<P style=\"padding-left: 40px\"> <strong> -35 mmfil: <\/strong> fornisce una migliore aerodinamica per un gioco pi\u00f9 fluido.<br \/>\n<P> <strong> -Polyglass: <\/strong> superficie in fibra di vetro che garantisce flessibilit\u00e0 e resistenza<br \/>\n<P> <strong> -clidetic Number Evaluz: <\/strong> assorbe gli impatti, migliorando il comfort in ogni colpo<br \/>\n<P> <strong> -Marco Carbontube 100% Carbon: <\/strong> garantisce la durata e la rigidit\u00e0 strutturale<\/p>\n<h2> <strong> progettato per i giovani giocatori avanzati <\/strong> <\/h2>\n<p>Il Bullpadel Hack Junior 2025 \u00e8 rivolto ai giocatori che hanno gi\u00e0 esperienza nella pagaia e cercano una pala professionistica che li accompagna nella loro evoluzione. Grazie al suo medio equilibrio e alla costruzione di qualit\u00e0, \u00e8 perfetto sia per attaccare che difendere, offrendo prestazioni superiori in qualsiasi situazione di gioco.<\/p>\n<p>Se tuo figlio \u00e8 pronto a fare il salto al livello successivo, questa pala fornir\u00e0 la fiducia necessaria per padroneggiare il gioco come un vero campione.<\/p>\n<h2> <strong> Perch\u00e9 scegliere il bullpadel hack junior 2025?<br \/>\nQuesta pala non si distingue solo per la sua tecnologia avanzata e il design esclusivo, ma anche perch\u00e9 \u00e8 il miglior partner sviluppare capacit\u00e0 tecniche e tattiche. Con la qualit\u00e0 di <strong> bullpadel <\/strong>, leader nell&#8217;attrezzatura a paletta, assicurati alla pi\u00f9 giovane esperienza di gioco eccezionale.<\/p>\n<p><strong> Ora disponibile nel nostro negozio online <a href=\"http:\/\/www.revolutionpadelstore.com\/\"> www.revolutionpadelstore.com <\/a>, probabilmente al miglior prezzo di mercato<\/p>\n<h2><strong>Bullpadel Hack Junior 2025: La pala para j\u00f3venes campeones<\/strong><\/p>\n","protected":false},"excerpt":{"rendered":"<p>Il Bullpadel Hack Junior 2025, progettato per i giovani giocatori avanzati, combina controllo, potenza e tecnologia innovativa. \u00c8 una versione adattata della lama ufficiale di Paquito Navarro, pensata soprattutto per il pubblico dei giovani.<\/p>\n","protected":false},"featured_media":161580,"comment_status":"open","ping_status":"closed","template":"","meta":{"_acf_changed":false,"_joinchat":[]},"acabado":[1081],"balance":[1136],"dureza":[1156],"forma":[1171],"jugador":[1206],"marca":[1256],"nivel-de-juego":[1336],"superficie":[1356],"tipo-de-juego":[1376],"product_brand":[],"product_cat":[301],"product_tag":[],"class_list":{"0":"post-161603","1":"product","2":"type-product","3":"status-publish","4":"has-post-thumbnail","6":"acabado-luminosita","7":"balance-alto-it","8":"dureza-media-it","9":"forma-diamante-it","10":"jugador-junior-it","11":"marca-bullpadel-it","12":"superficie-lisa-it","13":"tipo-de-juego-potenza","14":"product_cat-palas-de-padel-it","16":"first","17":"instock","18":"sale","19":"taxable","20":"shipping-taxable","21":"purchasable","22":"product-type-simple"},"acf":[],"yoast_head":"<!-- This site is optimized with the Yoast SEO plugin v27.4 - https:\/\/yoast.com\/product\/yoast-seo-wordpress\/ -->\n<title>BULLPADEL HACK JUNIOR 2025 - Revolution Padel Store<\/title>\n<meta name=\"description\" content=\"Mejora el nivel de juego de los m\u00e1s j\u00f3venes con la Bullpadel Hack Junior 2025, la pala oficial adaptada de Paquito Navarro. Ideal para jugadores avanzados. C\u00f3mprala al mejor precio en Revolution Padel Store.\" \/>\n<meta name=\"robots\" content=\"index, follow, max-snippet:-1, max-image-preview:large, max-video-preview:-1\" \/>\n<link rel=\"canonical\" href=\"https:\/\/revolutionpadelstore.com\/it\/prodotto\/bullpadel-hack-junior-2025-3\/\" \/>\n<meta property=\"og:locale\" content=\"it_IT\" \/>\n<meta property=\"og:type\" content=\"article\" \/>\n<meta property=\"og:title\" content=\"BULLPADEL HACK JUNIOR 2025 - Revolution Padel Store\" \/>\n<meta property=\"og:description\" content=\"Mejora el nivel de juego de los m\u00e1s j\u00f3venes con la Bullpadel Hack Junior 2025, la pala oficial adaptada de Paquito Navarro. Ideal para jugadores avanzados. C\u00f3mprala al mejor precio en Revolution Padel Store.\" \/>\n<meta property=\"og:url\" content=\"https:\/\/revolutionpadelstore.com\/it\/prodotto\/bullpadel-hack-junior-2025-3\/\" \/>\n<meta property=\"og:site_name\" content=\"Revolution Padel Store\" \/>\n<meta property=\"article:modified_time\" content=\"2026-04-08T05:58:52+00:00\" \/>\n<meta property=\"og:image\" content=\"https:\/\/revolutionpadelstore.com\/wp-content\/uploads\/2025\/01\/113756-pala-bullpadel-hack-jr-25-448137-junior-1500x1500-1.webp\" \/>\n\t<meta property=\"og:image:width\" content=\"1500\" \/>\n\t<meta property=\"og:image:height\" content=\"1500\" \/>\n\t<meta property=\"og:image:type\" content=\"image\/webp\" \/>\n<meta name=\"twitter:card\" content=\"summary_large_image\" \/>\n<meta name=\"twitter:label1\" content=\"Tempo di lettura stimato\" \/>\n\t<meta name=\"twitter:data1\" content=\"2 minuti\" \/>\n<script type=\"application\/ld+json\" class=\"yoast-schema-graph\">{\"@context\":\"https:\\\/\\\/schema.org\",\"@graph\":[{\"@type\":\"WebPage\",\"@id\":\"https:\\\/\\\/revolutionpadelstore.com\\\/it\\\/prodotto\\\/bullpadel-hack-junior-2025-3\\\/\",\"url\":\"https:\\\/\\\/revolutionpadelstore.com\\\/it\\\/prodotto\\\/bullpadel-hack-junior-2025-3\\\/\",\"name\":\"BULLPADEL HACK JUNIOR 2025 - Revolution Padel Store\",\"isPartOf\":{\"@id\":\"https:\\\/\\\/revolutionpadelstore.com\\\/it\\\/#website\"},\"primaryImageOfPage\":{\"@id\":\"https:\\\/\\\/revolutionpadelstore.com\\\/it\\\/prodotto\\\/bullpadel-hack-junior-2025-3\\\/#primaryimage\"},\"image\":{\"@id\":\"https:\\\/\\\/revolutionpadelstore.com\\\/it\\\/prodotto\\\/bullpadel-hack-junior-2025-3\\\/#primaryimage\"},\"thumbnailUrl\":\"https:\\\/\\\/revolutionpadelstore.com\\\/wp-content\\\/uploads\\\/2025\\\/01\\\/113756-pala-bullpadel-hack-jr-25-448137-junior-1500x1500-1.webp\",\"datePublished\":\"2025-01-28T22:16:36+00:00\",\"dateModified\":\"2026-04-08T05:58:52+00:00\",\"description\":\"Mejora el nivel de juego de los m\u00e1s j\u00f3venes con la Bullpadel Hack Junior 2025, la pala oficial adaptada de Paquito Navarro. Ideal para jugadores avanzados. C\u00f3mprala al mejor precio en Revolution Padel Store.\",\"breadcrumb\":{\"@id\":\"https:\\\/\\\/revolutionpadelstore.com\\\/it\\\/prodotto\\\/bullpadel-hack-junior-2025-3\\\/#breadcrumb\"},\"inLanguage\":\"it-IT\",\"potentialAction\":[{\"@type\":\"ReadAction\",\"target\":[\"https:\\\/\\\/revolutionpadelstore.com\\\/it\\\/prodotto\\\/bullpadel-hack-junior-2025-3\\\/\"]}]},{\"@type\":\"ImageObject\",\"inLanguage\":\"it-IT\",\"@id\":\"https:\\\/\\\/revolutionpadelstore.com\\\/it\\\/prodotto\\\/bullpadel-hack-junior-2025-3\\\/#primaryimage\",\"url\":\"https:\\\/\\\/revolutionpadelstore.com\\\/wp-content\\\/uploads\\\/2025\\\/01\\\/113756-pala-bullpadel-hack-jr-25-448137-junior-1500x1500-1.webp\",\"contentUrl\":\"https:\\\/\\\/revolutionpadelstore.com\\\/wp-content\\\/uploads\\\/2025\\\/01\\\/113756-pala-bullpadel-hack-jr-25-448137-junior-1500x1500-1.webp\",\"width\":1500,\"height\":1500},{\"@type\":\"BreadcrumbList\",\"@id\":\"https:\\\/\\\/revolutionpadelstore.com\\\/it\\\/prodotto\\\/bullpadel-hack-junior-2025-3\\\/#breadcrumb\",\"itemListElement\":[{\"@type\":\"ListItem\",\"position\":1,\"name\":\"Portada\",\"item\":\"https:\\\/\\\/revolutionpadelstore.com\\\/it\\\/\"},{\"@type\":\"ListItem\",\"position\":2,\"name\":\"Tienda\",\"item\":\"https:\\\/\\\/revolutionpadelstore.com\\\/it\\\/tienda\\\/\"},{\"@type\":\"ListItem\",\"position\":3,\"name\":\"BULLPADEL HACK JUNIOR 2025\"}]},{\"@type\":\"WebSite\",\"@id\":\"https:\\\/\\\/revolutionpadelstore.com\\\/it\\\/#website\",\"url\":\"https:\\\/\\\/revolutionpadelstore.com\\\/it\\\/\",\"name\":\"Revolution Padel Store\",\"description\":\"\",\"publisher\":{\"@id\":\"https:\\\/\\\/revolutionpadelstore.com\\\/it\\\/#organization\"},\"potentialAction\":[{\"@type\":\"SearchAction\",\"target\":{\"@type\":\"EntryPoint\",\"urlTemplate\":\"https:\\\/\\\/revolutionpadelstore.com\\\/it\\\/?s={search_term_string}\"},\"query-input\":{\"@type\":\"PropertyValueSpecification\",\"valueRequired\":true,\"valueName\":\"search_term_string\"}}],\"inLanguage\":\"it-IT\"},{\"@type\":\"Organization\",\"@id\":\"https:\\\/\\\/revolutionpadelstore.com\\\/it\\\/#organization\",\"name\":\"Revolution Padel Store\",\"url\":\"https:\\\/\\\/revolutionpadelstore.com\\\/it\\\/\",\"logo\":{\"@type\":\"ImageObject\",\"inLanguage\":\"it-IT\",\"@id\":\"https:\\\/\\\/revolutionpadelstore.com\\\/it\\\/#\\\/schema\\\/logo\\\/image\\\/\",\"url\":\"https:\\\/\\\/revolutionpadelstore.com\\\/wp-content\\\/uploads\\\/2026\\\/02\\\/revolution-padel-store.jpg\",\"contentUrl\":\"https:\\\/\\\/revolutionpadelstore.com\\\/wp-content\\\/uploads\\\/2026\\\/02\\\/revolution-padel-store.jpg\",\"width\":2000,\"height\":2000,\"caption\":\"Revolution Padel Store\"},\"image\":{\"@id\":\"https:\\\/\\\/revolutionpadelstore.com\\\/it\\\/#\\\/schema\\\/logo\\\/image\\\/\"},\"sameAs\":[\"https:\\\/\\\/www.instagram.com\\\/revolutionpadelstore\\\/\"]}]}<\/script>\n<!-- \/ Yoast SEO plugin. -->","yoast_head_json":{"title":"BULLPADEL HACK JUNIOR 2025 - Revolution Padel Store","description":"Mejora el nivel de juego de los m\u00e1s j\u00f3venes con la Bullpadel Hack Junior 2025, la pala oficial adaptada de Paquito Navarro. Ideal para jugadores avanzados. C\u00f3mprala al mejor precio en Revolution Padel Store.","robots":{"index":"index","follow":"follow","max-snippet":"max-snippet:-1","max-image-preview":"max-image-preview:large","max-video-preview":"max-video-preview:-1"},"canonical":"https:\/\/revolutionpadelstore.com\/it\/prodotto\/bullpadel-hack-junior-2025-3\/","og_locale":"it_IT","og_type":"article","og_title":"BULLPADEL HACK JUNIOR 2025 - Revolution Padel Store","og_description":"Mejora el nivel de juego de los m\u00e1s j\u00f3venes con la Bullpadel Hack Junior 2025, la pala oficial adaptada de Paquito Navarro. Ideal para jugadores avanzados. C\u00f3mprala al mejor precio en Revolution Padel Store.","og_url":"https:\/\/revolutionpadelstore.com\/it\/prodotto\/bullpadel-hack-junior-2025-3\/","og_site_name":"Revolution Padel Store","article_modified_time":"2026-04-08T05:58:52+00:00","og_image":[{"width":1500,"height":1500,"url":"https:\/\/revolutionpadelstore.com\/wp-content\/uploads\/2025\/01\/113756-pala-bullpadel-hack-jr-25-448137-junior-1500x1500-1.webp","type":"image\/webp"}],"twitter_card":"summary_large_image","twitter_misc":{"Tempo di lettura stimato":"2 minuti"},"schema":{"@context":"https:\/\/schema.org","@graph":[{"@type":"WebPage","@id":"https:\/\/revolutionpadelstore.com\/it\/prodotto\/bullpadel-hack-junior-2025-3\/","url":"https:\/\/revolutionpadelstore.com\/it\/prodotto\/bullpadel-hack-junior-2025-3\/","name":"BULLPADEL HACK JUNIOR 2025 - Revolution Padel Store","isPartOf":{"@id":"https:\/\/revolutionpadelstore.com\/it\/#website"},"primaryImageOfPage":{"@id":"https:\/\/revolutionpadelstore.com\/it\/prodotto\/bullpadel-hack-junior-2025-3\/#primaryimage"},"image":{"@id":"https:\/\/revolutionpadelstore.com\/it\/prodotto\/bullpadel-hack-junior-2025-3\/#primaryimage"},"thumbnailUrl":"https:\/\/revolutionpadelstore.com\/wp-content\/uploads\/2025\/01\/113756-pala-bullpadel-hack-jr-25-448137-junior-1500x1500-1.webp","datePublished":"2025-01-28T22:16:36+00:00","dateModified":"2026-04-08T05:58:52+00:00","description":"Mejora el nivel de juego de los m\u00e1s j\u00f3venes con la Bullpadel Hack Junior 2025, la pala oficial adaptada de Paquito Navarro. Ideal para jugadores avanzados. C\u00f3mprala al mejor precio en Revolution Padel Store.","breadcrumb":{"@id":"https:\/\/revolutionpadelstore.com\/it\/prodotto\/bullpadel-hack-junior-2025-3\/#breadcrumb"},"inLanguage":"it-IT","potentialAction":[{"@type":"ReadAction","target":["https:\/\/revolutionpadelstore.com\/it\/prodotto\/bullpadel-hack-junior-2025-3\/"]}]},{"@type":"ImageObject","inLanguage":"it-IT","@id":"https:\/\/revolutionpadelstore.com\/it\/prodotto\/bullpadel-hack-junior-2025-3\/#primaryimage","url":"https:\/\/revolutionpadelstore.com\/wp-content\/uploads\/2025\/01\/113756-pala-bullpadel-hack-jr-25-448137-junior-1500x1500-1.webp","contentUrl":"https:\/\/revolutionpadelstore.com\/wp-content\/uploads\/2025\/01\/113756-pala-bullpadel-hack-jr-25-448137-junior-1500x1500-1.webp","width":1500,"height":1500},{"@type":"BreadcrumbList","@id":"https:\/\/revolutionpadelstore.com\/it\/prodotto\/bullpadel-hack-junior-2025-3\/#breadcrumb","itemListElement":[{"@type":"ListItem","position":1,"name":"Portada","item":"https:\/\/revolutionpadelstore.com\/it\/"},{"@type":"ListItem","position":2,"name":"Tienda","item":"https:\/\/revolutionpadelstore.com\/it\/tienda\/"},{"@type":"ListItem","position":3,"name":"BULLPADEL HACK JUNIOR 2025"}]},{"@type":"WebSite","@id":"https:\/\/revolutionpadelstore.com\/it\/#website","url":"https:\/\/revolutionpadelstore.com\/it\/","name":"Revolution Padel Store","description":"","publisher":{"@id":"https:\/\/revolutionpadelstore.com\/it\/#organization"},"potentialAction":[{"@type":"SearchAction","target":{"@type":"EntryPoint","urlTemplate":"https:\/\/revolutionpadelstore.com\/it\/?s={search_term_string}"},"query-input":{"@type":"PropertyValueSpecification","valueRequired":true,"valueName":"search_term_string"}}],"inLanguage":"it-IT"},{"@type":"Organization","@id":"https:\/\/revolutionpadelstore.com\/it\/#organization","name":"Revolution Padel Store","url":"https:\/\/revolutionpadelstore.com\/it\/","logo":{"@type":"ImageObject","inLanguage":"it-IT","@id":"https:\/\/revolutionpadelstore.com\/it\/#\/schema\/logo\/image\/","url":"https:\/\/revolutionpadelstore.com\/wp-content\/uploads\/2026\/02\/revolution-padel-store.jpg","contentUrl":"https:\/\/revolutionpadelstore.com\/wp-content\/uploads\/2026\/02\/revolution-padel-store.jpg","width":2000,"height":2000,"caption":"Revolution Padel Store"},"image":{"@id":"https:\/\/revolutionpadelstore.com\/it\/#\/schema\/logo\/image\/"},"sameAs":["https:\/\/www.instagram.com\/revolutionpadelstore\/"]}]}},"_links":{"self":[{"href":"https:\/\/revolutionpadelstore.com\/it\/wp-json\/wp\/v2\/product\/161603","targetHints":{"allow":["GET"]}}],"collection":[{"href":"https:\/\/revolutionpadelstore.com\/it\/wp-json\/wp\/v2\/product"}],"about":[{"href":"https:\/\/revolutionpadelstore.com\/it\/wp-json\/wp\/v2\/types\/product"}],"replies":[{"embeddable":true,"href":"https:\/\/revolutionpadelstore.com\/it\/wp-json\/wp\/v2\/comments?post=161603"}],"wp:featuredmedia":[{"embeddable":true,"href":"https:\/\/revolutionpadelstore.com\/it\/wp-json\/wp\/v2\/media\/161580"}],"wp:attachment":[{"href":"https:\/\/revolutionpadelstore.com\/it\/wp-json\/wp\/v2\/media?parent=161603"}],"wp:term":[{"taxonomy":"acabado","embeddable":true,"href":"https:\/\/revolutionpadelstore.com\/it\/wp-json\/wp\/v2\/acabado?post=161603"},{"taxonomy":"balance","embeddable":true,"href":"https:\/\/revolutionpadelstore.com\/it\/wp-json\/wp\/v2\/balance?post=161603"},{"taxonomy":"dureza","embeddable":true,"href":"https:\/\/revolutionpadelstore.com\/it\/wp-json\/wp\/v2\/dureza?post=161603"},{"taxonomy":"forma","embeddable":true,"href":"https:\/\/revolutionpadelstore.com\/it\/wp-json\/wp\/v2\/forma?post=161603"},{"taxonomy":"jugador","embeddable":true,"href":"https:\/\/revolutionpadelstore.com\/it\/wp-json\/wp\/v2\/jugador?post=161603"},{"taxonomy":"marca","embeddable":true,"href":"https:\/\/revolutionpadelstore.com\/it\/wp-json\/wp\/v2\/marca?post=161603"},{"taxonomy":"nivel-de-juego","embeddable":true,"href":"https:\/\/revolutionpadelstore.com\/it\/wp-json\/wp\/v2\/nivel-de-juego?post=161603"},{"taxonomy":"superficie","embeddable":true,"href":"https:\/\/revolutionpadelstore.com\/it\/wp-json\/wp\/v2\/superficie?post=161603"},{"taxonomy":"tipo-de-juego","embeddable":true,"href":"https:\/\/revolutionpadelstore.com\/it\/wp-json\/wp\/v2\/tipo-de-juego?post=161603"},{"taxonomy":"product_brand","embeddable":true,"href":"https:\/\/revolutionpadelstore.com\/it\/wp-json\/wp\/v2\/product_brand?post=161603"},{"taxonomy":"product_cat","embeddable":true,"href":"https:\/\/revolutionpadelstore.com\/it\/wp-json\/wp\/v2\/product_cat?post=161603"},{"taxonomy":"product_tag","embeddable":true,"href":"https:\/\/revolutionpadelstore.com\/it\/wp-json\/wp\/v2\/product_tag?post=161603"}],"curies":[{"name":"wp","href":"https:\/\/api.w.org\/{rel}","templated":true}]}}