{"id":161356,"date":"2025-01-25T19:47:20","date_gmt":"2025-01-25T18:47:20","guid":{"rendered":"https:\/\/revolutionpadelstore.com\/camiseta-sponsors-at10-grey\/"},"modified":"2026-04-08T08:02:34","modified_gmt":"2026-04-08T06:02:34","slug":"camiseta-sponsors-at10-grey-4","status":"publish","type":"product","link":"https:\/\/revolutionpadelstore.com\/it\/prodotto\/camiseta-sponsors-at10-grey-4\/","title":{"rendered":"CAMISETA SPONSORS AT10 GREY"},"content":{"rendered":"<h2> at10 grigio t -irt di Agust\u00edn Tapia <\/h2>\n<p>Sentiti come l&#8217;autentico <em> mozart de catamarca <\/em> con gli sponsor <strong> t -irt at10 grigio <\/strong>, la replica ufficiale che Agust\u00ednpia porta in competizione durante la stagione. Questo capo combina stile, comfort e tecnologia ad alte prestazioni per offrirti il \u200b\u200blivello pi\u00f9 alto in pista.<\/p>\n<h2> caratteristiche eccezionali <\/h2>\n<p>; &gt;, dando un tocco esclusivo e autentico<br \/>\n<P> <strong>-Classic e versatile: <\/strong> Regolazione comoda che si adatta a qualsiasi tipo di corpo, fornendo una totale libert\u00e0 di movimento.<\/p>\n<p style=\"padding-left: 40px\"> <strong> -elegant black: <\/strong> Il suo design sofisticato lo rende un indumento ideale sia per il gioco che per guardare fuori dalla pista.<br \/>\n<P> <strong> -tecnology Controllo del sudore: <\/strong> Il tessuto ultra assorbente di NOX mantiene la pelle secca e confortevole a volte di massima intensit\u00e0.<br \/>\n<P> <strong> -bilanciamento fresco per un maggiore comfort: <\/strong> garantisce la leggerezza e la freschezza in ogni momento, anche nelle partite pi\u00f9 esigenti.<\/p>\n<p> <strong> -preium Composition: <\/strong> prodotto con poliestere al 90% e elastano al 10%, offre elasticit\u00e0 e resistenza ottimale per un uso prolungato.<\/p>\n<p> <strong> -red rotonde e manica corta: <\/strong> garantisce comfort e praticit\u00e0, adattandosi perfettamente ad ogni movimento.<\/p>\n<h2> Vantaggi degli sponsor at10 Black T -Shirt<br \/>\n<P>-prestazioni pi\u00f9 elevate grazie al tuo tessuto di asciugatura rapida<\/p>\n<p style=\"padding-left: 40px\">-Regolazione ergonomica che consente la piena libert\u00e0 di movimenti.<br \/>\n<P>-Durabilit\u00e0 superiore, ideale per addestramento e competizioni intense<br \/>\n<P>-Design esclusivo che riflette lo stile professionale di Agust\u00edn Tapia<\/p>\n<h2> Ottieni il tuo ora!<br \/>\nNon rimanere senza sponsor <strong> t -irt at10 black <\/strong>, disponibile nel nostro negozio online <a href=\"https:\/\/chatgpt.com\/g\/g-675432e0268888191b6ee6d6f2fdbb15e-optimization-textos\/c\/www.revolutionpadelstore.com\"> www.revolutionpadelstore.com <\/a>, probabilmente al prezzo di mercato migliore. Senti la differenza in ogni gioco<\/p>\n<h2>Camiseta Sponsors AT10 Grey de Agust\u00edn Tapia<\/h2>\n","protected":false},"excerpt":{"rendered":"<p>Gli sponsor di NOX AT10 Shirt offre una combinazione perfetta di design e prestazioni, incorporando il controllo del sudore e bilancia la tecnologia fresca per garantire una sensazione di comfort e freschezza, ideale per i giocatori di qualsiasi livello.<\/p>\n","protected":false},"featured_media":161333,"comment_status":"open","ping_status":"closed","template":"","meta":{"_acf_changed":false,"_joinchat":[]},"acabado":[],"balance":[],"dureza":[],"forma":[],"jugador":[1191],"marca":[1261],"nivel-de-juego":[],"superficie":[],"tipo-de-juego":[],"product_brand":[],"product_cat":[338,337],"product_tag":[],"class_list":{"0":"post-161356","1":"product","2":"type-product","3":"status-publish","4":"has-post-thumbnail","6":"jugador-uomo","7":"marca-nox-it","8":"product_cat-abbigliamento-dei-giocatori-premier","9":"product_cat-ropa-it","11":"first","12":"outofstock","13":"sale","14":"taxable","15":"shipping-taxable","16":"purchasable","17":"product-type-variable"},"acf":[],"yoast_head":"<!-- This site is optimized with the Yoast SEO plugin v27.4 - https:\/\/yoast.com\/product\/yoast-seo-wordpress\/ -->\n<title>CAMISETA SPONSORS AT10 GREY - Revolution Padel Store<\/title>\n<meta name=\"description\" content=\"Consigue la Camiseta Sponsors AT10 Black de Agust\u00edn Tapia, la r\u00e9plica oficial con tecnolog\u00eda Sweat Control y dise\u00f1o exclusivo. \u00a1Compra en nuestra tienda online al mejor precio!\" \/>\n<meta name=\"robots\" content=\"index, follow, max-snippet:-1, max-image-preview:large, max-video-preview:-1\" \/>\n<link rel=\"canonical\" href=\"https:\/\/revolutionpadelstore.com\/it\/prodotto\/camiseta-sponsors-at10-grey-4\/\" \/>\n<meta property=\"og:locale\" content=\"it_IT\" \/>\n<meta property=\"og:type\" content=\"article\" \/>\n<meta property=\"og:title\" content=\"CAMISETA SPONSORS AT10 GREY - Revolution Padel Store\" \/>\n<meta property=\"og:description\" content=\"Consigue la Camiseta Sponsors AT10 Black de Agust\u00edn Tapia, la r\u00e9plica oficial con tecnolog\u00eda Sweat Control y dise\u00f1o exclusivo. \u00a1Compra en nuestra tienda online al mejor precio!\" \/>\n<meta property=\"og:url\" content=\"https:\/\/revolutionpadelstore.com\/it\/prodotto\/camiseta-sponsors-at10-grey-4\/\" \/>\n<meta property=\"og:site_name\" content=\"Revolution Padel Store\" \/>\n<meta property=\"article:modified_time\" content=\"2026-04-08T06:02:34+00:00\" \/>\n<meta property=\"og:image\" content=\"https:\/\/revolutionpadelstore.com\/wp-content\/uploads\/2025\/01\/camiseta-sponsors-at10-grey-t24caspatgrxs-8436603199506-884508.webp\" \/>\n\t<meta property=\"og:image:width\" content=\"1080\" \/>\n\t<meta property=\"og:image:height\" content=\"1080\" \/>\n\t<meta property=\"og:image:type\" content=\"image\/webp\" \/>\n<meta name=\"twitter:card\" content=\"summary_large_image\" \/>\n<meta name=\"twitter:label1\" content=\"Tempo di lettura stimato\" \/>\n\t<meta name=\"twitter:data1\" content=\"2 minuti\" \/>\n<script type=\"application\/ld+json\" class=\"yoast-schema-graph\">{\"@context\":\"https:\\\/\\\/schema.org\",\"@graph\":[{\"@type\":\"WebPage\",\"@id\":\"https:\\\/\\\/revolutionpadelstore.com\\\/it\\\/prodotto\\\/camiseta-sponsors-at10-grey-4\\\/\",\"url\":\"https:\\\/\\\/revolutionpadelstore.com\\\/it\\\/prodotto\\\/camiseta-sponsors-at10-grey-4\\\/\",\"name\":\"CAMISETA SPONSORS AT10 GREY - Revolution Padel Store\",\"isPartOf\":{\"@id\":\"https:\\\/\\\/revolutionpadelstore.com\\\/it\\\/#website\"},\"primaryImageOfPage\":{\"@id\":\"https:\\\/\\\/revolutionpadelstore.com\\\/it\\\/prodotto\\\/camiseta-sponsors-at10-grey-4\\\/#primaryimage\"},\"image\":{\"@id\":\"https:\\\/\\\/revolutionpadelstore.com\\\/it\\\/prodotto\\\/camiseta-sponsors-at10-grey-4\\\/#primaryimage\"},\"thumbnailUrl\":\"https:\\\/\\\/revolutionpadelstore.com\\\/wp-content\\\/uploads\\\/2025\\\/01\\\/camiseta-sponsors-at10-grey-t24caspatgrxs-8436603199506-884508.webp\",\"datePublished\":\"2025-01-25T18:47:20+00:00\",\"dateModified\":\"2026-04-08T06:02:34+00:00\",\"description\":\"Consigue la Camiseta Sponsors AT10 Black de Agust\u00edn Tapia, la r\u00e9plica oficial con tecnolog\u00eda Sweat Control y dise\u00f1o exclusivo. \u00a1Compra en nuestra tienda online al mejor precio!\",\"breadcrumb\":{\"@id\":\"https:\\\/\\\/revolutionpadelstore.com\\\/it\\\/prodotto\\\/camiseta-sponsors-at10-grey-4\\\/#breadcrumb\"},\"inLanguage\":\"it-IT\",\"potentialAction\":[{\"@type\":\"ReadAction\",\"target\":[\"https:\\\/\\\/revolutionpadelstore.com\\\/it\\\/prodotto\\\/camiseta-sponsors-at10-grey-4\\\/\"]}]},{\"@type\":\"ImageObject\",\"inLanguage\":\"it-IT\",\"@id\":\"https:\\\/\\\/revolutionpadelstore.com\\\/it\\\/prodotto\\\/camiseta-sponsors-at10-grey-4\\\/#primaryimage\",\"url\":\"https:\\\/\\\/revolutionpadelstore.com\\\/wp-content\\\/uploads\\\/2025\\\/01\\\/camiseta-sponsors-at10-grey-t24caspatgrxs-8436603199506-884508.webp\",\"contentUrl\":\"https:\\\/\\\/revolutionpadelstore.com\\\/wp-content\\\/uploads\\\/2025\\\/01\\\/camiseta-sponsors-at10-grey-t24caspatgrxs-8436603199506-884508.webp\",\"width\":1080,\"height\":1080},{\"@type\":\"BreadcrumbList\",\"@id\":\"https:\\\/\\\/revolutionpadelstore.com\\\/it\\\/prodotto\\\/camiseta-sponsors-at10-grey-4\\\/#breadcrumb\",\"itemListElement\":[{\"@type\":\"ListItem\",\"position\":1,\"name\":\"Portada\",\"item\":\"https:\\\/\\\/revolutionpadelstore.com\\\/it\\\/\"},{\"@type\":\"ListItem\",\"position\":2,\"name\":\"Tienda\",\"item\":\"https:\\\/\\\/revolutionpadelstore.com\\\/it\\\/tienda\\\/\"},{\"@type\":\"ListItem\",\"position\":3,\"name\":\"CAMISETA SPONSORS AT10 GREY\"}]},{\"@type\":\"WebSite\",\"@id\":\"https:\\\/\\\/revolutionpadelstore.com\\\/it\\\/#website\",\"url\":\"https:\\\/\\\/revolutionpadelstore.com\\\/it\\\/\",\"name\":\"Revolution Padel Store\",\"description\":\"\",\"publisher\":{\"@id\":\"https:\\\/\\\/revolutionpadelstore.com\\\/it\\\/#organization\"},\"potentialAction\":[{\"@type\":\"SearchAction\",\"target\":{\"@type\":\"EntryPoint\",\"urlTemplate\":\"https:\\\/\\\/revolutionpadelstore.com\\\/it\\\/?s={search_term_string}\"},\"query-input\":{\"@type\":\"PropertyValueSpecification\",\"valueRequired\":true,\"valueName\":\"search_term_string\"}}],\"inLanguage\":\"it-IT\"},{\"@type\":\"Organization\",\"@id\":\"https:\\\/\\\/revolutionpadelstore.com\\\/it\\\/#organization\",\"name\":\"Revolution Padel Store\",\"url\":\"https:\\\/\\\/revolutionpadelstore.com\\\/it\\\/\",\"logo\":{\"@type\":\"ImageObject\",\"inLanguage\":\"it-IT\",\"@id\":\"https:\\\/\\\/revolutionpadelstore.com\\\/it\\\/#\\\/schema\\\/logo\\\/image\\\/\",\"url\":\"https:\\\/\\\/revolutionpadelstore.com\\\/wp-content\\\/uploads\\\/2026\\\/02\\\/revolution-padel-store.jpg\",\"contentUrl\":\"https:\\\/\\\/revolutionpadelstore.com\\\/wp-content\\\/uploads\\\/2026\\\/02\\\/revolution-padel-store.jpg\",\"width\":2000,\"height\":2000,\"caption\":\"Revolution Padel Store\"},\"image\":{\"@id\":\"https:\\\/\\\/revolutionpadelstore.com\\\/it\\\/#\\\/schema\\\/logo\\\/image\\\/\"},\"sameAs\":[\"https:\\\/\\\/www.instagram.com\\\/revolutionpadelstore\\\/\"]}]}<\/script>\n<!-- \/ Yoast SEO plugin. -->","yoast_head_json":{"title":"CAMISETA SPONSORS AT10 GREY - Revolution Padel Store","description":"Consigue la Camiseta Sponsors AT10 Black de Agust\u00edn Tapia, la r\u00e9plica oficial con tecnolog\u00eda Sweat Control y dise\u00f1o exclusivo. \u00a1Compra en nuestra tienda online al mejor precio!","robots":{"index":"index","follow":"follow","max-snippet":"max-snippet:-1","max-image-preview":"max-image-preview:large","max-video-preview":"max-video-preview:-1"},"canonical":"https:\/\/revolutionpadelstore.com\/it\/prodotto\/camiseta-sponsors-at10-grey-4\/","og_locale":"it_IT","og_type":"article","og_title":"CAMISETA SPONSORS AT10 GREY - Revolution Padel Store","og_description":"Consigue la Camiseta Sponsors AT10 Black de Agust\u00edn Tapia, la r\u00e9plica oficial con tecnolog\u00eda Sweat Control y dise\u00f1o exclusivo. \u00a1Compra en nuestra tienda online al mejor precio!","og_url":"https:\/\/revolutionpadelstore.com\/it\/prodotto\/camiseta-sponsors-at10-grey-4\/","og_site_name":"Revolution Padel Store","article_modified_time":"2026-04-08T06:02:34+00:00","og_image":[{"width":1080,"height":1080,"url":"https:\/\/revolutionpadelstore.com\/wp-content\/uploads\/2025\/01\/camiseta-sponsors-at10-grey-t24caspatgrxs-8436603199506-884508.webp","type":"image\/webp"}],"twitter_card":"summary_large_image","twitter_misc":{"Tempo di lettura stimato":"2 minuti"},"schema":{"@context":"https:\/\/schema.org","@graph":[{"@type":"WebPage","@id":"https:\/\/revolutionpadelstore.com\/it\/prodotto\/camiseta-sponsors-at10-grey-4\/","url":"https:\/\/revolutionpadelstore.com\/it\/prodotto\/camiseta-sponsors-at10-grey-4\/","name":"CAMISETA SPONSORS AT10 GREY - Revolution Padel Store","isPartOf":{"@id":"https:\/\/revolutionpadelstore.com\/it\/#website"},"primaryImageOfPage":{"@id":"https:\/\/revolutionpadelstore.com\/it\/prodotto\/camiseta-sponsors-at10-grey-4\/#primaryimage"},"image":{"@id":"https:\/\/revolutionpadelstore.com\/it\/prodotto\/camiseta-sponsors-at10-grey-4\/#primaryimage"},"thumbnailUrl":"https:\/\/revolutionpadelstore.com\/wp-content\/uploads\/2025\/01\/camiseta-sponsors-at10-grey-t24caspatgrxs-8436603199506-884508.webp","datePublished":"2025-01-25T18:47:20+00:00","dateModified":"2026-04-08T06:02:34+00:00","description":"Consigue la Camiseta Sponsors AT10 Black de Agust\u00edn Tapia, la r\u00e9plica oficial con tecnolog\u00eda Sweat Control y dise\u00f1o exclusivo. \u00a1Compra en nuestra tienda online al mejor precio!","breadcrumb":{"@id":"https:\/\/revolutionpadelstore.com\/it\/prodotto\/camiseta-sponsors-at10-grey-4\/#breadcrumb"},"inLanguage":"it-IT","potentialAction":[{"@type":"ReadAction","target":["https:\/\/revolutionpadelstore.com\/it\/prodotto\/camiseta-sponsors-at10-grey-4\/"]}]},{"@type":"ImageObject","inLanguage":"it-IT","@id":"https:\/\/revolutionpadelstore.com\/it\/prodotto\/camiseta-sponsors-at10-grey-4\/#primaryimage","url":"https:\/\/revolutionpadelstore.com\/wp-content\/uploads\/2025\/01\/camiseta-sponsors-at10-grey-t24caspatgrxs-8436603199506-884508.webp","contentUrl":"https:\/\/revolutionpadelstore.com\/wp-content\/uploads\/2025\/01\/camiseta-sponsors-at10-grey-t24caspatgrxs-8436603199506-884508.webp","width":1080,"height":1080},{"@type":"BreadcrumbList","@id":"https:\/\/revolutionpadelstore.com\/it\/prodotto\/camiseta-sponsors-at10-grey-4\/#breadcrumb","itemListElement":[{"@type":"ListItem","position":1,"name":"Portada","item":"https:\/\/revolutionpadelstore.com\/it\/"},{"@type":"ListItem","position":2,"name":"Tienda","item":"https:\/\/revolutionpadelstore.com\/it\/tienda\/"},{"@type":"ListItem","position":3,"name":"CAMISETA SPONSORS AT10 GREY"}]},{"@type":"WebSite","@id":"https:\/\/revolutionpadelstore.com\/it\/#website","url":"https:\/\/revolutionpadelstore.com\/it\/","name":"Revolution Padel Store","description":"","publisher":{"@id":"https:\/\/revolutionpadelstore.com\/it\/#organization"},"potentialAction":[{"@type":"SearchAction","target":{"@type":"EntryPoint","urlTemplate":"https:\/\/revolutionpadelstore.com\/it\/?s={search_term_string}"},"query-input":{"@type":"PropertyValueSpecification","valueRequired":true,"valueName":"search_term_string"}}],"inLanguage":"it-IT"},{"@type":"Organization","@id":"https:\/\/revolutionpadelstore.com\/it\/#organization","name":"Revolution Padel Store","url":"https:\/\/revolutionpadelstore.com\/it\/","logo":{"@type":"ImageObject","inLanguage":"it-IT","@id":"https:\/\/revolutionpadelstore.com\/it\/#\/schema\/logo\/image\/","url":"https:\/\/revolutionpadelstore.com\/wp-content\/uploads\/2026\/02\/revolution-padel-store.jpg","contentUrl":"https:\/\/revolutionpadelstore.com\/wp-content\/uploads\/2026\/02\/revolution-padel-store.jpg","width":2000,"height":2000,"caption":"Revolution Padel Store"},"image":{"@id":"https:\/\/revolutionpadelstore.com\/it\/#\/schema\/logo\/image\/"},"sameAs":["https:\/\/www.instagram.com\/revolutionpadelstore\/"]}]}},"_links":{"self":[{"href":"https:\/\/revolutionpadelstore.com\/it\/wp-json\/wp\/v2\/product\/161356","targetHints":{"allow":["GET"]}}],"collection":[{"href":"https:\/\/revolutionpadelstore.com\/it\/wp-json\/wp\/v2\/product"}],"about":[{"href":"https:\/\/revolutionpadelstore.com\/it\/wp-json\/wp\/v2\/types\/product"}],"replies":[{"embeddable":true,"href":"https:\/\/revolutionpadelstore.com\/it\/wp-json\/wp\/v2\/comments?post=161356"}],"wp:featuredmedia":[{"embeddable":true,"href":"https:\/\/revolutionpadelstore.com\/it\/wp-json\/wp\/v2\/media\/161333"}],"wp:attachment":[{"href":"https:\/\/revolutionpadelstore.com\/it\/wp-json\/wp\/v2\/media?parent=161356"}],"wp:term":[{"taxonomy":"acabado","embeddable":true,"href":"https:\/\/revolutionpadelstore.com\/it\/wp-json\/wp\/v2\/acabado?post=161356"},{"taxonomy":"balance","embeddable":true,"href":"https:\/\/revolutionpadelstore.com\/it\/wp-json\/wp\/v2\/balance?post=161356"},{"taxonomy":"dureza","embeddable":true,"href":"https:\/\/revolutionpadelstore.com\/it\/wp-json\/wp\/v2\/dureza?post=161356"},{"taxonomy":"forma","embeddable":true,"href":"https:\/\/revolutionpadelstore.com\/it\/wp-json\/wp\/v2\/forma?post=161356"},{"taxonomy":"jugador","embeddable":true,"href":"https:\/\/revolutionpadelstore.com\/it\/wp-json\/wp\/v2\/jugador?post=161356"},{"taxonomy":"marca","embeddable":true,"href":"https:\/\/revolutionpadelstore.com\/it\/wp-json\/wp\/v2\/marca?post=161356"},{"taxonomy":"nivel-de-juego","embeddable":true,"href":"https:\/\/revolutionpadelstore.com\/it\/wp-json\/wp\/v2\/nivel-de-juego?post=161356"},{"taxonomy":"superficie","embeddable":true,"href":"https:\/\/revolutionpadelstore.com\/it\/wp-json\/wp\/v2\/superficie?post=161356"},{"taxonomy":"tipo-de-juego","embeddable":true,"href":"https:\/\/revolutionpadelstore.com\/it\/wp-json\/wp\/v2\/tipo-de-juego?post=161356"},{"taxonomy":"product_brand","embeddable":true,"href":"https:\/\/revolutionpadelstore.com\/it\/wp-json\/wp\/v2\/product_brand?post=161356"},{"taxonomy":"product_cat","embeddable":true,"href":"https:\/\/revolutionpadelstore.com\/it\/wp-json\/wp\/v2\/product_cat?post=161356"},{"taxonomy":"product_tag","embeddable":true,"href":"https:\/\/revolutionpadelstore.com\/it\/wp-json\/wp\/v2\/product_tag?post=161356"}],"curies":[{"name":"wp","href":"https:\/\/api.w.org\/{rel}","templated":true}]}}