{"id":160088,"date":"2025-01-18T10:48:24","date_gmt":"2025-01-18T09:48:24","guid":{"rendered":"https:\/\/revolutionpadelstore.com\/paletero-adidas-tour-3-4-azul\/"},"modified":"2026-04-08T08:26:04","modified_gmt":"2026-04-08T06:26:04","slug":"paletero-adidas-tour-3-4-azul-4","status":"publish","type":"product","link":"https:\/\/revolutionpadelstore.com\/it\/prodotto\/paletero-adidas-tour-3-4-azul-4\/","title":{"rendered":"PALETERO ADIDAS TOUR 3.4 AZUL"},"content":{"rendered":"<h2> Paletero Adidas Tour 3.4 Blue &#8211; Design, Space and Comfort in ogni gioco <\/h2>\n<p>Il <strong> Paletero Adidas Tour 3.4 Blue <\/strong> combina stile, funzionalit\u00e0 e sostenibilit\u00e0 per gli amanti della paletta. Progettato per i giocatori che cercano una soluzione pratica per trasportare le loro attrezzature, questo modello si distingue per la loro capacit\u00e0 e materiali di alta qualit\u00e0.<\/p>\n<h2> Specifiche tecniche: <\/h2>\n<p> <strong> -ustanible Materiali: <\/strong> fabbricato con nylon, poliuretano riciclato, poliestere riciclato e polisolfone, combina durabilit\u00e0 e impegno per l&#8217;ambiente.<br \/>\n<P> <strong> -dimensions: <\/strong> 39x55x27.5 cm<br \/>\n<P> <strong> -Capacity: <\/strong> 54 litri, ideale per portare tutto ci\u00f2 di cui hai bisogno per la tua formazione o competizioni<\/p>\n<h2> Vantaggi chiave: <\/h2>\n<p><P> <strong> -e trasporto comodo e sicuro: <\/strong> <\/p>\n<p><P>-cinghie regolabili e mesh imbottiti che si adattano a qualsiasi utente, offrendo il massimo comfort<br \/>\n<P>-Design ergonomico che garantisce un trasporto senza sforzo<\/p>\n<p> <strong> -FFE Efficiente: <\/strong> <\/p>\n<\/p>\n<p><P> <strong> -AmplIio MAIN SPARTMENT: <\/strong> Spazio ideale per abbigliamento e accessori<br \/>\n<P> <strong> -Thermal Side Backs: <\/strong> Proteggi fino a 4 lame da cambi di temperatura<br \/>\n<P> <strong> -Lead Ventilazione per calzature: <\/strong> mantiene le calzature separate e libere da odori cattivi<br \/>\n<P> <strong> -Dedizionale posteriore: <\/strong> Accesso rapido a oggetti personali come chiavi, portafoglio o mobile<br \/>\n<P> <strong> -in unico: <\/strong> Il suo vibrante design blu e moderno si distingue in qualsiasi ambiente sportivo.<\/p>\n<h2> Perch\u00e9 scegliere il Paletero Adidas Tour 3.4 Blue?<br \/>\nOltre ad essere funzionale e comodo, questo paletero riflette le caratteristiche di innovazione e qualit\u00e0 di Adidas, rendendolo un accessorio essenziale per qualsiasi giocatore.<\/p>\n<p><strong> Ora disponibile nel nostro negozio online <a href=\"https:\/\/www.revolutionpadelstore.com\/\"> www.revolutionpadelstore.com <\/a>, probabilmente al miglior prezzo di mercato. Prendilo e solleva il tuo gioco al livello successivo!<\/p>\n<h2>Paletero Adidas Tour 3.4 Azul \u2013 Dise\u00f1o, Espacio y Comodidad en Cada Partido<\/h2>\n","protected":false},"excerpt":{"rendered":"<p>Il Paletera Adidas Tour 3.4 Blue si distingue per la sua grande capacit\u00e0, consentendo di trasportare fino a 4 lame grazie ai suoi compartimenti termici. Ha manici regolabili e imbottiti per il comfort.<\/p>\n","protected":false},"featured_media":160053,"comment_status":"open","ping_status":"closed","template":"","meta":{"_acf_changed":false,"_joinchat":[]},"acabado":[],"balance":[],"dureza":[],"forma":[],"jugador":[],"marca":[1231],"nivel-de-juego":[],"superficie":[],"tipo-de-juego":[],"product_brand":[],"product_cat":[318],"product_tag":[],"class_list":{"0":"post-160088","1":"product","2":"type-product","3":"status-publish","4":"has-post-thumbnail","6":"marca-adidas-it","7":"product_cat-borse","9":"first","10":"outofstock","11":"sale","12":"taxable","13":"shipping-taxable","14":"purchasable","15":"product-type-simple"},"acf":[],"yoast_head":"<!-- This site is optimized with the Yoast SEO plugin v27.4 - https:\/\/yoast.com\/product\/yoast-seo-wordpress\/ -->\n<title>PALETERO ADIDAS TOUR 3.4 AZUL - Revolution Padel Store<\/title>\n<meta name=\"description\" content=\"Descubre el Paletero Adidas Tour 3.4 Azul, el accesorio perfecto para jugadores de p\u00e1del. M\u00e1xima capacidad, dise\u00f1o ergon\u00f3mico y materiales sostenibles. \u00a1C\u00f3mpralo en www.revolutionpadelstore.com al mejor precio!\" \/>\n<meta name=\"robots\" content=\"index, follow, max-snippet:-1, max-image-preview:large, max-video-preview:-1\" \/>\n<link rel=\"canonical\" href=\"https:\/\/revolutionpadelstore.com\/it\/prodotto\/paletero-adidas-tour-3-4-azul-4\/\" \/>\n<meta property=\"og:locale\" content=\"it_IT\" \/>\n<meta property=\"og:type\" content=\"article\" \/>\n<meta property=\"og:title\" content=\"PALETERO ADIDAS TOUR 3.4 AZUL - Revolution Padel Store\" \/>\n<meta property=\"og:description\" content=\"Descubre el Paletero Adidas Tour 3.4 Azul, el accesorio perfecto para jugadores de p\u00e1del. M\u00e1xima capacidad, dise\u00f1o ergon\u00f3mico y materiales sostenibles. \u00a1C\u00f3mpralo en www.revolutionpadelstore.com al mejor precio!\" \/>\n<meta property=\"og:url\" content=\"https:\/\/revolutionpadelstore.com\/it\/prodotto\/paletero-adidas-tour-3-4-azul-4\/\" \/>\n<meta property=\"og:site_name\" content=\"Revolution Padel Store\" \/>\n<meta property=\"article:modified_time\" content=\"2026-04-08T06:26:04+00:00\" \/>\n<meta property=\"og:image\" content=\"https:\/\/revolutionpadelstore.com\/wp-content\/uploads\/2025\/01\/113733-paletero-adidas-tour-blue-3-4-ab2pa0u121500x1500-1.webp\" \/>\n\t<meta property=\"og:image:width\" content=\"1500\" \/>\n\t<meta property=\"og:image:height\" content=\"1500\" \/>\n\t<meta property=\"og:image:type\" content=\"image\/webp\" \/>\n<meta name=\"twitter:card\" content=\"summary_large_image\" \/>\n<meta name=\"twitter:label1\" content=\"Tempo di lettura stimato\" \/>\n\t<meta name=\"twitter:data1\" content=\"1 minuto\" \/>\n<script type=\"application\/ld+json\" class=\"yoast-schema-graph\">{\"@context\":\"https:\\\/\\\/schema.org\",\"@graph\":[{\"@type\":\"WebPage\",\"@id\":\"https:\\\/\\\/revolutionpadelstore.com\\\/it\\\/prodotto\\\/paletero-adidas-tour-3-4-azul-4\\\/\",\"url\":\"https:\\\/\\\/revolutionpadelstore.com\\\/it\\\/prodotto\\\/paletero-adidas-tour-3-4-azul-4\\\/\",\"name\":\"PALETERO ADIDAS TOUR 3.4 AZUL - Revolution Padel Store\",\"isPartOf\":{\"@id\":\"https:\\\/\\\/revolutionpadelstore.com\\\/it\\\/#website\"},\"primaryImageOfPage\":{\"@id\":\"https:\\\/\\\/revolutionpadelstore.com\\\/it\\\/prodotto\\\/paletero-adidas-tour-3-4-azul-4\\\/#primaryimage\"},\"image\":{\"@id\":\"https:\\\/\\\/revolutionpadelstore.com\\\/it\\\/prodotto\\\/paletero-adidas-tour-3-4-azul-4\\\/#primaryimage\"},\"thumbnailUrl\":\"https:\\\/\\\/revolutionpadelstore.com\\\/wp-content\\\/uploads\\\/2025\\\/01\\\/113733-paletero-adidas-tour-blue-3-4-ab2pa0u121500x1500-1.webp\",\"datePublished\":\"2025-01-18T09:48:24+00:00\",\"dateModified\":\"2026-04-08T06:26:04+00:00\",\"description\":\"Descubre el Paletero Adidas Tour 3.4 Azul, el accesorio perfecto para jugadores de p\u00e1del. M\u00e1xima capacidad, dise\u00f1o ergon\u00f3mico y materiales sostenibles. \u00a1C\u00f3mpralo en www.revolutionpadelstore.com al mejor precio!\",\"breadcrumb\":{\"@id\":\"https:\\\/\\\/revolutionpadelstore.com\\\/it\\\/prodotto\\\/paletero-adidas-tour-3-4-azul-4\\\/#breadcrumb\"},\"inLanguage\":\"it-IT\",\"potentialAction\":[{\"@type\":\"ReadAction\",\"target\":[\"https:\\\/\\\/revolutionpadelstore.com\\\/it\\\/prodotto\\\/paletero-adidas-tour-3-4-azul-4\\\/\"]}]},{\"@type\":\"ImageObject\",\"inLanguage\":\"it-IT\",\"@id\":\"https:\\\/\\\/revolutionpadelstore.com\\\/it\\\/prodotto\\\/paletero-adidas-tour-3-4-azul-4\\\/#primaryimage\",\"url\":\"https:\\\/\\\/revolutionpadelstore.com\\\/wp-content\\\/uploads\\\/2025\\\/01\\\/113733-paletero-adidas-tour-blue-3-4-ab2pa0u121500x1500-1.webp\",\"contentUrl\":\"https:\\\/\\\/revolutionpadelstore.com\\\/wp-content\\\/uploads\\\/2025\\\/01\\\/113733-paletero-adidas-tour-blue-3-4-ab2pa0u121500x1500-1.webp\",\"width\":1500,\"height\":1500},{\"@type\":\"BreadcrumbList\",\"@id\":\"https:\\\/\\\/revolutionpadelstore.com\\\/it\\\/prodotto\\\/paletero-adidas-tour-3-4-azul-4\\\/#breadcrumb\",\"itemListElement\":[{\"@type\":\"ListItem\",\"position\":1,\"name\":\"Portada\",\"item\":\"https:\\\/\\\/revolutionpadelstore.com\\\/it\\\/\"},{\"@type\":\"ListItem\",\"position\":2,\"name\":\"Tienda\",\"item\":\"https:\\\/\\\/revolutionpadelstore.com\\\/it\\\/tienda\\\/\"},{\"@type\":\"ListItem\",\"position\":3,\"name\":\"PALETERO ADIDAS TOUR 3.4 AZUL\"}]},{\"@type\":\"WebSite\",\"@id\":\"https:\\\/\\\/revolutionpadelstore.com\\\/it\\\/#website\",\"url\":\"https:\\\/\\\/revolutionpadelstore.com\\\/it\\\/\",\"name\":\"Revolution Padel Store\",\"description\":\"\",\"publisher\":{\"@id\":\"https:\\\/\\\/revolutionpadelstore.com\\\/it\\\/#organization\"},\"potentialAction\":[{\"@type\":\"SearchAction\",\"target\":{\"@type\":\"EntryPoint\",\"urlTemplate\":\"https:\\\/\\\/revolutionpadelstore.com\\\/it\\\/?s={search_term_string}\"},\"query-input\":{\"@type\":\"PropertyValueSpecification\",\"valueRequired\":true,\"valueName\":\"search_term_string\"}}],\"inLanguage\":\"it-IT\"},{\"@type\":\"Organization\",\"@id\":\"https:\\\/\\\/revolutionpadelstore.com\\\/it\\\/#organization\",\"name\":\"Revolution Padel Store\",\"url\":\"https:\\\/\\\/revolutionpadelstore.com\\\/it\\\/\",\"logo\":{\"@type\":\"ImageObject\",\"inLanguage\":\"it-IT\",\"@id\":\"https:\\\/\\\/revolutionpadelstore.com\\\/it\\\/#\\\/schema\\\/logo\\\/image\\\/\",\"url\":\"https:\\\/\\\/revolutionpadelstore.com\\\/wp-content\\\/uploads\\\/2026\\\/02\\\/revolution-padel-store.jpg\",\"contentUrl\":\"https:\\\/\\\/revolutionpadelstore.com\\\/wp-content\\\/uploads\\\/2026\\\/02\\\/revolution-padel-store.jpg\",\"width\":2000,\"height\":2000,\"caption\":\"Revolution Padel Store\"},\"image\":{\"@id\":\"https:\\\/\\\/revolutionpadelstore.com\\\/it\\\/#\\\/schema\\\/logo\\\/image\\\/\"},\"sameAs\":[\"https:\\\/\\\/www.instagram.com\\\/revolutionpadelstore\\\/\"]}]}<\/script>\n<!-- \/ Yoast SEO plugin. -->","yoast_head_json":{"title":"PALETERO ADIDAS TOUR 3.4 AZUL - Revolution Padel Store","description":"Descubre el Paletero Adidas Tour 3.4 Azul, el accesorio perfecto para jugadores de p\u00e1del. M\u00e1xima capacidad, dise\u00f1o ergon\u00f3mico y materiales sostenibles. \u00a1C\u00f3mpralo en www.revolutionpadelstore.com al mejor precio!","robots":{"index":"index","follow":"follow","max-snippet":"max-snippet:-1","max-image-preview":"max-image-preview:large","max-video-preview":"max-video-preview:-1"},"canonical":"https:\/\/revolutionpadelstore.com\/it\/prodotto\/paletero-adidas-tour-3-4-azul-4\/","og_locale":"it_IT","og_type":"article","og_title":"PALETERO ADIDAS TOUR 3.4 AZUL - Revolution Padel Store","og_description":"Descubre el Paletero Adidas Tour 3.4 Azul, el accesorio perfecto para jugadores de p\u00e1del. M\u00e1xima capacidad, dise\u00f1o ergon\u00f3mico y materiales sostenibles. \u00a1C\u00f3mpralo en www.revolutionpadelstore.com al mejor precio!","og_url":"https:\/\/revolutionpadelstore.com\/it\/prodotto\/paletero-adidas-tour-3-4-azul-4\/","og_site_name":"Revolution Padel Store","article_modified_time":"2026-04-08T06:26:04+00:00","og_image":[{"width":1500,"height":1500,"url":"https:\/\/revolutionpadelstore.com\/wp-content\/uploads\/2025\/01\/113733-paletero-adidas-tour-blue-3-4-ab2pa0u121500x1500-1.webp","type":"image\/webp"}],"twitter_card":"summary_large_image","twitter_misc":{"Tempo di lettura stimato":"1 minuto"},"schema":{"@context":"https:\/\/schema.org","@graph":[{"@type":"WebPage","@id":"https:\/\/revolutionpadelstore.com\/it\/prodotto\/paletero-adidas-tour-3-4-azul-4\/","url":"https:\/\/revolutionpadelstore.com\/it\/prodotto\/paletero-adidas-tour-3-4-azul-4\/","name":"PALETERO ADIDAS TOUR 3.4 AZUL - Revolution Padel Store","isPartOf":{"@id":"https:\/\/revolutionpadelstore.com\/it\/#website"},"primaryImageOfPage":{"@id":"https:\/\/revolutionpadelstore.com\/it\/prodotto\/paletero-adidas-tour-3-4-azul-4\/#primaryimage"},"image":{"@id":"https:\/\/revolutionpadelstore.com\/it\/prodotto\/paletero-adidas-tour-3-4-azul-4\/#primaryimage"},"thumbnailUrl":"https:\/\/revolutionpadelstore.com\/wp-content\/uploads\/2025\/01\/113733-paletero-adidas-tour-blue-3-4-ab2pa0u121500x1500-1.webp","datePublished":"2025-01-18T09:48:24+00:00","dateModified":"2026-04-08T06:26:04+00:00","description":"Descubre el Paletero Adidas Tour 3.4 Azul, el accesorio perfecto para jugadores de p\u00e1del. M\u00e1xima capacidad, dise\u00f1o ergon\u00f3mico y materiales sostenibles. \u00a1C\u00f3mpralo en www.revolutionpadelstore.com al mejor precio!","breadcrumb":{"@id":"https:\/\/revolutionpadelstore.com\/it\/prodotto\/paletero-adidas-tour-3-4-azul-4\/#breadcrumb"},"inLanguage":"it-IT","potentialAction":[{"@type":"ReadAction","target":["https:\/\/revolutionpadelstore.com\/it\/prodotto\/paletero-adidas-tour-3-4-azul-4\/"]}]},{"@type":"ImageObject","inLanguage":"it-IT","@id":"https:\/\/revolutionpadelstore.com\/it\/prodotto\/paletero-adidas-tour-3-4-azul-4\/#primaryimage","url":"https:\/\/revolutionpadelstore.com\/wp-content\/uploads\/2025\/01\/113733-paletero-adidas-tour-blue-3-4-ab2pa0u121500x1500-1.webp","contentUrl":"https:\/\/revolutionpadelstore.com\/wp-content\/uploads\/2025\/01\/113733-paletero-adidas-tour-blue-3-4-ab2pa0u121500x1500-1.webp","width":1500,"height":1500},{"@type":"BreadcrumbList","@id":"https:\/\/revolutionpadelstore.com\/it\/prodotto\/paletero-adidas-tour-3-4-azul-4\/#breadcrumb","itemListElement":[{"@type":"ListItem","position":1,"name":"Portada","item":"https:\/\/revolutionpadelstore.com\/it\/"},{"@type":"ListItem","position":2,"name":"Tienda","item":"https:\/\/revolutionpadelstore.com\/it\/tienda\/"},{"@type":"ListItem","position":3,"name":"PALETERO ADIDAS TOUR 3.4 AZUL"}]},{"@type":"WebSite","@id":"https:\/\/revolutionpadelstore.com\/it\/#website","url":"https:\/\/revolutionpadelstore.com\/it\/","name":"Revolution Padel Store","description":"","publisher":{"@id":"https:\/\/revolutionpadelstore.com\/it\/#organization"},"potentialAction":[{"@type":"SearchAction","target":{"@type":"EntryPoint","urlTemplate":"https:\/\/revolutionpadelstore.com\/it\/?s={search_term_string}"},"query-input":{"@type":"PropertyValueSpecification","valueRequired":true,"valueName":"search_term_string"}}],"inLanguage":"it-IT"},{"@type":"Organization","@id":"https:\/\/revolutionpadelstore.com\/it\/#organization","name":"Revolution Padel Store","url":"https:\/\/revolutionpadelstore.com\/it\/","logo":{"@type":"ImageObject","inLanguage":"it-IT","@id":"https:\/\/revolutionpadelstore.com\/it\/#\/schema\/logo\/image\/","url":"https:\/\/revolutionpadelstore.com\/wp-content\/uploads\/2026\/02\/revolution-padel-store.jpg","contentUrl":"https:\/\/revolutionpadelstore.com\/wp-content\/uploads\/2026\/02\/revolution-padel-store.jpg","width":2000,"height":2000,"caption":"Revolution Padel Store"},"image":{"@id":"https:\/\/revolutionpadelstore.com\/it\/#\/schema\/logo\/image\/"},"sameAs":["https:\/\/www.instagram.com\/revolutionpadelstore\/"]}]}},"_links":{"self":[{"href":"https:\/\/revolutionpadelstore.com\/it\/wp-json\/wp\/v2\/product\/160088","targetHints":{"allow":["GET"]}}],"collection":[{"href":"https:\/\/revolutionpadelstore.com\/it\/wp-json\/wp\/v2\/product"}],"about":[{"href":"https:\/\/revolutionpadelstore.com\/it\/wp-json\/wp\/v2\/types\/product"}],"replies":[{"embeddable":true,"href":"https:\/\/revolutionpadelstore.com\/it\/wp-json\/wp\/v2\/comments?post=160088"}],"wp:featuredmedia":[{"embeddable":true,"href":"https:\/\/revolutionpadelstore.com\/it\/wp-json\/wp\/v2\/media\/160053"}],"wp:attachment":[{"href":"https:\/\/revolutionpadelstore.com\/it\/wp-json\/wp\/v2\/media?parent=160088"}],"wp:term":[{"taxonomy":"acabado","embeddable":true,"href":"https:\/\/revolutionpadelstore.com\/it\/wp-json\/wp\/v2\/acabado?post=160088"},{"taxonomy":"balance","embeddable":true,"href":"https:\/\/revolutionpadelstore.com\/it\/wp-json\/wp\/v2\/balance?post=160088"},{"taxonomy":"dureza","embeddable":true,"href":"https:\/\/revolutionpadelstore.com\/it\/wp-json\/wp\/v2\/dureza?post=160088"},{"taxonomy":"forma","embeddable":true,"href":"https:\/\/revolutionpadelstore.com\/it\/wp-json\/wp\/v2\/forma?post=160088"},{"taxonomy":"jugador","embeddable":true,"href":"https:\/\/revolutionpadelstore.com\/it\/wp-json\/wp\/v2\/jugador?post=160088"},{"taxonomy":"marca","embeddable":true,"href":"https:\/\/revolutionpadelstore.com\/it\/wp-json\/wp\/v2\/marca?post=160088"},{"taxonomy":"nivel-de-juego","embeddable":true,"href":"https:\/\/revolutionpadelstore.com\/it\/wp-json\/wp\/v2\/nivel-de-juego?post=160088"},{"taxonomy":"superficie","embeddable":true,"href":"https:\/\/revolutionpadelstore.com\/it\/wp-json\/wp\/v2\/superficie?post=160088"},{"taxonomy":"tipo-de-juego","embeddable":true,"href":"https:\/\/revolutionpadelstore.com\/it\/wp-json\/wp\/v2\/tipo-de-juego?post=160088"},{"taxonomy":"product_brand","embeddable":true,"href":"https:\/\/revolutionpadelstore.com\/it\/wp-json\/wp\/v2\/product_brand?post=160088"},{"taxonomy":"product_cat","embeddable":true,"href":"https:\/\/revolutionpadelstore.com\/it\/wp-json\/wp\/v2\/product_cat?post=160088"},{"taxonomy":"product_tag","embeddable":true,"href":"https:\/\/revolutionpadelstore.com\/it\/wp-json\/wp\/v2\/product_tag?post=160088"}],"curies":[{"name":"wp","href":"https:\/\/api.w.org\/{rel}","templated":true}]}}