{"id":159217,"date":"2025-01-15T20:17:28","date_gmt":"2025-01-15T19:17:28","guid":{"rendered":"https:\/\/revolutionpadelstore.com\/paletero-nox-pro-series-white\/"},"modified":"2026-04-08T08:32:24","modified_gmt":"2026-04-08T06:32:24","slug":"paletero-nox-pro-series-white-4","status":"publish","type":"product","link":"https:\/\/revolutionpadelstore.com\/it\/prodotto\/paletero-nox-pro-series-white-4\/","title":{"rendered":"PALETERO NOX PRO SERIES WHITE"},"content":{"rendered":"<h2> Paletero NOX Pro Series White &#8211; qualit\u00e0 e funzionalit\u00e0 superiori <\/h2>\n<p>Scopri la serie <strong> Paletero Nox Pro White <\/strong>, una combinazione perfetta di stile <strong>, capacit\u00e0 e tecnologia avanzata <\/strong>. Questo paletero \u00e8 stato progettato pensando ai giocatori che cercano qualit\u00e0 e praticit\u00e0, assicurandoti di portare tutto ci\u00f2 di cui hai bisogno per i tuoi giochi e l&#8217;allenamento, sempre con l&#8217;elegante tocco di NOX.<\/p>\n<h2> caratteristiche eccezionali <\/h2>\n<p> <strong> -gran Capacity <\/strong>: ampio vano principale con doppia cerniera, ideale per trasportare fino a tre lame, vestiti e accessori essenziali.<br \/>\n<P> <strong> -trong&gt; Temperatura di protezione termica<br \/>\n<P> <strong> -FFE Efficiente <\/strong>: tasche laterali progettate per salvare piccoli oggetti come mobile, chiavi o portafoglio<br \/>\n<P> <strong> -Space per scarpe e sporcizia<\/p>\n<h2> design versatile ed ergonomico <\/h2>\n<p>Questo paletero non solo offre funzionalit\u00e0, ma anche comfort. Le sue maniglie rimovibili gli consentono di trasformarlo facilmente in uno zaino, adattandosi alle tue esigenze. Oltretutto:<br \/>\n<P> <strong> -Revoiding Transforming <\/strong>: maniglia ergonomica principale e base rigida per una maggiore stabilit\u00e0<br \/>\n<P> <strong> -Tama\u00f1o ottimale <\/strong>: misure di 61 x 30 x 27 cm con una capacit\u00e0 di 45 litri, perfette per trasportare l&#8217;intero team senza problemi<\/p>\n<h2> Vantaggi del Paletero NOX Pro Series White <\/h2>\n<p><P style=\"padding-left: 40px\"> <strong> -esclusive styl <\/strong>: design bianco che si distingue per la sua eleganza.<br \/>\n<P> <strong> -Dureability <\/strong>: materiali di alta qualit\u00e0 che garantiscono resistenza all&#8217;uso intensivo<br \/>\n<P> <strong> -Total Comoding <\/strong>: adattabilit\u00e0 per qualsiasi situazione, sia torneo che allenamento<\/p>\n<h2> Portalo con te al miglior prezzo!<br \/>\nLa serie <strong> Paletero NOX Pro White <\/strong> \u00e8 la scelta ideale per coloro che cercano il meglio nell&#8217;attrezzatura da tennis a pagaio. <strong> Ora disponibile nel nostro negozio online <a href=\"http:\/\/www.revolutionpadelstore.com\/\"> www.revolutionpadelstore.com <\/a>, probabilmente al miglior prezzo di mercato<\/p>\n<h2>Paletero Nox Pro Series White &#8211; Calidad y Funcionalidad Superior<\/h2>\n","protected":false},"excerpt":{"rendered":"<p>NOX Pro Series White Paletero Bag, progettata per trasportare fino a 5 pale lame insieme alla tua squadra sportiva. Include un compartimento termico per una maggiore protezione.<\/p>\n","protected":false},"featured_media":159152,"comment_status":"open","ping_status":"closed","template":"","meta":{"_acf_changed":false,"_joinchat":[]},"acabado":[],"balance":[],"dureza":[],"forma":[],"jugador":[],"marca":[1261],"nivel-de-juego":[],"superficie":[],"tipo-de-juego":[],"product_brand":[],"product_cat":[318],"product_tag":[],"class_list":{"0":"post-159217","1":"product","2":"type-product","3":"status-publish","4":"has-post-thumbnail","6":"marca-nox-it","7":"product_cat-borse","9":"first","10":"outofstock","11":"sale","12":"taxable","13":"shipping-taxable","14":"purchasable","15":"product-type-simple"},"acf":[],"yoast_head":"<!-- This site is optimized with the Yoast SEO plugin v27.4 - https:\/\/yoast.com\/product\/yoast-seo-wordpress\/ -->\n<title>PALETERO NOX PRO SERIES WHITE - Revolution Padel Store<\/title>\n<meta name=\"description\" content=\"Compra el Paletero Nox Pro Series White en nuestra tienda online. Con gran capacidad, tecnolog\u00eda ThermoTech y dise\u00f1o elegante, es ideal para cualquier jugador de p\u00e1del. \u00a1Vis\u00edtanos y ll\u00e9valo al mejor precio!\" \/>\n<meta name=\"robots\" content=\"index, follow, max-snippet:-1, max-image-preview:large, max-video-preview:-1\" \/>\n<link rel=\"canonical\" href=\"https:\/\/revolutionpadelstore.com\/it\/prodotto\/paletero-nox-pro-series-white-4\/\" \/>\n<meta property=\"og:locale\" content=\"it_IT\" \/>\n<meta property=\"og:type\" content=\"article\" \/>\n<meta property=\"og:title\" content=\"PALETERO NOX PRO SERIES WHITE - Revolution Padel Store\" \/>\n<meta property=\"og:description\" content=\"Compra el Paletero Nox Pro Series White en nuestra tienda online. Con gran capacidad, tecnolog\u00eda ThermoTech y dise\u00f1o elegante, es ideal para cualquier jugador de p\u00e1del. \u00a1Vis\u00edtanos y ll\u00e9valo al mejor precio!\" \/>\n<meta property=\"og:url\" content=\"https:\/\/revolutionpadelstore.com\/it\/prodotto\/paletero-nox-pro-series-white-4\/\" \/>\n<meta property=\"og:site_name\" content=\"Revolution Padel Store\" \/>\n<meta property=\"article:modified_time\" content=\"2026-04-08T06:32:24+00:00\" \/>\n<meta property=\"og:image\" content=\"https:\/\/revolutionpadelstore.com\/wp-content\/uploads\/2025\/01\/113441_paletero_nox_ml10_team_white_grey_bpml10tewhgr_1500x1500_1_de59.webp\" \/>\n\t<meta property=\"og:image:width\" content=\"1500\" \/>\n\t<meta property=\"og:image:height\" content=\"1500\" \/>\n\t<meta property=\"og:image:type\" content=\"image\/webp\" \/>\n<meta name=\"twitter:card\" content=\"summary_large_image\" \/>\n<meta name=\"twitter:label1\" content=\"Tempo di lettura stimato\" \/>\n\t<meta name=\"twitter:data1\" content=\"1 minuto\" \/>\n<script type=\"application\/ld+json\" class=\"yoast-schema-graph\">{\"@context\":\"https:\\\/\\\/schema.org\",\"@graph\":[{\"@type\":\"WebPage\",\"@id\":\"https:\\\/\\\/revolutionpadelstore.com\\\/it\\\/prodotto\\\/paletero-nox-pro-series-white-4\\\/\",\"url\":\"https:\\\/\\\/revolutionpadelstore.com\\\/it\\\/prodotto\\\/paletero-nox-pro-series-white-4\\\/\",\"name\":\"PALETERO NOX PRO SERIES WHITE - Revolution Padel Store\",\"isPartOf\":{\"@id\":\"https:\\\/\\\/revolutionpadelstore.com\\\/it\\\/#website\"},\"primaryImageOfPage\":{\"@id\":\"https:\\\/\\\/revolutionpadelstore.com\\\/it\\\/prodotto\\\/paletero-nox-pro-series-white-4\\\/#primaryimage\"},\"image\":{\"@id\":\"https:\\\/\\\/revolutionpadelstore.com\\\/it\\\/prodotto\\\/paletero-nox-pro-series-white-4\\\/#primaryimage\"},\"thumbnailUrl\":\"https:\\\/\\\/revolutionpadelstore.com\\\/wp-content\\\/uploads\\\/2025\\\/01\\\/113441_paletero_nox_ml10_team_white_grey_bpml10tewhgr_1500x1500_1_de59.webp\",\"datePublished\":\"2025-01-15T19:17:28+00:00\",\"dateModified\":\"2026-04-08T06:32:24+00:00\",\"description\":\"Compra el Paletero Nox Pro Series White en nuestra tienda online. Con gran capacidad, tecnolog\u00eda ThermoTech y dise\u00f1o elegante, es ideal para cualquier jugador de p\u00e1del. \u00a1Vis\u00edtanos y ll\u00e9valo al mejor precio!\",\"breadcrumb\":{\"@id\":\"https:\\\/\\\/revolutionpadelstore.com\\\/it\\\/prodotto\\\/paletero-nox-pro-series-white-4\\\/#breadcrumb\"},\"inLanguage\":\"it-IT\",\"potentialAction\":[{\"@type\":\"ReadAction\",\"target\":[\"https:\\\/\\\/revolutionpadelstore.com\\\/it\\\/prodotto\\\/paletero-nox-pro-series-white-4\\\/\"]}]},{\"@type\":\"ImageObject\",\"inLanguage\":\"it-IT\",\"@id\":\"https:\\\/\\\/revolutionpadelstore.com\\\/it\\\/prodotto\\\/paletero-nox-pro-series-white-4\\\/#primaryimage\",\"url\":\"https:\\\/\\\/revolutionpadelstore.com\\\/wp-content\\\/uploads\\\/2025\\\/01\\\/113441_paletero_nox_ml10_team_white_grey_bpml10tewhgr_1500x1500_1_de59.webp\",\"contentUrl\":\"https:\\\/\\\/revolutionpadelstore.com\\\/wp-content\\\/uploads\\\/2025\\\/01\\\/113441_paletero_nox_ml10_team_white_grey_bpml10tewhgr_1500x1500_1_de59.webp\",\"width\":1500,\"height\":1500},{\"@type\":\"BreadcrumbList\",\"@id\":\"https:\\\/\\\/revolutionpadelstore.com\\\/it\\\/prodotto\\\/paletero-nox-pro-series-white-4\\\/#breadcrumb\",\"itemListElement\":[{\"@type\":\"ListItem\",\"position\":1,\"name\":\"Portada\",\"item\":\"https:\\\/\\\/revolutionpadelstore.com\\\/it\\\/\"},{\"@type\":\"ListItem\",\"position\":2,\"name\":\"Tienda\",\"item\":\"https:\\\/\\\/revolutionpadelstore.com\\\/it\\\/tienda\\\/\"},{\"@type\":\"ListItem\",\"position\":3,\"name\":\"PALETERO NOX PRO SERIES WHITE\"}]},{\"@type\":\"WebSite\",\"@id\":\"https:\\\/\\\/revolutionpadelstore.com\\\/it\\\/#website\",\"url\":\"https:\\\/\\\/revolutionpadelstore.com\\\/it\\\/\",\"name\":\"Revolution Padel Store\",\"description\":\"\",\"publisher\":{\"@id\":\"https:\\\/\\\/revolutionpadelstore.com\\\/it\\\/#organization\"},\"potentialAction\":[{\"@type\":\"SearchAction\",\"target\":{\"@type\":\"EntryPoint\",\"urlTemplate\":\"https:\\\/\\\/revolutionpadelstore.com\\\/it\\\/?s={search_term_string}\"},\"query-input\":{\"@type\":\"PropertyValueSpecification\",\"valueRequired\":true,\"valueName\":\"search_term_string\"}}],\"inLanguage\":\"it-IT\"},{\"@type\":\"Organization\",\"@id\":\"https:\\\/\\\/revolutionpadelstore.com\\\/it\\\/#organization\",\"name\":\"Revolution Padel Store\",\"url\":\"https:\\\/\\\/revolutionpadelstore.com\\\/it\\\/\",\"logo\":{\"@type\":\"ImageObject\",\"inLanguage\":\"it-IT\",\"@id\":\"https:\\\/\\\/revolutionpadelstore.com\\\/it\\\/#\\\/schema\\\/logo\\\/image\\\/\",\"url\":\"https:\\\/\\\/revolutionpadelstore.com\\\/wp-content\\\/uploads\\\/2026\\\/02\\\/revolution-padel-store.jpg\",\"contentUrl\":\"https:\\\/\\\/revolutionpadelstore.com\\\/wp-content\\\/uploads\\\/2026\\\/02\\\/revolution-padel-store.jpg\",\"width\":2000,\"height\":2000,\"caption\":\"Revolution Padel Store\"},\"image\":{\"@id\":\"https:\\\/\\\/revolutionpadelstore.com\\\/it\\\/#\\\/schema\\\/logo\\\/image\\\/\"},\"sameAs\":[\"https:\\\/\\\/www.instagram.com\\\/revolutionpadelstore\\\/\"]}]}<\/script>\n<!-- \/ Yoast SEO plugin. -->","yoast_head_json":{"title":"PALETERO NOX PRO SERIES WHITE - Revolution Padel Store","description":"Compra el Paletero Nox Pro Series White en nuestra tienda online. Con gran capacidad, tecnolog\u00eda ThermoTech y dise\u00f1o elegante, es ideal para cualquier jugador de p\u00e1del. \u00a1Vis\u00edtanos y ll\u00e9valo al mejor precio!","robots":{"index":"index","follow":"follow","max-snippet":"max-snippet:-1","max-image-preview":"max-image-preview:large","max-video-preview":"max-video-preview:-1"},"canonical":"https:\/\/revolutionpadelstore.com\/it\/prodotto\/paletero-nox-pro-series-white-4\/","og_locale":"it_IT","og_type":"article","og_title":"PALETERO NOX PRO SERIES WHITE - Revolution Padel Store","og_description":"Compra el Paletero Nox Pro Series White en nuestra tienda online. Con gran capacidad, tecnolog\u00eda ThermoTech y dise\u00f1o elegante, es ideal para cualquier jugador de p\u00e1del. \u00a1Vis\u00edtanos y ll\u00e9valo al mejor precio!","og_url":"https:\/\/revolutionpadelstore.com\/it\/prodotto\/paletero-nox-pro-series-white-4\/","og_site_name":"Revolution Padel Store","article_modified_time":"2026-04-08T06:32:24+00:00","og_image":[{"width":1500,"height":1500,"url":"https:\/\/revolutionpadelstore.com\/wp-content\/uploads\/2025\/01\/113441_paletero_nox_ml10_team_white_grey_bpml10tewhgr_1500x1500_1_de59.webp","type":"image\/webp"}],"twitter_card":"summary_large_image","twitter_misc":{"Tempo di lettura stimato":"1 minuto"},"schema":{"@context":"https:\/\/schema.org","@graph":[{"@type":"WebPage","@id":"https:\/\/revolutionpadelstore.com\/it\/prodotto\/paletero-nox-pro-series-white-4\/","url":"https:\/\/revolutionpadelstore.com\/it\/prodotto\/paletero-nox-pro-series-white-4\/","name":"PALETERO NOX PRO SERIES WHITE - Revolution Padel Store","isPartOf":{"@id":"https:\/\/revolutionpadelstore.com\/it\/#website"},"primaryImageOfPage":{"@id":"https:\/\/revolutionpadelstore.com\/it\/prodotto\/paletero-nox-pro-series-white-4\/#primaryimage"},"image":{"@id":"https:\/\/revolutionpadelstore.com\/it\/prodotto\/paletero-nox-pro-series-white-4\/#primaryimage"},"thumbnailUrl":"https:\/\/revolutionpadelstore.com\/wp-content\/uploads\/2025\/01\/113441_paletero_nox_ml10_team_white_grey_bpml10tewhgr_1500x1500_1_de59.webp","datePublished":"2025-01-15T19:17:28+00:00","dateModified":"2026-04-08T06:32:24+00:00","description":"Compra el Paletero Nox Pro Series White en nuestra tienda online. Con gran capacidad, tecnolog\u00eda ThermoTech y dise\u00f1o elegante, es ideal para cualquier jugador de p\u00e1del. \u00a1Vis\u00edtanos y ll\u00e9valo al mejor precio!","breadcrumb":{"@id":"https:\/\/revolutionpadelstore.com\/it\/prodotto\/paletero-nox-pro-series-white-4\/#breadcrumb"},"inLanguage":"it-IT","potentialAction":[{"@type":"ReadAction","target":["https:\/\/revolutionpadelstore.com\/it\/prodotto\/paletero-nox-pro-series-white-4\/"]}]},{"@type":"ImageObject","inLanguage":"it-IT","@id":"https:\/\/revolutionpadelstore.com\/it\/prodotto\/paletero-nox-pro-series-white-4\/#primaryimage","url":"https:\/\/revolutionpadelstore.com\/wp-content\/uploads\/2025\/01\/113441_paletero_nox_ml10_team_white_grey_bpml10tewhgr_1500x1500_1_de59.webp","contentUrl":"https:\/\/revolutionpadelstore.com\/wp-content\/uploads\/2025\/01\/113441_paletero_nox_ml10_team_white_grey_bpml10tewhgr_1500x1500_1_de59.webp","width":1500,"height":1500},{"@type":"BreadcrumbList","@id":"https:\/\/revolutionpadelstore.com\/it\/prodotto\/paletero-nox-pro-series-white-4\/#breadcrumb","itemListElement":[{"@type":"ListItem","position":1,"name":"Portada","item":"https:\/\/revolutionpadelstore.com\/it\/"},{"@type":"ListItem","position":2,"name":"Tienda","item":"https:\/\/revolutionpadelstore.com\/it\/tienda\/"},{"@type":"ListItem","position":3,"name":"PALETERO NOX PRO SERIES WHITE"}]},{"@type":"WebSite","@id":"https:\/\/revolutionpadelstore.com\/it\/#website","url":"https:\/\/revolutionpadelstore.com\/it\/","name":"Revolution Padel Store","description":"","publisher":{"@id":"https:\/\/revolutionpadelstore.com\/it\/#organization"},"potentialAction":[{"@type":"SearchAction","target":{"@type":"EntryPoint","urlTemplate":"https:\/\/revolutionpadelstore.com\/it\/?s={search_term_string}"},"query-input":{"@type":"PropertyValueSpecification","valueRequired":true,"valueName":"search_term_string"}}],"inLanguage":"it-IT"},{"@type":"Organization","@id":"https:\/\/revolutionpadelstore.com\/it\/#organization","name":"Revolution Padel Store","url":"https:\/\/revolutionpadelstore.com\/it\/","logo":{"@type":"ImageObject","inLanguage":"it-IT","@id":"https:\/\/revolutionpadelstore.com\/it\/#\/schema\/logo\/image\/","url":"https:\/\/revolutionpadelstore.com\/wp-content\/uploads\/2026\/02\/revolution-padel-store.jpg","contentUrl":"https:\/\/revolutionpadelstore.com\/wp-content\/uploads\/2026\/02\/revolution-padel-store.jpg","width":2000,"height":2000,"caption":"Revolution Padel Store"},"image":{"@id":"https:\/\/revolutionpadelstore.com\/it\/#\/schema\/logo\/image\/"},"sameAs":["https:\/\/www.instagram.com\/revolutionpadelstore\/"]}]}},"_links":{"self":[{"href":"https:\/\/revolutionpadelstore.com\/it\/wp-json\/wp\/v2\/product\/159217","targetHints":{"allow":["GET"]}}],"collection":[{"href":"https:\/\/revolutionpadelstore.com\/it\/wp-json\/wp\/v2\/product"}],"about":[{"href":"https:\/\/revolutionpadelstore.com\/it\/wp-json\/wp\/v2\/types\/product"}],"replies":[{"embeddable":true,"href":"https:\/\/revolutionpadelstore.com\/it\/wp-json\/wp\/v2\/comments?post=159217"}],"wp:featuredmedia":[{"embeddable":true,"href":"https:\/\/revolutionpadelstore.com\/it\/wp-json\/wp\/v2\/media\/159152"}],"wp:attachment":[{"href":"https:\/\/revolutionpadelstore.com\/it\/wp-json\/wp\/v2\/media?parent=159217"}],"wp:term":[{"taxonomy":"acabado","embeddable":true,"href":"https:\/\/revolutionpadelstore.com\/it\/wp-json\/wp\/v2\/acabado?post=159217"},{"taxonomy":"balance","embeddable":true,"href":"https:\/\/revolutionpadelstore.com\/it\/wp-json\/wp\/v2\/balance?post=159217"},{"taxonomy":"dureza","embeddable":true,"href":"https:\/\/revolutionpadelstore.com\/it\/wp-json\/wp\/v2\/dureza?post=159217"},{"taxonomy":"forma","embeddable":true,"href":"https:\/\/revolutionpadelstore.com\/it\/wp-json\/wp\/v2\/forma?post=159217"},{"taxonomy":"jugador","embeddable":true,"href":"https:\/\/revolutionpadelstore.com\/it\/wp-json\/wp\/v2\/jugador?post=159217"},{"taxonomy":"marca","embeddable":true,"href":"https:\/\/revolutionpadelstore.com\/it\/wp-json\/wp\/v2\/marca?post=159217"},{"taxonomy":"nivel-de-juego","embeddable":true,"href":"https:\/\/revolutionpadelstore.com\/it\/wp-json\/wp\/v2\/nivel-de-juego?post=159217"},{"taxonomy":"superficie","embeddable":true,"href":"https:\/\/revolutionpadelstore.com\/it\/wp-json\/wp\/v2\/superficie?post=159217"},{"taxonomy":"tipo-de-juego","embeddable":true,"href":"https:\/\/revolutionpadelstore.com\/it\/wp-json\/wp\/v2\/tipo-de-juego?post=159217"},{"taxonomy":"product_brand","embeddable":true,"href":"https:\/\/revolutionpadelstore.com\/it\/wp-json\/wp\/v2\/product_brand?post=159217"},{"taxonomy":"product_cat","embeddable":true,"href":"https:\/\/revolutionpadelstore.com\/it\/wp-json\/wp\/v2\/product_cat?post=159217"},{"taxonomy":"product_tag","embeddable":true,"href":"https:\/\/revolutionpadelstore.com\/it\/wp-json\/wp\/v2\/product_tag?post=159217"}],"curies":[{"name":"wp","href":"https:\/\/api.w.org\/{rel}","templated":true}]}}