{"id":158524,"date":"2025-01-11T21:35:50","date_gmt":"2025-01-11T20:35:50","guid":{"rendered":"https:\/\/revolutionpadelstore.com\/drop-shot-canyon-pro-attack-1-0-2025\/"},"modified":"2026-04-08T08:38:58","modified_gmt":"2026-04-08T06:38:58","slug":"drop-shot-canyon-pro-attack-1-0-2025-4","status":"publish","type":"product","link":"https:\/\/revolutionpadelstore.com\/it\/prodotto\/drop-shot-canyon-pro-attack-1-0-2025-4\/","title":{"rendered":"DROP SHOT CANYON PRO ATTACK 1.0 2025"},"content":{"rendered":"<h2> Drop Shot Canyon Pro Attack 1.0 2025 &#8211; Potenza massima e tecnologia d&#8217;\u00e9lite<br \/>\nLa <strong> drop shot canyon pro attack 1.0 2025 <\/strong> \u00e8 la pala di punta della collezione <strong> essere unica <\/strong>, progettata per giocatori esperti che cercano prestazioni superiori. La sua forma di diamante, alto equilibrio e peso di <strong> 350-370 grammi <\/strong> offrono una potenza eccezionale in ogni colpo, ideale per dominare in pista.<\/p>\n<p>L&#8217;elegante design in <strong> nero, blu e argento <\/strong>, sviluppato con Pablo Lima, non solo si distingue visivamente, ma riflette anche le tecnologie di ultima generazione che garantiscono il controllo, la precisione e il comfort.<\/p>\n<h2> <strong> caratteristiche prominenti <\/strong> <\/h2>\n<p><strong> -Carbon Marco 24K Twill Textreme <\/strong>: offre resistenza e flessibilit\u00e0 grazie ai suoi filamenti a carbone bidirezionale di 24.000 unit\u00e0.<\/p>\n<p><strong> -nuco eva pro alta densit\u00e0 <\/strong>: assorbi gli impatti e fornisci un&#8217;elasticit\u00e0 maggiore per potenti colpi.<\/p>\n<p><strong> -La tecnologia tecnologica <\/strong>: minimizza le vibrazioni, proteggendo il braccio e migliorando il comfort per i giochi lunghi.<\/p>\n<p><strong> -Protector Ergo Pro <\/strong>: sostituibile, prodotto in nylon leggero per maggiore durata.<\/p>\n<p><strong> -smart fori Sistema <\/strong>: fori ottimizzati dei fori per massimizzare il controllo e la potenza.<\/p>\n<p><strong> -grip cuscino di sughero <\/strong>: migliora il supporto e assorbi le vibrazioni per una maggiore stabilit\u00e0.<\/p>\n<p><strong> -Power Beam Heart <\/strong>: rinforzo nel cuore della lama che aumenta la sua fermezza.<\/p>\n<h2> <strong> Chi \u00e8 il Drop Shot Canyon Pro Attack 1.0 2025?<br \/>\nQuesta pala \u00e8 perfetta per i giocatori avanzati o professionisti che danno la priorit\u00e0 al potere <strong> esplosivo <\/strong> senza compromettere il controllo. Le sue tecnologie avanzate e il design innovativo lo rendono uno strumento essenziale per le partite pi\u00f9 esigenti.<\/p>\n<h2> <strong> benefici chiave <\/strong> <\/h2>\n<p>-Icrementi il \u200b\u200b<strong> potenza <\/strong> di ogni colpo con il suo alto equilibrio e il suo design a forma di diamante.<\/p>\n<p>-Propolare A <strong> comodo gioco <\/strong> grazie al suo assorbimento di vibrazioni.<\/p>\n<p>-Seaggizza una performance eccezionale in ciascuna parte, anche ai livelli di concorrenza professionale.<\/p>\n<p><strong> Porta a casa The Drop Shot Canyon Pro Attack 1.0 2025 <\/strong> e sperimenta le prestazioni di una pala progettata per vincere. Disponibile nel nostro negozio online <a href=\"https:\/\/www.revolutionpadelstore.com\/\"> www.revolutionpadelstore.com <\/a>, probabilmente al miglior prezzo di mercato!<\/p>\n<h3> <\/h3>\n<h2>Drop Shot Canyon Pro Attack 1.0 2025 \u2013 M\u00e1xima potencia y tecnolog\u00eda de \u00e9lite<\/h2>\n","protected":false},"excerpt":{"rendered":"<p>Il Drop Shot Canyon Pro Attack 1.0 2025, progettato da Pablo Lima, \u00e8 una pala di alto livello, ideale per giocatori esperti che cercano un perfetto equilibrio tra potere, controllo e prestazioni eccezionali in ogni riunione.<\/p>\n","protected":false},"featured_media":158361,"comment_status":"open","ping_status":"closed","template":"","meta":{"_acf_changed":false,"_joinchat":[]},"acabado":[1086],"balance":[1136],"dureza":[1161],"forma":[1171],"jugador":[1201,1191],"marca":[1712],"nivel-de-juego":[1336],"superficie":[1356],"tipo-de-juego":[1376],"product_brand":[],"product_cat":[301],"product_tag":[],"class_list":{"0":"post-158524","1":"product","2":"type-product","3":"status-publish","4":"has-post-thumbnail","6":"acabado-amico","7":"balance-alto-it","8":"dureza-dura-it","9":"forma-diamante-it","10":"jugador-multiuso","11":"jugador-uomo","12":"marca-drop-shot-it","13":"superficie-lisa-it","14":"tipo-de-juego-potenza","15":"product_cat-palas-de-padel-it","17":"first","18":"instock","19":"sale","20":"taxable","21":"shipping-taxable","22":"purchasable","23":"product-type-simple"},"acf":[],"yoast_head":"<!-- This site is optimized with the Yoast SEO plugin v27.4 - https:\/\/yoast.com\/product\/yoast-seo-wordpress\/ -->\n<title>DROP SHOT CANYON PRO ATTACK 1.0 2025 - Revolution Padel Store<\/title>\n<meta name=\"description\" content=\"Descubre la Drop Shot Canyon Pro Attack 1.0 2025, dise\u00f1ada junto a Pablo Lima. Potencia, control y tecnolog\u00edas avanzadas en una pala de nivel profesional. \u00a1Compra ahora al mejor precio en Revolution Padel Store!\" \/>\n<meta name=\"robots\" content=\"index, follow, max-snippet:-1, max-image-preview:large, max-video-preview:-1\" \/>\n<link rel=\"canonical\" href=\"https:\/\/revolutionpadelstore.com\/it\/prodotto\/drop-shot-canyon-pro-attack-1-0-2025-4\/\" \/>\n<meta property=\"og:locale\" content=\"it_IT\" \/>\n<meta property=\"og:type\" content=\"article\" \/>\n<meta property=\"og:title\" content=\"DROP SHOT CANYON PRO ATTACK 1.0 2025 - Revolution Padel Store\" \/>\n<meta property=\"og:description\" content=\"Descubre la Drop Shot Canyon Pro Attack 1.0 2025, dise\u00f1ada junto a Pablo Lima. Potencia, control y tecnolog\u00edas avanzadas en una pala de nivel profesional. \u00a1Compra ahora al mejor precio en Revolution Padel Store!\" \/>\n<meta property=\"og:url\" content=\"https:\/\/revolutionpadelstore.com\/it\/prodotto\/drop-shot-canyon-pro-attack-1-0-2025-4\/\" \/>\n<meta property=\"og:site_name\" content=\"Revolution Padel Store\" \/>\n<meta property=\"article:modified_time\" content=\"2026-04-08T06:38:58+00:00\" \/>\n<meta property=\"og:image\" content=\"https:\/\/revolutionpadelstore.com\/wp-content\/uploads\/2025\/01\/114577-pala-drop-shot-canyon-pro-attack-1-0-dp324018-1000x1000-1.webp\" \/>\n\t<meta property=\"og:image:width\" content=\"1000\" \/>\n\t<meta property=\"og:image:height\" content=\"1000\" \/>\n\t<meta property=\"og:image:type\" content=\"image\/webp\" \/>\n<meta name=\"twitter:card\" content=\"summary_large_image\" \/>\n<meta name=\"twitter:label1\" content=\"Tempo di lettura stimato\" \/>\n\t<meta name=\"twitter:data1\" content=\"2 minuti\" \/>\n<script type=\"application\/ld+json\" class=\"yoast-schema-graph\">{\"@context\":\"https:\\\/\\\/schema.org\",\"@graph\":[{\"@type\":\"WebPage\",\"@id\":\"https:\\\/\\\/revolutionpadelstore.com\\\/it\\\/prodotto\\\/drop-shot-canyon-pro-attack-1-0-2025-4\\\/\",\"url\":\"https:\\\/\\\/revolutionpadelstore.com\\\/it\\\/prodotto\\\/drop-shot-canyon-pro-attack-1-0-2025-4\\\/\",\"name\":\"DROP SHOT CANYON PRO ATTACK 1.0 2025 - Revolution Padel Store\",\"isPartOf\":{\"@id\":\"https:\\\/\\\/revolutionpadelstore.com\\\/it\\\/#website\"},\"primaryImageOfPage\":{\"@id\":\"https:\\\/\\\/revolutionpadelstore.com\\\/it\\\/prodotto\\\/drop-shot-canyon-pro-attack-1-0-2025-4\\\/#primaryimage\"},\"image\":{\"@id\":\"https:\\\/\\\/revolutionpadelstore.com\\\/it\\\/prodotto\\\/drop-shot-canyon-pro-attack-1-0-2025-4\\\/#primaryimage\"},\"thumbnailUrl\":\"https:\\\/\\\/revolutionpadelstore.com\\\/wp-content\\\/uploads\\\/2025\\\/01\\\/114577-pala-drop-shot-canyon-pro-attack-1-0-dp324018-1000x1000-1.webp\",\"datePublished\":\"2025-01-11T20:35:50+00:00\",\"dateModified\":\"2026-04-08T06:38:58+00:00\",\"description\":\"Descubre la Drop Shot Canyon Pro Attack 1.0 2025, dise\u00f1ada junto a Pablo Lima. Potencia, control y tecnolog\u00edas avanzadas en una pala de nivel profesional. \u00a1Compra ahora al mejor precio en Revolution Padel Store!\",\"breadcrumb\":{\"@id\":\"https:\\\/\\\/revolutionpadelstore.com\\\/it\\\/prodotto\\\/drop-shot-canyon-pro-attack-1-0-2025-4\\\/#breadcrumb\"},\"inLanguage\":\"it-IT\",\"potentialAction\":[{\"@type\":\"ReadAction\",\"target\":[\"https:\\\/\\\/revolutionpadelstore.com\\\/it\\\/prodotto\\\/drop-shot-canyon-pro-attack-1-0-2025-4\\\/\"]}]},{\"@type\":\"ImageObject\",\"inLanguage\":\"it-IT\",\"@id\":\"https:\\\/\\\/revolutionpadelstore.com\\\/it\\\/prodotto\\\/drop-shot-canyon-pro-attack-1-0-2025-4\\\/#primaryimage\",\"url\":\"https:\\\/\\\/revolutionpadelstore.com\\\/wp-content\\\/uploads\\\/2025\\\/01\\\/114577-pala-drop-shot-canyon-pro-attack-1-0-dp324018-1000x1000-1.webp\",\"contentUrl\":\"https:\\\/\\\/revolutionpadelstore.com\\\/wp-content\\\/uploads\\\/2025\\\/01\\\/114577-pala-drop-shot-canyon-pro-attack-1-0-dp324018-1000x1000-1.webp\",\"width\":1000,\"height\":1000},{\"@type\":\"BreadcrumbList\",\"@id\":\"https:\\\/\\\/revolutionpadelstore.com\\\/it\\\/prodotto\\\/drop-shot-canyon-pro-attack-1-0-2025-4\\\/#breadcrumb\",\"itemListElement\":[{\"@type\":\"ListItem\",\"position\":1,\"name\":\"Portada\",\"item\":\"https:\\\/\\\/revolutionpadelstore.com\\\/it\\\/\"},{\"@type\":\"ListItem\",\"position\":2,\"name\":\"Tienda\",\"item\":\"https:\\\/\\\/revolutionpadelstore.com\\\/it\\\/tienda\\\/\"},{\"@type\":\"ListItem\",\"position\":3,\"name\":\"DROP SHOT CANYON PRO ATTACK 1.0 2025\"}]},{\"@type\":\"WebSite\",\"@id\":\"https:\\\/\\\/revolutionpadelstore.com\\\/it\\\/#website\",\"url\":\"https:\\\/\\\/revolutionpadelstore.com\\\/it\\\/\",\"name\":\"Revolution Padel Store\",\"description\":\"\",\"publisher\":{\"@id\":\"https:\\\/\\\/revolutionpadelstore.com\\\/it\\\/#organization\"},\"potentialAction\":[{\"@type\":\"SearchAction\",\"target\":{\"@type\":\"EntryPoint\",\"urlTemplate\":\"https:\\\/\\\/revolutionpadelstore.com\\\/it\\\/?s={search_term_string}\"},\"query-input\":{\"@type\":\"PropertyValueSpecification\",\"valueRequired\":true,\"valueName\":\"search_term_string\"}}],\"inLanguage\":\"it-IT\"},{\"@type\":\"Organization\",\"@id\":\"https:\\\/\\\/revolutionpadelstore.com\\\/it\\\/#organization\",\"name\":\"Revolution Padel Store\",\"url\":\"https:\\\/\\\/revolutionpadelstore.com\\\/it\\\/\",\"logo\":{\"@type\":\"ImageObject\",\"inLanguage\":\"it-IT\",\"@id\":\"https:\\\/\\\/revolutionpadelstore.com\\\/it\\\/#\\\/schema\\\/logo\\\/image\\\/\",\"url\":\"https:\\\/\\\/revolutionpadelstore.com\\\/wp-content\\\/uploads\\\/2026\\\/02\\\/revolution-padel-store.jpg\",\"contentUrl\":\"https:\\\/\\\/revolutionpadelstore.com\\\/wp-content\\\/uploads\\\/2026\\\/02\\\/revolution-padel-store.jpg\",\"width\":2000,\"height\":2000,\"caption\":\"Revolution Padel Store\"},\"image\":{\"@id\":\"https:\\\/\\\/revolutionpadelstore.com\\\/it\\\/#\\\/schema\\\/logo\\\/image\\\/\"},\"sameAs\":[\"https:\\\/\\\/www.instagram.com\\\/revolutionpadelstore\\\/\"]}]}<\/script>\n<!-- \/ Yoast SEO plugin. -->","yoast_head_json":{"title":"DROP SHOT CANYON PRO ATTACK 1.0 2025 - Revolution Padel Store","description":"Descubre la Drop Shot Canyon Pro Attack 1.0 2025, dise\u00f1ada junto a Pablo Lima. Potencia, control y tecnolog\u00edas avanzadas en una pala de nivel profesional. \u00a1Compra ahora al mejor precio en Revolution Padel Store!","robots":{"index":"index","follow":"follow","max-snippet":"max-snippet:-1","max-image-preview":"max-image-preview:large","max-video-preview":"max-video-preview:-1"},"canonical":"https:\/\/revolutionpadelstore.com\/it\/prodotto\/drop-shot-canyon-pro-attack-1-0-2025-4\/","og_locale":"it_IT","og_type":"article","og_title":"DROP SHOT CANYON PRO ATTACK 1.0 2025 - Revolution Padel Store","og_description":"Descubre la Drop Shot Canyon Pro Attack 1.0 2025, dise\u00f1ada junto a Pablo Lima. Potencia, control y tecnolog\u00edas avanzadas en una pala de nivel profesional. \u00a1Compra ahora al mejor precio en Revolution Padel Store!","og_url":"https:\/\/revolutionpadelstore.com\/it\/prodotto\/drop-shot-canyon-pro-attack-1-0-2025-4\/","og_site_name":"Revolution Padel Store","article_modified_time":"2026-04-08T06:38:58+00:00","og_image":[{"width":1000,"height":1000,"url":"https:\/\/revolutionpadelstore.com\/wp-content\/uploads\/2025\/01\/114577-pala-drop-shot-canyon-pro-attack-1-0-dp324018-1000x1000-1.webp","type":"image\/webp"}],"twitter_card":"summary_large_image","twitter_misc":{"Tempo di lettura stimato":"2 minuti"},"schema":{"@context":"https:\/\/schema.org","@graph":[{"@type":"WebPage","@id":"https:\/\/revolutionpadelstore.com\/it\/prodotto\/drop-shot-canyon-pro-attack-1-0-2025-4\/","url":"https:\/\/revolutionpadelstore.com\/it\/prodotto\/drop-shot-canyon-pro-attack-1-0-2025-4\/","name":"DROP SHOT CANYON PRO ATTACK 1.0 2025 - Revolution Padel Store","isPartOf":{"@id":"https:\/\/revolutionpadelstore.com\/it\/#website"},"primaryImageOfPage":{"@id":"https:\/\/revolutionpadelstore.com\/it\/prodotto\/drop-shot-canyon-pro-attack-1-0-2025-4\/#primaryimage"},"image":{"@id":"https:\/\/revolutionpadelstore.com\/it\/prodotto\/drop-shot-canyon-pro-attack-1-0-2025-4\/#primaryimage"},"thumbnailUrl":"https:\/\/revolutionpadelstore.com\/wp-content\/uploads\/2025\/01\/114577-pala-drop-shot-canyon-pro-attack-1-0-dp324018-1000x1000-1.webp","datePublished":"2025-01-11T20:35:50+00:00","dateModified":"2026-04-08T06:38:58+00:00","description":"Descubre la Drop Shot Canyon Pro Attack 1.0 2025, dise\u00f1ada junto a Pablo Lima. Potencia, control y tecnolog\u00edas avanzadas en una pala de nivel profesional. \u00a1Compra ahora al mejor precio en Revolution Padel Store!","breadcrumb":{"@id":"https:\/\/revolutionpadelstore.com\/it\/prodotto\/drop-shot-canyon-pro-attack-1-0-2025-4\/#breadcrumb"},"inLanguage":"it-IT","potentialAction":[{"@type":"ReadAction","target":["https:\/\/revolutionpadelstore.com\/it\/prodotto\/drop-shot-canyon-pro-attack-1-0-2025-4\/"]}]},{"@type":"ImageObject","inLanguage":"it-IT","@id":"https:\/\/revolutionpadelstore.com\/it\/prodotto\/drop-shot-canyon-pro-attack-1-0-2025-4\/#primaryimage","url":"https:\/\/revolutionpadelstore.com\/wp-content\/uploads\/2025\/01\/114577-pala-drop-shot-canyon-pro-attack-1-0-dp324018-1000x1000-1.webp","contentUrl":"https:\/\/revolutionpadelstore.com\/wp-content\/uploads\/2025\/01\/114577-pala-drop-shot-canyon-pro-attack-1-0-dp324018-1000x1000-1.webp","width":1000,"height":1000},{"@type":"BreadcrumbList","@id":"https:\/\/revolutionpadelstore.com\/it\/prodotto\/drop-shot-canyon-pro-attack-1-0-2025-4\/#breadcrumb","itemListElement":[{"@type":"ListItem","position":1,"name":"Portada","item":"https:\/\/revolutionpadelstore.com\/it\/"},{"@type":"ListItem","position":2,"name":"Tienda","item":"https:\/\/revolutionpadelstore.com\/it\/tienda\/"},{"@type":"ListItem","position":3,"name":"DROP SHOT CANYON PRO ATTACK 1.0 2025"}]},{"@type":"WebSite","@id":"https:\/\/revolutionpadelstore.com\/it\/#website","url":"https:\/\/revolutionpadelstore.com\/it\/","name":"Revolution Padel Store","description":"","publisher":{"@id":"https:\/\/revolutionpadelstore.com\/it\/#organization"},"potentialAction":[{"@type":"SearchAction","target":{"@type":"EntryPoint","urlTemplate":"https:\/\/revolutionpadelstore.com\/it\/?s={search_term_string}"},"query-input":{"@type":"PropertyValueSpecification","valueRequired":true,"valueName":"search_term_string"}}],"inLanguage":"it-IT"},{"@type":"Organization","@id":"https:\/\/revolutionpadelstore.com\/it\/#organization","name":"Revolution Padel Store","url":"https:\/\/revolutionpadelstore.com\/it\/","logo":{"@type":"ImageObject","inLanguage":"it-IT","@id":"https:\/\/revolutionpadelstore.com\/it\/#\/schema\/logo\/image\/","url":"https:\/\/revolutionpadelstore.com\/wp-content\/uploads\/2026\/02\/revolution-padel-store.jpg","contentUrl":"https:\/\/revolutionpadelstore.com\/wp-content\/uploads\/2026\/02\/revolution-padel-store.jpg","width":2000,"height":2000,"caption":"Revolution Padel Store"},"image":{"@id":"https:\/\/revolutionpadelstore.com\/it\/#\/schema\/logo\/image\/"},"sameAs":["https:\/\/www.instagram.com\/revolutionpadelstore\/"]}]}},"_links":{"self":[{"href":"https:\/\/revolutionpadelstore.com\/it\/wp-json\/wp\/v2\/product\/158524","targetHints":{"allow":["GET"]}}],"collection":[{"href":"https:\/\/revolutionpadelstore.com\/it\/wp-json\/wp\/v2\/product"}],"about":[{"href":"https:\/\/revolutionpadelstore.com\/it\/wp-json\/wp\/v2\/types\/product"}],"replies":[{"embeddable":true,"href":"https:\/\/revolutionpadelstore.com\/it\/wp-json\/wp\/v2\/comments?post=158524"}],"wp:featuredmedia":[{"embeddable":true,"href":"https:\/\/revolutionpadelstore.com\/it\/wp-json\/wp\/v2\/media\/158361"}],"wp:attachment":[{"href":"https:\/\/revolutionpadelstore.com\/it\/wp-json\/wp\/v2\/media?parent=158524"}],"wp:term":[{"taxonomy":"acabado","embeddable":true,"href":"https:\/\/revolutionpadelstore.com\/it\/wp-json\/wp\/v2\/acabado?post=158524"},{"taxonomy":"balance","embeddable":true,"href":"https:\/\/revolutionpadelstore.com\/it\/wp-json\/wp\/v2\/balance?post=158524"},{"taxonomy":"dureza","embeddable":true,"href":"https:\/\/revolutionpadelstore.com\/it\/wp-json\/wp\/v2\/dureza?post=158524"},{"taxonomy":"forma","embeddable":true,"href":"https:\/\/revolutionpadelstore.com\/it\/wp-json\/wp\/v2\/forma?post=158524"},{"taxonomy":"jugador","embeddable":true,"href":"https:\/\/revolutionpadelstore.com\/it\/wp-json\/wp\/v2\/jugador?post=158524"},{"taxonomy":"marca","embeddable":true,"href":"https:\/\/revolutionpadelstore.com\/it\/wp-json\/wp\/v2\/marca?post=158524"},{"taxonomy":"nivel-de-juego","embeddable":true,"href":"https:\/\/revolutionpadelstore.com\/it\/wp-json\/wp\/v2\/nivel-de-juego?post=158524"},{"taxonomy":"superficie","embeddable":true,"href":"https:\/\/revolutionpadelstore.com\/it\/wp-json\/wp\/v2\/superficie?post=158524"},{"taxonomy":"tipo-de-juego","embeddable":true,"href":"https:\/\/revolutionpadelstore.com\/it\/wp-json\/wp\/v2\/tipo-de-juego?post=158524"},{"taxonomy":"product_brand","embeddable":true,"href":"https:\/\/revolutionpadelstore.com\/it\/wp-json\/wp\/v2\/product_brand?post=158524"},{"taxonomy":"product_cat","embeddable":true,"href":"https:\/\/revolutionpadelstore.com\/it\/wp-json\/wp\/v2\/product_cat?post=158524"},{"taxonomy":"product_tag","embeddable":true,"href":"https:\/\/revolutionpadelstore.com\/it\/wp-json\/wp\/v2\/product_tag?post=158524"}],"curies":[{"name":"wp","href":"https:\/\/api.w.org\/{rel}","templated":true}]}}