{"id":157173,"date":"2024-12-28T00:50:21","date_gmt":"2024-12-27T23:50:21","guid":{"rendered":"https:\/\/revolutionpadelstore.com\/bullpadel-indiga-girl-25\/"},"modified":"2026-04-08T08:54:08","modified_gmt":"2026-04-08T06:54:08","slug":"bullpadel-indiga-girl-25-4","status":"publish","type":"product","link":"https:\/\/revolutionpadelstore.com\/it\/prodotto\/bullpadel-indiga-girl-25-4\/","title":{"rendered":"BULLPADEL INDIGA GIRL 25"},"content":{"rendered":"<h2> Bullpadel Palas Indiga Girl.<br \/>\nIl <strong> Bullpadel Palas Indiga Boy and Girl <\/strong> sono l&#8217;opzione ideale per i pi\u00f9 piccoli di iniziare nell&#8217;eccitante mondo della pagaia. Progettate specificamente per i bambini principianti, queste lame combinano un design attraente con caratteristiche che facilitano l&#8217;apprendimento e rendono ogni soffio un&#8217;esperienza divertente e semplice.<\/p>\n<h2> Caratteristiche principali <\/h2>\n<p><strong> -grip Zone Technology <\/strong>: un&#8217;innovazione nella matrice della lama che facilita la presa giusta con una mano non dominante, aiutando i bambini a dominare rapidamente la tecnica dei colpi.<\/p>\n<p><strong> -Argonomics Adapted <\/strong>:<\/p>\n<p><strong> -Fortime Empowle <\/strong>: perfetto per le mani piccole, garantendo una presa ferma e confortevole.<\/p>\n<p><strong> -Ligereza e manovrabilit\u00e0 <\/strong>: ideale per i bambini a gestire facilmente la pala.<\/p>\n<p><strong> -Dimensione core di dotazione <\/strong>: offre un generoso punto dolce che migliora il controllo e l&#8217;accuratezza in ogni colpo.<\/p>\n<p><strong> -Il design attraente e colorato <\/strong>: cattura l&#8217;attenzione dei pi\u00f9 piccoli e li motiva a godersi lo sport.<\/p>\n<h2> Vantaggi chiave <\/h2>\n<p><strong> -Facilita Learning <\/strong>: grazie alla loro progettazione e tecnologia, consente ai bambini di imparare in modo naturale e divertente.<\/p>\n<p><strong> -Segury e Comfort <\/strong>: presa e leggerezza assicurano una gestione ottimale e confortevole per i pi\u00f9 piccoli.<\/p>\n<p><strong>-Materiali di alta qualit\u00e0 <\/strong>: garantiscono una durata che supporta il ritmo dei giovani giocatori.<\/p>\n<h2> Perch\u00e9 scegliere il ragazzo e la ragazza indiga bullpadel?<br \/>\nCon la loro attenzione al comfort, all&#8217;apprendimento e al divertimento, il <strong> Indiga Boy and Girl <\/strong> sono le lame perfette per i bambini a fare i loro primi passi nella pagaia. Il suo design ergonomico e l&#8217;innovativa tecnologia della zona di presa li aiuteranno a imparare le basi del gioco mentre si godono il massimo in pista.<\/p>\n<p><strong> Ora disponibile nel nostro negozio online <a href=\"http:\/\/www.revolutionpadelstore.com\/\"> www.revolutionpadelstore.com <\/a> al miglior prezzo di mercato. Scopri la pala ideale per i piccoli campioni di paletta!<\/p>\n<h2>Palas Bullpadel Indiga Girl.Perfectas para los Primeros Golpes en el P\u00e1del<\/h2>\n","protected":false},"excerpt":{"rendered":"<p>Il <strong> Bullpadel Palas Indiga Boy and Girl <\/strong> sono l&#8217;opzione ideale per i pi\u00f9 piccoli di iniziare nell&#8217;eccitante mondo della pagaia.<strong>palas Bullpadel Indiga Boy y Girl<\/strong><\/p>\n","protected":false},"featured_media":157150,"comment_status":"open","ping_status":"closed","template":"","meta":{"_acf_changed":false,"_joinchat":[]},"acabado":[],"balance":[],"dureza":[],"forma":[],"jugador":[1206,1196],"marca":[1256],"nivel-de-juego":[],"superficie":[],"tipo-de-juego":[],"product_brand":[],"product_cat":[301],"product_tag":[],"class_list":{"0":"post-157173","1":"product","2":"type-product","3":"status-publish","4":"has-post-thumbnail","6":"jugador-junior-it","7":"jugador-mujer-it","8":"marca-bullpadel-it","9":"product_cat-palas-de-padel-it","11":"first","12":"instock","13":"sale","14":"taxable","15":"shipping-taxable","16":"purchasable","17":"product-type-simple"},"acf":[],"yoast_head":"<!-- This site is optimized with the Yoast SEO plugin v27.4 - https:\/\/yoast.com\/product\/yoast-seo-wordpress\/ -->\n<title>BULLPADEL INDIGA GIRL 25 - Revolution Padel Store<\/title>\n<meta name=\"description\" content=\"Descubre las palas Bullpadel Indiga Boy y Girl, dise\u00f1adas para ni\u00f1os principiantes. Con tecnolog\u00eda Grip Zone y dise\u00f1o ergon\u00f3mico, son ideales para aprender. \u00a1Compra online en www.revolutionpadelstore.com!\" \/>\n<meta name=\"robots\" content=\"index, follow, max-snippet:-1, max-image-preview:large, max-video-preview:-1\" \/>\n<link rel=\"canonical\" href=\"https:\/\/revolutionpadelstore.com\/it\/prodotto\/bullpadel-indiga-girl-25-4\/\" \/>\n<meta property=\"og:locale\" content=\"it_IT\" \/>\n<meta property=\"og:type\" content=\"article\" \/>\n<meta property=\"og:title\" content=\"BULLPADEL INDIGA GIRL 25 - Revolution Padel Store\" \/>\n<meta property=\"og:description\" content=\"Descubre las palas Bullpadel Indiga Boy y Girl, dise\u00f1adas para ni\u00f1os principiantes. Con tecnolog\u00eda Grip Zone y dise\u00f1o ergon\u00f3mico, son ideales para aprender. \u00a1Compra online en www.revolutionpadelstore.com!\" \/>\n<meta property=\"og:url\" content=\"https:\/\/revolutionpadelstore.com\/it\/prodotto\/bullpadel-indiga-girl-25-4\/\" \/>\n<meta property=\"og:site_name\" content=\"Revolution Padel Store\" \/>\n<meta property=\"article:modified_time\" content=\"2026-04-08T06:54:08+00:00\" \/>\n<meta property=\"og:image\" content=\"https:\/\/revolutionpadelstore.com\/wp-content\/uploads\/2024\/12\/70.png\" \/>\n\t<meta property=\"og:image:width\" content=\"1500\" \/>\n\t<meta property=\"og:image:height\" content=\"1500\" \/>\n\t<meta property=\"og:image:type\" content=\"image\/png\" \/>\n<meta name=\"twitter:card\" content=\"summary_large_image\" \/>\n<meta name=\"twitter:label1\" content=\"Tempo di lettura stimato\" \/>\n\t<meta name=\"twitter:data1\" content=\"1 minuto\" \/>\n<script type=\"application\/ld+json\" class=\"yoast-schema-graph\">{\"@context\":\"https:\\\/\\\/schema.org\",\"@graph\":[{\"@type\":\"WebPage\",\"@id\":\"https:\\\/\\\/revolutionpadelstore.com\\\/it\\\/prodotto\\\/bullpadel-indiga-girl-25-4\\\/\",\"url\":\"https:\\\/\\\/revolutionpadelstore.com\\\/it\\\/prodotto\\\/bullpadel-indiga-girl-25-4\\\/\",\"name\":\"BULLPADEL INDIGA GIRL 25 - Revolution Padel Store\",\"isPartOf\":{\"@id\":\"https:\\\/\\\/revolutionpadelstore.com\\\/it\\\/#website\"},\"primaryImageOfPage\":{\"@id\":\"https:\\\/\\\/revolutionpadelstore.com\\\/it\\\/prodotto\\\/bullpadel-indiga-girl-25-4\\\/#primaryimage\"},\"image\":{\"@id\":\"https:\\\/\\\/revolutionpadelstore.com\\\/it\\\/prodotto\\\/bullpadel-indiga-girl-25-4\\\/#primaryimage\"},\"thumbnailUrl\":\"https:\\\/\\\/revolutionpadelstore.com\\\/wp-content\\\/uploads\\\/2024\\\/12\\\/70.png\",\"datePublished\":\"2024-12-27T23:50:21+00:00\",\"dateModified\":\"2026-04-08T06:54:08+00:00\",\"description\":\"Descubre las palas Bullpadel Indiga Boy y Girl, dise\u00f1adas para ni\u00f1os principiantes. Con tecnolog\u00eda Grip Zone y dise\u00f1o ergon\u00f3mico, son ideales para aprender. \u00a1Compra online en www.revolutionpadelstore.com!\",\"breadcrumb\":{\"@id\":\"https:\\\/\\\/revolutionpadelstore.com\\\/it\\\/prodotto\\\/bullpadel-indiga-girl-25-4\\\/#breadcrumb\"},\"inLanguage\":\"it-IT\",\"potentialAction\":[{\"@type\":\"ReadAction\",\"target\":[\"https:\\\/\\\/revolutionpadelstore.com\\\/it\\\/prodotto\\\/bullpadel-indiga-girl-25-4\\\/\"]}]},{\"@type\":\"ImageObject\",\"inLanguage\":\"it-IT\",\"@id\":\"https:\\\/\\\/revolutionpadelstore.com\\\/it\\\/prodotto\\\/bullpadel-indiga-girl-25-4\\\/#primaryimage\",\"url\":\"https:\\\/\\\/revolutionpadelstore.com\\\/wp-content\\\/uploads\\\/2024\\\/12\\\/70.png\",\"contentUrl\":\"https:\\\/\\\/revolutionpadelstore.com\\\/wp-content\\\/uploads\\\/2024\\\/12\\\/70.png\",\"width\":1500,\"height\":1500},{\"@type\":\"BreadcrumbList\",\"@id\":\"https:\\\/\\\/revolutionpadelstore.com\\\/it\\\/prodotto\\\/bullpadel-indiga-girl-25-4\\\/#breadcrumb\",\"itemListElement\":[{\"@type\":\"ListItem\",\"position\":1,\"name\":\"Portada\",\"item\":\"https:\\\/\\\/revolutionpadelstore.com\\\/it\\\/\"},{\"@type\":\"ListItem\",\"position\":2,\"name\":\"Tienda\",\"item\":\"https:\\\/\\\/revolutionpadelstore.com\\\/it\\\/tienda\\\/\"},{\"@type\":\"ListItem\",\"position\":3,\"name\":\"BULLPADEL INDIGA GIRL 25\"}]},{\"@type\":\"WebSite\",\"@id\":\"https:\\\/\\\/revolutionpadelstore.com\\\/it\\\/#website\",\"url\":\"https:\\\/\\\/revolutionpadelstore.com\\\/it\\\/\",\"name\":\"Revolution Padel Store\",\"description\":\"\",\"publisher\":{\"@id\":\"https:\\\/\\\/revolutionpadelstore.com\\\/it\\\/#organization\"},\"potentialAction\":[{\"@type\":\"SearchAction\",\"target\":{\"@type\":\"EntryPoint\",\"urlTemplate\":\"https:\\\/\\\/revolutionpadelstore.com\\\/it\\\/?s={search_term_string}\"},\"query-input\":{\"@type\":\"PropertyValueSpecification\",\"valueRequired\":true,\"valueName\":\"search_term_string\"}}],\"inLanguage\":\"it-IT\"},{\"@type\":\"Organization\",\"@id\":\"https:\\\/\\\/revolutionpadelstore.com\\\/it\\\/#organization\",\"name\":\"Revolution Padel Store\",\"url\":\"https:\\\/\\\/revolutionpadelstore.com\\\/it\\\/\",\"logo\":{\"@type\":\"ImageObject\",\"inLanguage\":\"it-IT\",\"@id\":\"https:\\\/\\\/revolutionpadelstore.com\\\/it\\\/#\\\/schema\\\/logo\\\/image\\\/\",\"url\":\"https:\\\/\\\/revolutionpadelstore.com\\\/wp-content\\\/uploads\\\/2026\\\/02\\\/revolution-padel-store.jpg\",\"contentUrl\":\"https:\\\/\\\/revolutionpadelstore.com\\\/wp-content\\\/uploads\\\/2026\\\/02\\\/revolution-padel-store.jpg\",\"width\":2000,\"height\":2000,\"caption\":\"Revolution Padel Store\"},\"image\":{\"@id\":\"https:\\\/\\\/revolutionpadelstore.com\\\/it\\\/#\\\/schema\\\/logo\\\/image\\\/\"},\"sameAs\":[\"https:\\\/\\\/www.instagram.com\\\/revolutionpadelstore\\\/\"]}]}<\/script>\n<!-- \/ Yoast SEO plugin. -->","yoast_head_json":{"title":"BULLPADEL INDIGA GIRL 25 - Revolution Padel Store","description":"Descubre las palas Bullpadel Indiga Boy y Girl, dise\u00f1adas para ni\u00f1os principiantes. Con tecnolog\u00eda Grip Zone y dise\u00f1o ergon\u00f3mico, son ideales para aprender. \u00a1Compra online en www.revolutionpadelstore.com!","robots":{"index":"index","follow":"follow","max-snippet":"max-snippet:-1","max-image-preview":"max-image-preview:large","max-video-preview":"max-video-preview:-1"},"canonical":"https:\/\/revolutionpadelstore.com\/it\/prodotto\/bullpadel-indiga-girl-25-4\/","og_locale":"it_IT","og_type":"article","og_title":"BULLPADEL INDIGA GIRL 25 - Revolution Padel Store","og_description":"Descubre las palas Bullpadel Indiga Boy y Girl, dise\u00f1adas para ni\u00f1os principiantes. Con tecnolog\u00eda Grip Zone y dise\u00f1o ergon\u00f3mico, son ideales para aprender. \u00a1Compra online en www.revolutionpadelstore.com!","og_url":"https:\/\/revolutionpadelstore.com\/it\/prodotto\/bullpadel-indiga-girl-25-4\/","og_site_name":"Revolution Padel Store","article_modified_time":"2026-04-08T06:54:08+00:00","og_image":[{"width":1500,"height":1500,"url":"https:\/\/revolutionpadelstore.com\/wp-content\/uploads\/2024\/12\/70.png","type":"image\/png"}],"twitter_card":"summary_large_image","twitter_misc":{"Tempo di lettura stimato":"1 minuto"},"schema":{"@context":"https:\/\/schema.org","@graph":[{"@type":"WebPage","@id":"https:\/\/revolutionpadelstore.com\/it\/prodotto\/bullpadel-indiga-girl-25-4\/","url":"https:\/\/revolutionpadelstore.com\/it\/prodotto\/bullpadel-indiga-girl-25-4\/","name":"BULLPADEL INDIGA GIRL 25 - Revolution Padel Store","isPartOf":{"@id":"https:\/\/revolutionpadelstore.com\/it\/#website"},"primaryImageOfPage":{"@id":"https:\/\/revolutionpadelstore.com\/it\/prodotto\/bullpadel-indiga-girl-25-4\/#primaryimage"},"image":{"@id":"https:\/\/revolutionpadelstore.com\/it\/prodotto\/bullpadel-indiga-girl-25-4\/#primaryimage"},"thumbnailUrl":"https:\/\/revolutionpadelstore.com\/wp-content\/uploads\/2024\/12\/70.png","datePublished":"2024-12-27T23:50:21+00:00","dateModified":"2026-04-08T06:54:08+00:00","description":"Descubre las palas Bullpadel Indiga Boy y Girl, dise\u00f1adas para ni\u00f1os principiantes. Con tecnolog\u00eda Grip Zone y dise\u00f1o ergon\u00f3mico, son ideales para aprender. \u00a1Compra online en www.revolutionpadelstore.com!","breadcrumb":{"@id":"https:\/\/revolutionpadelstore.com\/it\/prodotto\/bullpadel-indiga-girl-25-4\/#breadcrumb"},"inLanguage":"it-IT","potentialAction":[{"@type":"ReadAction","target":["https:\/\/revolutionpadelstore.com\/it\/prodotto\/bullpadel-indiga-girl-25-4\/"]}]},{"@type":"ImageObject","inLanguage":"it-IT","@id":"https:\/\/revolutionpadelstore.com\/it\/prodotto\/bullpadel-indiga-girl-25-4\/#primaryimage","url":"https:\/\/revolutionpadelstore.com\/wp-content\/uploads\/2024\/12\/70.png","contentUrl":"https:\/\/revolutionpadelstore.com\/wp-content\/uploads\/2024\/12\/70.png","width":1500,"height":1500},{"@type":"BreadcrumbList","@id":"https:\/\/revolutionpadelstore.com\/it\/prodotto\/bullpadel-indiga-girl-25-4\/#breadcrumb","itemListElement":[{"@type":"ListItem","position":1,"name":"Portada","item":"https:\/\/revolutionpadelstore.com\/it\/"},{"@type":"ListItem","position":2,"name":"Tienda","item":"https:\/\/revolutionpadelstore.com\/it\/tienda\/"},{"@type":"ListItem","position":3,"name":"BULLPADEL INDIGA GIRL 25"}]},{"@type":"WebSite","@id":"https:\/\/revolutionpadelstore.com\/it\/#website","url":"https:\/\/revolutionpadelstore.com\/it\/","name":"Revolution Padel Store","description":"","publisher":{"@id":"https:\/\/revolutionpadelstore.com\/it\/#organization"},"potentialAction":[{"@type":"SearchAction","target":{"@type":"EntryPoint","urlTemplate":"https:\/\/revolutionpadelstore.com\/it\/?s={search_term_string}"},"query-input":{"@type":"PropertyValueSpecification","valueRequired":true,"valueName":"search_term_string"}}],"inLanguage":"it-IT"},{"@type":"Organization","@id":"https:\/\/revolutionpadelstore.com\/it\/#organization","name":"Revolution Padel Store","url":"https:\/\/revolutionpadelstore.com\/it\/","logo":{"@type":"ImageObject","inLanguage":"it-IT","@id":"https:\/\/revolutionpadelstore.com\/it\/#\/schema\/logo\/image\/","url":"https:\/\/revolutionpadelstore.com\/wp-content\/uploads\/2026\/02\/revolution-padel-store.jpg","contentUrl":"https:\/\/revolutionpadelstore.com\/wp-content\/uploads\/2026\/02\/revolution-padel-store.jpg","width":2000,"height":2000,"caption":"Revolution Padel Store"},"image":{"@id":"https:\/\/revolutionpadelstore.com\/it\/#\/schema\/logo\/image\/"},"sameAs":["https:\/\/www.instagram.com\/revolutionpadelstore\/"]}]}},"_links":{"self":[{"href":"https:\/\/revolutionpadelstore.com\/it\/wp-json\/wp\/v2\/product\/157173","targetHints":{"allow":["GET"]}}],"collection":[{"href":"https:\/\/revolutionpadelstore.com\/it\/wp-json\/wp\/v2\/product"}],"about":[{"href":"https:\/\/revolutionpadelstore.com\/it\/wp-json\/wp\/v2\/types\/product"}],"replies":[{"embeddable":true,"href":"https:\/\/revolutionpadelstore.com\/it\/wp-json\/wp\/v2\/comments?post=157173"}],"wp:featuredmedia":[{"embeddable":true,"href":"https:\/\/revolutionpadelstore.com\/it\/wp-json\/wp\/v2\/media\/157150"}],"wp:attachment":[{"href":"https:\/\/revolutionpadelstore.com\/it\/wp-json\/wp\/v2\/media?parent=157173"}],"wp:term":[{"taxonomy":"acabado","embeddable":true,"href":"https:\/\/revolutionpadelstore.com\/it\/wp-json\/wp\/v2\/acabado?post=157173"},{"taxonomy":"balance","embeddable":true,"href":"https:\/\/revolutionpadelstore.com\/it\/wp-json\/wp\/v2\/balance?post=157173"},{"taxonomy":"dureza","embeddable":true,"href":"https:\/\/revolutionpadelstore.com\/it\/wp-json\/wp\/v2\/dureza?post=157173"},{"taxonomy":"forma","embeddable":true,"href":"https:\/\/revolutionpadelstore.com\/it\/wp-json\/wp\/v2\/forma?post=157173"},{"taxonomy":"jugador","embeddable":true,"href":"https:\/\/revolutionpadelstore.com\/it\/wp-json\/wp\/v2\/jugador?post=157173"},{"taxonomy":"marca","embeddable":true,"href":"https:\/\/revolutionpadelstore.com\/it\/wp-json\/wp\/v2\/marca?post=157173"},{"taxonomy":"nivel-de-juego","embeddable":true,"href":"https:\/\/revolutionpadelstore.com\/it\/wp-json\/wp\/v2\/nivel-de-juego?post=157173"},{"taxonomy":"superficie","embeddable":true,"href":"https:\/\/revolutionpadelstore.com\/it\/wp-json\/wp\/v2\/superficie?post=157173"},{"taxonomy":"tipo-de-juego","embeddable":true,"href":"https:\/\/revolutionpadelstore.com\/it\/wp-json\/wp\/v2\/tipo-de-juego?post=157173"},{"taxonomy":"product_brand","embeddable":true,"href":"https:\/\/revolutionpadelstore.com\/it\/wp-json\/wp\/v2\/product_brand?post=157173"},{"taxonomy":"product_cat","embeddable":true,"href":"https:\/\/revolutionpadelstore.com\/it\/wp-json\/wp\/v2\/product_cat?post=157173"},{"taxonomy":"product_tag","embeddable":true,"href":"https:\/\/revolutionpadelstore.com\/it\/wp-json\/wp\/v2\/product_tag?post=157173"}],"curies":[{"name":"wp","href":"https:\/\/api.w.org\/{rel}","templated":true}]}}