{"id":157113,"date":"2024-12-28T00:15:35","date_gmt":"2024-12-27T23:15:35","guid":{"rendered":"https:\/\/revolutionpadelstore.com\/bullpadel-indiga-boy-25\/"},"modified":"2026-04-01T05:41:26","modified_gmt":"2026-04-01T03:41:26","slug":"bullpadel-indiga-boy-25-4","status":"publish","type":"product","link":"https:\/\/revolutionpadelstore.com\/it\/prodotto\/bullpadel-indiga-boy-25-4\/","title":{"rendered":"BULLPADEL INDIGA BOY 25"},"content":{"rendered":"<h2> Bullpadel Padel Blade Indiga Boy.<br \/>\n<strong> Progettato per i bambini che iniziano nella paletta <\/strong>, il <strong> bullpadel indiga boy and Girl <\/strong> si distinguono per il loro design sorprendente e la tecnologia avanzata. Queste lame sono create pensando di facilitare l&#8217;apprendimento dei colpi di base, facendo godere i piccoli giocatori dal primo momento.<\/p>\n<h2> Caratteristiche eccezionali del ragazzo e della ragazza indiga lame <\/h2>\n<p><strong> -grip Zone Innovative <\/strong>: include un&#8217;area specifica nella matrice di lama per facilitare la presa con la mano non dominante, che aiuta i bambini a imparare la tecnica corretta pi\u00f9 rapidamente e facilmente.<\/p>\n<p><strong>-Adapted EMTUPLE <\/strong>: progettato per adattarsi a mani piccole, con una presa comoda che garantisce una maneggevolezza sicura e confortevole.<\/p>\n<p><strong> -Broad Nucleus <\/strong>: fornisce un grande punto dolce che ottimizza il controllo e la potenza nei primi colpi.<\/p>\n<p><strong> -Il design attraente <\/strong>: con colori vibranti e una finitura giovanile che incanter\u00e0 i pi\u00f9 piccoli.<\/p>\n<h2> Vantaggi chiave <\/h2>\n<p><strong> -Learning Facility <\/strong>: grazie alla loro ergonomia e design, i bambini possono dominare le tecniche di base in modo semplice.<\/p>\n<p><strong> -Confort and Security <\/strong>: la tua presa adattata e confortevole evita di scivolare e migliora il controllo durante il gioco.<\/p>\n<p><strong> -Dourability <\/strong>: prodotto con materiali di alta qualit\u00e0 che garantiscono resistenza e prestazioni coerenti.<\/p>\n<h2> Perch\u00e9 scegliere i bambini indiga bullpadel?<br \/>\nQueste lame sono appositamente progettate per i giocatori pi\u00f9 giovani, offrendo un&#8217;esperienza giocosa ed educativa. Sono l&#8217;opzione perfetta per i bambini di fare i loro primi passi nel mondo della pagaia e sviluppare la loro passione per questo sport.<\/p>\n<p><strong> Fai divertire i piccoli a imparare a giocare a pagaia per il ragazzo e ragazza indiga bullpadel, disponibile nel nostro negozio online <a href=\"http:\/\/www.revolutionpadelstore.com\/\"> www.revolutionpadelstore.com\/a&gt; Al miglior prezzo di mercato<\/p>\n<h2>Pala de P\u00e1del Bullpadel Indiga Boy.La Elecci\u00f3n Ideal para Peque\u00f1os Campeones<\/h2>\n","protected":false},"excerpt":{"rendered":"<p>Il ragazzo e la ragazza di Palas Indiga sono le lame di bullpadel per bambini, per i bambini che iniziano a godersi la pagaia facile e veloce.<\/p>\n","protected":false},"featured_media":157090,"comment_status":"open","ping_status":"closed","template":"","meta":{"_acf_changed":false,"_joinchat":[]},"acabado":[],"balance":[],"dureza":[],"forma":[],"jugador":[1206],"marca":[1256],"nivel-de-juego":[],"superficie":[],"tipo-de-juego":[],"product_brand":[],"product_cat":[301],"product_tag":[],"class_list":{"0":"post-157113","1":"product","2":"type-product","3":"status-publish","4":"has-post-thumbnail","6":"jugador-junior-it","7":"marca-bullpadel-it","8":"product_cat-palas-de-padel-it","10":"first","11":"instock","12":"sale","13":"taxable","14":"shipping-taxable","15":"purchasable","16":"product-type-simple"},"acf":[],"yoast_head":"<!-- This site is optimized with the Yoast SEO plugin v27.3 - https:\/\/yoast.com\/product\/yoast-seo-wordpress\/ -->\n<title>BULLPADEL INDIGA BOY 25 - Revolution Padel Store<\/title>\n<meta name=\"description\" content=\"Descubre las palas de p\u00e1del Bullpadel Indiga Boy y Girl, ideales para ni\u00f1os principiantes. Dise\u00f1o ergon\u00f3mico, grip c\u00f3modo y tecnolog\u00eda innovadora. \u00a1Compra online en www.revolutionpadelstore.com!\" \/>\n<meta name=\"robots\" content=\"index, follow, max-snippet:-1, max-image-preview:large, max-video-preview:-1\" \/>\n<link rel=\"canonical\" href=\"https:\/\/revolutionpadelstore.com\/it\/prodotto\/bullpadel-indiga-boy-25-4\/\" \/>\n<meta property=\"og:locale\" content=\"it_IT\" \/>\n<meta property=\"og:type\" content=\"article\" \/>\n<meta property=\"og:title\" content=\"BULLPADEL INDIGA BOY 25 - Revolution Padel Store\" \/>\n<meta property=\"og:description\" content=\"Descubre las palas de p\u00e1del Bullpadel Indiga Boy y Girl, ideales para ni\u00f1os principiantes. Dise\u00f1o ergon\u00f3mico, grip c\u00f3modo y tecnolog\u00eda innovadora. \u00a1Compra online en www.revolutionpadelstore.com!\" \/>\n<meta property=\"og:url\" content=\"https:\/\/revolutionpadelstore.com\/it\/prodotto\/bullpadel-indiga-boy-25-4\/\" \/>\n<meta property=\"og:site_name\" content=\"Revolution Padel Store\" \/>\n<meta property=\"article:modified_time\" content=\"2026-04-01T03:41:26+00:00\" \/>\n<meta property=\"og:image\" content=\"https:\/\/revolutionpadelstore.com\/wp-content\/uploads\/2024\/12\/66.png\" \/>\n\t<meta property=\"og:image:width\" content=\"1500\" \/>\n\t<meta property=\"og:image:height\" content=\"1500\" \/>\n\t<meta property=\"og:image:type\" content=\"image\/png\" \/>\n<meta name=\"twitter:card\" content=\"summary_large_image\" \/>\n<meta name=\"twitter:label1\" content=\"Tempo di lettura stimato\" \/>\n\t<meta name=\"twitter:data1\" content=\"2 minuti\" \/>\n<script type=\"application\/ld+json\" class=\"yoast-schema-graph\">{\"@context\":\"https:\\\/\\\/schema.org\",\"@graph\":[{\"@type\":\"WebPage\",\"@id\":\"https:\\\/\\\/revolutionpadelstore.com\\\/it\\\/prodotto\\\/bullpadel-indiga-boy-25-4\\\/\",\"url\":\"https:\\\/\\\/revolutionpadelstore.com\\\/it\\\/prodotto\\\/bullpadel-indiga-boy-25-4\\\/\",\"name\":\"BULLPADEL INDIGA BOY 25 - Revolution Padel Store\",\"isPartOf\":{\"@id\":\"https:\\\/\\\/revolutionpadelstore.com\\\/it\\\/#website\"},\"primaryImageOfPage\":{\"@id\":\"https:\\\/\\\/revolutionpadelstore.com\\\/it\\\/prodotto\\\/bullpadel-indiga-boy-25-4\\\/#primaryimage\"},\"image\":{\"@id\":\"https:\\\/\\\/revolutionpadelstore.com\\\/it\\\/prodotto\\\/bullpadel-indiga-boy-25-4\\\/#primaryimage\"},\"thumbnailUrl\":\"https:\\\/\\\/revolutionpadelstore.com\\\/wp-content\\\/uploads\\\/2024\\\/12\\\/66.png\",\"datePublished\":\"2024-12-27T23:15:35+00:00\",\"dateModified\":\"2026-04-01T03:41:26+00:00\",\"description\":\"Descubre las palas de p\u00e1del Bullpadel Indiga Boy y Girl, ideales para ni\u00f1os principiantes. Dise\u00f1o ergon\u00f3mico, grip c\u00f3modo y tecnolog\u00eda innovadora. \u00a1Compra online en www.revolutionpadelstore.com!\",\"breadcrumb\":{\"@id\":\"https:\\\/\\\/revolutionpadelstore.com\\\/it\\\/prodotto\\\/bullpadel-indiga-boy-25-4\\\/#breadcrumb\"},\"inLanguage\":\"it-IT\",\"potentialAction\":[{\"@type\":\"ReadAction\",\"target\":[\"https:\\\/\\\/revolutionpadelstore.com\\\/it\\\/prodotto\\\/bullpadel-indiga-boy-25-4\\\/\"]}]},{\"@type\":\"ImageObject\",\"inLanguage\":\"it-IT\",\"@id\":\"https:\\\/\\\/revolutionpadelstore.com\\\/it\\\/prodotto\\\/bullpadel-indiga-boy-25-4\\\/#primaryimage\",\"url\":\"https:\\\/\\\/revolutionpadelstore.com\\\/wp-content\\\/uploads\\\/2024\\\/12\\\/66.png\",\"contentUrl\":\"https:\\\/\\\/revolutionpadelstore.com\\\/wp-content\\\/uploads\\\/2024\\\/12\\\/66.png\",\"width\":1500,\"height\":1500},{\"@type\":\"BreadcrumbList\",\"@id\":\"https:\\\/\\\/revolutionpadelstore.com\\\/it\\\/prodotto\\\/bullpadel-indiga-boy-25-4\\\/#breadcrumb\",\"itemListElement\":[{\"@type\":\"ListItem\",\"position\":1,\"name\":\"Portada\",\"item\":\"https:\\\/\\\/revolutionpadelstore.com\\\/it\\\/\"},{\"@type\":\"ListItem\",\"position\":2,\"name\":\"Tienda\",\"item\":\"https:\\\/\\\/revolutionpadelstore.com\\\/it\\\/tienda\\\/\"},{\"@type\":\"ListItem\",\"position\":3,\"name\":\"BULLPADEL INDIGA BOY 25\"}]},{\"@type\":\"WebSite\",\"@id\":\"https:\\\/\\\/revolutionpadelstore.com\\\/it\\\/#website\",\"url\":\"https:\\\/\\\/revolutionpadelstore.com\\\/it\\\/\",\"name\":\"Revolution Padel Store\",\"description\":\"\",\"publisher\":{\"@id\":\"https:\\\/\\\/revolutionpadelstore.com\\\/it\\\/#organization\"},\"potentialAction\":[{\"@type\":\"SearchAction\",\"target\":{\"@type\":\"EntryPoint\",\"urlTemplate\":\"https:\\\/\\\/revolutionpadelstore.com\\\/it\\\/?s={search_term_string}\"},\"query-input\":{\"@type\":\"PropertyValueSpecification\",\"valueRequired\":true,\"valueName\":\"search_term_string\"}}],\"inLanguage\":\"it-IT\"},{\"@type\":\"Organization\",\"@id\":\"https:\\\/\\\/revolutionpadelstore.com\\\/it\\\/#organization\",\"name\":\"Revolution Padel Store\",\"url\":\"https:\\\/\\\/revolutionpadelstore.com\\\/it\\\/\",\"logo\":{\"@type\":\"ImageObject\",\"inLanguage\":\"it-IT\",\"@id\":\"https:\\\/\\\/revolutionpadelstore.com\\\/it\\\/#\\\/schema\\\/logo\\\/image\\\/\",\"url\":\"https:\\\/\\\/revolutionpadelstore.com\\\/wp-content\\\/uploads\\\/2026\\\/02\\\/revolution-padel-store.jpg\",\"contentUrl\":\"https:\\\/\\\/revolutionpadelstore.com\\\/wp-content\\\/uploads\\\/2026\\\/02\\\/revolution-padel-store.jpg\",\"width\":2000,\"height\":2000,\"caption\":\"Revolution Padel Store\"},\"image\":{\"@id\":\"https:\\\/\\\/revolutionpadelstore.com\\\/it\\\/#\\\/schema\\\/logo\\\/image\\\/\"},\"sameAs\":[\"https:\\\/\\\/www.instagram.com\\\/revolutionpadelstore\\\/\"]}]}<\/script>\n<!-- \/ Yoast SEO plugin. -->","yoast_head_json":{"title":"BULLPADEL INDIGA BOY 25 - Revolution Padel Store","description":"Descubre las palas de p\u00e1del Bullpadel Indiga Boy y Girl, ideales para ni\u00f1os principiantes. Dise\u00f1o ergon\u00f3mico, grip c\u00f3modo y tecnolog\u00eda innovadora. \u00a1Compra online en www.revolutionpadelstore.com!","robots":{"index":"index","follow":"follow","max-snippet":"max-snippet:-1","max-image-preview":"max-image-preview:large","max-video-preview":"max-video-preview:-1"},"canonical":"https:\/\/revolutionpadelstore.com\/it\/prodotto\/bullpadel-indiga-boy-25-4\/","og_locale":"it_IT","og_type":"article","og_title":"BULLPADEL INDIGA BOY 25 - Revolution Padel Store","og_description":"Descubre las palas de p\u00e1del Bullpadel Indiga Boy y Girl, ideales para ni\u00f1os principiantes. Dise\u00f1o ergon\u00f3mico, grip c\u00f3modo y tecnolog\u00eda innovadora. \u00a1Compra online en www.revolutionpadelstore.com!","og_url":"https:\/\/revolutionpadelstore.com\/it\/prodotto\/bullpadel-indiga-boy-25-4\/","og_site_name":"Revolution Padel Store","article_modified_time":"2026-04-01T03:41:26+00:00","og_image":[{"width":1500,"height":1500,"url":"https:\/\/revolutionpadelstore.com\/wp-content\/uploads\/2024\/12\/66.png","type":"image\/png"}],"twitter_card":"summary_large_image","twitter_misc":{"Tempo di lettura stimato":"2 minuti"},"schema":{"@context":"https:\/\/schema.org","@graph":[{"@type":"WebPage","@id":"https:\/\/revolutionpadelstore.com\/it\/prodotto\/bullpadel-indiga-boy-25-4\/","url":"https:\/\/revolutionpadelstore.com\/it\/prodotto\/bullpadel-indiga-boy-25-4\/","name":"BULLPADEL INDIGA BOY 25 - Revolution Padel Store","isPartOf":{"@id":"https:\/\/revolutionpadelstore.com\/it\/#website"},"primaryImageOfPage":{"@id":"https:\/\/revolutionpadelstore.com\/it\/prodotto\/bullpadel-indiga-boy-25-4\/#primaryimage"},"image":{"@id":"https:\/\/revolutionpadelstore.com\/it\/prodotto\/bullpadel-indiga-boy-25-4\/#primaryimage"},"thumbnailUrl":"https:\/\/revolutionpadelstore.com\/wp-content\/uploads\/2024\/12\/66.png","datePublished":"2024-12-27T23:15:35+00:00","dateModified":"2026-04-01T03:41:26+00:00","description":"Descubre las palas de p\u00e1del Bullpadel Indiga Boy y Girl, ideales para ni\u00f1os principiantes. Dise\u00f1o ergon\u00f3mico, grip c\u00f3modo y tecnolog\u00eda innovadora. \u00a1Compra online en www.revolutionpadelstore.com!","breadcrumb":{"@id":"https:\/\/revolutionpadelstore.com\/it\/prodotto\/bullpadel-indiga-boy-25-4\/#breadcrumb"},"inLanguage":"it-IT","potentialAction":[{"@type":"ReadAction","target":["https:\/\/revolutionpadelstore.com\/it\/prodotto\/bullpadel-indiga-boy-25-4\/"]}]},{"@type":"ImageObject","inLanguage":"it-IT","@id":"https:\/\/revolutionpadelstore.com\/it\/prodotto\/bullpadel-indiga-boy-25-4\/#primaryimage","url":"https:\/\/revolutionpadelstore.com\/wp-content\/uploads\/2024\/12\/66.png","contentUrl":"https:\/\/revolutionpadelstore.com\/wp-content\/uploads\/2024\/12\/66.png","width":1500,"height":1500},{"@type":"BreadcrumbList","@id":"https:\/\/revolutionpadelstore.com\/it\/prodotto\/bullpadel-indiga-boy-25-4\/#breadcrumb","itemListElement":[{"@type":"ListItem","position":1,"name":"Portada","item":"https:\/\/revolutionpadelstore.com\/it\/"},{"@type":"ListItem","position":2,"name":"Tienda","item":"https:\/\/revolutionpadelstore.com\/it\/tienda\/"},{"@type":"ListItem","position":3,"name":"BULLPADEL INDIGA BOY 25"}]},{"@type":"WebSite","@id":"https:\/\/revolutionpadelstore.com\/it\/#website","url":"https:\/\/revolutionpadelstore.com\/it\/","name":"Revolution Padel Store","description":"","publisher":{"@id":"https:\/\/revolutionpadelstore.com\/it\/#organization"},"potentialAction":[{"@type":"SearchAction","target":{"@type":"EntryPoint","urlTemplate":"https:\/\/revolutionpadelstore.com\/it\/?s={search_term_string}"},"query-input":{"@type":"PropertyValueSpecification","valueRequired":true,"valueName":"search_term_string"}}],"inLanguage":"it-IT"},{"@type":"Organization","@id":"https:\/\/revolutionpadelstore.com\/it\/#organization","name":"Revolution Padel Store","url":"https:\/\/revolutionpadelstore.com\/it\/","logo":{"@type":"ImageObject","inLanguage":"it-IT","@id":"https:\/\/revolutionpadelstore.com\/it\/#\/schema\/logo\/image\/","url":"https:\/\/revolutionpadelstore.com\/wp-content\/uploads\/2026\/02\/revolution-padel-store.jpg","contentUrl":"https:\/\/revolutionpadelstore.com\/wp-content\/uploads\/2026\/02\/revolution-padel-store.jpg","width":2000,"height":2000,"caption":"Revolution Padel Store"},"image":{"@id":"https:\/\/revolutionpadelstore.com\/it\/#\/schema\/logo\/image\/"},"sameAs":["https:\/\/www.instagram.com\/revolutionpadelstore\/"]}]}},"_links":{"self":[{"href":"https:\/\/revolutionpadelstore.com\/it\/wp-json\/wp\/v2\/product\/157113","targetHints":{"allow":["GET"]}}],"collection":[{"href":"https:\/\/revolutionpadelstore.com\/it\/wp-json\/wp\/v2\/product"}],"about":[{"href":"https:\/\/revolutionpadelstore.com\/it\/wp-json\/wp\/v2\/types\/product"}],"replies":[{"embeddable":true,"href":"https:\/\/revolutionpadelstore.com\/it\/wp-json\/wp\/v2\/comments?post=157113"}],"wp:featuredmedia":[{"embeddable":true,"href":"https:\/\/revolutionpadelstore.com\/it\/wp-json\/wp\/v2\/media\/157090"}],"wp:attachment":[{"href":"https:\/\/revolutionpadelstore.com\/it\/wp-json\/wp\/v2\/media?parent=157113"}],"wp:term":[{"taxonomy":"acabado","embeddable":true,"href":"https:\/\/revolutionpadelstore.com\/it\/wp-json\/wp\/v2\/acabado?post=157113"},{"taxonomy":"balance","embeddable":true,"href":"https:\/\/revolutionpadelstore.com\/it\/wp-json\/wp\/v2\/balance?post=157113"},{"taxonomy":"dureza","embeddable":true,"href":"https:\/\/revolutionpadelstore.com\/it\/wp-json\/wp\/v2\/dureza?post=157113"},{"taxonomy":"forma","embeddable":true,"href":"https:\/\/revolutionpadelstore.com\/it\/wp-json\/wp\/v2\/forma?post=157113"},{"taxonomy":"jugador","embeddable":true,"href":"https:\/\/revolutionpadelstore.com\/it\/wp-json\/wp\/v2\/jugador?post=157113"},{"taxonomy":"marca","embeddable":true,"href":"https:\/\/revolutionpadelstore.com\/it\/wp-json\/wp\/v2\/marca?post=157113"},{"taxonomy":"nivel-de-juego","embeddable":true,"href":"https:\/\/revolutionpadelstore.com\/it\/wp-json\/wp\/v2\/nivel-de-juego?post=157113"},{"taxonomy":"superficie","embeddable":true,"href":"https:\/\/revolutionpadelstore.com\/it\/wp-json\/wp\/v2\/superficie?post=157113"},{"taxonomy":"tipo-de-juego","embeddable":true,"href":"https:\/\/revolutionpadelstore.com\/it\/wp-json\/wp\/v2\/tipo-de-juego?post=157113"},{"taxonomy":"product_brand","embeddable":true,"href":"https:\/\/revolutionpadelstore.com\/it\/wp-json\/wp\/v2\/product_brand?post=157113"},{"taxonomy":"product_cat","embeddable":true,"href":"https:\/\/revolutionpadelstore.com\/it\/wp-json\/wp\/v2\/product_cat?post=157113"},{"taxonomy":"product_tag","embeddable":true,"href":"https:\/\/revolutionpadelstore.com\/it\/wp-json\/wp\/v2\/product_tag?post=157113"}],"curies":[{"name":"wp","href":"https:\/\/api.w.org\/{rel}","templated":true}]}}