{"id":157036,"date":"2024-12-27T14:13:16","date_gmt":"2024-12-27T13:13:16","guid":{"rendered":"https:\/\/revolutionpadelstore.com\/zapatilla-bullpadel-pearl-24i-blanco\/"},"modified":"2026-04-08T08:55:26","modified_gmt":"2026-04-08T06:55:26","slug":"zapatilla-bullpadel-pearl-24i-blanco-4","status":"publish","type":"product","link":"https:\/\/revolutionpadelstore.com\/it\/prodotto\/zapatilla-bullpadel-pearl-24i-blanco-4\/","title":{"rendered":"ZAPATILLA BULLPADEL PEARL 24I BLANCO"},"content":{"rendered":"<h2> <strong> scarpe perle bullpadel &#8211; Ispirato da Bea Gonz\u00e1lez <\/strong> <\/h2>\n<p>Eleva la tua performance in pista con le scarpe perle di bullpadel, progettate in collaborazione con la star di Bea Gonz\u00e1lez Paddle. Questo modello combina la tecnologia pi\u00f9 avanzata con un design attraente che ti far\u00e0 evidenziare in ogni gioco.<\/p>\n<h2> <strong> Caratteristiche principali: <\/strong> <\/h2>\n<p><strong>-Amortigazione avanzata: <\/strong> Il suo sistema innovativo riduce l&#8217;impatto sulle articolazioni, garantendo il comfort durante il gioco.<\/p>\n<p><strong> -imuela: <\/strong> offre una presa eccezionale su varie superfici, consentendo movimenti pi\u00f9 sicuri e pi\u00f9 dinamici.<\/p>\n<p><strong> -Rear Stabilizer: <\/strong> migliora la stabilit\u00e0 e impedisce le lesioni durante improvvisi cambiamenti di direzione.<\/p>\n<p><strong> -stype e leggero: <\/strong> La mesh superiore favorisce la ventilazione, mantenendo i piedi freschi anche nei giochi pi\u00f9 intensi.<\/p>\n<p><strong> -Strategic Respries: <\/strong> aree come la punta sono rafforzate per una maggiore durata.<\/p>\n<p><strong> -Geronomic Planilla: <\/strong> fornisce un adattamento perfetto e un comfort superiore.<\/p>\n<p><strong> -Addizionale supporto nella caviglia: <\/strong> ideale per movimenti rapidi e curve inaspettate.<\/p>\n<h2> <strong> Specifiche tecniche: <\/strong> <\/h2>\n<p><strong> -Suela: <\/strong> ibrido<\/p>\n<p><strong> -colores disponibile: <\/strong> bianco, verde e blu<\/p>\n<p>Queste scarpe sono perfette per i giocatori che cercano scarpe ad alte prestazioni senza sacrificare lo stile. Progettato per adattarsi alle esigenze del gioco professionale, la perla bullpadel ti garantisce stabilit\u00e0, durata e comfort in ogni fase.<\/p>\n<p><strong> Fai loro i tuoi adesso!<\/p>\n<h2><strong>Zapatillas Bullpadel Pearl \u2013 Inspiradas en Bea Gonz\u00e1lez<\/strong><\/p>\n","protected":false},"excerpt":{"rendered":"<p>Solleva le prestazioni della passerella con le scarpe perle di bullpadel, progettate in collaborazione con il giocatore di paddle Bea Gonz\u00e1lez<\/p>\n","protected":false},"featured_media":156972,"comment_status":"open","ping_status":"closed","template":"","meta":{"_acf_changed":false,"_joinchat":[]},"acabado":[],"balance":[],"dureza":[],"forma":[],"jugador":[1196],"marca":[1256],"nivel-de-juego":[],"superficie":[],"tipo-de-juego":[],"product_brand":[],"product_cat":[832],"product_tag":[],"class_list":{"0":"post-157036","1":"product","2":"type-product","3":"status-publish","4":"has-post-thumbnail","6":"jugador-mujer-it","7":"marca-bullpadel-it","8":"product_cat-scarpe-da-ginnastica","10":"first","11":"outofstock","12":"sale","13":"taxable","14":"shipping-taxable","15":"purchasable","16":"product-type-variable"},"acf":[],"yoast_head":"<!-- This site is optimized with the Yoast SEO plugin v27.4 - https:\/\/yoast.com\/product\/yoast-seo-wordpress\/ -->\n<title>ZAPATILLA BULLPADEL PEARL 24I BLANCO - Revolution Padel Store<\/title>\n<meta name=\"description\" content=\"Descubre las Zapatillas Bullpadel Pearl, dise\u00f1adas junto a Bea Gonz\u00e1lez. Tecnolog\u00eda avanzada, dise\u00f1o ligero y m\u00e1xima comodidad. \u00a1C\u00f3mpralas al mejor precio en Revolution Padel Store!\" \/>\n<meta name=\"robots\" content=\"index, follow, max-snippet:-1, max-image-preview:large, max-video-preview:-1\" \/>\n<link rel=\"canonical\" href=\"https:\/\/revolutionpadelstore.com\/it\/prodotto\/zapatilla-bullpadel-pearl-24i-blanco-4\/\" \/>\n<meta property=\"og:locale\" content=\"it_IT\" \/>\n<meta property=\"og:type\" content=\"article\" \/>\n<meta property=\"og:title\" content=\"ZAPATILLA BULLPADEL PEARL 24I BLANCO - Revolution Padel Store\" \/>\n<meta property=\"og:description\" content=\"Descubre las Zapatillas Bullpadel Pearl, dise\u00f1adas junto a Bea Gonz\u00e1lez. Tecnolog\u00eda avanzada, dise\u00f1o ligero y m\u00e1xima comodidad. \u00a1C\u00f3mpralas al mejor precio en Revolution Padel Store!\" \/>\n<meta property=\"og:url\" content=\"https:\/\/revolutionpadelstore.com\/it\/prodotto\/zapatilla-bullpadel-pearl-24i-blanco-4\/\" \/>\n<meta property=\"og:site_name\" content=\"Revolution Padel Store\" \/>\n<meta property=\"article:modified_time\" content=\"2026-04-08T06:55:26+00:00\" \/>\n<meta property=\"og:image\" content=\"https:\/\/revolutionpadelstore.com\/wp-content\/uploads\/2024\/12\/62.png\" \/>\n\t<meta property=\"og:image:width\" content=\"1500\" \/>\n\t<meta property=\"og:image:height\" content=\"1500\" \/>\n\t<meta property=\"og:image:type\" content=\"image\/png\" \/>\n<meta name=\"twitter:card\" content=\"summary_large_image\" \/>\n<meta name=\"twitter:label1\" content=\"Tempo di lettura stimato\" \/>\n\t<meta name=\"twitter:data1\" content=\"1 minuto\" \/>\n<script type=\"application\/ld+json\" class=\"yoast-schema-graph\">{\"@context\":\"https:\\\/\\\/schema.org\",\"@graph\":[{\"@type\":\"WebPage\",\"@id\":\"https:\\\/\\\/revolutionpadelstore.com\\\/it\\\/prodotto\\\/zapatilla-bullpadel-pearl-24i-blanco-4\\\/\",\"url\":\"https:\\\/\\\/revolutionpadelstore.com\\\/it\\\/prodotto\\\/zapatilla-bullpadel-pearl-24i-blanco-4\\\/\",\"name\":\"ZAPATILLA BULLPADEL PEARL 24I BLANCO - Revolution Padel Store\",\"isPartOf\":{\"@id\":\"https:\\\/\\\/revolutionpadelstore.com\\\/it\\\/#website\"},\"primaryImageOfPage\":{\"@id\":\"https:\\\/\\\/revolutionpadelstore.com\\\/it\\\/prodotto\\\/zapatilla-bullpadel-pearl-24i-blanco-4\\\/#primaryimage\"},\"image\":{\"@id\":\"https:\\\/\\\/revolutionpadelstore.com\\\/it\\\/prodotto\\\/zapatilla-bullpadel-pearl-24i-blanco-4\\\/#primaryimage\"},\"thumbnailUrl\":\"https:\\\/\\\/revolutionpadelstore.com\\\/wp-content\\\/uploads\\\/2024\\\/12\\\/62.png\",\"datePublished\":\"2024-12-27T13:13:16+00:00\",\"dateModified\":\"2026-04-08T06:55:26+00:00\",\"description\":\"Descubre las Zapatillas Bullpadel Pearl, dise\u00f1adas junto a Bea Gonz\u00e1lez. Tecnolog\u00eda avanzada, dise\u00f1o ligero y m\u00e1xima comodidad. \u00a1C\u00f3mpralas al mejor precio en Revolution Padel Store!\",\"breadcrumb\":{\"@id\":\"https:\\\/\\\/revolutionpadelstore.com\\\/it\\\/prodotto\\\/zapatilla-bullpadel-pearl-24i-blanco-4\\\/#breadcrumb\"},\"inLanguage\":\"it-IT\",\"potentialAction\":[{\"@type\":\"ReadAction\",\"target\":[\"https:\\\/\\\/revolutionpadelstore.com\\\/it\\\/prodotto\\\/zapatilla-bullpadel-pearl-24i-blanco-4\\\/\"]}]},{\"@type\":\"ImageObject\",\"inLanguage\":\"it-IT\",\"@id\":\"https:\\\/\\\/revolutionpadelstore.com\\\/it\\\/prodotto\\\/zapatilla-bullpadel-pearl-24i-blanco-4\\\/#primaryimage\",\"url\":\"https:\\\/\\\/revolutionpadelstore.com\\\/wp-content\\\/uploads\\\/2024\\\/12\\\/62.png\",\"contentUrl\":\"https:\\\/\\\/revolutionpadelstore.com\\\/wp-content\\\/uploads\\\/2024\\\/12\\\/62.png\",\"width\":1500,\"height\":1500},{\"@type\":\"BreadcrumbList\",\"@id\":\"https:\\\/\\\/revolutionpadelstore.com\\\/it\\\/prodotto\\\/zapatilla-bullpadel-pearl-24i-blanco-4\\\/#breadcrumb\",\"itemListElement\":[{\"@type\":\"ListItem\",\"position\":1,\"name\":\"Portada\",\"item\":\"https:\\\/\\\/revolutionpadelstore.com\\\/it\\\/\"},{\"@type\":\"ListItem\",\"position\":2,\"name\":\"Tienda\",\"item\":\"https:\\\/\\\/revolutionpadelstore.com\\\/it\\\/tienda\\\/\"},{\"@type\":\"ListItem\",\"position\":3,\"name\":\"ZAPATILLA BULLPADEL PEARL 24I BLANCO\"}]},{\"@type\":\"WebSite\",\"@id\":\"https:\\\/\\\/revolutionpadelstore.com\\\/it\\\/#website\",\"url\":\"https:\\\/\\\/revolutionpadelstore.com\\\/it\\\/\",\"name\":\"Revolution Padel Store\",\"description\":\"\",\"publisher\":{\"@id\":\"https:\\\/\\\/revolutionpadelstore.com\\\/it\\\/#organization\"},\"potentialAction\":[{\"@type\":\"SearchAction\",\"target\":{\"@type\":\"EntryPoint\",\"urlTemplate\":\"https:\\\/\\\/revolutionpadelstore.com\\\/it\\\/?s={search_term_string}\"},\"query-input\":{\"@type\":\"PropertyValueSpecification\",\"valueRequired\":true,\"valueName\":\"search_term_string\"}}],\"inLanguage\":\"it-IT\"},{\"@type\":\"Organization\",\"@id\":\"https:\\\/\\\/revolutionpadelstore.com\\\/it\\\/#organization\",\"name\":\"Revolution Padel Store\",\"url\":\"https:\\\/\\\/revolutionpadelstore.com\\\/it\\\/\",\"logo\":{\"@type\":\"ImageObject\",\"inLanguage\":\"it-IT\",\"@id\":\"https:\\\/\\\/revolutionpadelstore.com\\\/it\\\/#\\\/schema\\\/logo\\\/image\\\/\",\"url\":\"https:\\\/\\\/revolutionpadelstore.com\\\/wp-content\\\/uploads\\\/2026\\\/02\\\/revolution-padel-store.jpg\",\"contentUrl\":\"https:\\\/\\\/revolutionpadelstore.com\\\/wp-content\\\/uploads\\\/2026\\\/02\\\/revolution-padel-store.jpg\",\"width\":2000,\"height\":2000,\"caption\":\"Revolution Padel Store\"},\"image\":{\"@id\":\"https:\\\/\\\/revolutionpadelstore.com\\\/it\\\/#\\\/schema\\\/logo\\\/image\\\/\"},\"sameAs\":[\"https:\\\/\\\/www.instagram.com\\\/revolutionpadelstore\\\/\"]}]}<\/script>\n<!-- \/ Yoast SEO plugin. -->","yoast_head_json":{"title":"ZAPATILLA BULLPADEL PEARL 24I BLANCO - Revolution Padel Store","description":"Descubre las Zapatillas Bullpadel Pearl, dise\u00f1adas junto a Bea Gonz\u00e1lez. Tecnolog\u00eda avanzada, dise\u00f1o ligero y m\u00e1xima comodidad. \u00a1C\u00f3mpralas al mejor precio en Revolution Padel Store!","robots":{"index":"index","follow":"follow","max-snippet":"max-snippet:-1","max-image-preview":"max-image-preview:large","max-video-preview":"max-video-preview:-1"},"canonical":"https:\/\/revolutionpadelstore.com\/it\/prodotto\/zapatilla-bullpadel-pearl-24i-blanco-4\/","og_locale":"it_IT","og_type":"article","og_title":"ZAPATILLA BULLPADEL PEARL 24I BLANCO - Revolution Padel Store","og_description":"Descubre las Zapatillas Bullpadel Pearl, dise\u00f1adas junto a Bea Gonz\u00e1lez. Tecnolog\u00eda avanzada, dise\u00f1o ligero y m\u00e1xima comodidad. \u00a1C\u00f3mpralas al mejor precio en Revolution Padel Store!","og_url":"https:\/\/revolutionpadelstore.com\/it\/prodotto\/zapatilla-bullpadel-pearl-24i-blanco-4\/","og_site_name":"Revolution Padel Store","article_modified_time":"2026-04-08T06:55:26+00:00","og_image":[{"width":1500,"height":1500,"url":"https:\/\/revolutionpadelstore.com\/wp-content\/uploads\/2024\/12\/62.png","type":"image\/png"}],"twitter_card":"summary_large_image","twitter_misc":{"Tempo di lettura stimato":"1 minuto"},"schema":{"@context":"https:\/\/schema.org","@graph":[{"@type":"WebPage","@id":"https:\/\/revolutionpadelstore.com\/it\/prodotto\/zapatilla-bullpadel-pearl-24i-blanco-4\/","url":"https:\/\/revolutionpadelstore.com\/it\/prodotto\/zapatilla-bullpadel-pearl-24i-blanco-4\/","name":"ZAPATILLA BULLPADEL PEARL 24I BLANCO - Revolution Padel Store","isPartOf":{"@id":"https:\/\/revolutionpadelstore.com\/it\/#website"},"primaryImageOfPage":{"@id":"https:\/\/revolutionpadelstore.com\/it\/prodotto\/zapatilla-bullpadel-pearl-24i-blanco-4\/#primaryimage"},"image":{"@id":"https:\/\/revolutionpadelstore.com\/it\/prodotto\/zapatilla-bullpadel-pearl-24i-blanco-4\/#primaryimage"},"thumbnailUrl":"https:\/\/revolutionpadelstore.com\/wp-content\/uploads\/2024\/12\/62.png","datePublished":"2024-12-27T13:13:16+00:00","dateModified":"2026-04-08T06:55:26+00:00","description":"Descubre las Zapatillas Bullpadel Pearl, dise\u00f1adas junto a Bea Gonz\u00e1lez. Tecnolog\u00eda avanzada, dise\u00f1o ligero y m\u00e1xima comodidad. \u00a1C\u00f3mpralas al mejor precio en Revolution Padel Store!","breadcrumb":{"@id":"https:\/\/revolutionpadelstore.com\/it\/prodotto\/zapatilla-bullpadel-pearl-24i-blanco-4\/#breadcrumb"},"inLanguage":"it-IT","potentialAction":[{"@type":"ReadAction","target":["https:\/\/revolutionpadelstore.com\/it\/prodotto\/zapatilla-bullpadel-pearl-24i-blanco-4\/"]}]},{"@type":"ImageObject","inLanguage":"it-IT","@id":"https:\/\/revolutionpadelstore.com\/it\/prodotto\/zapatilla-bullpadel-pearl-24i-blanco-4\/#primaryimage","url":"https:\/\/revolutionpadelstore.com\/wp-content\/uploads\/2024\/12\/62.png","contentUrl":"https:\/\/revolutionpadelstore.com\/wp-content\/uploads\/2024\/12\/62.png","width":1500,"height":1500},{"@type":"BreadcrumbList","@id":"https:\/\/revolutionpadelstore.com\/it\/prodotto\/zapatilla-bullpadel-pearl-24i-blanco-4\/#breadcrumb","itemListElement":[{"@type":"ListItem","position":1,"name":"Portada","item":"https:\/\/revolutionpadelstore.com\/it\/"},{"@type":"ListItem","position":2,"name":"Tienda","item":"https:\/\/revolutionpadelstore.com\/it\/tienda\/"},{"@type":"ListItem","position":3,"name":"ZAPATILLA BULLPADEL PEARL 24I BLANCO"}]},{"@type":"WebSite","@id":"https:\/\/revolutionpadelstore.com\/it\/#website","url":"https:\/\/revolutionpadelstore.com\/it\/","name":"Revolution Padel Store","description":"","publisher":{"@id":"https:\/\/revolutionpadelstore.com\/it\/#organization"},"potentialAction":[{"@type":"SearchAction","target":{"@type":"EntryPoint","urlTemplate":"https:\/\/revolutionpadelstore.com\/it\/?s={search_term_string}"},"query-input":{"@type":"PropertyValueSpecification","valueRequired":true,"valueName":"search_term_string"}}],"inLanguage":"it-IT"},{"@type":"Organization","@id":"https:\/\/revolutionpadelstore.com\/it\/#organization","name":"Revolution Padel Store","url":"https:\/\/revolutionpadelstore.com\/it\/","logo":{"@type":"ImageObject","inLanguage":"it-IT","@id":"https:\/\/revolutionpadelstore.com\/it\/#\/schema\/logo\/image\/","url":"https:\/\/revolutionpadelstore.com\/wp-content\/uploads\/2026\/02\/revolution-padel-store.jpg","contentUrl":"https:\/\/revolutionpadelstore.com\/wp-content\/uploads\/2026\/02\/revolution-padel-store.jpg","width":2000,"height":2000,"caption":"Revolution Padel Store"},"image":{"@id":"https:\/\/revolutionpadelstore.com\/it\/#\/schema\/logo\/image\/"},"sameAs":["https:\/\/www.instagram.com\/revolutionpadelstore\/"]}]}},"_links":{"self":[{"href":"https:\/\/revolutionpadelstore.com\/it\/wp-json\/wp\/v2\/product\/157036","targetHints":{"allow":["GET"]}}],"collection":[{"href":"https:\/\/revolutionpadelstore.com\/it\/wp-json\/wp\/v2\/product"}],"about":[{"href":"https:\/\/revolutionpadelstore.com\/it\/wp-json\/wp\/v2\/types\/product"}],"replies":[{"embeddable":true,"href":"https:\/\/revolutionpadelstore.com\/it\/wp-json\/wp\/v2\/comments?post=157036"}],"wp:featuredmedia":[{"embeddable":true,"href":"https:\/\/revolutionpadelstore.com\/it\/wp-json\/wp\/v2\/media\/156972"}],"wp:attachment":[{"href":"https:\/\/revolutionpadelstore.com\/it\/wp-json\/wp\/v2\/media?parent=157036"}],"wp:term":[{"taxonomy":"acabado","embeddable":true,"href":"https:\/\/revolutionpadelstore.com\/it\/wp-json\/wp\/v2\/acabado?post=157036"},{"taxonomy":"balance","embeddable":true,"href":"https:\/\/revolutionpadelstore.com\/it\/wp-json\/wp\/v2\/balance?post=157036"},{"taxonomy":"dureza","embeddable":true,"href":"https:\/\/revolutionpadelstore.com\/it\/wp-json\/wp\/v2\/dureza?post=157036"},{"taxonomy":"forma","embeddable":true,"href":"https:\/\/revolutionpadelstore.com\/it\/wp-json\/wp\/v2\/forma?post=157036"},{"taxonomy":"jugador","embeddable":true,"href":"https:\/\/revolutionpadelstore.com\/it\/wp-json\/wp\/v2\/jugador?post=157036"},{"taxonomy":"marca","embeddable":true,"href":"https:\/\/revolutionpadelstore.com\/it\/wp-json\/wp\/v2\/marca?post=157036"},{"taxonomy":"nivel-de-juego","embeddable":true,"href":"https:\/\/revolutionpadelstore.com\/it\/wp-json\/wp\/v2\/nivel-de-juego?post=157036"},{"taxonomy":"superficie","embeddable":true,"href":"https:\/\/revolutionpadelstore.com\/it\/wp-json\/wp\/v2\/superficie?post=157036"},{"taxonomy":"tipo-de-juego","embeddable":true,"href":"https:\/\/revolutionpadelstore.com\/it\/wp-json\/wp\/v2\/tipo-de-juego?post=157036"},{"taxonomy":"product_brand","embeddable":true,"href":"https:\/\/revolutionpadelstore.com\/it\/wp-json\/wp\/v2\/product_brand?post=157036"},{"taxonomy":"product_cat","embeddable":true,"href":"https:\/\/revolutionpadelstore.com\/it\/wp-json\/wp\/v2\/product_cat?post=157036"},{"taxonomy":"product_tag","embeddable":true,"href":"https:\/\/revolutionpadelstore.com\/it\/wp-json\/wp\/v2\/product_tag?post=157036"}],"curies":[{"name":"wp","href":"https:\/\/api.w.org\/{rel}","templated":true}]}}