{"id":156582,"date":"2024-12-22T13:58:24","date_gmt":"2024-12-22T12:58:24","guid":{"rendered":"https:\/\/revolutionpadelstore.com\/nox-at10-lux-blanco-gris\/"},"modified":"2026-04-14T14:02:48","modified_gmt":"2026-04-14T12:02:48","slug":"nox-at10-lux-blanco-gris","status":"publish","type":"product","link":"https:\/\/revolutionpadelstore.com\/it\/prodotto\/nox-at10-lux-blanco-gris\/","title":{"rendered":"NOX AT10 LUX BLANCO GRIS"},"content":{"rendered":"<h2> NOX AT10 Lux Grey per uomini &lt;\/ h2<br \/>\nLe scarpe <strong> Nox AT10 Lux <\/strong> sono la scelta perfetta per i giocatori di paddle per adulti che cercano prestazioni, comfort e durata in pista. Questo modello combina progettazione innovativa e tecnologie avanzate, garantendo prestazioni eccellenti in qualsiasi superficie di gioco.<\/p>\n<h2> <strong> Caratteristiche principali: <\/strong> <\/h2>\n<p><strong> -Suela Clay: <\/strong> Design con picchi e microtacos che garantiscono una presa ottimale sulle tracce di qualsiasi materiale, offrendo stabilit\u00e0 e trazione in ogni movimento.<\/p>\n<p><strong> -teresuela con tecnologia Abraxone: <\/strong> fornisce un eccellente cuscino, impatti assorbenti e massimizzare il ritorno energetico. Ci\u00f2 riduce al minimo l&#8217;affaticamento muscolare, ideale per giochi prolungati.<\/p>\n<p><strong> -upper Boss: <\/strong> Il tuo tessuto a rete con grandi pannelli garantisce una ventilazione costante, mantenendo i piedi freschi ed evitando l&#8217;accumulo di cattivi odori.<\/p>\n<p><strong>-Amortigazione avanzata: <\/strong> schiume EVA e lunari nell&#8217;arco e nel tallone garantiscono un sostegno costante, riducendo il rischio di lesioni e aumentando il comfort in ciascuna impronta.<\/p>\n<p><strong> -support Technology: <\/strong> rafforza il supporto laterale per migliorare le flessioni dei piedi, facilitando le modifiche rapide e gli sprint.<\/p>\n<h2> <strong> design elegante e funzionale: <\/strong> <\/h2>\n<p>-S con una finitura moderna in toni di bianco e grigio scuro, i grandi personaggi &#8220;Nox&#8221; si distinguono sul lato esterno, migliorando il suo aspetto sofisticato e sportivo.<\/p>\n<h2> <strong> Vantaggi per il giocatore: <\/strong> <\/h2>\n<p><strong> -Rendimiento: <\/strong> Il suo design ergonomico migliora ogni movimento sulla pista.<\/p>\n<p><strong> -Dourability: <\/strong> Materiali di alta qualit\u00e0 garantiscono resistenza all&#8217;usura.<\/p>\n<p><strong> -comodity: <\/strong> ammortizzazione e ventilazione eccezionali per sessioni di gioco pi\u00f9 lunghe.<\/p>\n<p>Non perdere l&#8217;opportunit\u00e0 di portare il tuo gioco al livello successivo con il <strong> Nox AT10 Lux <\/strong>, una calzatura progettata per le paddle per il meglio.<\/p>\n<p>Ora disponibile nel nostro negozio online <strong> &lt;a href = &quot;https:\/\/chatgpt.com\/g\/g-675432e02688888191b6ee6d6f2fdbb15e-optimization-textos\/c\/www.revolutionpadelstore.com&quot; del mercato!<\/p>\n<h3> <\/h3>\n<h2>Zapatillas Nox AT10 Lux Blanco Gris\u00a0 para Hombre<\/h2>\n","protected":false},"excerpt":{"rendered":"<p>Il NOX AT10 Lux Grey per le scarpe da uomo \u00e8 dotato di una camera d&#8217;aria situata al centro della suola. Questo elemento consente di assorbire le torsioni durante i movimenti pi\u00f9 esigenti del gioco.<\/p>\n","protected":false},"featured_media":156517,"comment_status":"open","ping_status":"closed","template":"","meta":{"_acf_changed":false,"_joinchat":[]},"acabado":[],"balance":[],"dureza":[],"forma":[],"jugador":[1191],"marca":[1261],"nivel-de-juego":[],"superficie":[],"tipo-de-juego":[],"product_brand":[],"product_cat":[832],"product_tag":[],"class_list":{"0":"post-156582","1":"product","2":"type-product","3":"status-publish","4":"has-post-thumbnail","6":"jugador-uomo","7":"marca-nox-it","8":"product_cat-scarpe-da-ginnastica","10":"first","11":"outofstock","12":"sale","13":"taxable","14":"shipping-taxable","15":"purchasable","16":"product-type-variable","17":"has-default-attributes"},"acf":[],"yoast_head":"<!-- This site is optimized with the Yoast SEO plugin v27.4 - https:\/\/yoast.com\/product\/yoast-seo-wordpress\/ -->\n<title>NOX AT10 LUX BLANCO GRIS - Revolution Padel Store<\/title>\n<meta name=\"description\" content=\"Descubre las zapatillas Nox AT10 Lux Calatluxblgr para hombre en nuestra tienda online. Su dise\u00f1o ergon\u00f3mico y tecnolog\u00eda avanzada garantizan rendimiento, comodidad y durabilidad en la pista. \u00a1Compra ahora en www.revolutionpadelstore.com!\" \/>\n<meta name=\"robots\" content=\"index, follow, max-snippet:-1, max-image-preview:large, max-video-preview:-1\" \/>\n<link rel=\"canonical\" href=\"https:\/\/revolutionpadelstore.com\/it\/prodotto\/nox-at10-lux-blanco-gris\/\" \/>\n<meta property=\"og:locale\" content=\"it_IT\" \/>\n<meta property=\"og:type\" content=\"article\" \/>\n<meta property=\"og:title\" content=\"NOX AT10 LUX BLANCO GRIS - Revolution Padel Store\" \/>\n<meta property=\"og:description\" content=\"Descubre las zapatillas Nox AT10 Lux Calatluxblgr para hombre en nuestra tienda online. Su dise\u00f1o ergon\u00f3mico y tecnolog\u00eda avanzada garantizan rendimiento, comodidad y durabilidad en la pista. \u00a1Compra ahora en www.revolutionpadelstore.com!\" \/>\n<meta property=\"og:url\" content=\"https:\/\/revolutionpadelstore.com\/it\/prodotto\/nox-at10-lux-blanco-gris\/\" \/>\n<meta property=\"og:site_name\" content=\"Revolution Padel Store\" \/>\n<meta property=\"article:modified_time\" content=\"2026-04-14T12:02:48+00:00\" \/>\n<meta property=\"og:image\" content=\"https:\/\/revolutionpadelstore.com\/wp-content\/uploads\/2024\/12\/imagen_1_24126_7e0fed8d_b3c0.webp\" \/>\n\t<meta property=\"og:image:width\" content=\"1000\" \/>\n\t<meta property=\"og:image:height\" content=\"1000\" \/>\n\t<meta property=\"og:image:type\" content=\"image\/webp\" \/>\n<meta name=\"twitter:card\" content=\"summary_large_image\" \/>\n<meta name=\"twitter:label1\" content=\"Tempo di lettura stimato\" \/>\n\t<meta name=\"twitter:data1\" content=\"2 minuti\" \/>\n<script type=\"application\/ld+json\" class=\"yoast-schema-graph\">{\"@context\":\"https:\\\/\\\/schema.org\",\"@graph\":[{\"@type\":\"WebPage\",\"@id\":\"https:\\\/\\\/revolutionpadelstore.com\\\/it\\\/prodotto\\\/nox-at10-lux-blanco-gris\\\/\",\"url\":\"https:\\\/\\\/revolutionpadelstore.com\\\/it\\\/prodotto\\\/nox-at10-lux-blanco-gris\\\/\",\"name\":\"NOX AT10 LUX BLANCO GRIS - Revolution Padel Store\",\"isPartOf\":{\"@id\":\"https:\\\/\\\/revolutionpadelstore.com\\\/it\\\/#website\"},\"primaryImageOfPage\":{\"@id\":\"https:\\\/\\\/revolutionpadelstore.com\\\/it\\\/prodotto\\\/nox-at10-lux-blanco-gris\\\/#primaryimage\"},\"image\":{\"@id\":\"https:\\\/\\\/revolutionpadelstore.com\\\/it\\\/prodotto\\\/nox-at10-lux-blanco-gris\\\/#primaryimage\"},\"thumbnailUrl\":\"https:\\\/\\\/revolutionpadelstore.com\\\/wp-content\\\/uploads\\\/2024\\\/12\\\/imagen_1_24126_7e0fed8d_b3c0.webp\",\"datePublished\":\"2024-12-22T12:58:24+00:00\",\"dateModified\":\"2026-04-14T12:02:48+00:00\",\"description\":\"Descubre las zapatillas Nox AT10 Lux Calatluxblgr para hombre en nuestra tienda online. Su dise\u00f1o ergon\u00f3mico y tecnolog\u00eda avanzada garantizan rendimiento, comodidad y durabilidad en la pista. \u00a1Compra ahora en www.revolutionpadelstore.com!\",\"breadcrumb\":{\"@id\":\"https:\\\/\\\/revolutionpadelstore.com\\\/it\\\/prodotto\\\/nox-at10-lux-blanco-gris\\\/#breadcrumb\"},\"inLanguage\":\"it-IT\",\"potentialAction\":[{\"@type\":\"ReadAction\",\"target\":[\"https:\\\/\\\/revolutionpadelstore.com\\\/it\\\/prodotto\\\/nox-at10-lux-blanco-gris\\\/\"]}]},{\"@type\":\"ImageObject\",\"inLanguage\":\"it-IT\",\"@id\":\"https:\\\/\\\/revolutionpadelstore.com\\\/it\\\/prodotto\\\/nox-at10-lux-blanco-gris\\\/#primaryimage\",\"url\":\"https:\\\/\\\/revolutionpadelstore.com\\\/wp-content\\\/uploads\\\/2024\\\/12\\\/imagen_1_24126_7e0fed8d_b3c0.webp\",\"contentUrl\":\"https:\\\/\\\/revolutionpadelstore.com\\\/wp-content\\\/uploads\\\/2024\\\/12\\\/imagen_1_24126_7e0fed8d_b3c0.webp\",\"width\":1000,\"height\":1000},{\"@type\":\"BreadcrumbList\",\"@id\":\"https:\\\/\\\/revolutionpadelstore.com\\\/it\\\/prodotto\\\/nox-at10-lux-blanco-gris\\\/#breadcrumb\",\"itemListElement\":[{\"@type\":\"ListItem\",\"position\":1,\"name\":\"Portada\",\"item\":\"https:\\\/\\\/revolutionpadelstore.com\\\/it\\\/\"},{\"@type\":\"ListItem\",\"position\":2,\"name\":\"Tienda\",\"item\":\"https:\\\/\\\/revolutionpadelstore.com\\\/it\\\/tienda\\\/\"},{\"@type\":\"ListItem\",\"position\":3,\"name\":\"NOX AT10 LUX BLANCO GRIS\"}]},{\"@type\":\"WebSite\",\"@id\":\"https:\\\/\\\/revolutionpadelstore.com\\\/it\\\/#website\",\"url\":\"https:\\\/\\\/revolutionpadelstore.com\\\/it\\\/\",\"name\":\"Revolution Padel Store\",\"description\":\"\",\"publisher\":{\"@id\":\"https:\\\/\\\/revolutionpadelstore.com\\\/it\\\/#organization\"},\"potentialAction\":[{\"@type\":\"SearchAction\",\"target\":{\"@type\":\"EntryPoint\",\"urlTemplate\":\"https:\\\/\\\/revolutionpadelstore.com\\\/it\\\/?s={search_term_string}\"},\"query-input\":{\"@type\":\"PropertyValueSpecification\",\"valueRequired\":true,\"valueName\":\"search_term_string\"}}],\"inLanguage\":\"it-IT\"},{\"@type\":\"Organization\",\"@id\":\"https:\\\/\\\/revolutionpadelstore.com\\\/it\\\/#organization\",\"name\":\"Revolution Padel Store\",\"url\":\"https:\\\/\\\/revolutionpadelstore.com\\\/it\\\/\",\"logo\":{\"@type\":\"ImageObject\",\"inLanguage\":\"it-IT\",\"@id\":\"https:\\\/\\\/revolutionpadelstore.com\\\/it\\\/#\\\/schema\\\/logo\\\/image\\\/\",\"url\":\"https:\\\/\\\/revolutionpadelstore.com\\\/wp-content\\\/uploads\\\/2026\\\/02\\\/revolution-padel-store.jpg\",\"contentUrl\":\"https:\\\/\\\/revolutionpadelstore.com\\\/wp-content\\\/uploads\\\/2026\\\/02\\\/revolution-padel-store.jpg\",\"width\":2000,\"height\":2000,\"caption\":\"Revolution Padel Store\"},\"image\":{\"@id\":\"https:\\\/\\\/revolutionpadelstore.com\\\/it\\\/#\\\/schema\\\/logo\\\/image\\\/\"},\"sameAs\":[\"https:\\\/\\\/www.instagram.com\\\/revolutionpadelstore\\\/\"]}]}<\/script>\n<!-- \/ Yoast SEO plugin. -->","yoast_head_json":{"title":"NOX AT10 LUX BLANCO GRIS - Revolution Padel Store","description":"Descubre las zapatillas Nox AT10 Lux Calatluxblgr para hombre en nuestra tienda online. Su dise\u00f1o ergon\u00f3mico y tecnolog\u00eda avanzada garantizan rendimiento, comodidad y durabilidad en la pista. \u00a1Compra ahora en www.revolutionpadelstore.com!","robots":{"index":"index","follow":"follow","max-snippet":"max-snippet:-1","max-image-preview":"max-image-preview:large","max-video-preview":"max-video-preview:-1"},"canonical":"https:\/\/revolutionpadelstore.com\/it\/prodotto\/nox-at10-lux-blanco-gris\/","og_locale":"it_IT","og_type":"article","og_title":"NOX AT10 LUX BLANCO GRIS - Revolution Padel Store","og_description":"Descubre las zapatillas Nox AT10 Lux Calatluxblgr para hombre en nuestra tienda online. Su dise\u00f1o ergon\u00f3mico y tecnolog\u00eda avanzada garantizan rendimiento, comodidad y durabilidad en la pista. \u00a1Compra ahora en www.revolutionpadelstore.com!","og_url":"https:\/\/revolutionpadelstore.com\/it\/prodotto\/nox-at10-lux-blanco-gris\/","og_site_name":"Revolution Padel Store","article_modified_time":"2026-04-14T12:02:48+00:00","og_image":[{"width":1000,"height":1000,"url":"https:\/\/revolutionpadelstore.com\/wp-content\/uploads\/2024\/12\/imagen_1_24126_7e0fed8d_b3c0.webp","type":"image\/webp"}],"twitter_card":"summary_large_image","twitter_misc":{"Tempo di lettura stimato":"2 minuti"},"schema":{"@context":"https:\/\/schema.org","@graph":[{"@type":"WebPage","@id":"https:\/\/revolutionpadelstore.com\/it\/prodotto\/nox-at10-lux-blanco-gris\/","url":"https:\/\/revolutionpadelstore.com\/it\/prodotto\/nox-at10-lux-blanco-gris\/","name":"NOX AT10 LUX BLANCO GRIS - Revolution Padel Store","isPartOf":{"@id":"https:\/\/revolutionpadelstore.com\/it\/#website"},"primaryImageOfPage":{"@id":"https:\/\/revolutionpadelstore.com\/it\/prodotto\/nox-at10-lux-blanco-gris\/#primaryimage"},"image":{"@id":"https:\/\/revolutionpadelstore.com\/it\/prodotto\/nox-at10-lux-blanco-gris\/#primaryimage"},"thumbnailUrl":"https:\/\/revolutionpadelstore.com\/wp-content\/uploads\/2024\/12\/imagen_1_24126_7e0fed8d_b3c0.webp","datePublished":"2024-12-22T12:58:24+00:00","dateModified":"2026-04-14T12:02:48+00:00","description":"Descubre las zapatillas Nox AT10 Lux Calatluxblgr para hombre en nuestra tienda online. Su dise\u00f1o ergon\u00f3mico y tecnolog\u00eda avanzada garantizan rendimiento, comodidad y durabilidad en la pista. \u00a1Compra ahora en www.revolutionpadelstore.com!","breadcrumb":{"@id":"https:\/\/revolutionpadelstore.com\/it\/prodotto\/nox-at10-lux-blanco-gris\/#breadcrumb"},"inLanguage":"it-IT","potentialAction":[{"@type":"ReadAction","target":["https:\/\/revolutionpadelstore.com\/it\/prodotto\/nox-at10-lux-blanco-gris\/"]}]},{"@type":"ImageObject","inLanguage":"it-IT","@id":"https:\/\/revolutionpadelstore.com\/it\/prodotto\/nox-at10-lux-blanco-gris\/#primaryimage","url":"https:\/\/revolutionpadelstore.com\/wp-content\/uploads\/2024\/12\/imagen_1_24126_7e0fed8d_b3c0.webp","contentUrl":"https:\/\/revolutionpadelstore.com\/wp-content\/uploads\/2024\/12\/imagen_1_24126_7e0fed8d_b3c0.webp","width":1000,"height":1000},{"@type":"BreadcrumbList","@id":"https:\/\/revolutionpadelstore.com\/it\/prodotto\/nox-at10-lux-blanco-gris\/#breadcrumb","itemListElement":[{"@type":"ListItem","position":1,"name":"Portada","item":"https:\/\/revolutionpadelstore.com\/it\/"},{"@type":"ListItem","position":2,"name":"Tienda","item":"https:\/\/revolutionpadelstore.com\/it\/tienda\/"},{"@type":"ListItem","position":3,"name":"NOX AT10 LUX BLANCO GRIS"}]},{"@type":"WebSite","@id":"https:\/\/revolutionpadelstore.com\/it\/#website","url":"https:\/\/revolutionpadelstore.com\/it\/","name":"Revolution Padel Store","description":"","publisher":{"@id":"https:\/\/revolutionpadelstore.com\/it\/#organization"},"potentialAction":[{"@type":"SearchAction","target":{"@type":"EntryPoint","urlTemplate":"https:\/\/revolutionpadelstore.com\/it\/?s={search_term_string}"},"query-input":{"@type":"PropertyValueSpecification","valueRequired":true,"valueName":"search_term_string"}}],"inLanguage":"it-IT"},{"@type":"Organization","@id":"https:\/\/revolutionpadelstore.com\/it\/#organization","name":"Revolution Padel Store","url":"https:\/\/revolutionpadelstore.com\/it\/","logo":{"@type":"ImageObject","inLanguage":"it-IT","@id":"https:\/\/revolutionpadelstore.com\/it\/#\/schema\/logo\/image\/","url":"https:\/\/revolutionpadelstore.com\/wp-content\/uploads\/2026\/02\/revolution-padel-store.jpg","contentUrl":"https:\/\/revolutionpadelstore.com\/wp-content\/uploads\/2026\/02\/revolution-padel-store.jpg","width":2000,"height":2000,"caption":"Revolution Padel Store"},"image":{"@id":"https:\/\/revolutionpadelstore.com\/it\/#\/schema\/logo\/image\/"},"sameAs":["https:\/\/www.instagram.com\/revolutionpadelstore\/"]}]}},"_links":{"self":[{"href":"https:\/\/revolutionpadelstore.com\/it\/wp-json\/wp\/v2\/product\/156582","targetHints":{"allow":["GET"]}}],"collection":[{"href":"https:\/\/revolutionpadelstore.com\/it\/wp-json\/wp\/v2\/product"}],"about":[{"href":"https:\/\/revolutionpadelstore.com\/it\/wp-json\/wp\/v2\/types\/product"}],"replies":[{"embeddable":true,"href":"https:\/\/revolutionpadelstore.com\/it\/wp-json\/wp\/v2\/comments?post=156582"}],"wp:featuredmedia":[{"embeddable":true,"href":"https:\/\/revolutionpadelstore.com\/it\/wp-json\/wp\/v2\/media\/156517"}],"wp:attachment":[{"href":"https:\/\/revolutionpadelstore.com\/it\/wp-json\/wp\/v2\/media?parent=156582"}],"wp:term":[{"taxonomy":"acabado","embeddable":true,"href":"https:\/\/revolutionpadelstore.com\/it\/wp-json\/wp\/v2\/acabado?post=156582"},{"taxonomy":"balance","embeddable":true,"href":"https:\/\/revolutionpadelstore.com\/it\/wp-json\/wp\/v2\/balance?post=156582"},{"taxonomy":"dureza","embeddable":true,"href":"https:\/\/revolutionpadelstore.com\/it\/wp-json\/wp\/v2\/dureza?post=156582"},{"taxonomy":"forma","embeddable":true,"href":"https:\/\/revolutionpadelstore.com\/it\/wp-json\/wp\/v2\/forma?post=156582"},{"taxonomy":"jugador","embeddable":true,"href":"https:\/\/revolutionpadelstore.com\/it\/wp-json\/wp\/v2\/jugador?post=156582"},{"taxonomy":"marca","embeddable":true,"href":"https:\/\/revolutionpadelstore.com\/it\/wp-json\/wp\/v2\/marca?post=156582"},{"taxonomy":"nivel-de-juego","embeddable":true,"href":"https:\/\/revolutionpadelstore.com\/it\/wp-json\/wp\/v2\/nivel-de-juego?post=156582"},{"taxonomy":"superficie","embeddable":true,"href":"https:\/\/revolutionpadelstore.com\/it\/wp-json\/wp\/v2\/superficie?post=156582"},{"taxonomy":"tipo-de-juego","embeddable":true,"href":"https:\/\/revolutionpadelstore.com\/it\/wp-json\/wp\/v2\/tipo-de-juego?post=156582"},{"taxonomy":"product_brand","embeddable":true,"href":"https:\/\/revolutionpadelstore.com\/it\/wp-json\/wp\/v2\/product_brand?post=156582"},{"taxonomy":"product_cat","embeddable":true,"href":"https:\/\/revolutionpadelstore.com\/it\/wp-json\/wp\/v2\/product_cat?post=156582"},{"taxonomy":"product_tag","embeddable":true,"href":"https:\/\/revolutionpadelstore.com\/it\/wp-json\/wp\/v2\/product_tag?post=156582"}],"curies":[{"name":"wp","href":"https:\/\/api.w.org\/{rel}","templated":true}]}}