{"id":156249,"date":"2024-12-20T08:44:55","date_gmt":"2024-12-20T07:44:55","guid":{"rendered":"https:\/\/revolutionpadelstore.com\/falda-bullpadel-logar-negro-2\/"},"modified":"2026-04-08T09:05:11","modified_gmt":"2026-04-08T07:05:11","slug":"falda-bullpadel-logar-005-negro-4","status":"publish","type":"product","link":"https:\/\/revolutionpadelstore.com\/it\/prodotto\/falda-bullpadel-logar-005-negro-4\/","title":{"rendered":"FALDA BULLPADEL LOGAR 005 NEGRO"},"content":{"rendered":"<h2> gonna tecnica logar prolina <\/h2>\n<p>Scopri la gonna tecnica <strong> elegante della linea di prolina <\/strong>, progettata per offrire prestazioni uniche sulla pista a paletta. Il suo design combina stile e funzionalit\u00e0, adattandosi alle esigenze dei giocatori pi\u00f9 esigenti.<\/p>\n<h2> Caratteristiche principali: <\/h2>\n<p><strong> -Cinturilla con cavo regolabile <\/strong>: fornisce un regolazione perfetta e un comfort personalizzato.<\/p>\n<p><strong>-Basements Sexment <\/strong>: ideale per salvare accessori o palline durante il gioco.<\/p>\n<p><strong> -welling <\/strong>: offre ulteriore supporto e libert\u00e0 di movimento.<\/p>\n<p><strong>-Alta qualit\u00e0 Attivit\u00e0 tecnica <\/strong>: prodotto con elastico ribstop in poliestere in due direzioni, integrati con inserti a rete interbloccaggio che garantiscono la durata e la ventilazione.<\/p>\n<h2> Innovazione nella tecnologia: <\/h2>\n<p><strong> -Thermosellates <\/strong>: aumentare la resistenza e il comfort, evitando l&#8217;attrito durante i movimenti intensi.<\/p>\n<p><strong> -laterale ventilazione <\/strong>: migliora la circolazione dell&#8217;aria, mantenendoti fresco in ogni momento.<\/p>\n<p><strong> -Drynamic Tecnology <\/strong>: microfilamenti che massimizzano la traspirabilit\u00e0 e riducono l&#8217;umidit\u00e0, mantenendoti asciutto e comodo anche nelle parti pi\u00f9 esigenti.<\/p>\n<h2> Vantaggi: <\/h2>\n<p>-Ligera, confortevole e funzionale, \u00e8 il capo ideale per combinare prestazioni tecniche con eleganza.<\/p>\n<p>-Perfetto per i giocatori di tutti i livelli, dal dilettante al professionista.<\/p>\n<p>-Ateriali progettati per resistere all&#8217;usura, garantendo una vita utile prolungata.<\/p>\n<p>Questa gonna tecnica \u00e8 disponibile nel nostro negozio online <strong> <a href=\"https:\/\/www.revolutionpadelstore.com\/\"> www.revolutionpadelstore.com <\/a> <\/strong>, probabilmente al miglior prezzo di mercato. Non aspettare pi\u00f9 per migliorare il tuo gioco di stile!<\/p>\n<h2>Falda T\u00e9cnica LOGAR Proline<\/h2>\n","protected":false},"excerpt":{"rendered":"<p>Scopri la gonna tecnica <strong> elegante della linea di prolina <\/strong>, progettata per offrire prestazioni uniche sulla pista a paletta. Il suo design combina stile e funzionalit\u00e0, adattandosi alle esigenze dei giocatori pi\u00f9 esigenti.<strong>falda t\u00e9cnica elegante de la l\u00ednea Proline<\/strong><\/p>\n","protected":false},"featured_media":156219,"comment_status":"open","ping_status":"closed","template":"","meta":{"_acf_changed":false,"_joinchat":[]},"acabado":[],"balance":[],"dureza":[],"forma":[],"jugador":[1196],"marca":[1256],"nivel-de-juego":[],"superficie":[],"tipo-de-juego":[],"product_brand":[],"product_cat":[337],"product_tag":[],"class_list":{"0":"post-156249","1":"product","2":"type-product","3":"status-publish","4":"has-post-thumbnail","6":"jugador-mujer-it","7":"marca-bullpadel-it","8":"product_cat-ropa-it","10":"first","11":"outofstock","12":"sale","13":"taxable","14":"shipping-taxable","15":"purchasable","16":"product-type-variable"},"acf":[],"yoast_head":"<!-- This site is optimized with the Yoast SEO plugin v27.4 - https:\/\/yoast.com\/product\/yoast-seo-wordpress\/ -->\n<title>FALDA BULLPADEL LOGAR 005 NEGRO - Revolution Padel Store<\/title>\n<meta name=\"description\" content=\"Compra la falda t\u00e9cnica elegante Proline en Revolution Padel Store. Dise\u00f1ada con tejido t\u00e9cnico y tecnolog\u00eda Drynamic, ofrece comodidad y rendimiento. \u00a1Disponible al mejor precio!\" \/>\n<meta name=\"robots\" content=\"index, follow, max-snippet:-1, max-image-preview:large, max-video-preview:-1\" \/>\n<link rel=\"canonical\" href=\"https:\/\/revolutionpadelstore.com\/it\/prodotto\/falda-bullpadel-logar-005-negro-4\/\" \/>\n<meta property=\"og:locale\" content=\"it_IT\" \/>\n<meta property=\"og:type\" content=\"article\" \/>\n<meta property=\"og:title\" content=\"FALDA BULLPADEL LOGAR 005 NEGRO - Revolution Padel Store\" \/>\n<meta property=\"og:description\" content=\"Compra la falda t\u00e9cnica elegante Proline en Revolution Padel Store. Dise\u00f1ada con tejido t\u00e9cnico y tecnolog\u00eda Drynamic, ofrece comodidad y rendimiento. \u00a1Disponible al mejor precio!\" \/>\n<meta property=\"og:url\" content=\"https:\/\/revolutionpadelstore.com\/it\/prodotto\/falda-bullpadel-logar-005-negro-4\/\" \/>\n<meta property=\"og:site_name\" content=\"Revolution Padel Store\" \/>\n<meta property=\"article:modified_time\" content=\"2026-04-08T07:05:11+00:00\" \/>\n<meta property=\"og:image\" content=\"https:\/\/revolutionpadelstore.com\/wp-content\/uploads\/2024\/12\/falda-bullpadel-logar-negro.jpg\" \/>\n\t<meta property=\"og:image:width\" content=\"1000\" \/>\n\t<meta property=\"og:image:height\" content=\"1188\" \/>\n\t<meta property=\"og:image:type\" content=\"image\/jpeg\" \/>\n<meta name=\"twitter:card\" content=\"summary_large_image\" \/>\n<meta name=\"twitter:label1\" content=\"Tempo di lettura stimato\" \/>\n\t<meta name=\"twitter:data1\" content=\"2 minuti\" \/>\n<script type=\"application\/ld+json\" class=\"yoast-schema-graph\">{\"@context\":\"https:\\\/\\\/schema.org\",\"@graph\":[{\"@type\":\"WebPage\",\"@id\":\"https:\\\/\\\/revolutionpadelstore.com\\\/it\\\/prodotto\\\/falda-bullpadel-logar-005-negro-4\\\/\",\"url\":\"https:\\\/\\\/revolutionpadelstore.com\\\/it\\\/prodotto\\\/falda-bullpadel-logar-005-negro-4\\\/\",\"name\":\"FALDA BULLPADEL LOGAR 005 NEGRO - Revolution Padel Store\",\"isPartOf\":{\"@id\":\"https:\\\/\\\/revolutionpadelstore.com\\\/it\\\/#website\"},\"primaryImageOfPage\":{\"@id\":\"https:\\\/\\\/revolutionpadelstore.com\\\/it\\\/prodotto\\\/falda-bullpadel-logar-005-negro-4\\\/#primaryimage\"},\"image\":{\"@id\":\"https:\\\/\\\/revolutionpadelstore.com\\\/it\\\/prodotto\\\/falda-bullpadel-logar-005-negro-4\\\/#primaryimage\"},\"thumbnailUrl\":\"https:\\\/\\\/revolutionpadelstore.com\\\/wp-content\\\/uploads\\\/2024\\\/12\\\/falda-bullpadel-logar-negro.jpg\",\"datePublished\":\"2024-12-20T07:44:55+00:00\",\"dateModified\":\"2026-04-08T07:05:11+00:00\",\"description\":\"Compra la falda t\u00e9cnica elegante Proline en Revolution Padel Store. Dise\u00f1ada con tejido t\u00e9cnico y tecnolog\u00eda Drynamic, ofrece comodidad y rendimiento. \u00a1Disponible al mejor precio!\",\"breadcrumb\":{\"@id\":\"https:\\\/\\\/revolutionpadelstore.com\\\/it\\\/prodotto\\\/falda-bullpadel-logar-005-negro-4\\\/#breadcrumb\"},\"inLanguage\":\"it-IT\",\"potentialAction\":[{\"@type\":\"ReadAction\",\"target\":[\"https:\\\/\\\/revolutionpadelstore.com\\\/it\\\/prodotto\\\/falda-bullpadel-logar-005-negro-4\\\/\"]}]},{\"@type\":\"ImageObject\",\"inLanguage\":\"it-IT\",\"@id\":\"https:\\\/\\\/revolutionpadelstore.com\\\/it\\\/prodotto\\\/falda-bullpadel-logar-005-negro-4\\\/#primaryimage\",\"url\":\"https:\\\/\\\/revolutionpadelstore.com\\\/wp-content\\\/uploads\\\/2024\\\/12\\\/falda-bullpadel-logar-negro.jpg\",\"contentUrl\":\"https:\\\/\\\/revolutionpadelstore.com\\\/wp-content\\\/uploads\\\/2024\\\/12\\\/falda-bullpadel-logar-negro.jpg\",\"width\":1000,\"height\":1188},{\"@type\":\"BreadcrumbList\",\"@id\":\"https:\\\/\\\/revolutionpadelstore.com\\\/it\\\/prodotto\\\/falda-bullpadel-logar-005-negro-4\\\/#breadcrumb\",\"itemListElement\":[{\"@type\":\"ListItem\",\"position\":1,\"name\":\"Portada\",\"item\":\"https:\\\/\\\/revolutionpadelstore.com\\\/it\\\/\"},{\"@type\":\"ListItem\",\"position\":2,\"name\":\"Tienda\",\"item\":\"https:\\\/\\\/revolutionpadelstore.com\\\/it\\\/tienda\\\/\"},{\"@type\":\"ListItem\",\"position\":3,\"name\":\"FALDA BULLPADEL LOGAR 005 NEGRO\"}]},{\"@type\":\"WebSite\",\"@id\":\"https:\\\/\\\/revolutionpadelstore.com\\\/it\\\/#website\",\"url\":\"https:\\\/\\\/revolutionpadelstore.com\\\/it\\\/\",\"name\":\"Revolution Padel Store\",\"description\":\"\",\"publisher\":{\"@id\":\"https:\\\/\\\/revolutionpadelstore.com\\\/it\\\/#organization\"},\"potentialAction\":[{\"@type\":\"SearchAction\",\"target\":{\"@type\":\"EntryPoint\",\"urlTemplate\":\"https:\\\/\\\/revolutionpadelstore.com\\\/it\\\/?s={search_term_string}\"},\"query-input\":{\"@type\":\"PropertyValueSpecification\",\"valueRequired\":true,\"valueName\":\"search_term_string\"}}],\"inLanguage\":\"it-IT\"},{\"@type\":\"Organization\",\"@id\":\"https:\\\/\\\/revolutionpadelstore.com\\\/it\\\/#organization\",\"name\":\"Revolution Padel Store\",\"url\":\"https:\\\/\\\/revolutionpadelstore.com\\\/it\\\/\",\"logo\":{\"@type\":\"ImageObject\",\"inLanguage\":\"it-IT\",\"@id\":\"https:\\\/\\\/revolutionpadelstore.com\\\/it\\\/#\\\/schema\\\/logo\\\/image\\\/\",\"url\":\"https:\\\/\\\/revolutionpadelstore.com\\\/wp-content\\\/uploads\\\/2026\\\/02\\\/revolution-padel-store.jpg\",\"contentUrl\":\"https:\\\/\\\/revolutionpadelstore.com\\\/wp-content\\\/uploads\\\/2026\\\/02\\\/revolution-padel-store.jpg\",\"width\":2000,\"height\":2000,\"caption\":\"Revolution Padel Store\"},\"image\":{\"@id\":\"https:\\\/\\\/revolutionpadelstore.com\\\/it\\\/#\\\/schema\\\/logo\\\/image\\\/\"},\"sameAs\":[\"https:\\\/\\\/www.instagram.com\\\/revolutionpadelstore\\\/\"]}]}<\/script>\n<!-- \/ Yoast SEO plugin. -->","yoast_head_json":{"title":"FALDA BULLPADEL LOGAR 005 NEGRO - Revolution Padel Store","description":"Compra la falda t\u00e9cnica elegante Proline en Revolution Padel Store. Dise\u00f1ada con tejido t\u00e9cnico y tecnolog\u00eda Drynamic, ofrece comodidad y rendimiento. \u00a1Disponible al mejor precio!","robots":{"index":"index","follow":"follow","max-snippet":"max-snippet:-1","max-image-preview":"max-image-preview:large","max-video-preview":"max-video-preview:-1"},"canonical":"https:\/\/revolutionpadelstore.com\/it\/prodotto\/falda-bullpadel-logar-005-negro-4\/","og_locale":"it_IT","og_type":"article","og_title":"FALDA BULLPADEL LOGAR 005 NEGRO - Revolution Padel Store","og_description":"Compra la falda t\u00e9cnica elegante Proline en Revolution Padel Store. Dise\u00f1ada con tejido t\u00e9cnico y tecnolog\u00eda Drynamic, ofrece comodidad y rendimiento. \u00a1Disponible al mejor precio!","og_url":"https:\/\/revolutionpadelstore.com\/it\/prodotto\/falda-bullpadel-logar-005-negro-4\/","og_site_name":"Revolution Padel Store","article_modified_time":"2026-04-08T07:05:11+00:00","og_image":[{"width":1000,"height":1188,"url":"https:\/\/revolutionpadelstore.com\/wp-content\/uploads\/2024\/12\/falda-bullpadel-logar-negro.jpg","type":"image\/jpeg"}],"twitter_card":"summary_large_image","twitter_misc":{"Tempo di lettura stimato":"2 minuti"},"schema":{"@context":"https:\/\/schema.org","@graph":[{"@type":"WebPage","@id":"https:\/\/revolutionpadelstore.com\/it\/prodotto\/falda-bullpadel-logar-005-negro-4\/","url":"https:\/\/revolutionpadelstore.com\/it\/prodotto\/falda-bullpadel-logar-005-negro-4\/","name":"FALDA BULLPADEL LOGAR 005 NEGRO - Revolution Padel Store","isPartOf":{"@id":"https:\/\/revolutionpadelstore.com\/it\/#website"},"primaryImageOfPage":{"@id":"https:\/\/revolutionpadelstore.com\/it\/prodotto\/falda-bullpadel-logar-005-negro-4\/#primaryimage"},"image":{"@id":"https:\/\/revolutionpadelstore.com\/it\/prodotto\/falda-bullpadel-logar-005-negro-4\/#primaryimage"},"thumbnailUrl":"https:\/\/revolutionpadelstore.com\/wp-content\/uploads\/2024\/12\/falda-bullpadel-logar-negro.jpg","datePublished":"2024-12-20T07:44:55+00:00","dateModified":"2026-04-08T07:05:11+00:00","description":"Compra la falda t\u00e9cnica elegante Proline en Revolution Padel Store. Dise\u00f1ada con tejido t\u00e9cnico y tecnolog\u00eda Drynamic, ofrece comodidad y rendimiento. \u00a1Disponible al mejor precio!","breadcrumb":{"@id":"https:\/\/revolutionpadelstore.com\/it\/prodotto\/falda-bullpadel-logar-005-negro-4\/#breadcrumb"},"inLanguage":"it-IT","potentialAction":[{"@type":"ReadAction","target":["https:\/\/revolutionpadelstore.com\/it\/prodotto\/falda-bullpadel-logar-005-negro-4\/"]}]},{"@type":"ImageObject","inLanguage":"it-IT","@id":"https:\/\/revolutionpadelstore.com\/it\/prodotto\/falda-bullpadel-logar-005-negro-4\/#primaryimage","url":"https:\/\/revolutionpadelstore.com\/wp-content\/uploads\/2024\/12\/falda-bullpadel-logar-negro.jpg","contentUrl":"https:\/\/revolutionpadelstore.com\/wp-content\/uploads\/2024\/12\/falda-bullpadel-logar-negro.jpg","width":1000,"height":1188},{"@type":"BreadcrumbList","@id":"https:\/\/revolutionpadelstore.com\/it\/prodotto\/falda-bullpadel-logar-005-negro-4\/#breadcrumb","itemListElement":[{"@type":"ListItem","position":1,"name":"Portada","item":"https:\/\/revolutionpadelstore.com\/it\/"},{"@type":"ListItem","position":2,"name":"Tienda","item":"https:\/\/revolutionpadelstore.com\/it\/tienda\/"},{"@type":"ListItem","position":3,"name":"FALDA BULLPADEL LOGAR 005 NEGRO"}]},{"@type":"WebSite","@id":"https:\/\/revolutionpadelstore.com\/it\/#website","url":"https:\/\/revolutionpadelstore.com\/it\/","name":"Revolution Padel Store","description":"","publisher":{"@id":"https:\/\/revolutionpadelstore.com\/it\/#organization"},"potentialAction":[{"@type":"SearchAction","target":{"@type":"EntryPoint","urlTemplate":"https:\/\/revolutionpadelstore.com\/it\/?s={search_term_string}"},"query-input":{"@type":"PropertyValueSpecification","valueRequired":true,"valueName":"search_term_string"}}],"inLanguage":"it-IT"},{"@type":"Organization","@id":"https:\/\/revolutionpadelstore.com\/it\/#organization","name":"Revolution Padel Store","url":"https:\/\/revolutionpadelstore.com\/it\/","logo":{"@type":"ImageObject","inLanguage":"it-IT","@id":"https:\/\/revolutionpadelstore.com\/it\/#\/schema\/logo\/image\/","url":"https:\/\/revolutionpadelstore.com\/wp-content\/uploads\/2026\/02\/revolution-padel-store.jpg","contentUrl":"https:\/\/revolutionpadelstore.com\/wp-content\/uploads\/2026\/02\/revolution-padel-store.jpg","width":2000,"height":2000,"caption":"Revolution Padel Store"},"image":{"@id":"https:\/\/revolutionpadelstore.com\/it\/#\/schema\/logo\/image\/"},"sameAs":["https:\/\/www.instagram.com\/revolutionpadelstore\/"]}]}},"_links":{"self":[{"href":"https:\/\/revolutionpadelstore.com\/it\/wp-json\/wp\/v2\/product\/156249","targetHints":{"allow":["GET"]}}],"collection":[{"href":"https:\/\/revolutionpadelstore.com\/it\/wp-json\/wp\/v2\/product"}],"about":[{"href":"https:\/\/revolutionpadelstore.com\/it\/wp-json\/wp\/v2\/types\/product"}],"replies":[{"embeddable":true,"href":"https:\/\/revolutionpadelstore.com\/it\/wp-json\/wp\/v2\/comments?post=156249"}],"wp:featuredmedia":[{"embeddable":true,"href":"https:\/\/revolutionpadelstore.com\/it\/wp-json\/wp\/v2\/media\/156219"}],"wp:attachment":[{"href":"https:\/\/revolutionpadelstore.com\/it\/wp-json\/wp\/v2\/media?parent=156249"}],"wp:term":[{"taxonomy":"acabado","embeddable":true,"href":"https:\/\/revolutionpadelstore.com\/it\/wp-json\/wp\/v2\/acabado?post=156249"},{"taxonomy":"balance","embeddable":true,"href":"https:\/\/revolutionpadelstore.com\/it\/wp-json\/wp\/v2\/balance?post=156249"},{"taxonomy":"dureza","embeddable":true,"href":"https:\/\/revolutionpadelstore.com\/it\/wp-json\/wp\/v2\/dureza?post=156249"},{"taxonomy":"forma","embeddable":true,"href":"https:\/\/revolutionpadelstore.com\/it\/wp-json\/wp\/v2\/forma?post=156249"},{"taxonomy":"jugador","embeddable":true,"href":"https:\/\/revolutionpadelstore.com\/it\/wp-json\/wp\/v2\/jugador?post=156249"},{"taxonomy":"marca","embeddable":true,"href":"https:\/\/revolutionpadelstore.com\/it\/wp-json\/wp\/v2\/marca?post=156249"},{"taxonomy":"nivel-de-juego","embeddable":true,"href":"https:\/\/revolutionpadelstore.com\/it\/wp-json\/wp\/v2\/nivel-de-juego?post=156249"},{"taxonomy":"superficie","embeddable":true,"href":"https:\/\/revolutionpadelstore.com\/it\/wp-json\/wp\/v2\/superficie?post=156249"},{"taxonomy":"tipo-de-juego","embeddable":true,"href":"https:\/\/revolutionpadelstore.com\/it\/wp-json\/wp\/v2\/tipo-de-juego?post=156249"},{"taxonomy":"product_brand","embeddable":true,"href":"https:\/\/revolutionpadelstore.com\/it\/wp-json\/wp\/v2\/product_brand?post=156249"},{"taxonomy":"product_cat","embeddable":true,"href":"https:\/\/revolutionpadelstore.com\/it\/wp-json\/wp\/v2\/product_cat?post=156249"},{"taxonomy":"product_tag","embeddable":true,"href":"https:\/\/revolutionpadelstore.com\/it\/wp-json\/wp\/v2\/product_tag?post=156249"}],"curies":[{"name":"wp","href":"https:\/\/api.w.org\/{rel}","templated":true}]}}