{"id":156124,"date":"2024-12-20T08:31:40","date_gmt":"2024-12-20T07:31:40","guid":{"rendered":"https:\/\/revolutionpadelstore.com\/camiseta-tirantes-bullpadel-lleva-mujer-negra\/"},"modified":"2026-04-08T09:07:50","modified_gmt":"2026-04-08T07:07:50","slug":"camiseta-tirantes-bullpadel-lleva-negra-005-mujer-4","status":"publish","type":"product","link":"https:\/\/revolutionpadelstore.com\/it\/prodotto\/camiseta-tirantes-bullpadel-lleva-negra-005-mujer-4\/","title":{"rendered":"CAMISETA TIRANTES BULLPADEL LLEVA NEGRA 005 MUJER"},"content":{"rendered":"<p><H2> T -Shirt Bullpadel Tracce ha una donna. Massima libert\u00e0 di movimento e freschezza <\/h2>\n<p><strong> t -t -shirt trasporta bullpadel <\/strong>, progettato per i giocatori di paddle dinamici, combina comfort e stile per ottenere le migliori prestazioni in pista. Realizzato in <strong> tessuto poliestere morbido ed elastico <\/strong>, offre funzionalit\u00e0 eccezionali senza compromettere il comfort.<\/p>\n<p>Questa camicia incorpora la <strong> Drynamic Technology <\/strong>, che accelera l&#8217;essiccazione e riduce l&#8217;umidit\u00e0, garantendo la traspirabilit\u00e0 ottimale. Perfetto per mantenere freschezza e comfort durante le lunghe sessioni di allenamento o le partite intense.<\/p>\n<p>Con un design del cinturino stilizzato e l&#8217;iconico <strong> bullpadel.<\/p>\n<h2> Caratteristiche principali: <\/h2>\n<p><strong> -polyester tessuto <\/strong>: morbido, elastico e funzionale.<\/p>\n<p><strong> -Drynamic Technology <\/strong>: migliora il sudore e riduce l&#8217;umidit\u00e0.<\/p>\n<p><strong> -Modern Design <\/strong>: stilizzato con trincee e dettagli contrastanti.<\/p>\n<p><strong> -comodity and freshness <\/strong>: ideale per i giocatori attivi.<\/p>\n<p>Questa maglietta non solo garantisce prestazioni, ma si adatta perfettamente allo stile dei giocatori di paddle pi\u00f9 esigenti. Fai parte della tua attrezzatura e migliora il tuo gioco!<\/p>\n<p><strong> Ora disponibile nel nostro negozio online <a href=\"http:\/\/www.revolutionpadelstore.com\/\"> www.revolutionpadelstore.com <\/a>, probabilmente al miglior prezzo di mercato<\/p>\n<h2>Camiseta Tirantes Bullpadel Lleva Mujer. M\u00e1xima libertad de movimiento y frescura<\/h2>\n","protected":false},"excerpt":{"rendered":"<p>Bullpadel Women Sleeve Shirt, realizzata con un tessuto di poliestere leggero ed elastico che incorpora la tecnologia namica, progettata per assorbire il sudore e offrire un&#8217;esperienza confortevole e unica.<\/p>\n","protected":false},"featured_media":156104,"comment_status":"open","ping_status":"closed","template":"","meta":{"_acf_changed":false,"_joinchat":[]},"acabado":[],"balance":[],"dureza":[],"forma":[],"jugador":[1196],"marca":[1256],"nivel-de-juego":[],"superficie":[],"tipo-de-juego":[],"product_brand":[],"product_cat":[337],"product_tag":[],"class_list":{"0":"post-156124","1":"product","2":"type-product","3":"status-publish","4":"has-post-thumbnail","6":"jugador-mujer-it","7":"marca-bullpadel-it","8":"product_cat-ropa-it","10":"first","11":"outofstock","12":"sale","13":"taxable","14":"shipping-taxable","15":"purchasable","16":"product-type-variable"},"acf":[],"yoast_head":"<!-- This site is optimized with the Yoast SEO plugin v27.4 - https:\/\/yoast.com\/product\/yoast-seo-wordpress\/ -->\n<title>CAMISETA TIRANTES BULLPADEL LLEVA NEGRA 005 MUJER - Revolution Padel Store<\/title>\n<meta name=\"description\" content=\"Compra la Camiseta Tirantes Bullpadel Lleva Mujer, dise\u00f1ada para frescura y comodidad en el p\u00e1del. Con tecnolog\u00eda Drynamic y estilo moderno, ideal para jugadoras din\u00e1micas.\" \/>\n<meta name=\"robots\" content=\"index, follow, max-snippet:-1, max-image-preview:large, max-video-preview:-1\" \/>\n<link rel=\"canonical\" href=\"https:\/\/revolutionpadelstore.com\/it\/prodotto\/camiseta-tirantes-bullpadel-lleva-negra-005-mujer-4\/\" \/>\n<meta property=\"og:locale\" content=\"it_IT\" \/>\n<meta property=\"og:type\" content=\"article\" \/>\n<meta property=\"og:title\" content=\"CAMISETA TIRANTES BULLPADEL LLEVA NEGRA 005 MUJER - Revolution Padel Store\" \/>\n<meta property=\"og:description\" content=\"Compra la Camiseta Tirantes Bullpadel Lleva Mujer, dise\u00f1ada para frescura y comodidad en el p\u00e1del. Con tecnolog\u00eda Drynamic y estilo moderno, ideal para jugadoras din\u00e1micas.\" \/>\n<meta property=\"og:url\" content=\"https:\/\/revolutionpadelstore.com\/it\/prodotto\/camiseta-tirantes-bullpadel-lleva-negra-005-mujer-4\/\" \/>\n<meta property=\"og:site_name\" content=\"Revolution Padel Store\" \/>\n<meta property=\"article:modified_time\" content=\"2026-04-08T07:07:50+00:00\" \/>\n<meta property=\"og:image\" content=\"https:\/\/revolutionpadelstore.com\/wp-content\/uploads\/2024\/12\/camiseta-bullpadel-lleva-negro.jpg\" \/>\n\t<meta property=\"og:image:width\" content=\"1000\" \/>\n\t<meta property=\"og:image:height\" content=\"1188\" \/>\n\t<meta property=\"og:image:type\" content=\"image\/jpeg\" \/>\n<meta name=\"twitter:card\" content=\"summary_large_image\" \/>\n<meta name=\"twitter:label1\" content=\"Tempo di lettura stimato\" \/>\n\t<meta name=\"twitter:data1\" content=\"2 minuti\" \/>\n<script type=\"application\/ld+json\" class=\"yoast-schema-graph\">{\"@context\":\"https:\\\/\\\/schema.org\",\"@graph\":[{\"@type\":\"WebPage\",\"@id\":\"https:\\\/\\\/revolutionpadelstore.com\\\/it\\\/prodotto\\\/camiseta-tirantes-bullpadel-lleva-negra-005-mujer-4\\\/\",\"url\":\"https:\\\/\\\/revolutionpadelstore.com\\\/it\\\/prodotto\\\/camiseta-tirantes-bullpadel-lleva-negra-005-mujer-4\\\/\",\"name\":\"CAMISETA TIRANTES BULLPADEL LLEVA NEGRA 005 MUJER - Revolution Padel Store\",\"isPartOf\":{\"@id\":\"https:\\\/\\\/revolutionpadelstore.com\\\/it\\\/#website\"},\"primaryImageOfPage\":{\"@id\":\"https:\\\/\\\/revolutionpadelstore.com\\\/it\\\/prodotto\\\/camiseta-tirantes-bullpadel-lleva-negra-005-mujer-4\\\/#primaryimage\"},\"image\":{\"@id\":\"https:\\\/\\\/revolutionpadelstore.com\\\/it\\\/prodotto\\\/camiseta-tirantes-bullpadel-lleva-negra-005-mujer-4\\\/#primaryimage\"},\"thumbnailUrl\":\"https:\\\/\\\/revolutionpadelstore.com\\\/wp-content\\\/uploads\\\/2024\\\/12\\\/camiseta-bullpadel-lleva-negro.jpg\",\"datePublished\":\"2024-12-20T07:31:40+00:00\",\"dateModified\":\"2026-04-08T07:07:50+00:00\",\"description\":\"Compra la Camiseta Tirantes Bullpadel Lleva Mujer, dise\u00f1ada para frescura y comodidad en el p\u00e1del. Con tecnolog\u00eda Drynamic y estilo moderno, ideal para jugadoras din\u00e1micas.\",\"breadcrumb\":{\"@id\":\"https:\\\/\\\/revolutionpadelstore.com\\\/it\\\/prodotto\\\/camiseta-tirantes-bullpadel-lleva-negra-005-mujer-4\\\/#breadcrumb\"},\"inLanguage\":\"it-IT\",\"potentialAction\":[{\"@type\":\"ReadAction\",\"target\":[\"https:\\\/\\\/revolutionpadelstore.com\\\/it\\\/prodotto\\\/camiseta-tirantes-bullpadel-lleva-negra-005-mujer-4\\\/\"]}]},{\"@type\":\"ImageObject\",\"inLanguage\":\"it-IT\",\"@id\":\"https:\\\/\\\/revolutionpadelstore.com\\\/it\\\/prodotto\\\/camiseta-tirantes-bullpadel-lleva-negra-005-mujer-4\\\/#primaryimage\",\"url\":\"https:\\\/\\\/revolutionpadelstore.com\\\/wp-content\\\/uploads\\\/2024\\\/12\\\/camiseta-bullpadel-lleva-negro.jpg\",\"contentUrl\":\"https:\\\/\\\/revolutionpadelstore.com\\\/wp-content\\\/uploads\\\/2024\\\/12\\\/camiseta-bullpadel-lleva-negro.jpg\",\"width\":1000,\"height\":1188},{\"@type\":\"BreadcrumbList\",\"@id\":\"https:\\\/\\\/revolutionpadelstore.com\\\/it\\\/prodotto\\\/camiseta-tirantes-bullpadel-lleva-negra-005-mujer-4\\\/#breadcrumb\",\"itemListElement\":[{\"@type\":\"ListItem\",\"position\":1,\"name\":\"Portada\",\"item\":\"https:\\\/\\\/revolutionpadelstore.com\\\/it\\\/\"},{\"@type\":\"ListItem\",\"position\":2,\"name\":\"Tienda\",\"item\":\"https:\\\/\\\/revolutionpadelstore.com\\\/it\\\/tienda\\\/\"},{\"@type\":\"ListItem\",\"position\":3,\"name\":\"CAMISETA TIRANTES BULLPADEL LLEVA NEGRA 005 MUJER\"}]},{\"@type\":\"WebSite\",\"@id\":\"https:\\\/\\\/revolutionpadelstore.com\\\/it\\\/#website\",\"url\":\"https:\\\/\\\/revolutionpadelstore.com\\\/it\\\/\",\"name\":\"Revolution Padel Store\",\"description\":\"\",\"publisher\":{\"@id\":\"https:\\\/\\\/revolutionpadelstore.com\\\/it\\\/#organization\"},\"potentialAction\":[{\"@type\":\"SearchAction\",\"target\":{\"@type\":\"EntryPoint\",\"urlTemplate\":\"https:\\\/\\\/revolutionpadelstore.com\\\/it\\\/?s={search_term_string}\"},\"query-input\":{\"@type\":\"PropertyValueSpecification\",\"valueRequired\":true,\"valueName\":\"search_term_string\"}}],\"inLanguage\":\"it-IT\"},{\"@type\":\"Organization\",\"@id\":\"https:\\\/\\\/revolutionpadelstore.com\\\/it\\\/#organization\",\"name\":\"Revolution Padel Store\",\"url\":\"https:\\\/\\\/revolutionpadelstore.com\\\/it\\\/\",\"logo\":{\"@type\":\"ImageObject\",\"inLanguage\":\"it-IT\",\"@id\":\"https:\\\/\\\/revolutionpadelstore.com\\\/it\\\/#\\\/schema\\\/logo\\\/image\\\/\",\"url\":\"https:\\\/\\\/revolutionpadelstore.com\\\/wp-content\\\/uploads\\\/2026\\\/02\\\/revolution-padel-store.jpg\",\"contentUrl\":\"https:\\\/\\\/revolutionpadelstore.com\\\/wp-content\\\/uploads\\\/2026\\\/02\\\/revolution-padel-store.jpg\",\"width\":2000,\"height\":2000,\"caption\":\"Revolution Padel Store\"},\"image\":{\"@id\":\"https:\\\/\\\/revolutionpadelstore.com\\\/it\\\/#\\\/schema\\\/logo\\\/image\\\/\"},\"sameAs\":[\"https:\\\/\\\/www.instagram.com\\\/revolutionpadelstore\\\/\"]}]}<\/script>\n<!-- \/ Yoast SEO plugin. -->","yoast_head_json":{"title":"CAMISETA TIRANTES BULLPADEL LLEVA NEGRA 005 MUJER - Revolution Padel Store","description":"Compra la Camiseta Tirantes Bullpadel Lleva Mujer, dise\u00f1ada para frescura y comodidad en el p\u00e1del. Con tecnolog\u00eda Drynamic y estilo moderno, ideal para jugadoras din\u00e1micas.","robots":{"index":"index","follow":"follow","max-snippet":"max-snippet:-1","max-image-preview":"max-image-preview:large","max-video-preview":"max-video-preview:-1"},"canonical":"https:\/\/revolutionpadelstore.com\/it\/prodotto\/camiseta-tirantes-bullpadel-lleva-negra-005-mujer-4\/","og_locale":"it_IT","og_type":"article","og_title":"CAMISETA TIRANTES BULLPADEL LLEVA NEGRA 005 MUJER - Revolution Padel Store","og_description":"Compra la Camiseta Tirantes Bullpadel Lleva Mujer, dise\u00f1ada para frescura y comodidad en el p\u00e1del. Con tecnolog\u00eda Drynamic y estilo moderno, ideal para jugadoras din\u00e1micas.","og_url":"https:\/\/revolutionpadelstore.com\/it\/prodotto\/camiseta-tirantes-bullpadel-lleva-negra-005-mujer-4\/","og_site_name":"Revolution Padel Store","article_modified_time":"2026-04-08T07:07:50+00:00","og_image":[{"width":1000,"height":1188,"url":"https:\/\/revolutionpadelstore.com\/wp-content\/uploads\/2024\/12\/camiseta-bullpadel-lleva-negro.jpg","type":"image\/jpeg"}],"twitter_card":"summary_large_image","twitter_misc":{"Tempo di lettura stimato":"2 minuti"},"schema":{"@context":"https:\/\/schema.org","@graph":[{"@type":"WebPage","@id":"https:\/\/revolutionpadelstore.com\/it\/prodotto\/camiseta-tirantes-bullpadel-lleva-negra-005-mujer-4\/","url":"https:\/\/revolutionpadelstore.com\/it\/prodotto\/camiseta-tirantes-bullpadel-lleva-negra-005-mujer-4\/","name":"CAMISETA TIRANTES BULLPADEL LLEVA NEGRA 005 MUJER - Revolution Padel Store","isPartOf":{"@id":"https:\/\/revolutionpadelstore.com\/it\/#website"},"primaryImageOfPage":{"@id":"https:\/\/revolutionpadelstore.com\/it\/prodotto\/camiseta-tirantes-bullpadel-lleva-negra-005-mujer-4\/#primaryimage"},"image":{"@id":"https:\/\/revolutionpadelstore.com\/it\/prodotto\/camiseta-tirantes-bullpadel-lleva-negra-005-mujer-4\/#primaryimage"},"thumbnailUrl":"https:\/\/revolutionpadelstore.com\/wp-content\/uploads\/2024\/12\/camiseta-bullpadel-lleva-negro.jpg","datePublished":"2024-12-20T07:31:40+00:00","dateModified":"2026-04-08T07:07:50+00:00","description":"Compra la Camiseta Tirantes Bullpadel Lleva Mujer, dise\u00f1ada para frescura y comodidad en el p\u00e1del. Con tecnolog\u00eda Drynamic y estilo moderno, ideal para jugadoras din\u00e1micas.","breadcrumb":{"@id":"https:\/\/revolutionpadelstore.com\/it\/prodotto\/camiseta-tirantes-bullpadel-lleva-negra-005-mujer-4\/#breadcrumb"},"inLanguage":"it-IT","potentialAction":[{"@type":"ReadAction","target":["https:\/\/revolutionpadelstore.com\/it\/prodotto\/camiseta-tirantes-bullpadel-lleva-negra-005-mujer-4\/"]}]},{"@type":"ImageObject","inLanguage":"it-IT","@id":"https:\/\/revolutionpadelstore.com\/it\/prodotto\/camiseta-tirantes-bullpadel-lleva-negra-005-mujer-4\/#primaryimage","url":"https:\/\/revolutionpadelstore.com\/wp-content\/uploads\/2024\/12\/camiseta-bullpadel-lleva-negro.jpg","contentUrl":"https:\/\/revolutionpadelstore.com\/wp-content\/uploads\/2024\/12\/camiseta-bullpadel-lleva-negro.jpg","width":1000,"height":1188},{"@type":"BreadcrumbList","@id":"https:\/\/revolutionpadelstore.com\/it\/prodotto\/camiseta-tirantes-bullpadel-lleva-negra-005-mujer-4\/#breadcrumb","itemListElement":[{"@type":"ListItem","position":1,"name":"Portada","item":"https:\/\/revolutionpadelstore.com\/it\/"},{"@type":"ListItem","position":2,"name":"Tienda","item":"https:\/\/revolutionpadelstore.com\/it\/tienda\/"},{"@type":"ListItem","position":3,"name":"CAMISETA TIRANTES BULLPADEL LLEVA NEGRA 005 MUJER"}]},{"@type":"WebSite","@id":"https:\/\/revolutionpadelstore.com\/it\/#website","url":"https:\/\/revolutionpadelstore.com\/it\/","name":"Revolution Padel Store","description":"","publisher":{"@id":"https:\/\/revolutionpadelstore.com\/it\/#organization"},"potentialAction":[{"@type":"SearchAction","target":{"@type":"EntryPoint","urlTemplate":"https:\/\/revolutionpadelstore.com\/it\/?s={search_term_string}"},"query-input":{"@type":"PropertyValueSpecification","valueRequired":true,"valueName":"search_term_string"}}],"inLanguage":"it-IT"},{"@type":"Organization","@id":"https:\/\/revolutionpadelstore.com\/it\/#organization","name":"Revolution Padel Store","url":"https:\/\/revolutionpadelstore.com\/it\/","logo":{"@type":"ImageObject","inLanguage":"it-IT","@id":"https:\/\/revolutionpadelstore.com\/it\/#\/schema\/logo\/image\/","url":"https:\/\/revolutionpadelstore.com\/wp-content\/uploads\/2026\/02\/revolution-padel-store.jpg","contentUrl":"https:\/\/revolutionpadelstore.com\/wp-content\/uploads\/2026\/02\/revolution-padel-store.jpg","width":2000,"height":2000,"caption":"Revolution Padel Store"},"image":{"@id":"https:\/\/revolutionpadelstore.com\/it\/#\/schema\/logo\/image\/"},"sameAs":["https:\/\/www.instagram.com\/revolutionpadelstore\/"]}]}},"_links":{"self":[{"href":"https:\/\/revolutionpadelstore.com\/it\/wp-json\/wp\/v2\/product\/156124","targetHints":{"allow":["GET"]}}],"collection":[{"href":"https:\/\/revolutionpadelstore.com\/it\/wp-json\/wp\/v2\/product"}],"about":[{"href":"https:\/\/revolutionpadelstore.com\/it\/wp-json\/wp\/v2\/types\/product"}],"replies":[{"embeddable":true,"href":"https:\/\/revolutionpadelstore.com\/it\/wp-json\/wp\/v2\/comments?post=156124"}],"wp:featuredmedia":[{"embeddable":true,"href":"https:\/\/revolutionpadelstore.com\/it\/wp-json\/wp\/v2\/media\/156104"}],"wp:attachment":[{"href":"https:\/\/revolutionpadelstore.com\/it\/wp-json\/wp\/v2\/media?parent=156124"}],"wp:term":[{"taxonomy":"acabado","embeddable":true,"href":"https:\/\/revolutionpadelstore.com\/it\/wp-json\/wp\/v2\/acabado?post=156124"},{"taxonomy":"balance","embeddable":true,"href":"https:\/\/revolutionpadelstore.com\/it\/wp-json\/wp\/v2\/balance?post=156124"},{"taxonomy":"dureza","embeddable":true,"href":"https:\/\/revolutionpadelstore.com\/it\/wp-json\/wp\/v2\/dureza?post=156124"},{"taxonomy":"forma","embeddable":true,"href":"https:\/\/revolutionpadelstore.com\/it\/wp-json\/wp\/v2\/forma?post=156124"},{"taxonomy":"jugador","embeddable":true,"href":"https:\/\/revolutionpadelstore.com\/it\/wp-json\/wp\/v2\/jugador?post=156124"},{"taxonomy":"marca","embeddable":true,"href":"https:\/\/revolutionpadelstore.com\/it\/wp-json\/wp\/v2\/marca?post=156124"},{"taxonomy":"nivel-de-juego","embeddable":true,"href":"https:\/\/revolutionpadelstore.com\/it\/wp-json\/wp\/v2\/nivel-de-juego?post=156124"},{"taxonomy":"superficie","embeddable":true,"href":"https:\/\/revolutionpadelstore.com\/it\/wp-json\/wp\/v2\/superficie?post=156124"},{"taxonomy":"tipo-de-juego","embeddable":true,"href":"https:\/\/revolutionpadelstore.com\/it\/wp-json\/wp\/v2\/tipo-de-juego?post=156124"},{"taxonomy":"product_brand","embeddable":true,"href":"https:\/\/revolutionpadelstore.com\/it\/wp-json\/wp\/v2\/product_brand?post=156124"},{"taxonomy":"product_cat","embeddable":true,"href":"https:\/\/revolutionpadelstore.com\/it\/wp-json\/wp\/v2\/product_cat?post=156124"},{"taxonomy":"product_tag","embeddable":true,"href":"https:\/\/revolutionpadelstore.com\/it\/wp-json\/wp\/v2\/product_tag?post=156124"}],"curies":[{"name":"wp","href":"https:\/\/api.w.org\/{rel}","templated":true}]}}