{"id":155782,"date":"2024-12-19T23:26:05","date_gmt":"2024-12-19T22:26:05","guid":{"rendered":"https:\/\/revolutionpadelstore.com\/sudadera-bullpadel-lurte-negro\/"},"modified":"2026-04-08T09:14:11","modified_gmt":"2026-04-08T07:14:11","slug":"sudadera-bullpadel-lurte-negro-005-4","status":"publish","type":"product","link":"https:\/\/revolutionpadelstore.com\/it\/prodotto\/sudadera-bullpadel-lurte-negro-005-4\/","title":{"rendered":"SUDADERA BULLPADEL LURTE NEGRO 005"},"content":{"rendered":"<h2> Bullpadel Lurte Proline Selda: innovazione, stile e alte prestazioni <\/h2>\n<p>La felpa a bullpadel <strong> prolina <\/strong> \u00e8 la scelta perfetta per i giocatori di paddle che cercano la massima tecnologia <strong>, il comfort e il design elegante <\/strong>. Prodotto con <strong> tessuto tecnico di poliestere elastico <\/strong> e perchado interni, questo abbigliamento garantisce prestazioni eccezionali in tutte le tue attivit\u00e0.<\/p>\n<h2> Caratteristiche principali: <\/h2>\n<p><strong>-Tecnico tecnico avanzato <\/strong>: materiale elastico con ricciolo all&#8217;interno con una migliore adattabilit\u00e0.<\/p>\n<p><strong> -Drynamic Tecnology <\/strong>: promuove il sudore riducendo l&#8217;umidit\u00e0 grazie ai suoi microfilamenti.<\/p>\n<p><strong> -Prattico e funzionale Design <\/strong><\/p>\n<p>-Tenth Central Small per una regolazione comoda.<\/p>\n<p>-S Bolsillos laterale con cerniere per una maggiore sicurezza.<\/p>\n<p>-Thermoselladas spalle che ottimizzano la resistenza e la finitura.<\/p>\n<p>Assedio <strong> -frontale in ribstop elastico in poliestere in due direzioni <\/strong>, che migliora la durata e lo stile del capo.<\/p>\n<p>Perfetto per un allenamento intenso o per portare un aspetto sportivo e sofisticato, la felpa <\/strong> <\/strong> <\/strong><\/p>\n<p><strong> Ora ordini <a href=\"https:\/\/www.revolutionpadelstore.com\/\"> www.revolutionpadelstore.com <\/a> e ottenere questa Sweatshirt Proline al miglior prezzo del mercato.<\/p>\n<h2>Sudadera Bullpadel\u00a0 Lurte Proline: Innovaci\u00f3n, Estilo y Alto Rendimiento<\/h2>\n","protected":false},"excerpt":{"rendered":"<p>La felpa a bullpadel <strong> prolina <\/strong> \u00e8 la scelta perfetta per i giocatori di paddle che cercano la massima tecnologia <strong>, il comfort e il design elegante <\/strong>. Prodotto con <strong> tessuto tecnico di poliestere elastico <\/strong> e perchado interni, questo abbigliamento garantisce prestazioni eccezionali in tutte le tue attivit\u00e0.<strong>Sudadera Bullpadel Proline<\/strong><\/p>\n","protected":false},"featured_media":155762,"comment_status":"open","ping_status":"closed","template":"","meta":{"_acf_changed":false,"_joinchat":[]},"acabado":[],"balance":[],"dureza":[],"forma":[],"jugador":[1191],"marca":[1256],"nivel-de-juego":[],"superficie":[],"tipo-de-juego":[],"product_brand":[],"product_cat":[337],"product_tag":[],"class_list":{"0":"post-155782","1":"product","2":"type-product","3":"status-publish","4":"has-post-thumbnail","6":"jugador-uomo","7":"marca-bullpadel-it","8":"product_cat-ropa-it","10":"first","11":"outofstock","12":"sale","13":"taxable","14":"shipping-taxable","15":"purchasable","16":"product-type-variable"},"acf":[],"yoast_head":"<!-- This site is optimized with the Yoast SEO plugin v27.4 - https:\/\/yoast.com\/product\/yoast-seo-wordpress\/ -->\n<title>SUDADERA BULLPADEL LURTE NEGRO 005 - Revolution Padel Store<\/title>\n<meta name=\"description\" content=\"Descubre la Sudadera Bullpadel Proline: dise\u00f1o t\u00e9cnico con tecnolog\u00eda Drynamic, comodidad y estilo para el p\u00e1del. \u00a1Compra al mejor precio en Revolution Padel Store!\" \/>\n<meta name=\"robots\" content=\"index, follow, max-snippet:-1, max-image-preview:large, max-video-preview:-1\" \/>\n<link rel=\"canonical\" href=\"https:\/\/revolutionpadelstore.com\/it\/prodotto\/sudadera-bullpadel-lurte-negro-005-4\/\" \/>\n<meta property=\"og:locale\" content=\"it_IT\" \/>\n<meta property=\"og:type\" content=\"article\" \/>\n<meta property=\"og:title\" content=\"SUDADERA BULLPADEL LURTE NEGRO 005 - Revolution Padel Store\" \/>\n<meta property=\"og:description\" content=\"Descubre la Sudadera Bullpadel Proline: dise\u00f1o t\u00e9cnico con tecnolog\u00eda Drynamic, comodidad y estilo para el p\u00e1del. \u00a1Compra al mejor precio en Revolution Padel Store!\" \/>\n<meta property=\"og:url\" content=\"https:\/\/revolutionpadelstore.com\/it\/prodotto\/sudadera-bullpadel-lurte-negro-005-4\/\" \/>\n<meta property=\"og:site_name\" content=\"Revolution Padel Store\" \/>\n<meta property=\"article:modified_time\" content=\"2026-04-08T07:14:11+00:00\" \/>\n<meta property=\"og:image\" content=\"https:\/\/revolutionpadelstore.com\/wp-content\/uploads\/2024\/12\/sudadera-bullpadel-lurte-negro.jpg\" \/>\n\t<meta property=\"og:image:width\" content=\"1000\" \/>\n\t<meta property=\"og:image:height\" content=\"1188\" \/>\n\t<meta property=\"og:image:type\" content=\"image\/jpeg\" \/>\n<meta name=\"twitter:card\" content=\"summary_large_image\" \/>\n<meta name=\"twitter:label1\" content=\"Tempo di lettura stimato\" \/>\n\t<meta name=\"twitter:data1\" content=\"1 minuto\" \/>\n<script type=\"application\/ld+json\" class=\"yoast-schema-graph\">{\"@context\":\"https:\\\/\\\/schema.org\",\"@graph\":[{\"@type\":\"WebPage\",\"@id\":\"https:\\\/\\\/revolutionpadelstore.com\\\/it\\\/prodotto\\\/sudadera-bullpadel-lurte-negro-005-4\\\/\",\"url\":\"https:\\\/\\\/revolutionpadelstore.com\\\/it\\\/prodotto\\\/sudadera-bullpadel-lurte-negro-005-4\\\/\",\"name\":\"SUDADERA BULLPADEL LURTE NEGRO 005 - Revolution Padel Store\",\"isPartOf\":{\"@id\":\"https:\\\/\\\/revolutionpadelstore.com\\\/it\\\/#website\"},\"primaryImageOfPage\":{\"@id\":\"https:\\\/\\\/revolutionpadelstore.com\\\/it\\\/prodotto\\\/sudadera-bullpadel-lurte-negro-005-4\\\/#primaryimage\"},\"image\":{\"@id\":\"https:\\\/\\\/revolutionpadelstore.com\\\/it\\\/prodotto\\\/sudadera-bullpadel-lurte-negro-005-4\\\/#primaryimage\"},\"thumbnailUrl\":\"https:\\\/\\\/revolutionpadelstore.com\\\/wp-content\\\/uploads\\\/2024\\\/12\\\/sudadera-bullpadel-lurte-negro.jpg\",\"datePublished\":\"2024-12-19T22:26:05+00:00\",\"dateModified\":\"2026-04-08T07:14:11+00:00\",\"description\":\"Descubre la Sudadera Bullpadel Proline: dise\u00f1o t\u00e9cnico con tecnolog\u00eda Drynamic, comodidad y estilo para el p\u00e1del. \u00a1Compra al mejor precio en Revolution Padel Store!\",\"breadcrumb\":{\"@id\":\"https:\\\/\\\/revolutionpadelstore.com\\\/it\\\/prodotto\\\/sudadera-bullpadel-lurte-negro-005-4\\\/#breadcrumb\"},\"inLanguage\":\"it-IT\",\"potentialAction\":[{\"@type\":\"ReadAction\",\"target\":[\"https:\\\/\\\/revolutionpadelstore.com\\\/it\\\/prodotto\\\/sudadera-bullpadel-lurte-negro-005-4\\\/\"]}]},{\"@type\":\"ImageObject\",\"inLanguage\":\"it-IT\",\"@id\":\"https:\\\/\\\/revolutionpadelstore.com\\\/it\\\/prodotto\\\/sudadera-bullpadel-lurte-negro-005-4\\\/#primaryimage\",\"url\":\"https:\\\/\\\/revolutionpadelstore.com\\\/wp-content\\\/uploads\\\/2024\\\/12\\\/sudadera-bullpadel-lurte-negro.jpg\",\"contentUrl\":\"https:\\\/\\\/revolutionpadelstore.com\\\/wp-content\\\/uploads\\\/2024\\\/12\\\/sudadera-bullpadel-lurte-negro.jpg\",\"width\":1000,\"height\":1188},{\"@type\":\"BreadcrumbList\",\"@id\":\"https:\\\/\\\/revolutionpadelstore.com\\\/it\\\/prodotto\\\/sudadera-bullpadel-lurte-negro-005-4\\\/#breadcrumb\",\"itemListElement\":[{\"@type\":\"ListItem\",\"position\":1,\"name\":\"Portada\",\"item\":\"https:\\\/\\\/revolutionpadelstore.com\\\/it\\\/\"},{\"@type\":\"ListItem\",\"position\":2,\"name\":\"Tienda\",\"item\":\"https:\\\/\\\/revolutionpadelstore.com\\\/it\\\/tienda\\\/\"},{\"@type\":\"ListItem\",\"position\":3,\"name\":\"SUDADERA BULLPADEL LURTE NEGRO 005\"}]},{\"@type\":\"WebSite\",\"@id\":\"https:\\\/\\\/revolutionpadelstore.com\\\/it\\\/#website\",\"url\":\"https:\\\/\\\/revolutionpadelstore.com\\\/it\\\/\",\"name\":\"Revolution Padel Store\",\"description\":\"\",\"publisher\":{\"@id\":\"https:\\\/\\\/revolutionpadelstore.com\\\/it\\\/#organization\"},\"potentialAction\":[{\"@type\":\"SearchAction\",\"target\":{\"@type\":\"EntryPoint\",\"urlTemplate\":\"https:\\\/\\\/revolutionpadelstore.com\\\/it\\\/?s={search_term_string}\"},\"query-input\":{\"@type\":\"PropertyValueSpecification\",\"valueRequired\":true,\"valueName\":\"search_term_string\"}}],\"inLanguage\":\"it-IT\"},{\"@type\":\"Organization\",\"@id\":\"https:\\\/\\\/revolutionpadelstore.com\\\/it\\\/#organization\",\"name\":\"Revolution Padel Store\",\"url\":\"https:\\\/\\\/revolutionpadelstore.com\\\/it\\\/\",\"logo\":{\"@type\":\"ImageObject\",\"inLanguage\":\"it-IT\",\"@id\":\"https:\\\/\\\/revolutionpadelstore.com\\\/it\\\/#\\\/schema\\\/logo\\\/image\\\/\",\"url\":\"https:\\\/\\\/revolutionpadelstore.com\\\/wp-content\\\/uploads\\\/2026\\\/02\\\/revolution-padel-store.jpg\",\"contentUrl\":\"https:\\\/\\\/revolutionpadelstore.com\\\/wp-content\\\/uploads\\\/2026\\\/02\\\/revolution-padel-store.jpg\",\"width\":2000,\"height\":2000,\"caption\":\"Revolution Padel Store\"},\"image\":{\"@id\":\"https:\\\/\\\/revolutionpadelstore.com\\\/it\\\/#\\\/schema\\\/logo\\\/image\\\/\"},\"sameAs\":[\"https:\\\/\\\/www.instagram.com\\\/revolutionpadelstore\\\/\"]}]}<\/script>\n<!-- \/ Yoast SEO plugin. -->","yoast_head_json":{"title":"SUDADERA BULLPADEL LURTE NEGRO 005 - Revolution Padel Store","description":"Descubre la Sudadera Bullpadel Proline: dise\u00f1o t\u00e9cnico con tecnolog\u00eda Drynamic, comodidad y estilo para el p\u00e1del. \u00a1Compra al mejor precio en Revolution Padel Store!","robots":{"index":"index","follow":"follow","max-snippet":"max-snippet:-1","max-image-preview":"max-image-preview:large","max-video-preview":"max-video-preview:-1"},"canonical":"https:\/\/revolutionpadelstore.com\/it\/prodotto\/sudadera-bullpadel-lurte-negro-005-4\/","og_locale":"it_IT","og_type":"article","og_title":"SUDADERA BULLPADEL LURTE NEGRO 005 - Revolution Padel Store","og_description":"Descubre la Sudadera Bullpadel Proline: dise\u00f1o t\u00e9cnico con tecnolog\u00eda Drynamic, comodidad y estilo para el p\u00e1del. \u00a1Compra al mejor precio en Revolution Padel Store!","og_url":"https:\/\/revolutionpadelstore.com\/it\/prodotto\/sudadera-bullpadel-lurte-negro-005-4\/","og_site_name":"Revolution Padel Store","article_modified_time":"2026-04-08T07:14:11+00:00","og_image":[{"width":1000,"height":1188,"url":"https:\/\/revolutionpadelstore.com\/wp-content\/uploads\/2024\/12\/sudadera-bullpadel-lurte-negro.jpg","type":"image\/jpeg"}],"twitter_card":"summary_large_image","twitter_misc":{"Tempo di lettura stimato":"1 minuto"},"schema":{"@context":"https:\/\/schema.org","@graph":[{"@type":"WebPage","@id":"https:\/\/revolutionpadelstore.com\/it\/prodotto\/sudadera-bullpadel-lurte-negro-005-4\/","url":"https:\/\/revolutionpadelstore.com\/it\/prodotto\/sudadera-bullpadel-lurte-negro-005-4\/","name":"SUDADERA BULLPADEL LURTE NEGRO 005 - Revolution Padel Store","isPartOf":{"@id":"https:\/\/revolutionpadelstore.com\/it\/#website"},"primaryImageOfPage":{"@id":"https:\/\/revolutionpadelstore.com\/it\/prodotto\/sudadera-bullpadel-lurte-negro-005-4\/#primaryimage"},"image":{"@id":"https:\/\/revolutionpadelstore.com\/it\/prodotto\/sudadera-bullpadel-lurte-negro-005-4\/#primaryimage"},"thumbnailUrl":"https:\/\/revolutionpadelstore.com\/wp-content\/uploads\/2024\/12\/sudadera-bullpadel-lurte-negro.jpg","datePublished":"2024-12-19T22:26:05+00:00","dateModified":"2026-04-08T07:14:11+00:00","description":"Descubre la Sudadera Bullpadel Proline: dise\u00f1o t\u00e9cnico con tecnolog\u00eda Drynamic, comodidad y estilo para el p\u00e1del. \u00a1Compra al mejor precio en Revolution Padel Store!","breadcrumb":{"@id":"https:\/\/revolutionpadelstore.com\/it\/prodotto\/sudadera-bullpadel-lurte-negro-005-4\/#breadcrumb"},"inLanguage":"it-IT","potentialAction":[{"@type":"ReadAction","target":["https:\/\/revolutionpadelstore.com\/it\/prodotto\/sudadera-bullpadel-lurte-negro-005-4\/"]}]},{"@type":"ImageObject","inLanguage":"it-IT","@id":"https:\/\/revolutionpadelstore.com\/it\/prodotto\/sudadera-bullpadel-lurte-negro-005-4\/#primaryimage","url":"https:\/\/revolutionpadelstore.com\/wp-content\/uploads\/2024\/12\/sudadera-bullpadel-lurte-negro.jpg","contentUrl":"https:\/\/revolutionpadelstore.com\/wp-content\/uploads\/2024\/12\/sudadera-bullpadel-lurte-negro.jpg","width":1000,"height":1188},{"@type":"BreadcrumbList","@id":"https:\/\/revolutionpadelstore.com\/it\/prodotto\/sudadera-bullpadel-lurte-negro-005-4\/#breadcrumb","itemListElement":[{"@type":"ListItem","position":1,"name":"Portada","item":"https:\/\/revolutionpadelstore.com\/it\/"},{"@type":"ListItem","position":2,"name":"Tienda","item":"https:\/\/revolutionpadelstore.com\/it\/tienda\/"},{"@type":"ListItem","position":3,"name":"SUDADERA BULLPADEL LURTE NEGRO 005"}]},{"@type":"WebSite","@id":"https:\/\/revolutionpadelstore.com\/it\/#website","url":"https:\/\/revolutionpadelstore.com\/it\/","name":"Revolution Padel Store","description":"","publisher":{"@id":"https:\/\/revolutionpadelstore.com\/it\/#organization"},"potentialAction":[{"@type":"SearchAction","target":{"@type":"EntryPoint","urlTemplate":"https:\/\/revolutionpadelstore.com\/it\/?s={search_term_string}"},"query-input":{"@type":"PropertyValueSpecification","valueRequired":true,"valueName":"search_term_string"}}],"inLanguage":"it-IT"},{"@type":"Organization","@id":"https:\/\/revolutionpadelstore.com\/it\/#organization","name":"Revolution Padel Store","url":"https:\/\/revolutionpadelstore.com\/it\/","logo":{"@type":"ImageObject","inLanguage":"it-IT","@id":"https:\/\/revolutionpadelstore.com\/it\/#\/schema\/logo\/image\/","url":"https:\/\/revolutionpadelstore.com\/wp-content\/uploads\/2026\/02\/revolution-padel-store.jpg","contentUrl":"https:\/\/revolutionpadelstore.com\/wp-content\/uploads\/2026\/02\/revolution-padel-store.jpg","width":2000,"height":2000,"caption":"Revolution Padel Store"},"image":{"@id":"https:\/\/revolutionpadelstore.com\/it\/#\/schema\/logo\/image\/"},"sameAs":["https:\/\/www.instagram.com\/revolutionpadelstore\/"]}]}},"_links":{"self":[{"href":"https:\/\/revolutionpadelstore.com\/it\/wp-json\/wp\/v2\/product\/155782","targetHints":{"allow":["GET"]}}],"collection":[{"href":"https:\/\/revolutionpadelstore.com\/it\/wp-json\/wp\/v2\/product"}],"about":[{"href":"https:\/\/revolutionpadelstore.com\/it\/wp-json\/wp\/v2\/types\/product"}],"replies":[{"embeddable":true,"href":"https:\/\/revolutionpadelstore.com\/it\/wp-json\/wp\/v2\/comments?post=155782"}],"wp:featuredmedia":[{"embeddable":true,"href":"https:\/\/revolutionpadelstore.com\/it\/wp-json\/wp\/v2\/media\/155762"}],"wp:attachment":[{"href":"https:\/\/revolutionpadelstore.com\/it\/wp-json\/wp\/v2\/media?parent=155782"}],"wp:term":[{"taxonomy":"acabado","embeddable":true,"href":"https:\/\/revolutionpadelstore.com\/it\/wp-json\/wp\/v2\/acabado?post=155782"},{"taxonomy":"balance","embeddable":true,"href":"https:\/\/revolutionpadelstore.com\/it\/wp-json\/wp\/v2\/balance?post=155782"},{"taxonomy":"dureza","embeddable":true,"href":"https:\/\/revolutionpadelstore.com\/it\/wp-json\/wp\/v2\/dureza?post=155782"},{"taxonomy":"forma","embeddable":true,"href":"https:\/\/revolutionpadelstore.com\/it\/wp-json\/wp\/v2\/forma?post=155782"},{"taxonomy":"jugador","embeddable":true,"href":"https:\/\/revolutionpadelstore.com\/it\/wp-json\/wp\/v2\/jugador?post=155782"},{"taxonomy":"marca","embeddable":true,"href":"https:\/\/revolutionpadelstore.com\/it\/wp-json\/wp\/v2\/marca?post=155782"},{"taxonomy":"nivel-de-juego","embeddable":true,"href":"https:\/\/revolutionpadelstore.com\/it\/wp-json\/wp\/v2\/nivel-de-juego?post=155782"},{"taxonomy":"superficie","embeddable":true,"href":"https:\/\/revolutionpadelstore.com\/it\/wp-json\/wp\/v2\/superficie?post=155782"},{"taxonomy":"tipo-de-juego","embeddable":true,"href":"https:\/\/revolutionpadelstore.com\/it\/wp-json\/wp\/v2\/tipo-de-juego?post=155782"},{"taxonomy":"product_brand","embeddable":true,"href":"https:\/\/revolutionpadelstore.com\/it\/wp-json\/wp\/v2\/product_brand?post=155782"},{"taxonomy":"product_cat","embeddable":true,"href":"https:\/\/revolutionpadelstore.com\/it\/wp-json\/wp\/v2\/product_cat?post=155782"},{"taxonomy":"product_tag","embeddable":true,"href":"https:\/\/revolutionpadelstore.com\/it\/wp-json\/wp\/v2\/product_tag?post=155782"}],"curies":[{"name":"wp","href":"https:\/\/api.w.org\/{rel}","templated":true}]}}