{"id":154649,"date":"2024-12-06T13:14:03","date_gmt":"2024-12-06T12:14:03","guid":{"rendered":"https:\/\/revolutionpadelstore.com\/adidas-metalbone-team-light-3-4-2025\/"},"modified":"2026-04-08T09:43:45","modified_gmt":"2026-04-08T07:43:45","slug":"adidas-metalbone-team-light-3-4-2025-4","status":"publish","type":"product","link":"https:\/\/revolutionpadelstore.com\/it\/prodotto\/adidas-metalbone-team-light-3-4-2025-4\/","title":{"rendered":"ADIDAS METALBONE TEAM LIGHT 3.4 2025"},"content":{"rendered":"<h2> Adidas Metalbone Team Light 3.4, Lightness and Comfort <\/h2>\n<p>Il <strong> Adidas Metalbone Team Light 3.4 <\/strong> si distingue per offrire un&#8217;incredibile sensazione di comfort, controllo e manovrabilit\u00e0. Con il suo formato rotondo, distribuisce il peso vicino all&#8217;impugnatura, fornendo maggiore precisione e agilit\u00e0 nei movimenti difensivi dal fondo della pista. Inoltre, il suo peso leggero, che varia tra 345 e 360 \u200b\u200bgrammi, garantisce il massimo comfort e l&#8217;alta gestibilit\u00e0 in ogni momento.<\/p>\n<h2> Metalbone Team Light 3.4 Pala per giocatori avanzati <\/h2>\n<p>Perfetto per i giocatori di livello avanzato, la pala <strong> Adidas Metalbone Team Light 3.4 <\/strong> offre una combinazione eccezionale di leggerezza, alte prestazioni e resistenza all&#8217;usura. \u00c8 focalizzato sui colpi difensivi, quindi se stai cercando di distinguerti nei giochi dalla linea di fondo, questa pala ti offre proprio quello di cui hai bisogno. Il suo peso leggero e la muffa rotonda favoriscono il massimo controllo della palla, ideale per coloro che cercano di ottenere le migliori prestazioni in ogni gioco.<\/p>\n<h2> Caratteristiche e tecnologie di Adidas Metalbone Team Light 3.4 <\/h2>\n<p style=\"padding-left: 40px\"> <strong> -eva nucleo in gomma per prestazioni morbide <\/strong>: bassa densit\u00e0, per un maggiore comfort e una piacevole sensazione in ogni impatto.<br \/>\n<P> <strong> -Fiberglass Plans <\/strong>: forniscono morbidezza e assicurano un buon outlet a sfera<br \/>\n<P> <strong> -chas with texture Spin Blade Shield <\/strong>: favoriscono la presa della palla per stampare pi\u00f9 effetto.<br \/>\n<P> <strong> -Ctogonal Struttura <\/strong>: minimizza la torsione e aumenta la precisione<br \/>\n<P> <strong> -grip pi\u00f9 allungata potenza extra <\/strong>: per una presa stabile e ferma<\/p>\n<p> <strong> -design basso poli <\/strong>: aumenta la rigidit\u00e0 della struttura per colpi pi\u00f9 efficaci e forti.<\/p>\n<h2> Disponibile in Revolution Padel Store <\/h2>\n<p>Non pensarci e ottenere la nuova pala <strong> Metalbone Team Light 3.4 <\/strong> adidas. Con la sua muffa rotonda e il basso equilibrio, ti fornisce il controllo necessario per avere successo nelle commedie difensive.<\/p>\n<h2>Adidas Metalbone Team Light 3.4, ligereza y comodidad<\/h2>\n","protected":false},"excerpt":{"rendered":"<p>ADIDAS Metalbone Padel Pladel Team Light 3.4 con una forma rotonda e un basso equilibrio per il massimo controllo e comfort. Per i giocatori di livello avanzato. Eva Soft Performance Nucleus.<\/p>\n","protected":false},"featured_media":152893,"comment_status":"open","ping_status":"closed","template":"","meta":{"_acf_changed":false,"_joinchat":[]},"acabado":[1106],"balance":[1146],"dureza":[1156],"forma":[1181],"jugador":[1201,1191],"marca":[1231],"nivel-de-juego":[1336,1341],"superficie":[1361],"tipo-de-juego":[1371],"product_brand":[],"product_cat":[301],"product_tag":[],"class_list":{"0":"post-154649","1":"product","2":"type-product","3":"status-publish","4":"has-post-thumbnail","6":"acabado-rugoso-it","7":"balance-basso","8":"dureza-media-it","9":"forma-rotondo","10":"jugador-multiuso","11":"jugador-uomo","12":"marca-adidas-it","13":"superficie-rugosa-it","14":"tipo-de-juego-controllo","15":"product_cat-palas-de-padel-it","17":"first","18":"instock","19":"sale","20":"taxable","21":"shipping-taxable","22":"purchasable","23":"product-type-simple"},"acf":[],"yoast_head":"<!-- This site is optimized with the Yoast SEO plugin v27.4 - https:\/\/yoast.com\/product\/yoast-seo-wordpress\/ -->\n<title>ADIDAS METALBONE TEAM LIGHT 3.4 2025 - Revolution Padel Store<\/title>\n<meta name=\"description\" content=\"La Adidas Metalbone Team Light 3.4 destaca por garantizar unas incre\u00edbles sensaciones de confort, control y maniobrabilidad durante su uso. Con su formato redondo, distribuye el peso cerca del grip, proporcionando mayor precisi\u00f3n y agilidad en movimientos defensivos desde el fondo de la pista. Adem\u00e1s, su peso ligero comprendido entre los 345 y los 360 gramos asegura m\u00e1ximo confort y alta manejabilidad en todo momento.\" \/>\n<meta name=\"robots\" content=\"index, follow, max-snippet:-1, max-image-preview:large, max-video-preview:-1\" \/>\n<link rel=\"canonical\" href=\"https:\/\/revolutionpadelstore.com\/it\/prodotto\/adidas-metalbone-team-light-3-4-2025-4\/\" \/>\n<meta property=\"og:locale\" content=\"it_IT\" \/>\n<meta property=\"og:type\" content=\"article\" \/>\n<meta property=\"og:title\" content=\"ADIDAS METALBONE TEAM LIGHT 3.4 2025 - Revolution Padel Store\" \/>\n<meta property=\"og:description\" content=\"La Adidas Metalbone Team Light 3.4 destaca por garantizar unas incre\u00edbles sensaciones de confort, control y maniobrabilidad durante su uso. Con su formato redondo, distribuye el peso cerca del grip, proporcionando mayor precisi\u00f3n y agilidad en movimientos defensivos desde el fondo de la pista. Adem\u00e1s, su peso ligero comprendido entre los 345 y los 360 gramos asegura m\u00e1ximo confort y alta manejabilidad en todo momento.\" \/>\n<meta property=\"og:url\" content=\"https:\/\/revolutionpadelstore.com\/it\/prodotto\/adidas-metalbone-team-light-3-4-2025-4\/\" \/>\n<meta property=\"og:site_name\" content=\"Revolution Padel Store\" \/>\n<meta property=\"article:modified_time\" content=\"2026-04-08T07:43:45+00:00\" \/>\n<meta property=\"og:image\" content=\"https:\/\/revolutionpadelstore.com\/wp-content\/uploads\/2024\/12\/113689-pala-adidas-metalbone-team-light-3-4-ar2ca0u451500x1500-1-1.webp\" \/>\n\t<meta property=\"og:image:width\" content=\"1500\" \/>\n\t<meta property=\"og:image:height\" content=\"1500\" \/>\n\t<meta property=\"og:image:type\" content=\"image\/webp\" \/>\n<meta name=\"twitter:card\" content=\"summary_large_image\" \/>\n<meta name=\"twitter:label1\" content=\"Tempo di lettura stimato\" \/>\n\t<meta name=\"twitter:data1\" content=\"1 minuto\" \/>\n<script type=\"application\/ld+json\" class=\"yoast-schema-graph\">{\"@context\":\"https:\\\/\\\/schema.org\",\"@graph\":[{\"@type\":\"WebPage\",\"@id\":\"https:\\\/\\\/revolutionpadelstore.com\\\/it\\\/prodotto\\\/adidas-metalbone-team-light-3-4-2025-4\\\/\",\"url\":\"https:\\\/\\\/revolutionpadelstore.com\\\/it\\\/prodotto\\\/adidas-metalbone-team-light-3-4-2025-4\\\/\",\"name\":\"ADIDAS METALBONE TEAM LIGHT 3.4 2025 - Revolution Padel Store\",\"isPartOf\":{\"@id\":\"https:\\\/\\\/revolutionpadelstore.com\\\/it\\\/#website\"},\"primaryImageOfPage\":{\"@id\":\"https:\\\/\\\/revolutionpadelstore.com\\\/it\\\/prodotto\\\/adidas-metalbone-team-light-3-4-2025-4\\\/#primaryimage\"},\"image\":{\"@id\":\"https:\\\/\\\/revolutionpadelstore.com\\\/it\\\/prodotto\\\/adidas-metalbone-team-light-3-4-2025-4\\\/#primaryimage\"},\"thumbnailUrl\":\"https:\\\/\\\/revolutionpadelstore.com\\\/wp-content\\\/uploads\\\/2024\\\/12\\\/113689-pala-adidas-metalbone-team-light-3-4-ar2ca0u451500x1500-1-1.webp\",\"datePublished\":\"2024-12-06T12:14:03+00:00\",\"dateModified\":\"2026-04-08T07:43:45+00:00\",\"description\":\"La Adidas Metalbone Team Light 3.4 destaca por garantizar unas incre\u00edbles sensaciones de confort, control y maniobrabilidad durante su uso. Con su formato redondo, distribuye el peso cerca del grip, proporcionando mayor precisi\u00f3n y agilidad en movimientos defensivos desde el fondo de la pista. Adem\u00e1s, su peso ligero comprendido entre los 345 y los 360 gramos asegura m\u00e1ximo confort y alta manejabilidad en todo momento.\",\"breadcrumb\":{\"@id\":\"https:\\\/\\\/revolutionpadelstore.com\\\/it\\\/prodotto\\\/adidas-metalbone-team-light-3-4-2025-4\\\/#breadcrumb\"},\"inLanguage\":\"it-IT\",\"potentialAction\":[{\"@type\":\"ReadAction\",\"target\":[\"https:\\\/\\\/revolutionpadelstore.com\\\/it\\\/prodotto\\\/adidas-metalbone-team-light-3-4-2025-4\\\/\"]}]},{\"@type\":\"ImageObject\",\"inLanguage\":\"it-IT\",\"@id\":\"https:\\\/\\\/revolutionpadelstore.com\\\/it\\\/prodotto\\\/adidas-metalbone-team-light-3-4-2025-4\\\/#primaryimage\",\"url\":\"https:\\\/\\\/revolutionpadelstore.com\\\/wp-content\\\/uploads\\\/2024\\\/12\\\/113689-pala-adidas-metalbone-team-light-3-4-ar2ca0u451500x1500-1-1.webp\",\"contentUrl\":\"https:\\\/\\\/revolutionpadelstore.com\\\/wp-content\\\/uploads\\\/2024\\\/12\\\/113689-pala-adidas-metalbone-team-light-3-4-ar2ca0u451500x1500-1-1.webp\",\"width\":1500,\"height\":1500},{\"@type\":\"BreadcrumbList\",\"@id\":\"https:\\\/\\\/revolutionpadelstore.com\\\/it\\\/prodotto\\\/adidas-metalbone-team-light-3-4-2025-4\\\/#breadcrumb\",\"itemListElement\":[{\"@type\":\"ListItem\",\"position\":1,\"name\":\"Portada\",\"item\":\"https:\\\/\\\/revolutionpadelstore.com\\\/it\\\/\"},{\"@type\":\"ListItem\",\"position\":2,\"name\":\"Tienda\",\"item\":\"https:\\\/\\\/revolutionpadelstore.com\\\/it\\\/tienda\\\/\"},{\"@type\":\"ListItem\",\"position\":3,\"name\":\"ADIDAS METALBONE TEAM LIGHT 3.4 2025\"}]},{\"@type\":\"WebSite\",\"@id\":\"https:\\\/\\\/revolutionpadelstore.com\\\/it\\\/#website\",\"url\":\"https:\\\/\\\/revolutionpadelstore.com\\\/it\\\/\",\"name\":\"Revolution Padel Store\",\"description\":\"\",\"publisher\":{\"@id\":\"https:\\\/\\\/revolutionpadelstore.com\\\/it\\\/#organization\"},\"potentialAction\":[{\"@type\":\"SearchAction\",\"target\":{\"@type\":\"EntryPoint\",\"urlTemplate\":\"https:\\\/\\\/revolutionpadelstore.com\\\/it\\\/?s={search_term_string}\"},\"query-input\":{\"@type\":\"PropertyValueSpecification\",\"valueRequired\":true,\"valueName\":\"search_term_string\"}}],\"inLanguage\":\"it-IT\"},{\"@type\":\"Organization\",\"@id\":\"https:\\\/\\\/revolutionpadelstore.com\\\/it\\\/#organization\",\"name\":\"Revolution Padel Store\",\"url\":\"https:\\\/\\\/revolutionpadelstore.com\\\/it\\\/\",\"logo\":{\"@type\":\"ImageObject\",\"inLanguage\":\"it-IT\",\"@id\":\"https:\\\/\\\/revolutionpadelstore.com\\\/it\\\/#\\\/schema\\\/logo\\\/image\\\/\",\"url\":\"https:\\\/\\\/revolutionpadelstore.com\\\/wp-content\\\/uploads\\\/2026\\\/02\\\/revolution-padel-store.jpg\",\"contentUrl\":\"https:\\\/\\\/revolutionpadelstore.com\\\/wp-content\\\/uploads\\\/2026\\\/02\\\/revolution-padel-store.jpg\",\"width\":2000,\"height\":2000,\"caption\":\"Revolution Padel Store\"},\"image\":{\"@id\":\"https:\\\/\\\/revolutionpadelstore.com\\\/it\\\/#\\\/schema\\\/logo\\\/image\\\/\"},\"sameAs\":[\"https:\\\/\\\/www.instagram.com\\\/revolutionpadelstore\\\/\"]}]}<\/script>\n<!-- \/ Yoast SEO plugin. -->","yoast_head_json":{"title":"ADIDAS METALBONE TEAM LIGHT 3.4 2025 - Revolution Padel Store","description":"La Adidas Metalbone Team Light 3.4 destaca por garantizar unas incre\u00edbles sensaciones de confort, control y maniobrabilidad durante su uso. Con su formato redondo, distribuye el peso cerca del grip, proporcionando mayor precisi\u00f3n y agilidad en movimientos defensivos desde el fondo de la pista. Adem\u00e1s, su peso ligero comprendido entre los 345 y los 360 gramos asegura m\u00e1ximo confort y alta manejabilidad en todo momento.","robots":{"index":"index","follow":"follow","max-snippet":"max-snippet:-1","max-image-preview":"max-image-preview:large","max-video-preview":"max-video-preview:-1"},"canonical":"https:\/\/revolutionpadelstore.com\/it\/prodotto\/adidas-metalbone-team-light-3-4-2025-4\/","og_locale":"it_IT","og_type":"article","og_title":"ADIDAS METALBONE TEAM LIGHT 3.4 2025 - Revolution Padel Store","og_description":"La Adidas Metalbone Team Light 3.4 destaca por garantizar unas incre\u00edbles sensaciones de confort, control y maniobrabilidad durante su uso. Con su formato redondo, distribuye el peso cerca del grip, proporcionando mayor precisi\u00f3n y agilidad en movimientos defensivos desde el fondo de la pista. Adem\u00e1s, su peso ligero comprendido entre los 345 y los 360 gramos asegura m\u00e1ximo confort y alta manejabilidad en todo momento.","og_url":"https:\/\/revolutionpadelstore.com\/it\/prodotto\/adidas-metalbone-team-light-3-4-2025-4\/","og_site_name":"Revolution Padel Store","article_modified_time":"2026-04-08T07:43:45+00:00","og_image":[{"width":1500,"height":1500,"url":"https:\/\/revolutionpadelstore.com\/wp-content\/uploads\/2024\/12\/113689-pala-adidas-metalbone-team-light-3-4-ar2ca0u451500x1500-1-1.webp","type":"image\/webp"}],"twitter_card":"summary_large_image","twitter_misc":{"Tempo di lettura stimato":"1 minuto"},"schema":{"@context":"https:\/\/schema.org","@graph":[{"@type":"WebPage","@id":"https:\/\/revolutionpadelstore.com\/it\/prodotto\/adidas-metalbone-team-light-3-4-2025-4\/","url":"https:\/\/revolutionpadelstore.com\/it\/prodotto\/adidas-metalbone-team-light-3-4-2025-4\/","name":"ADIDAS METALBONE TEAM LIGHT 3.4 2025 - Revolution Padel Store","isPartOf":{"@id":"https:\/\/revolutionpadelstore.com\/it\/#website"},"primaryImageOfPage":{"@id":"https:\/\/revolutionpadelstore.com\/it\/prodotto\/adidas-metalbone-team-light-3-4-2025-4\/#primaryimage"},"image":{"@id":"https:\/\/revolutionpadelstore.com\/it\/prodotto\/adidas-metalbone-team-light-3-4-2025-4\/#primaryimage"},"thumbnailUrl":"https:\/\/revolutionpadelstore.com\/wp-content\/uploads\/2024\/12\/113689-pala-adidas-metalbone-team-light-3-4-ar2ca0u451500x1500-1-1.webp","datePublished":"2024-12-06T12:14:03+00:00","dateModified":"2026-04-08T07:43:45+00:00","description":"La Adidas Metalbone Team Light 3.4 destaca por garantizar unas incre\u00edbles sensaciones de confort, control y maniobrabilidad durante su uso. Con su formato redondo, distribuye el peso cerca del grip, proporcionando mayor precisi\u00f3n y agilidad en movimientos defensivos desde el fondo de la pista. Adem\u00e1s, su peso ligero comprendido entre los 345 y los 360 gramos asegura m\u00e1ximo confort y alta manejabilidad en todo momento.","breadcrumb":{"@id":"https:\/\/revolutionpadelstore.com\/it\/prodotto\/adidas-metalbone-team-light-3-4-2025-4\/#breadcrumb"},"inLanguage":"it-IT","potentialAction":[{"@type":"ReadAction","target":["https:\/\/revolutionpadelstore.com\/it\/prodotto\/adidas-metalbone-team-light-3-4-2025-4\/"]}]},{"@type":"ImageObject","inLanguage":"it-IT","@id":"https:\/\/revolutionpadelstore.com\/it\/prodotto\/adidas-metalbone-team-light-3-4-2025-4\/#primaryimage","url":"https:\/\/revolutionpadelstore.com\/wp-content\/uploads\/2024\/12\/113689-pala-adidas-metalbone-team-light-3-4-ar2ca0u451500x1500-1-1.webp","contentUrl":"https:\/\/revolutionpadelstore.com\/wp-content\/uploads\/2024\/12\/113689-pala-adidas-metalbone-team-light-3-4-ar2ca0u451500x1500-1-1.webp","width":1500,"height":1500},{"@type":"BreadcrumbList","@id":"https:\/\/revolutionpadelstore.com\/it\/prodotto\/adidas-metalbone-team-light-3-4-2025-4\/#breadcrumb","itemListElement":[{"@type":"ListItem","position":1,"name":"Portada","item":"https:\/\/revolutionpadelstore.com\/it\/"},{"@type":"ListItem","position":2,"name":"Tienda","item":"https:\/\/revolutionpadelstore.com\/it\/tienda\/"},{"@type":"ListItem","position":3,"name":"ADIDAS METALBONE TEAM LIGHT 3.4 2025"}]},{"@type":"WebSite","@id":"https:\/\/revolutionpadelstore.com\/it\/#website","url":"https:\/\/revolutionpadelstore.com\/it\/","name":"Revolution Padel Store","description":"","publisher":{"@id":"https:\/\/revolutionpadelstore.com\/it\/#organization"},"potentialAction":[{"@type":"SearchAction","target":{"@type":"EntryPoint","urlTemplate":"https:\/\/revolutionpadelstore.com\/it\/?s={search_term_string}"},"query-input":{"@type":"PropertyValueSpecification","valueRequired":true,"valueName":"search_term_string"}}],"inLanguage":"it-IT"},{"@type":"Organization","@id":"https:\/\/revolutionpadelstore.com\/it\/#organization","name":"Revolution Padel Store","url":"https:\/\/revolutionpadelstore.com\/it\/","logo":{"@type":"ImageObject","inLanguage":"it-IT","@id":"https:\/\/revolutionpadelstore.com\/it\/#\/schema\/logo\/image\/","url":"https:\/\/revolutionpadelstore.com\/wp-content\/uploads\/2026\/02\/revolution-padel-store.jpg","contentUrl":"https:\/\/revolutionpadelstore.com\/wp-content\/uploads\/2026\/02\/revolution-padel-store.jpg","width":2000,"height":2000,"caption":"Revolution Padel Store"},"image":{"@id":"https:\/\/revolutionpadelstore.com\/it\/#\/schema\/logo\/image\/"},"sameAs":["https:\/\/www.instagram.com\/revolutionpadelstore\/"]}]}},"_links":{"self":[{"href":"https:\/\/revolutionpadelstore.com\/it\/wp-json\/wp\/v2\/product\/154649","targetHints":{"allow":["GET"]}}],"collection":[{"href":"https:\/\/revolutionpadelstore.com\/it\/wp-json\/wp\/v2\/product"}],"about":[{"href":"https:\/\/revolutionpadelstore.com\/it\/wp-json\/wp\/v2\/types\/product"}],"replies":[{"embeddable":true,"href":"https:\/\/revolutionpadelstore.com\/it\/wp-json\/wp\/v2\/comments?post=154649"}],"wp:featuredmedia":[{"embeddable":true,"href":"https:\/\/revolutionpadelstore.com\/it\/wp-json\/wp\/v2\/media\/152893"}],"wp:attachment":[{"href":"https:\/\/revolutionpadelstore.com\/it\/wp-json\/wp\/v2\/media?parent=154649"}],"wp:term":[{"taxonomy":"acabado","embeddable":true,"href":"https:\/\/revolutionpadelstore.com\/it\/wp-json\/wp\/v2\/acabado?post=154649"},{"taxonomy":"balance","embeddable":true,"href":"https:\/\/revolutionpadelstore.com\/it\/wp-json\/wp\/v2\/balance?post=154649"},{"taxonomy":"dureza","embeddable":true,"href":"https:\/\/revolutionpadelstore.com\/it\/wp-json\/wp\/v2\/dureza?post=154649"},{"taxonomy":"forma","embeddable":true,"href":"https:\/\/revolutionpadelstore.com\/it\/wp-json\/wp\/v2\/forma?post=154649"},{"taxonomy":"jugador","embeddable":true,"href":"https:\/\/revolutionpadelstore.com\/it\/wp-json\/wp\/v2\/jugador?post=154649"},{"taxonomy":"marca","embeddable":true,"href":"https:\/\/revolutionpadelstore.com\/it\/wp-json\/wp\/v2\/marca?post=154649"},{"taxonomy":"nivel-de-juego","embeddable":true,"href":"https:\/\/revolutionpadelstore.com\/it\/wp-json\/wp\/v2\/nivel-de-juego?post=154649"},{"taxonomy":"superficie","embeddable":true,"href":"https:\/\/revolutionpadelstore.com\/it\/wp-json\/wp\/v2\/superficie?post=154649"},{"taxonomy":"tipo-de-juego","embeddable":true,"href":"https:\/\/revolutionpadelstore.com\/it\/wp-json\/wp\/v2\/tipo-de-juego?post=154649"},{"taxonomy":"product_brand","embeddable":true,"href":"https:\/\/revolutionpadelstore.com\/it\/wp-json\/wp\/v2\/product_brand?post=154649"},{"taxonomy":"product_cat","embeddable":true,"href":"https:\/\/revolutionpadelstore.com\/it\/wp-json\/wp\/v2\/product_cat?post=154649"},{"taxonomy":"product_tag","embeddable":true,"href":"https:\/\/revolutionpadelstore.com\/it\/wp-json\/wp\/v2\/product_tag?post=154649"}],"curies":[{"name":"wp","href":"https:\/\/api.w.org\/{rel}","templated":true}]}}