{"id":154644,"date":"2024-12-07T09:01:12","date_gmt":"2024-12-07T08:01:12","guid":{"rendered":"https:\/\/revolutionpadelstore.com\/adidas-cross-it-ctrl-3-4-2025\/"},"modified":"2026-04-08T09:42:14","modified_gmt":"2026-04-08T07:42:14","slug":"adidas-cross-it-ctrl-3-4-2025-4","status":"publish","type":"product","link":"https:\/\/revolutionpadelstore.com\/it\/prodotto\/adidas-cross-it-ctrl-3-4-2025-4\/","title":{"rendered":"ADIDAS CROSS IT CTRL 3.4 2025"},"content":{"rendered":"<h2> <strong> Adidas Cross It Ctrl 3.4 2025: controllo e precisione sulla traccia <\/strong> <\/h2>\n<p><strong> adidas Cross It Ctrl 3.4 2025 <\/strong> \u00e8 una pala che porta il controllo a un nuovo livello. Questo modello \u00e8 un&#8217;evoluzione all&#8217;interno della rinomata gamma Cross LT, incorporando le tecnologie pi\u00f9 avanzate per i giocatori esigenti. Il suo design rotondo e i materiali di alta qualit\u00e0 garantiscono un&#8217;esperienza ottimale per coloro che cercano precisione nel loro gioco.<\/p>\n<h2> <strong> per i giocatori ad alte prestazioni <\/strong> <\/h2>\n<p>Questa pala \u00e8 appositamente progettata per i giocatori di alto livello che danno la priorit\u00e0 al controllo e alla manovrabilit\u00e0. Grazie al suo formato rotondo, si adatta perfettamente a un gioco tecnico, consentendo movimenti rapidi e precisi. La combinazione di carbonio alluminizzato da 15k e la gomma EVA ad alta densit\u00e0 garantiscono prestazioni eccezionali in ogni colpo, senza sacrificare comfort o resistenza.<\/p>\n<h2> <strong> Caratteristiche principali <\/strong> <\/h2>\n<p> <strong> -dynamic Air Flow <\/strong>: miglioramento aerodinamico grazie ai fori aperti nel cuore della lama.<\/p>\n<p> <strong> -Pervena extra impugnatura <\/strong>: impugnatura estesa per una maggiore inerzia e potenza nei colpi.<\/p>\n<p> <strong> -11 tredici <\/strong>: fori di dimensioni ottimizzati che aumentano la rigidit\u00e0 e la durata.<\/p>\n<p> <strong> -spin stampo lama <\/strong>: sollievo 3D nello stampo per generare un effetto maggiore sulla palla.<\/p>\n<p> <strong> -Intose memoria eva <\/strong>: gomma ad alta densit\u00e0 che massimizza la potenza nei colpi rapidi.<\/p>\n<p> <strong> -Carbonf di carbonio codificato 15K <\/strong>: equilibrio ideale tra resistenza e rigidit\u00e0, con un tocco fermo e potente.<br \/>\n<P> <strong> -red Formato <\/strong>: basso equilibrio per un maggiore controllo nei colpi difensivi<\/p>\n<p>&lt;In<br \/>\n<strong> Adidas Cross It Ctrl 3.4 2025 <\/strong> \u00e8 lo strumento perfetto per i giocatori avanzati che cercano precisione, durata e massime prestazioni. Padroneggiare la traccia con una pala progettata per fare la differenza.<\/p>\n<h2><strong>Adidas Cross It Ctrl 3.4 2025: Control y Precisi\u00f3n en la Pista<\/strong><\/p>\n","protected":false},"excerpt":{"rendered":"<p>Adidas Cross Lt CTRL 3.4 2025 offre un controllo assoluto grazie al suo formato rotondo, al carbonio 15k, all&#8217;eVA di memoria elevata e alle tecnologie avanzate.<\/p>\n","protected":false},"featured_media":153220,"comment_status":"open","ping_status":"closed","template":"","meta":{"_acf_changed":false,"_joinchat":[]},"acabado":[1091],"balance":[1146],"dureza":[1156],"forma":[1181],"jugador":[1201,1191],"marca":[1231],"nivel-de-juego":[1336],"superficie":[1361],"tipo-de-juego":[1371],"product_brand":[],"product_cat":[301],"product_tag":[],"class_list":{"0":"post-154644","1":"product","2":"type-product","3":"status-publish","4":"has-post-thumbnail","6":"acabado-relieve-3d-it","7":"balance-basso","8":"dureza-media-it","9":"forma-rotondo","10":"jugador-multiuso","11":"jugador-uomo","12":"marca-adidas-it","13":"superficie-rugosa-it","14":"tipo-de-juego-controllo","15":"product_cat-palas-de-padel-it","17":"first","18":"instock","19":"sale","20":"taxable","21":"shipping-taxable","22":"purchasable","23":"product-type-simple"},"acf":[],"yoast_head":"<!-- This site is optimized with the Yoast SEO plugin v27.4 - https:\/\/yoast.com\/product\/yoast-seo-wordpress\/ -->\n<title>ADIDAS CROSS IT CTRL 3.4 2025 - Revolution Padel Store<\/title>\n<meta name=\"description\" content=\"La Adidas Cross IT CTRL 3.4 2025 es una pala de p\u00e1del que lleva el control al siguiente nivel. Este modelo se presenta como una evoluci\u00f3n dentro de la reconocida gama Cross LT, incorporando las tecnolog\u00edas m\u00e1s avanzadas para jugadores exigentes. Su dise\u00f1o en formato redondo y materiales de alta calidad garantizan una experiencia \u00f3ptima para quienes buscan precisi\u00f3n en su juego.\" \/>\n<meta name=\"robots\" content=\"index, follow, max-snippet:-1, max-image-preview:large, max-video-preview:-1\" \/>\n<link rel=\"canonical\" href=\"https:\/\/revolutionpadelstore.com\/it\/prodotto\/adidas-cross-it-ctrl-3-4-2025-4\/\" \/>\n<meta property=\"og:locale\" content=\"it_IT\" \/>\n<meta property=\"og:type\" content=\"article\" \/>\n<meta property=\"og:title\" content=\"ADIDAS CROSS IT CTRL 3.4 2025 - Revolution Padel Store\" \/>\n<meta property=\"og:description\" content=\"La Adidas Cross IT CTRL 3.4 2025 es una pala de p\u00e1del que lleva el control al siguiente nivel. Este modelo se presenta como una evoluci\u00f3n dentro de la reconocida gama Cross LT, incorporando las tecnolog\u00edas m\u00e1s avanzadas para jugadores exigentes. Su dise\u00f1o en formato redondo y materiales de alta calidad garantizan una experiencia \u00f3ptima para quienes buscan precisi\u00f3n en su juego.\" \/>\n<meta property=\"og:url\" content=\"https:\/\/revolutionpadelstore.com\/it\/prodotto\/adidas-cross-it-ctrl-3-4-2025-4\/\" \/>\n<meta property=\"og:site_name\" content=\"Revolution Padel Store\" \/>\n<meta property=\"article:modified_time\" content=\"2026-04-08T07:42:14+00:00\" \/>\n<meta property=\"og:image\" content=\"https:\/\/revolutionpadelstore.com\/wp-content\/uploads\/2024\/12\/113679-pala-adidas-cross-lt-ctrl-3-4-ar1ca5u281500x1500-1.webp\" \/>\n\t<meta property=\"og:image:width\" content=\"1500\" \/>\n\t<meta property=\"og:image:height\" content=\"1500\" \/>\n\t<meta property=\"og:image:type\" content=\"image\/webp\" \/>\n<meta name=\"twitter:card\" content=\"summary_large_image\" \/>\n<meta name=\"twitter:label1\" content=\"Tempo di lettura stimato\" \/>\n\t<meta name=\"twitter:data1\" content=\"1 minuto\" \/>\n<script type=\"application\/ld+json\" class=\"yoast-schema-graph\">{\"@context\":\"https:\\\/\\\/schema.org\",\"@graph\":[{\"@type\":\"WebPage\",\"@id\":\"https:\\\/\\\/revolutionpadelstore.com\\\/it\\\/prodotto\\\/adidas-cross-it-ctrl-3-4-2025-4\\\/\",\"url\":\"https:\\\/\\\/revolutionpadelstore.com\\\/it\\\/prodotto\\\/adidas-cross-it-ctrl-3-4-2025-4\\\/\",\"name\":\"ADIDAS CROSS IT CTRL 3.4 2025 - Revolution Padel Store\",\"isPartOf\":{\"@id\":\"https:\\\/\\\/revolutionpadelstore.com\\\/it\\\/#website\"},\"primaryImageOfPage\":{\"@id\":\"https:\\\/\\\/revolutionpadelstore.com\\\/it\\\/prodotto\\\/adidas-cross-it-ctrl-3-4-2025-4\\\/#primaryimage\"},\"image\":{\"@id\":\"https:\\\/\\\/revolutionpadelstore.com\\\/it\\\/prodotto\\\/adidas-cross-it-ctrl-3-4-2025-4\\\/#primaryimage\"},\"thumbnailUrl\":\"https:\\\/\\\/revolutionpadelstore.com\\\/wp-content\\\/uploads\\\/2024\\\/12\\\/113679-pala-adidas-cross-lt-ctrl-3-4-ar1ca5u281500x1500-1.webp\",\"datePublished\":\"2024-12-07T08:01:12+00:00\",\"dateModified\":\"2026-04-08T07:42:14+00:00\",\"description\":\"La Adidas Cross IT CTRL 3.4 2025 es una pala de p\u00e1del que lleva el control al siguiente nivel. Este modelo se presenta como una evoluci\u00f3n dentro de la reconocida gama Cross LT, incorporando las tecnolog\u00edas m\u00e1s avanzadas para jugadores exigentes. Su dise\u00f1o en formato redondo y materiales de alta calidad garantizan una experiencia \u00f3ptima para quienes buscan precisi\u00f3n en su juego.\",\"breadcrumb\":{\"@id\":\"https:\\\/\\\/revolutionpadelstore.com\\\/it\\\/prodotto\\\/adidas-cross-it-ctrl-3-4-2025-4\\\/#breadcrumb\"},\"inLanguage\":\"it-IT\",\"potentialAction\":[{\"@type\":\"ReadAction\",\"target\":[\"https:\\\/\\\/revolutionpadelstore.com\\\/it\\\/prodotto\\\/adidas-cross-it-ctrl-3-4-2025-4\\\/\"]}]},{\"@type\":\"ImageObject\",\"inLanguage\":\"it-IT\",\"@id\":\"https:\\\/\\\/revolutionpadelstore.com\\\/it\\\/prodotto\\\/adidas-cross-it-ctrl-3-4-2025-4\\\/#primaryimage\",\"url\":\"https:\\\/\\\/revolutionpadelstore.com\\\/wp-content\\\/uploads\\\/2024\\\/12\\\/113679-pala-adidas-cross-lt-ctrl-3-4-ar1ca5u281500x1500-1.webp\",\"contentUrl\":\"https:\\\/\\\/revolutionpadelstore.com\\\/wp-content\\\/uploads\\\/2024\\\/12\\\/113679-pala-adidas-cross-lt-ctrl-3-4-ar1ca5u281500x1500-1.webp\",\"width\":1500,\"height\":1500},{\"@type\":\"BreadcrumbList\",\"@id\":\"https:\\\/\\\/revolutionpadelstore.com\\\/it\\\/prodotto\\\/adidas-cross-it-ctrl-3-4-2025-4\\\/#breadcrumb\",\"itemListElement\":[{\"@type\":\"ListItem\",\"position\":1,\"name\":\"Portada\",\"item\":\"https:\\\/\\\/revolutionpadelstore.com\\\/it\\\/\"},{\"@type\":\"ListItem\",\"position\":2,\"name\":\"Tienda\",\"item\":\"https:\\\/\\\/revolutionpadelstore.com\\\/it\\\/tienda\\\/\"},{\"@type\":\"ListItem\",\"position\":3,\"name\":\"ADIDAS CROSS IT CTRL 3.4 2025\"}]},{\"@type\":\"WebSite\",\"@id\":\"https:\\\/\\\/revolutionpadelstore.com\\\/it\\\/#website\",\"url\":\"https:\\\/\\\/revolutionpadelstore.com\\\/it\\\/\",\"name\":\"Revolution Padel Store\",\"description\":\"\",\"publisher\":{\"@id\":\"https:\\\/\\\/revolutionpadelstore.com\\\/it\\\/#organization\"},\"potentialAction\":[{\"@type\":\"SearchAction\",\"target\":{\"@type\":\"EntryPoint\",\"urlTemplate\":\"https:\\\/\\\/revolutionpadelstore.com\\\/it\\\/?s={search_term_string}\"},\"query-input\":{\"@type\":\"PropertyValueSpecification\",\"valueRequired\":true,\"valueName\":\"search_term_string\"}}],\"inLanguage\":\"it-IT\"},{\"@type\":\"Organization\",\"@id\":\"https:\\\/\\\/revolutionpadelstore.com\\\/it\\\/#organization\",\"name\":\"Revolution Padel Store\",\"url\":\"https:\\\/\\\/revolutionpadelstore.com\\\/it\\\/\",\"logo\":{\"@type\":\"ImageObject\",\"inLanguage\":\"it-IT\",\"@id\":\"https:\\\/\\\/revolutionpadelstore.com\\\/it\\\/#\\\/schema\\\/logo\\\/image\\\/\",\"url\":\"https:\\\/\\\/revolutionpadelstore.com\\\/wp-content\\\/uploads\\\/2026\\\/02\\\/revolution-padel-store.jpg\",\"contentUrl\":\"https:\\\/\\\/revolutionpadelstore.com\\\/wp-content\\\/uploads\\\/2026\\\/02\\\/revolution-padel-store.jpg\",\"width\":2000,\"height\":2000,\"caption\":\"Revolution Padel Store\"},\"image\":{\"@id\":\"https:\\\/\\\/revolutionpadelstore.com\\\/it\\\/#\\\/schema\\\/logo\\\/image\\\/\"},\"sameAs\":[\"https:\\\/\\\/www.instagram.com\\\/revolutionpadelstore\\\/\"]}]}<\/script>\n<!-- \/ Yoast SEO plugin. -->","yoast_head_json":{"title":"ADIDAS CROSS IT CTRL 3.4 2025 - Revolution Padel Store","description":"La Adidas Cross IT CTRL 3.4 2025 es una pala de p\u00e1del que lleva el control al siguiente nivel. Este modelo se presenta como una evoluci\u00f3n dentro de la reconocida gama Cross LT, incorporando las tecnolog\u00edas m\u00e1s avanzadas para jugadores exigentes. Su dise\u00f1o en formato redondo y materiales de alta calidad garantizan una experiencia \u00f3ptima para quienes buscan precisi\u00f3n en su juego.","robots":{"index":"index","follow":"follow","max-snippet":"max-snippet:-1","max-image-preview":"max-image-preview:large","max-video-preview":"max-video-preview:-1"},"canonical":"https:\/\/revolutionpadelstore.com\/it\/prodotto\/adidas-cross-it-ctrl-3-4-2025-4\/","og_locale":"it_IT","og_type":"article","og_title":"ADIDAS CROSS IT CTRL 3.4 2025 - Revolution Padel Store","og_description":"La Adidas Cross IT CTRL 3.4 2025 es una pala de p\u00e1del que lleva el control al siguiente nivel. Este modelo se presenta como una evoluci\u00f3n dentro de la reconocida gama Cross LT, incorporando las tecnolog\u00edas m\u00e1s avanzadas para jugadores exigentes. Su dise\u00f1o en formato redondo y materiales de alta calidad garantizan una experiencia \u00f3ptima para quienes buscan precisi\u00f3n en su juego.","og_url":"https:\/\/revolutionpadelstore.com\/it\/prodotto\/adidas-cross-it-ctrl-3-4-2025-4\/","og_site_name":"Revolution Padel Store","article_modified_time":"2026-04-08T07:42:14+00:00","og_image":[{"width":1500,"height":1500,"url":"https:\/\/revolutionpadelstore.com\/wp-content\/uploads\/2024\/12\/113679-pala-adidas-cross-lt-ctrl-3-4-ar1ca5u281500x1500-1.webp","type":"image\/webp"}],"twitter_card":"summary_large_image","twitter_misc":{"Tempo di lettura stimato":"1 minuto"},"schema":{"@context":"https:\/\/schema.org","@graph":[{"@type":"WebPage","@id":"https:\/\/revolutionpadelstore.com\/it\/prodotto\/adidas-cross-it-ctrl-3-4-2025-4\/","url":"https:\/\/revolutionpadelstore.com\/it\/prodotto\/adidas-cross-it-ctrl-3-4-2025-4\/","name":"ADIDAS CROSS IT CTRL 3.4 2025 - Revolution Padel Store","isPartOf":{"@id":"https:\/\/revolutionpadelstore.com\/it\/#website"},"primaryImageOfPage":{"@id":"https:\/\/revolutionpadelstore.com\/it\/prodotto\/adidas-cross-it-ctrl-3-4-2025-4\/#primaryimage"},"image":{"@id":"https:\/\/revolutionpadelstore.com\/it\/prodotto\/adidas-cross-it-ctrl-3-4-2025-4\/#primaryimage"},"thumbnailUrl":"https:\/\/revolutionpadelstore.com\/wp-content\/uploads\/2024\/12\/113679-pala-adidas-cross-lt-ctrl-3-4-ar1ca5u281500x1500-1.webp","datePublished":"2024-12-07T08:01:12+00:00","dateModified":"2026-04-08T07:42:14+00:00","description":"La Adidas Cross IT CTRL 3.4 2025 es una pala de p\u00e1del que lleva el control al siguiente nivel. Este modelo se presenta como una evoluci\u00f3n dentro de la reconocida gama Cross LT, incorporando las tecnolog\u00edas m\u00e1s avanzadas para jugadores exigentes. Su dise\u00f1o en formato redondo y materiales de alta calidad garantizan una experiencia \u00f3ptima para quienes buscan precisi\u00f3n en su juego.","breadcrumb":{"@id":"https:\/\/revolutionpadelstore.com\/it\/prodotto\/adidas-cross-it-ctrl-3-4-2025-4\/#breadcrumb"},"inLanguage":"it-IT","potentialAction":[{"@type":"ReadAction","target":["https:\/\/revolutionpadelstore.com\/it\/prodotto\/adidas-cross-it-ctrl-3-4-2025-4\/"]}]},{"@type":"ImageObject","inLanguage":"it-IT","@id":"https:\/\/revolutionpadelstore.com\/it\/prodotto\/adidas-cross-it-ctrl-3-4-2025-4\/#primaryimage","url":"https:\/\/revolutionpadelstore.com\/wp-content\/uploads\/2024\/12\/113679-pala-adidas-cross-lt-ctrl-3-4-ar1ca5u281500x1500-1.webp","contentUrl":"https:\/\/revolutionpadelstore.com\/wp-content\/uploads\/2024\/12\/113679-pala-adidas-cross-lt-ctrl-3-4-ar1ca5u281500x1500-1.webp","width":1500,"height":1500},{"@type":"BreadcrumbList","@id":"https:\/\/revolutionpadelstore.com\/it\/prodotto\/adidas-cross-it-ctrl-3-4-2025-4\/#breadcrumb","itemListElement":[{"@type":"ListItem","position":1,"name":"Portada","item":"https:\/\/revolutionpadelstore.com\/it\/"},{"@type":"ListItem","position":2,"name":"Tienda","item":"https:\/\/revolutionpadelstore.com\/it\/tienda\/"},{"@type":"ListItem","position":3,"name":"ADIDAS CROSS IT CTRL 3.4 2025"}]},{"@type":"WebSite","@id":"https:\/\/revolutionpadelstore.com\/it\/#website","url":"https:\/\/revolutionpadelstore.com\/it\/","name":"Revolution Padel Store","description":"","publisher":{"@id":"https:\/\/revolutionpadelstore.com\/it\/#organization"},"potentialAction":[{"@type":"SearchAction","target":{"@type":"EntryPoint","urlTemplate":"https:\/\/revolutionpadelstore.com\/it\/?s={search_term_string}"},"query-input":{"@type":"PropertyValueSpecification","valueRequired":true,"valueName":"search_term_string"}}],"inLanguage":"it-IT"},{"@type":"Organization","@id":"https:\/\/revolutionpadelstore.com\/it\/#organization","name":"Revolution Padel Store","url":"https:\/\/revolutionpadelstore.com\/it\/","logo":{"@type":"ImageObject","inLanguage":"it-IT","@id":"https:\/\/revolutionpadelstore.com\/it\/#\/schema\/logo\/image\/","url":"https:\/\/revolutionpadelstore.com\/wp-content\/uploads\/2026\/02\/revolution-padel-store.jpg","contentUrl":"https:\/\/revolutionpadelstore.com\/wp-content\/uploads\/2026\/02\/revolution-padel-store.jpg","width":2000,"height":2000,"caption":"Revolution Padel Store"},"image":{"@id":"https:\/\/revolutionpadelstore.com\/it\/#\/schema\/logo\/image\/"},"sameAs":["https:\/\/www.instagram.com\/revolutionpadelstore\/"]}]}},"_links":{"self":[{"href":"https:\/\/revolutionpadelstore.com\/it\/wp-json\/wp\/v2\/product\/154644","targetHints":{"allow":["GET"]}}],"collection":[{"href":"https:\/\/revolutionpadelstore.com\/it\/wp-json\/wp\/v2\/product"}],"about":[{"href":"https:\/\/revolutionpadelstore.com\/it\/wp-json\/wp\/v2\/types\/product"}],"replies":[{"embeddable":true,"href":"https:\/\/revolutionpadelstore.com\/it\/wp-json\/wp\/v2\/comments?post=154644"}],"wp:featuredmedia":[{"embeddable":true,"href":"https:\/\/revolutionpadelstore.com\/it\/wp-json\/wp\/v2\/media\/153220"}],"wp:attachment":[{"href":"https:\/\/revolutionpadelstore.com\/it\/wp-json\/wp\/v2\/media?parent=154644"}],"wp:term":[{"taxonomy":"acabado","embeddable":true,"href":"https:\/\/revolutionpadelstore.com\/it\/wp-json\/wp\/v2\/acabado?post=154644"},{"taxonomy":"balance","embeddable":true,"href":"https:\/\/revolutionpadelstore.com\/it\/wp-json\/wp\/v2\/balance?post=154644"},{"taxonomy":"dureza","embeddable":true,"href":"https:\/\/revolutionpadelstore.com\/it\/wp-json\/wp\/v2\/dureza?post=154644"},{"taxonomy":"forma","embeddable":true,"href":"https:\/\/revolutionpadelstore.com\/it\/wp-json\/wp\/v2\/forma?post=154644"},{"taxonomy":"jugador","embeddable":true,"href":"https:\/\/revolutionpadelstore.com\/it\/wp-json\/wp\/v2\/jugador?post=154644"},{"taxonomy":"marca","embeddable":true,"href":"https:\/\/revolutionpadelstore.com\/it\/wp-json\/wp\/v2\/marca?post=154644"},{"taxonomy":"nivel-de-juego","embeddable":true,"href":"https:\/\/revolutionpadelstore.com\/it\/wp-json\/wp\/v2\/nivel-de-juego?post=154644"},{"taxonomy":"superficie","embeddable":true,"href":"https:\/\/revolutionpadelstore.com\/it\/wp-json\/wp\/v2\/superficie?post=154644"},{"taxonomy":"tipo-de-juego","embeddable":true,"href":"https:\/\/revolutionpadelstore.com\/it\/wp-json\/wp\/v2\/tipo-de-juego?post=154644"},{"taxonomy":"product_brand","embeddable":true,"href":"https:\/\/revolutionpadelstore.com\/it\/wp-json\/wp\/v2\/product_brand?post=154644"},{"taxonomy":"product_cat","embeddable":true,"href":"https:\/\/revolutionpadelstore.com\/it\/wp-json\/wp\/v2\/product_cat?post=154644"},{"taxonomy":"product_tag","embeddable":true,"href":"https:\/\/revolutionpadelstore.com\/it\/wp-json\/wp\/v2\/product_tag?post=154644"}],"curies":[{"name":"wp","href":"https:\/\/api.w.org\/{rel}","templated":true}]}}