{"id":154639,"date":"2024-12-07T09:15:51","date_gmt":"2024-12-07T08:15:51","guid":{"rendered":"https:\/\/revolutionpadelstore.com\/adidas-cross-it-carbon-ctrl-2025\/"},"modified":"2026-04-08T09:41:45","modified_gmt":"2026-04-08T07:41:45","slug":"adidas-cross-it-carbon-ctrl-2025-4","status":"publish","type":"product","link":"https:\/\/revolutionpadelstore.com\/it\/prodotto\/adidas-cross-it-carbon-ctrl-2025-4\/","title":{"rendered":"ADIDAS CROSS IT CARBON CTRL 2025"},"content":{"rendered":"<h2> <strong> adidas Cross It Carbon Ctrl 2025: precisione e controllo sulla traccia<br \/>\n<strong> Adidas Cross It Carbon Ctrl 2025 <\/strong> \u00e8 presentato come una delle grandi novit\u00e0 dell&#8217;anno, progettata per i giocatori che cercano precisione e controllo in ogni colpo. Questo modello si distingue nella gamma Cross LT, combinando l&#8217;innovazione e i materiali di alta qualit\u00e0. Con un formato rotondo che migliora la manovrabilit\u00e0 e le tecnologie avanzate, garantisce un&#8217;esperienza di gioco senza pari.<\/p>\n<h2> <strong> per i giocatori avanzati <\/strong> <\/h2>\n<p>Soprattutto pensato per i giocatori di livello avanzato, il <strong> Cross It Carbon Ctrl 2025 <\/strong> si distingue per la loro capacit\u00e0 di controllare e adattabilit\u00e0. La sua costruzione in carbonio 6K e la gomma per prestazioni morbide EVA offrono un perfetto equilibrio tra energia e comfort, il che lo rende un&#8217;opzione ideale per coloro che danno la priorit\u00e0 a un gioco tecnico e preciso. Il suo formato rotondo favorisce anche movimenti rapidi e agili, indispensabili in partite di alto livello.<\/p>\n<h2> <strong> Caratteristiche principali <\/strong> <\/h2>\n<p> <strong> -dnamic Air Flow <\/strong>: fori aperti nel cuore per una resistenza all&#8217;aria inferiore e una maggiore manovrabilit\u00e0.<\/p>\n<p> <strong> -Pervena extra impugnatura <\/strong>: maniglia pi\u00f9 lunga per aumentare l&#8217;inerzia e la potenza nei colpi.<br \/>\n<P> <strong> -11 tredici <\/strong>: disposizione specifica dei fori per ottimizzare la rigidit\u00e0, la potenza e la durata.<br \/>\n<P> <strong> -spin Blade Decal <\/strong>: rilievo nello stampo per un maggiore controllo ed effetti<\/p>\n<p> <strong> -Soft Performance Eva <\/strong>: gomma a bassa densit\u00e0 per il massimo comfort e output a sfera.<br \/>\n<P> <strong> -Carbono 6K <\/strong>: combinazione perfetta tra controllo e durata<br \/>\n<P> <strong> -donD Formato <\/strong>: maggiore controllo nei colpi difensivi grazie al suo equilibrio vicino all&#8217;impugnatura<\/p>\n<h2> <strong> Disponibile su Revolution Padel Store <\/strong> <\/h2>\n<p><strong> Adidas Cross It Carbon Ctrl 2025 <\/strong> ridefinisce il gioco con il suo design innovativo e caratteristiche pi\u00f9 elevate. \u00c8 la scelta perfetta per i giocatori avanzati che cercano di distinguersi in pista con precisione e stile.<\/p>\n<h2><strong>Adidas Cross It Carbon Ctrl 2025: Precisi\u00f3n y Control en la Pista<\/strong><\/p>\n","protected":false},"excerpt":{"rendered":"<p><strong> adidas Cross It Carbon Ctrl 2025 <\/strong> si distingue per il suo formato rotondo, la costruzione di carbonio 6K e la gomma per prestazioni morbide EVA. Questa combinazione garantisce il controllo assoluto, il potere e il comfort, ideali per i giocatori avanzati che cercano precisione in ogni colpo.<strong>Adidas Cross IT Carbon CTRL 2025<\/strong><\/p>\n","protected":false},"featured_media":153263,"comment_status":"open","ping_status":"closed","template":"","meta":{"_acf_changed":false,"_joinchat":[]},"acabado":[1106],"balance":[1146],"dureza":[1151],"forma":[1181],"jugador":[1201,1191],"marca":[1231],"nivel-de-juego":[1336],"superficie":[1361],"tipo-de-juego":[1371],"product_brand":[],"product_cat":[301],"product_tag":[],"class_list":{"0":"post-154639","1":"product","2":"type-product","3":"status-publish","4":"has-post-thumbnail","6":"acabado-rugoso-it","7":"balance-basso","8":"dureza-blanda-it","9":"forma-rotondo","10":"jugador-multiuso","11":"jugador-uomo","12":"marca-adidas-it","13":"superficie-rugosa-it","14":"tipo-de-juego-controllo","15":"product_cat-palas-de-padel-it","17":"first","18":"instock","19":"sale","20":"taxable","21":"shipping-taxable","22":"purchasable","23":"product-type-simple"},"acf":[],"yoast_head":"<!-- This site is optimized with the Yoast SEO plugin v27.4 - https:\/\/yoast.com\/product\/yoast-seo-wordpress\/ -->\n<title>ADIDAS CROSS IT CARBON CTRL 2025 - Revolution Padel Store<\/title>\n<meta name=\"description\" content=\"La Adidas Cross IT Carbon CTRL 2025 llega como una de las grandes novedades del a\u00f1o, dise\u00f1ada para los jugadores que buscan precisi\u00f3n y control en cada golpe. Este modelo se posiciona como un referente dentro de la gama Cross LT, combinando innovaci\u00f3n y materiales de alta calidad. Con un formato redondo que mejora la maniobrabilidad y tecnolog\u00edas avanzadas, garantiza una experiencia de juego inigualable.\" \/>\n<meta name=\"robots\" content=\"index, follow, max-snippet:-1, max-image-preview:large, max-video-preview:-1\" \/>\n<link rel=\"canonical\" href=\"https:\/\/revolutionpadelstore.com\/it\/prodotto\/adidas-cross-it-carbon-ctrl-2025-4\/\" \/>\n<meta property=\"og:locale\" content=\"it_IT\" \/>\n<meta property=\"og:type\" content=\"article\" \/>\n<meta property=\"og:title\" content=\"ADIDAS CROSS IT CARBON CTRL 2025 - Revolution Padel Store\" \/>\n<meta property=\"og:description\" content=\"La Adidas Cross IT Carbon CTRL 2025 llega como una de las grandes novedades del a\u00f1o, dise\u00f1ada para los jugadores que buscan precisi\u00f3n y control en cada golpe. Este modelo se posiciona como un referente dentro de la gama Cross LT, combinando innovaci\u00f3n y materiales de alta calidad. Con un formato redondo que mejora la maniobrabilidad y tecnolog\u00edas avanzadas, garantiza una experiencia de juego inigualable.\" \/>\n<meta property=\"og:url\" content=\"https:\/\/revolutionpadelstore.com\/it\/prodotto\/adidas-cross-it-carbon-ctrl-2025-4\/\" \/>\n<meta property=\"og:site_name\" content=\"Revolution Padel Store\" \/>\n<meta property=\"article:modified_time\" content=\"2026-04-08T07:41:45+00:00\" \/>\n<meta property=\"og:image\" content=\"https:\/\/revolutionpadelstore.com\/wp-content\/uploads\/2024\/12\/113678-pala-adidas-cross-lt-carbon-ctrl-ar1ca7u121500x1500-1.webp\" \/>\n\t<meta property=\"og:image:width\" content=\"1500\" \/>\n\t<meta property=\"og:image:height\" content=\"1500\" \/>\n\t<meta property=\"og:image:type\" content=\"image\/webp\" \/>\n<meta name=\"twitter:card\" content=\"summary_large_image\" \/>\n<meta name=\"twitter:label1\" content=\"Tempo di lettura stimato\" \/>\n\t<meta name=\"twitter:data1\" content=\"1 minuto\" \/>\n<script type=\"application\/ld+json\" class=\"yoast-schema-graph\">{\"@context\":\"https:\\\/\\\/schema.org\",\"@graph\":[{\"@type\":\"WebPage\",\"@id\":\"https:\\\/\\\/revolutionpadelstore.com\\\/it\\\/prodotto\\\/adidas-cross-it-carbon-ctrl-2025-4\\\/\",\"url\":\"https:\\\/\\\/revolutionpadelstore.com\\\/it\\\/prodotto\\\/adidas-cross-it-carbon-ctrl-2025-4\\\/\",\"name\":\"ADIDAS CROSS IT CARBON CTRL 2025 - Revolution Padel Store\",\"isPartOf\":{\"@id\":\"https:\\\/\\\/revolutionpadelstore.com\\\/it\\\/#website\"},\"primaryImageOfPage\":{\"@id\":\"https:\\\/\\\/revolutionpadelstore.com\\\/it\\\/prodotto\\\/adidas-cross-it-carbon-ctrl-2025-4\\\/#primaryimage\"},\"image\":{\"@id\":\"https:\\\/\\\/revolutionpadelstore.com\\\/it\\\/prodotto\\\/adidas-cross-it-carbon-ctrl-2025-4\\\/#primaryimage\"},\"thumbnailUrl\":\"https:\\\/\\\/revolutionpadelstore.com\\\/wp-content\\\/uploads\\\/2024\\\/12\\\/113678-pala-adidas-cross-lt-carbon-ctrl-ar1ca7u121500x1500-1.webp\",\"datePublished\":\"2024-12-07T08:15:51+00:00\",\"dateModified\":\"2026-04-08T07:41:45+00:00\",\"description\":\"La Adidas Cross IT Carbon CTRL 2025 llega como una de las grandes novedades del a\u00f1o, dise\u00f1ada para los jugadores que buscan precisi\u00f3n y control en cada golpe. Este modelo se posiciona como un referente dentro de la gama Cross LT, combinando innovaci\u00f3n y materiales de alta calidad. Con un formato redondo que mejora la maniobrabilidad y tecnolog\u00edas avanzadas, garantiza una experiencia de juego inigualable.\",\"breadcrumb\":{\"@id\":\"https:\\\/\\\/revolutionpadelstore.com\\\/it\\\/prodotto\\\/adidas-cross-it-carbon-ctrl-2025-4\\\/#breadcrumb\"},\"inLanguage\":\"it-IT\",\"potentialAction\":[{\"@type\":\"ReadAction\",\"target\":[\"https:\\\/\\\/revolutionpadelstore.com\\\/it\\\/prodotto\\\/adidas-cross-it-carbon-ctrl-2025-4\\\/\"]}]},{\"@type\":\"ImageObject\",\"inLanguage\":\"it-IT\",\"@id\":\"https:\\\/\\\/revolutionpadelstore.com\\\/it\\\/prodotto\\\/adidas-cross-it-carbon-ctrl-2025-4\\\/#primaryimage\",\"url\":\"https:\\\/\\\/revolutionpadelstore.com\\\/wp-content\\\/uploads\\\/2024\\\/12\\\/113678-pala-adidas-cross-lt-carbon-ctrl-ar1ca7u121500x1500-1.webp\",\"contentUrl\":\"https:\\\/\\\/revolutionpadelstore.com\\\/wp-content\\\/uploads\\\/2024\\\/12\\\/113678-pala-adidas-cross-lt-carbon-ctrl-ar1ca7u121500x1500-1.webp\",\"width\":1500,\"height\":1500},{\"@type\":\"BreadcrumbList\",\"@id\":\"https:\\\/\\\/revolutionpadelstore.com\\\/it\\\/prodotto\\\/adidas-cross-it-carbon-ctrl-2025-4\\\/#breadcrumb\",\"itemListElement\":[{\"@type\":\"ListItem\",\"position\":1,\"name\":\"Portada\",\"item\":\"https:\\\/\\\/revolutionpadelstore.com\\\/it\\\/\"},{\"@type\":\"ListItem\",\"position\":2,\"name\":\"Tienda\",\"item\":\"https:\\\/\\\/revolutionpadelstore.com\\\/it\\\/tienda\\\/\"},{\"@type\":\"ListItem\",\"position\":3,\"name\":\"ADIDAS CROSS IT CARBON CTRL 2025\"}]},{\"@type\":\"WebSite\",\"@id\":\"https:\\\/\\\/revolutionpadelstore.com\\\/it\\\/#website\",\"url\":\"https:\\\/\\\/revolutionpadelstore.com\\\/it\\\/\",\"name\":\"Revolution Padel Store\",\"description\":\"\",\"publisher\":{\"@id\":\"https:\\\/\\\/revolutionpadelstore.com\\\/it\\\/#organization\"},\"potentialAction\":[{\"@type\":\"SearchAction\",\"target\":{\"@type\":\"EntryPoint\",\"urlTemplate\":\"https:\\\/\\\/revolutionpadelstore.com\\\/it\\\/?s={search_term_string}\"},\"query-input\":{\"@type\":\"PropertyValueSpecification\",\"valueRequired\":true,\"valueName\":\"search_term_string\"}}],\"inLanguage\":\"it-IT\"},{\"@type\":\"Organization\",\"@id\":\"https:\\\/\\\/revolutionpadelstore.com\\\/it\\\/#organization\",\"name\":\"Revolution Padel Store\",\"url\":\"https:\\\/\\\/revolutionpadelstore.com\\\/it\\\/\",\"logo\":{\"@type\":\"ImageObject\",\"inLanguage\":\"it-IT\",\"@id\":\"https:\\\/\\\/revolutionpadelstore.com\\\/it\\\/#\\\/schema\\\/logo\\\/image\\\/\",\"url\":\"https:\\\/\\\/revolutionpadelstore.com\\\/wp-content\\\/uploads\\\/2026\\\/02\\\/revolution-padel-store.jpg\",\"contentUrl\":\"https:\\\/\\\/revolutionpadelstore.com\\\/wp-content\\\/uploads\\\/2026\\\/02\\\/revolution-padel-store.jpg\",\"width\":2000,\"height\":2000,\"caption\":\"Revolution Padel Store\"},\"image\":{\"@id\":\"https:\\\/\\\/revolutionpadelstore.com\\\/it\\\/#\\\/schema\\\/logo\\\/image\\\/\"},\"sameAs\":[\"https:\\\/\\\/www.instagram.com\\\/revolutionpadelstore\\\/\"]}]}<\/script>\n<!-- \/ Yoast SEO plugin. -->","yoast_head_json":{"title":"ADIDAS CROSS IT CARBON CTRL 2025 - Revolution Padel Store","description":"La Adidas Cross IT Carbon CTRL 2025 llega como una de las grandes novedades del a\u00f1o, dise\u00f1ada para los jugadores que buscan precisi\u00f3n y control en cada golpe. Este modelo se posiciona como un referente dentro de la gama Cross LT, combinando innovaci\u00f3n y materiales de alta calidad. Con un formato redondo que mejora la maniobrabilidad y tecnolog\u00edas avanzadas, garantiza una experiencia de juego inigualable.","robots":{"index":"index","follow":"follow","max-snippet":"max-snippet:-1","max-image-preview":"max-image-preview:large","max-video-preview":"max-video-preview:-1"},"canonical":"https:\/\/revolutionpadelstore.com\/it\/prodotto\/adidas-cross-it-carbon-ctrl-2025-4\/","og_locale":"it_IT","og_type":"article","og_title":"ADIDAS CROSS IT CARBON CTRL 2025 - Revolution Padel Store","og_description":"La Adidas Cross IT Carbon CTRL 2025 llega como una de las grandes novedades del a\u00f1o, dise\u00f1ada para los jugadores que buscan precisi\u00f3n y control en cada golpe. Este modelo se posiciona como un referente dentro de la gama Cross LT, combinando innovaci\u00f3n y materiales de alta calidad. Con un formato redondo que mejora la maniobrabilidad y tecnolog\u00edas avanzadas, garantiza una experiencia de juego inigualable.","og_url":"https:\/\/revolutionpadelstore.com\/it\/prodotto\/adidas-cross-it-carbon-ctrl-2025-4\/","og_site_name":"Revolution Padel Store","article_modified_time":"2026-04-08T07:41:45+00:00","og_image":[{"width":1500,"height":1500,"url":"https:\/\/revolutionpadelstore.com\/wp-content\/uploads\/2024\/12\/113678-pala-adidas-cross-lt-carbon-ctrl-ar1ca7u121500x1500-1.webp","type":"image\/webp"}],"twitter_card":"summary_large_image","twitter_misc":{"Tempo di lettura stimato":"1 minuto"},"schema":{"@context":"https:\/\/schema.org","@graph":[{"@type":"WebPage","@id":"https:\/\/revolutionpadelstore.com\/it\/prodotto\/adidas-cross-it-carbon-ctrl-2025-4\/","url":"https:\/\/revolutionpadelstore.com\/it\/prodotto\/adidas-cross-it-carbon-ctrl-2025-4\/","name":"ADIDAS CROSS IT CARBON CTRL 2025 - Revolution Padel Store","isPartOf":{"@id":"https:\/\/revolutionpadelstore.com\/it\/#website"},"primaryImageOfPage":{"@id":"https:\/\/revolutionpadelstore.com\/it\/prodotto\/adidas-cross-it-carbon-ctrl-2025-4\/#primaryimage"},"image":{"@id":"https:\/\/revolutionpadelstore.com\/it\/prodotto\/adidas-cross-it-carbon-ctrl-2025-4\/#primaryimage"},"thumbnailUrl":"https:\/\/revolutionpadelstore.com\/wp-content\/uploads\/2024\/12\/113678-pala-adidas-cross-lt-carbon-ctrl-ar1ca7u121500x1500-1.webp","datePublished":"2024-12-07T08:15:51+00:00","dateModified":"2026-04-08T07:41:45+00:00","description":"La Adidas Cross IT Carbon CTRL 2025 llega como una de las grandes novedades del a\u00f1o, dise\u00f1ada para los jugadores que buscan precisi\u00f3n y control en cada golpe. Este modelo se posiciona como un referente dentro de la gama Cross LT, combinando innovaci\u00f3n y materiales de alta calidad. Con un formato redondo que mejora la maniobrabilidad y tecnolog\u00edas avanzadas, garantiza una experiencia de juego inigualable.","breadcrumb":{"@id":"https:\/\/revolutionpadelstore.com\/it\/prodotto\/adidas-cross-it-carbon-ctrl-2025-4\/#breadcrumb"},"inLanguage":"it-IT","potentialAction":[{"@type":"ReadAction","target":["https:\/\/revolutionpadelstore.com\/it\/prodotto\/adidas-cross-it-carbon-ctrl-2025-4\/"]}]},{"@type":"ImageObject","inLanguage":"it-IT","@id":"https:\/\/revolutionpadelstore.com\/it\/prodotto\/adidas-cross-it-carbon-ctrl-2025-4\/#primaryimage","url":"https:\/\/revolutionpadelstore.com\/wp-content\/uploads\/2024\/12\/113678-pala-adidas-cross-lt-carbon-ctrl-ar1ca7u121500x1500-1.webp","contentUrl":"https:\/\/revolutionpadelstore.com\/wp-content\/uploads\/2024\/12\/113678-pala-adidas-cross-lt-carbon-ctrl-ar1ca7u121500x1500-1.webp","width":1500,"height":1500},{"@type":"BreadcrumbList","@id":"https:\/\/revolutionpadelstore.com\/it\/prodotto\/adidas-cross-it-carbon-ctrl-2025-4\/#breadcrumb","itemListElement":[{"@type":"ListItem","position":1,"name":"Portada","item":"https:\/\/revolutionpadelstore.com\/it\/"},{"@type":"ListItem","position":2,"name":"Tienda","item":"https:\/\/revolutionpadelstore.com\/it\/tienda\/"},{"@type":"ListItem","position":3,"name":"ADIDAS CROSS IT CARBON CTRL 2025"}]},{"@type":"WebSite","@id":"https:\/\/revolutionpadelstore.com\/it\/#website","url":"https:\/\/revolutionpadelstore.com\/it\/","name":"Revolution Padel Store","description":"","publisher":{"@id":"https:\/\/revolutionpadelstore.com\/it\/#organization"},"potentialAction":[{"@type":"SearchAction","target":{"@type":"EntryPoint","urlTemplate":"https:\/\/revolutionpadelstore.com\/it\/?s={search_term_string}"},"query-input":{"@type":"PropertyValueSpecification","valueRequired":true,"valueName":"search_term_string"}}],"inLanguage":"it-IT"},{"@type":"Organization","@id":"https:\/\/revolutionpadelstore.com\/it\/#organization","name":"Revolution Padel Store","url":"https:\/\/revolutionpadelstore.com\/it\/","logo":{"@type":"ImageObject","inLanguage":"it-IT","@id":"https:\/\/revolutionpadelstore.com\/it\/#\/schema\/logo\/image\/","url":"https:\/\/revolutionpadelstore.com\/wp-content\/uploads\/2026\/02\/revolution-padel-store.jpg","contentUrl":"https:\/\/revolutionpadelstore.com\/wp-content\/uploads\/2026\/02\/revolution-padel-store.jpg","width":2000,"height":2000,"caption":"Revolution Padel Store"},"image":{"@id":"https:\/\/revolutionpadelstore.com\/it\/#\/schema\/logo\/image\/"},"sameAs":["https:\/\/www.instagram.com\/revolutionpadelstore\/"]}]}},"_links":{"self":[{"href":"https:\/\/revolutionpadelstore.com\/it\/wp-json\/wp\/v2\/product\/154639","targetHints":{"allow":["GET"]}}],"collection":[{"href":"https:\/\/revolutionpadelstore.com\/it\/wp-json\/wp\/v2\/product"}],"about":[{"href":"https:\/\/revolutionpadelstore.com\/it\/wp-json\/wp\/v2\/types\/product"}],"replies":[{"embeddable":true,"href":"https:\/\/revolutionpadelstore.com\/it\/wp-json\/wp\/v2\/comments?post=154639"}],"wp:featuredmedia":[{"embeddable":true,"href":"https:\/\/revolutionpadelstore.com\/it\/wp-json\/wp\/v2\/media\/153263"}],"wp:attachment":[{"href":"https:\/\/revolutionpadelstore.com\/it\/wp-json\/wp\/v2\/media?parent=154639"}],"wp:term":[{"taxonomy":"acabado","embeddable":true,"href":"https:\/\/revolutionpadelstore.com\/it\/wp-json\/wp\/v2\/acabado?post=154639"},{"taxonomy":"balance","embeddable":true,"href":"https:\/\/revolutionpadelstore.com\/it\/wp-json\/wp\/v2\/balance?post=154639"},{"taxonomy":"dureza","embeddable":true,"href":"https:\/\/revolutionpadelstore.com\/it\/wp-json\/wp\/v2\/dureza?post=154639"},{"taxonomy":"forma","embeddable":true,"href":"https:\/\/revolutionpadelstore.com\/it\/wp-json\/wp\/v2\/forma?post=154639"},{"taxonomy":"jugador","embeddable":true,"href":"https:\/\/revolutionpadelstore.com\/it\/wp-json\/wp\/v2\/jugador?post=154639"},{"taxonomy":"marca","embeddable":true,"href":"https:\/\/revolutionpadelstore.com\/it\/wp-json\/wp\/v2\/marca?post=154639"},{"taxonomy":"nivel-de-juego","embeddable":true,"href":"https:\/\/revolutionpadelstore.com\/it\/wp-json\/wp\/v2\/nivel-de-juego?post=154639"},{"taxonomy":"superficie","embeddable":true,"href":"https:\/\/revolutionpadelstore.com\/it\/wp-json\/wp\/v2\/superficie?post=154639"},{"taxonomy":"tipo-de-juego","embeddable":true,"href":"https:\/\/revolutionpadelstore.com\/it\/wp-json\/wp\/v2\/tipo-de-juego?post=154639"},{"taxonomy":"product_brand","embeddable":true,"href":"https:\/\/revolutionpadelstore.com\/it\/wp-json\/wp\/v2\/product_brand?post=154639"},{"taxonomy":"product_cat","embeddable":true,"href":"https:\/\/revolutionpadelstore.com\/it\/wp-json\/wp\/v2\/product_cat?post=154639"},{"taxonomy":"product_tag","embeddable":true,"href":"https:\/\/revolutionpadelstore.com\/it\/wp-json\/wp\/v2\/product_tag?post=154639"}],"curies":[{"name":"wp","href":"https:\/\/api.w.org\/{rel}","templated":true}]}}