{"id":154629,"date":"2024-12-08T10:49:51","date_gmt":"2024-12-08T09:49:51","guid":{"rendered":"https:\/\/revolutionpadelstore.com\/adidas-adipower-carbon-ctrl-2025\/"},"modified":"2026-04-08T09:40:17","modified_gmt":"2026-04-08T07:40:17","slug":"adidas-adipower-carbon-ctrl-2025-4","status":"publish","type":"product","link":"https:\/\/revolutionpadelstore.com\/it\/prodotto\/adidas-adipower-carbon-ctrl-2025-4\/","title":{"rendered":"ADIDAS ADIPOWER CARBON CTRL 2025"},"content":{"rendered":"<h2> <strong> Adidas Adipower Carbon CTRL 2025: la pala perfetta per il controllo e la precisione <\/strong> <\/h2>\n<p><strong> Adidas Adipower Carbon CTRL 2025 <\/strong> \u00e8 una paletta di formato rotondo, progettata per coloro che cercano un controllo superiore senza sacrificare la potenza o la durata. Questo modello combina le tecnologie Adidas avanzate con un design elegante in nero, argento e bianco, che riflette la qualit\u00e0 e la professionalit\u00e0. Perfetto per i giocatori che desiderano precisione e stabilit\u00e0 in ogni colpo.<\/p>\n<h2> <strong> paddle blade per i giocatori avanzati <\/strong> <\/h2>\n<p>Creato in particolare per i giocatori di alto livello, il <strong> Adipower Carbon CTRL 2025 <\/strong> \u00e8 ottimizzato per uso intensivo. Il suo formato rotondo concentra il peso nell&#8217;impugnatura, migliorando la manovrabilit\u00e0 e consentendo movimenti agili e controllati. \u00c8 ideale per coloro che danno la priorit\u00e0 alla precisione nei colpi difensivi e cercano di generare effetti con il controllo totale.<\/p>\n<h2> <strong> Specifiche e tecnologie chiave <\/strong> <\/h2>\n<p> <strong> -format: <\/strong> round, progettato per massimizzare il controllo e la precisione.<\/p>\n<p> <strong> -peso: <\/strong> tra 360 e 375 grammi, ideale per giocatori avanzati che cercano stabilit\u00e0.<\/p>\n<p> <strong> -nucole: <\/strong> EVA Soft Performance, che migliora l&#8217;output della palla e offre comfort nell&#8217;impatto.<br \/>\n<P> <strong> -Superficie: <\/strong> Carbon 18K, che combina resistenza e potenza in ogni colpo<br \/>\n<P> <strong> -dual Exoscheleton: <\/strong> rafforza il telaio e il nucleo, garantendo una maggiore rigidit\u00e0 e stabilit\u00e0.<br \/>\n<P> <strong> -power Ambossse Ridge: <\/strong> rinforzi strategici all&#8217;interno del quadro che aumentano il potere nei colpi offensivi.<br \/>\n<P> <strong> -spin Stampo: <\/strong> Texture 3D per facilitare la generazione di effetti<\/p>\n<p> <strong> -smart Curva fori: <\/strong> fori Design ottimizzato per aumentare il controllo e gli effetti.<\/p>\n<h2> <strong> Disponibile su Revolution Padel Store <\/strong> <\/h2>\n<p><strong> Adidas Adipower Carbon CTRL 2025 <\/strong> \u00e8 la pala perfetta per i giocatori avanzati che cercano di portare il loro gioco al livello successivo. Combina le tecnologie di precisione, potere e stato -ef -art per garantire un&#8217;esperienza di gioco eccezionale in ogni gioco.<\/p>\n<h2><strong>Adidas Adipower Carbon CTRL 2025: la pala perfecta para el control y precisi\u00f3n<\/strong><\/p>\n","protected":false},"excerpt":{"rendered":"<p><strong> Adidas Adipower Carbon CTRL 2025 <\/strong> si distingue per fornire un controllo eccezionale e precisione insuperabile, integrando le tecnologie pi\u00f9 avanzate. \u00c8 la scelta ideale per i giocatori esperti che cercano di combinare agilit\u00e0, potere e durata in ogni movimento.<strong>Adidas Adipower Carbon CTRL 2025<\/strong><\/p>\n","protected":false},"featured_media":153425,"comment_status":"open","ping_status":"closed","template":"","meta":{"_acf_changed":false,"_joinchat":[]},"acabado":[1091],"balance":[1146],"dureza":[1156],"forma":[1181],"jugador":[1201,1191],"marca":[1231],"nivel-de-juego":[1336],"superficie":[],"tipo-de-juego":[1371],"product_brand":[],"product_cat":[301],"product_tag":[],"class_list":{"0":"post-154629","1":"product","2":"type-product","3":"status-publish","4":"has-post-thumbnail","6":"acabado-relieve-3d-it","7":"balance-basso","8":"dureza-media-it","9":"forma-rotondo","10":"jugador-multiuso","11":"jugador-uomo","12":"marca-adidas-it","13":"tipo-de-juego-controllo","14":"product_cat-palas-de-padel-it","16":"first","17":"instock","18":"sale","19":"taxable","20":"shipping-taxable","21":"purchasable","22":"product-type-simple"},"acf":[],"yoast_head":"<!-- This site is optimized with the Yoast SEO plugin v27.4 - https:\/\/yoast.com\/product\/yoast-seo-wordpress\/ -->\n<title>ADIDAS ADIPOWER CARBON CTRL 2025 - Revolution Padel Store<\/title>\n<meta name=\"description\" content=\"La Adidas Adipower Carbon CTRL 2025 es una pala de p\u00e1del de formato redondo, dise\u00f1ada para quienes buscan un control superior sin sacrificar potencia ni durabilidad. Este modelo combina tecnolog\u00edas avanzadas de Adidas con un dise\u00f1o elegante en negro, plata y blanco, reflejando calidad y profesionalismo. Perfecta para jugadores que desean precisi\u00f3n y estabilidad en cada golpe.\" \/>\n<meta name=\"robots\" content=\"index, follow, max-snippet:-1, max-image-preview:large, max-video-preview:-1\" \/>\n<link rel=\"canonical\" href=\"https:\/\/revolutionpadelstore.com\/it\/prodotto\/adidas-adipower-carbon-ctrl-2025-4\/\" \/>\n<meta property=\"og:locale\" content=\"it_IT\" \/>\n<meta property=\"og:type\" content=\"article\" \/>\n<meta property=\"og:title\" content=\"ADIDAS ADIPOWER CARBON CTRL 2025 - Revolution Padel Store\" \/>\n<meta property=\"og:description\" content=\"La Adidas Adipower Carbon CTRL 2025 es una pala de p\u00e1del de formato redondo, dise\u00f1ada para quienes buscan un control superior sin sacrificar potencia ni durabilidad. Este modelo combina tecnolog\u00edas avanzadas de Adidas con un dise\u00f1o elegante en negro, plata y blanco, reflejando calidad y profesionalismo. Perfecta para jugadores que desean precisi\u00f3n y estabilidad en cada golpe.\" \/>\n<meta property=\"og:url\" content=\"https:\/\/revolutionpadelstore.com\/it\/prodotto\/adidas-adipower-carbon-ctrl-2025-4\/\" \/>\n<meta property=\"og:site_name\" content=\"Revolution Padel Store\" \/>\n<meta property=\"article:modified_time\" content=\"2026-04-08T07:40:17+00:00\" \/>\n<meta property=\"og:image\" content=\"https:\/\/revolutionpadelstore.com\/wp-content\/uploads\/2024\/12\/113673-pala-adidas-adipower-carbon-ctrl-ar1ca3u381500x1500-1.webp\" \/>\n\t<meta property=\"og:image:width\" content=\"1500\" \/>\n\t<meta property=\"og:image:height\" content=\"1500\" \/>\n\t<meta property=\"og:image:type\" content=\"image\/webp\" \/>\n<meta name=\"twitter:card\" content=\"summary_large_image\" \/>\n<meta name=\"twitter:label1\" content=\"Tempo di lettura stimato\" \/>\n\t<meta name=\"twitter:data1\" content=\"1 minuto\" \/>\n<script type=\"application\/ld+json\" class=\"yoast-schema-graph\">{\"@context\":\"https:\\\/\\\/schema.org\",\"@graph\":[{\"@type\":\"WebPage\",\"@id\":\"https:\\\/\\\/revolutionpadelstore.com\\\/it\\\/prodotto\\\/adidas-adipower-carbon-ctrl-2025-4\\\/\",\"url\":\"https:\\\/\\\/revolutionpadelstore.com\\\/it\\\/prodotto\\\/adidas-adipower-carbon-ctrl-2025-4\\\/\",\"name\":\"ADIDAS ADIPOWER CARBON CTRL 2025 - Revolution Padel Store\",\"isPartOf\":{\"@id\":\"https:\\\/\\\/revolutionpadelstore.com\\\/it\\\/#website\"},\"primaryImageOfPage\":{\"@id\":\"https:\\\/\\\/revolutionpadelstore.com\\\/it\\\/prodotto\\\/adidas-adipower-carbon-ctrl-2025-4\\\/#primaryimage\"},\"image\":{\"@id\":\"https:\\\/\\\/revolutionpadelstore.com\\\/it\\\/prodotto\\\/adidas-adipower-carbon-ctrl-2025-4\\\/#primaryimage\"},\"thumbnailUrl\":\"https:\\\/\\\/revolutionpadelstore.com\\\/wp-content\\\/uploads\\\/2024\\\/12\\\/113673-pala-adidas-adipower-carbon-ctrl-ar1ca3u381500x1500-1.webp\",\"datePublished\":\"2024-12-08T09:49:51+00:00\",\"dateModified\":\"2026-04-08T07:40:17+00:00\",\"description\":\"La Adidas Adipower Carbon CTRL 2025 es una pala de p\u00e1del de formato redondo, dise\u00f1ada para quienes buscan un control superior sin sacrificar potencia ni durabilidad. Este modelo combina tecnolog\u00edas avanzadas de Adidas con un dise\u00f1o elegante en negro, plata y blanco, reflejando calidad y profesionalismo. Perfecta para jugadores que desean precisi\u00f3n y estabilidad en cada golpe.\",\"breadcrumb\":{\"@id\":\"https:\\\/\\\/revolutionpadelstore.com\\\/it\\\/prodotto\\\/adidas-adipower-carbon-ctrl-2025-4\\\/#breadcrumb\"},\"inLanguage\":\"it-IT\",\"potentialAction\":[{\"@type\":\"ReadAction\",\"target\":[\"https:\\\/\\\/revolutionpadelstore.com\\\/it\\\/prodotto\\\/adidas-adipower-carbon-ctrl-2025-4\\\/\"]}]},{\"@type\":\"ImageObject\",\"inLanguage\":\"it-IT\",\"@id\":\"https:\\\/\\\/revolutionpadelstore.com\\\/it\\\/prodotto\\\/adidas-adipower-carbon-ctrl-2025-4\\\/#primaryimage\",\"url\":\"https:\\\/\\\/revolutionpadelstore.com\\\/wp-content\\\/uploads\\\/2024\\\/12\\\/113673-pala-adidas-adipower-carbon-ctrl-ar1ca3u381500x1500-1.webp\",\"contentUrl\":\"https:\\\/\\\/revolutionpadelstore.com\\\/wp-content\\\/uploads\\\/2024\\\/12\\\/113673-pala-adidas-adipower-carbon-ctrl-ar1ca3u381500x1500-1.webp\",\"width\":1500,\"height\":1500},{\"@type\":\"BreadcrumbList\",\"@id\":\"https:\\\/\\\/revolutionpadelstore.com\\\/it\\\/prodotto\\\/adidas-adipower-carbon-ctrl-2025-4\\\/#breadcrumb\",\"itemListElement\":[{\"@type\":\"ListItem\",\"position\":1,\"name\":\"Portada\",\"item\":\"https:\\\/\\\/revolutionpadelstore.com\\\/it\\\/\"},{\"@type\":\"ListItem\",\"position\":2,\"name\":\"Tienda\",\"item\":\"https:\\\/\\\/revolutionpadelstore.com\\\/it\\\/tienda\\\/\"},{\"@type\":\"ListItem\",\"position\":3,\"name\":\"ADIDAS ADIPOWER CARBON CTRL 2025\"}]},{\"@type\":\"WebSite\",\"@id\":\"https:\\\/\\\/revolutionpadelstore.com\\\/it\\\/#website\",\"url\":\"https:\\\/\\\/revolutionpadelstore.com\\\/it\\\/\",\"name\":\"Revolution Padel Store\",\"description\":\"\",\"publisher\":{\"@id\":\"https:\\\/\\\/revolutionpadelstore.com\\\/it\\\/#organization\"},\"potentialAction\":[{\"@type\":\"SearchAction\",\"target\":{\"@type\":\"EntryPoint\",\"urlTemplate\":\"https:\\\/\\\/revolutionpadelstore.com\\\/it\\\/?s={search_term_string}\"},\"query-input\":{\"@type\":\"PropertyValueSpecification\",\"valueRequired\":true,\"valueName\":\"search_term_string\"}}],\"inLanguage\":\"it-IT\"},{\"@type\":\"Organization\",\"@id\":\"https:\\\/\\\/revolutionpadelstore.com\\\/it\\\/#organization\",\"name\":\"Revolution Padel Store\",\"url\":\"https:\\\/\\\/revolutionpadelstore.com\\\/it\\\/\",\"logo\":{\"@type\":\"ImageObject\",\"inLanguage\":\"it-IT\",\"@id\":\"https:\\\/\\\/revolutionpadelstore.com\\\/it\\\/#\\\/schema\\\/logo\\\/image\\\/\",\"url\":\"https:\\\/\\\/revolutionpadelstore.com\\\/wp-content\\\/uploads\\\/2026\\\/02\\\/revolution-padel-store.jpg\",\"contentUrl\":\"https:\\\/\\\/revolutionpadelstore.com\\\/wp-content\\\/uploads\\\/2026\\\/02\\\/revolution-padel-store.jpg\",\"width\":2000,\"height\":2000,\"caption\":\"Revolution Padel Store\"},\"image\":{\"@id\":\"https:\\\/\\\/revolutionpadelstore.com\\\/it\\\/#\\\/schema\\\/logo\\\/image\\\/\"},\"sameAs\":[\"https:\\\/\\\/www.instagram.com\\\/revolutionpadelstore\\\/\"]}]}<\/script>\n<!-- \/ Yoast SEO plugin. -->","yoast_head_json":{"title":"ADIDAS ADIPOWER CARBON CTRL 2025 - Revolution Padel Store","description":"La Adidas Adipower Carbon CTRL 2025 es una pala de p\u00e1del de formato redondo, dise\u00f1ada para quienes buscan un control superior sin sacrificar potencia ni durabilidad. Este modelo combina tecnolog\u00edas avanzadas de Adidas con un dise\u00f1o elegante en negro, plata y blanco, reflejando calidad y profesionalismo. Perfecta para jugadores que desean precisi\u00f3n y estabilidad en cada golpe.","robots":{"index":"index","follow":"follow","max-snippet":"max-snippet:-1","max-image-preview":"max-image-preview:large","max-video-preview":"max-video-preview:-1"},"canonical":"https:\/\/revolutionpadelstore.com\/it\/prodotto\/adidas-adipower-carbon-ctrl-2025-4\/","og_locale":"it_IT","og_type":"article","og_title":"ADIDAS ADIPOWER CARBON CTRL 2025 - Revolution Padel Store","og_description":"La Adidas Adipower Carbon CTRL 2025 es una pala de p\u00e1del de formato redondo, dise\u00f1ada para quienes buscan un control superior sin sacrificar potencia ni durabilidad. Este modelo combina tecnolog\u00edas avanzadas de Adidas con un dise\u00f1o elegante en negro, plata y blanco, reflejando calidad y profesionalismo. Perfecta para jugadores que desean precisi\u00f3n y estabilidad en cada golpe.","og_url":"https:\/\/revolutionpadelstore.com\/it\/prodotto\/adidas-adipower-carbon-ctrl-2025-4\/","og_site_name":"Revolution Padel Store","article_modified_time":"2026-04-08T07:40:17+00:00","og_image":[{"width":1500,"height":1500,"url":"https:\/\/revolutionpadelstore.com\/wp-content\/uploads\/2024\/12\/113673-pala-adidas-adipower-carbon-ctrl-ar1ca3u381500x1500-1.webp","type":"image\/webp"}],"twitter_card":"summary_large_image","twitter_misc":{"Tempo di lettura stimato":"1 minuto"},"schema":{"@context":"https:\/\/schema.org","@graph":[{"@type":"WebPage","@id":"https:\/\/revolutionpadelstore.com\/it\/prodotto\/adidas-adipower-carbon-ctrl-2025-4\/","url":"https:\/\/revolutionpadelstore.com\/it\/prodotto\/adidas-adipower-carbon-ctrl-2025-4\/","name":"ADIDAS ADIPOWER CARBON CTRL 2025 - Revolution Padel Store","isPartOf":{"@id":"https:\/\/revolutionpadelstore.com\/it\/#website"},"primaryImageOfPage":{"@id":"https:\/\/revolutionpadelstore.com\/it\/prodotto\/adidas-adipower-carbon-ctrl-2025-4\/#primaryimage"},"image":{"@id":"https:\/\/revolutionpadelstore.com\/it\/prodotto\/adidas-adipower-carbon-ctrl-2025-4\/#primaryimage"},"thumbnailUrl":"https:\/\/revolutionpadelstore.com\/wp-content\/uploads\/2024\/12\/113673-pala-adidas-adipower-carbon-ctrl-ar1ca3u381500x1500-1.webp","datePublished":"2024-12-08T09:49:51+00:00","dateModified":"2026-04-08T07:40:17+00:00","description":"La Adidas Adipower Carbon CTRL 2025 es una pala de p\u00e1del de formato redondo, dise\u00f1ada para quienes buscan un control superior sin sacrificar potencia ni durabilidad. Este modelo combina tecnolog\u00edas avanzadas de Adidas con un dise\u00f1o elegante en negro, plata y blanco, reflejando calidad y profesionalismo. Perfecta para jugadores que desean precisi\u00f3n y estabilidad en cada golpe.","breadcrumb":{"@id":"https:\/\/revolutionpadelstore.com\/it\/prodotto\/adidas-adipower-carbon-ctrl-2025-4\/#breadcrumb"},"inLanguage":"it-IT","potentialAction":[{"@type":"ReadAction","target":["https:\/\/revolutionpadelstore.com\/it\/prodotto\/adidas-adipower-carbon-ctrl-2025-4\/"]}]},{"@type":"ImageObject","inLanguage":"it-IT","@id":"https:\/\/revolutionpadelstore.com\/it\/prodotto\/adidas-adipower-carbon-ctrl-2025-4\/#primaryimage","url":"https:\/\/revolutionpadelstore.com\/wp-content\/uploads\/2024\/12\/113673-pala-adidas-adipower-carbon-ctrl-ar1ca3u381500x1500-1.webp","contentUrl":"https:\/\/revolutionpadelstore.com\/wp-content\/uploads\/2024\/12\/113673-pala-adidas-adipower-carbon-ctrl-ar1ca3u381500x1500-1.webp","width":1500,"height":1500},{"@type":"BreadcrumbList","@id":"https:\/\/revolutionpadelstore.com\/it\/prodotto\/adidas-adipower-carbon-ctrl-2025-4\/#breadcrumb","itemListElement":[{"@type":"ListItem","position":1,"name":"Portada","item":"https:\/\/revolutionpadelstore.com\/it\/"},{"@type":"ListItem","position":2,"name":"Tienda","item":"https:\/\/revolutionpadelstore.com\/it\/tienda\/"},{"@type":"ListItem","position":3,"name":"ADIDAS ADIPOWER CARBON CTRL 2025"}]},{"@type":"WebSite","@id":"https:\/\/revolutionpadelstore.com\/it\/#website","url":"https:\/\/revolutionpadelstore.com\/it\/","name":"Revolution Padel Store","description":"","publisher":{"@id":"https:\/\/revolutionpadelstore.com\/it\/#organization"},"potentialAction":[{"@type":"SearchAction","target":{"@type":"EntryPoint","urlTemplate":"https:\/\/revolutionpadelstore.com\/it\/?s={search_term_string}"},"query-input":{"@type":"PropertyValueSpecification","valueRequired":true,"valueName":"search_term_string"}}],"inLanguage":"it-IT"},{"@type":"Organization","@id":"https:\/\/revolutionpadelstore.com\/it\/#organization","name":"Revolution Padel Store","url":"https:\/\/revolutionpadelstore.com\/it\/","logo":{"@type":"ImageObject","inLanguage":"it-IT","@id":"https:\/\/revolutionpadelstore.com\/it\/#\/schema\/logo\/image\/","url":"https:\/\/revolutionpadelstore.com\/wp-content\/uploads\/2026\/02\/revolution-padel-store.jpg","contentUrl":"https:\/\/revolutionpadelstore.com\/wp-content\/uploads\/2026\/02\/revolution-padel-store.jpg","width":2000,"height":2000,"caption":"Revolution Padel Store"},"image":{"@id":"https:\/\/revolutionpadelstore.com\/it\/#\/schema\/logo\/image\/"},"sameAs":["https:\/\/www.instagram.com\/revolutionpadelstore\/"]}]}},"_links":{"self":[{"href":"https:\/\/revolutionpadelstore.com\/it\/wp-json\/wp\/v2\/product\/154629","targetHints":{"allow":["GET"]}}],"collection":[{"href":"https:\/\/revolutionpadelstore.com\/it\/wp-json\/wp\/v2\/product"}],"about":[{"href":"https:\/\/revolutionpadelstore.com\/it\/wp-json\/wp\/v2\/types\/product"}],"replies":[{"embeddable":true,"href":"https:\/\/revolutionpadelstore.com\/it\/wp-json\/wp\/v2\/comments?post=154629"}],"wp:featuredmedia":[{"embeddable":true,"href":"https:\/\/revolutionpadelstore.com\/it\/wp-json\/wp\/v2\/media\/153425"}],"wp:attachment":[{"href":"https:\/\/revolutionpadelstore.com\/it\/wp-json\/wp\/v2\/media?parent=154629"}],"wp:term":[{"taxonomy":"acabado","embeddable":true,"href":"https:\/\/revolutionpadelstore.com\/it\/wp-json\/wp\/v2\/acabado?post=154629"},{"taxonomy":"balance","embeddable":true,"href":"https:\/\/revolutionpadelstore.com\/it\/wp-json\/wp\/v2\/balance?post=154629"},{"taxonomy":"dureza","embeddable":true,"href":"https:\/\/revolutionpadelstore.com\/it\/wp-json\/wp\/v2\/dureza?post=154629"},{"taxonomy":"forma","embeddable":true,"href":"https:\/\/revolutionpadelstore.com\/it\/wp-json\/wp\/v2\/forma?post=154629"},{"taxonomy":"jugador","embeddable":true,"href":"https:\/\/revolutionpadelstore.com\/it\/wp-json\/wp\/v2\/jugador?post=154629"},{"taxonomy":"marca","embeddable":true,"href":"https:\/\/revolutionpadelstore.com\/it\/wp-json\/wp\/v2\/marca?post=154629"},{"taxonomy":"nivel-de-juego","embeddable":true,"href":"https:\/\/revolutionpadelstore.com\/it\/wp-json\/wp\/v2\/nivel-de-juego?post=154629"},{"taxonomy":"superficie","embeddable":true,"href":"https:\/\/revolutionpadelstore.com\/it\/wp-json\/wp\/v2\/superficie?post=154629"},{"taxonomy":"tipo-de-juego","embeddable":true,"href":"https:\/\/revolutionpadelstore.com\/it\/wp-json\/wp\/v2\/tipo-de-juego?post=154629"},{"taxonomy":"product_brand","embeddable":true,"href":"https:\/\/revolutionpadelstore.com\/it\/wp-json\/wp\/v2\/product_brand?post=154629"},{"taxonomy":"product_cat","embeddable":true,"href":"https:\/\/revolutionpadelstore.com\/it\/wp-json\/wp\/v2\/product_cat?post=154629"},{"taxonomy":"product_tag","embeddable":true,"href":"https:\/\/revolutionpadelstore.com\/it\/wp-json\/wp\/v2\/product_tag?post=154629"}],"curies":[{"name":"wp","href":"https:\/\/api.w.org\/{rel}","templated":true}]}}