{"id":154337,"date":"2024-12-09T22:45:13","date_gmt":"2024-12-09T21:45:13","guid":{"rendered":"https:\/\/revolutionpadelstore.com\/adidas-adidas-drive-grey-3-4-2025\/"},"modified":"2026-04-08T09:29:11","modified_gmt":"2026-04-08T07:29:11","slug":"adidas-adidas-drive-grey-3-4-2025-4","status":"publish","type":"product","link":"https:\/\/revolutionpadelstore.com\/it\/prodotto\/adidas-adidas-drive-grey-3-4-2025-4\/","title":{"rendered":"ADIDAS ADIDAS DRIVE GREY 3.4 2025"},"content":{"rendered":"<h2> <strong> adidas drive grigio 3.4 2025: la pala ideale per principianti <\/strong> <\/h2>\n<p><strong> Adidas Drive Grey 3.4 2025 <\/strong> \u00e8 la pala perfetta per i giocatori che iniziano nel mondo della pagaia e cercano qualit\u00e0, controllo e comfort. Progettata per la collezione 2025 e parte della prestigiosa gamma di scoperte, questa lama combina un design moderno con tecnologie innovative, offrendo un&#8217;esperienza di gioco unica per coloro che desiderano migliorare la loro tecnica dal primo giorno.<\/p>\n<h2> <strong> caratteristiche di spicco: <\/strong> <\/h2>\n<p><P> <strong> -red Formato e basso equilibrio: <\/strong> Ideale per un gioco di controllo, con eccellente gestibilit\u00e0<br \/>\n<P> <strong> -Ligereza e Comfort: <\/strong> Con un peso di 360-375 grammi, \u00e8 facile da maneggiare e perfetto per sessioni prolungate<\/p>\n<p style=\"padding-left: 40px\"> <strong>-fideberglass Piani: <\/strong> Fornire flessibilit\u00e0 per colpi pi\u00f9 morbidi e pi\u00f9 dinamici.<br \/>\n<P style=\"padding-left: 40px\"> <strong> -eva morbido in gomma intorpidimento<\/p>\n<p> <strong> -retructural Resforzi di refatti: <\/strong> aumenta la potenza e la resistenza della pala, riducendo le torsioni durante il gioco.<br \/>\n<P> <strong> -technology smart fori lineari: <\/strong> migliora la durata con una distribuzione equidistante dei fori.<\/p>\n<h2> <strong> design elegante e funzionale <\/strong> <\/h2>\n<p>La combinazione di grigio con dettagli rossi offre adidas grigio 3.4 2025 uno stile professionale e sofisticato. Il suo design minimalista evidenzia il logo Adidas nelle bande rosse verticali, facendo risaltare questa pala in pista per il suo fascino visivo.<\/p>\n<h2> <strong> Vantaggi per il giocatore: <\/strong> <\/h2>\n<p><P> <strong> -perfect per principianti: <\/strong> aiuta ad acquisire fiducia in ogni colpo grazie al suo eccezionale equilibrio e controllo.<br \/>\n<P> <strong> -dourabilit\u00e0 e resistenza: <\/strong> Materiali di alta qualit\u00e0 che garantiscono prestazioni costanti per un tempo pi\u00f9 lungo.<br \/>\n<P> <strong> -Comfort e controllato: <\/strong> progettato per ridurre al minimo le vibrazioni e facilitare le tecniche chiave di apprendimento come vassoio e globo.<br \/>\nFai la tua iniziazione nella pagaia per un&#8217;esperienza imbattibile con <strong> Adidas Drive Grey 3.4 2025 <\/strong>, una pala che combina stile, funzionalit\u00e0 e tecnologia avanzata per evidenziare dal tuo primo gioco.<\/p>\n<p>Disponibile ora nel nostro negozio online <a href=\"https:\/\/www.revolutionpadelstore.com\/\"> <strong> Revolution Padel Store <\/strong> <\/a>, probabilmente al miglior prezzo di mercato.<\/p>\n<h2><strong>Adidas Drive Grey 3.4 2025: La pala ideal para principiantes<\/strong><\/p>\n","protected":false},"excerpt":{"rendered":"<p>Adidas Drive Grey 3.4 2025 \u00e8 perfetto per i giocatori principianti che cercano un controllo eccezionale. Il suo design resistente e resistente incorpora tecnologie che garantiscono un gioco di iniziazione di alta qualit\u00e0.<\/p>\n","protected":false},"featured_media":154296,"comment_status":"open","ping_status":"closed","template":"","meta":{"_acf_changed":false,"_joinchat":[]},"acabado":[1086],"balance":[1146],"dureza":[1151],"forma":[1181],"jugador":[1201,1191],"marca":[1231],"nivel-de-juego":[1351],"superficie":[1356],"tipo-de-juego":[1371],"product_brand":[],"product_cat":[301],"product_tag":[],"class_list":{"0":"post-154337","1":"product","2":"type-product","3":"status-publish","4":"has-post-thumbnail","6":"acabado-amico","7":"balance-basso","8":"dureza-blanda-it","9":"forma-rotondo","10":"jugador-multiuso","11":"jugador-uomo","12":"marca-adidas-it","13":"superficie-lisa-it","14":"tipo-de-juego-controllo","15":"product_cat-palas-de-padel-it","17":"first","18":"instock","19":"sale","20":"taxable","21":"shipping-taxable","22":"purchasable","23":"product-type-simple"},"acf":[],"yoast_head":"<!-- This site is optimized with the Yoast SEO plugin v27.4 - https:\/\/yoast.com\/product\/yoast-seo-wordpress\/ -->\n<title>ADIDAS ADIDAS DRIVE GREY 3.4 2025 - Revolution Padel Store<\/title>\n<meta name=\"description\" content=\"Descubre la Adidas Drive Grey 3.4 2025, la pala de p\u00e1del ideal para principiantes. Ligera, c\u00f3moda y con tecnolog\u00edas avanzadas para un juego de control. \u00a1Compra ahora al mejor precio en Revolution Padel Store!\" \/>\n<meta name=\"robots\" content=\"index, follow, max-snippet:-1, max-image-preview:large, max-video-preview:-1\" \/>\n<link rel=\"canonical\" href=\"https:\/\/revolutionpadelstore.com\/it\/prodotto\/adidas-adidas-drive-grey-3-4-2025-4\/\" \/>\n<meta property=\"og:locale\" content=\"it_IT\" \/>\n<meta property=\"og:type\" content=\"article\" \/>\n<meta property=\"og:title\" content=\"ADIDAS ADIDAS DRIVE GREY 3.4 2025 - Revolution Padel Store\" \/>\n<meta property=\"og:description\" content=\"Descubre la Adidas Drive Grey 3.4 2025, la pala de p\u00e1del ideal para principiantes. Ligera, c\u00f3moda y con tecnolog\u00edas avanzadas para un juego de control. \u00a1Compra ahora al mejor precio en Revolution Padel Store!\" \/>\n<meta property=\"og:url\" content=\"https:\/\/revolutionpadelstore.com\/it\/prodotto\/adidas-adidas-drive-grey-3-4-2025-4\/\" \/>\n<meta property=\"og:site_name\" content=\"Revolution Padel Store\" \/>\n<meta property=\"article:modified_time\" content=\"2026-04-08T07:29:11+00:00\" \/>\n<meta property=\"og:image\" content=\"https:\/\/revolutionpadelstore.com\/wp-content\/uploads\/2024\/12\/113668-pala-adidas-adidas-drive-grey-3-4-ar5ca1u181500x1500-1.webp\" \/>\n\t<meta property=\"og:image:width\" content=\"1500\" \/>\n\t<meta property=\"og:image:height\" content=\"1500\" \/>\n\t<meta property=\"og:image:type\" content=\"image\/webp\" \/>\n<meta name=\"twitter:card\" content=\"summary_large_image\" \/>\n<meta name=\"twitter:label1\" content=\"Tempo di lettura stimato\" \/>\n\t<meta name=\"twitter:data1\" content=\"1 minuto\" \/>\n<script type=\"application\/ld+json\" class=\"yoast-schema-graph\">{\"@context\":\"https:\\\/\\\/schema.org\",\"@graph\":[{\"@type\":\"WebPage\",\"@id\":\"https:\\\/\\\/revolutionpadelstore.com\\\/it\\\/prodotto\\\/adidas-adidas-drive-grey-3-4-2025-4\\\/\",\"url\":\"https:\\\/\\\/revolutionpadelstore.com\\\/it\\\/prodotto\\\/adidas-adidas-drive-grey-3-4-2025-4\\\/\",\"name\":\"ADIDAS ADIDAS DRIVE GREY 3.4 2025 - Revolution Padel Store\",\"isPartOf\":{\"@id\":\"https:\\\/\\\/revolutionpadelstore.com\\\/it\\\/#website\"},\"primaryImageOfPage\":{\"@id\":\"https:\\\/\\\/revolutionpadelstore.com\\\/it\\\/prodotto\\\/adidas-adidas-drive-grey-3-4-2025-4\\\/#primaryimage\"},\"image\":{\"@id\":\"https:\\\/\\\/revolutionpadelstore.com\\\/it\\\/prodotto\\\/adidas-adidas-drive-grey-3-4-2025-4\\\/#primaryimage\"},\"thumbnailUrl\":\"https:\\\/\\\/revolutionpadelstore.com\\\/wp-content\\\/uploads\\\/2024\\\/12\\\/113668-pala-adidas-adidas-drive-grey-3-4-ar5ca1u181500x1500-1.webp\",\"datePublished\":\"2024-12-09T21:45:13+00:00\",\"dateModified\":\"2026-04-08T07:29:11+00:00\",\"description\":\"Descubre la Adidas Drive Grey 3.4 2025, la pala de p\u00e1del ideal para principiantes. Ligera, c\u00f3moda y con tecnolog\u00edas avanzadas para un juego de control. \u00a1Compra ahora al mejor precio en Revolution Padel Store!\",\"breadcrumb\":{\"@id\":\"https:\\\/\\\/revolutionpadelstore.com\\\/it\\\/prodotto\\\/adidas-adidas-drive-grey-3-4-2025-4\\\/#breadcrumb\"},\"inLanguage\":\"it-IT\",\"potentialAction\":[{\"@type\":\"ReadAction\",\"target\":[\"https:\\\/\\\/revolutionpadelstore.com\\\/it\\\/prodotto\\\/adidas-adidas-drive-grey-3-4-2025-4\\\/\"]}]},{\"@type\":\"ImageObject\",\"inLanguage\":\"it-IT\",\"@id\":\"https:\\\/\\\/revolutionpadelstore.com\\\/it\\\/prodotto\\\/adidas-adidas-drive-grey-3-4-2025-4\\\/#primaryimage\",\"url\":\"https:\\\/\\\/revolutionpadelstore.com\\\/wp-content\\\/uploads\\\/2024\\\/12\\\/113668-pala-adidas-adidas-drive-grey-3-4-ar5ca1u181500x1500-1.webp\",\"contentUrl\":\"https:\\\/\\\/revolutionpadelstore.com\\\/wp-content\\\/uploads\\\/2024\\\/12\\\/113668-pala-adidas-adidas-drive-grey-3-4-ar5ca1u181500x1500-1.webp\",\"width\":1500,\"height\":1500},{\"@type\":\"BreadcrumbList\",\"@id\":\"https:\\\/\\\/revolutionpadelstore.com\\\/it\\\/prodotto\\\/adidas-adidas-drive-grey-3-4-2025-4\\\/#breadcrumb\",\"itemListElement\":[{\"@type\":\"ListItem\",\"position\":1,\"name\":\"Portada\",\"item\":\"https:\\\/\\\/revolutionpadelstore.com\\\/it\\\/\"},{\"@type\":\"ListItem\",\"position\":2,\"name\":\"Tienda\",\"item\":\"https:\\\/\\\/revolutionpadelstore.com\\\/it\\\/tienda\\\/\"},{\"@type\":\"ListItem\",\"position\":3,\"name\":\"ADIDAS ADIDAS DRIVE GREY 3.4 2025\"}]},{\"@type\":\"WebSite\",\"@id\":\"https:\\\/\\\/revolutionpadelstore.com\\\/it\\\/#website\",\"url\":\"https:\\\/\\\/revolutionpadelstore.com\\\/it\\\/\",\"name\":\"Revolution Padel Store\",\"description\":\"\",\"publisher\":{\"@id\":\"https:\\\/\\\/revolutionpadelstore.com\\\/it\\\/#organization\"},\"potentialAction\":[{\"@type\":\"SearchAction\",\"target\":{\"@type\":\"EntryPoint\",\"urlTemplate\":\"https:\\\/\\\/revolutionpadelstore.com\\\/it\\\/?s={search_term_string}\"},\"query-input\":{\"@type\":\"PropertyValueSpecification\",\"valueRequired\":true,\"valueName\":\"search_term_string\"}}],\"inLanguage\":\"it-IT\"},{\"@type\":\"Organization\",\"@id\":\"https:\\\/\\\/revolutionpadelstore.com\\\/it\\\/#organization\",\"name\":\"Revolution Padel Store\",\"url\":\"https:\\\/\\\/revolutionpadelstore.com\\\/it\\\/\",\"logo\":{\"@type\":\"ImageObject\",\"inLanguage\":\"it-IT\",\"@id\":\"https:\\\/\\\/revolutionpadelstore.com\\\/it\\\/#\\\/schema\\\/logo\\\/image\\\/\",\"url\":\"https:\\\/\\\/revolutionpadelstore.com\\\/wp-content\\\/uploads\\\/2026\\\/02\\\/revolution-padel-store.jpg\",\"contentUrl\":\"https:\\\/\\\/revolutionpadelstore.com\\\/wp-content\\\/uploads\\\/2026\\\/02\\\/revolution-padel-store.jpg\",\"width\":2000,\"height\":2000,\"caption\":\"Revolution Padel Store\"},\"image\":{\"@id\":\"https:\\\/\\\/revolutionpadelstore.com\\\/it\\\/#\\\/schema\\\/logo\\\/image\\\/\"},\"sameAs\":[\"https:\\\/\\\/www.instagram.com\\\/revolutionpadelstore\\\/\"]}]}<\/script>\n<!-- \/ Yoast SEO plugin. -->","yoast_head_json":{"title":"ADIDAS ADIDAS DRIVE GREY 3.4 2025 - Revolution Padel Store","description":"Descubre la Adidas Drive Grey 3.4 2025, la pala de p\u00e1del ideal para principiantes. Ligera, c\u00f3moda y con tecnolog\u00edas avanzadas para un juego de control. \u00a1Compra ahora al mejor precio en Revolution Padel Store!","robots":{"index":"index","follow":"follow","max-snippet":"max-snippet:-1","max-image-preview":"max-image-preview:large","max-video-preview":"max-video-preview:-1"},"canonical":"https:\/\/revolutionpadelstore.com\/it\/prodotto\/adidas-adidas-drive-grey-3-4-2025-4\/","og_locale":"it_IT","og_type":"article","og_title":"ADIDAS ADIDAS DRIVE GREY 3.4 2025 - Revolution Padel Store","og_description":"Descubre la Adidas Drive Grey 3.4 2025, la pala de p\u00e1del ideal para principiantes. Ligera, c\u00f3moda y con tecnolog\u00edas avanzadas para un juego de control. \u00a1Compra ahora al mejor precio en Revolution Padel Store!","og_url":"https:\/\/revolutionpadelstore.com\/it\/prodotto\/adidas-adidas-drive-grey-3-4-2025-4\/","og_site_name":"Revolution Padel Store","article_modified_time":"2026-04-08T07:29:11+00:00","og_image":[{"width":1500,"height":1500,"url":"https:\/\/revolutionpadelstore.com\/wp-content\/uploads\/2024\/12\/113668-pala-adidas-adidas-drive-grey-3-4-ar5ca1u181500x1500-1.webp","type":"image\/webp"}],"twitter_card":"summary_large_image","twitter_misc":{"Tempo di lettura stimato":"1 minuto"},"schema":{"@context":"https:\/\/schema.org","@graph":[{"@type":"WebPage","@id":"https:\/\/revolutionpadelstore.com\/it\/prodotto\/adidas-adidas-drive-grey-3-4-2025-4\/","url":"https:\/\/revolutionpadelstore.com\/it\/prodotto\/adidas-adidas-drive-grey-3-4-2025-4\/","name":"ADIDAS ADIDAS DRIVE GREY 3.4 2025 - Revolution Padel Store","isPartOf":{"@id":"https:\/\/revolutionpadelstore.com\/it\/#website"},"primaryImageOfPage":{"@id":"https:\/\/revolutionpadelstore.com\/it\/prodotto\/adidas-adidas-drive-grey-3-4-2025-4\/#primaryimage"},"image":{"@id":"https:\/\/revolutionpadelstore.com\/it\/prodotto\/adidas-adidas-drive-grey-3-4-2025-4\/#primaryimage"},"thumbnailUrl":"https:\/\/revolutionpadelstore.com\/wp-content\/uploads\/2024\/12\/113668-pala-adidas-adidas-drive-grey-3-4-ar5ca1u181500x1500-1.webp","datePublished":"2024-12-09T21:45:13+00:00","dateModified":"2026-04-08T07:29:11+00:00","description":"Descubre la Adidas Drive Grey 3.4 2025, la pala de p\u00e1del ideal para principiantes. Ligera, c\u00f3moda y con tecnolog\u00edas avanzadas para un juego de control. \u00a1Compra ahora al mejor precio en Revolution Padel Store!","breadcrumb":{"@id":"https:\/\/revolutionpadelstore.com\/it\/prodotto\/adidas-adidas-drive-grey-3-4-2025-4\/#breadcrumb"},"inLanguage":"it-IT","potentialAction":[{"@type":"ReadAction","target":["https:\/\/revolutionpadelstore.com\/it\/prodotto\/adidas-adidas-drive-grey-3-4-2025-4\/"]}]},{"@type":"ImageObject","inLanguage":"it-IT","@id":"https:\/\/revolutionpadelstore.com\/it\/prodotto\/adidas-adidas-drive-grey-3-4-2025-4\/#primaryimage","url":"https:\/\/revolutionpadelstore.com\/wp-content\/uploads\/2024\/12\/113668-pala-adidas-adidas-drive-grey-3-4-ar5ca1u181500x1500-1.webp","contentUrl":"https:\/\/revolutionpadelstore.com\/wp-content\/uploads\/2024\/12\/113668-pala-adidas-adidas-drive-grey-3-4-ar5ca1u181500x1500-1.webp","width":1500,"height":1500},{"@type":"BreadcrumbList","@id":"https:\/\/revolutionpadelstore.com\/it\/prodotto\/adidas-adidas-drive-grey-3-4-2025-4\/#breadcrumb","itemListElement":[{"@type":"ListItem","position":1,"name":"Portada","item":"https:\/\/revolutionpadelstore.com\/it\/"},{"@type":"ListItem","position":2,"name":"Tienda","item":"https:\/\/revolutionpadelstore.com\/it\/tienda\/"},{"@type":"ListItem","position":3,"name":"ADIDAS ADIDAS DRIVE GREY 3.4 2025"}]},{"@type":"WebSite","@id":"https:\/\/revolutionpadelstore.com\/it\/#website","url":"https:\/\/revolutionpadelstore.com\/it\/","name":"Revolution Padel Store","description":"","publisher":{"@id":"https:\/\/revolutionpadelstore.com\/it\/#organization"},"potentialAction":[{"@type":"SearchAction","target":{"@type":"EntryPoint","urlTemplate":"https:\/\/revolutionpadelstore.com\/it\/?s={search_term_string}"},"query-input":{"@type":"PropertyValueSpecification","valueRequired":true,"valueName":"search_term_string"}}],"inLanguage":"it-IT"},{"@type":"Organization","@id":"https:\/\/revolutionpadelstore.com\/it\/#organization","name":"Revolution Padel Store","url":"https:\/\/revolutionpadelstore.com\/it\/","logo":{"@type":"ImageObject","inLanguage":"it-IT","@id":"https:\/\/revolutionpadelstore.com\/it\/#\/schema\/logo\/image\/","url":"https:\/\/revolutionpadelstore.com\/wp-content\/uploads\/2026\/02\/revolution-padel-store.jpg","contentUrl":"https:\/\/revolutionpadelstore.com\/wp-content\/uploads\/2026\/02\/revolution-padel-store.jpg","width":2000,"height":2000,"caption":"Revolution Padel Store"},"image":{"@id":"https:\/\/revolutionpadelstore.com\/it\/#\/schema\/logo\/image\/"},"sameAs":["https:\/\/www.instagram.com\/revolutionpadelstore\/"]}]}},"_links":{"self":[{"href":"https:\/\/revolutionpadelstore.com\/it\/wp-json\/wp\/v2\/product\/154337","targetHints":{"allow":["GET"]}}],"collection":[{"href":"https:\/\/revolutionpadelstore.com\/it\/wp-json\/wp\/v2\/product"}],"about":[{"href":"https:\/\/revolutionpadelstore.com\/it\/wp-json\/wp\/v2\/types\/product"}],"replies":[{"embeddable":true,"href":"https:\/\/revolutionpadelstore.com\/it\/wp-json\/wp\/v2\/comments?post=154337"}],"wp:featuredmedia":[{"embeddable":true,"href":"https:\/\/revolutionpadelstore.com\/it\/wp-json\/wp\/v2\/media\/154296"}],"wp:attachment":[{"href":"https:\/\/revolutionpadelstore.com\/it\/wp-json\/wp\/v2\/media?parent=154337"}],"wp:term":[{"taxonomy":"acabado","embeddable":true,"href":"https:\/\/revolutionpadelstore.com\/it\/wp-json\/wp\/v2\/acabado?post=154337"},{"taxonomy":"balance","embeddable":true,"href":"https:\/\/revolutionpadelstore.com\/it\/wp-json\/wp\/v2\/balance?post=154337"},{"taxonomy":"dureza","embeddable":true,"href":"https:\/\/revolutionpadelstore.com\/it\/wp-json\/wp\/v2\/dureza?post=154337"},{"taxonomy":"forma","embeddable":true,"href":"https:\/\/revolutionpadelstore.com\/it\/wp-json\/wp\/v2\/forma?post=154337"},{"taxonomy":"jugador","embeddable":true,"href":"https:\/\/revolutionpadelstore.com\/it\/wp-json\/wp\/v2\/jugador?post=154337"},{"taxonomy":"marca","embeddable":true,"href":"https:\/\/revolutionpadelstore.com\/it\/wp-json\/wp\/v2\/marca?post=154337"},{"taxonomy":"nivel-de-juego","embeddable":true,"href":"https:\/\/revolutionpadelstore.com\/it\/wp-json\/wp\/v2\/nivel-de-juego?post=154337"},{"taxonomy":"superficie","embeddable":true,"href":"https:\/\/revolutionpadelstore.com\/it\/wp-json\/wp\/v2\/superficie?post=154337"},{"taxonomy":"tipo-de-juego","embeddable":true,"href":"https:\/\/revolutionpadelstore.com\/it\/wp-json\/wp\/v2\/tipo-de-juego?post=154337"},{"taxonomy":"product_brand","embeddable":true,"href":"https:\/\/revolutionpadelstore.com\/it\/wp-json\/wp\/v2\/product_brand?post=154337"},{"taxonomy":"product_cat","embeddable":true,"href":"https:\/\/revolutionpadelstore.com\/it\/wp-json\/wp\/v2\/product_cat?post=154337"},{"taxonomy":"product_tag","embeddable":true,"href":"https:\/\/revolutionpadelstore.com\/it\/wp-json\/wp\/v2\/product_tag?post=154337"}],"curies":[{"name":"wp","href":"https:\/\/api.w.org\/{rel}","templated":true}]}}