{"id":153529,"date":"2024-12-08T11:01:21","date_gmt":"2024-12-08T10:01:21","guid":{"rendered":"https:\/\/revolutionpadelstore.com\/adidas-cross-it-team-2025\/"},"modified":"2026-04-08T09:39:46","modified_gmt":"2026-04-08T07:39:46","slug":"adidas-cross-it-team-2025-4","status":"publish","type":"product","link":"https:\/\/revolutionpadelstore.com\/it\/prodotto\/adidas-cross-it-team-2025-4\/","title":{"rendered":"ADIDAS CROSS IT TEAM 2025"},"content":{"rendered":"<h2> <strong> Adidas Cross IT Team 2025: Extreme Power and Performance<br \/>\n<strong> Adidas Cross IT Team 2025 <\/strong> \u00e8 la pala perfetta per i giocatori che cercano un equilibrio tra potere, controllo e gestibilit\u00e0. Progettato oversize a forma di diamante e un alto equilibrio, offre una grande superficie di successo, ideale per un gioco offensivo pieno di forza e precisione. La sua costruzione con materiali di alta qualit\u00e0 e tecnologie innovative garantisce prestazioni pi\u00f9 elevate in ogni colpo.<\/p>\n<h2> <strong> progettato per i giocatori avanzati <\/strong> <\/h2>\n<p>Il <strong> Cross IT Team 2025 <\/strong> \u00e8 rivolto a giocatori di livello avanzato che danno la priorit\u00e0 al potere nei loro colpi e cercano di evidenziare nell&#8217;attacco. Con un peso di 360-375 grammi, questa pala offre una grande gestibilit\u00e0 e manovrabilit\u00e0, perfetta per allenamenti intensivi e competizioni di alto livello.<\/p>\n<h2> <strong> Caratteristiche chiave e tecnologie avanzate <\/strong> <\/h2>\n<p><P> <strong> -Fiberglass: <\/strong> Fornisci un tocco morbido e migliora la gestibilit\u00e0 in ogni colpo<br \/>\n<P> <strong> -nuco Eva Prestazioni morbide: <\/strong> gomma a bassa densit\u00e0 che garantisce un&#8217;outlet di palla eccezionale e un grande comfort.<\/p>\n<p> <strong> -power grip extra: <\/strong> estende la maniglia per aumentare la potenza generando una maggiore inerzia nei colpi.<br \/>\n<P> <strong> -damico flusso d&#8217;aria: <\/strong> Fornitura di fori che riducono la resistenza all&#8217;aria, migliorando la manovrabilit\u00e0.<\/p>\n<p> <strong> -Reelieve Spin Blade Decal: <\/strong> Texture nei piani che aumentano il controllo e consente di generare un effetto maggiore sulla palla.<br \/>\n<P> <strong> -samante Diamond oversize: <\/strong> fornisce un elevato equilibrio per massimizzare la potenza nei colpi offensivi.<\/p>\n<h2> <strong> Disponibile su Revolution Padel Store <\/strong> <\/h2>\n<p>Porta il tuo gioco al livello successivo con <strong> Adidas Cross It Team 2025 <\/strong>, la pala ideale per i giocatori avanzati che cercano energia estrema e precisione in ogni colpo. Con il suo design innovativo e le tecnologie a stato -arti, sar\u00e0 il tuo miglior alleato padroneggiare la traccia. Ottieni con lei adesso!<\/p>\n<h2><strong>Adidas Cross It Team 2025: potencia y rendimiento extremo<\/strong><\/p>\n","protected":false},"excerpt":{"rendered":"<p>Il team <strong> Adidas Cross IT <\/strong> \u00e8 una pala con la forma <strong> di oversize diamantato <\/strong> e eccellenti prestazioni di pista. Ideale per i giocatori avanzati che cercano di distinguersi nell&#8217;attacco e massimizzare il loro gioco offensivo.<strong>Adidas Cross It Team<\/strong><\/p>\n","protected":false},"featured_media":153488,"comment_status":"open","ping_status":"closed","template":"","meta":{"_acf_changed":false,"_joinchat":[]},"acabado":[1091],"balance":[1136],"dureza":[1156],"forma":[1171],"jugador":[1201,1191],"marca":[1231],"nivel-de-juego":[1336],"superficie":[1361],"tipo-de-juego":[1376],"product_brand":[],"product_cat":[301],"product_tag":[],"class_list":{"0":"post-153529","1":"product","2":"type-product","3":"status-publish","4":"has-post-thumbnail","6":"acabado-relieve-3d-it","7":"balance-alto-it","8":"dureza-media-it","9":"forma-diamante-it","10":"jugador-multiuso","11":"jugador-uomo","12":"marca-adidas-it","13":"superficie-rugosa-it","14":"tipo-de-juego-potenza","15":"product_cat-palas-de-padel-it","17":"first","18":"instock","19":"sale","20":"taxable","21":"shipping-taxable","22":"purchasable","23":"product-type-simple"},"acf":[],"yoast_head":"<!-- This site is optimized with the Yoast SEO plugin v27.4 - https:\/\/yoast.com\/product\/yoast-seo-wordpress\/ -->\n<title>ADIDAS CROSS IT TEAM 2025 - Revolution Padel Store<\/title>\n<meta name=\"description\" content=\"La Adidas Cross It Team 2025 es la pala perfecta para los jugadores que buscan un equilibrio entre potencia, control y manejabilidad. Dise\u00f1ada con forma de diamante oversize y un balance alto, ofrece una gran superficie de golpeo, ideal para un juego ofensivo lleno de fuerza y precisi\u00f3n. Su construcci\u00f3n con materiales de alta calidad y tecnolog\u00edas innovadoras garantiza un rendimiento superior en cada golpe.\" \/>\n<meta name=\"robots\" content=\"index, follow, max-snippet:-1, max-image-preview:large, max-video-preview:-1\" \/>\n<link rel=\"canonical\" href=\"https:\/\/revolutionpadelstore.com\/it\/prodotto\/adidas-cross-it-team-2025-4\/\" \/>\n<meta property=\"og:locale\" content=\"it_IT\" \/>\n<meta property=\"og:type\" content=\"article\" \/>\n<meta property=\"og:title\" content=\"ADIDAS CROSS IT TEAM 2025 - Revolution Padel Store\" \/>\n<meta property=\"og:description\" content=\"La Adidas Cross It Team 2025 es la pala perfecta para los jugadores que buscan un equilibrio entre potencia, control y manejabilidad. Dise\u00f1ada con forma de diamante oversize y un balance alto, ofrece una gran superficie de golpeo, ideal para un juego ofensivo lleno de fuerza y precisi\u00f3n. Su construcci\u00f3n con materiales de alta calidad y tecnolog\u00edas innovadoras garantiza un rendimiento superior en cada golpe.\" \/>\n<meta property=\"og:url\" content=\"https:\/\/revolutionpadelstore.com\/it\/prodotto\/adidas-cross-it-team-2025-4\/\" \/>\n<meta property=\"og:site_name\" content=\"Revolution Padel Store\" \/>\n<meta property=\"article:modified_time\" content=\"2026-04-08T07:39:46+00:00\" \/>\n<meta property=\"og:image\" content=\"https:\/\/revolutionpadelstore.com\/wp-content\/uploads\/2024\/12\/113681-pala-adidas-cross-lt-team-ar2aa1u231500x1500-1.webp\" \/>\n\t<meta property=\"og:image:width\" content=\"1500\" \/>\n\t<meta property=\"og:image:height\" content=\"1500\" \/>\n\t<meta property=\"og:image:type\" content=\"image\/webp\" \/>\n<meta name=\"twitter:card\" content=\"summary_large_image\" \/>\n<meta name=\"twitter:label1\" content=\"Tempo di lettura stimato\" \/>\n\t<meta name=\"twitter:data1\" content=\"1 minuto\" \/>\n<script type=\"application\/ld+json\" class=\"yoast-schema-graph\">{\"@context\":\"https:\\\/\\\/schema.org\",\"@graph\":[{\"@type\":\"WebPage\",\"@id\":\"https:\\\/\\\/revolutionpadelstore.com\\\/it\\\/prodotto\\\/adidas-cross-it-team-2025-4\\\/\",\"url\":\"https:\\\/\\\/revolutionpadelstore.com\\\/it\\\/prodotto\\\/adidas-cross-it-team-2025-4\\\/\",\"name\":\"ADIDAS CROSS IT TEAM 2025 - Revolution Padel Store\",\"isPartOf\":{\"@id\":\"https:\\\/\\\/revolutionpadelstore.com\\\/it\\\/#website\"},\"primaryImageOfPage\":{\"@id\":\"https:\\\/\\\/revolutionpadelstore.com\\\/it\\\/prodotto\\\/adidas-cross-it-team-2025-4\\\/#primaryimage\"},\"image\":{\"@id\":\"https:\\\/\\\/revolutionpadelstore.com\\\/it\\\/prodotto\\\/adidas-cross-it-team-2025-4\\\/#primaryimage\"},\"thumbnailUrl\":\"https:\\\/\\\/revolutionpadelstore.com\\\/wp-content\\\/uploads\\\/2024\\\/12\\\/113681-pala-adidas-cross-lt-team-ar2aa1u231500x1500-1.webp\",\"datePublished\":\"2024-12-08T10:01:21+00:00\",\"dateModified\":\"2026-04-08T07:39:46+00:00\",\"description\":\"La Adidas Cross It Team 2025 es la pala perfecta para los jugadores que buscan un equilibrio entre potencia, control y manejabilidad. Dise\u00f1ada con forma de diamante oversize y un balance alto, ofrece una gran superficie de golpeo, ideal para un juego ofensivo lleno de fuerza y precisi\u00f3n. Su construcci\u00f3n con materiales de alta calidad y tecnolog\u00edas innovadoras garantiza un rendimiento superior en cada golpe.\",\"breadcrumb\":{\"@id\":\"https:\\\/\\\/revolutionpadelstore.com\\\/it\\\/prodotto\\\/adidas-cross-it-team-2025-4\\\/#breadcrumb\"},\"inLanguage\":\"it-IT\",\"potentialAction\":[{\"@type\":\"ReadAction\",\"target\":[\"https:\\\/\\\/revolutionpadelstore.com\\\/it\\\/prodotto\\\/adidas-cross-it-team-2025-4\\\/\"]}]},{\"@type\":\"ImageObject\",\"inLanguage\":\"it-IT\",\"@id\":\"https:\\\/\\\/revolutionpadelstore.com\\\/it\\\/prodotto\\\/adidas-cross-it-team-2025-4\\\/#primaryimage\",\"url\":\"https:\\\/\\\/revolutionpadelstore.com\\\/wp-content\\\/uploads\\\/2024\\\/12\\\/113681-pala-adidas-cross-lt-team-ar2aa1u231500x1500-1.webp\",\"contentUrl\":\"https:\\\/\\\/revolutionpadelstore.com\\\/wp-content\\\/uploads\\\/2024\\\/12\\\/113681-pala-adidas-cross-lt-team-ar2aa1u231500x1500-1.webp\",\"width\":1500,\"height\":1500},{\"@type\":\"BreadcrumbList\",\"@id\":\"https:\\\/\\\/revolutionpadelstore.com\\\/it\\\/prodotto\\\/adidas-cross-it-team-2025-4\\\/#breadcrumb\",\"itemListElement\":[{\"@type\":\"ListItem\",\"position\":1,\"name\":\"Portada\",\"item\":\"https:\\\/\\\/revolutionpadelstore.com\\\/it\\\/\"},{\"@type\":\"ListItem\",\"position\":2,\"name\":\"Tienda\",\"item\":\"https:\\\/\\\/revolutionpadelstore.com\\\/it\\\/tienda\\\/\"},{\"@type\":\"ListItem\",\"position\":3,\"name\":\"ADIDAS CROSS IT TEAM 2025\"}]},{\"@type\":\"WebSite\",\"@id\":\"https:\\\/\\\/revolutionpadelstore.com\\\/it\\\/#website\",\"url\":\"https:\\\/\\\/revolutionpadelstore.com\\\/it\\\/\",\"name\":\"Revolution Padel Store\",\"description\":\"\",\"publisher\":{\"@id\":\"https:\\\/\\\/revolutionpadelstore.com\\\/it\\\/#organization\"},\"potentialAction\":[{\"@type\":\"SearchAction\",\"target\":{\"@type\":\"EntryPoint\",\"urlTemplate\":\"https:\\\/\\\/revolutionpadelstore.com\\\/it\\\/?s={search_term_string}\"},\"query-input\":{\"@type\":\"PropertyValueSpecification\",\"valueRequired\":true,\"valueName\":\"search_term_string\"}}],\"inLanguage\":\"it-IT\"},{\"@type\":\"Organization\",\"@id\":\"https:\\\/\\\/revolutionpadelstore.com\\\/it\\\/#organization\",\"name\":\"Revolution Padel Store\",\"url\":\"https:\\\/\\\/revolutionpadelstore.com\\\/it\\\/\",\"logo\":{\"@type\":\"ImageObject\",\"inLanguage\":\"it-IT\",\"@id\":\"https:\\\/\\\/revolutionpadelstore.com\\\/it\\\/#\\\/schema\\\/logo\\\/image\\\/\",\"url\":\"https:\\\/\\\/revolutionpadelstore.com\\\/wp-content\\\/uploads\\\/2026\\\/02\\\/revolution-padel-store.jpg\",\"contentUrl\":\"https:\\\/\\\/revolutionpadelstore.com\\\/wp-content\\\/uploads\\\/2026\\\/02\\\/revolution-padel-store.jpg\",\"width\":2000,\"height\":2000,\"caption\":\"Revolution Padel Store\"},\"image\":{\"@id\":\"https:\\\/\\\/revolutionpadelstore.com\\\/it\\\/#\\\/schema\\\/logo\\\/image\\\/\"},\"sameAs\":[\"https:\\\/\\\/www.instagram.com\\\/revolutionpadelstore\\\/\"]}]}<\/script>\n<!-- \/ Yoast SEO plugin. -->","yoast_head_json":{"title":"ADIDAS CROSS IT TEAM 2025 - Revolution Padel Store","description":"La Adidas Cross It Team 2025 es la pala perfecta para los jugadores que buscan un equilibrio entre potencia, control y manejabilidad. Dise\u00f1ada con forma de diamante oversize y un balance alto, ofrece una gran superficie de golpeo, ideal para un juego ofensivo lleno de fuerza y precisi\u00f3n. Su construcci\u00f3n con materiales de alta calidad y tecnolog\u00edas innovadoras garantiza un rendimiento superior en cada golpe.","robots":{"index":"index","follow":"follow","max-snippet":"max-snippet:-1","max-image-preview":"max-image-preview:large","max-video-preview":"max-video-preview:-1"},"canonical":"https:\/\/revolutionpadelstore.com\/it\/prodotto\/adidas-cross-it-team-2025-4\/","og_locale":"it_IT","og_type":"article","og_title":"ADIDAS CROSS IT TEAM 2025 - Revolution Padel Store","og_description":"La Adidas Cross It Team 2025 es la pala perfecta para los jugadores que buscan un equilibrio entre potencia, control y manejabilidad. Dise\u00f1ada con forma de diamante oversize y un balance alto, ofrece una gran superficie de golpeo, ideal para un juego ofensivo lleno de fuerza y precisi\u00f3n. Su construcci\u00f3n con materiales de alta calidad y tecnolog\u00edas innovadoras garantiza un rendimiento superior en cada golpe.","og_url":"https:\/\/revolutionpadelstore.com\/it\/prodotto\/adidas-cross-it-team-2025-4\/","og_site_name":"Revolution Padel Store","article_modified_time":"2026-04-08T07:39:46+00:00","og_image":[{"width":1500,"height":1500,"url":"https:\/\/revolutionpadelstore.com\/wp-content\/uploads\/2024\/12\/113681-pala-adidas-cross-lt-team-ar2aa1u231500x1500-1.webp","type":"image\/webp"}],"twitter_card":"summary_large_image","twitter_misc":{"Tempo di lettura stimato":"1 minuto"},"schema":{"@context":"https:\/\/schema.org","@graph":[{"@type":"WebPage","@id":"https:\/\/revolutionpadelstore.com\/it\/prodotto\/adidas-cross-it-team-2025-4\/","url":"https:\/\/revolutionpadelstore.com\/it\/prodotto\/adidas-cross-it-team-2025-4\/","name":"ADIDAS CROSS IT TEAM 2025 - Revolution Padel Store","isPartOf":{"@id":"https:\/\/revolutionpadelstore.com\/it\/#website"},"primaryImageOfPage":{"@id":"https:\/\/revolutionpadelstore.com\/it\/prodotto\/adidas-cross-it-team-2025-4\/#primaryimage"},"image":{"@id":"https:\/\/revolutionpadelstore.com\/it\/prodotto\/adidas-cross-it-team-2025-4\/#primaryimage"},"thumbnailUrl":"https:\/\/revolutionpadelstore.com\/wp-content\/uploads\/2024\/12\/113681-pala-adidas-cross-lt-team-ar2aa1u231500x1500-1.webp","datePublished":"2024-12-08T10:01:21+00:00","dateModified":"2026-04-08T07:39:46+00:00","description":"La Adidas Cross It Team 2025 es la pala perfecta para los jugadores que buscan un equilibrio entre potencia, control y manejabilidad. Dise\u00f1ada con forma de diamante oversize y un balance alto, ofrece una gran superficie de golpeo, ideal para un juego ofensivo lleno de fuerza y precisi\u00f3n. Su construcci\u00f3n con materiales de alta calidad y tecnolog\u00edas innovadoras garantiza un rendimiento superior en cada golpe.","breadcrumb":{"@id":"https:\/\/revolutionpadelstore.com\/it\/prodotto\/adidas-cross-it-team-2025-4\/#breadcrumb"},"inLanguage":"it-IT","potentialAction":[{"@type":"ReadAction","target":["https:\/\/revolutionpadelstore.com\/it\/prodotto\/adidas-cross-it-team-2025-4\/"]}]},{"@type":"ImageObject","inLanguage":"it-IT","@id":"https:\/\/revolutionpadelstore.com\/it\/prodotto\/adidas-cross-it-team-2025-4\/#primaryimage","url":"https:\/\/revolutionpadelstore.com\/wp-content\/uploads\/2024\/12\/113681-pala-adidas-cross-lt-team-ar2aa1u231500x1500-1.webp","contentUrl":"https:\/\/revolutionpadelstore.com\/wp-content\/uploads\/2024\/12\/113681-pala-adidas-cross-lt-team-ar2aa1u231500x1500-1.webp","width":1500,"height":1500},{"@type":"BreadcrumbList","@id":"https:\/\/revolutionpadelstore.com\/it\/prodotto\/adidas-cross-it-team-2025-4\/#breadcrumb","itemListElement":[{"@type":"ListItem","position":1,"name":"Portada","item":"https:\/\/revolutionpadelstore.com\/it\/"},{"@type":"ListItem","position":2,"name":"Tienda","item":"https:\/\/revolutionpadelstore.com\/it\/tienda\/"},{"@type":"ListItem","position":3,"name":"ADIDAS CROSS IT TEAM 2025"}]},{"@type":"WebSite","@id":"https:\/\/revolutionpadelstore.com\/it\/#website","url":"https:\/\/revolutionpadelstore.com\/it\/","name":"Revolution Padel Store","description":"","publisher":{"@id":"https:\/\/revolutionpadelstore.com\/it\/#organization"},"potentialAction":[{"@type":"SearchAction","target":{"@type":"EntryPoint","urlTemplate":"https:\/\/revolutionpadelstore.com\/it\/?s={search_term_string}"},"query-input":{"@type":"PropertyValueSpecification","valueRequired":true,"valueName":"search_term_string"}}],"inLanguage":"it-IT"},{"@type":"Organization","@id":"https:\/\/revolutionpadelstore.com\/it\/#organization","name":"Revolution Padel Store","url":"https:\/\/revolutionpadelstore.com\/it\/","logo":{"@type":"ImageObject","inLanguage":"it-IT","@id":"https:\/\/revolutionpadelstore.com\/it\/#\/schema\/logo\/image\/","url":"https:\/\/revolutionpadelstore.com\/wp-content\/uploads\/2026\/02\/revolution-padel-store.jpg","contentUrl":"https:\/\/revolutionpadelstore.com\/wp-content\/uploads\/2026\/02\/revolution-padel-store.jpg","width":2000,"height":2000,"caption":"Revolution Padel Store"},"image":{"@id":"https:\/\/revolutionpadelstore.com\/it\/#\/schema\/logo\/image\/"},"sameAs":["https:\/\/www.instagram.com\/revolutionpadelstore\/"]}]}},"_links":{"self":[{"href":"https:\/\/revolutionpadelstore.com\/it\/wp-json\/wp\/v2\/product\/153529","targetHints":{"allow":["GET"]}}],"collection":[{"href":"https:\/\/revolutionpadelstore.com\/it\/wp-json\/wp\/v2\/product"}],"about":[{"href":"https:\/\/revolutionpadelstore.com\/it\/wp-json\/wp\/v2\/types\/product"}],"replies":[{"embeddable":true,"href":"https:\/\/revolutionpadelstore.com\/it\/wp-json\/wp\/v2\/comments?post=153529"}],"wp:featuredmedia":[{"embeddable":true,"href":"https:\/\/revolutionpadelstore.com\/it\/wp-json\/wp\/v2\/media\/153488"}],"wp:attachment":[{"href":"https:\/\/revolutionpadelstore.com\/it\/wp-json\/wp\/v2\/media?parent=153529"}],"wp:term":[{"taxonomy":"acabado","embeddable":true,"href":"https:\/\/revolutionpadelstore.com\/it\/wp-json\/wp\/v2\/acabado?post=153529"},{"taxonomy":"balance","embeddable":true,"href":"https:\/\/revolutionpadelstore.com\/it\/wp-json\/wp\/v2\/balance?post=153529"},{"taxonomy":"dureza","embeddable":true,"href":"https:\/\/revolutionpadelstore.com\/it\/wp-json\/wp\/v2\/dureza?post=153529"},{"taxonomy":"forma","embeddable":true,"href":"https:\/\/revolutionpadelstore.com\/it\/wp-json\/wp\/v2\/forma?post=153529"},{"taxonomy":"jugador","embeddable":true,"href":"https:\/\/revolutionpadelstore.com\/it\/wp-json\/wp\/v2\/jugador?post=153529"},{"taxonomy":"marca","embeddable":true,"href":"https:\/\/revolutionpadelstore.com\/it\/wp-json\/wp\/v2\/marca?post=153529"},{"taxonomy":"nivel-de-juego","embeddable":true,"href":"https:\/\/revolutionpadelstore.com\/it\/wp-json\/wp\/v2\/nivel-de-juego?post=153529"},{"taxonomy":"superficie","embeddable":true,"href":"https:\/\/revolutionpadelstore.com\/it\/wp-json\/wp\/v2\/superficie?post=153529"},{"taxonomy":"tipo-de-juego","embeddable":true,"href":"https:\/\/revolutionpadelstore.com\/it\/wp-json\/wp\/v2\/tipo-de-juego?post=153529"},{"taxonomy":"product_brand","embeddable":true,"href":"https:\/\/revolutionpadelstore.com\/it\/wp-json\/wp\/v2\/product_brand?post=153529"},{"taxonomy":"product_cat","embeddable":true,"href":"https:\/\/revolutionpadelstore.com\/it\/wp-json\/wp\/v2\/product_cat?post=153529"},{"taxonomy":"product_tag","embeddable":true,"href":"https:\/\/revolutionpadelstore.com\/it\/wp-json\/wp\/v2\/product_tag?post=153529"}],"curies":[{"name":"wp","href":"https:\/\/api.w.org\/{rel}","templated":true}]}}