{"id":153418,"date":"2024-12-08T10:40:57","date_gmt":"2024-12-08T09:40:57","guid":{"rendered":"https:\/\/revolutionpadelstore.com\/adidas-adipower-carbon-light-2025\/"},"modified":"2026-04-08T09:40:45","modified_gmt":"2026-04-08T07:40:45","slug":"adidas-adipower-carbon-light-2025-4","status":"publish","type":"product","link":"https:\/\/revolutionpadelstore.com\/it\/prodotto\/adidas-adipower-carbon-light-2025-4\/","title":{"rendered":"ADIDAS ADIPOWER CARBON LIGHT 2025"},"content":{"rendered":"<h2> <strong> Adidas Adipower Carbon Light 2025: pala pala leggera e ad alte prestazioni<br \/>\n<strong> Adidas Adipower Carbon Light 2025 <\/strong> \u00e8 una pala con formato rotondo, ideale per coloro che apprezzano la leggerezza senza rinunciare a un gioco preciso e potente. Questo modello integra Adidas Advanced Technologies, fornendo un perfetto equilibrio tra controllo e potenza. Il suo design in toni neri, argentati e bianchi gli conferisce un&#8217;aria moderna e sofisticata, mentre la sua costruzione in carbonio 18k garantisce un&#8217;eccezionale durata.<\/p>\n<h2> <strong> progettato per i giocatori avanzati <\/strong> <\/h2>\n<p>Progettata specificamente per i giocatori esperti, questa pala offre un peso ridotto (345-360 g), che facilita una maggiore manovrabilit\u00e0 e velocit\u00e0 nei movimenti. \u00c8 uno strumento ideale per coloro che cercano precisione nei colpi difensivi, con la capacit\u00e0 di stampare il potere quando il gioco lo richiede. Perfetto per una formazione intensiva e competizioni di alto livello.<\/p>\n<h2> <strong> Specifiche e tecnologie chiave <\/strong> <\/h2>\n<p><P> <strong> -Format: <\/strong> round, ottimizzato per il controllo superiore<br \/>\n<P> <strong> -Peso: <\/strong> tra 345-360 g, ideale per movimenti veloci e confortevoli<\/p>\n<p> <strong> -superficie: <\/strong> prodotto con carbonio 18k, che fornisce una rigidit\u00e0 e una resistenza eccezionali.<br \/>\n<P> <strong> -nucole: <\/strong> EVA Soft Performance, progettata per una maggiore emissione di sfere e comfort nell&#8217;impatto<\/p>\n<p> <strong> -dual Exoscheleton: <\/strong> rafforza sia il nucleo che il telaio, fornendo maggiore stabilit\u00e0.<br \/>\n<P> <strong> -power ambulata cresta: <\/strong> rinforzi di carbonio che aumentano la rigidit\u00e0 nei colpi offensivi.<br \/>\n<P> <strong> -spin stampo lama: <\/strong> texture 3D che consente di applicare effetti con maggiore precisione.<br \/>\n<P> <strong> -Smart Curve: <\/strong> Disposizione strategica dei fori per ottimizzare gli effetti e il controllo<\/p>\n<h2> <strong> Disponibile su Revolution Padel Store <\/strong> <\/h2>\n<p><strong> Adidas Adipower Carbon Light 2025 <\/strong> \u00e8 la scelta ideale per i giocatori avanzati che cercano una pala leggera ed elegante e con i migliori benefici tecnologici. Massimizza la tua agilit\u00e0 e precisione in pista con questo modello di ultima generazione.<\/p>\n<h2><strong>Adidas Adipower Carbon Light 2025: pala de p\u00e1del ligera y de alto rendimiento<\/strong><\/p>\n","protected":false},"excerpt":{"rendered":"<p>La <strong> Adidas Adipower Carbon Light 2025 <\/strong> si distingue per il suo perfetto equilibrio tra leggerezza, controllo e potenza, grazie alla sua tecnologia innovativa. \u00c8 appositamente progettato per i giocatori avanzati che danno la priorit\u00e0 alla precisione e al comfort in ogni movimento all&#8217;interno della pista.<strong>Adidas Adipower Carbon Light 2025<\/strong><\/p>\n","protected":false},"featured_media":153371,"comment_status":"open","ping_status":"closed","template":"","meta":{"_acf_changed":false,"_joinchat":[]},"acabado":[1091],"balance":[1146],"dureza":[1156],"forma":[1181],"jugador":[1196],"marca":[1231],"nivel-de-juego":[1336],"superficie":[1361],"tipo-de-juego":[1371],"product_brand":[],"product_cat":[301],"product_tag":[],"class_list":{"0":"post-153418","1":"product","2":"type-product","3":"status-publish","4":"has-post-thumbnail","6":"acabado-relieve-3d-it","7":"balance-basso","8":"dureza-media-it","9":"forma-rotondo","10":"jugador-mujer-it","11":"marca-adidas-it","12":"superficie-rugosa-it","13":"tipo-de-juego-controllo","14":"product_cat-palas-de-padel-it","16":"first","17":"instock","18":"sale","19":"taxable","20":"shipping-taxable","21":"purchasable","22":"product-type-simple"},"acf":[],"yoast_head":"<!-- This site is optimized with the Yoast SEO plugin v27.4 - https:\/\/yoast.com\/product\/yoast-seo-wordpress\/ -->\n<title>ADIDAS ADIPOWER CARBON LIGHT 2025 - Revolution Padel Store<\/title>\n<meta name=\"description\" content=\"La Adidas Adipower Carbon Light 2025 es una pala de p\u00e1del con formato redondo, ideal para quienes valoran la ligereza sin renunciar a un juego preciso y potente. Este modelo integra tecnolog\u00edas avanzadas de Adidas, proporcionando un equilibrio perfecto entre control y potencia. Su dise\u00f1o en tonos negro, plata y blanco le aporta un aire moderno y sofisticado, mientras que su construcci\u00f3n con carbono 18K garantiza una durabilidad excepcional.\" \/>\n<meta name=\"robots\" content=\"index, follow, max-snippet:-1, max-image-preview:large, max-video-preview:-1\" \/>\n<link rel=\"canonical\" href=\"https:\/\/revolutionpadelstore.com\/it\/prodotto\/adidas-adipower-carbon-light-2025-4\/\" \/>\n<meta property=\"og:locale\" content=\"it_IT\" \/>\n<meta property=\"og:type\" content=\"article\" \/>\n<meta property=\"og:title\" content=\"ADIDAS ADIPOWER CARBON LIGHT 2025 - Revolution Padel Store\" \/>\n<meta property=\"og:description\" content=\"La Adidas Adipower Carbon Light 2025 es una pala de p\u00e1del con formato redondo, ideal para quienes valoran la ligereza sin renunciar a un juego preciso y potente. Este modelo integra tecnolog\u00edas avanzadas de Adidas, proporcionando un equilibrio perfecto entre control y potencia. Su dise\u00f1o en tonos negro, plata y blanco le aporta un aire moderno y sofisticado, mientras que su construcci\u00f3n con carbono 18K garantiza una durabilidad excepcional.\" \/>\n<meta property=\"og:url\" content=\"https:\/\/revolutionpadelstore.com\/it\/prodotto\/adidas-adipower-carbon-light-2025-4\/\" \/>\n<meta property=\"og:site_name\" content=\"Revolution Padel Store\" \/>\n<meta property=\"article:modified_time\" content=\"2026-04-08T07:40:45+00:00\" \/>\n<meta property=\"og:image\" content=\"https:\/\/revolutionpadelstore.com\/wp-content\/uploads\/2024\/12\/113674-pala-adidas-adipower-carbon-light-ar1ca4u681500x1500-1.webp\" \/>\n\t<meta property=\"og:image:width\" content=\"1500\" \/>\n\t<meta property=\"og:image:height\" content=\"1500\" \/>\n\t<meta property=\"og:image:type\" content=\"image\/webp\" \/>\n<meta name=\"twitter:card\" content=\"summary_large_image\" \/>\n<meta name=\"twitter:label1\" content=\"Tempo di lettura stimato\" \/>\n\t<meta name=\"twitter:data1\" content=\"1 minuto\" \/>\n<script type=\"application\/ld+json\" class=\"yoast-schema-graph\">{\"@context\":\"https:\\\/\\\/schema.org\",\"@graph\":[{\"@type\":\"WebPage\",\"@id\":\"https:\\\/\\\/revolutionpadelstore.com\\\/it\\\/prodotto\\\/adidas-adipower-carbon-light-2025-4\\\/\",\"url\":\"https:\\\/\\\/revolutionpadelstore.com\\\/it\\\/prodotto\\\/adidas-adipower-carbon-light-2025-4\\\/\",\"name\":\"ADIDAS ADIPOWER CARBON LIGHT 2025 - Revolution Padel Store\",\"isPartOf\":{\"@id\":\"https:\\\/\\\/revolutionpadelstore.com\\\/it\\\/#website\"},\"primaryImageOfPage\":{\"@id\":\"https:\\\/\\\/revolutionpadelstore.com\\\/it\\\/prodotto\\\/adidas-adipower-carbon-light-2025-4\\\/#primaryimage\"},\"image\":{\"@id\":\"https:\\\/\\\/revolutionpadelstore.com\\\/it\\\/prodotto\\\/adidas-adipower-carbon-light-2025-4\\\/#primaryimage\"},\"thumbnailUrl\":\"https:\\\/\\\/revolutionpadelstore.com\\\/wp-content\\\/uploads\\\/2024\\\/12\\\/113674-pala-adidas-adipower-carbon-light-ar1ca4u681500x1500-1.webp\",\"datePublished\":\"2024-12-08T09:40:57+00:00\",\"dateModified\":\"2026-04-08T07:40:45+00:00\",\"description\":\"La Adidas Adipower Carbon Light 2025 es una pala de p\u00e1del con formato redondo, ideal para quienes valoran la ligereza sin renunciar a un juego preciso y potente. Este modelo integra tecnolog\u00edas avanzadas de Adidas, proporcionando un equilibrio perfecto entre control y potencia. Su dise\u00f1o en tonos negro, plata y blanco le aporta un aire moderno y sofisticado, mientras que su construcci\u00f3n con carbono 18K garantiza una durabilidad excepcional.\",\"breadcrumb\":{\"@id\":\"https:\\\/\\\/revolutionpadelstore.com\\\/it\\\/prodotto\\\/adidas-adipower-carbon-light-2025-4\\\/#breadcrumb\"},\"inLanguage\":\"it-IT\",\"potentialAction\":[{\"@type\":\"ReadAction\",\"target\":[\"https:\\\/\\\/revolutionpadelstore.com\\\/it\\\/prodotto\\\/adidas-adipower-carbon-light-2025-4\\\/\"]}]},{\"@type\":\"ImageObject\",\"inLanguage\":\"it-IT\",\"@id\":\"https:\\\/\\\/revolutionpadelstore.com\\\/it\\\/prodotto\\\/adidas-adipower-carbon-light-2025-4\\\/#primaryimage\",\"url\":\"https:\\\/\\\/revolutionpadelstore.com\\\/wp-content\\\/uploads\\\/2024\\\/12\\\/113674-pala-adidas-adipower-carbon-light-ar1ca4u681500x1500-1.webp\",\"contentUrl\":\"https:\\\/\\\/revolutionpadelstore.com\\\/wp-content\\\/uploads\\\/2024\\\/12\\\/113674-pala-adidas-adipower-carbon-light-ar1ca4u681500x1500-1.webp\",\"width\":1500,\"height\":1500},{\"@type\":\"BreadcrumbList\",\"@id\":\"https:\\\/\\\/revolutionpadelstore.com\\\/it\\\/prodotto\\\/adidas-adipower-carbon-light-2025-4\\\/#breadcrumb\",\"itemListElement\":[{\"@type\":\"ListItem\",\"position\":1,\"name\":\"Portada\",\"item\":\"https:\\\/\\\/revolutionpadelstore.com\\\/it\\\/\"},{\"@type\":\"ListItem\",\"position\":2,\"name\":\"Tienda\",\"item\":\"https:\\\/\\\/revolutionpadelstore.com\\\/it\\\/tienda\\\/\"},{\"@type\":\"ListItem\",\"position\":3,\"name\":\"ADIDAS ADIPOWER CARBON LIGHT 2025\"}]},{\"@type\":\"WebSite\",\"@id\":\"https:\\\/\\\/revolutionpadelstore.com\\\/it\\\/#website\",\"url\":\"https:\\\/\\\/revolutionpadelstore.com\\\/it\\\/\",\"name\":\"Revolution Padel Store\",\"description\":\"\",\"publisher\":{\"@id\":\"https:\\\/\\\/revolutionpadelstore.com\\\/it\\\/#organization\"},\"potentialAction\":[{\"@type\":\"SearchAction\",\"target\":{\"@type\":\"EntryPoint\",\"urlTemplate\":\"https:\\\/\\\/revolutionpadelstore.com\\\/it\\\/?s={search_term_string}\"},\"query-input\":{\"@type\":\"PropertyValueSpecification\",\"valueRequired\":true,\"valueName\":\"search_term_string\"}}],\"inLanguage\":\"it-IT\"},{\"@type\":\"Organization\",\"@id\":\"https:\\\/\\\/revolutionpadelstore.com\\\/it\\\/#organization\",\"name\":\"Revolution Padel Store\",\"url\":\"https:\\\/\\\/revolutionpadelstore.com\\\/it\\\/\",\"logo\":{\"@type\":\"ImageObject\",\"inLanguage\":\"it-IT\",\"@id\":\"https:\\\/\\\/revolutionpadelstore.com\\\/it\\\/#\\\/schema\\\/logo\\\/image\\\/\",\"url\":\"https:\\\/\\\/revolutionpadelstore.com\\\/wp-content\\\/uploads\\\/2026\\\/02\\\/revolution-padel-store.jpg\",\"contentUrl\":\"https:\\\/\\\/revolutionpadelstore.com\\\/wp-content\\\/uploads\\\/2026\\\/02\\\/revolution-padel-store.jpg\",\"width\":2000,\"height\":2000,\"caption\":\"Revolution Padel Store\"},\"image\":{\"@id\":\"https:\\\/\\\/revolutionpadelstore.com\\\/it\\\/#\\\/schema\\\/logo\\\/image\\\/\"},\"sameAs\":[\"https:\\\/\\\/www.instagram.com\\\/revolutionpadelstore\\\/\"]}]}<\/script>\n<!-- \/ Yoast SEO plugin. -->","yoast_head_json":{"title":"ADIDAS ADIPOWER CARBON LIGHT 2025 - Revolution Padel Store","description":"La Adidas Adipower Carbon Light 2025 es una pala de p\u00e1del con formato redondo, ideal para quienes valoran la ligereza sin renunciar a un juego preciso y potente. Este modelo integra tecnolog\u00edas avanzadas de Adidas, proporcionando un equilibrio perfecto entre control y potencia. Su dise\u00f1o en tonos negro, plata y blanco le aporta un aire moderno y sofisticado, mientras que su construcci\u00f3n con carbono 18K garantiza una durabilidad excepcional.","robots":{"index":"index","follow":"follow","max-snippet":"max-snippet:-1","max-image-preview":"max-image-preview:large","max-video-preview":"max-video-preview:-1"},"canonical":"https:\/\/revolutionpadelstore.com\/it\/prodotto\/adidas-adipower-carbon-light-2025-4\/","og_locale":"it_IT","og_type":"article","og_title":"ADIDAS ADIPOWER CARBON LIGHT 2025 - Revolution Padel Store","og_description":"La Adidas Adipower Carbon Light 2025 es una pala de p\u00e1del con formato redondo, ideal para quienes valoran la ligereza sin renunciar a un juego preciso y potente. Este modelo integra tecnolog\u00edas avanzadas de Adidas, proporcionando un equilibrio perfecto entre control y potencia. Su dise\u00f1o en tonos negro, plata y blanco le aporta un aire moderno y sofisticado, mientras que su construcci\u00f3n con carbono 18K garantiza una durabilidad excepcional.","og_url":"https:\/\/revolutionpadelstore.com\/it\/prodotto\/adidas-adipower-carbon-light-2025-4\/","og_site_name":"Revolution Padel Store","article_modified_time":"2026-04-08T07:40:45+00:00","og_image":[{"width":1500,"height":1500,"url":"https:\/\/revolutionpadelstore.com\/wp-content\/uploads\/2024\/12\/113674-pala-adidas-adipower-carbon-light-ar1ca4u681500x1500-1.webp","type":"image\/webp"}],"twitter_card":"summary_large_image","twitter_misc":{"Tempo di lettura stimato":"1 minuto"},"schema":{"@context":"https:\/\/schema.org","@graph":[{"@type":"WebPage","@id":"https:\/\/revolutionpadelstore.com\/it\/prodotto\/adidas-adipower-carbon-light-2025-4\/","url":"https:\/\/revolutionpadelstore.com\/it\/prodotto\/adidas-adipower-carbon-light-2025-4\/","name":"ADIDAS ADIPOWER CARBON LIGHT 2025 - Revolution Padel Store","isPartOf":{"@id":"https:\/\/revolutionpadelstore.com\/it\/#website"},"primaryImageOfPage":{"@id":"https:\/\/revolutionpadelstore.com\/it\/prodotto\/adidas-adipower-carbon-light-2025-4\/#primaryimage"},"image":{"@id":"https:\/\/revolutionpadelstore.com\/it\/prodotto\/adidas-adipower-carbon-light-2025-4\/#primaryimage"},"thumbnailUrl":"https:\/\/revolutionpadelstore.com\/wp-content\/uploads\/2024\/12\/113674-pala-adidas-adipower-carbon-light-ar1ca4u681500x1500-1.webp","datePublished":"2024-12-08T09:40:57+00:00","dateModified":"2026-04-08T07:40:45+00:00","description":"La Adidas Adipower Carbon Light 2025 es una pala de p\u00e1del con formato redondo, ideal para quienes valoran la ligereza sin renunciar a un juego preciso y potente. Este modelo integra tecnolog\u00edas avanzadas de Adidas, proporcionando un equilibrio perfecto entre control y potencia. Su dise\u00f1o en tonos negro, plata y blanco le aporta un aire moderno y sofisticado, mientras que su construcci\u00f3n con carbono 18K garantiza una durabilidad excepcional.","breadcrumb":{"@id":"https:\/\/revolutionpadelstore.com\/it\/prodotto\/adidas-adipower-carbon-light-2025-4\/#breadcrumb"},"inLanguage":"it-IT","potentialAction":[{"@type":"ReadAction","target":["https:\/\/revolutionpadelstore.com\/it\/prodotto\/adidas-adipower-carbon-light-2025-4\/"]}]},{"@type":"ImageObject","inLanguage":"it-IT","@id":"https:\/\/revolutionpadelstore.com\/it\/prodotto\/adidas-adipower-carbon-light-2025-4\/#primaryimage","url":"https:\/\/revolutionpadelstore.com\/wp-content\/uploads\/2024\/12\/113674-pala-adidas-adipower-carbon-light-ar1ca4u681500x1500-1.webp","contentUrl":"https:\/\/revolutionpadelstore.com\/wp-content\/uploads\/2024\/12\/113674-pala-adidas-adipower-carbon-light-ar1ca4u681500x1500-1.webp","width":1500,"height":1500},{"@type":"BreadcrumbList","@id":"https:\/\/revolutionpadelstore.com\/it\/prodotto\/adidas-adipower-carbon-light-2025-4\/#breadcrumb","itemListElement":[{"@type":"ListItem","position":1,"name":"Portada","item":"https:\/\/revolutionpadelstore.com\/it\/"},{"@type":"ListItem","position":2,"name":"Tienda","item":"https:\/\/revolutionpadelstore.com\/it\/tienda\/"},{"@type":"ListItem","position":3,"name":"ADIDAS ADIPOWER CARBON LIGHT 2025"}]},{"@type":"WebSite","@id":"https:\/\/revolutionpadelstore.com\/it\/#website","url":"https:\/\/revolutionpadelstore.com\/it\/","name":"Revolution Padel Store","description":"","publisher":{"@id":"https:\/\/revolutionpadelstore.com\/it\/#organization"},"potentialAction":[{"@type":"SearchAction","target":{"@type":"EntryPoint","urlTemplate":"https:\/\/revolutionpadelstore.com\/it\/?s={search_term_string}"},"query-input":{"@type":"PropertyValueSpecification","valueRequired":true,"valueName":"search_term_string"}}],"inLanguage":"it-IT"},{"@type":"Organization","@id":"https:\/\/revolutionpadelstore.com\/it\/#organization","name":"Revolution Padel Store","url":"https:\/\/revolutionpadelstore.com\/it\/","logo":{"@type":"ImageObject","inLanguage":"it-IT","@id":"https:\/\/revolutionpadelstore.com\/it\/#\/schema\/logo\/image\/","url":"https:\/\/revolutionpadelstore.com\/wp-content\/uploads\/2026\/02\/revolution-padel-store.jpg","contentUrl":"https:\/\/revolutionpadelstore.com\/wp-content\/uploads\/2026\/02\/revolution-padel-store.jpg","width":2000,"height":2000,"caption":"Revolution Padel Store"},"image":{"@id":"https:\/\/revolutionpadelstore.com\/it\/#\/schema\/logo\/image\/"},"sameAs":["https:\/\/www.instagram.com\/revolutionpadelstore\/"]}]}},"_links":{"self":[{"href":"https:\/\/revolutionpadelstore.com\/it\/wp-json\/wp\/v2\/product\/153418","targetHints":{"allow":["GET"]}}],"collection":[{"href":"https:\/\/revolutionpadelstore.com\/it\/wp-json\/wp\/v2\/product"}],"about":[{"href":"https:\/\/revolutionpadelstore.com\/it\/wp-json\/wp\/v2\/types\/product"}],"replies":[{"embeddable":true,"href":"https:\/\/revolutionpadelstore.com\/it\/wp-json\/wp\/v2\/comments?post=153418"}],"wp:featuredmedia":[{"embeddable":true,"href":"https:\/\/revolutionpadelstore.com\/it\/wp-json\/wp\/v2\/media\/153371"}],"wp:attachment":[{"href":"https:\/\/revolutionpadelstore.com\/it\/wp-json\/wp\/v2\/media?parent=153418"}],"wp:term":[{"taxonomy":"acabado","embeddable":true,"href":"https:\/\/revolutionpadelstore.com\/it\/wp-json\/wp\/v2\/acabado?post=153418"},{"taxonomy":"balance","embeddable":true,"href":"https:\/\/revolutionpadelstore.com\/it\/wp-json\/wp\/v2\/balance?post=153418"},{"taxonomy":"dureza","embeddable":true,"href":"https:\/\/revolutionpadelstore.com\/it\/wp-json\/wp\/v2\/dureza?post=153418"},{"taxonomy":"forma","embeddable":true,"href":"https:\/\/revolutionpadelstore.com\/it\/wp-json\/wp\/v2\/forma?post=153418"},{"taxonomy":"jugador","embeddable":true,"href":"https:\/\/revolutionpadelstore.com\/it\/wp-json\/wp\/v2\/jugador?post=153418"},{"taxonomy":"marca","embeddable":true,"href":"https:\/\/revolutionpadelstore.com\/it\/wp-json\/wp\/v2\/marca?post=153418"},{"taxonomy":"nivel-de-juego","embeddable":true,"href":"https:\/\/revolutionpadelstore.com\/it\/wp-json\/wp\/v2\/nivel-de-juego?post=153418"},{"taxonomy":"superficie","embeddable":true,"href":"https:\/\/revolutionpadelstore.com\/it\/wp-json\/wp\/v2\/superficie?post=153418"},{"taxonomy":"tipo-de-juego","embeddable":true,"href":"https:\/\/revolutionpadelstore.com\/it\/wp-json\/wp\/v2\/tipo-de-juego?post=153418"},{"taxonomy":"product_brand","embeddable":true,"href":"https:\/\/revolutionpadelstore.com\/it\/wp-json\/wp\/v2\/product_brand?post=153418"},{"taxonomy":"product_cat","embeddable":true,"href":"https:\/\/revolutionpadelstore.com\/it\/wp-json\/wp\/v2\/product_cat?post=153418"},{"taxonomy":"product_tag","embeddable":true,"href":"https:\/\/revolutionpadelstore.com\/it\/wp-json\/wp\/v2\/product_tag?post=153418"}],"curies":[{"name":"wp","href":"https:\/\/api.w.org\/{rel}","templated":true}]}}